{"id":7512,"date":"2019-05-11T18:38:13","date_gmt":"2019-05-11T16:38:13","guid":{"rendered":"http:\/\/artherapievirtus.org\/vda\/?page_id=7512"},"modified":"2019-05-12T06:08:25","modified_gmt":"2019-05-12T04:08:25","slug":"publications-au-sujet-du-projet-13-or-de-vie","status":"publish","type":"page","link":"https:\/\/artherapievirtus.org\/vda\/publications-au-sujet-du-projet-13-or-de-vie\/","title":{"rendered":"Publications au sujet du projet 13 or de Vie"},"content":{"rendered":"<h4>5-6 mai 2018<\/h4>\n<p><a href=\"https:\/\/artherapievirtus.org\/vda\/wp-content\/uploads\/2019\/05\/Revue-IRFAT-2018001.pdf\" target=\"_blank\" rel=\"noopener noreferrer\"><img loading=\"lazy\" class=\"aligncenter size-medium wp-image-7513\" src=\"https:\/\/artherapievirtus.org\/vda\/wp-content\/uploads\/2019\/05\/Revue-IRFAT-2018032-213x300.jpg\" alt=\"\" width=\"213\" height=\"300\" srcset=\"https:\/\/artherapievirtus.org\/vda\/wp-content\/uploads\/2019\/05\/Revue-IRFAT-2018032-213x300.jpg 213w, https:\/\/artherapievirtus.org\/vda\/wp-content\/uploads\/2019\/05\/Revue-IRFAT-2018032-725x1024.jpg 725w, https:\/\/artherapievirtus.org\/vda\/wp-content\/uploads\/2019\/05\/Revue-IRFAT-2018032-600x847.jpg 600w, https:\/\/artherapievirtus.org\/vda\/wp-content\/uploads\/2019\/05\/Revue-IRFAT-2018032.jpg 1227w\" sizes=\"(max-width: 213px) 100vw, 213px\" \/><\/a><\/p>\n<h5><span style=\"color: #ffb700;\">Clinique du trauma : quand l&rsquo;art-th\u00e9rapeute s&rsquo;en m\u00eale<\/span><\/h5>\n<h6><span style=\"color: #339966;\">Genevi\u00e8ve Bartoli \u2013 superviseur du projet 13 or de vie<\/span><\/h6>\n<p>Page 18<br \/>\n3. LA TRANS-FORME-ACTION<\/p>\n<p>M\u00e9thodologie centrale en art-th\u00e9rapie : l&rsquo;art de transformer des formes par l&rsquo;action artistique dans un certain \u00e9tat de conscience \u00e9largie, qui a \u00e0 la fois une<br \/>\ndimension psychologique et une dimension sociale ; cette transformation de formes stimule par l\u00e0 m\u00eame la transformation du sujet agissant.<\/p>\n<p>Je reprendrai pour l&rsquo;illustrer l&rsquo;exemple du travail de <a href=\"https:\/\/artherapievirtus.org\/vda\/propositions-dateliers\/\" target=\"_blank\" rel=\"noopener noreferrer\">Sonia Winter<\/a> et des participantes \u00e0 son atelier d&rsquo;art-th\u00e9rapie. <strong><span style=\"color: #0000ff;\">8<\/span><\/strong><\/p>\n<p>L&rsquo;une des difficult\u00e9s majeures des patientes depuis l&rsquo;attentat \u00e9tait leur difficult\u00e9 \u00e0 sortir de chez elles qui s&rsquo;\u00e9tait exprim\u00e9e dans la pr\u00e9paration du sc\u00e9nario \u00e0 travers l&rsquo;invisibilit\u00e9 de la menace et leur sentiment de parano\u00efa d\u00e8s qu&rsquo;elles franchissaient une porte. (\u00ab\u00a0Ne pas \u00eatre pr\u00e8s de la porte nous a sauv\u00e9 la vie\u00a0\u00bb). Ainsi, d\u00e8s qu&rsquo;elles se trouvaient dans leur escalier, ayant franchi leur porte d&rsquo;appartement, elles se retrouvaient aux prises avec une pr\u00e9sence terrifiante invisible dans leur dos.<\/p>\n<p>Comment la figurer dans le documentaire ?<\/p>\n<p>Elles choisirent la r\u00e9alisation d&rsquo;un masque qu&rsquo;elles confectionn\u00e8rent et nomm\u00e8rent, non sans humour, PiTi.S.Di. (Post-traumatic stress disorder), dont la repr\u00e9sentation s&rsquo;est transform\u00e9e au cours du processus, symbolisant le monstre, l&rsquo;ombre&#8230; puis \u00e0 la fin Le Mec. Un net processus d&rsquo;humanisation s&rsquo;\u00e9tait ainsi d\u00e9roul\u00e9 dans leur rapport \u00e0 cette menace, aboutissant\u00a0\u00e0 la fin \u00e0 leur prise de conscience qu&rsquo;il leur restait \u00e0 travailler leur rapport \u00e0 l&rsquo;homme, signant en cela la sortie de l&rsquo;ESPT !<\/p>\n<p>Outre la fabrication du masque, qui avait \u00e9t\u00e9 en elle-m\u00eame une sacr\u00e9e exp\u00e9rience de pouvoir co-construire une forme \u00e0 une menace invisible, transformable, palpable et transform\u00e9e, elles ont choisi pour la r\u00e9alisation du docu de jouer \u00e0 tour de r\u00f4le \u00ab\u00a0le monstre\u00a0\u00bb de l&rsquo;autre pendant que l&rsquo;autre \u00ab\u00a0le\u00a0\u00bb filmait.<\/p>\n<p>De r\u00e9p\u00e9titions en r\u00e9p\u00e9titions, de prises d&rsquo;image en reprises d&rsquo;images, vous pouvez facilement imaginer le travail d&rsquo;appropriation, de trans-formes-actions et de transformation que ce processus a engendr\u00e9 pour et chez chacune. Les rushs appartenant aux r\u00e9alisatrices, elles ont beaucoup ri en les visionnant, oeuvre de d\u00e9sanxiog\u00e9nisation !<\/p>\n<p>Je mentionnerai aussi dans ce processus de transform-actions, le temps o\u00f9 les participantes sont all\u00e9es filmer dans le quartier m\u00eame du Bataclan les images qu&rsquo;elles voulaient r\u00e9aliser. Non sans peur, accompagn\u00e9es de stagiaires pour soutenir, elles sont parties cam\u00e9ra en main avec l&rsquo;art-th\u00e9rapeute.<\/p>\n<p>Ce nouveau positionnement d&rsquo;\u00eatre actrices, techniciennes ou camerawomen, source lui aussi d&rsquo;une dimension \u00e9motionnelle forte mais d\u00e9sir\u00e9e, leur a permis de se retrouver enfin \u00e0 nouveau heureuses et dans la rue, qui est l&rsquo;espace social le plus commun !<\/p>\n<p>Ces diff\u00e9rents positionnements d&rsquo;actant sujet (r\u00f4le de fabriquant d&rsquo;accessoires, de cameraman, de preneur de son&#8230; ou de personnages, le monstre, la victime \u2026) ont engendr\u00e9 moult exp\u00e9riences de fusion\/d\u00e9fusion, d&rsquo;identification\/contre-identification, permettant petit\u00a0\u00e0 petit aux patientes de trouver du jeu, comme une pi\u00e8ce qui joue, devient mobile et c&rsquo;est cela quitter l&rsquo;effet traumatique.<\/p>\n<p>Mon ler ma\u00eetre en art-th\u00e9rapie, Jean Pierre Klein, nous disait d\u00e9j\u00e0 il y a 30 ans \u00ab\u00a0la folie c&rsquo;est la fixit\u00e9\u201d. Maintenant on dirait : l&rsquo;effet du trauma c&rsquo;est la fixit\u00e9, le figement si bien nomm\u00e9.<\/p>\n<p>L&rsquo;art-th\u00e9rapie, la dramath\u00e9rapie, permet de cr\u00e9er des jeux, de trouver du jeu et de la mobilit\u00e9, potentialis\u00e9s tant par les mouvements du corps, de l&rsquo;imagination, du ressenti, du cognitif. suscit\u00e9s par l&rsquo;acte cr\u00e9ateur et sollicit\u00e9s par toutes ces exp\u00e9riences art-th\u00e9rapiques engag\u00e9es dans des relations.<\/p>\n<p>LA DISSOCIATION ET SON TRAITEMENT<br \/>\nJ&rsquo;aborde ici la dissociation en tant que m\u00e9canisme de d\u00e9fense inh\u00e9rent \u00e0 l&rsquo;exp\u00e9rience traumatique.<\/p>\n<p>Ce m\u00e9canisme est automatique, involontaire : il est d\u00e9clench\u00e9 par les zones sous-corticales de notre cerveau, chaque fois qu&rsquo;une exp\u00e9rience traumatique nous sort de notre fen\u00eatre de tol\u00e9rance \u00e9motionnelle.<\/p>\n<p>C&rsquo;est un m\u00e9canisme de survie, n\u00e9cessaire dans l&rsquo;instant du trauma, qui d&rsquo;une part, nous permet de moins souffrir (anesth\u00e9sie du syst\u00e8me nerveux) et d&rsquo;autre part, nous permet d&rsquo;\u00eatre moins visible lors de l&rsquo;agression. Mais il ne nous permettra pas, \u00e0 la suite, l&rsquo;int\u00e9gration de cette exp\u00e9rience car elle ne pourra pas \u00eatre dig\u00e9r\u00e9e : la m\u00e9moire traumatique continuera \u00e0 fonctionner en circuit ferm\u00e9, r\u00e9activ\u00e9e au moindre d\u00e9clencheur, car ayant stock\u00e9 des informations dysfonctionnelles.<\/p>\n<p>C&rsquo;est comme si des parties de notre \u00eatre s&rsquo;\u00e9taient coup\u00e9es ou fig\u00e9es \u00ab\u00a0au temps du trauma\u201d, mais continueront \u00e0 exister dans notre int\u00e9riorit\u00e9 en distillant de l&rsquo;ins\u00e9curit\u00e9, de la r\u00e9p\u00e9tition de comportements ou croyances inadapt\u00e9s au pr\u00e9sent.<\/p>\n<p>D&rsquo;o\u00f9 l&rsquo;importance dans un processus de gu\u00e9rison d&rsquo;apprivoiser et prendre en compte ces \u00ab\u00a0parties\u00a0\u00bb internes bless\u00e9es, dissoci\u00e9es ou exil\u00e9es\u2019.<\/p>\n<p><strong><span style=\"color: #0000ff;\">8<\/span><\/strong> <em>atelier s&rsquo;inscrivant dans le cadre du projet 13 or de vie proposant diff\u00e9rents ateliers d&rsquo;art-th\u00e9rapie pour les victimes des attentats de paris, qui s&rsquo;est d\u00e9roul\u00e9 d&rsquo;octobre 2016 \u00e0 janvier 2017.<\/em><\/p>\n<h6><em><span style=\"color: #993300;\">Pour obtenir le pdf de cet article, cliquez sur la couv.<\/span><\/em><\/h6>\n<hr \/>\n<h4>2 juillet 2017<\/h4>\n<p><a href=\"https:\/\/www.thyma.fr\/prise-en-charge-art-therapeutique-dune-victime-indirecte-du-13-novembre-2015-dans-des-reviviscences-de-viols-par-inceste\/\" target=\"_blank\" rel=\"noopener noreferrer\"><img loading=\"lazy\" class=\"aligncenter size-full wp-image-7525\" src=\"https:\/\/artherapievirtus.org\/vda\/wp-content\/uploads\/2019\/05\/LOGO1.jpg\" alt=\"\" width=\"250\" height=\"80\" \/><\/a><\/p>\n<h5><span style=\"color: #ffb700;\">Prise en charge art-th\u00e9rapeutique d&rsquo;une victime indirecte du 13-novembre 2015 dans des reviviscences de viols par inceste<\/span><\/h5>\n<h6><span style=\"color: #339966;\">Emmanuelle Cesari \u2013 Master d\u2019art-th\u00e9rapie \u2013 Paris Pres Sorbonne Cit\u00e9 \u2013 Cheffe du projet 13 or de vie<\/span><\/h6>\n<p>Ateliers d&rsquo;arts plastiques : collage, peinture, mosa\u00efque par <a href=\"https:\/\/artherapievirtus.org\/vda\/propositions-dateliers\/\" target=\"_blank\" rel=\"noopener noreferrer\">Emmanuelle Cesari<\/a>.<\/p>\n<h6><em><span style=\"color: #993300;\">Pour lire l&rsquo;article, cliquez sur le logo de thyma.fr<\/span><\/em><\/h6>\n<div class=\"sharedaddy sd-sharing-enabled\"><div class=\"robots-nocontent sd-block sd-social sd-social-official sd-sharing\"><h3 class=\"sd-title\">Partager\u00a0:<\/h3><div class=\"sd-content\"><ul><li class=\"share-facebook\"><div class=\"fb-share-button\" data-href=\"https:\/\/artherapievirtus.org\/vda\/publications-au-sujet-du-projet-13-or-de-vie\/\" data-layout=\"button_count\"><\/div><\/li><li class=\"share-twitter\"><a href=\"https:\/\/twitter.com\/share\" class=\"twitter-share-button\" data-url=\"https:\/\/artherapievirtus.org\/vda\/publications-au-sujet-du-projet-13-or-de-vie\/\" data-text=\"Publications au sujet du projet 13 or de Vie\"  >Tweet<\/a><\/li><li class=\"share-linkedin\"><div class=\"linkedin_button\"><script type=\"in\/share\" data-url=\"https:\/\/artherapievirtus.org\/vda\/publications-au-sujet-du-projet-13-or-de-vie\/\" data-counter=\"right\"><\/script><\/div><\/li><li><a href=\"#\" class=\"sharing-anchor sd-button share-more\"><span>Plus<\/span><\/a><\/li><li class=\"share-end\"><\/li><\/ul><div class=\"sharing-hidden\"><div class=\"inner\" style=\"display: none;\"><ul><li class=\"share-print\"><a rel=\"nofollow noopener noreferrer\" data-shared=\"\" class=\"share-print sd-button\" href=\"https:\/\/artherapievirtus.org\/vda\/publications-au-sujet-du-projet-13-or-de-vie\/\" target=\"_blank\" title=\"Cliquer pour imprimer\"><span>Imprimer<\/span><\/a><\/li><li class=\"share-email\"><a rel=\"nofollow noopener noreferrer\" data-shared=\"\" class=\"share-email sd-button\" href=\"https:\/\/artherapievirtus.org\/vda\/publications-au-sujet-du-projet-13-or-de-vie\/?share=email\" target=\"_blank\" title=\"Cliquez pour envoyer par e-mail \u00e0 un ami\"><span>E-mail<\/span><\/a><\/li><li class=\"share-end\"><\/li><li class=\"share-end\"><\/li><\/ul><\/div><\/div><\/div><\/div><\/div>","protected":false},"excerpt":{"rendered":"<p>5-6 mai 2018 Clinique du trauma : quand l&rsquo;art-th\u00e9rapeute s&rsquo;en m\u00eale Genevi\u00e8ve Bartoli \u2013 superviseur du projet 13 or de vie Page 18 3. LA TRANS-FORME-ACTION M\u00e9thodologie centrale en art-th\u00e9rapie : l&rsquo;art de transformer des formes par l&rsquo;action artistique dans un certain \u00e9tat de conscience \u00e9largie, qui a \u00e0 la fois une dimension psychologique et&hellip; <\/p>\n<p class=\"toivo-read-more\"><a href=\"https:\/\/artherapievirtus.org\/vda\/publications-au-sujet-du-projet-13-or-de-vie\/\" class=\"more-link\">Lire la suite <span class=\"screen-reader-text\">de<\/span> <span class=\"screen-reader-text\">Publications au sujet du projet 13 or de Vie<\/span><\/a><\/p>\n<div class=\"sharedaddy sd-sharing-enabled\"><div class=\"robots-nocontent sd-block sd-social sd-social-official sd-sharing\"><h3 class=\"sd-title\">Partager\u00a0:<\/h3><div class=\"sd-content\"><ul><li class=\"share-facebook\"><div class=\"fb-share-button\" data-href=\"https:\/\/artherapievirtus.org\/vda\/publications-au-sujet-du-projet-13-or-de-vie\/\" data-layout=\"button_count\"><\/div><\/li><li class=\"share-twitter\"><a href=\"https:\/\/twitter.com\/share\" class=\"twitter-share-button\" data-url=\"https:\/\/artherapievirtus.org\/vda\/publications-au-sujet-du-projet-13-or-de-vie\/\" data-text=\"Publications au sujet du projet 13 or de Vie\"  >Tweet<\/a><\/li><li class=\"share-linkedin\"><div class=\"linkedin_button\"><script type=\"in\/share\" data-url=\"https:\/\/artherapievirtus.org\/vda\/publications-au-sujet-du-projet-13-or-de-vie\/\" data-counter=\"right\"><\/script><\/div><\/li><li><a href=\"#\" class=\"sharing-anchor sd-button share-more\"><span>Plus<\/span><\/a><\/li><li class=\"share-end\"><\/li><\/ul><div class=\"sharing-hidden\"><div class=\"inner\" style=\"display: none;\"><ul><li class=\"share-print\"><a rel=\"nofollow noopener noreferrer\" data-shared=\"\" class=\"share-print sd-button\" href=\"https:\/\/artherapievirtus.org\/vda\/publications-au-sujet-du-projet-13-or-de-vie\/\" target=\"_blank\" title=\"Cliquer pour imprimer\"><span>Imprimer<\/span><\/a><\/li><li class=\"share-email\"><a rel=\"nofollow noopener noreferrer\" data-shared=\"\" class=\"share-email sd-button\" href=\"https:\/\/artherapievirtus.org\/vda\/publications-au-sujet-du-projet-13-or-de-vie\/?share=email\" target=\"_blank\" title=\"Cliquez pour envoyer par e-mail \u00e0 un ami\"><span>E-mail<\/span><\/a><\/li><li class=\"share-end\"><\/li><li class=\"share-end\"><\/li><\/ul><\/div><\/div><\/div><\/div><\/div>","protected":false},"author":2,"featured_media":0,"parent":0,"menu_order":0,"comment_status":"closed","ping_status":"closed","template":"","meta":{"spay_email":""},"yoast_head":"<!-- This site is optimized with the Yoast SEO plugin v17.2.1 - https:\/\/yoast.com\/wordpress\/plugins\/seo\/ -->\n<title>Publications au sujet du projet 13 or de Vie - 13 OR DE VIE \u2013 Victimes des attentats<\/title>\n<meta name=\"robots\" content=\"index, follow, max-snippet:-1, max-image-preview:large, max-video-preview:-1\" \/>\n<link rel=\"canonical\" href=\"https:\/\/artherapievirtus.org\/vda\/publications-au-sujet-du-projet-13-or-de-vie\/\" \/>\n<meta property=\"og:locale\" content=\"fr_FR\" \/>\n<meta property=\"og:type\" content=\"article\" \/>\n<meta property=\"og:title\" content=\"Publications au sujet du projet 13 or de Vie - 13 OR DE VIE \u2013 Victimes des attentats\" \/>\n<meta property=\"og:description\" content=\"5-6 mai 2018 Clinique du trauma : quand l&rsquo;art-th\u00e9rapeute s&rsquo;en m\u00eale Genevi\u00e8ve Bartoli \u2013 superviseur du projet 13 or de vie Page 18 3. LA TRANS-FORME-ACTION M\u00e9thodologie centrale en art-th\u00e9rapie : l&rsquo;art de transformer des formes par l&rsquo;action artistique dans un certain \u00e9tat de conscience \u00e9largie, qui a \u00e0 la fois une dimension psychologique et&hellip; Lire la suite de Publications au sujet du projet 13 or de Vie\" \/>\n<meta property=\"og:url\" content=\"https:\/\/artherapievirtus.org\/vda\/publications-au-sujet-du-projet-13-or-de-vie\/\" \/>\n<meta property=\"og:site_name\" content=\"13 OR DE VIE \u2013 Victimes des attentats\" \/>\n<meta property=\"article:publisher\" content=\"https:\/\/www.facebook.com\/artherapievirtus.org\/\" \/>\n<meta property=\"article:modified_time\" content=\"2019-05-12T04:08:25+00:00\" \/>\n<meta property=\"og:image\" content=\"https:\/\/artherapievirtus.org\/vda\/wp-content\/uploads\/2019\/05\/Revue-IRFAT-2018032-213x300.jpg\" \/>\n<meta name=\"twitter:card\" content=\"summary\" \/>\n<meta name=\"twitter:site\" content=\"@artherapie75\" \/>\n<meta name=\"twitter:label1\" content=\"Dur\u00e9e de lecture estim\u00e9e\" \/>\n\t<meta name=\"twitter:data1\" content=\"4 minutes\" \/>\n<script type=\"application\/ld+json\" class=\"yoast-schema-graph\">{\"@context\":\"https:\/\/schema.org\",\"@graph\":[{\"@type\":\"WebSite\",\"@id\":\"https:\/\/artherapievirtus.org\/vda\/#website\",\"url\":\"https:\/\/artherapievirtus.org\/vda\/\",\"name\":\"13 OR DE VIE \\u2013 Victimes des attentats\",\"description\":\"Ce blogue  13 OR DE VIE est un outil collaboratif pour les ateliers d\\u2019Art-Th\\u00e9rapie  \\u00e0 l\\u2019intention des victimes du terrorisme\",\"potentialAction\":[{\"@type\":\"SearchAction\",\"target\":{\"@type\":\"EntryPoint\",\"urlTemplate\":\"https:\/\/artherapievirtus.org\/vda\/?s={search_term_string}\"},\"query-input\":\"required name=search_term_string\"}],\"inLanguage\":\"fr-FR\"},{\"@type\":\"ImageObject\",\"@id\":\"https:\/\/artherapievirtus.org\/vda\/publications-au-sujet-du-projet-13-or-de-vie\/#primaryimage\",\"inLanguage\":\"fr-FR\",\"url\":\"https:\/\/artherapievirtus.org\/vda\/wp-content\/uploads\/2019\/05\/Revue-IRFAT-2018032.jpg\",\"contentUrl\":\"https:\/\/artherapievirtus.org\/vda\/wp-content\/uploads\/2019\/05\/Revue-IRFAT-2018032.jpg\",\"width\":1227,\"height\":1732},{\"@type\":\"WebPage\",\"@id\":\"https:\/\/artherapievirtus.org\/vda\/publications-au-sujet-du-projet-13-or-de-vie\/#webpage\",\"url\":\"https:\/\/artherapievirtus.org\/vda\/publications-au-sujet-du-projet-13-or-de-vie\/\",\"name\":\"Publications au sujet du projet 13 or de Vie - 13 OR DE VIE \\u2013 Victimes des attentats\",\"isPartOf\":{\"@id\":\"https:\/\/artherapievirtus.org\/vda\/#website\"},\"primaryImageOfPage\":{\"@id\":\"https:\/\/artherapievirtus.org\/vda\/publications-au-sujet-du-projet-13-or-de-vie\/#primaryimage\"},\"datePublished\":\"2019-05-11T16:38:13+00:00\",\"dateModified\":\"2019-05-12T04:08:25+00:00\",\"breadcrumb\":{\"@id\":\"https:\/\/artherapievirtus.org\/vda\/publications-au-sujet-du-projet-13-or-de-vie\/#breadcrumb\"},\"inLanguage\":\"fr-FR\",\"potentialAction\":[{\"@type\":\"ReadAction\",\"target\":[\"https:\/\/artherapievirtus.org\/vda\/publications-au-sujet-du-projet-13-or-de-vie\/\"]}]},{\"@type\":\"BreadcrumbList\",\"@id\":\"https:\/\/artherapievirtus.org\/vda\/publications-au-sujet-du-projet-13-or-de-vie\/#breadcrumb\",\"itemListElement\":[{\"@type\":\"ListItem\",\"position\":1,\"name\":\"Accueil\",\"item\":\"https:\/\/artherapievirtus.org\/vda\/\"},{\"@type\":\"ListItem\",\"position\":2,\"name\":\"Publications au sujet du projet 13 or de Vie\"}]}]}<\/script>\n<!-- \/ Yoast SEO plugin. -->","yoast_head_json":{"title":"Publications au sujet du projet 13 or de Vie - 13 OR DE VIE \u2013 Victimes des attentats","robots":{"index":"index","follow":"follow","max-snippet":"max-snippet:-1","max-image-preview":"max-image-preview:large","max-video-preview":"max-video-preview:-1"},"canonical":"https:\/\/artherapievirtus.org\/vda\/publications-au-sujet-du-projet-13-or-de-vie\/","og_locale":"fr_FR","og_type":"article","og_title":"Publications au sujet du projet 13 or de Vie - 13 OR DE VIE \u2013 Victimes des attentats","og_description":"5-6 mai 2018 Clinique du trauma : quand l&rsquo;art-th\u00e9rapeute s&rsquo;en m\u00eale Genevi\u00e8ve Bartoli \u2013 superviseur du projet 13 or de vie Page 18 3. LA TRANS-FORME-ACTION M\u00e9thodologie centrale en art-th\u00e9rapie : l&rsquo;art de transformer des formes par l&rsquo;action artistique dans un certain \u00e9tat de conscience \u00e9largie, qui a \u00e0 la fois une dimension psychologique et&hellip; Lire la suite de Publications au sujet du projet 13 or de Vie","og_url":"https:\/\/artherapievirtus.org\/vda\/publications-au-sujet-du-projet-13-or-de-vie\/","og_site_name":"13 OR DE VIE \u2013 Victimes des attentats","article_publisher":"https:\/\/www.facebook.com\/artherapievirtus.org\/","article_modified_time":"2019-05-12T04:08:25+00:00","og_image":[{"url":"https:\/\/artherapievirtus.org\/vda\/wp-content\/uploads\/2019\/05\/Revue-IRFAT-2018032-213x300.jpg"}],"twitter_card":"summary","twitter_site":"@artherapie75","twitter_misc":{"Dur\u00e9e de lecture estim\u00e9e":"4 minutes"},"schema":{"@context":"https:\/\/schema.org","@graph":[{"@type":"WebSite","@id":"https:\/\/artherapievirtus.org\/vda\/#website","url":"https:\/\/artherapievirtus.org\/vda\/","name":"13 OR DE VIE \u2013 Victimes des attentats","description":"Ce blogue  13 OR DE VIE est un outil collaboratif pour les ateliers d\u2019Art-Th\u00e9rapie  \u00e0 l\u2019intention des victimes du terrorisme","potentialAction":[{"@type":"SearchAction","target":{"@type":"EntryPoint","urlTemplate":"https:\/\/artherapievirtus.org\/vda\/?s={search_term_string}"},"query-input":"required name=search_term_string"}],"inLanguage":"fr-FR"},{"@type":"ImageObject","@id":"https:\/\/artherapievirtus.org\/vda\/publications-au-sujet-du-projet-13-or-de-vie\/#primaryimage","inLanguage":"fr-FR","url":"https:\/\/artherapievirtus.org\/vda\/wp-content\/uploads\/2019\/05\/Revue-IRFAT-2018032.jpg","contentUrl":"https:\/\/artherapievirtus.org\/vda\/wp-content\/uploads\/2019\/05\/Revue-IRFAT-2018032.jpg","width":1227,"height":1732},{"@type":"WebPage","@id":"https:\/\/artherapievirtus.org\/vda\/publications-au-sujet-du-projet-13-or-de-vie\/#webpage","url":"https:\/\/artherapievirtus.org\/vda\/publications-au-sujet-du-projet-13-or-de-vie\/","name":"Publications au sujet du projet 13 or de Vie - 13 OR DE VIE \u2013 Victimes des attentats","isPartOf":{"@id":"https:\/\/artherapievirtus.org\/vda\/#website"},"primaryImageOfPage":{"@id":"https:\/\/artherapievirtus.org\/vda\/publications-au-sujet-du-projet-13-or-de-vie\/#primaryimage"},"datePublished":"2019-05-11T16:38:13+00:00","dateModified":"2019-05-12T04:08:25+00:00","breadcrumb":{"@id":"https:\/\/artherapievirtus.org\/vda\/publications-au-sujet-du-projet-13-or-de-vie\/#breadcrumb"},"inLanguage":"fr-FR","potentialAction":[{"@type":"ReadAction","target":["https:\/\/artherapievirtus.org\/vda\/publications-au-sujet-du-projet-13-or-de-vie\/"]}]},{"@type":"BreadcrumbList","@id":"https:\/\/artherapievirtus.org\/vda\/publications-au-sujet-du-projet-13-or-de-vie\/#breadcrumb","itemListElement":[{"@type":"ListItem","position":1,"name":"Accueil","item":"https:\/\/artherapievirtus.org\/vda\/"},{"@type":"ListItem","position":2,"name":"Publications au sujet du projet 13 or de Vie"}]}]}},"jetpack_sharing_enabled":true,"jetpack_likes_enabled":true,"_links":{"self":[{"href":"https:\/\/artherapievirtus.org\/vda\/wp-json\/wp\/v2\/pages\/7512"}],"collection":[{"href":"https:\/\/artherapievirtus.org\/vda\/wp-json\/wp\/v2\/pages"}],"about":[{"href":"https:\/\/artherapievirtus.org\/vda\/wp-json\/wp\/v2\/types\/page"}],"author":[{"embeddable":true,"href":"https:\/\/artherapievirtus.org\/vda\/wp-json\/wp\/v2\/users\/2"}],"replies":[{"embeddable":true,"href":"https:\/\/artherapievirtus.org\/vda\/wp-json\/wp\/v2\/comments?post=7512"}],"version-history":[{"count":14,"href":"https:\/\/artherapievirtus.org\/vda\/wp-json\/wp\/v2\/pages\/7512\/revisions"}],"predecessor-version":[{"id":7538,"href":"https:\/\/artherapievirtus.org\/vda\/wp-json\/wp\/v2\/pages\/7512\/revisions\/7538"}],"wp:attachment":[{"href":"https:\/\/artherapievirtus.org\/vda\/wp-json\/wp\/v2\/media?parent=7512"}],"curies":[{"name":"wp","href":"https:\/\/api.w.org\/{rel}","templated":true}]}}