{"id":727,"date":"2016-05-23T11:00:27","date_gmt":"2016-05-23T09:00:27","guid":{"rendered":"http:\/\/artherapievirtus.org\/vda\/?page_id=727"},"modified":"2021-08-16T15:49:28","modified_gmt":"2021-08-16T13:49:28","slug":"cesari-atelier-8-arts-plastiques","status":"publish","type":"page","link":"https:\/\/artherapievirtus.org\/vda\/propositions-dateliers\/cesari-atelier-8-arts-plastiques\/","title":{"rendered":"4\/ Emmanuelle Cesari \u2013 Atelier 8 \u2013 Arts plastiques \u2013 L&rsquo;hypervigilance"},"content":{"rendered":"<h4><span style=\"color: #333399;\"><span style=\"color: #339966;\">4\/ AP = Arts plastiques = Emmanuelle Cesari<\/span><\/span><\/h4>\n<h4><span style=\"color: #993300;\">Atelier sur le th\u00e8me de l\u2019hypervigilance<\/span><\/h4>\n<blockquote><p>\u00ab L\u2019\u00e9ducation artistique, en encourageant le d\u00e9veloppement \u00e9motionnel, peut am\u00e9liorer l\u2019\u00e9quilibre entre ce dernier et le d\u00e9veloppement cognitif et favoriser ainsi une culture de la paix \u00bb<\/p><\/blockquote>\n<p style=\"text-align: right;\">(Damasio, 2006, p 5).<\/p>\n<h4><span style=\"color: #333399;\">Consigne<\/span><\/h4>\n<p>Il n&rsquo;y a pas de consigne pr\u00e9cise.<br \/>\nChacun peut disposer du mat\u00e9riel mis \u00e0 sa disposition.<br \/>\nLe sujet peut-\u00eatre le dragon.<br \/>\nPratiquer le dessin comme un jeu.<br \/>\nTravailler avec des bandes de papier pour faire des volumes.<\/p>\n<h4><span style=\"color: #333399;\">Objectifs<\/span><\/h4>\n<p><span style=\"color: #993300;\">\u2022<\/span> Le traumatisme s&rsquo;est nich\u00e9 dans l&rsquo;appareil psychique du sujet. Essayer de le symboliser.<br \/>\n<span style=\"color: #993300;\">\u2022<\/span> Orienter l&rsquo;agitation du sujet dans un processus de cr\u00e9ativit\u00e9, \u00e9veiller sa curiosit\u00e9 pour l\u2019activit\u00e9 artistique par ces temps d\u2019explorations sensorielles et d\u2019expression non verbale afin de faciliter le l\u00e2cher-prise, apaiser le rythme et la tonalit\u00e9 de la voix, susciter son int\u00e9r\u00eat pour un projet personnel.<\/p>\n<p>Au cours de ce processus, on passe des \u00e9motions aux sentiments. Dans la cr\u00e9ation picturale, le sujet projette, qu\u2019il le veuille ou non, sa vision personnelle de ce qu\u2019il voit ou ressent. L\u2019\u0153uvre se r\u00e9alise au travers des processus \u00ab\u00a0primaire et secondaire se m\u00ealant continument en des retours successifs entre lui et la toile, la toile et lui\u00a0\u00bb (Anzieu &amp; Wiart, 1984, p 28-29). Le travail t\u00e9moigne donc de l\u2019engagement du sujet dans un acte ou une d\u00e9marche cr\u00e9ative.<\/p>\n<p><span style=\"color: #993300;\">\u2022<\/span> L\u2019\u00e9motion esth\u00e9tique est un rouage important, question de go\u00fbt mais avant tout question du sujet\u00a0: \u00ab\u00a0\u00e7a me pla\u00eet ou \u00e7a me pla\u00eet pas\u00a0\u00bb. Construire le dragon est un acte conceptuel artistique cr\u00e9atif qui implique le jeu des cognitions\u00a0: conceptualiser la forme, la nommer.<\/p>\n<hr \/>\n<h4><span style=\"color: #993300;\">Dur\u00e9e<\/span><\/h4>\n<p>Deux heures :<br \/>\nLa dur\u00e9e est assez souple, c&rsquo;est-\u00e0-dire qu&rsquo;au-del\u00e0 d&rsquo;un minimum de temps (1h 30) il est possible de continuer \u2013 selon la pathologie du groupe et des diff\u00e9rents dispositifs. Mais pour notre atelier 1h est suffisante (+ pr\u00e9paration et nettoyage des outils).<\/p>\n<h4><span style=\"color: #993300;\">Participants<\/span><\/h4>\n<p>10 sujets \u2013 1 aide \u2013 1 Art-th\u00e9rapeute<\/p>\n<h4><span style=\"color: #993300;\">Mat\u00e9riel<\/span><\/h4>\n<p><strong><span style=\"color: #008000;\">\u2022<\/span> <\/strong>Je partage la peinture \u00e0 l&rsquo;eau gouache ou acrylique, les pinceaux, les rouleaux<\/p>\n<table style=\"height: 368px;\" width=\"686\">\n<tbody>\n<tr>\n<td width=\"177\">\n<h5>Papier multi-techniques<\/h5>\n<p><em>cultura.com<br \/>\n<\/em><a href=\"http:\/\/www.cultura.com\/bloc-paint-on-a3-30f-250g-nat-3329680965414.html\" target=\"_blank\" rel=\"noopener\">Bloc multi-technique Paint&rsquo;On &#8211; format A3 30 feuilles &#8211; papier 250g nature<\/a>l<a href=\"http:\/\/www.cultura.com\/bloc-paint-on-a4-30f-250g-nat-3329680965407.html\" target=\"_blank\" rel=\"noopener\">Bloc multi-technique Paint&rsquo;On &#8211; format A4 30 feuilles &#8211; papier 250g naturel<\/a><\/p>\n<p><em>beauxarts.fr<\/em><br \/>\n<a href=\"http:\/\/www.geant-beaux-arts.fr\/Nouveautes2016\/Papiers\/Blocs-carnets-et-cahiers\/Paint-On-naturel-250-g-m.html\" target=\"_blank\" rel=\"noopener\">Paint On naturel &#8211; 250 g\/m\u00b2 A3 &#8211; 29,7 x 42 cm &#8211; bloc de 30 feuilles<\/a><br \/>\n<a href=\"http:\/\/www.geant-beaux-arts.fr\/Nouveautes2016\/Papiers\/Blocs-carnets-et-cahiers\/Paint-On-naturel-250-g-m.html\" target=\"_blank\" rel=\"noopener\">Paint On naturel &#8211; 250 g\/m\u00b2 &#8211; A4 &#8211; 14,8 x 21 cm &#8211; bloc de 30 feuilles<\/a><\/td>\n<td width=\"71\">&nbsp;<\/p>\n<p>&nbsp;<\/p>\n<p>30 feuilles<\/p>\n<p>30 feuilles<\/p>\n<p>&nbsp;<\/p>\n<p>30 feuilles<\/p>\n<p>30 feuilles<\/p>\n<p>&nbsp;<\/td>\n<td style=\"text-align: right;\" width=\"71\">&nbsp;<\/p>\n<p><span style=\"color: #800000;\">10,79 \u20ac<\/span><\/p>\n<p><span style=\"color: #800000;\">5,99 \u20ac<\/span><\/p>\n<p>&nbsp;<\/p>\n<p><span style=\"color: #000000;\">14,45 \u20ac<\/span><\/p>\n<p><span style=\"color: #000000;\">7,90 \u20ac<\/span><\/td>\n<\/tr>\n<\/tbody>\n<\/table>\n<h4 style=\"text-align: right;\"><span style=\"color: #800000;\">16,78 \u20ac<\/span><\/h4>\n<h4><span style=\"color: #993300;\">Setting<\/span><\/h4>\n<p>Le groupe est rassembl\u00e9 autour d&rsquo;une table en carr\u00e9. Le support du papier est pos\u00e9 sur la table. Chaque participant a une palette de couleurs devant lui. Si pour des raisons pratiques, la table ne peut \u00eatre d\u2019usage, on peut s\u2019installer \u00e0 m\u00eame le sol.<\/p>\n<hr \/>\n<p>C\u2019est comme si la victime restait dans un \u00e9tat d\u2019alerte permanente, toujours sur ses gardes, en hypervigilance. Par ce fait, on peut constater une baisse de la concentration car se concentrer n\u00e9cessite de faire abstraction de ce qui nous entoure, or pour le moment les sujets n\u2019ont pas assez confiance dans le monde environnant pour faire cela. C\u2019est comme lorsque les soldats plong\u00e9s dans les combats sont oblig\u00e9s de traquer en permanence le moindre bruit, la moindre odeur afin d\u2019assurer leur survie. Les victimes en \u00e9tat de stress sont dans un contexte commun de vie quotidienne en mode combat de mani\u00e8re presque continuelle, il suffit de tr\u00e8s peu d\u2019\u00e9l\u00e9ments pour \u00e9veiller l\u2019\u00e9tat d\u2019alerte. Une r\u00e9action adapt\u00e9e qui nous pr\u00e9pare \u00e0 une agression future peut devenir probl\u00e9matique lorsqu\u2019elle se maintient dans le temps et ne comporte plus de porte de sortie.<\/p>\n<p>Tous nos syst\u00e8mes de repr\u00e9sentation se forgent peu \u00e0 peu au cours de notre \u00e9volution. Les repr\u00e9sentations se mettent en place par association avec nos exp\u00e9riences r\u00e9elles, affectives et lorsque le traumatisme fait irruption dans le psychisme du sujet, il n&rsquo;y a pas de syst\u00e8me de repr\u00e9sentation.<br \/>\nIl n&rsquo;y a rien pour accueillir le traumatisme qui vient de l&rsquo;ext\u00e9rieur.<br \/>\nIl y a l&rsquo;effraction du pare-excitation et l&rsquo;incrustation dans le psychisme de l&rsquo;image de l&rsquo;\u00e9v\u00e9nement et le tout se combine avec le stress.<br \/>\nLe psycho-traumatisme est noy\u00e9 dans le halo de stress.<\/p>\n<p>Cependant, il y a l&rsquo;effraction qui essaye de trouver une repr\u00e9sentation.<br \/>\nC&rsquo;est comme si un corps \u00e9tranger venait se nicher \u00e0 l&rsquo;int\u00e9rieur de la psych\u00e9. Et tout \u00e0 fait comme lorsqu&rsquo;un corps \u00e9tranger p\u00e9n\u00e8tre le corps physique, il y a une r\u00e9action inflammatoire qui a pour but de repousser \u00e0 l&rsquo;ext\u00e9rieur le corps \u00e9tranger.<br \/>\nLes reviviscences sont ces tentatives de repousser le corps \u00e9tranger \u00e0 l&rsquo;ext\u00e9rieur.<\/p>\n<hr \/>\n<p><img loading=\"lazy\" class=\"aligncenter wp-image-5234 \" src=\"http:\/\/artherapievirtus.org\/vda\/wp-content\/uploads\/2016\/05\/Flyer-13-or-de-vie-E-496x1024.jpg\" alt=\"flyer-13-or-de-vie-e\" width=\"322\" height=\"665\" srcset=\"https:\/\/artherapievirtus.org\/vda\/wp-content\/uploads\/2016\/05\/Flyer-13-or-de-vie-E-496x1024.jpg 496w, https:\/\/artherapievirtus.org\/vda\/wp-content\/uploads\/2016\/05\/Flyer-13-or-de-vie-E-145x300.jpg 145w, https:\/\/artherapievirtus.org\/vda\/wp-content\/uploads\/2016\/05\/Flyer-13-or-de-vie-E.jpg 529w\" sizes=\"(max-width: 322px) 100vw, 322px\" \/><\/p>\n<div class=\"sharedaddy sd-sharing-enabled\"><div class=\"robots-nocontent sd-block sd-social sd-social-official sd-sharing\"><h3 class=\"sd-title\">Partager\u00a0:<\/h3><div class=\"sd-content\"><ul><li class=\"share-facebook\"><div class=\"fb-share-button\" data-href=\"https:\/\/artherapievirtus.org\/vda\/propositions-dateliers\/cesari-atelier-8-arts-plastiques\/\" data-layout=\"button_count\"><\/div><\/li><li class=\"share-twitter\"><a href=\"https:\/\/twitter.com\/share\" class=\"twitter-share-button\" data-url=\"https:\/\/artherapievirtus.org\/vda\/propositions-dateliers\/cesari-atelier-8-arts-plastiques\/\" data-text=\"4\/ Emmanuelle Cesari \u2013 Atelier 8 \u2013 Arts plastiques \u2013 L&#039;hypervigilance\"  >Tweet<\/a><\/li><li class=\"share-linkedin\"><div class=\"linkedin_button\"><script type=\"in\/share\" data-url=\"https:\/\/artherapievirtus.org\/vda\/propositions-dateliers\/cesari-atelier-8-arts-plastiques\/\" data-counter=\"right\"><\/script><\/div><\/li><li><a href=\"#\" class=\"sharing-anchor sd-button share-more\"><span>Plus<\/span><\/a><\/li><li class=\"share-end\"><\/li><\/ul><div class=\"sharing-hidden\"><div class=\"inner\" style=\"display: none;\"><ul><li class=\"share-print\"><a rel=\"nofollow noopener noreferrer\" data-shared=\"\" class=\"share-print sd-button\" href=\"https:\/\/artherapievirtus.org\/vda\/propositions-dateliers\/cesari-atelier-8-arts-plastiques\/\" target=\"_blank\" title=\"Cliquer pour imprimer\"><span>Imprimer<\/span><\/a><\/li><li class=\"share-email\"><a rel=\"nofollow noopener noreferrer\" data-shared=\"\" class=\"share-email sd-button\" href=\"https:\/\/artherapievirtus.org\/vda\/propositions-dateliers\/cesari-atelier-8-arts-plastiques\/?share=email\" target=\"_blank\" title=\"Cliquez pour envoyer par e-mail \u00e0 un ami\"><span>E-mail<\/span><\/a><\/li><li class=\"share-end\"><\/li><li class=\"share-end\"><\/li><\/ul><\/div><\/div><\/div><\/div><\/div>","protected":false},"excerpt":{"rendered":"<p>4\/ AP = Arts plastiques = Emmanuelle Cesari Atelier sur le th\u00e8me de l\u2019hypervigilance \u00ab L\u2019\u00e9ducation artistique, en encourageant le d\u00e9veloppement \u00e9motionnel, peut am\u00e9liorer l\u2019\u00e9quilibre entre ce dernier et le d\u00e9veloppement cognitif et favoriser ainsi une culture de la paix \u00bb (Damasio, 2006, p 5). Consigne Il n&rsquo;y a pas de consigne pr\u00e9cise. Chacun peut&hellip; <\/p>\n<p class=\"toivo-read-more\"><a href=\"https:\/\/artherapievirtus.org\/vda\/propositions-dateliers\/cesari-atelier-8-arts-plastiques\/\" class=\"more-link\">Lire la suite <span class=\"screen-reader-text\">de<\/span> <span class=\"screen-reader-text\">4\/ Emmanuelle Cesari \u2013 Atelier 8 \u2013 Arts plastiques \u2013 L&rsquo;hypervigilance<\/span><\/a><\/p>\n<div class=\"sharedaddy sd-sharing-enabled\"><div class=\"robots-nocontent sd-block sd-social sd-social-official sd-sharing\"><h3 class=\"sd-title\">Partager\u00a0:<\/h3><div class=\"sd-content\"><ul><li class=\"share-facebook\"><div class=\"fb-share-button\" data-href=\"https:\/\/artherapievirtus.org\/vda\/propositions-dateliers\/cesari-atelier-8-arts-plastiques\/\" data-layout=\"button_count\"><\/div><\/li><li class=\"share-twitter\"><a href=\"https:\/\/twitter.com\/share\" class=\"twitter-share-button\" data-url=\"https:\/\/artherapievirtus.org\/vda\/propositions-dateliers\/cesari-atelier-8-arts-plastiques\/\" data-text=\"4\/ Emmanuelle Cesari \u2013 Atelier 8 \u2013 Arts plastiques \u2013 L&#039;hypervigilance\"  >Tweet<\/a><\/li><li class=\"share-linkedin\"><div class=\"linkedin_button\"><script type=\"in\/share\" data-url=\"https:\/\/artherapievirtus.org\/vda\/propositions-dateliers\/cesari-atelier-8-arts-plastiques\/\" data-counter=\"right\"><\/script><\/div><\/li><li><a href=\"#\" class=\"sharing-anchor sd-button share-more\"><span>Plus<\/span><\/a><\/li><li class=\"share-end\"><\/li><\/ul><div class=\"sharing-hidden\"><div class=\"inner\" style=\"display: none;\"><ul><li class=\"share-print\"><a rel=\"nofollow noopener noreferrer\" data-shared=\"\" class=\"share-print sd-button\" href=\"https:\/\/artherapievirtus.org\/vda\/propositions-dateliers\/cesari-atelier-8-arts-plastiques\/\" target=\"_blank\" title=\"Cliquer pour imprimer\"><span>Imprimer<\/span><\/a><\/li><li class=\"share-email\"><a rel=\"nofollow noopener noreferrer\" data-shared=\"\" class=\"share-email sd-button\" href=\"https:\/\/artherapievirtus.org\/vda\/propositions-dateliers\/cesari-atelier-8-arts-plastiques\/?share=email\" target=\"_blank\" title=\"Cliquez pour envoyer par e-mail \u00e0 un ami\"><span>E-mail<\/span><\/a><\/li><li class=\"share-end\"><\/li><li class=\"share-end\"><\/li><\/ul><\/div><\/div><\/div><\/div><\/div>","protected":false},"author":3,"featured_media":1119,"parent":552,"menu_order":4,"comment_status":"open","ping_status":"closed","template":"","meta":{"spay_email":""},"yoast_head":"<!-- This site is optimized with the Yoast SEO plugin v17.2.1 - https:\/\/yoast.com\/wordpress\/plugins\/seo\/ -->\n<title>4\/ Emmanuelle Cesari \u2013 Atelier 8 \u2013 Arts plastiques \u2013 L&#039;hypervigilance - 13 OR DE VIE \u2013 Victimes des attentats<\/title>\n<meta name=\"description\" content=\"Atelier 8 \u2013 Arts plastiques, hypervigilance, traumatisme, expression non verbale, l\u00e2cher-prise, processus, cr\u00e9ation picturale\" \/>\n<meta name=\"robots\" content=\"index, follow, max-snippet:-1, max-image-preview:large, max-video-preview:-1\" \/>\n<link rel=\"canonical\" href=\"https:\/\/artherapievirtus.org\/vda\/propositions-dateliers\/cesari-atelier-8-arts-plastiques\/\" \/>\n<meta property=\"og:locale\" content=\"fr_FR\" \/>\n<meta property=\"og:type\" content=\"article\" \/>\n<meta property=\"og:title\" content=\"4\/ Emmanuelle Cesari \u2013 Atelier 8 \u2013 Arts plastiques \u2013 L&#039;hypervigilance - 13 OR DE VIE \u2013 Victimes des attentats\" \/>\n<meta property=\"og:description\" content=\"Atelier 8 \u2013 Arts plastiques, hypervigilance, traumatisme, expression non verbale, l\u00e2cher-prise, processus, cr\u00e9ation picturale\" \/>\n<meta property=\"og:url\" content=\"https:\/\/artherapievirtus.org\/vda\/propositions-dateliers\/cesari-atelier-8-arts-plastiques\/\" \/>\n<meta property=\"og:site_name\" content=\"13 OR DE VIE \u2013 Victimes des attentats\" \/>\n<meta property=\"article:publisher\" content=\"https:\/\/www.facebook.com\/artherapievirtus.org\/\" \/>\n<meta property=\"article:modified_time\" content=\"2021-08-16T13:49:28+00:00\" \/>\n<meta property=\"og:image\" content=\"https:\/\/artherapievirtus.org\/vda\/wp-content\/uploads\/2015\/11\/Identite\u0301-2011-petite-e1468957910544.jpg\" \/>\n\t<meta property=\"og:image:width\" content=\"117\" \/>\n\t<meta property=\"og:image:height\" content=\"154\" \/>\n<meta name=\"twitter:card\" content=\"summary\" \/>\n<meta name=\"twitter:site\" content=\"@artherapie75\" \/>\n<meta name=\"twitter:label1\" content=\"Dur\u00e9e de lecture estim\u00e9e\" \/>\n\t<meta name=\"twitter:data1\" content=\"4 minutes\" \/>\n<script type=\"application\/ld+json\" class=\"yoast-schema-graph\">{\"@context\":\"https:\/\/schema.org\",\"@graph\":[{\"@type\":\"WebSite\",\"@id\":\"https:\/\/artherapievirtus.org\/vda\/#website\",\"url\":\"https:\/\/artherapievirtus.org\/vda\/\",\"name\":\"13 OR DE VIE \\u2013 Victimes des attentats\",\"description\":\"Ce blogue  13 OR DE VIE est un outil collaboratif pour les ateliers d\\u2019Art-Th\\u00e9rapie  \\u00e0 l\\u2019intention des victimes du terrorisme\",\"potentialAction\":[{\"@type\":\"SearchAction\",\"target\":{\"@type\":\"EntryPoint\",\"urlTemplate\":\"https:\/\/artherapievirtus.org\/vda\/?s={search_term_string}\"},\"query-input\":\"required name=search_term_string\"}],\"inLanguage\":\"fr-FR\"},{\"@type\":\"ImageObject\",\"@id\":\"https:\/\/artherapievirtus.org\/vda\/propositions-dateliers\/cesari-atelier-8-arts-plastiques\/#primaryimage\",\"inLanguage\":\"fr-FR\",\"url\":\"https:\/\/artherapievirtus.org\/vda\/wp-content\/uploads\/2015\/11\/Identite\\u0301-2011-petite-e1468957910544.jpg\",\"contentUrl\":\"https:\/\/artherapievirtus.org\/vda\/wp-content\/uploads\/2015\/11\/Identite\\u0301-2011-petite-e1468957910544.jpg\",\"width\":117,\"height\":154},{\"@type\":\"WebPage\",\"@id\":\"https:\/\/artherapievirtus.org\/vda\/propositions-dateliers\/cesari-atelier-8-arts-plastiques\/#webpage\",\"url\":\"https:\/\/artherapievirtus.org\/vda\/propositions-dateliers\/cesari-atelier-8-arts-plastiques\/\",\"name\":\"4\/ Emmanuelle Cesari \\u2013 Atelier 8 \\u2013 Arts plastiques \\u2013 L'hypervigilance - 13 OR DE VIE \\u2013 Victimes des attentats\",\"isPartOf\":{\"@id\":\"https:\/\/artherapievirtus.org\/vda\/#website\"},\"primaryImageOfPage\":{\"@id\":\"https:\/\/artherapievirtus.org\/vda\/propositions-dateliers\/cesari-atelier-8-arts-plastiques\/#primaryimage\"},\"datePublished\":\"2016-05-23T09:00:27+00:00\",\"dateModified\":\"2021-08-16T13:49:28+00:00\",\"description\":\"Atelier 8 \\u2013 Arts plastiques, hypervigilance, traumatisme, expression non verbale, l\\u00e2cher-prise, processus, cr\\u00e9ation picturale\",\"breadcrumb\":{\"@id\":\"https:\/\/artherapievirtus.org\/vda\/propositions-dateliers\/cesari-atelier-8-arts-plastiques\/#breadcrumb\"},\"inLanguage\":\"fr-FR\",\"potentialAction\":[{\"@type\":\"ReadAction\",\"target\":[\"https:\/\/artherapievirtus.org\/vda\/propositions-dateliers\/cesari-atelier-8-arts-plastiques\/\"]}]},{\"@type\":\"BreadcrumbList\",\"@id\":\"https:\/\/artherapievirtus.org\/vda\/propositions-dateliers\/cesari-atelier-8-arts-plastiques\/#breadcrumb\",\"itemListElement\":[{\"@type\":\"ListItem\",\"position\":1,\"name\":\"Accueil\",\"item\":\"https:\/\/artherapievirtus.org\/vda\/\"},{\"@type\":\"ListItem\",\"position\":2,\"name\":\"Propositions d&rsquo;ateliers d&rsquo;Art-Th\\u00e9rapie\",\"item\":\"https:\/\/artherapievirtus.org\/vda\/propositions-dateliers\/\"},{\"@type\":\"ListItem\",\"position\":3,\"name\":\"4\/ Emmanuelle Cesari \\u2013 Atelier 8 \\u2013 Arts plastiques \\u2013 L&rsquo;hypervigilance\"}]}]}<\/script>\n<!-- \/ Yoast SEO plugin. -->","yoast_head_json":{"title":"4\/ Emmanuelle Cesari \u2013 Atelier 8 \u2013 Arts plastiques \u2013 L'hypervigilance - 13 OR DE VIE \u2013 Victimes des attentats","description":"Atelier 8 \u2013 Arts plastiques, hypervigilance, traumatisme, expression non verbale, l\u00e2cher-prise, processus, cr\u00e9ation picturale","robots":{"index":"index","follow":"follow","max-snippet":"max-snippet:-1","max-image-preview":"max-image-preview:large","max-video-preview":"max-video-preview:-1"},"canonical":"https:\/\/artherapievirtus.org\/vda\/propositions-dateliers\/cesari-atelier-8-arts-plastiques\/","og_locale":"fr_FR","og_type":"article","og_title":"4\/ Emmanuelle Cesari \u2013 Atelier 8 \u2013 Arts plastiques \u2013 L'hypervigilance - 13 OR DE VIE \u2013 Victimes des attentats","og_description":"Atelier 8 \u2013 Arts plastiques, hypervigilance, traumatisme, expression non verbale, l\u00e2cher-prise, processus, cr\u00e9ation picturale","og_url":"https:\/\/artherapievirtus.org\/vda\/propositions-dateliers\/cesari-atelier-8-arts-plastiques\/","og_site_name":"13 OR DE VIE \u2013 Victimes des attentats","article_publisher":"https:\/\/www.facebook.com\/artherapievirtus.org\/","article_modified_time":"2021-08-16T13:49:28+00:00","og_image":[{"width":117,"height":154,"url":"https:\/\/artherapievirtus.org\/vda\/wp-content\/uploads\/2015\/11\/Identite\u0301-2011-petite-e1468957910544.jpg","path":"\/home\/artherapq\/www\/vda\/wp-content\/uploads\/2015\/11\/Identite\u0301-2011-petite-e1468957910544.jpg","size":"full","id":1119,"alt":"","pixels":18018,"type":"image\/jpeg"}],"twitter_card":"summary","twitter_site":"@artherapie75","twitter_misc":{"Dur\u00e9e de lecture estim\u00e9e":"4 minutes"},"schema":{"@context":"https:\/\/schema.org","@graph":[{"@type":"WebSite","@id":"https:\/\/artherapievirtus.org\/vda\/#website","url":"https:\/\/artherapievirtus.org\/vda\/","name":"13 OR DE VIE \u2013 Victimes des attentats","description":"Ce blogue  13 OR DE VIE est un outil collaboratif pour les ateliers d\u2019Art-Th\u00e9rapie  \u00e0 l\u2019intention des victimes du terrorisme","potentialAction":[{"@type":"SearchAction","target":{"@type":"EntryPoint","urlTemplate":"https:\/\/artherapievirtus.org\/vda\/?s={search_term_string}"},"query-input":"required name=search_term_string"}],"inLanguage":"fr-FR"},{"@type":"ImageObject","@id":"https:\/\/artherapievirtus.org\/vda\/propositions-dateliers\/cesari-atelier-8-arts-plastiques\/#primaryimage","inLanguage":"fr-FR","url":"https:\/\/artherapievirtus.org\/vda\/wp-content\/uploads\/2015\/11\/Identite\u0301-2011-petite-e1468957910544.jpg","contentUrl":"https:\/\/artherapievirtus.org\/vda\/wp-content\/uploads\/2015\/11\/Identite\u0301-2011-petite-e1468957910544.jpg","width":117,"height":154},{"@type":"WebPage","@id":"https:\/\/artherapievirtus.org\/vda\/propositions-dateliers\/cesari-atelier-8-arts-plastiques\/#webpage","url":"https:\/\/artherapievirtus.org\/vda\/propositions-dateliers\/cesari-atelier-8-arts-plastiques\/","name":"4\/ Emmanuelle Cesari \u2013 Atelier 8 \u2013 Arts plastiques \u2013 L'hypervigilance - 13 OR DE VIE \u2013 Victimes des attentats","isPartOf":{"@id":"https:\/\/artherapievirtus.org\/vda\/#website"},"primaryImageOfPage":{"@id":"https:\/\/artherapievirtus.org\/vda\/propositions-dateliers\/cesari-atelier-8-arts-plastiques\/#primaryimage"},"datePublished":"2016-05-23T09:00:27+00:00","dateModified":"2021-08-16T13:49:28+00:00","description":"Atelier 8 \u2013 Arts plastiques, hypervigilance, traumatisme, expression non verbale, l\u00e2cher-prise, processus, cr\u00e9ation picturale","breadcrumb":{"@id":"https:\/\/artherapievirtus.org\/vda\/propositions-dateliers\/cesari-atelier-8-arts-plastiques\/#breadcrumb"},"inLanguage":"fr-FR","potentialAction":[{"@type":"ReadAction","target":["https:\/\/artherapievirtus.org\/vda\/propositions-dateliers\/cesari-atelier-8-arts-plastiques\/"]}]},{"@type":"BreadcrumbList","@id":"https:\/\/artherapievirtus.org\/vda\/propositions-dateliers\/cesari-atelier-8-arts-plastiques\/#breadcrumb","itemListElement":[{"@type":"ListItem","position":1,"name":"Accueil","item":"https:\/\/artherapievirtus.org\/vda\/"},{"@type":"ListItem","position":2,"name":"Propositions d&rsquo;ateliers d&rsquo;Art-Th\u00e9rapie","item":"https:\/\/artherapievirtus.org\/vda\/propositions-dateliers\/"},{"@type":"ListItem","position":3,"name":"4\/ Emmanuelle Cesari \u2013 Atelier 8 \u2013 Arts plastiques \u2013 L&rsquo;hypervigilance"}]}]}},"jetpack_sharing_enabled":true,"jetpack_likes_enabled":true,"_links":{"self":[{"href":"https:\/\/artherapievirtus.org\/vda\/wp-json\/wp\/v2\/pages\/727"}],"collection":[{"href":"https:\/\/artherapievirtus.org\/vda\/wp-json\/wp\/v2\/pages"}],"about":[{"href":"https:\/\/artherapievirtus.org\/vda\/wp-json\/wp\/v2\/types\/page"}],"author":[{"embeddable":true,"href":"https:\/\/artherapievirtus.org\/vda\/wp-json\/wp\/v2\/users\/3"}],"replies":[{"embeddable":true,"href":"https:\/\/artherapievirtus.org\/vda\/wp-json\/wp\/v2\/comments?post=727"}],"version-history":[{"count":26,"href":"https:\/\/artherapievirtus.org\/vda\/wp-json\/wp\/v2\/pages\/727\/revisions"}],"predecessor-version":[{"id":7782,"href":"https:\/\/artherapievirtus.org\/vda\/wp-json\/wp\/v2\/pages\/727\/revisions\/7782"}],"up":[{"embeddable":true,"href":"https:\/\/artherapievirtus.org\/vda\/wp-json\/wp\/v2\/pages\/552"}],"wp:featuredmedia":[{"embeddable":true,"href":"https:\/\/artherapievirtus.org\/vda\/wp-json\/wp\/v2\/media\/1119"}],"wp:attachment":[{"href":"https:\/\/artherapievirtus.org\/vda\/wp-json\/wp\/v2\/media?parent=727"}],"curies":[{"name":"wp","href":"https:\/\/api.w.org\/{rel}","templated":true}]}}