{"id":668,"date":"2016-05-23T09:00:27","date_gmt":"2016-05-23T07:00:27","guid":{"rendered":"http:\/\/artherapievirtus.org\/vda\/?page_id=668"},"modified":"2021-08-16T16:08:41","modified_gmt":"2021-08-16T14:08:41","slug":"cesari-atelier-mosaique","status":"publish","type":"page","link":"https:\/\/artherapievirtus.org\/vda\/propositions-dateliers\/cesari-atelier-mosaique\/","title":{"rendered":"4\/ Emmanuelle Cesari \u2013 Atelier X \u2013 Mosa\u00efque \u2013 Rassembler \u2013 La coh\u00e9sion de soi"},"content":{"rendered":"<h4><span style=\"color: #333399;\"><span style=\"color: #339966;\">4\/ AP = Arts plastiques = Emmanuelle Cesari<\/span><\/span><\/h4>\n<p>\r\n\t<div class=\"slideshow_container slideshow_container_style-light\" style=\"height: 600px; \" data-slideshow-id=\"556\" data-style-name=\"style-light\" data-style-version=\"2.3.1\" >\r\n\r\n\t\t\t\t\t<div class=\"slideshow_loading_icon\"><\/div>\r\n\t\t\r\n\t\t<div class=\"slideshow_content\" style=\"display: none;\">\r\n\r\n\t\t\t<div class=\"slideshow_view\">\r\n\t\t\t\t<div class=\"slideshow_slide slideshow_slide_image\">\r\n\t\t\t\t\t\t\t\t\t\t\t<img src=\"https:\/\/artherapievirtus.org\/vda\/wp-content\/uploads\/2016\/05\/Atelier-enfant-lien-3.gif\" alt=\"Atelier-enfant-lien-3\" width=\"886\" height=\"664\" \/>\r\n\t\t\t\t\t\t\t\t\t\t<div class=\"slideshow_description_box slideshow_transparent\">\r\n\t\t\t\t\t\t<div class=\"slideshow_title\">Atelier-enfant-lien-3<\/div>\t\t\t\t\t\t\t\t\t\t\t<\/div>\r\n\t\t\t\t<\/div>\r\n\r\n\t\t\t\t\t\t<div style=\"clear: both;\"><\/div><\/div><div class=\"slideshow_view\">\r\n\t\t\t\t<div class=\"slideshow_slide slideshow_slide_image\">\r\n\t\t\t\t\t\t\t\t\t\t\t<img src=\"https:\/\/artherapievirtus.org\/vda\/wp-content\/uploads\/2016\/05\/Atelier-enfant-lien-4.gif\" alt=\"Atelier-enfant-lien-4\" width=\"886\" height=\"664\" \/>\r\n\t\t\t\t\t\t\t\t\t\t<div class=\"slideshow_description_box slideshow_transparent\">\r\n\t\t\t\t\t\t<div class=\"slideshow_title\">Atelier-enfant-lien-4<\/div>\t\t\t\t\t\t\t\t\t\t\t<\/div>\r\n\t\t\t\t<\/div>\r\n\r\n\t\t\t\t\t\t<div style=\"clear: both;\"><\/div><\/div><div class=\"slideshow_view\">\r\n\t\t\t\t<div class=\"slideshow_slide slideshow_slide_image\">\r\n\t\t\t\t\t\t\t\t\t\t\t<img src=\"https:\/\/artherapievirtus.org\/vda\/wp-content\/uploads\/2016\/05\/Atelier-enfant-lien-2.gif\" alt=\"Atelier-enfant-lien-2\" width=\"886\" height=\"664\" \/>\r\n\t\t\t\t\t\t\t\t\t\t<div class=\"slideshow_description_box slideshow_transparent\">\r\n\t\t\t\t\t\t<div class=\"slideshow_title\">Atelier-enfant-lien-2<\/div>\t\t\t\t\t\t\t\t\t\t\t<\/div>\r\n\t\t\t\t<\/div>\r\n\r\n\t\t\t\t\t\t<div style=\"clear: both;\"><\/div><\/div><div class=\"slideshow_view\">\r\n\t\t\t\t<div class=\"slideshow_slide slideshow_slide_image\">\r\n\t\t\t\t\t\t\t\t\t\t\t<img src=\"https:\/\/artherapievirtus.org\/vda\/wp-content\/uploads\/2016\/05\/Atelier-enfant-lien-1.gif\" alt=\"Atelier-enfant-lien-1\" width=\"886\" height=\"664\" \/>\r\n\t\t\t\t\t\t\t\t\t\t<div class=\"slideshow_description_box slideshow_transparent\">\r\n\t\t\t\t\t\t<div class=\"slideshow_title\">Atelier-enfant-lien-1<\/div>\t\t\t\t\t\t\t\t\t\t\t<\/div>\r\n\t\t\t\t<\/div>\r\n\r\n\t\t\t\t\t\t<div style=\"clear: both;\"><\/div><\/div>\r\n\t\t<\/div>\r\n\r\n\t\t<div class=\"slideshow_controlPanel slideshow_transparent\" style=\"display: none;\"><ul><li class=\"slideshow_togglePlay\" data-play-text=\"Play\" data-pause-text=\"Pause\"><\/li><\/ul><\/div>\r\n\r\n\t\t<div class=\"slideshow_button slideshow_previous slideshow_transparent\" role=\"button\" data-previous-text=\"Pr\u00e9c\u00e9dent\" style=\"display: none;\"><\/div>\r\n\t\t<div class=\"slideshow_button slideshow_next slideshow_transparent\" role=\"button\" data-next-text=\"Suivant\" style=\"display: none;\"><\/div>\r\n\r\n\t\t<div class=\"slideshow_pagination\" style=\"display: none;\" data-go-to-text=\"Go to slide\"><div class=\"slideshow_pagination_center\"><\/div><\/div>\r\n\r\n\t\t<!-- WordPress Slideshow Version 2.3.1 -->\r\n\r\n\t\t\t<\/div>\r\n\r\n<br \/>\nOutre le cot\u00e9 motricit\u00e9 du mouvement et travail de la force pour la r\u00e9\u00e9ducation fonctionnelle, la r\u00e9alisation d\u2019une \u0153uvre tesselle par tesselle pour former au final un tout, canalise l\u2019attention et stimule la concentration et la cr\u00e9ativit\u00e9, qu\u2019elle soit celle d\u2019un individu, ou interagisse sur la dynamique d\u2019un groupe.<br \/>\nDans ce parcours la mosa\u00efste-art-th\u00e9rapeute occupe la place d\u2019un tiers qui permet au sujet de mettre en forme ce qui est informe et accueille ce que l\u2019autre fait sortir de lui, entend ce qui est \u00ab in-ou\u00ef \u00bb. En autorisant \u00e0 \u00ab vivre \u00bb ce qui a surgi au cours de l\u2019exp\u00e9rience, en le repla\u00e7ant dans le r\u00e9el, le tiers permet le passage de la forme \u00ab fantasm\u00e9e \u00bb \u00e0 la forme \u00ab r\u00e9elle \u00bb.<\/p>\n<h4><span style=\"color: #993300;\">Atelier sur le th\u00e8me de la coh\u00e9sion de soi<\/span><\/h4>\n<p>Cet atelier devrait \u00eatre un peu plus joyeux, la joie nous sert de guide pour reconnaitre les bonnes relations.<\/p>\n<h4><span style=\"color: #333399;\">Consigne<\/span><\/h4>\n<p>Reprendre le collage de la premi\u00e8re s\u00e9ance<\/p>\n<h4><span style=\"color: #333399;\">Objectifs<\/span><\/h4>\n<p><span style=\"color: #993300;\">\u2022<\/span> Acc\u00e9der \u00e0 un mieux-\u00eatre en (re)trouvant\u00a0:<br \/>\nun lien moins probl\u00e9matique \u00e0 son entourage r\u00e9el,<br \/>\nune reconnexion \u00e0 son corps dans l\u2019action de cr\u00e9er ;<br \/>\n<span style=\"color: #993300;\">\u2022<\/span> Avoir une possibilit\u00e9 d\u2019exprimer ses affects par le processus cr\u00e9atif.<\/p>\n<hr \/>\n<h4><span style=\"color: #993300;\">Dur\u00e9e<\/span><\/h4>\n<p>Deux heures :<\/p>\n<h4><span style=\"color: #993300;\">Participants<\/span><\/h4>\n<p>10 sujets \u2013 1 aide \u2013 1 Art-th\u00e9rapeute<\/p>\n<h4><span style=\"color: #993300;\">Mat\u00e9riel<\/span><\/h4>\n<p>Tessels<br \/>\ncolle<br \/>\nPlanches de contre plaqu\u00e9<br \/>\nPapier calque<br \/>\nhttp:\/\/www.cultura.com<br \/>\nhttp:\/\/www.geant-beaux-arts.fr<\/p>\n<table style=\"height: 251px;\" width=\"450\">\n<tbody>\n<tr>\n<td width=\"177\"><em>Mosa\u00efque<\/em><br \/>\n<em>cultura.com<\/em><br \/>\n<a href=\"http:\/\/www.cultura.com\/seau-1kg-mosa-1cm-teintes-ass-seau-1kg-mosaique-1cm-teintes-assorties-4006166543753.html\" target=\"_blank\" rel=\"noopener\">Sceau 1kg mosaique 1cm couleurs m\u00e9lang\u00e9es<\/a><br \/>\n<em>championnet-carrelages.com<\/em><br \/>\n<a href=\"http:\/\/www.championnet-carrelages.com\/33-emaux-de-briare-gamme-harmonie-25-x-25-cm-en-vrac\" target=\"_blank\" rel=\"noopener\">Emaux de Briare &#8211; Gamme Harmonie 2,5 x 2,5 cm, en vrac 1 kg<\/a><\/td>\n<td width=\"71\">&nbsp;<\/p>\n<p>17,99 \u20ac x 5<\/p>\n<p>12,50 \u20ac x 5<\/td>\n<td style=\"text-align: right;\" width=\"71\">&nbsp;<\/p>\n<p>89,95 \u20ac<\/p>\n<p><span style=\"color: #800000;\">62,50 \u20ac<\/span><\/td>\n<\/tr>\n<tr>\n<td width=\"177\"><em>Colle \u00e0 mosa\u00efque<\/em><br \/>\n<em>cultura.com<\/em><br \/>\n<a href=\"http:\/\/www.cultura.com\/colle-blanche-mosaique-100ml-colle-blanche-mosaique-100ml-3576846300132.html\" target=\"_blank\" rel=\"noopener\">Colle blanche mosa\u00efque 100ml<\/a><br \/>\n<em>championnet-carrelages.com<\/em><br \/>\n<a href=\"http:\/\/www.championnet-carrelages.com\/colles\/4254-colle-vinylique-100-ml.html\" target=\"_blank\" rel=\"noopener\">Colle Vinylique 100 ml<\/a><\/td>\n<td width=\"71\">&nbsp;<\/p>\n<p>4,69 \u20ac x 5<\/p>\n<p>3 \u20ac x 5<\/td>\n<td style=\"text-align: right;\" width=\"71\">&nbsp;<\/p>\n<p>23,45 \u20ac<\/p>\n<p><span style=\"color: #800000;\">15 \u20ac<\/span><\/td>\n<\/tr>\n<tr>\n<td width=\"177\"><em>Planche en bois<\/em><br \/>\n<em>cultura.com<\/em><br \/>\n<a href=\"http:\/\/www.cultura.com\/planche-a-decouper-en-bois-planche-a-decouper-en-bois-avec-manche-3700408303082.html\" target=\"_blank\" rel=\"noopener\">Planche \u00e0 d\u00e9couper en bois 27 cm<\/a><br \/>\n<em>championnet-carrelages.com<\/em><br \/>\n<a href=\"http:\/\/www.championnet-carrelages.com\/recherche?search_query=planche&amp;orderby=position&amp;orderway=desc\" target=\"_blank\" rel=\"noopener\">Planchette \u00e0 d\u00e9couper 22 cm<\/a><\/td>\n<td width=\"71\">&nbsp;<\/p>\n<p>2,69 \u20ac x 10<\/p>\n<p>3,81 \u20ac x 10<\/td>\n<td style=\"text-align: right;\" width=\"71\">&nbsp;<\/p>\n<p><span style=\"color: #800000;\">26,90 \u20ac<\/span><\/p>\n<p>38,10 \u20ac<\/td>\n<\/tr>\n<tr>\n<td width=\"177\"><em>Joint mosa\u00efque<\/em><br \/>\n<em>cultura.com<\/em><br \/>\n<a href=\"http:\/\/www.cultura.com\/colle-joint-speciale-mosaique-colle-joint-speciale-mosaique-1000g-3576846300125.html\" target=\"_blank\" rel=\"noopener\">Colle joint &#8211; sp\u00e9ciale mosa\u00efque 1kg<\/a><br \/>\n<em>championnet-carrelages.com<\/em><br \/>\n<a href=\"http:\/\/www.championnet-carrelages.com\/joints\/4510-joint-lys-blanc-1kg.html\" target=\"_blank\" rel=\"noopener\">Joint Lys Blanc 1Kg<\/a><\/td>\n<td width=\"71\">&nbsp;<\/p>\n<p>9,99 \u20ac<\/p>\n<p>9 \u20ac<\/td>\n<td style=\"text-align: right;\" width=\"71\">&nbsp;<\/p>\n<p><span style=\"color: #000000;\">9,99 \u20ac<\/span><\/p>\n<p><span style=\"color: #800000;\">9 \u20ac<\/span><\/td>\n<\/tr>\n<\/tbody>\n<\/table>\n<h4 style=\"text-align: right;\"><span style=\"color: #800000;\">113,40 \u20ac<\/span><\/h4>\n<h4><span style=\"color: #993300;\">Setting<\/span><\/h4>\n<p>L&rsquo;organisation de la salle, de l&rsquo;espace :<\/p>\n<p>Rangement \u2013 20 mn<\/p>\n<hr \/>\n<p><img loading=\"lazy\" class=\"aligncenter wp-image-5234 \" src=\"http:\/\/artherapievirtus.org\/vda\/wp-content\/uploads\/2016\/05\/Flyer-13-or-de-vie-E-496x1024.jpg\" alt=\"flyer-13-or-de-vie-e\" width=\"345\" height=\"712\" srcset=\"https:\/\/artherapievirtus.org\/vda\/wp-content\/uploads\/2016\/05\/Flyer-13-or-de-vie-E-496x1024.jpg 496w, https:\/\/artherapievirtus.org\/vda\/wp-content\/uploads\/2016\/05\/Flyer-13-or-de-vie-E-145x300.jpg 145w, https:\/\/artherapievirtus.org\/vda\/wp-content\/uploads\/2016\/05\/Flyer-13-or-de-vie-E.jpg 529w\" sizes=\"(max-width: 345px) 100vw, 345px\" \/><\/p>\n<div class=\"sharedaddy sd-sharing-enabled\"><div class=\"robots-nocontent sd-block sd-social sd-social-official sd-sharing\"><h3 class=\"sd-title\">Partager\u00a0:<\/h3><div class=\"sd-content\"><ul><li class=\"share-facebook\"><div class=\"fb-share-button\" data-href=\"https:\/\/artherapievirtus.org\/vda\/propositions-dateliers\/cesari-atelier-mosaique\/\" data-layout=\"button_count\"><\/div><\/li><li class=\"share-twitter\"><a href=\"https:\/\/twitter.com\/share\" class=\"twitter-share-button\" data-url=\"https:\/\/artherapievirtus.org\/vda\/propositions-dateliers\/cesari-atelier-mosaique\/\" data-text=\"4\/ Emmanuelle Cesari \u2013 Atelier X \u2013 Mosa\u00efque \u2013 Rassembler \u2013 La coh\u00e9sion de soi\"  >Tweet<\/a><\/li><li class=\"share-linkedin\"><div class=\"linkedin_button\"><script type=\"in\/share\" data-url=\"https:\/\/artherapievirtus.org\/vda\/propositions-dateliers\/cesari-atelier-mosaique\/\" data-counter=\"right\"><\/script><\/div><\/li><li><a href=\"#\" class=\"sharing-anchor sd-button share-more\"><span>Plus<\/span><\/a><\/li><li class=\"share-end\"><\/li><\/ul><div class=\"sharing-hidden\"><div class=\"inner\" style=\"display: none;\"><ul><li class=\"share-print\"><a rel=\"nofollow noopener noreferrer\" data-shared=\"\" class=\"share-print sd-button\" href=\"https:\/\/artherapievirtus.org\/vda\/propositions-dateliers\/cesari-atelier-mosaique\/\" target=\"_blank\" title=\"Cliquer pour imprimer\"><span>Imprimer<\/span><\/a><\/li><li class=\"share-email\"><a rel=\"nofollow noopener noreferrer\" data-shared=\"\" class=\"share-email sd-button\" href=\"https:\/\/artherapievirtus.org\/vda\/propositions-dateliers\/cesari-atelier-mosaique\/?share=email\" target=\"_blank\" title=\"Cliquez pour envoyer par e-mail \u00e0 un ami\"><span>E-mail<\/span><\/a><\/li><li class=\"share-end\"><\/li><li class=\"share-end\"><\/li><\/ul><\/div><\/div><\/div><\/div><\/div>","protected":false},"excerpt":{"rendered":"<p>4\/ AP = Arts plastiques = Emmanuelle Cesari Outre le cot\u00e9 motricit\u00e9 du mouvement et travail de la force pour la r\u00e9\u00e9ducation fonctionnelle, la r\u00e9alisation d\u2019une \u0153uvre tesselle par tesselle pour former au final un tout, canalise l\u2019attention et stimule la concentration et la cr\u00e9ativit\u00e9, qu\u2019elle soit celle d\u2019un individu, ou interagisse sur la dynamique&hellip; <\/p>\n<p class=\"toivo-read-more\"><a href=\"https:\/\/artherapievirtus.org\/vda\/propositions-dateliers\/cesari-atelier-mosaique\/\" class=\"more-link\">Lire la suite <span class=\"screen-reader-text\">de<\/span> <span class=\"screen-reader-text\">4\/ Emmanuelle Cesari \u2013 Atelier X \u2013 Mosa\u00efque \u2013 Rassembler \u2013 La coh\u00e9sion de soi<\/span><\/a><\/p>\n<div class=\"sharedaddy sd-sharing-enabled\"><div class=\"robots-nocontent sd-block sd-social sd-social-official sd-sharing\"><h3 class=\"sd-title\">Partager\u00a0:<\/h3><div class=\"sd-content\"><ul><li class=\"share-facebook\"><div class=\"fb-share-button\" data-href=\"https:\/\/artherapievirtus.org\/vda\/propositions-dateliers\/cesari-atelier-mosaique\/\" data-layout=\"button_count\"><\/div><\/li><li class=\"share-twitter\"><a href=\"https:\/\/twitter.com\/share\" class=\"twitter-share-button\" data-url=\"https:\/\/artherapievirtus.org\/vda\/propositions-dateliers\/cesari-atelier-mosaique\/\" data-text=\"4\/ Emmanuelle Cesari \u2013 Atelier X \u2013 Mosa\u00efque \u2013 Rassembler \u2013 La coh\u00e9sion de soi\"  >Tweet<\/a><\/li><li class=\"share-linkedin\"><div class=\"linkedin_button\"><script type=\"in\/share\" data-url=\"https:\/\/artherapievirtus.org\/vda\/propositions-dateliers\/cesari-atelier-mosaique\/\" data-counter=\"right\"><\/script><\/div><\/li><li><a href=\"#\" class=\"sharing-anchor sd-button share-more\"><span>Plus<\/span><\/a><\/li><li class=\"share-end\"><\/li><\/ul><div class=\"sharing-hidden\"><div class=\"inner\" style=\"display: none;\"><ul><li class=\"share-print\"><a rel=\"nofollow noopener noreferrer\" data-shared=\"\" class=\"share-print sd-button\" href=\"https:\/\/artherapievirtus.org\/vda\/propositions-dateliers\/cesari-atelier-mosaique\/\" target=\"_blank\" title=\"Cliquer pour imprimer\"><span>Imprimer<\/span><\/a><\/li><li class=\"share-email\"><a rel=\"nofollow noopener noreferrer\" data-shared=\"\" class=\"share-email sd-button\" href=\"https:\/\/artherapievirtus.org\/vda\/propositions-dateliers\/cesari-atelier-mosaique\/?share=email\" target=\"_blank\" title=\"Cliquez pour envoyer par e-mail \u00e0 un ami\"><span>E-mail<\/span><\/a><\/li><li class=\"share-end\"><\/li><li class=\"share-end\"><\/li><\/ul><\/div><\/div><\/div><\/div><\/div>","protected":false},"author":3,"featured_media":1119,"parent":552,"menu_order":4,"comment_status":"open","ping_status":"closed","template":"","meta":{"spay_email":""},"yoast_head":"<!-- This site is optimized with the Yoast SEO plugin v17.2.1 - https:\/\/yoast.com\/wordpress\/plugins\/seo\/ -->\n<title>4\/ Emmanuelle Cesari \u2013 Atelier X \u2013 Mosa\u00efque \u2013 Rassembler \u2013 La coh\u00e9sion de soi - 13 OR DE VIE \u2013 Victimes des attentats<\/title>\n<meta name=\"description\" content=\"Atelier X \u2013 Mosa\u00efque \u2013 Rassembler \u2013 La coh\u00e9sion de soi, motricit\u00e9 du mouvement, tesselle par tesselle, mettre en forme ce qui est informe\" \/>\n<meta name=\"robots\" content=\"index, follow, max-snippet:-1, max-image-preview:large, max-video-preview:-1\" \/>\n<link rel=\"canonical\" href=\"https:\/\/artherapievirtus.org\/vda\/propositions-dateliers\/cesari-atelier-mosaique\/\" \/>\n<meta property=\"og:locale\" content=\"fr_FR\" \/>\n<meta property=\"og:type\" content=\"article\" \/>\n<meta property=\"og:title\" content=\"4\/ Emmanuelle Cesari \u2013 Atelier X \u2013 Mosa\u00efque \u2013 Rassembler \u2013 La coh\u00e9sion de soi - 13 OR DE VIE \u2013 Victimes des attentats\" \/>\n<meta property=\"og:description\" content=\"Atelier X \u2013 Mosa\u00efque \u2013 Rassembler \u2013 La coh\u00e9sion de soi, motricit\u00e9 du mouvement, tesselle par tesselle, mettre en forme ce qui est informe\" \/>\n<meta property=\"og:url\" content=\"https:\/\/artherapievirtus.org\/vda\/propositions-dateliers\/cesari-atelier-mosaique\/\" \/>\n<meta property=\"og:site_name\" content=\"13 OR DE VIE \u2013 Victimes des attentats\" \/>\n<meta property=\"article:publisher\" content=\"https:\/\/www.facebook.com\/artherapievirtus.org\/\" \/>\n<meta property=\"article:modified_time\" content=\"2021-08-16T14:08:41+00:00\" \/>\n<meta property=\"og:image\" content=\"https:\/\/artherapievirtus.org\/vda\/wp-content\/uploads\/2015\/11\/Identite\u0301-2011-petite-e1468957910544.jpg\" \/>\n\t<meta property=\"og:image:width\" content=\"117\" \/>\n\t<meta property=\"og:image:height\" content=\"154\" \/>\n<meta name=\"twitter:card\" content=\"summary\" \/>\n<meta name=\"twitter:site\" content=\"@artherapie75\" \/>\n<meta name=\"twitter:label1\" content=\"Dur\u00e9e de lecture estim\u00e9e\" \/>\n\t<meta name=\"twitter:data1\" content=\"2 minutes\" \/>\n<script type=\"application\/ld+json\" class=\"yoast-schema-graph\">{\"@context\":\"https:\/\/schema.org\",\"@graph\":[{\"@type\":\"WebSite\",\"@id\":\"https:\/\/artherapievirtus.org\/vda\/#website\",\"url\":\"https:\/\/artherapievirtus.org\/vda\/\",\"name\":\"13 OR DE VIE \\u2013 Victimes des attentats\",\"description\":\"Ce blogue  13 OR DE VIE est un outil collaboratif pour les ateliers d\\u2019Art-Th\\u00e9rapie  \\u00e0 l\\u2019intention des victimes du terrorisme\",\"potentialAction\":[{\"@type\":\"SearchAction\",\"target\":{\"@type\":\"EntryPoint\",\"urlTemplate\":\"https:\/\/artherapievirtus.org\/vda\/?s={search_term_string}\"},\"query-input\":\"required name=search_term_string\"}],\"inLanguage\":\"fr-FR\"},{\"@type\":\"ImageObject\",\"@id\":\"https:\/\/artherapievirtus.org\/vda\/propositions-dateliers\/cesari-atelier-mosaique\/#primaryimage\",\"inLanguage\":\"fr-FR\",\"url\":\"https:\/\/artherapievirtus.org\/vda\/wp-content\/uploads\/2015\/11\/Identite\\u0301-2011-petite-e1468957910544.jpg\",\"contentUrl\":\"https:\/\/artherapievirtus.org\/vda\/wp-content\/uploads\/2015\/11\/Identite\\u0301-2011-petite-e1468957910544.jpg\",\"width\":117,\"height\":154},{\"@type\":\"WebPage\",\"@id\":\"https:\/\/artherapievirtus.org\/vda\/propositions-dateliers\/cesari-atelier-mosaique\/#webpage\",\"url\":\"https:\/\/artherapievirtus.org\/vda\/propositions-dateliers\/cesari-atelier-mosaique\/\",\"name\":\"4\/ Emmanuelle Cesari \\u2013 Atelier X \\u2013 Mosa\\u00efque \\u2013 Rassembler \\u2013 La coh\\u00e9sion de soi - 13 OR DE VIE \\u2013 Victimes des attentats\",\"isPartOf\":{\"@id\":\"https:\/\/artherapievirtus.org\/vda\/#website\"},\"primaryImageOfPage\":{\"@id\":\"https:\/\/artherapievirtus.org\/vda\/propositions-dateliers\/cesari-atelier-mosaique\/#primaryimage\"},\"datePublished\":\"2016-05-23T07:00:27+00:00\",\"dateModified\":\"2021-08-16T14:08:41+00:00\",\"description\":\"Atelier X \\u2013 Mosa\\u00efque \\u2013 Rassembler \\u2013 La coh\\u00e9sion de soi, motricit\\u00e9 du mouvement, tesselle par tesselle, mettre en forme ce qui est informe\",\"breadcrumb\":{\"@id\":\"https:\/\/artherapievirtus.org\/vda\/propositions-dateliers\/cesari-atelier-mosaique\/#breadcrumb\"},\"inLanguage\":\"fr-FR\",\"potentialAction\":[{\"@type\":\"ReadAction\",\"target\":[\"https:\/\/artherapievirtus.org\/vda\/propositions-dateliers\/cesari-atelier-mosaique\/\"]}]},{\"@type\":\"BreadcrumbList\",\"@id\":\"https:\/\/artherapievirtus.org\/vda\/propositions-dateliers\/cesari-atelier-mosaique\/#breadcrumb\",\"itemListElement\":[{\"@type\":\"ListItem\",\"position\":1,\"name\":\"Accueil\",\"item\":\"https:\/\/artherapievirtus.org\/vda\/\"},{\"@type\":\"ListItem\",\"position\":2,\"name\":\"Propositions d&rsquo;ateliers d&rsquo;Art-Th\\u00e9rapie\",\"item\":\"https:\/\/artherapievirtus.org\/vda\/propositions-dateliers\/\"},{\"@type\":\"ListItem\",\"position\":3,\"name\":\"4\/ Emmanuelle Cesari \\u2013 Atelier X \\u2013 Mosa\\u00efque \\u2013 Rassembler \\u2013 La coh\\u00e9sion de soi\"}]}]}<\/script>\n<!-- \/ Yoast SEO plugin. -->","yoast_head_json":{"title":"4\/ Emmanuelle Cesari \u2013 Atelier X \u2013 Mosa\u00efque \u2013 Rassembler \u2013 La coh\u00e9sion de soi - 13 OR DE VIE \u2013 Victimes des attentats","description":"Atelier X \u2013 Mosa\u00efque \u2013 Rassembler \u2013 La coh\u00e9sion de soi, motricit\u00e9 du mouvement, tesselle par tesselle, mettre en forme ce qui est informe","robots":{"index":"index","follow":"follow","max-snippet":"max-snippet:-1","max-image-preview":"max-image-preview:large","max-video-preview":"max-video-preview:-1"},"canonical":"https:\/\/artherapievirtus.org\/vda\/propositions-dateliers\/cesari-atelier-mosaique\/","og_locale":"fr_FR","og_type":"article","og_title":"4\/ Emmanuelle Cesari \u2013 Atelier X \u2013 Mosa\u00efque \u2013 Rassembler \u2013 La coh\u00e9sion de soi - 13 OR DE VIE \u2013 Victimes des attentats","og_description":"Atelier X \u2013 Mosa\u00efque \u2013 Rassembler \u2013 La coh\u00e9sion de soi, motricit\u00e9 du mouvement, tesselle par tesselle, mettre en forme ce qui est informe","og_url":"https:\/\/artherapievirtus.org\/vda\/propositions-dateliers\/cesari-atelier-mosaique\/","og_site_name":"13 OR DE VIE \u2013 Victimes des attentats","article_publisher":"https:\/\/www.facebook.com\/artherapievirtus.org\/","article_modified_time":"2021-08-16T14:08:41+00:00","og_image":[{"width":117,"height":154,"url":"https:\/\/artherapievirtus.org\/vda\/wp-content\/uploads\/2015\/11\/Identite\u0301-2011-petite-e1468957910544.jpg","path":"\/home\/artherapq\/www\/vda\/wp-content\/uploads\/2015\/11\/Identite\u0301-2011-petite-e1468957910544.jpg","size":"full","id":1119,"alt":"","pixels":18018,"type":"image\/jpeg"}],"twitter_card":"summary","twitter_site":"@artherapie75","twitter_misc":{"Dur\u00e9e de lecture estim\u00e9e":"2 minutes"},"schema":{"@context":"https:\/\/schema.org","@graph":[{"@type":"WebSite","@id":"https:\/\/artherapievirtus.org\/vda\/#website","url":"https:\/\/artherapievirtus.org\/vda\/","name":"13 OR DE VIE \u2013 Victimes des attentats","description":"Ce blogue  13 OR DE VIE est un outil collaboratif pour les ateliers d\u2019Art-Th\u00e9rapie  \u00e0 l\u2019intention des victimes du terrorisme","potentialAction":[{"@type":"SearchAction","target":{"@type":"EntryPoint","urlTemplate":"https:\/\/artherapievirtus.org\/vda\/?s={search_term_string}"},"query-input":"required name=search_term_string"}],"inLanguage":"fr-FR"},{"@type":"ImageObject","@id":"https:\/\/artherapievirtus.org\/vda\/propositions-dateliers\/cesari-atelier-mosaique\/#primaryimage","inLanguage":"fr-FR","url":"https:\/\/artherapievirtus.org\/vda\/wp-content\/uploads\/2015\/11\/Identite\u0301-2011-petite-e1468957910544.jpg","contentUrl":"https:\/\/artherapievirtus.org\/vda\/wp-content\/uploads\/2015\/11\/Identite\u0301-2011-petite-e1468957910544.jpg","width":117,"height":154},{"@type":"WebPage","@id":"https:\/\/artherapievirtus.org\/vda\/propositions-dateliers\/cesari-atelier-mosaique\/#webpage","url":"https:\/\/artherapievirtus.org\/vda\/propositions-dateliers\/cesari-atelier-mosaique\/","name":"4\/ Emmanuelle Cesari \u2013 Atelier X \u2013 Mosa\u00efque \u2013 Rassembler \u2013 La coh\u00e9sion de soi - 13 OR DE VIE \u2013 Victimes des attentats","isPartOf":{"@id":"https:\/\/artherapievirtus.org\/vda\/#website"},"primaryImageOfPage":{"@id":"https:\/\/artherapievirtus.org\/vda\/propositions-dateliers\/cesari-atelier-mosaique\/#primaryimage"},"datePublished":"2016-05-23T07:00:27+00:00","dateModified":"2021-08-16T14:08:41+00:00","description":"Atelier X \u2013 Mosa\u00efque \u2013 Rassembler \u2013 La coh\u00e9sion de soi, motricit\u00e9 du mouvement, tesselle par tesselle, mettre en forme ce qui est informe","breadcrumb":{"@id":"https:\/\/artherapievirtus.org\/vda\/propositions-dateliers\/cesari-atelier-mosaique\/#breadcrumb"},"inLanguage":"fr-FR","potentialAction":[{"@type":"ReadAction","target":["https:\/\/artherapievirtus.org\/vda\/propositions-dateliers\/cesari-atelier-mosaique\/"]}]},{"@type":"BreadcrumbList","@id":"https:\/\/artherapievirtus.org\/vda\/propositions-dateliers\/cesari-atelier-mosaique\/#breadcrumb","itemListElement":[{"@type":"ListItem","position":1,"name":"Accueil","item":"https:\/\/artherapievirtus.org\/vda\/"},{"@type":"ListItem","position":2,"name":"Propositions d&rsquo;ateliers d&rsquo;Art-Th\u00e9rapie","item":"https:\/\/artherapievirtus.org\/vda\/propositions-dateliers\/"},{"@type":"ListItem","position":3,"name":"4\/ Emmanuelle Cesari \u2013 Atelier X \u2013 Mosa\u00efque \u2013 Rassembler \u2013 La coh\u00e9sion de soi"}]}]}},"jetpack_sharing_enabled":true,"jetpack_likes_enabled":true,"_links":{"self":[{"href":"https:\/\/artherapievirtus.org\/vda\/wp-json\/wp\/v2\/pages\/668"}],"collection":[{"href":"https:\/\/artherapievirtus.org\/vda\/wp-json\/wp\/v2\/pages"}],"about":[{"href":"https:\/\/artherapievirtus.org\/vda\/wp-json\/wp\/v2\/types\/page"}],"author":[{"embeddable":true,"href":"https:\/\/artherapievirtus.org\/vda\/wp-json\/wp\/v2\/users\/3"}],"replies":[{"embeddable":true,"href":"https:\/\/artherapievirtus.org\/vda\/wp-json\/wp\/v2\/comments?post=668"}],"version-history":[{"count":25,"href":"https:\/\/artherapievirtus.org\/vda\/wp-json\/wp\/v2\/pages\/668\/revisions"}],"predecessor-version":[{"id":7785,"href":"https:\/\/artherapievirtus.org\/vda\/wp-json\/wp\/v2\/pages\/668\/revisions\/7785"}],"up":[{"embeddable":true,"href":"https:\/\/artherapievirtus.org\/vda\/wp-json\/wp\/v2\/pages\/552"}],"wp:featuredmedia":[{"embeddable":true,"href":"https:\/\/artherapievirtus.org\/vda\/wp-json\/wp\/v2\/media\/1119"}],"wp:attachment":[{"href":"https:\/\/artherapievirtus.org\/vda\/wp-json\/wp\/v2\/media?parent=668"}],"curies":[{"name":"wp","href":"https:\/\/api.w.org\/{rel}","templated":true}]}}