{"id":642,"date":"2016-05-23T10:00:50","date_gmt":"2016-05-23T08:00:50","guid":{"rendered":"http:\/\/artherapievirtus.org\/vda\/?page_id=642"},"modified":"2021-08-16T15:57:41","modified_gmt":"2021-08-16T13:57:41","slug":"cesari-atelier-9-peinture","status":"publish","type":"page","link":"https:\/\/artherapievirtus.org\/vda\/propositions-dateliers\/cesari-atelier-9-peinture\/","title":{"rendered":"4\/ Emmanuelle Cesari \u2013 Atelier 9 \u2013 Peinture \u2013 Le Chemin de vie \u2013 Le temps"},"content":{"rendered":"<h4><span style=\"color: #333399;\"><span style=\"color: #339966;\">4\/ AP = Arts plastiques = Emmanuelle Cesari<\/span><\/span><\/h4>\n<h4><span style=\"color: #993300;\">Atelier sur le th\u00e8me du temps<br \/>\n<\/span><\/h4>\n<h4><span style=\"color: #333399;\">Consigne<\/span><\/h4>\n<p>La consigne est donn\u00e9e avec l&rsquo;avancement de travail.<br \/>\n\u2022 Au d\u00e9but nous invitons l\u2019un des participants \u00e0 dessiner d\u2019abord avec un gros pinceau ou \u00e0 laisser une trace avec un doigt pour cr\u00e9er un chemin, que les autres continuent (avec le m\u00eame pinceau ou au doigt si le travail est fait au doigt). Le but est de cr\u00e9er une ligne que chacun utilisera.<br \/>\n\u2022 Ensuite les participants sont invit\u00e9s \u00e0 prendre des pinceaux et \u00e0 peindre un paysage autour du chemin qu\u2019ils ont dessin\u00e9e. Et ce chemin deviendra un paysage\u00a0: \u00ab\u00a0qui vous plaise, que vous imaginez tel que vous l&rsquo;aimez\u00a0\u00bb. \u00ab\u00a0Imaginez ce qu&rsquo;il y a autour du chemin.\u00a0\u00bb \u00ab\u00a0Pensez \u00e0 ce que vous aimez puis allez plus loin, plus loin&#8230;\u00a0\u00bb. Proposition en avan\u00e7ant dans la composition de faire \u00ab\u00a0se toucher les paysages\u00a0\u00bb de permettre de \u00ab\u00a0toucher les limites des autres\u00a0\u00bb, de \u00ab\u00a0compl\u00e9ter le paysage.\u00a0\u00bb<br \/>\n\u2022 Il est possible de continuer en donnant la consigne de peindre une maison o\u00f9 on imagine bien vivre, peindre le temps qui nous pla\u00eet, etc.<br \/>\n\u2022 Pour finir, l&rsquo;Art-th\u00e9rapeute demande \u00e0 chacun de se dessiner dans le paysage\u00a0: \u00ab\u00a0quelle place voulez-vous prendre\u00a0?\u00a0\u00bb. On les invite \u00e0 se repr\u00e9senter dans ce paysage. Cela peut \u00eatre tr\u00e8s symbolique.<\/p>\n<h4><span style=\"color: #333399;\">Objectifs<\/span><\/h4>\n<p><span style=\"color: #993300;\">\u2022 <\/span>Vivre avec la temporalit\u00e9 alors qu&rsquo;il y a une rupture compl\u00e8te de temporalit\u00e9 et de sentiment d\u2019existence.<br \/>\nLe risque vital a \u00e9t\u00e9 engag\u00e9 et donc le sujet a pris conscience qu&rsquo;il est vuln\u00e9rable.<br \/>\n<span style=\"color: #993300;\">\u2022<\/span> L\u2019objectif g\u00e9n\u00e9ral de cet atelier est de permettre aux patients de rompre avec leur statut de \u00ab victime \u00bb en s\u2019affirmant et de les aider \u00e0 redevenir des \u00ab acteurs \u00bb \u00e0 nouveau respect\u00e9s.<br \/>\nUne fois les s\u00e9quelles physiques lev\u00e9es, cette activit\u00e9 s\u2019adresse aux patients qui ont suffisamment avanc\u00e9 dans leur reconstruction psychique. La nature de l\u2019intervention en art-th\u00e9rapie est personnalis\u00e9e et toujours en rapport avec les objectifs th\u00e9rapeutiques et le handicap ou les probl\u00e9matiques des participants. L\u2019art th\u00e9rapie permet de travailler sur une infinit\u00e9 d\u2019\u00e9l\u00e9ments comme le rapport \u00e0 l\u2019autre, la m\u00e9moire sensorielle, etc\u2026<\/p>\n<hr \/>\n<h4><span style=\"color: #993300;\">Dur\u00e9e<\/span><\/h4>\n<p>Deux heures :<br \/>\nLa dur\u00e9e est assez souple, c&rsquo;est-\u00e0-dire qu&rsquo;au-del\u00e0 d&rsquo;un minimum de temps (1h 30) il est possible de continuer \u2013 selon la pathologie du groupe et des diff\u00e9rents dispositifs. Mais pour notre atelier 1h est suffisante (+ pr\u00e9paration et nettoyage des outils).<\/p>\n<h4><span style=\"color: #993300;\">Participants<\/span><\/h4>\n<p>10 sujets \u2013 1 aide \u2013 1 Art-th\u00e9rapeute<\/p>\n<h4><span style=\"color: #993300;\">Mat\u00e9riel<\/span><\/h4>\n<p>\u2022 une grande feuille blanche (pour que la moiti\u00e9 du groupe, les \u00ab\u00a0acteurs\u00a0\u00bb puissent s&rsquo;asseoir autour et avoir un plan de travail qui corresponde \u00e0 peu pr\u00e8s \u00e0 50 cm chacun), environ 2.50 x 1m ;<br \/>\n\u2022 peinture \u00e0 l&rsquo;eau gouache ou acrylique, pinceaux. S\u2019il n\u2019y a pas de pinceaux, on peut travailler au doigt.<br \/>\n<strong><span style=\"color: #008000;\">\u2022<\/span> <\/strong>Je partage les outils.<\/p>\n<p>http:\/\/www.cultura.com<br \/>\nhttp:\/\/www.geant-beaux-arts.fr<\/p>\n<table style=\"height: 251px;\" width=\"450\">\n<tbody>\n<tr>\n<td width=\"177\"><em>Support \u2013 Papier \u00e0 dessin rouleau<\/em><br \/>\n<em>cultura.com<\/em><br \/>\n<a href=\"http:\/\/www.cultura.com\/roul-papier-kraft-dessin-blanc-rouleau-papier-kraft-dessin-blanc-3329683957010.html\" target=\"_blank\" rel=\"noopener\">Rouleau papier kraft dessin blanc<\/a><br \/>\n<em>beauxarts.fr<\/em><br \/>\n<a href=\"http:\/\/www.geant-beaux-arts.fr\/Rouleau-papier-a-dessin-ecologique-100-recycle-de-Fabriano.html\" target=\"_blank\" rel=\"noopener\">Rouleau papier \u00e0 dessin \u00e9cologique 100% recycl\u00e9 de Fabriano<\/a><\/td>\n<td width=\"71\">&nbsp;<\/p>\n<p>4,49 \u20ac x 5<\/p>\n<p>22,50 \u20ac x 2<\/td>\n<td style=\"text-align: right;\" width=\"71\">&nbsp;<\/p>\n<p><span style=\"color: #800000;\">24,45 \u20ac<\/span><\/p>\n<p><span style=\"color: #000000;\">45 \u20ac<\/span><\/td>\n<\/tr>\n<\/tbody>\n<\/table>\n<h4 style=\"text-align: right;\"><span style=\"color: #800000;\">24,45 \u20ac<\/span><\/h4>\n<h4><span style=\"color: #993300;\">Setting<\/span><\/h4>\n<p>Le groupe est rassembl\u00e9 autour d&rsquo;une table en carr\u00e9. Le support du papier est pos\u00e9 sur la table. Chaque participant a une palette de couleurs devant lui. Si pour des raisons pratiques, la table ne peut \u00eatre d\u2019usage, on peut s\u2019installer \u00e0 m\u00eame le sol.<\/p>\n<hr \/>\n<p><img loading=\"lazy\" class=\"aligncenter wp-image-5234 \" src=\"http:\/\/artherapievirtus.org\/vda\/wp-content\/uploads\/2016\/05\/Flyer-13-or-de-vie-E-496x1024.jpg\" alt=\"flyer-13-or-de-vie-e\" width=\"350\" height=\"723\" srcset=\"https:\/\/artherapievirtus.org\/vda\/wp-content\/uploads\/2016\/05\/Flyer-13-or-de-vie-E-496x1024.jpg 496w, https:\/\/artherapievirtus.org\/vda\/wp-content\/uploads\/2016\/05\/Flyer-13-or-de-vie-E-145x300.jpg 145w, https:\/\/artherapievirtus.org\/vda\/wp-content\/uploads\/2016\/05\/Flyer-13-or-de-vie-E.jpg 529w\" sizes=\"(max-width: 350px) 100vw, 350px\" \/><\/p>\n<div class=\"sharedaddy sd-sharing-enabled\"><div class=\"robots-nocontent sd-block sd-social sd-social-official sd-sharing\"><h3 class=\"sd-title\">Partager\u00a0:<\/h3><div class=\"sd-content\"><ul><li class=\"share-facebook\"><div class=\"fb-share-button\" data-href=\"https:\/\/artherapievirtus.org\/vda\/propositions-dateliers\/cesari-atelier-9-peinture\/\" data-layout=\"button_count\"><\/div><\/li><li class=\"share-twitter\"><a href=\"https:\/\/twitter.com\/share\" class=\"twitter-share-button\" data-url=\"https:\/\/artherapievirtus.org\/vda\/propositions-dateliers\/cesari-atelier-9-peinture\/\" data-text=\"4\/ Emmanuelle Cesari \u2013 Atelier 9 \u2013 Peinture \u2013 Le Chemin de vie \u2013 Le temps\"  >Tweet<\/a><\/li><li class=\"share-linkedin\"><div class=\"linkedin_button\"><script type=\"in\/share\" data-url=\"https:\/\/artherapievirtus.org\/vda\/propositions-dateliers\/cesari-atelier-9-peinture\/\" data-counter=\"right\"><\/script><\/div><\/li><li><a href=\"#\" class=\"sharing-anchor sd-button share-more\"><span>Plus<\/span><\/a><\/li><li class=\"share-end\"><\/li><\/ul><div class=\"sharing-hidden\"><div class=\"inner\" style=\"display: none;\"><ul><li class=\"share-print\"><a rel=\"nofollow noopener noreferrer\" data-shared=\"\" class=\"share-print sd-button\" href=\"https:\/\/artherapievirtus.org\/vda\/propositions-dateliers\/cesari-atelier-9-peinture\/\" target=\"_blank\" title=\"Cliquer pour imprimer\"><span>Imprimer<\/span><\/a><\/li><li class=\"share-email\"><a rel=\"nofollow noopener noreferrer\" data-shared=\"\" class=\"share-email sd-button\" href=\"https:\/\/artherapievirtus.org\/vda\/propositions-dateliers\/cesari-atelier-9-peinture\/?share=email\" target=\"_blank\" title=\"Cliquez pour envoyer par e-mail \u00e0 un ami\"><span>E-mail<\/span><\/a><\/li><li class=\"share-end\"><\/li><li class=\"share-end\"><\/li><\/ul><\/div><\/div><\/div><\/div><\/div>","protected":false},"excerpt":{"rendered":"<p>4\/ AP = Arts plastiques = Emmanuelle Cesari Atelier sur le th\u00e8me du temps Consigne La consigne est donn\u00e9e avec l&rsquo;avancement de travail. \u2022 Au d\u00e9but nous invitons l\u2019un des participants \u00e0 dessiner d\u2019abord avec un gros pinceau ou \u00e0 laisser une trace avec un doigt pour cr\u00e9er un chemin, que les autres continuent (avec&hellip; <\/p>\n<p class=\"toivo-read-more\"><a href=\"https:\/\/artherapievirtus.org\/vda\/propositions-dateliers\/cesari-atelier-9-peinture\/\" class=\"more-link\">Lire la suite <span class=\"screen-reader-text\">de<\/span> <span class=\"screen-reader-text\">4\/ Emmanuelle Cesari \u2013 Atelier 9 \u2013 Peinture \u2013 Le Chemin de vie \u2013 Le temps<\/span><\/a><\/p>\n<div class=\"sharedaddy sd-sharing-enabled\"><div class=\"robots-nocontent sd-block sd-social sd-social-official sd-sharing\"><h3 class=\"sd-title\">Partager\u00a0:<\/h3><div class=\"sd-content\"><ul><li class=\"share-facebook\"><div class=\"fb-share-button\" data-href=\"https:\/\/artherapievirtus.org\/vda\/propositions-dateliers\/cesari-atelier-9-peinture\/\" data-layout=\"button_count\"><\/div><\/li><li class=\"share-twitter\"><a href=\"https:\/\/twitter.com\/share\" class=\"twitter-share-button\" data-url=\"https:\/\/artherapievirtus.org\/vda\/propositions-dateliers\/cesari-atelier-9-peinture\/\" data-text=\"4\/ Emmanuelle Cesari \u2013 Atelier 9 \u2013 Peinture \u2013 Le Chemin de vie \u2013 Le temps\"  >Tweet<\/a><\/li><li class=\"share-linkedin\"><div class=\"linkedin_button\"><script type=\"in\/share\" data-url=\"https:\/\/artherapievirtus.org\/vda\/propositions-dateliers\/cesari-atelier-9-peinture\/\" data-counter=\"right\"><\/script><\/div><\/li><li><a href=\"#\" class=\"sharing-anchor sd-button share-more\"><span>Plus<\/span><\/a><\/li><li class=\"share-end\"><\/li><\/ul><div class=\"sharing-hidden\"><div class=\"inner\" style=\"display: none;\"><ul><li class=\"share-print\"><a rel=\"nofollow noopener noreferrer\" data-shared=\"\" class=\"share-print sd-button\" href=\"https:\/\/artherapievirtus.org\/vda\/propositions-dateliers\/cesari-atelier-9-peinture\/\" target=\"_blank\" title=\"Cliquer pour imprimer\"><span>Imprimer<\/span><\/a><\/li><li class=\"share-email\"><a rel=\"nofollow noopener noreferrer\" data-shared=\"\" class=\"share-email sd-button\" href=\"https:\/\/artherapievirtus.org\/vda\/propositions-dateliers\/cesari-atelier-9-peinture\/?share=email\" target=\"_blank\" title=\"Cliquez pour envoyer par e-mail \u00e0 un ami\"><span>E-mail<\/span><\/a><\/li><li class=\"share-end\"><\/li><li class=\"share-end\"><\/li><\/ul><\/div><\/div><\/div><\/div><\/div>","protected":false},"author":3,"featured_media":1119,"parent":552,"menu_order":4,"comment_status":"open","ping_status":"closed","template":"","meta":{"spay_email":""},"yoast_head":"<!-- This site is optimized with the Yoast SEO plugin v17.2.1 - https:\/\/yoast.com\/wordpress\/plugins\/seo\/ -->\n<title>4\/ Emmanuelle Cesari \u2013 Atelier 9 \u2013 Peinture \u2013 Le Chemin de vie \u2013 Le temps - 13 OR DE VIE \u2013 Victimes des attentats<\/title>\n<meta name=\"description\" content=\"Atelier 9 \u2013 Peinture \u2013 Le Chemin de vie \u2013 Le temps, laisser une trace, un paysage autour du chemin, toucher les limites des autres\" \/>\n<meta name=\"robots\" content=\"index, follow, max-snippet:-1, max-image-preview:large, max-video-preview:-1\" \/>\n<link rel=\"canonical\" href=\"https:\/\/artherapievirtus.org\/vda\/propositions-dateliers\/cesari-atelier-9-peinture\/\" \/>\n<meta property=\"og:locale\" content=\"fr_FR\" \/>\n<meta property=\"og:type\" content=\"article\" \/>\n<meta property=\"og:title\" content=\"4\/ Emmanuelle Cesari \u2013 Atelier 9 \u2013 Peinture \u2013 Le Chemin de vie \u2013 Le temps - 13 OR DE VIE \u2013 Victimes des attentats\" \/>\n<meta property=\"og:description\" content=\"Atelier 9 \u2013 Peinture \u2013 Le Chemin de vie \u2013 Le temps, laisser une trace, un paysage autour du chemin, toucher les limites des autres\" \/>\n<meta property=\"og:url\" content=\"https:\/\/artherapievirtus.org\/vda\/propositions-dateliers\/cesari-atelier-9-peinture\/\" \/>\n<meta property=\"og:site_name\" content=\"13 OR DE VIE \u2013 Victimes des attentats\" \/>\n<meta property=\"article:publisher\" content=\"https:\/\/www.facebook.com\/artherapievirtus.org\/\" \/>\n<meta property=\"article:modified_time\" content=\"2021-08-16T13:57:41+00:00\" \/>\n<meta property=\"og:image\" content=\"https:\/\/artherapievirtus.org\/vda\/wp-content\/uploads\/2015\/11\/Identite\u0301-2011-petite-e1468957910544.jpg\" \/>\n\t<meta property=\"og:image:width\" content=\"117\" \/>\n\t<meta property=\"og:image:height\" content=\"154\" \/>\n<meta name=\"twitter:card\" content=\"summary\" \/>\n<meta name=\"twitter:site\" content=\"@artherapie75\" \/>\n<meta name=\"twitter:label1\" content=\"Dur\u00e9e de lecture estim\u00e9e\" \/>\n\t<meta name=\"twitter:data1\" content=\"3 minutes\" \/>\n<script type=\"application\/ld+json\" class=\"yoast-schema-graph\">{\"@context\":\"https:\/\/schema.org\",\"@graph\":[{\"@type\":\"WebSite\",\"@id\":\"https:\/\/artherapievirtus.org\/vda\/#website\",\"url\":\"https:\/\/artherapievirtus.org\/vda\/\",\"name\":\"13 OR DE VIE \\u2013 Victimes des attentats\",\"description\":\"Ce blogue  13 OR DE VIE est un outil collaboratif pour les ateliers d\\u2019Art-Th\\u00e9rapie  \\u00e0 l\\u2019intention des victimes du terrorisme\",\"potentialAction\":[{\"@type\":\"SearchAction\",\"target\":{\"@type\":\"EntryPoint\",\"urlTemplate\":\"https:\/\/artherapievirtus.org\/vda\/?s={search_term_string}\"},\"query-input\":\"required name=search_term_string\"}],\"inLanguage\":\"fr-FR\"},{\"@type\":\"ImageObject\",\"@id\":\"https:\/\/artherapievirtus.org\/vda\/propositions-dateliers\/cesari-atelier-9-peinture\/#primaryimage\",\"inLanguage\":\"fr-FR\",\"url\":\"https:\/\/artherapievirtus.org\/vda\/wp-content\/uploads\/2015\/11\/Identite\\u0301-2011-petite-e1468957910544.jpg\",\"contentUrl\":\"https:\/\/artherapievirtus.org\/vda\/wp-content\/uploads\/2015\/11\/Identite\\u0301-2011-petite-e1468957910544.jpg\",\"width\":117,\"height\":154},{\"@type\":\"WebPage\",\"@id\":\"https:\/\/artherapievirtus.org\/vda\/propositions-dateliers\/cesari-atelier-9-peinture\/#webpage\",\"url\":\"https:\/\/artherapievirtus.org\/vda\/propositions-dateliers\/cesari-atelier-9-peinture\/\",\"name\":\"4\/ Emmanuelle Cesari \\u2013 Atelier 9 \\u2013 Peinture \\u2013 Le Chemin de vie \\u2013 Le temps - 13 OR DE VIE \\u2013 Victimes des attentats\",\"isPartOf\":{\"@id\":\"https:\/\/artherapievirtus.org\/vda\/#website\"},\"primaryImageOfPage\":{\"@id\":\"https:\/\/artherapievirtus.org\/vda\/propositions-dateliers\/cesari-atelier-9-peinture\/#primaryimage\"},\"datePublished\":\"2016-05-23T08:00:50+00:00\",\"dateModified\":\"2021-08-16T13:57:41+00:00\",\"description\":\"Atelier 9 \\u2013 Peinture \\u2013 Le Chemin de vie \\u2013 Le temps, laisser une trace, un paysage autour du chemin, toucher les limites des autres\",\"breadcrumb\":{\"@id\":\"https:\/\/artherapievirtus.org\/vda\/propositions-dateliers\/cesari-atelier-9-peinture\/#breadcrumb\"},\"inLanguage\":\"fr-FR\",\"potentialAction\":[{\"@type\":\"ReadAction\",\"target\":[\"https:\/\/artherapievirtus.org\/vda\/propositions-dateliers\/cesari-atelier-9-peinture\/\"]}]},{\"@type\":\"BreadcrumbList\",\"@id\":\"https:\/\/artherapievirtus.org\/vda\/propositions-dateliers\/cesari-atelier-9-peinture\/#breadcrumb\",\"itemListElement\":[{\"@type\":\"ListItem\",\"position\":1,\"name\":\"Accueil\",\"item\":\"https:\/\/artherapievirtus.org\/vda\/\"},{\"@type\":\"ListItem\",\"position\":2,\"name\":\"Propositions d&rsquo;ateliers d&rsquo;Art-Th\\u00e9rapie\",\"item\":\"https:\/\/artherapievirtus.org\/vda\/propositions-dateliers\/\"},{\"@type\":\"ListItem\",\"position\":3,\"name\":\"4\/ Emmanuelle Cesari \\u2013 Atelier 9 \\u2013 Peinture \\u2013 Le Chemin de vie \\u2013 Le temps\"}]}]}<\/script>\n<!-- \/ Yoast SEO plugin. -->","yoast_head_json":{"title":"4\/ Emmanuelle Cesari \u2013 Atelier 9 \u2013 Peinture \u2013 Le Chemin de vie \u2013 Le temps - 13 OR DE VIE \u2013 Victimes des attentats","description":"Atelier 9 \u2013 Peinture \u2013 Le Chemin de vie \u2013 Le temps, laisser une trace, un paysage autour du chemin, toucher les limites des autres","robots":{"index":"index","follow":"follow","max-snippet":"max-snippet:-1","max-image-preview":"max-image-preview:large","max-video-preview":"max-video-preview:-1"},"canonical":"https:\/\/artherapievirtus.org\/vda\/propositions-dateliers\/cesari-atelier-9-peinture\/","og_locale":"fr_FR","og_type":"article","og_title":"4\/ Emmanuelle Cesari \u2013 Atelier 9 \u2013 Peinture \u2013 Le Chemin de vie \u2013 Le temps - 13 OR DE VIE \u2013 Victimes des attentats","og_description":"Atelier 9 \u2013 Peinture \u2013 Le Chemin de vie \u2013 Le temps, laisser une trace, un paysage autour du chemin, toucher les limites des autres","og_url":"https:\/\/artherapievirtus.org\/vda\/propositions-dateliers\/cesari-atelier-9-peinture\/","og_site_name":"13 OR DE VIE \u2013 Victimes des attentats","article_publisher":"https:\/\/www.facebook.com\/artherapievirtus.org\/","article_modified_time":"2021-08-16T13:57:41+00:00","og_image":[{"width":117,"height":154,"url":"https:\/\/artherapievirtus.org\/vda\/wp-content\/uploads\/2015\/11\/Identite\u0301-2011-petite-e1468957910544.jpg","path":"\/home\/artherapq\/www\/vda\/wp-content\/uploads\/2015\/11\/Identite\u0301-2011-petite-e1468957910544.jpg","size":"full","id":1119,"alt":"","pixels":18018,"type":"image\/jpeg"}],"twitter_card":"summary","twitter_site":"@artherapie75","twitter_misc":{"Dur\u00e9e de lecture estim\u00e9e":"3 minutes"},"schema":{"@context":"https:\/\/schema.org","@graph":[{"@type":"WebSite","@id":"https:\/\/artherapievirtus.org\/vda\/#website","url":"https:\/\/artherapievirtus.org\/vda\/","name":"13 OR DE VIE \u2013 Victimes des attentats","description":"Ce blogue  13 OR DE VIE est un outil collaboratif pour les ateliers d\u2019Art-Th\u00e9rapie  \u00e0 l\u2019intention des victimes du terrorisme","potentialAction":[{"@type":"SearchAction","target":{"@type":"EntryPoint","urlTemplate":"https:\/\/artherapievirtus.org\/vda\/?s={search_term_string}"},"query-input":"required name=search_term_string"}],"inLanguage":"fr-FR"},{"@type":"ImageObject","@id":"https:\/\/artherapievirtus.org\/vda\/propositions-dateliers\/cesari-atelier-9-peinture\/#primaryimage","inLanguage":"fr-FR","url":"https:\/\/artherapievirtus.org\/vda\/wp-content\/uploads\/2015\/11\/Identite\u0301-2011-petite-e1468957910544.jpg","contentUrl":"https:\/\/artherapievirtus.org\/vda\/wp-content\/uploads\/2015\/11\/Identite\u0301-2011-petite-e1468957910544.jpg","width":117,"height":154},{"@type":"WebPage","@id":"https:\/\/artherapievirtus.org\/vda\/propositions-dateliers\/cesari-atelier-9-peinture\/#webpage","url":"https:\/\/artherapievirtus.org\/vda\/propositions-dateliers\/cesari-atelier-9-peinture\/","name":"4\/ Emmanuelle Cesari \u2013 Atelier 9 \u2013 Peinture \u2013 Le Chemin de vie \u2013 Le temps - 13 OR DE VIE \u2013 Victimes des attentats","isPartOf":{"@id":"https:\/\/artherapievirtus.org\/vda\/#website"},"primaryImageOfPage":{"@id":"https:\/\/artherapievirtus.org\/vda\/propositions-dateliers\/cesari-atelier-9-peinture\/#primaryimage"},"datePublished":"2016-05-23T08:00:50+00:00","dateModified":"2021-08-16T13:57:41+00:00","description":"Atelier 9 \u2013 Peinture \u2013 Le Chemin de vie \u2013 Le temps, laisser une trace, un paysage autour du chemin, toucher les limites des autres","breadcrumb":{"@id":"https:\/\/artherapievirtus.org\/vda\/propositions-dateliers\/cesari-atelier-9-peinture\/#breadcrumb"},"inLanguage":"fr-FR","potentialAction":[{"@type":"ReadAction","target":["https:\/\/artherapievirtus.org\/vda\/propositions-dateliers\/cesari-atelier-9-peinture\/"]}]},{"@type":"BreadcrumbList","@id":"https:\/\/artherapievirtus.org\/vda\/propositions-dateliers\/cesari-atelier-9-peinture\/#breadcrumb","itemListElement":[{"@type":"ListItem","position":1,"name":"Accueil","item":"https:\/\/artherapievirtus.org\/vda\/"},{"@type":"ListItem","position":2,"name":"Propositions d&rsquo;ateliers d&rsquo;Art-Th\u00e9rapie","item":"https:\/\/artherapievirtus.org\/vda\/propositions-dateliers\/"},{"@type":"ListItem","position":3,"name":"4\/ Emmanuelle Cesari \u2013 Atelier 9 \u2013 Peinture \u2013 Le Chemin de vie \u2013 Le temps"}]}]}},"jetpack_sharing_enabled":true,"jetpack_likes_enabled":true,"_links":{"self":[{"href":"https:\/\/artherapievirtus.org\/vda\/wp-json\/wp\/v2\/pages\/642"}],"collection":[{"href":"https:\/\/artherapievirtus.org\/vda\/wp-json\/wp\/v2\/pages"}],"about":[{"href":"https:\/\/artherapievirtus.org\/vda\/wp-json\/wp\/v2\/types\/page"}],"author":[{"embeddable":true,"href":"https:\/\/artherapievirtus.org\/vda\/wp-json\/wp\/v2\/users\/3"}],"replies":[{"embeddable":true,"href":"https:\/\/artherapievirtus.org\/vda\/wp-json\/wp\/v2\/comments?post=642"}],"version-history":[{"count":22,"href":"https:\/\/artherapievirtus.org\/vda\/wp-json\/wp\/v2\/pages\/642\/revisions"}],"predecessor-version":[{"id":7784,"href":"https:\/\/artherapievirtus.org\/vda\/wp-json\/wp\/v2\/pages\/642\/revisions\/7784"}],"up":[{"embeddable":true,"href":"https:\/\/artherapievirtus.org\/vda\/wp-json\/wp\/v2\/pages\/552"}],"wp:featuredmedia":[{"embeddable":true,"href":"https:\/\/artherapievirtus.org\/vda\/wp-json\/wp\/v2\/media\/1119"}],"wp:attachment":[{"href":"https:\/\/artherapievirtus.org\/vda\/wp-json\/wp\/v2\/media?parent=642"}],"curies":[{"name":"wp","href":"https:\/\/api.w.org\/{rel}","templated":true}]}}