{"id":631,"date":"2016-05-23T13:00:27","date_gmt":"2016-05-23T11:00:27","guid":{"rendered":"http:\/\/artherapievirtus.org\/vda\/?page_id=631"},"modified":"2021-08-16T15:12:37","modified_gmt":"2021-08-16T13:12:37","slug":"cesari-atelier-6-dessin-peinture","status":"publish","type":"page","link":"https:\/\/artherapievirtus.org\/vda\/propositions-dateliers\/cesari-atelier-6-dessin-peinture\/","title":{"rendered":"4\/ Emmanuelle Cesari \u2013 Atelier 6 \u2013 Dessin peinture \u2013 Le sch\u00e9ma corporel"},"content":{"rendered":"<h4><span style=\"color: #333399;\"><span style=\"color: #339966;\">4\/ AP = Arts plastiques = Emmanuelle Cesari<\/span><\/span><\/h4>\n<h4><span style=\"color: #993300;\">Atelier sur le th\u00e8me du sch\u00e9ma corporel<br \/>\n<\/span><\/h4>\n<h4><span style=\"color: #333399;\">Consigne<\/span><\/h4>\n<h5><span style=\"color: #008000;\">a\/ Les contours du corps<\/span><\/h5>\n<p>Esquissez simplement les contours d\u2019un corps. Stylis\u00e9 ou non.<br \/>\nLes op\u00e9rations qui sont derri\u00e8res. La symbolisation. Qu\u2019est-ce qui veut \u00eatre dit\u00a0?<br \/>\nLes n\u0153uds,<\/p>\n<h5><span style=\"color: #008000;\">b\/ Marquer, d&rsquo;une couleur diff\u00e9rente selon la douleur, toutes les parties du corps<\/span><\/h5>\n<p>Selon une \u00e9chelle d\u2019\u00e9valuation de la douleur que vous aurez d\u00e9termin\u00e9e pr\u00e9alablement.<br \/>\nPetit encadr\u00e9 en coin de feuille.<br \/>\nUn sch\u00e9ma propos\u00e9 par le Comit\u00e9 de Lutte contre la Douleur (CLUD)<br \/>\n<img loading=\"lazy\" class=\"aligncenter size-full wp-image-655\" src=\"http:\/\/artherapievirtus.org\/vda\/wp-content\/uploads\/2016\/05\/Comite\u0301-de-Lutte-contre-la-Douleur-CLUD.gif\" alt=\"Comite\u0301-de-Lutte-contre-la-Douleur-(CLUD)\" width=\"413\" height=\"301\" \/>Derri\u00e8re cette op\u00e9ration qui repr\u00e9sente comment \u00e9volue la douleur, il se passe quelque chose qui fait sens.<\/p>\n<h5><span style=\"color: #008000;\">c\/ La mosa\u00efque pour rassembler les morceaux du corps<\/span><\/h5>\n<p>La consigne suivante est de d\u00e9couper ce dessin en carr\u00e9 d\u2019un centim\u00e8tre de c\u00f4t\u00e9 et ensuite, rassembler les petits carr\u00e9s en les collant sur une autre feuille, en faisant comme une mosa\u00efque. Le rassemblement se fera \u00e0 votre guise, vous laisserez un interstice entre les carr\u00e9s.<\/p>\n<h4><span style=\"color: #333399;\">Objectifs<\/span><\/h4>\n<p>Qu&rsquo;est-ce que vous cherchez \u00e0 mettre en \u0153uvre du point de vue des processus cr\u00e9atifs individuel et groupal ?<br \/>\n<span style=\"color: #993300;\"><strong>Le processus de cr\u00e9ation<\/strong><\/span><br \/>\nMise en \u0153uvre d\u2019un processus de Co-cr\u00e9ation, en pr\u00e9sence de l\u2019autre. Deux psych\u00e9s ensemble orient\u00e9es vers un processus de cr\u00e9ation.<br \/>\nPsych\u00e9\u00a0: Ensemble des aspects conscients et inconscients du comportement individuel, par opposition \u00e0 ce qui est purement organique.<\/p>\n<h5><span style=\"color: #008000;\">a\/ Les contours du corps<\/span><\/h5>\n<p>Sch\u00e9ma corporel et image du corps ne sont pas des donn\u00e9es inn\u00e9es mais construites, r\u00e9sultat de l\u2019int\u00e9gration des \u00e9motions, des relations v\u00e9cues, des perceptions imaginaires projet\u00e9es sur son propre corps.<br \/>\nLes troubles de l\u2019image du corps auront des cons\u00e9quences sur le comportement social et relationnel. Dessiner est une d\u00e9marche d\u2019investigation du corps et de la douleur.<br \/>\n<span style=\"color: #993300;\"><strong>Travail sur les limites<\/strong><\/span><br \/>\n<span style=\"color: #993300;\">\u2022<\/span> Reproduire en ma\u00eetrisant son corps<br \/>\n<span style=\"color: #993300;\">\u2022<\/span> Se situer dans l\u2019espace<br \/>\n<span style=\"color: #993300;\">\u2022<\/span> D\u00e9couper l\u2019espace spatio-temporel de la feuille<br \/>\n<span style=\"color: #993300;\">\u2022<\/span> Produire une trace qui persiste au-del\u00e0 du geste<br \/>\nLe rapport des \u00e9l\u00e9ments les uns par rapport aux autres<br \/>\n<span style=\"color: #993300;\">\u2022<\/span> \u00c9valuer ses capacit\u00e9s motrices et perceptives<\/p>\n<p><span style=\"color: #993300;\"><strong>Renseigne sur le niveau d\u2019int\u00e9gration du sch\u00e9ma corporel<\/strong><\/span><br \/>\n<span style=\"color: #993300;\">\u2022<\/span> Reflet de l\u2019image de soi<br \/>\nC\u2019est une construction qui passe par l\u2019imaginaire et r\u00e9sulte d\u2019exp\u00e9riences \u00e9motionnelles, affectives, relationnelles \u00e9tablies avec l\u2019entourage<br \/>\n<span style=\"color: #993300;\">\u2022<\/span> Prendre conscience qu\u2019on n\u2019est pas l\u00e0 o\u00f9 on se voit, mais l\u00e0 o\u00f9 on se sent<\/p>\n<h5><span style=\"color: #008000;\">b\/ Marquer, d&rsquo;une couleur les douleurs du corps<\/span><\/h5>\n<p><span style=\"color: #993300;\"><strong>Prendre conscience de cette douleur<\/strong><\/span><br \/>\nMettre en lumi\u00e8re les points de douleurs du corps, c\u2019est dominer progressivement l\u2019angoisse et y faire face.<br \/>\nLa conscience du corps est la conscience du plaisir et de la douleur. Tout le reste est inconscient. Quand l\u2019\u00eatre a du plaisir, il a l\u2019impression d\u2019exister. Il dit qu\u2019il est bien. La conscience oscille entre le plaisir et la douleur. Elle se rappelle de tous ses moments-l\u00e0. Le reste, elle l\u2019oublie.<br \/>\n<span style=\"color: #993300;\"><strong>Travailler sur l\u2019\u00e9vitement<\/strong><\/span><br \/>\n<span style=\"color: #993300;\">\u2022<\/span> Les \u00e9vitements rep\u00e9r\u00e9s dans les probl\u00e9matiques de douleur chronique<br \/>\n<span style=\"color: #993300;\">\u2022<\/span> Renouveler la tentation d&rsquo;\u00e9viter, de modifier ou d&rsquo;\u00e9liminer<br \/>\n<span style=\"color: #993300;\">\u2022<\/span> Diminution des activit\u00e9s<br \/>\n<span style=\"color: #993300;\">\u2022<\/span> Repli sur soi<\/p>\n<h5><span style=\"color: #008000;\">c\/ La mosa\u00efque<\/span><\/h5>\n<p><span style=\"color: #993300;\"><strong>Changer la relation du patient \u00e0 sa douleur<\/strong><\/span><br \/>\nPorter l\u2019attention sur les sensations physiques<br \/>\n<span style=\"color: #993300;\"><strong>Travail sur le contr\u00f4le<\/strong><\/span><br \/>\nMettre \u00e0 distance les r\u00e9sistances<br \/>\n<span style=\"color: #993300;\"><strong>Transformer la forme du corps<\/strong><\/span><br \/>\n<span style=\"color: #993300;\">\u2022<\/span> M\u00e9langer les couleurs pour une douleur diffuse qui peut rassembler des morceaux recompos\u00e9s et mettre en lumi\u00e8re un autre point de douleur qui \u00e9tait rest\u00e9 inconscient parce qu\u2019\u00e9vit\u00e9.<\/p>\n<h4><span style=\"color: #333399;\">Dur\u00e9e<\/span><\/h4>\n<p>a\/ Les contours du corps\u00a0\u00a0\u00a0\u00a0\u00a0\u00a0\u00a0\u00a0\u00a0\u00a0\u00a0\u00a010 mn<br \/>\nb\/ Marquer, d&rsquo;une couleur\u00a0\u00a0\u00a0\u00a0\u00a0\u00a0\u00a0\u00a0 15 mn<br \/>\nc\/ La mosa\u00efque\u00a0\u00a0\u00a0\u00a0\u00a0\u00a0\u00a0\u00a0\u00a0\u00a0\u00a0\u00a0\u00a0\u00a0\u00a0\u00a0\u00a0\u00a0\u00a0\u00a0 \u00a0 \u00a0 \u00a0 \u00a0 \u00a0 \u00a0\u00a0 30 mn<\/p>\n<h4><span style=\"color: #333399;\">Mat\u00e9riel<\/span><\/h4>\n<p>a\/ Les contours du corps<br \/>\n20 feuilles de papier blanc et 15 crayons<br \/>\nb\/ Marquer, d&rsquo;une couleur<br \/>\nAu choix de l\u2019artiste\u00a0: peinture, crayons, collage etc.<br \/>\nc\/ La mosa\u00efque<br \/>\n20 feuilles de papier support \u2013 R\u00e8gle, ciseaux, colle<br \/>\n<span style=\"color: #993300;\"><strong>Support<\/strong><\/span><br \/>\nFeuilles de papier<br \/>\n<strong><span style=\"color: #008000;\">\u2022<\/span> <\/strong>Je partage les outils.<\/p>\n<p>http:\/\/www.cultura.com<br \/>\nhttp:\/\/www.geant-beaux-arts.fr<\/p>\n<table style=\"height: 388px;\" width=\"691\">\n<tbody>\n<tr>\n<td width=\"177\">\n<h5>Papier multi-techniques<\/h5>\n<p><em>cultura.com<br \/>\n<\/em><a href=\"http:\/\/www.cultura.com\/bloc-paint-on-a3-30f-250g-nat-3329680965414.html\" target=\"_blank\" rel=\"noopener\">Bloc multi-technique Paint&rsquo;On &#8211; format A3 30 feuilles &#8211; papier 250g nature<\/a>l<a href=\"http:\/\/www.cultura.com\/bloc-paint-on-a4-30f-250g-nat-3329680965407.html\" target=\"_blank\" rel=\"noopener\">Bloc multi-technique Paint&rsquo;On &#8211; format A4 30 feuilles &#8211; papier 250g naturel<\/a><\/p>\n<p><em>beauxarts.fr<\/em><br \/>\n<a href=\"http:\/\/www.geant-beaux-arts.fr\/Nouveautes2016\/Papiers\/Blocs-carnets-et-cahiers\/Paint-On-naturel-250-g-m.html\" target=\"_blank\" rel=\"noopener\">Paint On naturel &#8211; 250 g\/m\u00b2 A3 &#8211; 29,7 x 42 cm &#8211; bloc de 30 feuilles<\/a><br \/>\n<a href=\"http:\/\/www.geant-beaux-arts.fr\/Nouveautes2016\/Papiers\/Blocs-carnets-et-cahiers\/Paint-On-naturel-250-g-m.html\" target=\"_blank\" rel=\"noopener\">Paint On naturel &#8211; 250 g\/m\u00b2 &#8211; A4 &#8211; 14,8 x 21 cm &#8211; bloc de 30 feuilles<\/a><\/td>\n<td width=\"71\">&nbsp;<\/p>\n<p>&nbsp;<\/p>\n<p>30 feuilles<\/p>\n<p>30 feuilles<\/p>\n<p>&nbsp;<\/p>\n<p>30 feuilles<\/p>\n<p>30 feuilles<\/p>\n<p>&nbsp;<\/td>\n<td style=\"text-align: right;\" width=\"71\">&nbsp;<\/p>\n<p><span style=\"color: #800000;\">10,79 \u20ac<\/span><\/p>\n<p><span style=\"color: #800000;\">5,99 \u20ac<\/span><\/p>\n<p>&nbsp;<\/p>\n<p><span style=\"color: #000000;\">14,45 \u20ac<\/span><\/p>\n<p><span style=\"color: #000000;\">7,90 \u20ac<\/span><\/td>\n<\/tr>\n<\/tbody>\n<\/table>\n<h4 style=\"text-align: right;\"><span style=\"color: #800000;\">16,78 \u20ac<\/span><\/h4>\n<h4><span style=\"color: #333399;\">Setting<\/span><\/h4>\n<p>L&rsquo;organisation de la salle, de l&rsquo;espace\u00a0: tables r\u00e9unies ou s\u00e9par\u00e9es, nombre de personnes par table, feuilles au mur, au sol, sur table, etc&#8230;<\/p>\n<p>Au choix du participant<br \/>\nInstallation\u00a0\u00a0 10 mn<br \/>\nRangement 15 mn<br \/>\n25 minutes d\u2019installation<\/p>\n<hr \/>\n<p><img loading=\"lazy\" class=\"aligncenter wp-image-5234 \" src=\"http:\/\/artherapievirtus.org\/vda\/wp-content\/uploads\/2016\/05\/Flyer-13-or-de-vie-E-496x1024.jpg\" alt=\"flyer-13-or-de-vie-e\" width=\"332\" height=\"686\" srcset=\"https:\/\/artherapievirtus.org\/vda\/wp-content\/uploads\/2016\/05\/Flyer-13-or-de-vie-E-496x1024.jpg 496w, https:\/\/artherapievirtus.org\/vda\/wp-content\/uploads\/2016\/05\/Flyer-13-or-de-vie-E-145x300.jpg 145w, https:\/\/artherapievirtus.org\/vda\/wp-content\/uploads\/2016\/05\/Flyer-13-or-de-vie-E.jpg 529w\" sizes=\"(max-width: 332px) 100vw, 332px\" \/><\/p>\n<div class=\"sharedaddy sd-sharing-enabled\"><div class=\"robots-nocontent sd-block sd-social sd-social-official sd-sharing\"><h3 class=\"sd-title\">Partager\u00a0:<\/h3><div class=\"sd-content\"><ul><li class=\"share-facebook\"><div class=\"fb-share-button\" data-href=\"https:\/\/artherapievirtus.org\/vda\/propositions-dateliers\/cesari-atelier-6-dessin-peinture\/\" data-layout=\"button_count\"><\/div><\/li><li class=\"share-twitter\"><a href=\"https:\/\/twitter.com\/share\" class=\"twitter-share-button\" data-url=\"https:\/\/artherapievirtus.org\/vda\/propositions-dateliers\/cesari-atelier-6-dessin-peinture\/\" data-text=\"4\/ Emmanuelle Cesari \u2013 Atelier 6 \u2013 Dessin peinture \u2013 Le sch\u00e9ma corporel\"  >Tweet<\/a><\/li><li class=\"share-linkedin\"><div class=\"linkedin_button\"><script type=\"in\/share\" data-url=\"https:\/\/artherapievirtus.org\/vda\/propositions-dateliers\/cesari-atelier-6-dessin-peinture\/\" data-counter=\"right\"><\/script><\/div><\/li><li><a href=\"#\" class=\"sharing-anchor sd-button share-more\"><span>Plus<\/span><\/a><\/li><li class=\"share-end\"><\/li><\/ul><div class=\"sharing-hidden\"><div class=\"inner\" style=\"display: none;\"><ul><li class=\"share-print\"><a rel=\"nofollow noopener noreferrer\" data-shared=\"\" class=\"share-print sd-button\" href=\"https:\/\/artherapievirtus.org\/vda\/propositions-dateliers\/cesari-atelier-6-dessin-peinture\/\" target=\"_blank\" title=\"Cliquer pour imprimer\"><span>Imprimer<\/span><\/a><\/li><li class=\"share-email\"><a rel=\"nofollow noopener noreferrer\" data-shared=\"\" class=\"share-email sd-button\" href=\"https:\/\/artherapievirtus.org\/vda\/propositions-dateliers\/cesari-atelier-6-dessin-peinture\/?share=email\" target=\"_blank\" title=\"Cliquez pour envoyer par e-mail \u00e0 un ami\"><span>E-mail<\/span><\/a><\/li><li class=\"share-end\"><\/li><li class=\"share-end\"><\/li><\/ul><\/div><\/div><\/div><\/div><\/div>","protected":false},"excerpt":{"rendered":"<p>4\/ AP = Arts plastiques = Emmanuelle Cesari Atelier sur le th\u00e8me du sch\u00e9ma corporel Consigne a\/ Les contours du corps Esquissez simplement les contours d\u2019un corps. Stylis\u00e9 ou non. Les op\u00e9rations qui sont derri\u00e8res. La symbolisation. Qu\u2019est-ce qui veut \u00eatre dit\u00a0? Les n\u0153uds, b\/ Marquer, d&rsquo;une couleur diff\u00e9rente selon la douleur, toutes les parties&hellip; <\/p>\n<p class=\"toivo-read-more\"><a href=\"https:\/\/artherapievirtus.org\/vda\/propositions-dateliers\/cesari-atelier-6-dessin-peinture\/\" class=\"more-link\">Lire la suite <span class=\"screen-reader-text\">de<\/span> <span class=\"screen-reader-text\">4\/ Emmanuelle Cesari \u2013 Atelier 6 \u2013 Dessin peinture \u2013 Le sch\u00e9ma corporel<\/span><\/a><\/p>\n<div class=\"sharedaddy sd-sharing-enabled\"><div class=\"robots-nocontent sd-block sd-social sd-social-official sd-sharing\"><h3 class=\"sd-title\">Partager\u00a0:<\/h3><div class=\"sd-content\"><ul><li class=\"share-facebook\"><div class=\"fb-share-button\" data-href=\"https:\/\/artherapievirtus.org\/vda\/propositions-dateliers\/cesari-atelier-6-dessin-peinture\/\" data-layout=\"button_count\"><\/div><\/li><li class=\"share-twitter\"><a href=\"https:\/\/twitter.com\/share\" class=\"twitter-share-button\" data-url=\"https:\/\/artherapievirtus.org\/vda\/propositions-dateliers\/cesari-atelier-6-dessin-peinture\/\" data-text=\"4\/ Emmanuelle Cesari \u2013 Atelier 6 \u2013 Dessin peinture \u2013 Le sch\u00e9ma corporel\"  >Tweet<\/a><\/li><li class=\"share-linkedin\"><div class=\"linkedin_button\"><script type=\"in\/share\" data-url=\"https:\/\/artherapievirtus.org\/vda\/propositions-dateliers\/cesari-atelier-6-dessin-peinture\/\" data-counter=\"right\"><\/script><\/div><\/li><li><a href=\"#\" class=\"sharing-anchor sd-button share-more\"><span>Plus<\/span><\/a><\/li><li class=\"share-end\"><\/li><\/ul><div class=\"sharing-hidden\"><div class=\"inner\" style=\"display: none;\"><ul><li class=\"share-print\"><a rel=\"nofollow noopener noreferrer\" data-shared=\"\" class=\"share-print sd-button\" href=\"https:\/\/artherapievirtus.org\/vda\/propositions-dateliers\/cesari-atelier-6-dessin-peinture\/\" target=\"_blank\" title=\"Cliquer pour imprimer\"><span>Imprimer<\/span><\/a><\/li><li class=\"share-email\"><a rel=\"nofollow noopener noreferrer\" data-shared=\"\" class=\"share-email sd-button\" href=\"https:\/\/artherapievirtus.org\/vda\/propositions-dateliers\/cesari-atelier-6-dessin-peinture\/?share=email\" target=\"_blank\" title=\"Cliquez pour envoyer par e-mail \u00e0 un ami\"><span>E-mail<\/span><\/a><\/li><li class=\"share-end\"><\/li><li class=\"share-end\"><\/li><\/ul><\/div><\/div><\/div><\/div><\/div>","protected":false},"author":3,"featured_media":1119,"parent":552,"menu_order":4,"comment_status":"open","ping_status":"closed","template":"","meta":{"spay_email":""},"yoast_head":"<!-- This site is optimized with the Yoast SEO plugin v17.2.1 - https:\/\/yoast.com\/wordpress\/plugins\/seo\/ -->\n<title>4\/ Emmanuelle Cesari \u2013 Atelier 6 \u2013 Dessin peinture \u2013 Le sch\u00e9ma corporel - 13 OR DE VIE \u2013 Victimes des attentats<\/title>\n<meta name=\"description\" content=\"Atelier 6 \u2013 Dessin Peinture, Les contours du corps, Le processus de cr\u00e9ation, les limites, niveau d\u2019int\u00e9gration du sch\u00e9ma corporel\" \/>\n<meta name=\"robots\" content=\"index, follow, max-snippet:-1, max-image-preview:large, max-video-preview:-1\" \/>\n<link rel=\"canonical\" href=\"https:\/\/artherapievirtus.org\/vda\/propositions-dateliers\/cesari-atelier-6-dessin-peinture\/\" \/>\n<meta property=\"og:locale\" content=\"fr_FR\" \/>\n<meta property=\"og:type\" content=\"article\" \/>\n<meta property=\"og:title\" content=\"4\/ Emmanuelle Cesari \u2013 Atelier 6 \u2013 Dessin peinture \u2013 Le sch\u00e9ma corporel - 13 OR DE VIE \u2013 Victimes des attentats\" \/>\n<meta property=\"og:description\" content=\"Atelier 6 \u2013 Dessin Peinture, Les contours du corps, Le processus de cr\u00e9ation, les limites, niveau d\u2019int\u00e9gration du sch\u00e9ma corporel\" \/>\n<meta property=\"og:url\" content=\"https:\/\/artherapievirtus.org\/vda\/propositions-dateliers\/cesari-atelier-6-dessin-peinture\/\" \/>\n<meta property=\"og:site_name\" content=\"13 OR DE VIE \u2013 Victimes des attentats\" \/>\n<meta property=\"article:publisher\" content=\"https:\/\/www.facebook.com\/artherapievirtus.org\/\" \/>\n<meta property=\"article:modified_time\" content=\"2021-08-16T13:12:37+00:00\" \/>\n<meta property=\"og:image\" content=\"https:\/\/artherapievirtus.org\/vda\/wp-content\/uploads\/2015\/11\/Identite\u0301-2011-petite-e1468957910544.jpg\" \/>\n\t<meta property=\"og:image:width\" content=\"117\" \/>\n\t<meta property=\"og:image:height\" content=\"154\" \/>\n<meta name=\"twitter:card\" content=\"summary\" \/>\n<meta name=\"twitter:site\" content=\"@artherapie75\" \/>\n<meta name=\"twitter:label1\" content=\"Dur\u00e9e de lecture estim\u00e9e\" \/>\n\t<meta name=\"twitter:data1\" content=\"4 minutes\" \/>\n<script type=\"application\/ld+json\" class=\"yoast-schema-graph\">{\"@context\":\"https:\/\/schema.org\",\"@graph\":[{\"@type\":\"WebSite\",\"@id\":\"https:\/\/artherapievirtus.org\/vda\/#website\",\"url\":\"https:\/\/artherapievirtus.org\/vda\/\",\"name\":\"13 OR DE VIE \\u2013 Victimes des attentats\",\"description\":\"Ce blogue  13 OR DE VIE est un outil collaboratif pour les ateliers d\\u2019Art-Th\\u00e9rapie  \\u00e0 l\\u2019intention des victimes du terrorisme\",\"potentialAction\":[{\"@type\":\"SearchAction\",\"target\":{\"@type\":\"EntryPoint\",\"urlTemplate\":\"https:\/\/artherapievirtus.org\/vda\/?s={search_term_string}\"},\"query-input\":\"required name=search_term_string\"}],\"inLanguage\":\"fr-FR\"},{\"@type\":\"ImageObject\",\"@id\":\"https:\/\/artherapievirtus.org\/vda\/propositions-dateliers\/cesari-atelier-6-dessin-peinture\/#primaryimage\",\"inLanguage\":\"fr-FR\",\"url\":\"https:\/\/artherapievirtus.org\/vda\/wp-content\/uploads\/2015\/11\/Identite\\u0301-2011-petite-e1468957910544.jpg\",\"contentUrl\":\"https:\/\/artherapievirtus.org\/vda\/wp-content\/uploads\/2015\/11\/Identite\\u0301-2011-petite-e1468957910544.jpg\",\"width\":117,\"height\":154},{\"@type\":\"WebPage\",\"@id\":\"https:\/\/artherapievirtus.org\/vda\/propositions-dateliers\/cesari-atelier-6-dessin-peinture\/#webpage\",\"url\":\"https:\/\/artherapievirtus.org\/vda\/propositions-dateliers\/cesari-atelier-6-dessin-peinture\/\",\"name\":\"4\/ Emmanuelle Cesari \\u2013 Atelier 6 \\u2013 Dessin peinture \\u2013 Le sch\\u00e9ma corporel - 13 OR DE VIE \\u2013 Victimes des attentats\",\"isPartOf\":{\"@id\":\"https:\/\/artherapievirtus.org\/vda\/#website\"},\"primaryImageOfPage\":{\"@id\":\"https:\/\/artherapievirtus.org\/vda\/propositions-dateliers\/cesari-atelier-6-dessin-peinture\/#primaryimage\"},\"datePublished\":\"2016-05-23T11:00:27+00:00\",\"dateModified\":\"2021-08-16T13:12:37+00:00\",\"description\":\"Atelier 6 \\u2013 Dessin Peinture, Les contours du corps, Le processus de cr\\u00e9ation, les limites, niveau d\\u2019int\\u00e9gration du sch\\u00e9ma corporel\",\"breadcrumb\":{\"@id\":\"https:\/\/artherapievirtus.org\/vda\/propositions-dateliers\/cesari-atelier-6-dessin-peinture\/#breadcrumb\"},\"inLanguage\":\"fr-FR\",\"potentialAction\":[{\"@type\":\"ReadAction\",\"target\":[\"https:\/\/artherapievirtus.org\/vda\/propositions-dateliers\/cesari-atelier-6-dessin-peinture\/\"]}]},{\"@type\":\"BreadcrumbList\",\"@id\":\"https:\/\/artherapievirtus.org\/vda\/propositions-dateliers\/cesari-atelier-6-dessin-peinture\/#breadcrumb\",\"itemListElement\":[{\"@type\":\"ListItem\",\"position\":1,\"name\":\"Accueil\",\"item\":\"https:\/\/artherapievirtus.org\/vda\/\"},{\"@type\":\"ListItem\",\"position\":2,\"name\":\"Propositions d&rsquo;ateliers d&rsquo;Art-Th\\u00e9rapie\",\"item\":\"https:\/\/artherapievirtus.org\/vda\/propositions-dateliers\/\"},{\"@type\":\"ListItem\",\"position\":3,\"name\":\"4\/ Emmanuelle Cesari \\u2013 Atelier 6 \\u2013 Dessin peinture \\u2013 Le sch\\u00e9ma corporel\"}]}]}<\/script>\n<!-- \/ Yoast SEO plugin. -->","yoast_head_json":{"title":"4\/ Emmanuelle Cesari \u2013 Atelier 6 \u2013 Dessin peinture \u2013 Le sch\u00e9ma corporel - 13 OR DE VIE \u2013 Victimes des attentats","description":"Atelier 6 \u2013 Dessin Peinture, Les contours du corps, Le processus de cr\u00e9ation, les limites, niveau d\u2019int\u00e9gration du sch\u00e9ma corporel","robots":{"index":"index","follow":"follow","max-snippet":"max-snippet:-1","max-image-preview":"max-image-preview:large","max-video-preview":"max-video-preview:-1"},"canonical":"https:\/\/artherapievirtus.org\/vda\/propositions-dateliers\/cesari-atelier-6-dessin-peinture\/","og_locale":"fr_FR","og_type":"article","og_title":"4\/ Emmanuelle Cesari \u2013 Atelier 6 \u2013 Dessin peinture \u2013 Le sch\u00e9ma corporel - 13 OR DE VIE \u2013 Victimes des attentats","og_description":"Atelier 6 \u2013 Dessin Peinture, Les contours du corps, Le processus de cr\u00e9ation, les limites, niveau d\u2019int\u00e9gration du sch\u00e9ma corporel","og_url":"https:\/\/artherapievirtus.org\/vda\/propositions-dateliers\/cesari-atelier-6-dessin-peinture\/","og_site_name":"13 OR DE VIE \u2013 Victimes des attentats","article_publisher":"https:\/\/www.facebook.com\/artherapievirtus.org\/","article_modified_time":"2021-08-16T13:12:37+00:00","og_image":[{"width":117,"height":154,"url":"https:\/\/artherapievirtus.org\/vda\/wp-content\/uploads\/2015\/11\/Identite\u0301-2011-petite-e1468957910544.jpg","path":"\/home\/artherapq\/www\/vda\/wp-content\/uploads\/2015\/11\/Identite\u0301-2011-petite-e1468957910544.jpg","size":"full","id":1119,"alt":"","pixels":18018,"type":"image\/jpeg"}],"twitter_card":"summary","twitter_site":"@artherapie75","twitter_misc":{"Dur\u00e9e de lecture estim\u00e9e":"4 minutes"},"schema":{"@context":"https:\/\/schema.org","@graph":[{"@type":"WebSite","@id":"https:\/\/artherapievirtus.org\/vda\/#website","url":"https:\/\/artherapievirtus.org\/vda\/","name":"13 OR DE VIE \u2013 Victimes des attentats","description":"Ce blogue  13 OR DE VIE est un outil collaboratif pour les ateliers d\u2019Art-Th\u00e9rapie  \u00e0 l\u2019intention des victimes du terrorisme","potentialAction":[{"@type":"SearchAction","target":{"@type":"EntryPoint","urlTemplate":"https:\/\/artherapievirtus.org\/vda\/?s={search_term_string}"},"query-input":"required name=search_term_string"}],"inLanguage":"fr-FR"},{"@type":"ImageObject","@id":"https:\/\/artherapievirtus.org\/vda\/propositions-dateliers\/cesari-atelier-6-dessin-peinture\/#primaryimage","inLanguage":"fr-FR","url":"https:\/\/artherapievirtus.org\/vda\/wp-content\/uploads\/2015\/11\/Identite\u0301-2011-petite-e1468957910544.jpg","contentUrl":"https:\/\/artherapievirtus.org\/vda\/wp-content\/uploads\/2015\/11\/Identite\u0301-2011-petite-e1468957910544.jpg","width":117,"height":154},{"@type":"WebPage","@id":"https:\/\/artherapievirtus.org\/vda\/propositions-dateliers\/cesari-atelier-6-dessin-peinture\/#webpage","url":"https:\/\/artherapievirtus.org\/vda\/propositions-dateliers\/cesari-atelier-6-dessin-peinture\/","name":"4\/ Emmanuelle Cesari \u2013 Atelier 6 \u2013 Dessin peinture \u2013 Le sch\u00e9ma corporel - 13 OR DE VIE \u2013 Victimes des attentats","isPartOf":{"@id":"https:\/\/artherapievirtus.org\/vda\/#website"},"primaryImageOfPage":{"@id":"https:\/\/artherapievirtus.org\/vda\/propositions-dateliers\/cesari-atelier-6-dessin-peinture\/#primaryimage"},"datePublished":"2016-05-23T11:00:27+00:00","dateModified":"2021-08-16T13:12:37+00:00","description":"Atelier 6 \u2013 Dessin Peinture, Les contours du corps, Le processus de cr\u00e9ation, les limites, niveau d\u2019int\u00e9gration du sch\u00e9ma corporel","breadcrumb":{"@id":"https:\/\/artherapievirtus.org\/vda\/propositions-dateliers\/cesari-atelier-6-dessin-peinture\/#breadcrumb"},"inLanguage":"fr-FR","potentialAction":[{"@type":"ReadAction","target":["https:\/\/artherapievirtus.org\/vda\/propositions-dateliers\/cesari-atelier-6-dessin-peinture\/"]}]},{"@type":"BreadcrumbList","@id":"https:\/\/artherapievirtus.org\/vda\/propositions-dateliers\/cesari-atelier-6-dessin-peinture\/#breadcrumb","itemListElement":[{"@type":"ListItem","position":1,"name":"Accueil","item":"https:\/\/artherapievirtus.org\/vda\/"},{"@type":"ListItem","position":2,"name":"Propositions d&rsquo;ateliers d&rsquo;Art-Th\u00e9rapie","item":"https:\/\/artherapievirtus.org\/vda\/propositions-dateliers\/"},{"@type":"ListItem","position":3,"name":"4\/ Emmanuelle Cesari \u2013 Atelier 6 \u2013 Dessin peinture \u2013 Le sch\u00e9ma corporel"}]}]}},"jetpack_sharing_enabled":true,"jetpack_likes_enabled":true,"_links":{"self":[{"href":"https:\/\/artherapievirtus.org\/vda\/wp-json\/wp\/v2\/pages\/631"}],"collection":[{"href":"https:\/\/artherapievirtus.org\/vda\/wp-json\/wp\/v2\/pages"}],"about":[{"href":"https:\/\/artherapievirtus.org\/vda\/wp-json\/wp\/v2\/types\/page"}],"author":[{"embeddable":true,"href":"https:\/\/artherapievirtus.org\/vda\/wp-json\/wp\/v2\/users\/3"}],"replies":[{"embeddable":true,"href":"https:\/\/artherapievirtus.org\/vda\/wp-json\/wp\/v2\/comments?post=631"}],"version-history":[{"count":21,"href":"https:\/\/artherapievirtus.org\/vda\/wp-json\/wp\/v2\/pages\/631\/revisions"}],"predecessor-version":[{"id":7780,"href":"https:\/\/artherapievirtus.org\/vda\/wp-json\/wp\/v2\/pages\/631\/revisions\/7780"}],"up":[{"embeddable":true,"href":"https:\/\/artherapievirtus.org\/vda\/wp-json\/wp\/v2\/pages\/552"}],"wp:featuredmedia":[{"embeddable":true,"href":"https:\/\/artherapievirtus.org\/vda\/wp-json\/wp\/v2\/media\/1119"}],"wp:attachment":[{"href":"https:\/\/artherapievirtus.org\/vda\/wp-json\/wp\/v2\/media?parent=631"}],"curies":[{"name":"wp","href":"https:\/\/api.w.org\/{rel}","templated":true}]}}