{"id":6178,"date":"2017-01-02T09:14:32","date_gmt":"2017-01-02T07:14:32","guid":{"rendered":"http:\/\/artherapievirtus.org\/vda\/?page_id=6178"},"modified":"2017-01-17T14:04:10","modified_gmt":"2017-01-17T12:04:10","slug":"objectif-de-nos-ateliers","status":"publish","type":"page","link":"https:\/\/artherapievirtus.org\/vda\/pele-mele-de-13-or-de-vie\/objectif-de-nos-ateliers\/","title":{"rendered":"Objectifs de nos ateliers"},"content":{"rendered":"<p><strong><span style=\"color: #ffcc00;\">\u2022<\/span> <\/strong><span style=\"color: #ffcc00;\">Emmener les personnes vers un changement<\/span> (m\u00eame minime). Une transformation psychique ayant des effets th\u00e9rapeutiques gr\u00e2ce au d\u00e9veloppement des affects, des \u00e9motions, des sensations.<br \/>\nLe faire avant tout, avec plaisir, dans un but de satisfaction et de valorisation narcissique par la concr\u00e9tisation et la r\u00e9alisation d\u2019un objet cr\u00e9\u00e9 (dans le cas des arts plastiques,\u00a0 mais l&rsquo;art-th\u00e9rapie ne se r\u00e9sume pas \u00e0 cet objectif de r\u00e9paration narcissique \u00e0 travers l&rsquo;objet cr\u00e9e; les m\u00e9diations agissent diff\u00e9remment selon sa nature : plastique, sonore, corporelle etc); une image, une peinture, un dessin, un \u00e9crit&#8230;<br \/>\n<strong><span style=\"color: #ffcc00;\">\u2022 <\/span><\/strong><span style=\"color: #ffcc00;\">Renforcer l\u2019estime de soi<\/span> pour certaines personnes.<br \/>\n<strong><span style=\"color: #ffcc00;\">\u2022<\/span> <\/strong><span style=\"color: #ffcc00;\">Conscientiser ses \u00e9motions<\/span>, donner acc\u00e8s \u00e0 des mots, du langage, de la pens\u00e9e.<br \/>\nL\u2019adulte cherche cet \u00e9tat de transformation, par rapport \u00e0 la demande de changement\u00a0; l\u2019art correspond \u00e0 cette attente. D\u2019ailleurs qui n\u2019a pas \u00e9prouv\u00e9 un moment fort devant un tableau, et sort transform\u00e9 apr\u00e8s la visite d\u2019une exposition, ou apr\u00e8s avoir \u00e9cout\u00e9 une musique&#8230;<\/p>\n<blockquote><p>La peinture est un combat entre son int\u00e9rieur et l\u2019ext\u00e9rieur<\/p><\/blockquote>\n<p style=\"text-align: right;\">Picasso<\/p>\n<p><strong><span style=\"color: #ffcc00;\">\u2022<\/span> <\/strong><span style=\"color: #ffcc00;\">Relancer une dynamique au niveau de la motricit\u00e9 fine<\/span> vers une r\u00e9animation psychique. Le participant peut retrouver le contact avec ses affects, ses \u00e9motions, son imaginaire, et toute une capacit\u00e9 cr\u00e9ative qu\u2019il ne soup\u00e7onnait pas parfois. Ces s\u00e9ances permettent de pouvoir s\u2019exprimer par le d\u00e9tour d&rsquo;un objet qui sert de \u00ab\u00a0masque\u00a0\u00bb, de travestissement \u00e0 l&rsquo;abord direct de sa probl\u00e9matique personnelle car <em>\u00ab La peinture est la plus belle image cach\u00e9e de celui qui l&rsquo;a peinte \u00bb<\/em> disait Picasso. Il peut cr\u00e9er si possible, non pas dans une d\u00e9charge ponctuelle, mais dans une \u00e9laboration r\u00e9guli\u00e8re et de longue dur\u00e9e.<br \/>\n<strong><span style=\"color: #ffcc00;\">\u2022<\/span> <\/strong><span style=\"color: #ffcc00;\">Offrir un espace d\u2019expression<\/span> par le biais d\u2019un pinceau, de crayons, peintures, mots, sons, corps etc. Lorsqu\u2019il y a eu traumatisme, alors que les personnes ne se souviennent plus de l\u2019\u00e9v\u00e9nement traumatique mais en gardent l\u2019\u00e9motion, elles peuvent ainsi exprimer l\u2019\u00e9nergie pulsionnelle (inconsciente). Cela leur permet d\u2019exprimer leur vie int\u00e9rieure, psychique. La feuille de papier en est le r\u00e9ceptacle.<br \/>\n<strong><span style=\"color: #ffcc00;\">\u2022<\/span> <\/strong><span style=\"color: #ffcc00;\">Offrir un espace de communication.<\/span> Car ils peuvent communiquer entre eux avoir des interactions entre eux, dues aux ph\u00e9nom\u00e8nes de groupe. Car, selon Didier Anzieu : <em>\u00ab les sujets humains vont \u00e0 des groupes de la m\u00eame fa\u00e7on que, dans leur sommeil, ils entrent en r\u00eave \u00bb.<\/em> Le groupe comme le r\u00eave est le moyen et le lieu de la r\u00e9alisation imaginaire des d\u00e9sirs inconscients infantiles.<br \/>\n<strong><span style=\"color: #ffcc00;\">\u2022<\/span> <\/strong><span style=\"color: #ffcc00;\">Offrir un espace de mise en valeur du potentiel existant .<\/span> Cela permet une narcissisation (une estime de soi) ayant des effets th\u00e9rapeutiques.<br \/>\n<strong><span style=\"color: #ffcc00;\">\u2022<\/span> <\/strong><span style=\"color: #ffcc00;\">Offrir un espace qui permet d\u2019exprimer le plaisir.<\/span> L\u2019importance du plaisir est non n\u00e9gligeable, il fait partie du d\u00e9veloppement des \u00e9motions qui contribuent \u00e0 l\u2019\u00e9quilibre hom\u00e9ostatique de la personne.<br \/>\n<strong><span style=\"color: #ffcc00;\">\u2022<\/span> <\/strong><span style=\"color: #ffcc00;\">Offrir un espace pour d\u00e9velopper l\u2019identit\u00e9 (picturale ou autre : gestuelle, sonore&#8230;)<\/span> On peut souvent parler de style personnel \u00e0 la lecture des productions r\u00e9alis\u00e9es.<\/p>\n<div class=\"sharedaddy sd-sharing-enabled\"><div class=\"robots-nocontent sd-block sd-social sd-social-official sd-sharing\"><h3 class=\"sd-title\">Partager\u00a0:<\/h3><div class=\"sd-content\"><ul><li class=\"share-facebook\"><div class=\"fb-share-button\" data-href=\"https:\/\/artherapievirtus.org\/vda\/pele-mele-de-13-or-de-vie\/objectif-de-nos-ateliers\/\" data-layout=\"button_count\"><\/div><\/li><li class=\"share-twitter\"><a href=\"https:\/\/twitter.com\/share\" class=\"twitter-share-button\" data-url=\"https:\/\/artherapievirtus.org\/vda\/pele-mele-de-13-or-de-vie\/objectif-de-nos-ateliers\/\" data-text=\"Objectifs de nos ateliers\"  >Tweet<\/a><\/li><li class=\"share-linkedin\"><div class=\"linkedin_button\"><script type=\"in\/share\" data-url=\"https:\/\/artherapievirtus.org\/vda\/pele-mele-de-13-or-de-vie\/objectif-de-nos-ateliers\/\" data-counter=\"right\"><\/script><\/div><\/li><li><a href=\"#\" class=\"sharing-anchor sd-button share-more\"><span>Plus<\/span><\/a><\/li><li class=\"share-end\"><\/li><\/ul><div class=\"sharing-hidden\"><div class=\"inner\" style=\"display: none;\"><ul><li class=\"share-print\"><a rel=\"nofollow noopener noreferrer\" data-shared=\"\" class=\"share-print sd-button\" href=\"https:\/\/artherapievirtus.org\/vda\/pele-mele-de-13-or-de-vie\/objectif-de-nos-ateliers\/\" target=\"_blank\" title=\"Cliquer pour imprimer\"><span>Imprimer<\/span><\/a><\/li><li class=\"share-email\"><a rel=\"nofollow noopener noreferrer\" data-shared=\"\" class=\"share-email sd-button\" href=\"https:\/\/artherapievirtus.org\/vda\/pele-mele-de-13-or-de-vie\/objectif-de-nos-ateliers\/?share=email\" target=\"_blank\" title=\"Cliquez pour envoyer par e-mail \u00e0 un ami\"><span>E-mail<\/span><\/a><\/li><li class=\"share-end\"><\/li><li class=\"share-end\"><\/li><\/ul><\/div><\/div><\/div><\/div><\/div>","protected":false},"excerpt":{"rendered":"<p>\u2022 Emmener les personnes vers un changement (m\u00eame minime). Une transformation psychique ayant des effets th\u00e9rapeutiques gr\u00e2ce au d\u00e9veloppement des affects, des \u00e9motions, des sensations. Le faire avant tout, avec plaisir, dans un but de satisfaction et de valorisation narcissique par la concr\u00e9tisation et la r\u00e9alisation d\u2019un objet cr\u00e9\u00e9 (dans le cas des arts plastiques,\u00a0&hellip; <\/p>\n<p class=\"toivo-read-more\"><a href=\"https:\/\/artherapievirtus.org\/vda\/pele-mele-de-13-or-de-vie\/objectif-de-nos-ateliers\/\" class=\"more-link\">Lire la suite <span class=\"screen-reader-text\">de<\/span> <span class=\"screen-reader-text\">Objectifs de nos ateliers<\/span><\/a><\/p>\n<div class=\"sharedaddy sd-sharing-enabled\"><div class=\"robots-nocontent sd-block sd-social sd-social-official sd-sharing\"><h3 class=\"sd-title\">Partager\u00a0:<\/h3><div class=\"sd-content\"><ul><li class=\"share-facebook\"><div class=\"fb-share-button\" data-href=\"https:\/\/artherapievirtus.org\/vda\/pele-mele-de-13-or-de-vie\/objectif-de-nos-ateliers\/\" data-layout=\"button_count\"><\/div><\/li><li class=\"share-twitter\"><a href=\"https:\/\/twitter.com\/share\" class=\"twitter-share-button\" data-url=\"https:\/\/artherapievirtus.org\/vda\/pele-mele-de-13-or-de-vie\/objectif-de-nos-ateliers\/\" data-text=\"Objectifs de nos ateliers\"  >Tweet<\/a><\/li><li class=\"share-linkedin\"><div class=\"linkedin_button\"><script type=\"in\/share\" data-url=\"https:\/\/artherapievirtus.org\/vda\/pele-mele-de-13-or-de-vie\/objectif-de-nos-ateliers\/\" data-counter=\"right\"><\/script><\/div><\/li><li><a href=\"#\" class=\"sharing-anchor sd-button share-more\"><span>Plus<\/span><\/a><\/li><li class=\"share-end\"><\/li><\/ul><div class=\"sharing-hidden\"><div class=\"inner\" style=\"display: none;\"><ul><li class=\"share-print\"><a rel=\"nofollow noopener noreferrer\" data-shared=\"\" class=\"share-print sd-button\" href=\"https:\/\/artherapievirtus.org\/vda\/pele-mele-de-13-or-de-vie\/objectif-de-nos-ateliers\/\" target=\"_blank\" title=\"Cliquer pour imprimer\"><span>Imprimer<\/span><\/a><\/li><li class=\"share-email\"><a rel=\"nofollow noopener noreferrer\" data-shared=\"\" class=\"share-email sd-button\" href=\"https:\/\/artherapievirtus.org\/vda\/pele-mele-de-13-or-de-vie\/objectif-de-nos-ateliers\/?share=email\" target=\"_blank\" title=\"Cliquez pour envoyer par e-mail \u00e0 un ami\"><span>E-mail<\/span><\/a><\/li><li class=\"share-end\"><\/li><li class=\"share-end\"><\/li><\/ul><\/div><\/div><\/div><\/div><\/div>","protected":false},"author":3,"featured_media":0,"parent":3687,"menu_order":0,"comment_status":"closed","ping_status":"closed","template":"","meta":{"spay_email":""},"yoast_head":"<!-- This site is optimized with the Yoast SEO plugin v17.2.1 - https:\/\/yoast.com\/wordpress\/plugins\/seo\/ -->\n<title>Objectifs de nos ateliers - 13 OR DE VIE \u2013 Victimes des attentats<\/title>\n<meta name=\"robots\" content=\"index, follow, max-snippet:-1, max-image-preview:large, max-video-preview:-1\" \/>\n<link rel=\"canonical\" href=\"https:\/\/artherapievirtus.org\/vda\/pele-mele-de-13-or-de-vie\/objectif-de-nos-ateliers\/\" \/>\n<meta property=\"og:locale\" content=\"fr_FR\" \/>\n<meta property=\"og:type\" content=\"article\" \/>\n<meta property=\"og:title\" content=\"Objectifs de nos ateliers - 13 OR DE VIE \u2013 Victimes des attentats\" \/>\n<meta property=\"og:description\" content=\"\u2022 Emmener les personnes vers un changement (m\u00eame minime). Une transformation psychique ayant des effets th\u00e9rapeutiques gr\u00e2ce au d\u00e9veloppement des affects, des \u00e9motions, des sensations. Le faire avant tout, avec plaisir, dans un but de satisfaction et de valorisation narcissique par la concr\u00e9tisation et la r\u00e9alisation d\u2019un objet cr\u00e9\u00e9 (dans le cas des arts plastiques,\u00a0&hellip; Lire la suite de Objectifs de nos ateliers\" \/>\n<meta property=\"og:url\" content=\"https:\/\/artherapievirtus.org\/vda\/pele-mele-de-13-or-de-vie\/objectif-de-nos-ateliers\/\" \/>\n<meta property=\"og:site_name\" content=\"13 OR DE VIE \u2013 Victimes des attentats\" \/>\n<meta property=\"article:publisher\" content=\"https:\/\/www.facebook.com\/artherapievirtus.org\/\" \/>\n<meta property=\"article:modified_time\" content=\"2017-01-17T12:04:10+00:00\" \/>\n<meta name=\"twitter:card\" content=\"summary\" \/>\n<meta name=\"twitter:site\" content=\"@artherapie75\" \/>\n<meta name=\"twitter:label1\" content=\"Dur\u00e9e de lecture estim\u00e9e\" \/>\n\t<meta name=\"twitter:data1\" content=\"3 minutes\" \/>\n<script type=\"application\/ld+json\" class=\"yoast-schema-graph\">{\"@context\":\"https:\/\/schema.org\",\"@graph\":[{\"@type\":\"WebSite\",\"@id\":\"https:\/\/artherapievirtus.org\/vda\/#website\",\"url\":\"https:\/\/artherapievirtus.org\/vda\/\",\"name\":\"13 OR DE VIE \\u2013 Victimes des attentats\",\"description\":\"Ce blogue  13 OR DE VIE est un outil collaboratif pour les ateliers d\\u2019Art-Th\\u00e9rapie  \\u00e0 l\\u2019intention des victimes du terrorisme\",\"potentialAction\":[{\"@type\":\"SearchAction\",\"target\":{\"@type\":\"EntryPoint\",\"urlTemplate\":\"https:\/\/artherapievirtus.org\/vda\/?s={search_term_string}\"},\"query-input\":\"required name=search_term_string\"}],\"inLanguage\":\"fr-FR\"},{\"@type\":\"WebPage\",\"@id\":\"https:\/\/artherapievirtus.org\/vda\/pele-mele-de-13-or-de-vie\/objectif-de-nos-ateliers\/#webpage\",\"url\":\"https:\/\/artherapievirtus.org\/vda\/pele-mele-de-13-or-de-vie\/objectif-de-nos-ateliers\/\",\"name\":\"Objectifs de nos ateliers - 13 OR DE VIE \\u2013 Victimes des attentats\",\"isPartOf\":{\"@id\":\"https:\/\/artherapievirtus.org\/vda\/#website\"},\"datePublished\":\"2017-01-02T07:14:32+00:00\",\"dateModified\":\"2017-01-17T12:04:10+00:00\",\"breadcrumb\":{\"@id\":\"https:\/\/artherapievirtus.org\/vda\/pele-mele-de-13-or-de-vie\/objectif-de-nos-ateliers\/#breadcrumb\"},\"inLanguage\":\"fr-FR\",\"potentialAction\":[{\"@type\":\"ReadAction\",\"target\":[\"https:\/\/artherapievirtus.org\/vda\/pele-mele-de-13-or-de-vie\/objectif-de-nos-ateliers\/\"]}]},{\"@type\":\"BreadcrumbList\",\"@id\":\"https:\/\/artherapievirtus.org\/vda\/pele-mele-de-13-or-de-vie\/objectif-de-nos-ateliers\/#breadcrumb\",\"itemListElement\":[{\"@type\":\"ListItem\",\"position\":1,\"name\":\"Accueil\",\"item\":\"https:\/\/artherapievirtus.org\/vda\/\"},{\"@type\":\"ListItem\",\"position\":2,\"name\":\"P\\u00eale-m\\u00eale de 13 OR DE VIE\",\"item\":\"https:\/\/artherapievirtus.org\/vda\/pele-mele-de-13-or-de-vie\/\"},{\"@type\":\"ListItem\",\"position\":3,\"name\":\"Objectifs de nos ateliers\"}]}]}<\/script>\n<!-- \/ Yoast SEO plugin. -->","yoast_head_json":{"title":"Objectifs de nos ateliers - 13 OR DE VIE \u2013 Victimes des attentats","robots":{"index":"index","follow":"follow","max-snippet":"max-snippet:-1","max-image-preview":"max-image-preview:large","max-video-preview":"max-video-preview:-1"},"canonical":"https:\/\/artherapievirtus.org\/vda\/pele-mele-de-13-or-de-vie\/objectif-de-nos-ateliers\/","og_locale":"fr_FR","og_type":"article","og_title":"Objectifs de nos ateliers - 13 OR DE VIE \u2013 Victimes des attentats","og_description":"\u2022 Emmener les personnes vers un changement (m\u00eame minime). Une transformation psychique ayant des effets th\u00e9rapeutiques gr\u00e2ce au d\u00e9veloppement des affects, des \u00e9motions, des sensations. Le faire avant tout, avec plaisir, dans un but de satisfaction et de valorisation narcissique par la concr\u00e9tisation et la r\u00e9alisation d\u2019un objet cr\u00e9\u00e9 (dans le cas des arts plastiques,\u00a0&hellip; Lire la suite de Objectifs de nos ateliers","og_url":"https:\/\/artherapievirtus.org\/vda\/pele-mele-de-13-or-de-vie\/objectif-de-nos-ateliers\/","og_site_name":"13 OR DE VIE \u2013 Victimes des attentats","article_publisher":"https:\/\/www.facebook.com\/artherapievirtus.org\/","article_modified_time":"2017-01-17T12:04:10+00:00","twitter_card":"summary","twitter_site":"@artherapie75","twitter_misc":{"Dur\u00e9e de lecture estim\u00e9e":"3 minutes"},"schema":{"@context":"https:\/\/schema.org","@graph":[{"@type":"WebSite","@id":"https:\/\/artherapievirtus.org\/vda\/#website","url":"https:\/\/artherapievirtus.org\/vda\/","name":"13 OR DE VIE \u2013 Victimes des attentats","description":"Ce blogue  13 OR DE VIE est un outil collaboratif pour les ateliers d\u2019Art-Th\u00e9rapie  \u00e0 l\u2019intention des victimes du terrorisme","potentialAction":[{"@type":"SearchAction","target":{"@type":"EntryPoint","urlTemplate":"https:\/\/artherapievirtus.org\/vda\/?s={search_term_string}"},"query-input":"required name=search_term_string"}],"inLanguage":"fr-FR"},{"@type":"WebPage","@id":"https:\/\/artherapievirtus.org\/vda\/pele-mele-de-13-or-de-vie\/objectif-de-nos-ateliers\/#webpage","url":"https:\/\/artherapievirtus.org\/vda\/pele-mele-de-13-or-de-vie\/objectif-de-nos-ateliers\/","name":"Objectifs de nos ateliers - 13 OR DE VIE \u2013 Victimes des attentats","isPartOf":{"@id":"https:\/\/artherapievirtus.org\/vda\/#website"},"datePublished":"2017-01-02T07:14:32+00:00","dateModified":"2017-01-17T12:04:10+00:00","breadcrumb":{"@id":"https:\/\/artherapievirtus.org\/vda\/pele-mele-de-13-or-de-vie\/objectif-de-nos-ateliers\/#breadcrumb"},"inLanguage":"fr-FR","potentialAction":[{"@type":"ReadAction","target":["https:\/\/artherapievirtus.org\/vda\/pele-mele-de-13-or-de-vie\/objectif-de-nos-ateliers\/"]}]},{"@type":"BreadcrumbList","@id":"https:\/\/artherapievirtus.org\/vda\/pele-mele-de-13-or-de-vie\/objectif-de-nos-ateliers\/#breadcrumb","itemListElement":[{"@type":"ListItem","position":1,"name":"Accueil","item":"https:\/\/artherapievirtus.org\/vda\/"},{"@type":"ListItem","position":2,"name":"P\u00eale-m\u00eale de 13 OR DE VIE","item":"https:\/\/artherapievirtus.org\/vda\/pele-mele-de-13-or-de-vie\/"},{"@type":"ListItem","position":3,"name":"Objectifs de nos ateliers"}]}]}},"jetpack_sharing_enabled":true,"jetpack_likes_enabled":true,"_links":{"self":[{"href":"https:\/\/artherapievirtus.org\/vda\/wp-json\/wp\/v2\/pages\/6178"}],"collection":[{"href":"https:\/\/artherapievirtus.org\/vda\/wp-json\/wp\/v2\/pages"}],"about":[{"href":"https:\/\/artherapievirtus.org\/vda\/wp-json\/wp\/v2\/types\/page"}],"author":[{"embeddable":true,"href":"https:\/\/artherapievirtus.org\/vda\/wp-json\/wp\/v2\/users\/3"}],"replies":[{"embeddable":true,"href":"https:\/\/artherapievirtus.org\/vda\/wp-json\/wp\/v2\/comments?post=6178"}],"version-history":[{"count":9,"href":"https:\/\/artherapievirtus.org\/vda\/wp-json\/wp\/v2\/pages\/6178\/revisions"}],"predecessor-version":[{"id":6507,"href":"https:\/\/artherapievirtus.org\/vda\/wp-json\/wp\/v2\/pages\/6178\/revisions\/6507"}],"up":[{"embeddable":true,"href":"https:\/\/artherapievirtus.org\/vda\/wp-json\/wp\/v2\/pages\/3687"}],"wp:attachment":[{"href":"https:\/\/artherapievirtus.org\/vda\/wp-json\/wp\/v2\/media?parent=6178"}],"curies":[{"name":"wp","href":"https:\/\/api.w.org\/{rel}","templated":true}]}}