{"id":6151,"date":"2016-12-31T11:37:08","date_gmt":"2016-12-31T09:37:08","guid":{"rendered":"http:\/\/artherapievirtus.org\/vda\/?page_id=6151"},"modified":"2017-01-08T23:47:42","modified_gmt":"2017-01-08T21:47:42","slug":"transfert-contre-transfert-art-therapie","status":"publish","type":"page","link":"https:\/\/artherapievirtus.org\/vda\/pele-mele-de-13-or-de-vie\/transfert-contre-transfert-art-therapie\/","title":{"rendered":"Transfert et contre-transfert en Art-Th\u00e9rapie"},"content":{"rendered":"<h6><span style=\"color: #ffcc00;\">Transfert<\/span><\/h6>\n<p><em><strong>Pour Lacan<\/strong><\/em> le transfert est l&rsquo;inconscient en acte. Lacan d\u00e9signe le transfert comme une croyance sur un inconscient suppos\u00e9 par le patient. Au fil du temps le patient va fait l&rsquo;exp\u00e9rience d&rsquo;un inconscient non plus \u00ab\u00a0suppos\u00e9 \u00a0\u00bb et imaginaire mais r\u00e9el et singulier le sien propre. Il s&rsquo;agit d&rsquo;un espace psychique inou\u00ef, jusqu&rsquo;alors inconnu de lui, ou agit une v\u00e9rit\u00e9 \u2013 particuli\u00e8re \u2013 qui le concerne.<br \/>\n<strong><span style=\"color: #ffcc00;\">\u2022<\/span> <\/strong>Delaunay (2011). <em>Les quatre transferts,<\/em> F\u00e9d\u00e9ration des ateliers de psychanalyse, p.109.<br \/>\n<strong><span style=\"color: #ffcc00;\">\u2022<\/span> <\/strong>Tomasella S. (2012). <em>Le transfert,<\/em> Paris Eyrolles p.65.<\/p>\n<p><em><strong>Annie Franck. <\/strong><\/em>Elle nous parle effectivement de la beaut\u00e9 dans le transfert, il s\u2019agit de la capacit\u00e9 saisie et comme invent\u00e9e alors, de s\u2019adresser \u00e0 un autre dans l\u2019espace du transfert, la parole devenue possible tendue vers cet autre avec qui une aire \u00ab d\u2019entente \u00bb s\u2019est constitu\u00e9e, r\u00e9sonne de l\u2019un \u00e0 l\u2019autre. Elle s\u2019est d\u00e9velopp\u00e9e pour une bonne part \u00e0 l\u2019insu de chacun souterrainement, et provoque parfois cet \u00e9merveillement. Lorsqu\u2019elle s\u2019actualise tout d\u2019un coup par le ravissement. C\u2019est un point d\u2019origine qui advient dans l\u2019espace cr\u00e9\u00e9 en commun.<br \/>\n<strong><span style=\"color: #ffcc00;\">\u2022<\/span> <\/strong>Franck A. (2007). Beaut\u00e9 et transfert, Paris, Hermann.<\/p>\n<hr \/>\n<h6><span style=\"color: #ffcc00;\">Contre-transfert<\/span><\/h6>\n<p><em><strong>Laplanche J. et Pontalis J.B. :<\/strong> <\/em>Le contre-transfert est l\u2019ensemble des r\u00e9actions inconscientes de l\u2019analyste \u00e0 la personne de l\u2019analys\u00e9 et plus particuli\u00e8rement au transfert de celui-ci. Ces sentiments de contre-transfert facilitent chez l\u2019analyste la compr\u00e9hension de la nature du conflit intra-psychique v\u00e9cu par l\u2019analys\u00e9 dans son travail d\u2019analyse et son interpr\u00e9tation dynamique en vue de l\u2019am\u00e9lioration de son \u00e9tat.<br \/>\n<strong><span style=\"color: #ffcc00;\">\u2022<\/span> <\/strong>Laplanche J. et Pontalis J.B. 1967 (1\u00e8re \u00e9dition) (1978). Le vocabulaire de la psychanalyse, Paris, Presse Universitaire de France, p.\u00a0103.<\/p>\n<p>Observation de Claudia Cavicchia : En art-th\u00e9rapie, le transfert se fait aussi bien envers l&rsquo;art-th\u00e9rapeute qu&rsquo;envers la mati\u00e8re (ou le jeu, dans le cas des arts de la sc\u00e8ne), l&rsquo;objet cr\u00e9e (concret ou abstrait, selon la m\u00e9diation artistique). L&rsquo;art-th\u00e9rapeute aide la personne qu&rsquo;il accompagne \u00e0 \u00ab\u00a0trianguler\u00a0\u00bb, d\u00e9placer ses affects vers la cr\u00e9ation artistique. Le vrai m\u00e9diateur (entre la personne et sa cr\u00e9ation) , en art-th\u00e9rapie, est l&rsquo;art-th\u00e9rapeute&#8230;<\/p>\n<p>&nbsp;<\/p>\n<div class=\"sharedaddy sd-sharing-enabled\"><div class=\"robots-nocontent sd-block sd-social sd-social-official sd-sharing\"><h3 class=\"sd-title\">Partager\u00a0:<\/h3><div class=\"sd-content\"><ul><li class=\"share-facebook\"><div class=\"fb-share-button\" data-href=\"https:\/\/artherapievirtus.org\/vda\/pele-mele-de-13-or-de-vie\/transfert-contre-transfert-art-therapie\/\" data-layout=\"button_count\"><\/div><\/li><li class=\"share-twitter\"><a href=\"https:\/\/twitter.com\/share\" class=\"twitter-share-button\" data-url=\"https:\/\/artherapievirtus.org\/vda\/pele-mele-de-13-or-de-vie\/transfert-contre-transfert-art-therapie\/\" data-text=\"Transfert et contre-transfert en Art-Th\u00e9rapie\"  >Tweet<\/a><\/li><li class=\"share-linkedin\"><div class=\"linkedin_button\"><script type=\"in\/share\" data-url=\"https:\/\/artherapievirtus.org\/vda\/pele-mele-de-13-or-de-vie\/transfert-contre-transfert-art-therapie\/\" data-counter=\"right\"><\/script><\/div><\/li><li><a href=\"#\" class=\"sharing-anchor sd-button share-more\"><span>Plus<\/span><\/a><\/li><li class=\"share-end\"><\/li><\/ul><div class=\"sharing-hidden\"><div class=\"inner\" style=\"display: none;\"><ul><li class=\"share-print\"><a rel=\"nofollow noopener noreferrer\" data-shared=\"\" class=\"share-print sd-button\" href=\"https:\/\/artherapievirtus.org\/vda\/pele-mele-de-13-or-de-vie\/transfert-contre-transfert-art-therapie\/\" target=\"_blank\" title=\"Cliquer pour imprimer\"><span>Imprimer<\/span><\/a><\/li><li class=\"share-email\"><a rel=\"nofollow noopener noreferrer\" data-shared=\"\" class=\"share-email sd-button\" href=\"https:\/\/artherapievirtus.org\/vda\/pele-mele-de-13-or-de-vie\/transfert-contre-transfert-art-therapie\/?share=email\" target=\"_blank\" title=\"Cliquez pour envoyer par e-mail \u00e0 un ami\"><span>E-mail<\/span><\/a><\/li><li class=\"share-end\"><\/li><li class=\"share-end\"><\/li><\/ul><\/div><\/div><\/div><\/div><\/div>","protected":false},"excerpt":{"rendered":"<p>Transfert Pour Lacan le transfert est l&rsquo;inconscient en acte. Lacan d\u00e9signe le transfert comme une croyance sur un inconscient suppos\u00e9 par le patient. Au fil du temps le patient va fait l&rsquo;exp\u00e9rience d&rsquo;un inconscient non plus \u00ab\u00a0suppos\u00e9 \u00a0\u00bb et imaginaire mais r\u00e9el et singulier le sien propre. Il s&rsquo;agit d&rsquo;un espace psychique inou\u00ef, jusqu&rsquo;alors inconnu&hellip; <\/p>\n<p class=\"toivo-read-more\"><a href=\"https:\/\/artherapievirtus.org\/vda\/pele-mele-de-13-or-de-vie\/transfert-contre-transfert-art-therapie\/\" class=\"more-link\">Lire la suite <span class=\"screen-reader-text\">de<\/span> <span class=\"screen-reader-text\">Transfert et contre-transfert en Art-Th\u00e9rapie<\/span><\/a><\/p>\n<div class=\"sharedaddy sd-sharing-enabled\"><div class=\"robots-nocontent sd-block sd-social sd-social-official sd-sharing\"><h3 class=\"sd-title\">Partager\u00a0:<\/h3><div class=\"sd-content\"><ul><li class=\"share-facebook\"><div class=\"fb-share-button\" data-href=\"https:\/\/artherapievirtus.org\/vda\/pele-mele-de-13-or-de-vie\/transfert-contre-transfert-art-therapie\/\" data-layout=\"button_count\"><\/div><\/li><li class=\"share-twitter\"><a href=\"https:\/\/twitter.com\/share\" class=\"twitter-share-button\" data-url=\"https:\/\/artherapievirtus.org\/vda\/pele-mele-de-13-or-de-vie\/transfert-contre-transfert-art-therapie\/\" data-text=\"Transfert et contre-transfert en Art-Th\u00e9rapie\"  >Tweet<\/a><\/li><li class=\"share-linkedin\"><div class=\"linkedin_button\"><script type=\"in\/share\" data-url=\"https:\/\/artherapievirtus.org\/vda\/pele-mele-de-13-or-de-vie\/transfert-contre-transfert-art-therapie\/\" data-counter=\"right\"><\/script><\/div><\/li><li><a href=\"#\" class=\"sharing-anchor sd-button share-more\"><span>Plus<\/span><\/a><\/li><li class=\"share-end\"><\/li><\/ul><div class=\"sharing-hidden\"><div class=\"inner\" style=\"display: none;\"><ul><li class=\"share-print\"><a rel=\"nofollow noopener noreferrer\" data-shared=\"\" class=\"share-print sd-button\" href=\"https:\/\/artherapievirtus.org\/vda\/pele-mele-de-13-or-de-vie\/transfert-contre-transfert-art-therapie\/\" target=\"_blank\" title=\"Cliquer pour imprimer\"><span>Imprimer<\/span><\/a><\/li><li class=\"share-email\"><a rel=\"nofollow noopener noreferrer\" data-shared=\"\" class=\"share-email sd-button\" href=\"https:\/\/artherapievirtus.org\/vda\/pele-mele-de-13-or-de-vie\/transfert-contre-transfert-art-therapie\/?share=email\" target=\"_blank\" title=\"Cliquez pour envoyer par e-mail \u00e0 un ami\"><span>E-mail<\/span><\/a><\/li><li class=\"share-end\"><\/li><li class=\"share-end\"><\/li><\/ul><\/div><\/div><\/div><\/div><\/div>","protected":false},"author":3,"featured_media":0,"parent":3687,"menu_order":0,"comment_status":"closed","ping_status":"closed","template":"","meta":{"spay_email":""},"yoast_head":"<!-- This site is optimized with the Yoast SEO plugin v17.2.1 - https:\/\/yoast.com\/wordpress\/plugins\/seo\/ -->\n<title>Transfert et contre-transfert en Art-Th\u00e9rapie - 13 OR DE VIE \u2013 Victimes des attentats<\/title>\n<meta name=\"robots\" content=\"index, follow, max-snippet:-1, max-image-preview:large, max-video-preview:-1\" \/>\n<link rel=\"canonical\" href=\"https:\/\/artherapievirtus.org\/vda\/pele-mele-de-13-or-de-vie\/transfert-contre-transfert-art-therapie\/\" \/>\n<meta property=\"og:locale\" content=\"fr_FR\" \/>\n<meta property=\"og:type\" content=\"article\" \/>\n<meta property=\"og:title\" content=\"Transfert et contre-transfert en Art-Th\u00e9rapie - 13 OR DE VIE \u2013 Victimes des attentats\" \/>\n<meta property=\"og:description\" content=\"Transfert Pour Lacan le transfert est l&rsquo;inconscient en acte. Lacan d\u00e9signe le transfert comme une croyance sur un inconscient suppos\u00e9 par le patient. Au fil du temps le patient va fait l&rsquo;exp\u00e9rience d&rsquo;un inconscient non plus \u00ab\u00a0suppos\u00e9 \u00a0\u00bb et imaginaire mais r\u00e9el et singulier le sien propre. Il s&rsquo;agit d&rsquo;un espace psychique inou\u00ef, jusqu&rsquo;alors inconnu&hellip; Lire la suite de Transfert et contre-transfert en Art-Th\u00e9rapie\" \/>\n<meta property=\"og:url\" content=\"https:\/\/artherapievirtus.org\/vda\/pele-mele-de-13-or-de-vie\/transfert-contre-transfert-art-therapie\/\" \/>\n<meta property=\"og:site_name\" content=\"13 OR DE VIE \u2013 Victimes des attentats\" \/>\n<meta property=\"article:publisher\" content=\"https:\/\/www.facebook.com\/artherapievirtus.org\/\" \/>\n<meta property=\"article:modified_time\" content=\"2017-01-08T21:47:42+00:00\" \/>\n<meta name=\"twitter:card\" content=\"summary\" \/>\n<meta name=\"twitter:site\" content=\"@artherapie75\" \/>\n<meta name=\"twitter:label1\" content=\"Dur\u00e9e de lecture estim\u00e9e\" \/>\n\t<meta name=\"twitter:data1\" content=\"2 minutes\" \/>\n<script type=\"application\/ld+json\" class=\"yoast-schema-graph\">{\"@context\":\"https:\/\/schema.org\",\"@graph\":[{\"@type\":\"WebSite\",\"@id\":\"https:\/\/artherapievirtus.org\/vda\/#website\",\"url\":\"https:\/\/artherapievirtus.org\/vda\/\",\"name\":\"13 OR DE VIE \\u2013 Victimes des attentats\",\"description\":\"Ce blogue  13 OR DE VIE est un outil collaboratif pour les ateliers d\\u2019Art-Th\\u00e9rapie  \\u00e0 l\\u2019intention des victimes du terrorisme\",\"potentialAction\":[{\"@type\":\"SearchAction\",\"target\":{\"@type\":\"EntryPoint\",\"urlTemplate\":\"https:\/\/artherapievirtus.org\/vda\/?s={search_term_string}\"},\"query-input\":\"required name=search_term_string\"}],\"inLanguage\":\"fr-FR\"},{\"@type\":\"WebPage\",\"@id\":\"https:\/\/artherapievirtus.org\/vda\/pele-mele-de-13-or-de-vie\/transfert-contre-transfert-art-therapie\/#webpage\",\"url\":\"https:\/\/artherapievirtus.org\/vda\/pele-mele-de-13-or-de-vie\/transfert-contre-transfert-art-therapie\/\",\"name\":\"Transfert et contre-transfert en Art-Th\\u00e9rapie - 13 OR DE VIE \\u2013 Victimes des attentats\",\"isPartOf\":{\"@id\":\"https:\/\/artherapievirtus.org\/vda\/#website\"},\"datePublished\":\"2016-12-31T09:37:08+00:00\",\"dateModified\":\"2017-01-08T21:47:42+00:00\",\"breadcrumb\":{\"@id\":\"https:\/\/artherapievirtus.org\/vda\/pele-mele-de-13-or-de-vie\/transfert-contre-transfert-art-therapie\/#breadcrumb\"},\"inLanguage\":\"fr-FR\",\"potentialAction\":[{\"@type\":\"ReadAction\",\"target\":[\"https:\/\/artherapievirtus.org\/vda\/pele-mele-de-13-or-de-vie\/transfert-contre-transfert-art-therapie\/\"]}]},{\"@type\":\"BreadcrumbList\",\"@id\":\"https:\/\/artherapievirtus.org\/vda\/pele-mele-de-13-or-de-vie\/transfert-contre-transfert-art-therapie\/#breadcrumb\",\"itemListElement\":[{\"@type\":\"ListItem\",\"position\":1,\"name\":\"Accueil\",\"item\":\"https:\/\/artherapievirtus.org\/vda\/\"},{\"@type\":\"ListItem\",\"position\":2,\"name\":\"P\\u00eale-m\\u00eale de 13 OR DE VIE\",\"item\":\"https:\/\/artherapievirtus.org\/vda\/pele-mele-de-13-or-de-vie\/\"},{\"@type\":\"ListItem\",\"position\":3,\"name\":\"Transfert et contre-transfert en Art-Th\\u00e9rapie\"}]}]}<\/script>\n<!-- \/ Yoast SEO plugin. -->","yoast_head_json":{"title":"Transfert et contre-transfert en Art-Th\u00e9rapie - 13 OR DE VIE \u2013 Victimes des attentats","robots":{"index":"index","follow":"follow","max-snippet":"max-snippet:-1","max-image-preview":"max-image-preview:large","max-video-preview":"max-video-preview:-1"},"canonical":"https:\/\/artherapievirtus.org\/vda\/pele-mele-de-13-or-de-vie\/transfert-contre-transfert-art-therapie\/","og_locale":"fr_FR","og_type":"article","og_title":"Transfert et contre-transfert en Art-Th\u00e9rapie - 13 OR DE VIE \u2013 Victimes des attentats","og_description":"Transfert Pour Lacan le transfert est l&rsquo;inconscient en acte. Lacan d\u00e9signe le transfert comme une croyance sur un inconscient suppos\u00e9 par le patient. Au fil du temps le patient va fait l&rsquo;exp\u00e9rience d&rsquo;un inconscient non plus \u00ab\u00a0suppos\u00e9 \u00a0\u00bb et imaginaire mais r\u00e9el et singulier le sien propre. Il s&rsquo;agit d&rsquo;un espace psychique inou\u00ef, jusqu&rsquo;alors inconnu&hellip; Lire la suite de Transfert et contre-transfert en Art-Th\u00e9rapie","og_url":"https:\/\/artherapievirtus.org\/vda\/pele-mele-de-13-or-de-vie\/transfert-contre-transfert-art-therapie\/","og_site_name":"13 OR DE VIE \u2013 Victimes des attentats","article_publisher":"https:\/\/www.facebook.com\/artherapievirtus.org\/","article_modified_time":"2017-01-08T21:47:42+00:00","twitter_card":"summary","twitter_site":"@artherapie75","twitter_misc":{"Dur\u00e9e de lecture estim\u00e9e":"2 minutes"},"schema":{"@context":"https:\/\/schema.org","@graph":[{"@type":"WebSite","@id":"https:\/\/artherapievirtus.org\/vda\/#website","url":"https:\/\/artherapievirtus.org\/vda\/","name":"13 OR DE VIE \u2013 Victimes des attentats","description":"Ce blogue  13 OR DE VIE est un outil collaboratif pour les ateliers d\u2019Art-Th\u00e9rapie  \u00e0 l\u2019intention des victimes du terrorisme","potentialAction":[{"@type":"SearchAction","target":{"@type":"EntryPoint","urlTemplate":"https:\/\/artherapievirtus.org\/vda\/?s={search_term_string}"},"query-input":"required name=search_term_string"}],"inLanguage":"fr-FR"},{"@type":"WebPage","@id":"https:\/\/artherapievirtus.org\/vda\/pele-mele-de-13-or-de-vie\/transfert-contre-transfert-art-therapie\/#webpage","url":"https:\/\/artherapievirtus.org\/vda\/pele-mele-de-13-or-de-vie\/transfert-contre-transfert-art-therapie\/","name":"Transfert et contre-transfert en Art-Th\u00e9rapie - 13 OR DE VIE \u2013 Victimes des attentats","isPartOf":{"@id":"https:\/\/artherapievirtus.org\/vda\/#website"},"datePublished":"2016-12-31T09:37:08+00:00","dateModified":"2017-01-08T21:47:42+00:00","breadcrumb":{"@id":"https:\/\/artherapievirtus.org\/vda\/pele-mele-de-13-or-de-vie\/transfert-contre-transfert-art-therapie\/#breadcrumb"},"inLanguage":"fr-FR","potentialAction":[{"@type":"ReadAction","target":["https:\/\/artherapievirtus.org\/vda\/pele-mele-de-13-or-de-vie\/transfert-contre-transfert-art-therapie\/"]}]},{"@type":"BreadcrumbList","@id":"https:\/\/artherapievirtus.org\/vda\/pele-mele-de-13-or-de-vie\/transfert-contre-transfert-art-therapie\/#breadcrumb","itemListElement":[{"@type":"ListItem","position":1,"name":"Accueil","item":"https:\/\/artherapievirtus.org\/vda\/"},{"@type":"ListItem","position":2,"name":"P\u00eale-m\u00eale de 13 OR DE VIE","item":"https:\/\/artherapievirtus.org\/vda\/pele-mele-de-13-or-de-vie\/"},{"@type":"ListItem","position":3,"name":"Transfert et contre-transfert en Art-Th\u00e9rapie"}]}]}},"jetpack_sharing_enabled":true,"jetpack_likes_enabled":true,"_links":{"self":[{"href":"https:\/\/artherapievirtus.org\/vda\/wp-json\/wp\/v2\/pages\/6151"}],"collection":[{"href":"https:\/\/artherapievirtus.org\/vda\/wp-json\/wp\/v2\/pages"}],"about":[{"href":"https:\/\/artherapievirtus.org\/vda\/wp-json\/wp\/v2\/types\/page"}],"author":[{"embeddable":true,"href":"https:\/\/artherapievirtus.org\/vda\/wp-json\/wp\/v2\/users\/3"}],"replies":[{"embeddable":true,"href":"https:\/\/artherapievirtus.org\/vda\/wp-json\/wp\/v2\/comments?post=6151"}],"version-history":[{"count":7,"href":"https:\/\/artherapievirtus.org\/vda\/wp-json\/wp\/v2\/pages\/6151\/revisions"}],"predecessor-version":[{"id":6298,"href":"https:\/\/artherapievirtus.org\/vda\/wp-json\/wp\/v2\/pages\/6151\/revisions\/6298"}],"up":[{"embeddable":true,"href":"https:\/\/artherapievirtus.org\/vda\/wp-json\/wp\/v2\/pages\/3687"}],"wp:attachment":[{"href":"https:\/\/artherapievirtus.org\/vda\/wp-json\/wp\/v2\/media?parent=6151"}],"curies":[{"name":"wp","href":"https:\/\/api.w.org\/{rel}","templated":true}]}}