{"id":577,"date":"2016-05-23T16:00:35","date_gmt":"2016-05-23T14:00:35","guid":{"rendered":"http:\/\/artherapievirtus.org\/vda\/?page_id=577"},"modified":"2021-08-16T10:36:33","modified_gmt":"2021-08-16T08:36:33","slug":"cesari-atelier-3-acrylique","status":"publish","type":"page","link":"https:\/\/artherapievirtus.org\/vda\/propositions-dateliers\/cesari-atelier-3-acrylique\/","title":{"rendered":"4\/ Emmanuelle Cesari \u2013 Atelier 3 \u2013 Acrylique \u2013\u00a0La col\u00e8re \u2013\u00a0La catharsis"},"content":{"rendered":"<h4><span style=\"color: #333399;\"><span style=\"color: #339966;\">4\/ AP = Arts plastiques = Emmanuelle Cesari<\/span><\/span><\/h4>\n<p><a href=\"http:\/\/www.artsper.com\/fr\/artistes-contemporains\/france\/1317\/gerard-alary\" target=\"_blank\" rel=\"noopener\"><img loading=\"lazy\" class=\"alignleft size-medium wp-image-1042\" src=\"http:\/\/artherapievirtus.org\/vda\/wp-content\/uploads\/2016\/05\/Ge\u0301rard-Alary-La-cole\u0300re-294x300.jpg\" alt=\"Ge\u0301rard Alary La cole\u0300re\" width=\"294\" height=\"300\" srcset=\"https:\/\/artherapievirtus.org\/vda\/wp-content\/uploads\/2016\/05\/Ge\u0301rard-Alary-La-cole\u0300re-294x300.jpg 294w, https:\/\/artherapievirtus.org\/vda\/wp-content\/uploads\/2016\/05\/Ge\u0301rard-Alary-La-cole\u0300re.jpg 639w\" sizes=\"(max-width: 294px) 100vw, 294px\" \/><\/a><span style=\"color: #ff0000;\"><strong>Atelier 3 \u2013 La col\u00e8re<\/strong><\/span><\/p>\n<p><em>G\u00e9rard Alary La col\u00e8re<\/em><\/p>\n<p><strong>Le Symbolique \u2013 l\u2019interdit de faire<\/strong> \u2013 Le Symbolique s\u2019illustrera par les images sur le th\u00e8me des \u00e9motions primaires, celles-l\u00e0 m\u00eame qui doivent \u00eatre r\u00e9prim\u00e9es. Les \u00e9motions exprim\u00e9es deviennent accessibles. Lors de l&rsquo;attaque, il \u00e9tait interdit de faire, d\u2019avoir peur, d\u2019\u00eatre en col\u00e8re, pas de surprise non plus. Une tentative de d\u00e9construction des \u00e9motions qui aide \u00e0 ce que l\u2019agresseur devienne peu \u00e0 peu accessible.<\/p>\n<p><span class=\"Apple-style-span\">La tristesse et la col\u00e8re vont de pair.\u00a0<\/span><span class=\"Apple-style-span\">On les retrouve entrelac\u00e9es dans la douleur inh\u00e9rente \u00e0 la perte.\u00a0<\/span><span lang=\"FR-CA\"><span class=\"Apple-style-span\">Essentielles pour l\u2019\u00eatre humain, et pourtant toxiques par cumul, ces deux \u00e9motions primaires sont \u00e9galement les leviers de la d\u00e9pression,<\/span><\/span><span lang=\"FR-CA\"><span class=\"Apple-style-span\">\u00a0soit par l\u2019envahissement d\u2019une tristesse engourdissante, voire paralysante, la <i>d\u00e9pression\u00a0<\/i><\/span><\/span><span class=\"Apple-style-span\"><i>bleue<\/i>*<\/span><span lang=\"FR-CA\"><span class=\"Apple-style-span\">, soit par l&rsquo;int\u00e9riorisation d&rsquo;une col\u00e8re qui se retourne alors contre soi, la <i>d\u00e9pression\u00a0<\/i><\/span><\/span><span class=\"Apple-style-span\"><i>rouge<\/i>*<\/span><span lang=\"FR-CA\"><span class=\"Apple-style-span\">.<\/span><\/span><\/p>\n<h4><span style=\"color: #993300;\">Atelier sur le th\u00e8me de la col\u00e8re<\/span><\/h4>\n<h4><span style=\"color: #333399;\">Consigne<\/span><\/h4>\n<p>D\u00e9cider auparavant si on garde le travail ou s\u2019il sera d\u00e9truit. La quantit\u00e9 de mati\u00e8re utilis\u00e9e prendra du temps au s\u00e9chage donc d\u00e9cider si on fait un travail th\u00e9rapeutique \u00e0 ne pas garder ou si on se fait plaisir. D\u00e9cider aussi si l\u2019on prend un temps de partage d\u2019exp\u00e9rience \u00e0 la fin de l\u2019atelier.<\/p>\n<h5><span style=\"color: #008000;\">Gouache \u2013 acrylique<\/span><\/h5>\n<p>Montrer comment m\u00e9langer les couleurs \u00e0 partir des cinq couleurs dispos\u00e9es sur la palette. Que chacun choisisse et fabrique sa couleur pour exprimer sa col\u00e8re.<br \/>\nTravail sur la quantit\u00e9 de mati\u00e8re importante \u00e0 la hauteur de la quantit\u00e9 de col\u00e8re. Il ne s\u2019agit pas de colorer la col\u00e8re, mais de la symboliser en mati\u00e8re, d&rsquo;entrer en contact avec la mati\u00e8re.<br \/>\nTravail sur la confiance en soi pour pouvoir exprimer spontan\u00e9ment cette \u00e9motion. Pas d\u2019auto-jugement n\u00e9gatif.<br \/>\nTexture proche de la peinture \u00e0 l\u2019huile, sans eau. L\u2019aquarelle sera pour une autre \u00e9motion.<\/p>\n<h4><span style=\"color: #333399;\">Objectifs<\/span><\/h4>\n<p>La col\u00e8re nous donne l\u2019\u00e9nergie n\u00e9cessaire pour agir et modifier des situations d\u00e9sagr\u00e9ables.<\/p>\n<hr \/>\n<h4><span style=\"color: #993300;\">Dur\u00e9e<\/span><\/h4>\n<p>Deux heures :<br \/>\nUn premier atelier d\u2019une heure permettra de rassembler les d\u00e9coupages choisis dans des journaux, mis \u00e0 la disposition des personnes.<br \/>\nLe deuxi\u00e8me atelier d&rsquo;une heure permettra de fabriquer l&rsquo;\u0153uvre commune.<\/p>\n<h4><span style=\"color: #993300;\">Participants<\/span><\/h4>\n<p>10 sujets \u2013 1 aide \u2013 1 Art-th\u00e9rapeute<\/p>\n<h4><span style=\"color: #993300;\">Mat\u00e9riel<\/span><\/h4>\n<p>http:\/\/www.marinbeauxarts.com\/fr\/<br \/>\nhttps:\/\/www.faber-castell.fr\/produits\/beaux-arts\/polychromos-artists-pastels<br \/>\nhttp:\/\/www.beauxarts.fr\/<br \/>\nhttp:\/\/www.cultura.com<br \/>\nhttp:\/\/www.geant-beaux-arts.fr<\/p>\n<table style=\"height: 451px;\" width=\"650\">\n<tbody>\n<tr>\n<td width=\"177\"><em><em>Support \u2013 10 feuilles \u00e0 dessin format raisin<br \/>\nbeauxarts.fr<br \/>\n<a class=\"product-name\" title=\"Feuille Clairefontaine Bristol 50x65\" href=\"http:\/\/www.beauxarts.fr\/papier-bristol-et-technique\/14402-feuille-clairefontaine-bristol-50x65.html\">Feuille Clairefontaine Bristol 50&#215;65<br \/>\n<\/a><\/em>cultura.com<\/em><br \/>\n<a title=\"Feuille bristol quadrill\u00e9 5x5mm 205g 50x65\" href=\"http:\/\/www.cultura.com\/fle-bristol-quadril-5x5-205g-5-fle-bristol-quadril-5x5-205g-50x65-3210330933252.html\">Feuille bristol quadrill\u00e9 5x5mm 205g 50&#215;65 <\/a><\/td>\n<td width=\"71\">&nbsp;<\/p>\n<p>0,90 \u20ac x 10<\/p>\n<p>0,59 \u20ac x 10<\/td>\n<td style=\"text-align: right;\" width=\"71\">&nbsp;<\/p>\n<p>9 \u20ac<\/p>\n<p><span style=\"color: #800000;\">5,90 \u20ac<\/span><\/td>\n<\/tr>\n<\/tbody>\n<tbody>\n<tr>\n<td width=\"177\"><em>Pinceaux<br \/>\ncultura.com<\/em><br \/>\n<a href=\"http:\/\/www.cultura.com\/set-10-pinceaux-synthetique-mc-set-10-pinceaux-synthetique-4-plats-et-3700408307592.html\" target=\"_blank\" rel=\"noopener\">Set de 10 pinceaux synth\u00e9tiques<\/a><\/p>\n<div class=\"pb-center-column col-xs-12 col-sm-4\">\n<p><em>beauxarts.fr<br \/>\n<\/em><a href=\"http:\/\/www.beauxarts.fr\/pinceaux-en-set\/14067-set-10-pinceaux-synthetique-bordeaux.html?nosto=nosto-page-search1\" target=\"_blank\" rel=\"noopener\">Set 10 pinceaux synth\u00e9tique bordeaux<\/a><\/p>\n<\/div>\n<\/td>\n<td width=\"71\">&nbsp;<\/p>\n<p>4,99 \u20ac x 2<\/p>\n<p>12,50 \u20ac x 2<\/td>\n<td style=\"text-align: right;\" width=\"71\">&nbsp;<\/p>\n<p><span style=\"color: #800000;\">9,98 \u20ac<\/span><\/p>\n<p><span style=\"color: #800000;\"><span style=\"color: #000000;\">25 \u20ac<\/span><br \/>\n<\/span><\/td>\n<\/tr>\n<tr>\n<td width=\"177\"><em>Couteaux \u00e0 peindre<\/em><br \/>\n<em>cultura.com<\/em><br \/>\n<a href=\"http:\/\/www.cultura.com\/set-5-couteaux-a-peindre-set-de-5-couteaux-a-peindre-3700408307608.html\" target=\"_blank\" rel=\"noopener\">5 couteaux \u00e0 peindre<\/a><br \/>\n<em>beauxarts.fr<\/em><br \/>\n<a href=\"http:\/\/www.beauxarts.fr\/couteaux-en-set\/13894-set-de-5-couteaux-a-peindre-en-plastique.html?search_query=Couteau+a+peindre&amp;results=29\" target=\"_blank\" rel=\"noopener\">set de 5 couteaux \u00e0 peindre en plastique<\/a><\/td>\n<td width=\"71\">&nbsp;<\/p>\n<p>8,99 \u20ac x 3<\/p>\n<p>2,80 \u20ac x 3<\/td>\n<td style=\"text-align: right;\" width=\"71\">&nbsp;<\/p>\n<p><span style=\"color: #800000;\">26,97 \u20ac<\/span><\/p>\n<p>8,40 \u20ac<\/td>\n<\/tr>\n<\/tbody>\n<\/table>\n<h4 style=\"text-align: right;\"><span style=\"color: #800000;\">42,85 \u20ac<\/span><\/h4>\n<h4><span style=\"color: #993300;\">Setting<\/span><\/h4>\n<p>L&rsquo;organisation de la salle, de l&rsquo;espace : tables r\u00e9unies ou s\u00e9par\u00e9es, nombre de personnes par table, feuilles au mur, au sol, sur table, etc&#8230;<br \/>\nAu choix du participant<br \/>\nInstallation \u2013 15 mn<br \/>\nRangement \u2013 15 mn<\/p>\n<hr \/>\n<h4><a href=\"http:\/\/www.memoiretraumatique.org\/psychotraumatismes\/plaquette-dinformation.html?searched=Col%C3%A8re&amp;advsearch=exactphrase&amp;highlight=ajaxSearch_highlight+ajaxSearch_highlight1\" target=\"_blank\" rel=\"noopener\">Comme la grande majorit\u00e9 des personnes victimes de violences, vous pouvez vous sentir particuli\u00e8rement seul-e et :<\/a><\/h4>\n<p><em><span style=\"color: #993300;\">\u2022<\/span> \u00eatre dans une tr\u00e8s grande souffrance psychique et physique, en proie \u00e0 des flash-back, des pens\u00e9es, des sensations et des images li\u00e9es aux violences qui s\u2019imposent \u00e0 vous, \u00e0 des cauchemars fr\u00e9quents.<\/em><br \/>\n<em><span style=\"color: #993300;\">\u2022 <\/span><em>vous sentir d\u00e9connect\u00e9.e, avec un sentiment de vide, de d\u00e9personnalisation, de culpabilit\u00e9, de honte, d\u2019\u00eatre \u00e9tranger au monde, avoir une perte de confiance et de <em>vous sentir en \u00e9tat de danger permanent, hypervigilant.e, tr\u00e8s anxieux.se avec des attaques de panique soudaines qui vous terrassent, des \u00e9vitements phobiques ; vous sentir irritable <span style=\"color: #008000;\">avec des <span class=\"ajaxSearch_highlight ajaxSearch_highlight1\">col\u00e8re<\/span>s explosives,<\/span> tendu.e, n\u2019arrivant plus \u00e0 vous projeter dans l\u2019avenir, d\u00e9pressif.ve, en retrait social, affectif, intellectuel ; en \u00e9chec scolaire, professionnel ; pr\u00e9senter des troubles de la m\u00e9moire, de la concentration et de l\u2019attention, et aussi des troubles du sommeil, de la sexualit\u00e9.<\/em><br \/>\n<em><span style=\"color: #993300;\">\u2022 <\/span><em>\u00eatre en prise avec des comportements et des conduites qui s\u2019imposent \u00e0 vous (compulsifs) et que vous ne comprenez pas, comme des conduites \u00e0 risque, des mises en danger, des conduites agressives et\/ou auto-agressives (tentatives de suicide, automutilations), des conduites addictives (alcool, drogue, tabac, m\u00e9dicaments, jeux, sexualit\u00e9), des troubles alimentaires (anorexie et\/ou boulimie).<\/em><br \/>\nL<em>a vie peut \u00eatre devenue pour vous un \u00e9tat de guerre permanente, sans espoir d\u2019en sortir.<\/em><\/em><\/em><\/em><\/p>\n<hr \/>\n<p><img loading=\"lazy\" class=\"aligncenter wp-image-5234 \" src=\"http:\/\/artherapievirtus.org\/vda\/wp-content\/uploads\/2016\/05\/Flyer-13-or-de-vie-E-496x1024.jpg\" alt=\"flyer-13-or-de-vie-e\" width=\"308\" height=\"636\" srcset=\"https:\/\/artherapievirtus.org\/vda\/wp-content\/uploads\/2016\/05\/Flyer-13-or-de-vie-E-496x1024.jpg 496w, https:\/\/artherapievirtus.org\/vda\/wp-content\/uploads\/2016\/05\/Flyer-13-or-de-vie-E-145x300.jpg 145w, https:\/\/artherapievirtus.org\/vda\/wp-content\/uploads\/2016\/05\/Flyer-13-or-de-vie-E.jpg 529w\" sizes=\"(max-width: 308px) 100vw, 308px\" \/><\/p>\n<div class=\"sharedaddy sd-sharing-enabled\"><div class=\"robots-nocontent sd-block sd-social sd-social-official sd-sharing\"><h3 class=\"sd-title\">Partager\u00a0:<\/h3><div class=\"sd-content\"><ul><li class=\"share-facebook\"><div class=\"fb-share-button\" data-href=\"https:\/\/artherapievirtus.org\/vda\/propositions-dateliers\/cesari-atelier-3-acrylique\/\" data-layout=\"button_count\"><\/div><\/li><li class=\"share-twitter\"><a href=\"https:\/\/twitter.com\/share\" class=\"twitter-share-button\" data-url=\"https:\/\/artherapievirtus.org\/vda\/propositions-dateliers\/cesari-atelier-3-acrylique\/\" data-text=\"4\/ Emmanuelle Cesari \u2013 Atelier 3 \u2013 Acrylique \u2013\u00a0La col\u00e8re \u2013\u00a0La catharsis\"  >Tweet<\/a><\/li><li class=\"share-linkedin\"><div class=\"linkedin_button\"><script type=\"in\/share\" data-url=\"https:\/\/artherapievirtus.org\/vda\/propositions-dateliers\/cesari-atelier-3-acrylique\/\" data-counter=\"right\"><\/script><\/div><\/li><li><a href=\"#\" class=\"sharing-anchor sd-button share-more\"><span>Plus<\/span><\/a><\/li><li class=\"share-end\"><\/li><\/ul><div class=\"sharing-hidden\"><div class=\"inner\" style=\"display: none;\"><ul><li class=\"share-print\"><a rel=\"nofollow noopener noreferrer\" data-shared=\"\" class=\"share-print sd-button\" href=\"https:\/\/artherapievirtus.org\/vda\/propositions-dateliers\/cesari-atelier-3-acrylique\/\" target=\"_blank\" title=\"Cliquer pour imprimer\"><span>Imprimer<\/span><\/a><\/li><li class=\"share-email\"><a rel=\"nofollow noopener noreferrer\" data-shared=\"\" class=\"share-email sd-button\" href=\"https:\/\/artherapievirtus.org\/vda\/propositions-dateliers\/cesari-atelier-3-acrylique\/?share=email\" target=\"_blank\" title=\"Cliquez pour envoyer par e-mail \u00e0 un ami\"><span>E-mail<\/span><\/a><\/li><li class=\"share-end\"><\/li><li class=\"share-end\"><\/li><\/ul><\/div><\/div><\/div><\/div><\/div>","protected":false},"excerpt":{"rendered":"<p>4\/ AP = Arts plastiques = Emmanuelle Cesari Atelier 3 \u2013 La col\u00e8re G\u00e9rard Alary La col\u00e8re Le Symbolique \u2013 l\u2019interdit de faire \u2013 Le Symbolique s\u2019illustrera par les images sur le th\u00e8me des \u00e9motions primaires, celles-l\u00e0 m\u00eame qui doivent \u00eatre r\u00e9prim\u00e9es. Les \u00e9motions exprim\u00e9es deviennent accessibles. Lors de l&rsquo;attaque, il \u00e9tait interdit de faire,&hellip; <\/p>\n<p class=\"toivo-read-more\"><a href=\"https:\/\/artherapievirtus.org\/vda\/propositions-dateliers\/cesari-atelier-3-acrylique\/\" class=\"more-link\">Lire la suite <span class=\"screen-reader-text\">de<\/span> <span class=\"screen-reader-text\">4\/ Emmanuelle Cesari \u2013 Atelier 3 \u2013 Acrylique \u2013\u00a0La col\u00e8re \u2013\u00a0La catharsis<\/span><\/a><\/p>\n<div class=\"sharedaddy sd-sharing-enabled\"><div class=\"robots-nocontent sd-block sd-social sd-social-official sd-sharing\"><h3 class=\"sd-title\">Partager\u00a0:<\/h3><div class=\"sd-content\"><ul><li class=\"share-facebook\"><div class=\"fb-share-button\" data-href=\"https:\/\/artherapievirtus.org\/vda\/propositions-dateliers\/cesari-atelier-3-acrylique\/\" data-layout=\"button_count\"><\/div><\/li><li class=\"share-twitter\"><a href=\"https:\/\/twitter.com\/share\" class=\"twitter-share-button\" data-url=\"https:\/\/artherapievirtus.org\/vda\/propositions-dateliers\/cesari-atelier-3-acrylique\/\" data-text=\"4\/ Emmanuelle Cesari \u2013 Atelier 3 \u2013 Acrylique \u2013\u00a0La col\u00e8re \u2013\u00a0La catharsis\"  >Tweet<\/a><\/li><li class=\"share-linkedin\"><div class=\"linkedin_button\"><script type=\"in\/share\" data-url=\"https:\/\/artherapievirtus.org\/vda\/propositions-dateliers\/cesari-atelier-3-acrylique\/\" data-counter=\"right\"><\/script><\/div><\/li><li><a href=\"#\" class=\"sharing-anchor sd-button share-more\"><span>Plus<\/span><\/a><\/li><li class=\"share-end\"><\/li><\/ul><div class=\"sharing-hidden\"><div class=\"inner\" style=\"display: none;\"><ul><li class=\"share-print\"><a rel=\"nofollow noopener noreferrer\" data-shared=\"\" class=\"share-print sd-button\" href=\"https:\/\/artherapievirtus.org\/vda\/propositions-dateliers\/cesari-atelier-3-acrylique\/\" target=\"_blank\" title=\"Cliquer pour imprimer\"><span>Imprimer<\/span><\/a><\/li><li class=\"share-email\"><a rel=\"nofollow noopener noreferrer\" data-shared=\"\" class=\"share-email sd-button\" href=\"https:\/\/artherapievirtus.org\/vda\/propositions-dateliers\/cesari-atelier-3-acrylique\/?share=email\" target=\"_blank\" title=\"Cliquez pour envoyer par e-mail \u00e0 un ami\"><span>E-mail<\/span><\/a><\/li><li class=\"share-end\"><\/li><li class=\"share-end\"><\/li><\/ul><\/div><\/div><\/div><\/div><\/div>","protected":false},"author":3,"featured_media":1119,"parent":552,"menu_order":4,"comment_status":"open","ping_status":"closed","template":"","meta":{"spay_email":""},"yoast_head":"<!-- This site is optimized with the Yoast SEO plugin v17.2.1 - https:\/\/yoast.com\/wordpress\/plugins\/seo\/ -->\n<title>4\/ Emmanuelle Cesari \u2013 Atelier 3 \u2013 Acrylique \u2013\u00a0La col\u00e8re \u2013\u00a0La catharsis - 13 OR DE VIE \u2013 Victimes des attentats<\/title>\n<meta name=\"description\" content=\"Emmanuelle Cesari \u2013 Atelier 3 \u2013 Acrylique \u2013 La col\u00e8re \u2013 La catharsis, partage d\u2019exp\u00e9rience, personnes victimes de violences\" \/>\n<meta name=\"robots\" content=\"index, follow, max-snippet:-1, max-image-preview:large, max-video-preview:-1\" \/>\n<link rel=\"canonical\" href=\"https:\/\/artherapievirtus.org\/vda\/propositions-dateliers\/cesari-atelier-3-acrylique\/\" \/>\n<meta property=\"og:locale\" content=\"fr_FR\" \/>\n<meta property=\"og:type\" content=\"article\" \/>\n<meta property=\"og:title\" content=\"4\/ Emmanuelle Cesari \u2013 Atelier 3 \u2013 Acrylique \u2013\u00a0La col\u00e8re \u2013\u00a0La catharsis - 13 OR DE VIE \u2013 Victimes des attentats\" \/>\n<meta property=\"og:description\" content=\"Emmanuelle Cesari \u2013 Atelier 3 \u2013 Acrylique \u2013 La col\u00e8re \u2013 La catharsis, partage d\u2019exp\u00e9rience, personnes victimes de violences\" \/>\n<meta property=\"og:url\" content=\"https:\/\/artherapievirtus.org\/vda\/propositions-dateliers\/cesari-atelier-3-acrylique\/\" \/>\n<meta property=\"og:site_name\" content=\"13 OR DE VIE \u2013 Victimes des attentats\" \/>\n<meta property=\"article:publisher\" content=\"https:\/\/www.facebook.com\/artherapievirtus.org\/\" \/>\n<meta property=\"article:modified_time\" content=\"2021-08-16T08:36:33+00:00\" \/>\n<meta property=\"og:image\" content=\"https:\/\/artherapievirtus.org\/vda\/wp-content\/uploads\/2015\/11\/Identite\u0301-2011-petite-e1468957910544.jpg\" \/>\n\t<meta property=\"og:image:width\" content=\"117\" \/>\n\t<meta property=\"og:image:height\" content=\"154\" \/>\n<meta name=\"twitter:card\" content=\"summary\" \/>\n<meta name=\"twitter:site\" content=\"@artherapie75\" \/>\n<meta name=\"twitter:label1\" content=\"Dur\u00e9e de lecture estim\u00e9e\" \/>\n\t<meta name=\"twitter:data1\" content=\"4 minutes\" \/>\n<script type=\"application\/ld+json\" class=\"yoast-schema-graph\">{\"@context\":\"https:\/\/schema.org\",\"@graph\":[{\"@type\":\"WebSite\",\"@id\":\"https:\/\/artherapievirtus.org\/vda\/#website\",\"url\":\"https:\/\/artherapievirtus.org\/vda\/\",\"name\":\"13 OR DE VIE \\u2013 Victimes des attentats\",\"description\":\"Ce blogue  13 OR DE VIE est un outil collaboratif pour les ateliers d\\u2019Art-Th\\u00e9rapie  \\u00e0 l\\u2019intention des victimes du terrorisme\",\"potentialAction\":[{\"@type\":\"SearchAction\",\"target\":{\"@type\":\"EntryPoint\",\"urlTemplate\":\"https:\/\/artherapievirtus.org\/vda\/?s={search_term_string}\"},\"query-input\":\"required name=search_term_string\"}],\"inLanguage\":\"fr-FR\"},{\"@type\":\"ImageObject\",\"@id\":\"https:\/\/artherapievirtus.org\/vda\/propositions-dateliers\/cesari-atelier-3-acrylique\/#primaryimage\",\"inLanguage\":\"fr-FR\",\"url\":\"https:\/\/artherapievirtus.org\/vda\/wp-content\/uploads\/2015\/11\/Identite\\u0301-2011-petite-e1468957910544.jpg\",\"contentUrl\":\"https:\/\/artherapievirtus.org\/vda\/wp-content\/uploads\/2015\/11\/Identite\\u0301-2011-petite-e1468957910544.jpg\",\"width\":117,\"height\":154},{\"@type\":\"WebPage\",\"@id\":\"https:\/\/artherapievirtus.org\/vda\/propositions-dateliers\/cesari-atelier-3-acrylique\/#webpage\",\"url\":\"https:\/\/artherapievirtus.org\/vda\/propositions-dateliers\/cesari-atelier-3-acrylique\/\",\"name\":\"4\/ Emmanuelle Cesari \\u2013 Atelier 3 \\u2013 Acrylique \\u2013\\u00a0La col\\u00e8re \\u2013\\u00a0La catharsis - 13 OR DE VIE \\u2013 Victimes des attentats\",\"isPartOf\":{\"@id\":\"https:\/\/artherapievirtus.org\/vda\/#website\"},\"primaryImageOfPage\":{\"@id\":\"https:\/\/artherapievirtus.org\/vda\/propositions-dateliers\/cesari-atelier-3-acrylique\/#primaryimage\"},\"datePublished\":\"2016-05-23T14:00:35+00:00\",\"dateModified\":\"2021-08-16T08:36:33+00:00\",\"description\":\"Emmanuelle Cesari \\u2013 Atelier 3 \\u2013 Acrylique \\u2013 La col\\u00e8re \\u2013 La catharsis, partage d\\u2019exp\\u00e9rience, personnes victimes de violences\",\"breadcrumb\":{\"@id\":\"https:\/\/artherapievirtus.org\/vda\/propositions-dateliers\/cesari-atelier-3-acrylique\/#breadcrumb\"},\"inLanguage\":\"fr-FR\",\"potentialAction\":[{\"@type\":\"ReadAction\",\"target\":[\"https:\/\/artherapievirtus.org\/vda\/propositions-dateliers\/cesari-atelier-3-acrylique\/\"]}]},{\"@type\":\"BreadcrumbList\",\"@id\":\"https:\/\/artherapievirtus.org\/vda\/propositions-dateliers\/cesari-atelier-3-acrylique\/#breadcrumb\",\"itemListElement\":[{\"@type\":\"ListItem\",\"position\":1,\"name\":\"Accueil\",\"item\":\"https:\/\/artherapievirtus.org\/vda\/\"},{\"@type\":\"ListItem\",\"position\":2,\"name\":\"Propositions d&rsquo;ateliers d&rsquo;Art-Th\\u00e9rapie\",\"item\":\"https:\/\/artherapievirtus.org\/vda\/propositions-dateliers\/\"},{\"@type\":\"ListItem\",\"position\":3,\"name\":\"4\/ Emmanuelle Cesari \\u2013 Atelier 3 \\u2013 Acrylique \\u2013\\u00a0La col\\u00e8re \\u2013\\u00a0La catharsis\"}]}]}<\/script>\n<!-- \/ Yoast SEO plugin. -->","yoast_head_json":{"title":"4\/ Emmanuelle Cesari \u2013 Atelier 3 \u2013 Acrylique \u2013\u00a0La col\u00e8re \u2013\u00a0La catharsis - 13 OR DE VIE \u2013 Victimes des attentats","description":"Emmanuelle Cesari \u2013 Atelier 3 \u2013 Acrylique \u2013 La col\u00e8re \u2013 La catharsis, partage d\u2019exp\u00e9rience, personnes victimes de violences","robots":{"index":"index","follow":"follow","max-snippet":"max-snippet:-1","max-image-preview":"max-image-preview:large","max-video-preview":"max-video-preview:-1"},"canonical":"https:\/\/artherapievirtus.org\/vda\/propositions-dateliers\/cesari-atelier-3-acrylique\/","og_locale":"fr_FR","og_type":"article","og_title":"4\/ Emmanuelle Cesari \u2013 Atelier 3 \u2013 Acrylique \u2013\u00a0La col\u00e8re \u2013\u00a0La catharsis - 13 OR DE VIE \u2013 Victimes des attentats","og_description":"Emmanuelle Cesari \u2013 Atelier 3 \u2013 Acrylique \u2013 La col\u00e8re \u2013 La catharsis, partage d\u2019exp\u00e9rience, personnes victimes de violences","og_url":"https:\/\/artherapievirtus.org\/vda\/propositions-dateliers\/cesari-atelier-3-acrylique\/","og_site_name":"13 OR DE VIE \u2013 Victimes des attentats","article_publisher":"https:\/\/www.facebook.com\/artherapievirtus.org\/","article_modified_time":"2021-08-16T08:36:33+00:00","og_image":[{"width":117,"height":154,"url":"https:\/\/artherapievirtus.org\/vda\/wp-content\/uploads\/2015\/11\/Identite\u0301-2011-petite-e1468957910544.jpg","path":"\/home\/artherapq\/www\/vda\/wp-content\/uploads\/2015\/11\/Identite\u0301-2011-petite-e1468957910544.jpg","size":"full","id":1119,"alt":"","pixels":18018,"type":"image\/jpeg"}],"twitter_card":"summary","twitter_site":"@artherapie75","twitter_misc":{"Dur\u00e9e de lecture estim\u00e9e":"4 minutes"},"schema":{"@context":"https:\/\/schema.org","@graph":[{"@type":"WebSite","@id":"https:\/\/artherapievirtus.org\/vda\/#website","url":"https:\/\/artherapievirtus.org\/vda\/","name":"13 OR DE VIE \u2013 Victimes des attentats","description":"Ce blogue  13 OR DE VIE est un outil collaboratif pour les ateliers d\u2019Art-Th\u00e9rapie  \u00e0 l\u2019intention des victimes du terrorisme","potentialAction":[{"@type":"SearchAction","target":{"@type":"EntryPoint","urlTemplate":"https:\/\/artherapievirtus.org\/vda\/?s={search_term_string}"},"query-input":"required name=search_term_string"}],"inLanguage":"fr-FR"},{"@type":"ImageObject","@id":"https:\/\/artherapievirtus.org\/vda\/propositions-dateliers\/cesari-atelier-3-acrylique\/#primaryimage","inLanguage":"fr-FR","url":"https:\/\/artherapievirtus.org\/vda\/wp-content\/uploads\/2015\/11\/Identite\u0301-2011-petite-e1468957910544.jpg","contentUrl":"https:\/\/artherapievirtus.org\/vda\/wp-content\/uploads\/2015\/11\/Identite\u0301-2011-petite-e1468957910544.jpg","width":117,"height":154},{"@type":"WebPage","@id":"https:\/\/artherapievirtus.org\/vda\/propositions-dateliers\/cesari-atelier-3-acrylique\/#webpage","url":"https:\/\/artherapievirtus.org\/vda\/propositions-dateliers\/cesari-atelier-3-acrylique\/","name":"4\/ Emmanuelle Cesari \u2013 Atelier 3 \u2013 Acrylique \u2013\u00a0La col\u00e8re \u2013\u00a0La catharsis - 13 OR DE VIE \u2013 Victimes des attentats","isPartOf":{"@id":"https:\/\/artherapievirtus.org\/vda\/#website"},"primaryImageOfPage":{"@id":"https:\/\/artherapievirtus.org\/vda\/propositions-dateliers\/cesari-atelier-3-acrylique\/#primaryimage"},"datePublished":"2016-05-23T14:00:35+00:00","dateModified":"2021-08-16T08:36:33+00:00","description":"Emmanuelle Cesari \u2013 Atelier 3 \u2013 Acrylique \u2013 La col\u00e8re \u2013 La catharsis, partage d\u2019exp\u00e9rience, personnes victimes de violences","breadcrumb":{"@id":"https:\/\/artherapievirtus.org\/vda\/propositions-dateliers\/cesari-atelier-3-acrylique\/#breadcrumb"},"inLanguage":"fr-FR","potentialAction":[{"@type":"ReadAction","target":["https:\/\/artherapievirtus.org\/vda\/propositions-dateliers\/cesari-atelier-3-acrylique\/"]}]},{"@type":"BreadcrumbList","@id":"https:\/\/artherapievirtus.org\/vda\/propositions-dateliers\/cesari-atelier-3-acrylique\/#breadcrumb","itemListElement":[{"@type":"ListItem","position":1,"name":"Accueil","item":"https:\/\/artherapievirtus.org\/vda\/"},{"@type":"ListItem","position":2,"name":"Propositions d&rsquo;ateliers d&rsquo;Art-Th\u00e9rapie","item":"https:\/\/artherapievirtus.org\/vda\/propositions-dateliers\/"},{"@type":"ListItem","position":3,"name":"4\/ Emmanuelle Cesari \u2013 Atelier 3 \u2013 Acrylique \u2013\u00a0La col\u00e8re \u2013\u00a0La catharsis"}]}]}},"jetpack_sharing_enabled":true,"jetpack_likes_enabled":true,"_links":{"self":[{"href":"https:\/\/artherapievirtus.org\/vda\/wp-json\/wp\/v2\/pages\/577"}],"collection":[{"href":"https:\/\/artherapievirtus.org\/vda\/wp-json\/wp\/v2\/pages"}],"about":[{"href":"https:\/\/artherapievirtus.org\/vda\/wp-json\/wp\/v2\/types\/page"}],"author":[{"embeddable":true,"href":"https:\/\/artherapievirtus.org\/vda\/wp-json\/wp\/v2\/users\/3"}],"replies":[{"embeddable":true,"href":"https:\/\/artherapievirtus.org\/vda\/wp-json\/wp\/v2\/comments?post=577"}],"version-history":[{"count":36,"href":"https:\/\/artherapievirtus.org\/vda\/wp-json\/wp\/v2\/pages\/577\/revisions"}],"predecessor-version":[{"id":7775,"href":"https:\/\/artherapievirtus.org\/vda\/wp-json\/wp\/v2\/pages\/577\/revisions\/7775"}],"up":[{"embeddable":true,"href":"https:\/\/artherapievirtus.org\/vda\/wp-json\/wp\/v2\/pages\/552"}],"wp:featuredmedia":[{"embeddable":true,"href":"https:\/\/artherapievirtus.org\/vda\/wp-json\/wp\/v2\/media\/1119"}],"wp:attachment":[{"href":"https:\/\/artherapievirtus.org\/vda\/wp-json\/wp\/v2\/media?parent=577"}],"curies":[{"name":"wp","href":"https:\/\/api.w.org\/{rel}","templated":true}]}}