{"id":5442,"date":"2016-11-20T22:02:20","date_gmt":"2016-11-20T20:02:20","guid":{"rendered":"http:\/\/artherapievirtus.org\/vda\/?page_id=5442"},"modified":"2017-04-22T21:03:55","modified_gmt":"2017-04-22T19:03:55","slug":"la-porteuse-du-projet","status":"publish","type":"page","link":"https:\/\/artherapievirtus.org\/vda\/description-de-postes\/la-porteuse-du-projet\/","title":{"rendered":"La porteuse du projet 13 or de vie"},"content":{"rendered":"<h5><span style=\"color: #ffcc00;\">1. La pr\u00e9sentation du porteur de projet<\/span><\/h5>\n<p>Les investisseurs ont besoin de conna\u00eetre la porteuse de projet, personnage-cl\u00e9 de l&rsquo;affaire. Le but est de les rassurer et leur montrer que la porteuse de projet est la bonne personne pour mener \u00e0 bien son projet. Comme sur un CV, il compte de recenser : les formations ; les exp\u00e9riences professionnelles ; les comp\u00e9tences.<br \/>\nIl faut ensuite expliquer en quoi ces \u00e9l\u00e9ments peuvent \u00eatre utiles pour lancer l&rsquo;activit\u00e9.<\/p>\n<h5><span style=\"color: #ffcc00;\">2. Les motivations du porteur de projet<\/span><\/h5>\n<p>R\u00e9diger une pr\u00e9sentation du projet, c&rsquo;est aussi raconter une histoire. Quelle est l&rsquo;id\u00e9e de d\u00e9part du porteur de projet ? Quel a \u00e9t\u00e9 le d\u00e9clic pour lancer cette aventure ? Cr\u00e9er son projet est un acte fort, professionnellement et personnellement. Ce n&rsquo;est jamais anodin. Cela doit transparaitre dans la pr\u00e9sentation ; la porteuse de projet montre son engagement, sa r\u00e9flexion, sa d\u00e9termination pour mener le projet \u00e0 terme.<\/p>\n<h5><span style=\"color: #ffcc00;\">3. La pr\u00e9sentation de l&rsquo;\u00e9quipe Le porteur de projet doit mettre en avant l&rsquo;\u00e9quipe qui l&rsquo;entoure.<\/span><\/h5>\n<p>Une pr\u00e9sentation de chaque membre s&rsquo;impose :<br \/>\nexp\u00e9riences ; comp\u00e9tences ; r\u00f4le dans l&rsquo;entreprise.<br \/>\nPour marquer des points aupr\u00e8s des d\u00e9cideurs, il faut mettre en avant les \u00e9l\u00e9ments de leurs profils qui d\u00e9montrent leur coh\u00e9rence et leur pertinence par rapport au projet, et \u00e0 leur r\u00f4le dans ce dernier. Il s&rsquo;agit de d\u00e9montrer que cette \u00e9quipe est compl\u00e9mentaire, en couvrant tous les domaines : management ; technique ; commercial ; financier. Dans l&rsquo;\u00e9ventualit\u00e9 o\u00f9 l&rsquo;\u00e9quipe ne serait pas encore au complet, il est important de pr\u00e9ciser les postes et profils \u00e9ventuellement recherch\u00e9s, pour donner une indication de l&rsquo;\u00e9quipe finale.<\/p>\n<hr \/>\n<p><strong><span style=\"color: #ffcc00;\">\u2022<\/span><\/strong> Cr\u00e9ation et d\u00e9veloppement du projet 13 or de vie\u00a0;<br \/>\n<strong><span style=\"color: #ffcc00;\">\u2022<\/span><\/strong> \u00c9laboration de la forme du projet et \u00e9tablissement d\u2019une feuille de route\u00a0;<br \/>\n<strong><span style=\"color: #ffcc00;\">\u2022<\/span><\/strong> Charg\u00e9e de communication avec les institutions et les associations de victimes\u00a0;<br \/>\n<strong><span style=\"color: #ffcc00;\">\u2022<\/span><\/strong> Pr\u00e9sentation du projet 13 or de vie et de son collectif d\u00e8s que n\u00e9cessaire\u00a0;<br \/>\n<strong><span style=\"color: #ffcc00;\">\u2022<\/span><\/strong> Montage et suivi du budget pr\u00e9visionnel\u00a0;<br \/>\n<strong><span style=\"color: #ffcc00;\">\u2022<\/span><\/strong> Assurer le pilotage du projet (co\u00fbt, d\u00e9lai, qualit\u00e9 et risques)\u00a0;<br \/>\n<strong><span style=\"color: #ffcc00;\">\u2022<\/span><\/strong> Comprendre, recueillir et analyser les besoins des participant.e.s et du collectif\u00a0;<br \/>\n<strong><span style=\"color: #ffcc00;\">\u2022<\/span><\/strong> \u00c9valuer et faire progresser les membres du collectif 13 or de vie\u00a0travaillant sur le projet\u00a0;<br \/>\n<strong><span style=\"color: #ffcc00;\">\u2022<\/span><\/strong> Supervision et gestion du blogue\u00a0;<br \/>\n<strong><span style=\"color: #ffcc00;\">\u2022<\/span><\/strong> Suivre l\u2019\u00e9volution du projet\u00a0;<br \/>\n<strong><span style=\"color: #ffcc00;\">\u2022<\/span><\/strong> Assurer la rentabilit\u00e9 du projet\u00a0;<br \/>\n<strong><span style=\"color: #ffcc00;\">\u2022<\/span><\/strong> Animation de r\u00e9unions ou du comit\u00e9 de\u00a0pilotage.<\/p>\n<hr \/>\n<p><img loading=\"lazy\" class=\"aligncenter size-medium wp-image-5616\" src=\"http:\/\/artherapievirtus.org\/vda\/wp-content\/uploads\/2016\/11\/2013-Master-2-at-424x300.jpg\" alt=\"2013-master-2-at\" width=\"424\" height=\"300\" srcset=\"https:\/\/artherapievirtus.org\/vda\/wp-content\/uploads\/2016\/11\/2013-Master-2-at-424x300.jpg 424w, https:\/\/artherapievirtus.org\/vda\/wp-content\/uploads\/2016\/11\/2013-Master-2-at-1280x905.jpg 1280w, https:\/\/artherapievirtus.org\/vda\/wp-content\/uploads\/2016\/11\/2013-Master-2-at-600x424.jpg 600w, https:\/\/artherapievirtus.org\/vda\/wp-content\/uploads\/2016\/11\/2013-Master-2-at-1260x891.jpg 1260w, https:\/\/artherapievirtus.org\/vda\/wp-content\/uploads\/2016\/11\/2013-Master-2-at.jpg 1754w\" sizes=\"(max-width: 424px) 100vw, 424px\" \/><br \/>\n<img loading=\"lazy\" class=\"aligncenter size-medium wp-image-5617\" src=\"http:\/\/artherapievirtus.org\/vda\/wp-content\/uploads\/2016\/11\/2011-Victimologie-434x300.jpg\" alt=\"2011-victimologie\" width=\"434\" height=\"300\" srcset=\"https:\/\/artherapievirtus.org\/vda\/wp-content\/uploads\/2016\/11\/2011-Victimologie-434x300.jpg 434w, https:\/\/artherapievirtus.org\/vda\/wp-content\/uploads\/2016\/11\/2011-Victimologie-1280x885.jpg 1280w, https:\/\/artherapievirtus.org\/vda\/wp-content\/uploads\/2016\/11\/2011-Victimologie-600x415.jpg 600w, https:\/\/artherapievirtus.org\/vda\/wp-content\/uploads\/2016\/11\/2011-Victimologie-1260x872.jpg 1260w, https:\/\/artherapievirtus.org\/vda\/wp-content\/uploads\/2016\/11\/2011-Victimologie.jpg 1713w\" sizes=\"(max-width: 434px) 100vw, 434px\" \/><\/p>\n<hr \/>\n<p>Malheureusement les r\u00e9sultats du domaine m\u00e9dical sont pass\u00e9s \u00e0 la rentabilit\u00e9.<br \/>\nQu&rsquo;en est-il de l&rsquo;art-th\u00e9rapie de rendement ?<br \/>\nTout d&rsquo;abord faudrait-il que chacun sache et comprenne ce qu&rsquo;est-l&rsquo;art th\u00e9rapie et ni les institutionnels, ni les personnes victimes prennent le temps d&rsquo;entrevoir la diff\u00e9rence entre un soin, qui demande des ann\u00e9es d&rsquo;\u00e9tudes, et les cahiers Hachette pratique.<br \/>\nLorsque nous avons appris, par la presse, que l&rsquo;association <em>Life for Paris<\/em>, avait organis\u00e9 des ateliers d&rsquo;art-th\u00e9rapie au sein de l&rsquo;association, j&rsquo;ai compris que nos ateliers \u00e9taient perdus.<br \/>\nNous avons comment\u00e9 l&rsquo;article r\u00e9v\u00e9lateur :<br \/>\n<a href=\"http:\/\/artherapievirtus.org\/vda\/13-novembre-l-art-comme-therapie\/\" target=\"_blank\" rel=\"noopener noreferrer\">http:\/\/artherapievirtus.org\/vda\/13-novembre-l-art-comme-therapie\/<br \/>\n<\/a><br \/>\nM\u00eame s&rsquo;il s&rsquo;agit d&rsquo;une association, le projet est soumis \u00e0 des crit\u00e8res jouxtant de plus en plus ceux de l&rsquo;entreprise. On demande \u00e0 la porteuse de projet un\u00a0business plan. Le projet doit-\u00eatre solide m\u00eame s&rsquo;il ne s&rsquo;agit que de subjectivit\u00e9.<br \/>\n<strong><span style=\"color: #ffcc00;\">\u2022<\/span><\/strong> Assurer la rentabilit\u00e9 du projet\u00a0;<br \/>\nLe but doit \u00eatre d&rsquo;avoir le maximum de personnes victimes pour\u00a0un minimum d&rsquo;investissement, lieux, honoraires ou mat\u00e9riel.<br \/>\nIl sera n\u00e9cessaire de traiter la fonctionnalit\u00e9 d&rsquo;un atelier d&rsquo;art-th\u00e9rapie comme celle d&rsquo;un cours d&rsquo;informatique par exemple : si il n&rsquo;y a pas dix personnes dans l&rsquo;atelier, on ne l&rsquo;ouvre pas, parce qu&rsquo;il ne sera pas rentable.<br \/>\nNous sommes pourtant dans le soin et les al\u00e9as de personnalit\u00e9s traumatis\u00e9es.<br \/>\nQue nenni, la porteuse de projet sait bien que le ratio sera d\u00e9terminant, ainsi que sa responsabilit\u00e9 obligatoire.<br \/>\nLes investisseurs ne fonctionnent que dans un syst\u00e8me de gouvernance verticale avec une obligation de profit chiffrable donc au nombre de participants par atelier.<br \/>\nJe sais d\u00e9j\u00e0 que la rentabilit\u00e9 du projet est vou\u00e9e \u00e0 l&rsquo;\u00e9chec, mais je d\u00e9cide et prends la responsabilit\u00e9 d&rsquo;aider l&rsquo;humain.<br \/>\nChaque atelier commenc\u00e9, m\u00eame s&rsquo;il n&rsquo;y a qu&rsquo;une personne victime, ira au bout des dix s\u00e9ances car l&rsquo;important sera la personne remise en mouvement et qui aura repris une autonomie face \u00e0 la mort pour vivre. Ce projet n&rsquo;aura dur\u00e9 que trois mois, mais se sont trois mois pris sur la mort.<br \/>\nQuant aux personnes victimes qui liront ces lignes, je vous attends gratuitement sur le blogue\u00a0<a href=\"http:\/\/13ordevie.org\/suivi-en-ligne\/\" target=\"_blank\" rel=\"noopener noreferrer\">http:\/\/13ordevie.org\/suivi-en-ligne\/<\/a> un lieu o\u00f9 la rentabilit\u00e9, la tyrannie de l&rsquo;utilisation du temps et les agressions n&rsquo;existent pas.<\/p>\n<h6><a href=\"http:\/\/www.carnetpsy.com\/cp.php?id=194&amp;PHPSESSID=8c9ng3kfh4nsu94irvjtjg18a6\" target=\"_blank\" rel=\"noopener noreferrer\"><span style=\"color: #800000;\">Carnet\/Psy n\u00b0 194 : Le terroriste, la terreur et le terroris\u00e9<\/span><\/a><\/h6>\n<p><iframe loading=\"lazy\" src=\"https:\/\/www.youtube.com\/embed\/69axZ5UhcFU?rel=0&amp;controls=0\" width=\"560\" height=\"315\" frameborder=\"0\" allowfullscreen=\"allowfullscreen\"><\/iframe><\/p>\n<div class=\"sharedaddy sd-sharing-enabled\"><div class=\"robots-nocontent sd-block sd-social sd-social-official sd-sharing\"><h3 class=\"sd-title\">Partager\u00a0:<\/h3><div class=\"sd-content\"><ul><li class=\"share-facebook\"><div class=\"fb-share-button\" data-href=\"https:\/\/artherapievirtus.org\/vda\/description-de-postes\/la-porteuse-du-projet\/\" data-layout=\"button_count\"><\/div><\/li><li class=\"share-twitter\"><a href=\"https:\/\/twitter.com\/share\" class=\"twitter-share-button\" data-url=\"https:\/\/artherapievirtus.org\/vda\/description-de-postes\/la-porteuse-du-projet\/\" data-text=\"La porteuse du projet 13 or de vie\"  >Tweet<\/a><\/li><li class=\"share-linkedin\"><div class=\"linkedin_button\"><script type=\"in\/share\" data-url=\"https:\/\/artherapievirtus.org\/vda\/description-de-postes\/la-porteuse-du-projet\/\" data-counter=\"right\"><\/script><\/div><\/li><li><a href=\"#\" class=\"sharing-anchor sd-button share-more\"><span>Plus<\/span><\/a><\/li><li class=\"share-end\"><\/li><\/ul><div class=\"sharing-hidden\"><div class=\"inner\" style=\"display: none;\"><ul><li class=\"share-print\"><a rel=\"nofollow noopener noreferrer\" data-shared=\"\" class=\"share-print sd-button\" href=\"https:\/\/artherapievirtus.org\/vda\/description-de-postes\/la-porteuse-du-projet\/\" target=\"_blank\" title=\"Cliquer pour imprimer\"><span>Imprimer<\/span><\/a><\/li><li class=\"share-email\"><a rel=\"nofollow noopener noreferrer\" data-shared=\"\" class=\"share-email sd-button\" href=\"https:\/\/artherapievirtus.org\/vda\/description-de-postes\/la-porteuse-du-projet\/?share=email\" target=\"_blank\" title=\"Cliquez pour envoyer par e-mail \u00e0 un ami\"><span>E-mail<\/span><\/a><\/li><li class=\"share-end\"><\/li><li class=\"share-end\"><\/li><\/ul><\/div><\/div><\/div><\/div><\/div>","protected":false},"excerpt":{"rendered":"<p>1. La pr\u00e9sentation du porteur de projet Les investisseurs ont besoin de conna\u00eetre la porteuse de projet, personnage-cl\u00e9 de l&rsquo;affaire. Le but est de les rassurer et leur montrer que la porteuse de projet est la bonne personne pour mener \u00e0 bien son projet. Comme sur un CV, il compte de recenser : les formations&hellip; <\/p>\n<p class=\"toivo-read-more\"><a href=\"https:\/\/artherapievirtus.org\/vda\/description-de-postes\/la-porteuse-du-projet\/\" class=\"more-link\">Lire la suite <span class=\"screen-reader-text\">de<\/span> <span class=\"screen-reader-text\">La porteuse du projet 13 or de vie<\/span><\/a><\/p>\n<div class=\"sharedaddy sd-sharing-enabled\"><div class=\"robots-nocontent sd-block sd-social sd-social-official sd-sharing\"><h3 class=\"sd-title\">Partager\u00a0:<\/h3><div class=\"sd-content\"><ul><li class=\"share-facebook\"><div class=\"fb-share-button\" data-href=\"https:\/\/artherapievirtus.org\/vda\/description-de-postes\/la-porteuse-du-projet\/\" data-layout=\"button_count\"><\/div><\/li><li class=\"share-twitter\"><a href=\"https:\/\/twitter.com\/share\" class=\"twitter-share-button\" data-url=\"https:\/\/artherapievirtus.org\/vda\/description-de-postes\/la-porteuse-du-projet\/\" data-text=\"La porteuse du projet 13 or de vie\"  >Tweet<\/a><\/li><li class=\"share-linkedin\"><div class=\"linkedin_button\"><script type=\"in\/share\" data-url=\"https:\/\/artherapievirtus.org\/vda\/description-de-postes\/la-porteuse-du-projet\/\" data-counter=\"right\"><\/script><\/div><\/li><li><a href=\"#\" class=\"sharing-anchor sd-button share-more\"><span>Plus<\/span><\/a><\/li><li class=\"share-end\"><\/li><\/ul><div class=\"sharing-hidden\"><div class=\"inner\" style=\"display: none;\"><ul><li class=\"share-print\"><a rel=\"nofollow noopener noreferrer\" data-shared=\"\" class=\"share-print sd-button\" href=\"https:\/\/artherapievirtus.org\/vda\/description-de-postes\/la-porteuse-du-projet\/\" target=\"_blank\" title=\"Cliquer pour imprimer\"><span>Imprimer<\/span><\/a><\/li><li class=\"share-email\"><a rel=\"nofollow noopener noreferrer\" data-shared=\"\" class=\"share-email sd-button\" href=\"https:\/\/artherapievirtus.org\/vda\/description-de-postes\/la-porteuse-du-projet\/?share=email\" target=\"_blank\" title=\"Cliquez pour envoyer par e-mail \u00e0 un ami\"><span>E-mail<\/span><\/a><\/li><li class=\"share-end\"><\/li><li class=\"share-end\"><\/li><\/ul><\/div><\/div><\/div><\/div><\/div>","protected":false},"author":3,"featured_media":6048,"parent":5370,"menu_order":1,"comment_status":"closed","ping_status":"closed","template":"","meta":{"spay_email":""},"yoast_head":"<!-- This site is optimized with the Yoast SEO plugin v17.2.1 - https:\/\/yoast.com\/wordpress\/plugins\/seo\/ -->\n<title>La porteuse du projet 13 or de vie - 13 OR DE VIE \u2013 Victimes des attentats<\/title>\n<meta name=\"description\" content=\"la porteuse du projet, investisseur, rassurer, rentabilit\u00e9s, art-th\u00e9rapie de rendement, cahiers Hachette pratique, engagement, mort\" \/>\n<meta name=\"robots\" content=\"index, follow, max-snippet:-1, max-image-preview:large, max-video-preview:-1\" \/>\n<link rel=\"canonical\" href=\"https:\/\/artherapievirtus.org\/vda\/description-de-postes\/la-porteuse-du-projet\/\" \/>\n<meta property=\"og:locale\" content=\"fr_FR\" \/>\n<meta property=\"og:type\" content=\"article\" \/>\n<meta property=\"og:title\" content=\"La porteuse du projet 13 or de vie - 13 OR DE VIE \u2013 Victimes des attentats\" \/>\n<meta property=\"og:description\" content=\"la porteuse du projet, investisseur, rassurer, rentabilit\u00e9s, art-th\u00e9rapie de rendement, cahiers Hachette pratique, engagement, mort\" \/>\n<meta property=\"og:url\" content=\"https:\/\/artherapievirtus.org\/vda\/description-de-postes\/la-porteuse-du-projet\/\" \/>\n<meta property=\"og:site_name\" content=\"13 OR DE VIE \u2013 Victimes des attentats\" \/>\n<meta property=\"article:publisher\" content=\"https:\/\/www.facebook.com\/artherapievirtus.org\/\" \/>\n<meta property=\"article:modified_time\" content=\"2017-04-22T19:03:55+00:00\" \/>\n<meta property=\"og:image\" content=\"https:\/\/artherapievirtus.org\/vda\/wp-content\/uploads\/2016\/12\/ID-EC-e1482175390552.gif\" \/>\n\t<meta property=\"og:image:width\" content=\"150\" \/>\n\t<meta property=\"og:image:height\" content=\"161\" \/>\n<meta name=\"twitter:card\" content=\"summary\" \/>\n<meta name=\"twitter:site\" content=\"@artherapie75\" \/>\n<meta name=\"twitter:label1\" content=\"Dur\u00e9e de lecture estim\u00e9e\" \/>\n\t<meta name=\"twitter:data1\" content=\"4 minutes\" \/>\n<script type=\"application\/ld+json\" class=\"yoast-schema-graph\">{\"@context\":\"https:\/\/schema.org\",\"@graph\":[{\"@type\":\"WebSite\",\"@id\":\"https:\/\/artherapievirtus.org\/vda\/#website\",\"url\":\"https:\/\/artherapievirtus.org\/vda\/\",\"name\":\"13 OR DE VIE \\u2013 Victimes des attentats\",\"description\":\"Ce blogue  13 OR DE VIE est un outil collaboratif pour les ateliers d\\u2019Art-Th\\u00e9rapie  \\u00e0 l\\u2019intention des victimes du terrorisme\",\"potentialAction\":[{\"@type\":\"SearchAction\",\"target\":{\"@type\":\"EntryPoint\",\"urlTemplate\":\"https:\/\/artherapievirtus.org\/vda\/?s={search_term_string}\"},\"query-input\":\"required name=search_term_string\"}],\"inLanguage\":\"fr-FR\"},{\"@type\":\"ImageObject\",\"@id\":\"https:\/\/artherapievirtus.org\/vda\/description-de-postes\/la-porteuse-du-projet\/#primaryimage\",\"inLanguage\":\"fr-FR\",\"url\":\"https:\/\/artherapievirtus.org\/vda\/wp-content\/uploads\/2016\/12\/ID-EC-e1482175390552.gif\",\"contentUrl\":\"https:\/\/artherapievirtus.org\/vda\/wp-content\/uploads\/2016\/12\/ID-EC-e1482175390552.gif\",\"width\":150,\"height\":161},{\"@type\":\"WebPage\",\"@id\":\"https:\/\/artherapievirtus.org\/vda\/description-de-postes\/la-porteuse-du-projet\/#webpage\",\"url\":\"https:\/\/artherapievirtus.org\/vda\/description-de-postes\/la-porteuse-du-projet\/\",\"name\":\"La porteuse du projet 13 or de vie - 13 OR DE VIE \\u2013 Victimes des attentats\",\"isPartOf\":{\"@id\":\"https:\/\/artherapievirtus.org\/vda\/#website\"},\"primaryImageOfPage\":{\"@id\":\"https:\/\/artherapievirtus.org\/vda\/description-de-postes\/la-porteuse-du-projet\/#primaryimage\"},\"datePublished\":\"2016-11-20T20:02:20+00:00\",\"dateModified\":\"2017-04-22T19:03:55+00:00\",\"description\":\"la porteuse du projet, investisseur, rassurer, rentabilit\\u00e9s, art-th\\u00e9rapie de rendement, cahiers Hachette pratique, engagement, mort\",\"breadcrumb\":{\"@id\":\"https:\/\/artherapievirtus.org\/vda\/description-de-postes\/la-porteuse-du-projet\/#breadcrumb\"},\"inLanguage\":\"fr-FR\",\"potentialAction\":[{\"@type\":\"ReadAction\",\"target\":[\"https:\/\/artherapievirtus.org\/vda\/description-de-postes\/la-porteuse-du-projet\/\"]}]},{\"@type\":\"BreadcrumbList\",\"@id\":\"https:\/\/artherapievirtus.org\/vda\/description-de-postes\/la-porteuse-du-projet\/#breadcrumb\",\"itemListElement\":[{\"@type\":\"ListItem\",\"position\":1,\"name\":\"Accueil\",\"item\":\"https:\/\/artherapievirtus.org\/vda\/\"},{\"@type\":\"ListItem\",\"position\":2,\"name\":\"Descriptions de postes\",\"item\":\"https:\/\/artherapievirtus.org\/vda\/description-de-postes\/\"},{\"@type\":\"ListItem\",\"position\":3,\"name\":\"La porteuse du projet 13 or de vie\"}]}]}<\/script>\n<!-- \/ Yoast SEO plugin. -->","yoast_head_json":{"title":"La porteuse du projet 13 or de vie - 13 OR DE VIE \u2013 Victimes des attentats","description":"la porteuse du projet, investisseur, rassurer, rentabilit\u00e9s, art-th\u00e9rapie de rendement, cahiers Hachette pratique, engagement, mort","robots":{"index":"index","follow":"follow","max-snippet":"max-snippet:-1","max-image-preview":"max-image-preview:large","max-video-preview":"max-video-preview:-1"},"canonical":"https:\/\/artherapievirtus.org\/vda\/description-de-postes\/la-porteuse-du-projet\/","og_locale":"fr_FR","og_type":"article","og_title":"La porteuse du projet 13 or de vie - 13 OR DE VIE \u2013 Victimes des attentats","og_description":"la porteuse du projet, investisseur, rassurer, rentabilit\u00e9s, art-th\u00e9rapie de rendement, cahiers Hachette pratique, engagement, mort","og_url":"https:\/\/artherapievirtus.org\/vda\/description-de-postes\/la-porteuse-du-projet\/","og_site_name":"13 OR DE VIE \u2013 Victimes des attentats","article_publisher":"https:\/\/www.facebook.com\/artherapievirtus.org\/","article_modified_time":"2017-04-22T19:03:55+00:00","og_image":[{"width":150,"height":161,"url":"https:\/\/artherapievirtus.org\/vda\/wp-content\/uploads\/2016\/12\/ID-EC-e1482175390552.gif","path":"\/home\/artherapq\/www\/vda\/wp-content\/uploads\/2016\/12\/ID-EC-e1482175390552.gif","size":"full","id":6048,"alt":"","pixels":24150,"type":"image\/gif"}],"twitter_card":"summary","twitter_site":"@artherapie75","twitter_misc":{"Dur\u00e9e de lecture estim\u00e9e":"4 minutes"},"schema":{"@context":"https:\/\/schema.org","@graph":[{"@type":"WebSite","@id":"https:\/\/artherapievirtus.org\/vda\/#website","url":"https:\/\/artherapievirtus.org\/vda\/","name":"13 OR DE VIE \u2013 Victimes des attentats","description":"Ce blogue  13 OR DE VIE est un outil collaboratif pour les ateliers d\u2019Art-Th\u00e9rapie  \u00e0 l\u2019intention des victimes du terrorisme","potentialAction":[{"@type":"SearchAction","target":{"@type":"EntryPoint","urlTemplate":"https:\/\/artherapievirtus.org\/vda\/?s={search_term_string}"},"query-input":"required name=search_term_string"}],"inLanguage":"fr-FR"},{"@type":"ImageObject","@id":"https:\/\/artherapievirtus.org\/vda\/description-de-postes\/la-porteuse-du-projet\/#primaryimage","inLanguage":"fr-FR","url":"https:\/\/artherapievirtus.org\/vda\/wp-content\/uploads\/2016\/12\/ID-EC-e1482175390552.gif","contentUrl":"https:\/\/artherapievirtus.org\/vda\/wp-content\/uploads\/2016\/12\/ID-EC-e1482175390552.gif","width":150,"height":161},{"@type":"WebPage","@id":"https:\/\/artherapievirtus.org\/vda\/description-de-postes\/la-porteuse-du-projet\/#webpage","url":"https:\/\/artherapievirtus.org\/vda\/description-de-postes\/la-porteuse-du-projet\/","name":"La porteuse du projet 13 or de vie - 13 OR DE VIE \u2013 Victimes des attentats","isPartOf":{"@id":"https:\/\/artherapievirtus.org\/vda\/#website"},"primaryImageOfPage":{"@id":"https:\/\/artherapievirtus.org\/vda\/description-de-postes\/la-porteuse-du-projet\/#primaryimage"},"datePublished":"2016-11-20T20:02:20+00:00","dateModified":"2017-04-22T19:03:55+00:00","description":"la porteuse du projet, investisseur, rassurer, rentabilit\u00e9s, art-th\u00e9rapie de rendement, cahiers Hachette pratique, engagement, mort","breadcrumb":{"@id":"https:\/\/artherapievirtus.org\/vda\/description-de-postes\/la-porteuse-du-projet\/#breadcrumb"},"inLanguage":"fr-FR","potentialAction":[{"@type":"ReadAction","target":["https:\/\/artherapievirtus.org\/vda\/description-de-postes\/la-porteuse-du-projet\/"]}]},{"@type":"BreadcrumbList","@id":"https:\/\/artherapievirtus.org\/vda\/description-de-postes\/la-porteuse-du-projet\/#breadcrumb","itemListElement":[{"@type":"ListItem","position":1,"name":"Accueil","item":"https:\/\/artherapievirtus.org\/vda\/"},{"@type":"ListItem","position":2,"name":"Descriptions de postes","item":"https:\/\/artherapievirtus.org\/vda\/description-de-postes\/"},{"@type":"ListItem","position":3,"name":"La porteuse du projet 13 or de vie"}]}]}},"jetpack_sharing_enabled":true,"jetpack_likes_enabled":true,"_links":{"self":[{"href":"https:\/\/artherapievirtus.org\/vda\/wp-json\/wp\/v2\/pages\/5442"}],"collection":[{"href":"https:\/\/artherapievirtus.org\/vda\/wp-json\/wp\/v2\/pages"}],"about":[{"href":"https:\/\/artherapievirtus.org\/vda\/wp-json\/wp\/v2\/types\/page"}],"author":[{"embeddable":true,"href":"https:\/\/artherapievirtus.org\/vda\/wp-json\/wp\/v2\/users\/3"}],"replies":[{"embeddable":true,"href":"https:\/\/artherapievirtus.org\/vda\/wp-json\/wp\/v2\/comments?post=5442"}],"version-history":[{"count":16,"href":"https:\/\/artherapievirtus.org\/vda\/wp-json\/wp\/v2\/pages\/5442\/revisions"}],"predecessor-version":[{"id":6787,"href":"https:\/\/artherapievirtus.org\/vda\/wp-json\/wp\/v2\/pages\/5442\/revisions\/6787"}],"up":[{"embeddable":true,"href":"https:\/\/artherapievirtus.org\/vda\/wp-json\/wp\/v2\/pages\/5370"}],"wp:featuredmedia":[{"embeddable":true,"href":"https:\/\/artherapievirtus.org\/vda\/wp-json\/wp\/v2\/media\/6048"}],"wp:attachment":[{"href":"https:\/\/artherapievirtus.org\/vda\/wp-json\/wp\/v2\/media?parent=5442"}],"curies":[{"name":"wp","href":"https:\/\/api.w.org\/{rel}","templated":true}]}}