{"id":5370,"date":"2016-11-19T10:43:39","date_gmt":"2016-11-19T08:43:39","guid":{"rendered":"http:\/\/artherapievirtus.org\/vda\/?page_id=5370"},"modified":"2017-01-21T07:44:03","modified_gmt":"2017-01-21T05:44:03","slug":"description-de-postes","status":"publish","type":"page","link":"https:\/\/artherapievirtus.org\/vda\/description-de-postes\/","title":{"rendered":"Descriptions de postes"},"content":{"rendered":"<p><span style=\"color: #ffcc00;\"><strong>\u2022 <\/strong><\/span><a href=\"http:\/\/artherapievirtus.org\/vda\/description-de-postes\/la-porteuse-du-projet\/\" target=\"_blank\">La <strong>porteuse du projet<\/strong><\/a><br \/>\n<span style=\"color: #ffcc00;\"><strong>\u2022 <\/strong><\/span><a href=\"http:\/\/artherapievirtus.org\/vda\/description-de-postes\/mission-generale-de-art-therapeute\/\" target=\"_blank\">Mission g\u00e9n\u00e9rale de l&rsquo;<strong>Art-th\u00e9rapeute<\/strong><\/a><br \/>\n<span style=\"color: #ffcc00;\"><strong>\u2022 <\/strong><\/span><a href=\"http:\/\/artherapievirtus.org\/vda\/description-de-postes\/place-coordonnateur-art-therapeutes\/\" target=\"_blank\">La place du<strong> coordonnateur des art-th\u00e9rapeutes<\/strong><\/a><br \/>\n<span style=\"color: #ffcc00;\"><strong>\u2022 <\/strong><\/span><a href=\"http:\/\/artherapievirtus.org\/vda\/description-de-postes\/garant-cadre-de-deontologie\/\" target=\"_blank\"><strong>Garant<\/strong> du cadre et de la d\u00e9ontologie<\/a><br \/>\n<span style=\"color: #ffcc00;\"><strong>\u2022 <\/strong><\/span><a href=\"http:\/\/artherapievirtus.org\/vda\/description-de-postes\/mission-generale-de-psychologue\/\" target=\"_blank\">Mission g\u00e9n\u00e9rale de la <strong>psychologue clinicienne<\/strong><\/a><\/p>\n<div class=\"sharedaddy sd-sharing-enabled\"><div class=\"robots-nocontent sd-block sd-social sd-social-official sd-sharing\"><h3 class=\"sd-title\">Partager\u00a0:<\/h3><div class=\"sd-content\"><ul><li class=\"share-facebook\"><div class=\"fb-share-button\" data-href=\"https:\/\/artherapievirtus.org\/vda\/description-de-postes\/\" data-layout=\"button_count\"><\/div><\/li><li class=\"share-twitter\"><a href=\"https:\/\/twitter.com\/share\" class=\"twitter-share-button\" data-url=\"https:\/\/artherapievirtus.org\/vda\/description-de-postes\/\" data-text=\"Descriptions de postes\"  >Tweet<\/a><\/li><li class=\"share-linkedin\"><div class=\"linkedin_button\"><script type=\"in\/share\" data-url=\"https:\/\/artherapievirtus.org\/vda\/description-de-postes\/\" data-counter=\"right\"><\/script><\/div><\/li><li><a href=\"#\" class=\"sharing-anchor sd-button share-more\"><span>Plus<\/span><\/a><\/li><li class=\"share-end\"><\/li><\/ul><div class=\"sharing-hidden\"><div class=\"inner\" style=\"display: none;\"><ul><li class=\"share-print\"><a rel=\"nofollow noopener noreferrer\" data-shared=\"\" class=\"share-print sd-button\" href=\"https:\/\/artherapievirtus.org\/vda\/description-de-postes\/\" target=\"_blank\" title=\"Cliquer pour imprimer\"><span>Imprimer<\/span><\/a><\/li><li class=\"share-email\"><a rel=\"nofollow noopener noreferrer\" data-shared=\"\" class=\"share-email sd-button\" href=\"https:\/\/artherapievirtus.org\/vda\/description-de-postes\/?share=email\" target=\"_blank\" title=\"Cliquez pour envoyer par e-mail \u00e0 un ami\"><span>E-mail<\/span><\/a><\/li><li class=\"share-end\"><\/li><li class=\"share-end\"><\/li><\/ul><\/div><\/div><\/div><\/div><\/div>","protected":false},"excerpt":{"rendered":"<p>\u2022 La porteuse du projet \u2022 Mission g\u00e9n\u00e9rale de l&rsquo;Art-th\u00e9rapeute \u2022 La place du coordonnateur des art-th\u00e9rapeutes \u2022 Garant du cadre et de la d\u00e9ontologie \u2022 Mission g\u00e9n\u00e9rale de la psychologue clinicienne<\/p>\n<div class=\"sharedaddy sd-sharing-enabled\"><div class=\"robots-nocontent sd-block sd-social sd-social-official sd-sharing\"><h3 class=\"sd-title\">Partager\u00a0:<\/h3><div class=\"sd-content\"><ul><li class=\"share-facebook\"><div class=\"fb-share-button\" data-href=\"https:\/\/artherapievirtus.org\/vda\/description-de-postes\/\" data-layout=\"button_count\"><\/div><\/li><li class=\"share-twitter\"><a href=\"https:\/\/twitter.com\/share\" class=\"twitter-share-button\" data-url=\"https:\/\/artherapievirtus.org\/vda\/description-de-postes\/\" data-text=\"Descriptions de postes\"  >Tweet<\/a><\/li><li class=\"share-linkedin\"><div class=\"linkedin_button\"><script type=\"in\/share\" data-url=\"https:\/\/artherapievirtus.org\/vda\/description-de-postes\/\" data-counter=\"right\"><\/script><\/div><\/li><li><a href=\"#\" class=\"sharing-anchor sd-button share-more\"><span>Plus<\/span><\/a><\/li><li class=\"share-end\"><\/li><\/ul><div class=\"sharing-hidden\"><div class=\"inner\" style=\"display: none;\"><ul><li class=\"share-print\"><a rel=\"nofollow noopener noreferrer\" data-shared=\"\" class=\"share-print sd-button\" href=\"https:\/\/artherapievirtus.org\/vda\/description-de-postes\/\" target=\"_blank\" title=\"Cliquer pour imprimer\"><span>Imprimer<\/span><\/a><\/li><li class=\"share-email\"><a rel=\"nofollow noopener noreferrer\" data-shared=\"\" class=\"share-email sd-button\" href=\"https:\/\/artherapievirtus.org\/vda\/description-de-postes\/?share=email\" target=\"_blank\" title=\"Cliquez pour envoyer par e-mail \u00e0 un ami\"><span>E-mail<\/span><\/a><\/li><li class=\"share-end\"><\/li><li class=\"share-end\"><\/li><\/ul><\/div><\/div><\/div><\/div><\/div>","protected":false},"author":3,"featured_media":0,"parent":0,"menu_order":0,"comment_status":"closed","ping_status":"closed","template":"","meta":{"spay_email":""},"yoast_head":"<!-- This site is optimized with the Yoast SEO plugin v17.2.1 - https:\/\/yoast.com\/wordpress\/plugins\/seo\/ -->\n<title>Descriptions de postes - 13 OR DE VIE \u2013 Victimes des attentats<\/title>\n<meta name=\"robots\" content=\"index, follow, max-snippet:-1, max-image-preview:large, max-video-preview:-1\" \/>\n<link rel=\"canonical\" href=\"https:\/\/artherapievirtus.org\/vda\/description-de-postes\/\" \/>\n<meta property=\"og:locale\" content=\"fr_FR\" \/>\n<meta property=\"og:type\" content=\"article\" \/>\n<meta property=\"og:title\" content=\"Descriptions de postes - 13 OR DE VIE \u2013 Victimes des attentats\" \/>\n<meta property=\"og:description\" content=\"\u2022 La porteuse du projet \u2022 Mission g\u00e9n\u00e9rale de l&rsquo;Art-th\u00e9rapeute \u2022 La place du coordonnateur des art-th\u00e9rapeutes \u2022 Garant du cadre et de la d\u00e9ontologie \u2022 Mission g\u00e9n\u00e9rale de la psychologue clinicienne\" \/>\n<meta property=\"og:url\" content=\"https:\/\/artherapievirtus.org\/vda\/description-de-postes\/\" \/>\n<meta property=\"og:site_name\" content=\"13 OR DE VIE \u2013 Victimes des attentats\" \/>\n<meta property=\"article:publisher\" content=\"https:\/\/www.facebook.com\/artherapievirtus.org\/\" \/>\n<meta property=\"article:modified_time\" content=\"2017-01-21T05:44:03+00:00\" \/>\n<meta name=\"twitter:card\" content=\"summary\" \/>\n<meta name=\"twitter:site\" content=\"@artherapie75\" \/>\n<script type=\"application\/ld+json\" class=\"yoast-schema-graph\">{\"@context\":\"https:\/\/schema.org\",\"@graph\":[{\"@type\":\"WebSite\",\"@id\":\"https:\/\/artherapievirtus.org\/vda\/#website\",\"url\":\"https:\/\/artherapievirtus.org\/vda\/\",\"name\":\"13 OR DE VIE \\u2013 Victimes des attentats\",\"description\":\"Ce blogue  13 OR DE VIE est un outil collaboratif pour les ateliers d\\u2019Art-Th\\u00e9rapie  \\u00e0 l\\u2019intention des victimes du terrorisme\",\"potentialAction\":[{\"@type\":\"SearchAction\",\"target\":{\"@type\":\"EntryPoint\",\"urlTemplate\":\"https:\/\/artherapievirtus.org\/vda\/?s={search_term_string}\"},\"query-input\":\"required name=search_term_string\"}],\"inLanguage\":\"fr-FR\"},{\"@type\":\"WebPage\",\"@id\":\"https:\/\/artherapievirtus.org\/vda\/description-de-postes\/#webpage\",\"url\":\"https:\/\/artherapievirtus.org\/vda\/description-de-postes\/\",\"name\":\"Descriptions de postes - 13 OR DE VIE \\u2013 Victimes des attentats\",\"isPartOf\":{\"@id\":\"https:\/\/artherapievirtus.org\/vda\/#website\"},\"datePublished\":\"2016-11-19T08:43:39+00:00\",\"dateModified\":\"2017-01-21T05:44:03+00:00\",\"breadcrumb\":{\"@id\":\"https:\/\/artherapievirtus.org\/vda\/description-de-postes\/#breadcrumb\"},\"inLanguage\":\"fr-FR\",\"potentialAction\":[{\"@type\":\"ReadAction\",\"target\":[\"https:\/\/artherapievirtus.org\/vda\/description-de-postes\/\"]}]},{\"@type\":\"BreadcrumbList\",\"@id\":\"https:\/\/artherapievirtus.org\/vda\/description-de-postes\/#breadcrumb\",\"itemListElement\":[{\"@type\":\"ListItem\",\"position\":1,\"name\":\"Accueil\",\"item\":\"https:\/\/artherapievirtus.org\/vda\/\"},{\"@type\":\"ListItem\",\"position\":2,\"name\":\"Descriptions de postes\"}]}]}<\/script>\n<!-- \/ Yoast SEO plugin. -->","yoast_head_json":{"title":"Descriptions de postes - 13 OR DE VIE \u2013 Victimes des attentats","robots":{"index":"index","follow":"follow","max-snippet":"max-snippet:-1","max-image-preview":"max-image-preview:large","max-video-preview":"max-video-preview:-1"},"canonical":"https:\/\/artherapievirtus.org\/vda\/description-de-postes\/","og_locale":"fr_FR","og_type":"article","og_title":"Descriptions de postes - 13 OR DE VIE \u2013 Victimes des attentats","og_description":"\u2022 La porteuse du projet \u2022 Mission g\u00e9n\u00e9rale de l&rsquo;Art-th\u00e9rapeute \u2022 La place du coordonnateur des art-th\u00e9rapeutes \u2022 Garant du cadre et de la d\u00e9ontologie \u2022 Mission g\u00e9n\u00e9rale de la psychologue clinicienne","og_url":"https:\/\/artherapievirtus.org\/vda\/description-de-postes\/","og_site_name":"13 OR DE VIE \u2013 Victimes des attentats","article_publisher":"https:\/\/www.facebook.com\/artherapievirtus.org\/","article_modified_time":"2017-01-21T05:44:03+00:00","twitter_card":"summary","twitter_site":"@artherapie75","schema":{"@context":"https:\/\/schema.org","@graph":[{"@type":"WebSite","@id":"https:\/\/artherapievirtus.org\/vda\/#website","url":"https:\/\/artherapievirtus.org\/vda\/","name":"13 OR DE VIE \u2013 Victimes des attentats","description":"Ce blogue  13 OR DE VIE est un outil collaboratif pour les ateliers d\u2019Art-Th\u00e9rapie  \u00e0 l\u2019intention des victimes du terrorisme","potentialAction":[{"@type":"SearchAction","target":{"@type":"EntryPoint","urlTemplate":"https:\/\/artherapievirtus.org\/vda\/?s={search_term_string}"},"query-input":"required name=search_term_string"}],"inLanguage":"fr-FR"},{"@type":"WebPage","@id":"https:\/\/artherapievirtus.org\/vda\/description-de-postes\/#webpage","url":"https:\/\/artherapievirtus.org\/vda\/description-de-postes\/","name":"Descriptions de postes - 13 OR DE VIE \u2013 Victimes des attentats","isPartOf":{"@id":"https:\/\/artherapievirtus.org\/vda\/#website"},"datePublished":"2016-11-19T08:43:39+00:00","dateModified":"2017-01-21T05:44:03+00:00","breadcrumb":{"@id":"https:\/\/artherapievirtus.org\/vda\/description-de-postes\/#breadcrumb"},"inLanguage":"fr-FR","potentialAction":[{"@type":"ReadAction","target":["https:\/\/artherapievirtus.org\/vda\/description-de-postes\/"]}]},{"@type":"BreadcrumbList","@id":"https:\/\/artherapievirtus.org\/vda\/description-de-postes\/#breadcrumb","itemListElement":[{"@type":"ListItem","position":1,"name":"Accueil","item":"https:\/\/artherapievirtus.org\/vda\/"},{"@type":"ListItem","position":2,"name":"Descriptions de postes"}]}]}},"jetpack_sharing_enabled":true,"jetpack_likes_enabled":true,"_links":{"self":[{"href":"https:\/\/artherapievirtus.org\/vda\/wp-json\/wp\/v2\/pages\/5370"}],"collection":[{"href":"https:\/\/artherapievirtus.org\/vda\/wp-json\/wp\/v2\/pages"}],"about":[{"href":"https:\/\/artherapievirtus.org\/vda\/wp-json\/wp\/v2\/types\/page"}],"author":[{"embeddable":true,"href":"https:\/\/artherapievirtus.org\/vda\/wp-json\/wp\/v2\/users\/3"}],"replies":[{"embeddable":true,"href":"https:\/\/artherapievirtus.org\/vda\/wp-json\/wp\/v2\/comments?post=5370"}],"version-history":[{"count":18,"href":"https:\/\/artherapievirtus.org\/vda\/wp-json\/wp\/v2\/pages\/5370\/revisions"}],"predecessor-version":[{"id":6529,"href":"https:\/\/artherapievirtus.org\/vda\/wp-json\/wp\/v2\/pages\/5370\/revisions\/6529"}],"wp:attachment":[{"href":"https:\/\/artherapievirtus.org\/vda\/wp-json\/wp\/v2\/media?parent=5370"}],"curies":[{"name":"wp","href":"https:\/\/api.w.org\/{rel}","templated":true}]}}