{"id":5071,"date":"2016-11-03T17:53:32","date_gmt":"2016-11-03T15:53:32","guid":{"rendered":"http:\/\/artherapievirtus.org\/vda\/?page_id=5071"},"modified":"2019-12-13T07:40:42","modified_gmt":"2019-12-13T05:40:42","slug":"presse-reseaux-sociaux","status":"publish","type":"page","link":"https:\/\/artherapievirtus.org\/vda\/presse-reseaux-sociaux\/","title":{"rendered":"Presse &#038; r\u00e9seaux sociaux"},"content":{"rendered":"<h6>ENSEMBLE n\u00b0217 &#8211; Juillet 2017<\/h6>\n<p><a href=\"https:\/\/www.gmpa.fr\/files\/magazine\/ensemble-217\/#page=29\" target=\"_blank\" rel=\"noopener noreferrer\"><img loading=\"lazy\" class=\"aligncenter wp-image-6919 size-medium\" src=\"http:\/\/artherapievirtus.org\/vda\/wp-content\/uploads\/2017\/07\/Couv-de-Ensemble-n\u00b0-217-230x300.jpeg\" alt=\"\" width=\"230\" height=\"300\" srcset=\"https:\/\/artherapievirtus.org\/vda\/wp-content\/uploads\/2017\/07\/Couv-de-Ensemble-n\u00b0-217-230x300.jpeg 230w, https:\/\/artherapievirtus.org\/vda\/wp-content\/uploads\/2017\/07\/Couv-de-Ensemble-n\u00b0-217.jpeg 507w\" sizes=\"(max-width: 230px) 100vw, 230px\" \/><\/a><\/p>\n<h5><a href=\"https:\/\/www.gmpa.fr\/files\/magazine\/ensemble-217\/#page=29\" target=\"_blank\" rel=\"noopener noreferrer\">Surmonter le traumatisme par l&rsquo;expression artistique p. 29<\/a><\/h5>\n<hr \/>\n<h6>15 f\u00e9vrier 2017<\/h6>\n<p style=\"text-align: center;\"><span style=\"color: #003366;\"><strong>Ateliers d\u2019Art-Th\u00e9rapie pour les victimes d\u2019attentats<\/strong><\/span><\/p>\n<blockquote><p>L&rsquo;AGECA a accueilli d&rsquo;octobre 2016 \u00e0 janvier 2017, l&rsquo;association Art Th\u00e9rapie Virtus pour son projet \u00ab\u00a013 Or de Vie\u00a0\u00bb qui vise \u00e0 venir en aide aux victimes des attentats du 13 Novembre 2015 et aux adh\u00e9rents de l\u2019association Life for Paris (association de victimes, proches de victimes et aidants) par l&rsquo;art-th\u00e9rapie.<\/p><\/blockquote>\n<p><a href=\"http:\/\/www.ageca.org\/ateliers-dart-therapie-victimes-dattentats\/\" target=\"_blank\" rel=\"noopener noreferrer\"><img loading=\"lazy\" class=\"aligncenter size-full wp-image-6711\" src=\"http:\/\/artherapievirtus.org\/vda\/wp-content\/uploads\/2016\/11\/cropped-logo.png\" alt=\"\" width=\"250\" height=\"50\" \/><\/a><\/p>\n<hr \/>\n<h6>24 novembre 2016<\/h6>\n<h6><a href=\"https:\/\/www.clichyevenements.fr\/2016\/11\/op%C3%A9ration-microdon-pour-art-th%C3%A9rapie-virtus.html\" target=\"_blank\" rel=\"noopener noreferrer\"><img loading=\"lazy\" class=\"aligncenter wp-image-5730 size-medium\" src=\"https:\/\/artherapievirtus.org\/vda\/wp-content\/uploads\/2016\/11\/Clichy-\u00e9v\u00e9nement-MicroDON-2017-370x300.jpg\" alt=\"clichy-evenement-microdon-2017\" width=\"370\" height=\"300\" \/><\/a><\/h6>\n<hr \/>\n<h6>16 novembre 2016<\/h6>\n<p><a href=\"http:\/\/www.clichyevenements.fr\/2016\/11\/art-th%C3%A9rapie-virtus-avec-les-victimes-du-13-novembre.html\" target=\"_blank\" rel=\"noopener noreferrer\">Clichy \u00e9v\u00e9nements \u2013 Art Th\u00e9rapie Virtus avec les victimes du 13 novembre<\/a><\/p>\n<hr \/>\n<h6>Mardi 15 novembre 2016<\/h6>\n<p><span style=\"color: #ff6600;\"><strong>Art-th\u00e9rapie et victimes d&rsquo;attentat<\/strong><\/span><\/p>\n<p><a href=\"https:\/\/artherapiesansfrontieres.blogspot.fr\/2016_11_01_archive.html\" target=\"_blank\" rel=\"noopener noreferrer\"><img loading=\"lazy\" class=\"aligncenter wp-image-6903 size-medium\" src=\"https:\/\/artherapievirtus.org\/vda\/wp-content\/uploads\/2016\/11\/Logo-Art-th\u00e9rapie-sans-fronti\u00e8re-600x275.jpeg\" alt=\"Art-th\u00e9rapie sans fronti\u00e8re\" width=\"600\" height=\"275\" \/><\/a><br \/>\n\u2026\/\u2026L&rsquo;art th\u00e9rapie contribue \u00e0 apaiser et transformer les souffrances physiques et psychiques par l&rsquo;expression de la cr\u00e9ativit\u00e9 artistique. \u00ab\u00a0Dans un contexte de prise en charge post-attentat, c&rsquo;est un relais des plus pr\u00e9cieux pour permettre aux impliqu\u00e9s de redevenir acteurs de leur vie\u00a0\u00bb, explique le Docteur en psychopathologie, H\u00e9l\u00e8ne Romano qui soutient la d\u00e9marche du Collectif.<br \/>\nIci, la personne est consid\u00e9r\u00e9e dans sa globalit\u00e9 et la m\u00e9diation th\u00e9rapeutique suit des s\u00e9quences destin\u00e9es \u00e0, in fine, la soulager, la lib\u00e9rer. Chaque art-th\u00e9rapeute a sa propre d\u00e9marche mais le socle, quelle que soit la m\u00e9diation artistique utilis\u00e9e, reste commun. Apr\u00e8s le temps de l&rsquo;accueil, viennent les temps de la production puis de l&rsquo;\u00e9change. Chacun s&rsquo;exprime sur son travail artistique et ce qu&rsquo;il a v\u00e9cu pendant la s\u00e9ance. Il est alors possible pour chacun de faire \u00e9merger un sens \u00e0 partir de ce qui vient de se vivre dans l&rsquo;ici et maintenant.\u2026\/\u2026<\/p>\n<hr \/>\n<h6>Dimanche 13 novembre 2016<\/h6>\n<p><a href=\"https:\/\/www.huffingtonpost.fr\/entry\/13-novembre-art-therapie-victimes-bataclan_fr_5c930b9ee4b0da33837e42c0\" target=\"_blank\" rel=\"noopener noreferrer\"><img loading=\"lazy\" class=\"aligncenter size-full wp-image-5011\" src=\"http:\/\/artherapievirtus.org\/vda\/wp-content\/uploads\/2015\/11\/Les-mains-logo-petit-e1477901836964.jpg\" alt=\"les-mains-logo-petit\" width=\"150\" height=\"100\" \/>L&rsquo;art-th\u00e9rapie au secours des rescap\u00e9s du Bataclan \u2013 Huffington post<\/a><a href=\"http:\/\/www.huffingtonpost.fr\/florence-amalou\/13-novembre-art-therapie-victimes-bataclan\/\" target=\"_blank\" rel=\"noopener noreferrer\"><img loading=\"lazy\" class=\"aligncenter wp-image-5274 size-full\" src=\"http:\/\/artherapievirtus.org\/vda\/wp-content\/uploads\/2016\/11\/Logo-Huffington-post.jpg\" alt=\"logo-huffington-post\" width=\"591\" height=\"141\" \/><\/a><br \/>\n<a href=\"http:\/\/www.buzzmatin.com\/l-art-therapie-au-secours-des-rescapes-du-bataclan\/\" target=\"_blank\" rel=\"noopener noreferrer\">Buzzmatin &#8211; L\u2019art-th\u00e9rapie au secours des rescap\u00e9s du Bataclan<\/a><br \/>\n<a href=\"https:\/\/fr.news.yahoo.com\/lart-th%C3%A9rapie-au-secours-rescap%C3%A9s-060000584.html\" target=\"_blank\" rel=\"noopener noreferrer\">Yahoo actualit\u00e9s ! &#8211; L&rsquo;art-th\u00e9rapie au secours des rescap\u00e9s du Bataclan<\/a><br \/>\n<a href=\"https:\/\/top.st\/fr\/news\/16244937741\" target=\"_blank\" rel=\"noopener noreferrer\">The most interesting news &#8211; L&rsquo;art-th\u00e9rapie au secours des rescap\u00e9s du Bataclan<\/a><\/p>\n<hr \/>\n<h6>2 novembre 2016<\/h6>\n<p><img loading=\"lazy\" class=\"aligncenter size-medium wp-image-5072\" src=\"http:\/\/artherapievirtus.org\/vda\/wp-content\/uploads\/2016\/11\/Twette-Fondation-de-Fance-2-novembre-2016-p-364x300.jpg\" alt=\"twette-fondation-de-fance-2-novembre-2016-p\" width=\"364\" height=\"300\" srcset=\"https:\/\/artherapievirtus.org\/vda\/wp-content\/uploads\/2016\/11\/Twette-Fondation-de-Fance-2-novembre-2016-p-364x300.jpg 364w, https:\/\/artherapievirtus.org\/vda\/wp-content\/uploads\/2016\/11\/Twette-Fondation-de-Fance-2-novembre-2016-p.jpg 425w\" sizes=\"(max-width: 364px) 100vw, 364px\" \/><\/p>\n<div class=\"sharedaddy sd-sharing-enabled\"><div class=\"robots-nocontent sd-block sd-social sd-social-official sd-sharing\"><h3 class=\"sd-title\">Partager\u00a0:<\/h3><div class=\"sd-content\"><ul><li class=\"share-facebook\"><div class=\"fb-share-button\" data-href=\"https:\/\/artherapievirtus.org\/vda\/presse-reseaux-sociaux\/\" data-layout=\"button_count\"><\/div><\/li><li class=\"share-twitter\"><a href=\"https:\/\/twitter.com\/share\" class=\"twitter-share-button\" data-url=\"https:\/\/artherapievirtus.org\/vda\/presse-reseaux-sociaux\/\" data-text=\"Presse &amp; r\u00e9seaux sociaux\"  >Tweet<\/a><\/li><li class=\"share-linkedin\"><div class=\"linkedin_button\"><script type=\"in\/share\" data-url=\"https:\/\/artherapievirtus.org\/vda\/presse-reseaux-sociaux\/\" data-counter=\"right\"><\/script><\/div><\/li><li><a href=\"#\" class=\"sharing-anchor sd-button share-more\"><span>Plus<\/span><\/a><\/li><li class=\"share-end\"><\/li><\/ul><div class=\"sharing-hidden\"><div class=\"inner\" style=\"display: none;\"><ul><li class=\"share-print\"><a rel=\"nofollow noopener noreferrer\" data-shared=\"\" class=\"share-print sd-button\" href=\"https:\/\/artherapievirtus.org\/vda\/presse-reseaux-sociaux\/\" target=\"_blank\" title=\"Cliquer pour imprimer\"><span>Imprimer<\/span><\/a><\/li><li class=\"share-email\"><a rel=\"nofollow noopener noreferrer\" data-shared=\"\" class=\"share-email sd-button\" href=\"https:\/\/artherapievirtus.org\/vda\/presse-reseaux-sociaux\/?share=email\" target=\"_blank\" title=\"Cliquez pour envoyer par e-mail \u00e0 un ami\"><span>E-mail<\/span><\/a><\/li><li class=\"share-end\"><\/li><li class=\"share-end\"><\/li><\/ul><\/div><\/div><\/div><\/div><\/div>","protected":false},"excerpt":{"rendered":"<p>ENSEMBLE n\u00b0217 &#8211; Juillet 2017 Surmonter le traumatisme par l&rsquo;expression artistique p. 29 15 f\u00e9vrier 2017 Ateliers d\u2019Art-Th\u00e9rapie pour les victimes d\u2019attentats L&rsquo;AGECA a accueilli d&rsquo;octobre 2016 \u00e0 janvier 2017, l&rsquo;association Art Th\u00e9rapie Virtus pour son projet \u00ab\u00a013 Or de Vie\u00a0\u00bb qui vise \u00e0 venir en aide aux victimes des attentats du 13 Novembre 2015&hellip; <\/p>\n<p class=\"toivo-read-more\"><a href=\"https:\/\/artherapievirtus.org\/vda\/presse-reseaux-sociaux\/\" class=\"more-link\">Lire la suite <span class=\"screen-reader-text\">de<\/span> <span class=\"screen-reader-text\">Presse &#038; r\u00e9seaux sociaux<\/span><\/a><\/p>\n<div class=\"sharedaddy sd-sharing-enabled\"><div class=\"robots-nocontent sd-block sd-social sd-social-official sd-sharing\"><h3 class=\"sd-title\">Partager\u00a0:<\/h3><div class=\"sd-content\"><ul><li class=\"share-facebook\"><div class=\"fb-share-button\" data-href=\"https:\/\/artherapievirtus.org\/vda\/presse-reseaux-sociaux\/\" data-layout=\"button_count\"><\/div><\/li><li class=\"share-twitter\"><a href=\"https:\/\/twitter.com\/share\" class=\"twitter-share-button\" data-url=\"https:\/\/artherapievirtus.org\/vda\/presse-reseaux-sociaux\/\" data-text=\"Presse &amp; r\u00e9seaux sociaux\"  >Tweet<\/a><\/li><li class=\"share-linkedin\"><div class=\"linkedin_button\"><script type=\"in\/share\" data-url=\"https:\/\/artherapievirtus.org\/vda\/presse-reseaux-sociaux\/\" data-counter=\"right\"><\/script><\/div><\/li><li><a href=\"#\" class=\"sharing-anchor sd-button share-more\"><span>Plus<\/span><\/a><\/li><li class=\"share-end\"><\/li><\/ul><div class=\"sharing-hidden\"><div class=\"inner\" style=\"display: none;\"><ul><li class=\"share-print\"><a rel=\"nofollow noopener noreferrer\" data-shared=\"\" class=\"share-print sd-button\" href=\"https:\/\/artherapievirtus.org\/vda\/presse-reseaux-sociaux\/\" target=\"_blank\" title=\"Cliquer pour imprimer\"><span>Imprimer<\/span><\/a><\/li><li class=\"share-email\"><a rel=\"nofollow noopener noreferrer\" data-shared=\"\" class=\"share-email sd-button\" href=\"https:\/\/artherapievirtus.org\/vda\/presse-reseaux-sociaux\/?share=email\" target=\"_blank\" title=\"Cliquez pour envoyer par e-mail \u00e0 un ami\"><span>E-mail<\/span><\/a><\/li><li class=\"share-end\"><\/li><li class=\"share-end\"><\/li><\/ul><\/div><\/div><\/div><\/div><\/div>","protected":false},"author":3,"featured_media":0,"parent":0,"menu_order":0,"comment_status":"closed","ping_status":"closed","template":"","meta":{"spay_email":""},"yoast_head":"<!-- This site is optimized with the Yoast SEO plugin v17.2.1 - https:\/\/yoast.com\/wordpress\/plugins\/seo\/ -->\n<title>Presse &amp; r\u00e9seaux sociaux - 13 OR DE VIE \u2013 Victimes des attentats<\/title>\n<meta name=\"robots\" content=\"index, follow, max-snippet:-1, max-image-preview:large, max-video-preview:-1\" \/>\n<link rel=\"canonical\" href=\"https:\/\/artherapievirtus.org\/vda\/presse-reseaux-sociaux\/\" \/>\n<meta property=\"og:locale\" content=\"fr_FR\" \/>\n<meta property=\"og:type\" content=\"article\" \/>\n<meta property=\"og:title\" content=\"Presse &amp; r\u00e9seaux sociaux - 13 OR DE VIE \u2013 Victimes des attentats\" \/>\n<meta property=\"og:description\" content=\"ENSEMBLE n\u00b0217 &#8211; Juillet 2017 Surmonter le traumatisme par l&rsquo;expression artistique p. 29 15 f\u00e9vrier 2017 Ateliers d\u2019Art-Th\u00e9rapie pour les victimes d\u2019attentats L&rsquo;AGECA a accueilli d&rsquo;octobre 2016 \u00e0 janvier 2017, l&rsquo;association Art Th\u00e9rapie Virtus pour son projet \u00ab\u00a013 Or de Vie\u00a0\u00bb qui vise \u00e0 venir en aide aux victimes des attentats du 13 Novembre 2015&hellip; Lire la suite de Presse &#038; r\u00e9seaux sociaux\" \/>\n<meta property=\"og:url\" content=\"https:\/\/artherapievirtus.org\/vda\/presse-reseaux-sociaux\/\" \/>\n<meta property=\"og:site_name\" content=\"13 OR DE VIE \u2013 Victimes des attentats\" \/>\n<meta property=\"article:publisher\" content=\"https:\/\/www.facebook.com\/artherapievirtus.org\/\" \/>\n<meta property=\"article:modified_time\" content=\"2019-12-13T05:40:42+00:00\" \/>\n<meta property=\"og:image\" content=\"http:\/\/artherapievirtus.org\/vda\/wp-content\/uploads\/2017\/07\/Couv-de-Ensemble-n\u00b0-217-230x300.jpeg\" \/>\n<meta name=\"twitter:card\" content=\"summary\" \/>\n<meta name=\"twitter:site\" content=\"@artherapie75\" \/>\n<meta name=\"twitter:label1\" content=\"Dur\u00e9e de lecture estim\u00e9e\" \/>\n\t<meta name=\"twitter:data1\" content=\"2 minutes\" \/>\n<script type=\"application\/ld+json\" class=\"yoast-schema-graph\">{\"@context\":\"https:\/\/schema.org\",\"@graph\":[{\"@type\":\"WebSite\",\"@id\":\"https:\/\/artherapievirtus.org\/vda\/#website\",\"url\":\"https:\/\/artherapievirtus.org\/vda\/\",\"name\":\"13 OR DE VIE \\u2013 Victimes des attentats\",\"description\":\"Ce blogue  13 OR DE VIE est un outil collaboratif pour les ateliers d\\u2019Art-Th\\u00e9rapie  \\u00e0 l\\u2019intention des victimes du terrorisme\",\"potentialAction\":[{\"@type\":\"SearchAction\",\"target\":{\"@type\":\"EntryPoint\",\"urlTemplate\":\"https:\/\/artherapievirtus.org\/vda\/?s={search_term_string}\"},\"query-input\":\"required name=search_term_string\"}],\"inLanguage\":\"fr-FR\"},{\"@type\":\"ImageObject\",\"@id\":\"https:\/\/artherapievirtus.org\/vda\/presse-reseaux-sociaux\/#primaryimage\",\"inLanguage\":\"fr-FR\",\"url\":\"http:\/\/artherapievirtus.org\/vda\/wp-content\/uploads\/2017\/07\/Couv-de-Ensemble-n\\u00b0-217-230x300.jpeg\",\"contentUrl\":\"http:\/\/artherapievirtus.org\/vda\/wp-content\/uploads\/2017\/07\/Couv-de-Ensemble-n\\u00b0-217-230x300.jpeg\"},{\"@type\":\"WebPage\",\"@id\":\"https:\/\/artherapievirtus.org\/vda\/presse-reseaux-sociaux\/#webpage\",\"url\":\"https:\/\/artherapievirtus.org\/vda\/presse-reseaux-sociaux\/\",\"name\":\"Presse & r\\u00e9seaux sociaux - 13 OR DE VIE \\u2013 Victimes des attentats\",\"isPartOf\":{\"@id\":\"https:\/\/artherapievirtus.org\/vda\/#website\"},\"primaryImageOfPage\":{\"@id\":\"https:\/\/artherapievirtus.org\/vda\/presse-reseaux-sociaux\/#primaryimage\"},\"datePublished\":\"2016-11-03T15:53:32+00:00\",\"dateModified\":\"2019-12-13T05:40:42+00:00\",\"breadcrumb\":{\"@id\":\"https:\/\/artherapievirtus.org\/vda\/presse-reseaux-sociaux\/#breadcrumb\"},\"inLanguage\":\"fr-FR\",\"potentialAction\":[{\"@type\":\"ReadAction\",\"target\":[\"https:\/\/artherapievirtus.org\/vda\/presse-reseaux-sociaux\/\"]}]},{\"@type\":\"BreadcrumbList\",\"@id\":\"https:\/\/artherapievirtus.org\/vda\/presse-reseaux-sociaux\/#breadcrumb\",\"itemListElement\":[{\"@type\":\"ListItem\",\"position\":1,\"name\":\"Accueil\",\"item\":\"https:\/\/artherapievirtus.org\/vda\/\"},{\"@type\":\"ListItem\",\"position\":2,\"name\":\"Presse &#038; r\\u00e9seaux sociaux\"}]}]}<\/script>\n<!-- \/ Yoast SEO plugin. -->","yoast_head_json":{"title":"Presse & r\u00e9seaux sociaux - 13 OR DE VIE \u2013 Victimes des attentats","robots":{"index":"index","follow":"follow","max-snippet":"max-snippet:-1","max-image-preview":"max-image-preview:large","max-video-preview":"max-video-preview:-1"},"canonical":"https:\/\/artherapievirtus.org\/vda\/presse-reseaux-sociaux\/","og_locale":"fr_FR","og_type":"article","og_title":"Presse & r\u00e9seaux sociaux - 13 OR DE VIE \u2013 Victimes des attentats","og_description":"ENSEMBLE n\u00b0217 &#8211; Juillet 2017 Surmonter le traumatisme par l&rsquo;expression artistique p. 29 15 f\u00e9vrier 2017 Ateliers d\u2019Art-Th\u00e9rapie pour les victimes d\u2019attentats L&rsquo;AGECA a accueilli d&rsquo;octobre 2016 \u00e0 janvier 2017, l&rsquo;association Art Th\u00e9rapie Virtus pour son projet \u00ab\u00a013 Or de Vie\u00a0\u00bb qui vise \u00e0 venir en aide aux victimes des attentats du 13 Novembre 2015&hellip; Lire la suite de Presse &#038; r\u00e9seaux sociaux","og_url":"https:\/\/artherapievirtus.org\/vda\/presse-reseaux-sociaux\/","og_site_name":"13 OR DE VIE \u2013 Victimes des attentats","article_publisher":"https:\/\/www.facebook.com\/artherapievirtus.org\/","article_modified_time":"2019-12-13T05:40:42+00:00","og_image":[{"url":"http:\/\/artherapievirtus.org\/vda\/wp-content\/uploads\/2017\/07\/Couv-de-Ensemble-n\u00b0-217-230x300.jpeg"}],"twitter_card":"summary","twitter_site":"@artherapie75","twitter_misc":{"Dur\u00e9e de lecture estim\u00e9e":"2 minutes"},"schema":{"@context":"https:\/\/schema.org","@graph":[{"@type":"WebSite","@id":"https:\/\/artherapievirtus.org\/vda\/#website","url":"https:\/\/artherapievirtus.org\/vda\/","name":"13 OR DE VIE \u2013 Victimes des attentats","description":"Ce blogue  13 OR DE VIE est un outil collaboratif pour les ateliers d\u2019Art-Th\u00e9rapie  \u00e0 l\u2019intention des victimes du terrorisme","potentialAction":[{"@type":"SearchAction","target":{"@type":"EntryPoint","urlTemplate":"https:\/\/artherapievirtus.org\/vda\/?s={search_term_string}"},"query-input":"required name=search_term_string"}],"inLanguage":"fr-FR"},{"@type":"ImageObject","@id":"https:\/\/artherapievirtus.org\/vda\/presse-reseaux-sociaux\/#primaryimage","inLanguage":"fr-FR","url":"http:\/\/artherapievirtus.org\/vda\/wp-content\/uploads\/2017\/07\/Couv-de-Ensemble-n\u00b0-217-230x300.jpeg","contentUrl":"http:\/\/artherapievirtus.org\/vda\/wp-content\/uploads\/2017\/07\/Couv-de-Ensemble-n\u00b0-217-230x300.jpeg"},{"@type":"WebPage","@id":"https:\/\/artherapievirtus.org\/vda\/presse-reseaux-sociaux\/#webpage","url":"https:\/\/artherapievirtus.org\/vda\/presse-reseaux-sociaux\/","name":"Presse & r\u00e9seaux sociaux - 13 OR DE VIE \u2013 Victimes des attentats","isPartOf":{"@id":"https:\/\/artherapievirtus.org\/vda\/#website"},"primaryImageOfPage":{"@id":"https:\/\/artherapievirtus.org\/vda\/presse-reseaux-sociaux\/#primaryimage"},"datePublished":"2016-11-03T15:53:32+00:00","dateModified":"2019-12-13T05:40:42+00:00","breadcrumb":{"@id":"https:\/\/artherapievirtus.org\/vda\/presse-reseaux-sociaux\/#breadcrumb"},"inLanguage":"fr-FR","potentialAction":[{"@type":"ReadAction","target":["https:\/\/artherapievirtus.org\/vda\/presse-reseaux-sociaux\/"]}]},{"@type":"BreadcrumbList","@id":"https:\/\/artherapievirtus.org\/vda\/presse-reseaux-sociaux\/#breadcrumb","itemListElement":[{"@type":"ListItem","position":1,"name":"Accueil","item":"https:\/\/artherapievirtus.org\/vda\/"},{"@type":"ListItem","position":2,"name":"Presse &#038; r\u00e9seaux sociaux"}]}]}},"jetpack_sharing_enabled":true,"jetpack_likes_enabled":true,"_links":{"self":[{"href":"https:\/\/artherapievirtus.org\/vda\/wp-json\/wp\/v2\/pages\/5071"}],"collection":[{"href":"https:\/\/artherapievirtus.org\/vda\/wp-json\/wp\/v2\/pages"}],"about":[{"href":"https:\/\/artherapievirtus.org\/vda\/wp-json\/wp\/v2\/types\/page"}],"author":[{"embeddable":true,"href":"https:\/\/artherapievirtus.org\/vda\/wp-json\/wp\/v2\/users\/3"}],"replies":[{"embeddable":true,"href":"https:\/\/artherapievirtus.org\/vda\/wp-json\/wp\/v2\/comments?post=5071"}],"version-history":[{"count":15,"href":"https:\/\/artherapievirtus.org\/vda\/wp-json\/wp\/v2\/pages\/5071\/revisions"}],"predecessor-version":[{"id":7629,"href":"https:\/\/artherapievirtus.org\/vda\/wp-json\/wp\/v2\/pages\/5071\/revisions\/7629"}],"wp:attachment":[{"href":"https:\/\/artherapievirtus.org\/vda\/wp-json\/wp\/v2\/media?parent=5071"}],"curies":[{"name":"wp","href":"https:\/\/api.w.org\/{rel}","templated":true}]}}