{"id":499,"date":"2016-05-12T20:21:18","date_gmt":"2016-05-12T20:21:18","guid":{"rendered":"http:\/\/artherapievirtus.org\/vda\/?page_id=499"},"modified":"2017-01-08T11:36:44","modified_gmt":"2017-01-08T09:36:44","slug":"faire-un-don","status":"publish","type":"page","link":"https:\/\/artherapievirtus.org\/vda\/faire-un-don\/","title":{"rendered":"Soutenez les projets d&rsquo;Art Th\u00e9rapie Virtus"},"content":{"rendered":"<p style=\"text-align: center;\"><img loading=\"lazy\" class=\"aligncenter size-full wp-image-3650\" src=\"http:\/\/artherapievirtus.org\/vda\/wp-content\/uploads\/2015\/11\/pinceautexteOr2carre300.png\" alt=\"pinceautexteor2carre300\" width=\"300\" height=\"300\" srcset=\"https:\/\/artherapievirtus.org\/vda\/wp-content\/uploads\/2015\/11\/pinceautexteOr2carre300.png 300w, https:\/\/artherapievirtus.org\/vda\/wp-content\/uploads\/2015\/11\/pinceautexteOr2carre300-150x150.png 150w, https:\/\/artherapievirtus.org\/vda\/wp-content\/uploads\/2015\/11\/pinceautexteOr2carre300-140x140.png 140w\" sizes=\"(max-width: 300px) 100vw, 300px\" \/><\/p>\n<blockquote><p><img loading=\"lazy\" class=\"alignnone wp-image-2747\" src=\"http:\/\/artherapievirtus.org\/vda\/wp-content\/uploads\/2016\/08\/lettre-or.jpg\" alt=\"lettre or\" width=\"17\" height=\"18\" \/>Un projet visant \u00e0 venir en aide aux personnes victimes des attentats du 13-Novembre 2015 et aux adh\u00e9rents des associations de victimes, proches de victimes et aidants.<br \/>\n<img loading=\"lazy\" class=\"alignnone wp-image-2747\" src=\"http:\/\/artherapievirtus.org\/vda\/wp-content\/uploads\/2016\/08\/lettre-or.jpg\" alt=\"lettre or\" width=\"17\" height=\"18\" \/>Une collecte pour nous aider \u00e0 r\u00e9aliser nos ateliers d&rsquo;Art-Th\u00e9rapie sur toute l&rsquo;ann\u00e9e 2017.<br \/>\nNous sommes soutenus par la fondation de France, mais les frais de fonctionnement nous incombent.<\/p><\/blockquote>\n<h4 style=\"text-align: center;\"><span style=\"color: #729932;\">Merci pour votre g\u00e9n\u00e9rosit\u00e9 !<\/span><\/h4>\n<p><a href=\"https:\/\/www.helloasso.com\/utilisateurs\/cesari-emmanuelle\/collectes\/13-or-de-vie\" target=\"_blank\"><img loading=\"lazy\" class=\"aligncenter size-medium wp-image-6273\" src=\"http:\/\/artherapievirtus.org\/vda\/wp-content\/uploads\/2016\/05\/Faire-un-don-202x300.jpg\" alt=\"\" width=\"202\" height=\"300\" srcset=\"https:\/\/artherapievirtus.org\/vda\/wp-content\/uploads\/2016\/05\/Faire-un-don-202x300.jpg 202w, https:\/\/artherapievirtus.org\/vda\/wp-content\/uploads\/2016\/05\/Faire-un-don.jpg 224w\" sizes=\"(max-width: 202px) 100vw, 202px\" \/><\/a><\/p>\n<hr \/>\n<blockquote><p>Trois faces d\u2019un projet visant \u00e0 venir en aide aux victimes des attentats du 13-Novembre 2015 et aux adh\u00e9rents des <i>associations de victimes, proches de victimes et aidants<\/i>.<br \/>\n<b><img loading=\"lazy\" class=\"alignnone wp-image-2747\" src=\"http:\/\/artherapievirtus.org\/vda\/wp-content\/uploads\/2016\/08\/lettre-or.jpg\" alt=\"lettre or\" width=\"17\" height=\"18\" \/><\/b> <b>Les 13 ateliers d\u2019Art-Th\u00e9rapie <\/b>sp\u00e9cialis\u00e9s dans la prise en charge des victimes de traumatisme, durant les mois d\u2019octobre, novembre, d\u00e9cembre 2016 et janvier 2017 \u2013 130 s\u00e9ances ;<br \/>\n<img loading=\"lazy\" class=\"alignnone wp-image-2747\" src=\"http:\/\/artherapievirtus.org\/vda\/wp-content\/uploads\/2016\/08\/lettre-or.jpg\" alt=\"lettre or\" width=\"17\" height=\"18\" \/> <b>La comm\u00e9moration du 13-Novembre <\/b>avec une \u0153uvre collective ;<br \/>\n<img loading=\"lazy\" class=\"alignnone wp-image-2747\" src=\"http:\/\/artherapievirtus.org\/vda\/wp-content\/uploads\/2016\/08\/lettre-or.jpg\" alt=\"lettre or\" width=\"17\" height=\"18\" \/> Sur <b>toute une ann\u00e9e <\/b>pour l&rsquo;association <i>Art Th\u00e9rapie Virtus<\/i>\u00a0<i> <\/i>un travail plus individualis\u00e9.<\/p><\/blockquote>\n<p><iframe loading=\"lazy\" id=\"haWidget\" style=\"width: 800px; height: 750px; border: none;\" src=\"https:\/\/www.helloasso.com\/widgets\/don.aspx?beneficiaire=art-therapie-virtus&amp;collecteur=13-or-de-vie&amp;type=ASSO&amp;color=%23f5ce42\" width=\"300\" height=\"150\"><\/iframe><br \/>\n<iframe loading=\"lazy\" id=\"haWidget\" style=\"width: 350px; height: 450px; border: none;\" src=\"https:\/\/www.helloasso.com\/associations\/art-therapie-virtus\/collectes\/13-or-de-vie\/widget-compteur\" width=\"300\" height=\"150\"><\/iframe><\/p>\n<div class=\"sharedaddy sd-sharing-enabled\"><div class=\"robots-nocontent sd-block sd-social sd-social-official sd-sharing\"><h3 class=\"sd-title\">Partager\u00a0:<\/h3><div class=\"sd-content\"><ul><li class=\"share-facebook\"><div class=\"fb-share-button\" data-href=\"https:\/\/artherapievirtus.org\/vda\/faire-un-don\/\" data-layout=\"button_count\"><\/div><\/li><li class=\"share-twitter\"><a href=\"https:\/\/twitter.com\/share\" class=\"twitter-share-button\" data-url=\"https:\/\/artherapievirtus.org\/vda\/faire-un-don\/\" data-text=\"Soutenez les projets d&#039;Art Th\u00e9rapie Virtus\"  >Tweet<\/a><\/li><li class=\"share-linkedin\"><div class=\"linkedin_button\"><script type=\"in\/share\" data-url=\"https:\/\/artherapievirtus.org\/vda\/faire-un-don\/\" data-counter=\"right\"><\/script><\/div><\/li><li><a href=\"#\" class=\"sharing-anchor sd-button share-more\"><span>Plus<\/span><\/a><\/li><li class=\"share-end\"><\/li><\/ul><div class=\"sharing-hidden\"><div class=\"inner\" style=\"display: none;\"><ul><li class=\"share-print\"><a rel=\"nofollow noopener noreferrer\" data-shared=\"\" class=\"share-print sd-button\" href=\"https:\/\/artherapievirtus.org\/vda\/faire-un-don\/\" target=\"_blank\" title=\"Cliquer pour imprimer\"><span>Imprimer<\/span><\/a><\/li><li class=\"share-email\"><a rel=\"nofollow noopener noreferrer\" data-shared=\"\" class=\"share-email sd-button\" href=\"https:\/\/artherapievirtus.org\/vda\/faire-un-don\/?share=email\" target=\"_blank\" title=\"Cliquez pour envoyer par e-mail \u00e0 un ami\"><span>E-mail<\/span><\/a><\/li><li class=\"share-end\"><\/li><li class=\"share-end\"><\/li><\/ul><\/div><\/div><\/div><\/div><\/div>","protected":false},"excerpt":{"rendered":"<p>Un projet visant \u00e0 venir en aide aux personnes victimes des attentats du 13-Novembre 2015 et aux adh\u00e9rents des associations de victimes, proches de victimes et aidants. Une collecte pour nous aider \u00e0 r\u00e9aliser nos ateliers d&rsquo;Art-Th\u00e9rapie sur toute l&rsquo;ann\u00e9e 2017. Nous sommes soutenus par la fondation de France, mais les frais de fonctionnement nous&hellip; <\/p>\n<p class=\"toivo-read-more\"><a href=\"https:\/\/artherapievirtus.org\/vda\/faire-un-don\/\" class=\"more-link\">Lire la suite <span class=\"screen-reader-text\">de<\/span> <span class=\"screen-reader-text\">Soutenez les projets d&rsquo;Art Th\u00e9rapie Virtus<\/span><\/a><\/p>\n<div class=\"sharedaddy sd-sharing-enabled\"><div class=\"robots-nocontent sd-block sd-social sd-social-official sd-sharing\"><h3 class=\"sd-title\">Partager\u00a0:<\/h3><div class=\"sd-content\"><ul><li class=\"share-facebook\"><div class=\"fb-share-button\" data-href=\"https:\/\/artherapievirtus.org\/vda\/faire-un-don\/\" data-layout=\"button_count\"><\/div><\/li><li class=\"share-twitter\"><a href=\"https:\/\/twitter.com\/share\" class=\"twitter-share-button\" data-url=\"https:\/\/artherapievirtus.org\/vda\/faire-un-don\/\" data-text=\"Soutenez les projets d&#039;Art Th\u00e9rapie Virtus\"  >Tweet<\/a><\/li><li class=\"share-linkedin\"><div class=\"linkedin_button\"><script type=\"in\/share\" data-url=\"https:\/\/artherapievirtus.org\/vda\/faire-un-don\/\" data-counter=\"right\"><\/script><\/div><\/li><li><a href=\"#\" class=\"sharing-anchor sd-button share-more\"><span>Plus<\/span><\/a><\/li><li class=\"share-end\"><\/li><\/ul><div class=\"sharing-hidden\"><div class=\"inner\" style=\"display: none;\"><ul><li class=\"share-print\"><a rel=\"nofollow noopener noreferrer\" data-shared=\"\" class=\"share-print sd-button\" href=\"https:\/\/artherapievirtus.org\/vda\/faire-un-don\/\" target=\"_blank\" title=\"Cliquer pour imprimer\"><span>Imprimer<\/span><\/a><\/li><li class=\"share-email\"><a rel=\"nofollow noopener noreferrer\" data-shared=\"\" class=\"share-email sd-button\" href=\"https:\/\/artherapievirtus.org\/vda\/faire-un-don\/?share=email\" target=\"_blank\" title=\"Cliquez pour envoyer par e-mail \u00e0 un ami\"><span>E-mail<\/span><\/a><\/li><li class=\"share-end\"><\/li><li class=\"share-end\"><\/li><\/ul><\/div><\/div><\/div><\/div><\/div>","protected":false},"author":2,"featured_media":0,"parent":0,"menu_order":0,"comment_status":"open","ping_status":"closed","template":"pages\/child-pages.php","meta":{"spay_email":""},"yoast_head":"<!-- This site is optimized with the Yoast SEO plugin v17.2.1 - https:\/\/yoast.com\/wordpress\/plugins\/seo\/ -->\n<title>Soutenez les projets d&#039;Art Th\u00e9rapie Virtus - 13 OR DE VIE \u2013 Victimes des attentats<\/title>\n<meta name=\"robots\" content=\"index, follow, max-snippet:-1, max-image-preview:large, max-video-preview:-1\" \/>\n<link rel=\"canonical\" href=\"https:\/\/artherapievirtus.org\/vda\/faire-un-don\/\" \/>\n<meta property=\"og:locale\" content=\"fr_FR\" \/>\n<meta property=\"og:type\" content=\"article\" \/>\n<meta property=\"og:title\" content=\"Soutenez les projets d&#039;Art Th\u00e9rapie Virtus - 13 OR DE VIE \u2013 Victimes des attentats\" \/>\n<meta property=\"og:description\" content=\"Un projet visant \u00e0 venir en aide aux personnes victimes des attentats du 13-Novembre 2015 et aux adh\u00e9rents des associations de victimes, proches de victimes et aidants. Une collecte pour nous aider \u00e0 r\u00e9aliser nos ateliers d&rsquo;Art-Th\u00e9rapie sur toute l&rsquo;ann\u00e9e 2017. Nous sommes soutenus par la fondation de France, mais les frais de fonctionnement nous&hellip; Lire la suite de Soutenez les projets d&rsquo;Art Th\u00e9rapie Virtus\" \/>\n<meta property=\"og:url\" content=\"https:\/\/artherapievirtus.org\/vda\/faire-un-don\/\" \/>\n<meta property=\"og:site_name\" content=\"13 OR DE VIE \u2013 Victimes des attentats\" \/>\n<meta property=\"article:publisher\" content=\"https:\/\/www.facebook.com\/artherapievirtus.org\/\" \/>\n<meta property=\"article:modified_time\" content=\"2017-01-08T09:36:44+00:00\" \/>\n<meta property=\"og:image\" content=\"http:\/\/artherapievirtus.org\/vda\/wp-content\/uploads\/2015\/11\/pinceautexteOr2carre300.png\" \/>\n<meta name=\"twitter:card\" content=\"summary\" \/>\n<meta name=\"twitter:site\" content=\"@artherapie75\" \/>\n<meta name=\"twitter:label1\" content=\"Dur\u00e9e de lecture estim\u00e9e\" \/>\n\t<meta name=\"twitter:data1\" content=\"1 minute\" \/>\n<script type=\"application\/ld+json\" class=\"yoast-schema-graph\">{\"@context\":\"https:\/\/schema.org\",\"@graph\":[{\"@type\":\"WebSite\",\"@id\":\"https:\/\/artherapievirtus.org\/vda\/#website\",\"url\":\"https:\/\/artherapievirtus.org\/vda\/\",\"name\":\"13 OR DE VIE \\u2013 Victimes des attentats\",\"description\":\"Ce blogue  13 OR DE VIE est un outil collaboratif pour les ateliers d\\u2019Art-Th\\u00e9rapie  \\u00e0 l\\u2019intention des victimes du terrorisme\",\"potentialAction\":[{\"@type\":\"SearchAction\",\"target\":{\"@type\":\"EntryPoint\",\"urlTemplate\":\"https:\/\/artherapievirtus.org\/vda\/?s={search_term_string}\"},\"query-input\":\"required name=search_term_string\"}],\"inLanguage\":\"fr-FR\"},{\"@type\":\"ImageObject\",\"@id\":\"https:\/\/artherapievirtus.org\/vda\/faire-un-don\/#primaryimage\",\"inLanguage\":\"fr-FR\",\"url\":\"http:\/\/artherapievirtus.org\/vda\/wp-content\/uploads\/2015\/11\/pinceautexteOr2carre300.png\",\"contentUrl\":\"http:\/\/artherapievirtus.org\/vda\/wp-content\/uploads\/2015\/11\/pinceautexteOr2carre300.png\"},{\"@type\":\"WebPage\",\"@id\":\"https:\/\/artherapievirtus.org\/vda\/faire-un-don\/#webpage\",\"url\":\"https:\/\/artherapievirtus.org\/vda\/faire-un-don\/\",\"name\":\"Soutenez les projets d'Art Th\\u00e9rapie Virtus - 13 OR DE VIE \\u2013 Victimes des attentats\",\"isPartOf\":{\"@id\":\"https:\/\/artherapievirtus.org\/vda\/#website\"},\"primaryImageOfPage\":{\"@id\":\"https:\/\/artherapievirtus.org\/vda\/faire-un-don\/#primaryimage\"},\"datePublished\":\"2016-05-12T20:21:18+00:00\",\"dateModified\":\"2017-01-08T09:36:44+00:00\",\"breadcrumb\":{\"@id\":\"https:\/\/artherapievirtus.org\/vda\/faire-un-don\/#breadcrumb\"},\"inLanguage\":\"fr-FR\",\"potentialAction\":[{\"@type\":\"ReadAction\",\"target\":[\"https:\/\/artherapievirtus.org\/vda\/faire-un-don\/\"]}]},{\"@type\":\"BreadcrumbList\",\"@id\":\"https:\/\/artherapievirtus.org\/vda\/faire-un-don\/#breadcrumb\",\"itemListElement\":[{\"@type\":\"ListItem\",\"position\":1,\"name\":\"Accueil\",\"item\":\"https:\/\/artherapievirtus.org\/vda\/\"},{\"@type\":\"ListItem\",\"position\":2,\"name\":\"Soutenez les projets d&rsquo;Art Th\\u00e9rapie Virtus\"}]}]}<\/script>\n<!-- \/ Yoast SEO plugin. -->","yoast_head_json":{"title":"Soutenez les projets d'Art Th\u00e9rapie Virtus - 13 OR DE VIE \u2013 Victimes des attentats","robots":{"index":"index","follow":"follow","max-snippet":"max-snippet:-1","max-image-preview":"max-image-preview:large","max-video-preview":"max-video-preview:-1"},"canonical":"https:\/\/artherapievirtus.org\/vda\/faire-un-don\/","og_locale":"fr_FR","og_type":"article","og_title":"Soutenez les projets d'Art Th\u00e9rapie Virtus - 13 OR DE VIE \u2013 Victimes des attentats","og_description":"Un projet visant \u00e0 venir en aide aux personnes victimes des attentats du 13-Novembre 2015 et aux adh\u00e9rents des associations de victimes, proches de victimes et aidants. Une collecte pour nous aider \u00e0 r\u00e9aliser nos ateliers d&rsquo;Art-Th\u00e9rapie sur toute l&rsquo;ann\u00e9e 2017. Nous sommes soutenus par la fondation de France, mais les frais de fonctionnement nous&hellip; Lire la suite de Soutenez les projets d&rsquo;Art Th\u00e9rapie Virtus","og_url":"https:\/\/artherapievirtus.org\/vda\/faire-un-don\/","og_site_name":"13 OR DE VIE \u2013 Victimes des attentats","article_publisher":"https:\/\/www.facebook.com\/artherapievirtus.org\/","article_modified_time":"2017-01-08T09:36:44+00:00","og_image":[{"url":"http:\/\/artherapievirtus.org\/vda\/wp-content\/uploads\/2015\/11\/pinceautexteOr2carre300.png"}],"twitter_card":"summary","twitter_site":"@artherapie75","twitter_misc":{"Dur\u00e9e de lecture estim\u00e9e":"1 minute"},"schema":{"@context":"https:\/\/schema.org","@graph":[{"@type":"WebSite","@id":"https:\/\/artherapievirtus.org\/vda\/#website","url":"https:\/\/artherapievirtus.org\/vda\/","name":"13 OR DE VIE \u2013 Victimes des attentats","description":"Ce blogue  13 OR DE VIE est un outil collaboratif pour les ateliers d\u2019Art-Th\u00e9rapie  \u00e0 l\u2019intention des victimes du terrorisme","potentialAction":[{"@type":"SearchAction","target":{"@type":"EntryPoint","urlTemplate":"https:\/\/artherapievirtus.org\/vda\/?s={search_term_string}"},"query-input":"required name=search_term_string"}],"inLanguage":"fr-FR"},{"@type":"ImageObject","@id":"https:\/\/artherapievirtus.org\/vda\/faire-un-don\/#primaryimage","inLanguage":"fr-FR","url":"http:\/\/artherapievirtus.org\/vda\/wp-content\/uploads\/2015\/11\/pinceautexteOr2carre300.png","contentUrl":"http:\/\/artherapievirtus.org\/vda\/wp-content\/uploads\/2015\/11\/pinceautexteOr2carre300.png"},{"@type":"WebPage","@id":"https:\/\/artherapievirtus.org\/vda\/faire-un-don\/#webpage","url":"https:\/\/artherapievirtus.org\/vda\/faire-un-don\/","name":"Soutenez les projets d'Art Th\u00e9rapie Virtus - 13 OR DE VIE \u2013 Victimes des attentats","isPartOf":{"@id":"https:\/\/artherapievirtus.org\/vda\/#website"},"primaryImageOfPage":{"@id":"https:\/\/artherapievirtus.org\/vda\/faire-un-don\/#primaryimage"},"datePublished":"2016-05-12T20:21:18+00:00","dateModified":"2017-01-08T09:36:44+00:00","breadcrumb":{"@id":"https:\/\/artherapievirtus.org\/vda\/faire-un-don\/#breadcrumb"},"inLanguage":"fr-FR","potentialAction":[{"@type":"ReadAction","target":["https:\/\/artherapievirtus.org\/vda\/faire-un-don\/"]}]},{"@type":"BreadcrumbList","@id":"https:\/\/artherapievirtus.org\/vda\/faire-un-don\/#breadcrumb","itemListElement":[{"@type":"ListItem","position":1,"name":"Accueil","item":"https:\/\/artherapievirtus.org\/vda\/"},{"@type":"ListItem","position":2,"name":"Soutenez les projets d&rsquo;Art Th\u00e9rapie Virtus"}]}]}},"jetpack_sharing_enabled":true,"jetpack_likes_enabled":true,"_links":{"self":[{"href":"https:\/\/artherapievirtus.org\/vda\/wp-json\/wp\/v2\/pages\/499"}],"collection":[{"href":"https:\/\/artherapievirtus.org\/vda\/wp-json\/wp\/v2\/pages"}],"about":[{"href":"https:\/\/artherapievirtus.org\/vda\/wp-json\/wp\/v2\/types\/page"}],"author":[{"embeddable":true,"href":"https:\/\/artherapievirtus.org\/vda\/wp-json\/wp\/v2\/users\/2"}],"replies":[{"embeddable":true,"href":"https:\/\/artherapievirtus.org\/vda\/wp-json\/wp\/v2\/comments?post=499"}],"version-history":[{"count":12,"href":"https:\/\/artherapievirtus.org\/vda\/wp-json\/wp\/v2\/pages\/499\/revisions"}],"predecessor-version":[{"id":6275,"href":"https:\/\/artherapievirtus.org\/vda\/wp-json\/wp\/v2\/pages\/499\/revisions\/6275"}],"wp:attachment":[{"href":"https:\/\/artherapievirtus.org\/vda\/wp-json\/wp\/v2\/media?parent=499"}],"curies":[{"name":"wp","href":"https:\/\/api.w.org\/{rel}","templated":true}]}}