{"id":4274,"date":"2016-10-11T08:36:49","date_gmt":"2016-10-11T08:36:49","guid":{"rendered":"http:\/\/artherapievirtus.org\/vda\/?page_id=4274"},"modified":"2017-05-11T06:36:28","modified_gmt":"2017-05-11T04:36:28","slug":"victimologie","status":"publish","type":"page","link":"https:\/\/artherapievirtus.org\/vda\/pele-mele-de-13-or-de-vie\/victimologie\/","title":{"rendered":"Victimologie"},"content":{"rendered":"<p>\u2022 <a href=\"http:\/\/artherapievirtus.org\/vda\/pele-mele-de-13-or-de-vie\/victimologie\/observations-de-terrain-comportement-victimaire\/\" target=\"_blank\" rel=\"noopener noreferrer\">Fiche d&rsquo;observations de terrain \u2013 Comportement victimaire \u2013 octobre 2016<\/a><br \/>\nIls sont trentenaires, ont fait des \u00e9tudes sup\u00e9rieures, on l\u2019habitude du contr\u00f4le.<br \/>\nExp\u00e9rience de soi et temporalit\u00e9.<br \/>\nLe pr\u00e9sent ce qui est l\u2019interface entre ce qui s\u2019ach\u00e8ve et ce qui va commencer.<br \/>\nIls ne peuvent pas trouver le lien entre ce qu\u2019ils ont \u00e9t\u00e9 et ce qu\u2019ils sont.<br \/>\nIls se dissocient et ils vivent autre chose.<br \/>\nLa bonne sant\u00e9 est d\u2019\u00eatre tol\u00e9rant \u00e0 nos contradictions internes.<br \/>\nL\u2019affect est sup\u00e9rieur \u00e0 la cognition.<br \/>\nIls sont un h\u00e9ros\/ ils sont nuls<br \/>\nChamp des contradictions d\u2019eux-m\u00eames immense.<br \/>\nEn r\u00e9alit\u00e9 c\u2019est : est-ce que je vais avoir la force de ?<br \/>\nLes questions sont radicales et les r\u00e9ponses sont de type \u00e9motionnel.<br \/>\nLa fatigue est un sympt\u00f4me tr\u00e8s pr\u00e9sent.<br \/>\nAvec le temps, j\u2019ai l\u2019impression que \u00e7a se d\u00e9grade.<br \/>\nOu \u00e7a n\u2019avance pas.<br \/>\nOn est fatigu\u00e9 en hypervigilance.<\/p>\n<hr \/>\n<p><a href=\"http:\/\/www.ladocumentationfrancaise.fr\/rapports-publics\/174000361\/index.shtml\" target=\"_blank\" rel=\"noopener noreferrer\"><img loading=\"lazy\" class=\"size-full wp-image-6805 alignleft\" src=\"http:\/\/artherapievirtus.org\/vda\/wp-content\/uploads\/2017\/05\/Logo-la-documentation-franc\u0327aise.jpeg\" alt=\"\" width=\"240\" height=\"100\" \/><\/a><strong>L&rsquo;aide aux victimes &#8211; Livre blanc<\/strong><\/p>\n<h4><span style=\"color: #339966;\">Les attentes des victimes<\/span><\/h4>\n<p>Au-del\u00e0 de cette fragmentation des statuts des victimes par secteurs, il est n\u00e9cessaire de mieux comprendre, pour un secteur ou une catastrophe donn\u00e9e, la vari\u00e9t\u00e9 des exp\u00e9riences des victimes et de leurs familles face aux diff\u00e9rents dispositifs qui jalonnent leurs parcours de r\u00e9paration.<br \/>\nTout d\u2019abord, on n\u2019est pas trait\u00e9 (ou reconnu) comme \u00ab victime \u00bb de la m\u00eame mani\u00e8re et avec les m\u00eames effets selon le dispositif auquel on est confront\u00e9, qu\u2019il s\u2019agisse d\u2019un fonds d\u2019indemnisation, du syst\u00e8me judiciaire, des \u00e9quipes de prise en charge psychologique, de l\u2019espace m\u00e9diatique, des r\u00e9seaux internet, ou des groupes d\u2019entraide.<br \/>\nOn a plut\u00f4t affaire, et souvent pour la m\u00eame personne, \u00e0 diff\u00e9rentes conditions de victime. Au-del\u00e0 de cette complexit\u00e9, on peut n\u00e9anmoins d\u00e9gager certaines constantes. Les travaux de sciences sociales qui se sont int\u00e9ress\u00e9s aux parcours des victimes mettent en \u00e9vidence l\u2019existence, au-del\u00e0 des variations qui existent dans la mani\u00e8re dont chaque personne investit ces diff\u00e9rents dispositifs, et des sp\u00e9cificit\u00e9s de chaque cas, de quatre grands types d\u2019attentes qui s\u2019expriment de fa\u00e7on r\u00e9currente :<br \/>\n<span style=\"color: #008000;\">\u2022<\/span> la neutralisation des souffrances,<br \/>\n<span style=\"color: #008000;\">\u2022<\/span> la manifestation de la justice,<br \/>\n<span style=\"color: #008000;\">\u2022<\/span> l\u2019obtention d\u2019une compensation ajust\u00e9e, et<br \/>\n<span style=\"color: #008000;\">\u2022<\/span> le travail de m\u00e9moire.<\/p>\n<h6><em><span style=\"color: #993300;\">Pour lire le rapport, cliquez sur le logo de la documentation fran\u00e7aise<\/span><\/em><\/h6>\n<div class=\"sharedaddy sd-sharing-enabled\"><div class=\"robots-nocontent sd-block sd-social sd-social-official sd-sharing\"><h3 class=\"sd-title\">Partager\u00a0:<\/h3><div class=\"sd-content\"><ul><li class=\"share-facebook\"><div class=\"fb-share-button\" data-href=\"https:\/\/artherapievirtus.org\/vda\/pele-mele-de-13-or-de-vie\/victimologie\/\" data-layout=\"button_count\"><\/div><\/li><li class=\"share-twitter\"><a href=\"https:\/\/twitter.com\/share\" class=\"twitter-share-button\" data-url=\"https:\/\/artherapievirtus.org\/vda\/pele-mele-de-13-or-de-vie\/victimologie\/\" data-text=\"Victimologie\"  >Tweet<\/a><\/li><li class=\"share-linkedin\"><div class=\"linkedin_button\"><script type=\"in\/share\" data-url=\"https:\/\/artherapievirtus.org\/vda\/pele-mele-de-13-or-de-vie\/victimologie\/\" data-counter=\"right\"><\/script><\/div><\/li><li><a href=\"#\" class=\"sharing-anchor sd-button share-more\"><span>Plus<\/span><\/a><\/li><li class=\"share-end\"><\/li><\/ul><div class=\"sharing-hidden\"><div class=\"inner\" style=\"display: none;\"><ul><li class=\"share-print\"><a rel=\"nofollow noopener noreferrer\" data-shared=\"\" class=\"share-print sd-button\" href=\"https:\/\/artherapievirtus.org\/vda\/pele-mele-de-13-or-de-vie\/victimologie\/\" target=\"_blank\" title=\"Cliquer pour imprimer\"><span>Imprimer<\/span><\/a><\/li><li class=\"share-email\"><a rel=\"nofollow noopener noreferrer\" data-shared=\"\" class=\"share-email sd-button\" href=\"https:\/\/artherapievirtus.org\/vda\/pele-mele-de-13-or-de-vie\/victimologie\/?share=email\" target=\"_blank\" title=\"Cliquez pour envoyer par e-mail \u00e0 un ami\"><span>E-mail<\/span><\/a><\/li><li class=\"share-end\"><\/li><li class=\"share-end\"><\/li><\/ul><\/div><\/div><\/div><\/div><\/div>","protected":false},"excerpt":{"rendered":"<p>\u2022 Fiche d&rsquo;observations de terrain \u2013 Comportement victimaire \u2013 octobre 2016 Ils sont trentenaires, ont fait des \u00e9tudes sup\u00e9rieures, on l\u2019habitude du contr\u00f4le. Exp\u00e9rience de soi et temporalit\u00e9. Le pr\u00e9sent ce qui est l\u2019interface entre ce qui s\u2019ach\u00e8ve et ce qui va commencer. Ils ne peuvent pas trouver le lien entre ce qu\u2019ils ont \u00e9t\u00e9&hellip; <\/p>\n<p class=\"toivo-read-more\"><a href=\"https:\/\/artherapievirtus.org\/vda\/pele-mele-de-13-or-de-vie\/victimologie\/\" class=\"more-link\">Lire la suite <span class=\"screen-reader-text\">de<\/span> <span class=\"screen-reader-text\">Victimologie<\/span><\/a><\/p>\n<div class=\"sharedaddy sd-sharing-enabled\"><div class=\"robots-nocontent sd-block sd-social sd-social-official sd-sharing\"><h3 class=\"sd-title\">Partager\u00a0:<\/h3><div class=\"sd-content\"><ul><li class=\"share-facebook\"><div class=\"fb-share-button\" data-href=\"https:\/\/artherapievirtus.org\/vda\/pele-mele-de-13-or-de-vie\/victimologie\/\" data-layout=\"button_count\"><\/div><\/li><li class=\"share-twitter\"><a href=\"https:\/\/twitter.com\/share\" class=\"twitter-share-button\" data-url=\"https:\/\/artherapievirtus.org\/vda\/pele-mele-de-13-or-de-vie\/victimologie\/\" data-text=\"Victimologie\"  >Tweet<\/a><\/li><li class=\"share-linkedin\"><div class=\"linkedin_button\"><script type=\"in\/share\" data-url=\"https:\/\/artherapievirtus.org\/vda\/pele-mele-de-13-or-de-vie\/victimologie\/\" data-counter=\"right\"><\/script><\/div><\/li><li><a href=\"#\" class=\"sharing-anchor sd-button share-more\"><span>Plus<\/span><\/a><\/li><li class=\"share-end\"><\/li><\/ul><div class=\"sharing-hidden\"><div class=\"inner\" style=\"display: none;\"><ul><li class=\"share-print\"><a rel=\"nofollow noopener noreferrer\" data-shared=\"\" class=\"share-print sd-button\" href=\"https:\/\/artherapievirtus.org\/vda\/pele-mele-de-13-or-de-vie\/victimologie\/\" target=\"_blank\" title=\"Cliquer pour imprimer\"><span>Imprimer<\/span><\/a><\/li><li class=\"share-email\"><a rel=\"nofollow noopener noreferrer\" data-shared=\"\" class=\"share-email sd-button\" href=\"https:\/\/artherapievirtus.org\/vda\/pele-mele-de-13-or-de-vie\/victimologie\/?share=email\" target=\"_blank\" title=\"Cliquez pour envoyer par e-mail \u00e0 un ami\"><span>E-mail<\/span><\/a><\/li><li class=\"share-end\"><\/li><li class=\"share-end\"><\/li><\/ul><\/div><\/div><\/div><\/div><\/div>","protected":false},"author":3,"featured_media":0,"parent":3687,"menu_order":0,"comment_status":"closed","ping_status":"closed","template":"","meta":{"spay_email":""},"yoast_head":"<!-- This site is optimized with the Yoast SEO plugin v17.2.1 - https:\/\/yoast.com\/wordpress\/plugins\/seo\/ -->\n<title>Victimologie - 13 OR DE VIE \u2013 Victimes des attentats<\/title>\n<meta name=\"robots\" content=\"index, follow, max-snippet:-1, max-image-preview:large, max-video-preview:-1\" \/>\n<link rel=\"canonical\" href=\"https:\/\/artherapievirtus.org\/vda\/pele-mele-de-13-or-de-vie\/victimologie\/\" \/>\n<meta property=\"og:locale\" content=\"fr_FR\" \/>\n<meta property=\"og:type\" content=\"article\" \/>\n<meta property=\"og:title\" content=\"Victimologie - 13 OR DE VIE \u2013 Victimes des attentats\" \/>\n<meta property=\"og:description\" content=\"\u2022 Fiche d&rsquo;observations de terrain \u2013 Comportement victimaire \u2013 octobre 2016 Ils sont trentenaires, ont fait des \u00e9tudes sup\u00e9rieures, on l\u2019habitude du contr\u00f4le. Exp\u00e9rience de soi et temporalit\u00e9. Le pr\u00e9sent ce qui est l\u2019interface entre ce qui s\u2019ach\u00e8ve et ce qui va commencer. Ils ne peuvent pas trouver le lien entre ce qu\u2019ils ont \u00e9t\u00e9&hellip; Lire la suite de Victimologie\" \/>\n<meta property=\"og:url\" content=\"https:\/\/artherapievirtus.org\/vda\/pele-mele-de-13-or-de-vie\/victimologie\/\" \/>\n<meta property=\"og:site_name\" content=\"13 OR DE VIE \u2013 Victimes des attentats\" \/>\n<meta property=\"article:publisher\" content=\"https:\/\/www.facebook.com\/artherapievirtus.org\/\" \/>\n<meta property=\"article:modified_time\" content=\"2017-05-11T04:36:28+00:00\" \/>\n<meta property=\"og:image\" content=\"http:\/\/artherapievirtus.org\/vda\/wp-content\/uploads\/2017\/05\/Logo-la-documentation-franc\u0327aise.jpeg\" \/>\n<meta name=\"twitter:card\" content=\"summary\" \/>\n<meta name=\"twitter:site\" content=\"@artherapie75\" \/>\n<meta name=\"twitter:label1\" content=\"Dur\u00e9e de lecture estim\u00e9e\" \/>\n\t<meta name=\"twitter:data1\" content=\"2 minutes\" \/>\n<script type=\"application\/ld+json\" class=\"yoast-schema-graph\">{\"@context\":\"https:\/\/schema.org\",\"@graph\":[{\"@type\":\"WebSite\",\"@id\":\"https:\/\/artherapievirtus.org\/vda\/#website\",\"url\":\"https:\/\/artherapievirtus.org\/vda\/\",\"name\":\"13 OR DE VIE \\u2013 Victimes des attentats\",\"description\":\"Ce blogue  13 OR DE VIE est un outil collaboratif pour les ateliers d\\u2019Art-Th\\u00e9rapie  \\u00e0 l\\u2019intention des victimes du terrorisme\",\"potentialAction\":[{\"@type\":\"SearchAction\",\"target\":{\"@type\":\"EntryPoint\",\"urlTemplate\":\"https:\/\/artherapievirtus.org\/vda\/?s={search_term_string}\"},\"query-input\":\"required name=search_term_string\"}],\"inLanguage\":\"fr-FR\"},{\"@type\":\"ImageObject\",\"@id\":\"https:\/\/artherapievirtus.org\/vda\/pele-mele-de-13-or-de-vie\/victimologie\/#primaryimage\",\"inLanguage\":\"fr-FR\",\"url\":\"http:\/\/artherapievirtus.org\/vda\/wp-content\/uploads\/2017\/05\/Logo-la-documentation-franc\\u0327aise.jpeg\",\"contentUrl\":\"http:\/\/artherapievirtus.org\/vda\/wp-content\/uploads\/2017\/05\/Logo-la-documentation-franc\\u0327aise.jpeg\"},{\"@type\":\"WebPage\",\"@id\":\"https:\/\/artherapievirtus.org\/vda\/pele-mele-de-13-or-de-vie\/victimologie\/#webpage\",\"url\":\"https:\/\/artherapievirtus.org\/vda\/pele-mele-de-13-or-de-vie\/victimologie\/\",\"name\":\"Victimologie - 13 OR DE VIE \\u2013 Victimes des attentats\",\"isPartOf\":{\"@id\":\"https:\/\/artherapievirtus.org\/vda\/#website\"},\"primaryImageOfPage\":{\"@id\":\"https:\/\/artherapievirtus.org\/vda\/pele-mele-de-13-or-de-vie\/victimologie\/#primaryimage\"},\"datePublished\":\"2016-10-11T08:36:49+00:00\",\"dateModified\":\"2017-05-11T04:36:28+00:00\",\"breadcrumb\":{\"@id\":\"https:\/\/artherapievirtus.org\/vda\/pele-mele-de-13-or-de-vie\/victimologie\/#breadcrumb\"},\"inLanguage\":\"fr-FR\",\"potentialAction\":[{\"@type\":\"ReadAction\",\"target\":[\"https:\/\/artherapievirtus.org\/vda\/pele-mele-de-13-or-de-vie\/victimologie\/\"]}]},{\"@type\":\"BreadcrumbList\",\"@id\":\"https:\/\/artherapievirtus.org\/vda\/pele-mele-de-13-or-de-vie\/victimologie\/#breadcrumb\",\"itemListElement\":[{\"@type\":\"ListItem\",\"position\":1,\"name\":\"Accueil\",\"item\":\"https:\/\/artherapievirtus.org\/vda\/\"},{\"@type\":\"ListItem\",\"position\":2,\"name\":\"P\\u00eale-m\\u00eale de 13 OR DE VIE\",\"item\":\"https:\/\/artherapievirtus.org\/vda\/pele-mele-de-13-or-de-vie\/\"},{\"@type\":\"ListItem\",\"position\":3,\"name\":\"Victimologie\"}]}]}<\/script>\n<!-- \/ Yoast SEO plugin. -->","yoast_head_json":{"title":"Victimologie - 13 OR DE VIE \u2013 Victimes des attentats","robots":{"index":"index","follow":"follow","max-snippet":"max-snippet:-1","max-image-preview":"max-image-preview:large","max-video-preview":"max-video-preview:-1"},"canonical":"https:\/\/artherapievirtus.org\/vda\/pele-mele-de-13-or-de-vie\/victimologie\/","og_locale":"fr_FR","og_type":"article","og_title":"Victimologie - 13 OR DE VIE \u2013 Victimes des attentats","og_description":"\u2022 Fiche d&rsquo;observations de terrain \u2013 Comportement victimaire \u2013 octobre 2016 Ils sont trentenaires, ont fait des \u00e9tudes sup\u00e9rieures, on l\u2019habitude du contr\u00f4le. Exp\u00e9rience de soi et temporalit\u00e9. Le pr\u00e9sent ce qui est l\u2019interface entre ce qui s\u2019ach\u00e8ve et ce qui va commencer. Ils ne peuvent pas trouver le lien entre ce qu\u2019ils ont \u00e9t\u00e9&hellip; Lire la suite de Victimologie","og_url":"https:\/\/artherapievirtus.org\/vda\/pele-mele-de-13-or-de-vie\/victimologie\/","og_site_name":"13 OR DE VIE \u2013 Victimes des attentats","article_publisher":"https:\/\/www.facebook.com\/artherapievirtus.org\/","article_modified_time":"2017-05-11T04:36:28+00:00","og_image":[{"url":"http:\/\/artherapievirtus.org\/vda\/wp-content\/uploads\/2017\/05\/Logo-la-documentation-franc\u0327aise.jpeg"}],"twitter_card":"summary","twitter_site":"@artherapie75","twitter_misc":{"Dur\u00e9e de lecture estim\u00e9e":"2 minutes"},"schema":{"@context":"https:\/\/schema.org","@graph":[{"@type":"WebSite","@id":"https:\/\/artherapievirtus.org\/vda\/#website","url":"https:\/\/artherapievirtus.org\/vda\/","name":"13 OR DE VIE \u2013 Victimes des attentats","description":"Ce blogue  13 OR DE VIE est un outil collaboratif pour les ateliers d\u2019Art-Th\u00e9rapie  \u00e0 l\u2019intention des victimes du terrorisme","potentialAction":[{"@type":"SearchAction","target":{"@type":"EntryPoint","urlTemplate":"https:\/\/artherapievirtus.org\/vda\/?s={search_term_string}"},"query-input":"required name=search_term_string"}],"inLanguage":"fr-FR"},{"@type":"ImageObject","@id":"https:\/\/artherapievirtus.org\/vda\/pele-mele-de-13-or-de-vie\/victimologie\/#primaryimage","inLanguage":"fr-FR","url":"http:\/\/artherapievirtus.org\/vda\/wp-content\/uploads\/2017\/05\/Logo-la-documentation-franc\u0327aise.jpeg","contentUrl":"http:\/\/artherapievirtus.org\/vda\/wp-content\/uploads\/2017\/05\/Logo-la-documentation-franc\u0327aise.jpeg"},{"@type":"WebPage","@id":"https:\/\/artherapievirtus.org\/vda\/pele-mele-de-13-or-de-vie\/victimologie\/#webpage","url":"https:\/\/artherapievirtus.org\/vda\/pele-mele-de-13-or-de-vie\/victimologie\/","name":"Victimologie - 13 OR DE VIE \u2013 Victimes des attentats","isPartOf":{"@id":"https:\/\/artherapievirtus.org\/vda\/#website"},"primaryImageOfPage":{"@id":"https:\/\/artherapievirtus.org\/vda\/pele-mele-de-13-or-de-vie\/victimologie\/#primaryimage"},"datePublished":"2016-10-11T08:36:49+00:00","dateModified":"2017-05-11T04:36:28+00:00","breadcrumb":{"@id":"https:\/\/artherapievirtus.org\/vda\/pele-mele-de-13-or-de-vie\/victimologie\/#breadcrumb"},"inLanguage":"fr-FR","potentialAction":[{"@type":"ReadAction","target":["https:\/\/artherapievirtus.org\/vda\/pele-mele-de-13-or-de-vie\/victimologie\/"]}]},{"@type":"BreadcrumbList","@id":"https:\/\/artherapievirtus.org\/vda\/pele-mele-de-13-or-de-vie\/victimologie\/#breadcrumb","itemListElement":[{"@type":"ListItem","position":1,"name":"Accueil","item":"https:\/\/artherapievirtus.org\/vda\/"},{"@type":"ListItem","position":2,"name":"P\u00eale-m\u00eale de 13 OR DE VIE","item":"https:\/\/artherapievirtus.org\/vda\/pele-mele-de-13-or-de-vie\/"},{"@type":"ListItem","position":3,"name":"Victimologie"}]}]}},"jetpack_sharing_enabled":true,"jetpack_likes_enabled":true,"_links":{"self":[{"href":"https:\/\/artherapievirtus.org\/vda\/wp-json\/wp\/v2\/pages\/4274"}],"collection":[{"href":"https:\/\/artherapievirtus.org\/vda\/wp-json\/wp\/v2\/pages"}],"about":[{"href":"https:\/\/artherapievirtus.org\/vda\/wp-json\/wp\/v2\/types\/page"}],"author":[{"embeddable":true,"href":"https:\/\/artherapievirtus.org\/vda\/wp-json\/wp\/v2\/users\/3"}],"replies":[{"embeddable":true,"href":"https:\/\/artherapievirtus.org\/vda\/wp-json\/wp\/v2\/comments?post=4274"}],"version-history":[{"count":6,"href":"https:\/\/artherapievirtus.org\/vda\/wp-json\/wp\/v2\/pages\/4274\/revisions"}],"predecessor-version":[{"id":6807,"href":"https:\/\/artherapievirtus.org\/vda\/wp-json\/wp\/v2\/pages\/4274\/revisions\/6807"}],"up":[{"embeddable":true,"href":"https:\/\/artherapievirtus.org\/vda\/wp-json\/wp\/v2\/pages\/3687"}],"wp:attachment":[{"href":"https:\/\/artherapievirtus.org\/vda\/wp-json\/wp\/v2\/media?parent=4274"}],"curies":[{"name":"wp","href":"https:\/\/api.w.org\/{rel}","templated":true}]}}