{"id":3695,"date":"2016-09-22T03:08:15","date_gmt":"2016-09-22T03:08:15","guid":{"rendered":"http:\/\/artherapievirtus.org\/vda\/?page_id=3695"},"modified":"2017-02-01T08:12:56","modified_gmt":"2017-02-01T06:12:56","slug":"charte-dentente-de-13-or-de-vie","status":"publish","type":"page","link":"https:\/\/artherapievirtus.org\/vda\/pele-mele-de-13-or-de-vie\/charte-dentente-de-13-or-de-vie\/","title":{"rendered":"Charte d&rsquo;entente de 13 OR DE VIE"},"content":{"rendered":"<p style=\"text-align: center;\"><strong>Notre Charte d\u2019entente <span style=\"color: #993300;\">du projet 13 <img loading=\"lazy\" class=\"wp-image-3130 alignnone\" src=\"http:\/\/artherapievirtus.org\/vda\/wp-content\/uploads\/2016\/08\/O-brut-150x150.jpg\" alt=\"O brut\" width=\"20\" height=\"21\" srcset=\"https:\/\/artherapievirtus.org\/vda\/wp-content\/uploads\/2016\/08\/O-brut-150x150.jpg 150w, https:\/\/artherapievirtus.org\/vda\/wp-content\/uploads\/2016\/08\/O-brut-140x140.jpg 140w, https:\/\/artherapievirtus.org\/vda\/wp-content\/uploads\/2016\/08\/O-brut.jpg 152w\" sizes=\"(max-width: 20px) 100vw, 20px\" \/>r de vie<\/span><\/strong><\/p>\n<p style=\"text-align: left;\">Cette charte est une d\u00e9marche collective dans l\u2019intention d\u2019accompagner les personnes \u00ab victimes des attentats \u00bb dans leur int\u00e9grit\u00e9 et dans l\u2019adaptation ajust\u00e9e de leurs besoins.<br \/>\nLa charte \u00e9mane d\u2019une r\u00e9flexion individuelle et collective de l\u2019ensemble des acteurs du projet.<br \/>\nLe fondement de notre action s\u2019appuie sur l\u2019accompagnement dans le \u00ab vital du 13 OR DE VIE \u00bb de chaque participant.<br \/>\nCette charte est sign\u00e9e par chaque acteur du projet 13 OR DE VIE.<\/p>\n<h4><span style=\"color: #ffcc00;\">1 \u2013 Garantir un cadre<del><\/del><\/span><\/h4>\n<h5><span style=\"color: #993300;\"><em>\u00a0Notre engagement s&rsquo;appuie sur nos valeurs<\/em><\/span><\/h5>\n<p>L\u2019art-th\u00e9rapie est au service de l&rsquo;accompagnement des participants qui nous sont adress\u00e9s. L\u2019accompagnement par l\u2019art et la cr\u00e9ativit\u00e9\u00a0est notre fondement, nous veillons \u00e0 ajuster nos propositions selon leurs besoins. L\u2019art-th\u00e9rapie est notre forme de m\u00e9diation. Notre qualit\u00e9 de relation avec chaque participant est le socle de notre engagement et de l\u2019alliance th\u00e9rapeutique.<br \/>\nNous nous engageons \u00e0 demeurer au plus proche de notre fonction d\u2019art-th\u00e9rapeute, et non de notre \u00ab\u00a0image\u00a0\u00bb.<br \/>\nNous nous engageons \u00e0 maintenir un environnement s\u00e9curisant, mat\u00e9riel et humain, nous nous engageons \u00e0 \u00eatre pr\u00e9sent.e et ponctuel.le \u00e0 chaque atelier.<br \/>\nNous \u00e9voluons dans le respect de la charte de la la\u00efcit\u00e9.<\/p>\n<h6><span style=\"color: #993300;\"><em>Respecter la dignit\u00e9<\/em><\/span><\/h6>\n<p><span style=\"color: #ffcc00;\">\u2022<\/span> Nous accompagnons les participants dans une \u00e9coute globale, dans l\u2019humilit\u00e9, la patience et la pers\u00e9v\u00e9rance pour accueillir la personne dans sa globalit\u00e9.<\/p>\n<h6><span style=\"color: #993300;\"><em>Rep\u00e9rer et prendre en compte toutes les difficult\u00e9s qui surgiraient<\/em><\/span><\/h6>\n<p><span style=\"color: #ffcc00;\">\u2022<\/span> Nous devons \u00e9valuer les situations \u00ab\u00a0\u00e0 risque\u00a0\u00bb et nous en remettre \u00e0 nos coll\u00e8gues psychologues en cas de difficult\u00e9s majeures qui pourrait mettre en p\u00e9ril la sant\u00e9 mentale ou physique du participant ou du groupe sous notre responsabilit\u00e9.<br \/>\n<span style=\"text-decoration: underline;\"><span style=\"color: #ffcc00; text-decoration: underline;\">\u2022<\/span> Une fiche de contact de chaque participant doit \u00eatre renseign\u00e9e afin de communiquer avec les r\u00e9f\u00e9rents si besoin (un membre de l\u2019entourage proche et\/ ou un soignant)<\/span><\/p>\n<h6><span style=\"color: #993300;\"><em>Respecter la confidentialit\u00e9 et l\u2019anonymat de chaque participant <\/em><\/span><\/h6>\n<p><span style=\"color: #ffcc00;\">\u2022<\/span> Nous remettons \u00e0 chacun un document de d\u00e9ontologie de confidentialit\u00e9 qui nous engage.<\/p>\n<h6><span style=\"color: #993300;\"><em>Soutenir et stimuler un engagement des participants<\/em><\/span><\/h6>\n<p><span style=\"color: #ffcc00;\">\u2022<\/span> A chaque atelier, une fiche d\u2019\u00e9margement est sign\u00e9e par chacun pour chaque atelier.<\/p>\n<h6><em><span style=\"color: #993300;\">Pr\u00e9server l\u2019int\u00e9grit\u00e9<\/span> <\/em><\/h6>\n<p><span style=\"color: #ffcc00;\">\u2022<\/span> Souligner le respect permanent de leur propre corps, de celui des autres, \u00ab\u00a0les passages \u00e0 l\u2019acte\u00a0\u00bb ne pouvant \u00eatre tol\u00e9r\u00e9s.<br \/>\n<span style=\"color: #ffcc00;\">\u2022<\/span> En cas de difficult\u00e9 majeure, la sortie de la salle d\u2019atelier doit \u00eatre signal\u00e9e et \u00eatre accompagn\u00e9e par le psychologue ou l&rsquo;art-th\u00e9rapeute pr\u00e9sent dans le \u00ab\u00a0sas du couloir\u00a0\u00bb afin d\u2019\u00e9viter tout d\u00e9bordement non accompagn\u00e9 qui pourrait g\u00e9n\u00e9rer un risque.<br \/>\n<span style=\"color: #ffcc00;\">\u2022<\/span> Les \u00ab\u00a0malaises\u00a0\u00bb sont \u00e0 consid\u00e9rer, \u00e0 contenir, un espace de repos peut \u00eatre install\u00e9 dans l\u2019atelier.<\/p>\n<h4><span style=\"color: #ffcc00;\">2 \u2013 Affirmer une attitude professionnelle et des r\u00e8gles de vie ensemble<\/span><\/h4>\n<p><span style=\"color: #ffcc00;\">\u2022<\/span> Exercer une coh\u00e9rence, une continuit\u00e9, et une compl\u00e9mentarit\u00e9 autour du projet.<br \/>\n<span style=\"color: #ffcc00;\">\u2022<\/span> \u00catre d&rsquo;accord avec les fondamentaux que sont <del><\/del>, le respect et la confiance.<br \/>\n<span style=\"color: #ffcc00;\">\u2022<\/span> Chaque art-th\u00e9rapeute est le garant du cadre th\u00e9rapeutique.<br \/>\n<span style=\"color: #ffcc00;\">\u2022<\/span> En cas de situation conflictuelle dans l\u2019\u00e9quipe, nous nous engageons \u00e0 exposer la situation, et de faire appel si besoin \u00e0 une personne ressource.<br \/>\n<span style=\"color: #ffcc00;\">\u2022<\/span> Les r\u00e9unions collectives et la supervision sont obligatoires.<br \/>\n<span style=\"color: #ffcc00;\">\u2022<\/span> La supervision est le garant de notre capacit\u00e9 \u00e0 prendre la distance n\u00e9cessaire, de s\u2019interroger sur notre pratique. Nous sommes responsables de notre suivi.<br \/>\n<span style=\"color: #ffcc00;\">\u2022<\/span> Nous sommes vigilants \u00e0 la fa\u00e7on dont nous pouvons \u00eatre affect\u00e9s, afin de d\u00e9nouer nos contre-transferts \u00e9ventuels et de maintenir notre bonne sant\u00e9 mentale.<br \/>\n<span style=\"color: #ffcc00;\">\u2022<\/span> Toutefois une supervision personnelle \u00e0 l\u2019ext\u00e9rieur est possible.<br \/>\n<span style=\"color: #ffcc00;\">\u2022<\/span> Une fiche d&rsquo;\u00e9valuation de fin d&rsquo;ateliers doit-\u00eatre remplie et remise \u00e0 l&rsquo;association ATV \u00e0 la fin de chaque cycle.<\/p>\n<div class=\"sharedaddy sd-sharing-enabled\"><div class=\"robots-nocontent sd-block sd-social sd-social-official sd-sharing\"><h3 class=\"sd-title\">Partager\u00a0:<\/h3><div class=\"sd-content\"><ul><li class=\"share-facebook\"><div class=\"fb-share-button\" data-href=\"https:\/\/artherapievirtus.org\/vda\/pele-mele-de-13-or-de-vie\/charte-dentente-de-13-or-de-vie\/\" data-layout=\"button_count\"><\/div><\/li><li class=\"share-twitter\"><a href=\"https:\/\/twitter.com\/share\" class=\"twitter-share-button\" data-url=\"https:\/\/artherapievirtus.org\/vda\/pele-mele-de-13-or-de-vie\/charte-dentente-de-13-or-de-vie\/\" data-text=\"Charte d&#039;entente de 13 OR DE VIE\"  >Tweet<\/a><\/li><li class=\"share-linkedin\"><div class=\"linkedin_button\"><script type=\"in\/share\" data-url=\"https:\/\/artherapievirtus.org\/vda\/pele-mele-de-13-or-de-vie\/charte-dentente-de-13-or-de-vie\/\" data-counter=\"right\"><\/script><\/div><\/li><li><a href=\"#\" class=\"sharing-anchor sd-button share-more\"><span>Plus<\/span><\/a><\/li><li class=\"share-end\"><\/li><\/ul><div class=\"sharing-hidden\"><div class=\"inner\" style=\"display: none;\"><ul><li class=\"share-print\"><a rel=\"nofollow noopener noreferrer\" data-shared=\"\" class=\"share-print sd-button\" href=\"https:\/\/artherapievirtus.org\/vda\/pele-mele-de-13-or-de-vie\/charte-dentente-de-13-or-de-vie\/\" target=\"_blank\" title=\"Cliquer pour imprimer\"><span>Imprimer<\/span><\/a><\/li><li class=\"share-email\"><a rel=\"nofollow noopener noreferrer\" data-shared=\"\" class=\"share-email sd-button\" href=\"https:\/\/artherapievirtus.org\/vda\/pele-mele-de-13-or-de-vie\/charte-dentente-de-13-or-de-vie\/?share=email\" target=\"_blank\" title=\"Cliquez pour envoyer par e-mail \u00e0 un ami\"><span>E-mail<\/span><\/a><\/li><li class=\"share-end\"><\/li><li class=\"share-end\"><\/li><\/ul><\/div><\/div><\/div><\/div><\/div>","protected":false},"excerpt":{"rendered":"<p>Notre Charte d\u2019entente du projet 13 r de vie Cette charte est une d\u00e9marche collective dans l\u2019intention d\u2019accompagner les personnes \u00ab victimes des attentats \u00bb dans leur int\u00e9grit\u00e9 et dans l\u2019adaptation ajust\u00e9e de leurs besoins. La charte \u00e9mane d\u2019une r\u00e9flexion individuelle et collective de l\u2019ensemble des acteurs du projet. Le fondement de notre action s\u2019appuie&hellip; <\/p>\n<p class=\"toivo-read-more\"><a href=\"https:\/\/artherapievirtus.org\/vda\/pele-mele-de-13-or-de-vie\/charte-dentente-de-13-or-de-vie\/\" class=\"more-link\">Lire la suite <span class=\"screen-reader-text\">de<\/span> <span class=\"screen-reader-text\">Charte d&rsquo;entente de 13 OR DE VIE<\/span><\/a><\/p>\n<div class=\"sharedaddy sd-sharing-enabled\"><div class=\"robots-nocontent sd-block sd-social sd-social-official sd-sharing\"><h3 class=\"sd-title\">Partager\u00a0:<\/h3><div class=\"sd-content\"><ul><li class=\"share-facebook\"><div class=\"fb-share-button\" data-href=\"https:\/\/artherapievirtus.org\/vda\/pele-mele-de-13-or-de-vie\/charte-dentente-de-13-or-de-vie\/\" data-layout=\"button_count\"><\/div><\/li><li class=\"share-twitter\"><a href=\"https:\/\/twitter.com\/share\" class=\"twitter-share-button\" data-url=\"https:\/\/artherapievirtus.org\/vda\/pele-mele-de-13-or-de-vie\/charte-dentente-de-13-or-de-vie\/\" data-text=\"Charte d&#039;entente de 13 OR DE VIE\"  >Tweet<\/a><\/li><li class=\"share-linkedin\"><div class=\"linkedin_button\"><script type=\"in\/share\" data-url=\"https:\/\/artherapievirtus.org\/vda\/pele-mele-de-13-or-de-vie\/charte-dentente-de-13-or-de-vie\/\" data-counter=\"right\"><\/script><\/div><\/li><li><a href=\"#\" class=\"sharing-anchor sd-button share-more\"><span>Plus<\/span><\/a><\/li><li class=\"share-end\"><\/li><\/ul><div class=\"sharing-hidden\"><div class=\"inner\" style=\"display: none;\"><ul><li class=\"share-print\"><a rel=\"nofollow noopener noreferrer\" data-shared=\"\" class=\"share-print sd-button\" href=\"https:\/\/artherapievirtus.org\/vda\/pele-mele-de-13-or-de-vie\/charte-dentente-de-13-or-de-vie\/\" target=\"_blank\" title=\"Cliquer pour imprimer\"><span>Imprimer<\/span><\/a><\/li><li class=\"share-email\"><a rel=\"nofollow noopener noreferrer\" data-shared=\"\" class=\"share-email sd-button\" href=\"https:\/\/artherapievirtus.org\/vda\/pele-mele-de-13-or-de-vie\/charte-dentente-de-13-or-de-vie\/?share=email\" target=\"_blank\" title=\"Cliquez pour envoyer par e-mail \u00e0 un ami\"><span>E-mail<\/span><\/a><\/li><li class=\"share-end\"><\/li><li class=\"share-end\"><\/li><\/ul><\/div><\/div><\/div><\/div><\/div>","protected":false},"author":69,"featured_media":6644,"parent":3687,"menu_order":2,"comment_status":"closed","ping_status":"closed","template":"","meta":{"spay_email":""},"yoast_head":"<!-- This site is optimized with the Yoast SEO plugin v17.2.1 - https:\/\/yoast.com\/wordpress\/plugins\/seo\/ -->\n<title>Charte d&#039;entente de 13 OR DE VIE - 13 OR DE VIE \u2013 Victimes des attentats<\/title>\n<meta name=\"robots\" content=\"index, follow, max-snippet:-1, max-image-preview:large, max-video-preview:-1\" \/>\n<link rel=\"canonical\" href=\"https:\/\/artherapievirtus.org\/vda\/pele-mele-de-13-or-de-vie\/charte-dentente-de-13-or-de-vie\/\" \/>\n<meta property=\"og:locale\" content=\"fr_FR\" \/>\n<meta property=\"og:type\" content=\"article\" \/>\n<meta property=\"og:title\" content=\"Charte d&#039;entente de 13 OR DE VIE - 13 OR DE VIE \u2013 Victimes des attentats\" \/>\n<meta property=\"og:description\" content=\"Notre Charte d\u2019entente du projet 13 r de vie Cette charte est une d\u00e9marche collective dans l\u2019intention d\u2019accompagner les personnes \u00ab victimes des attentats \u00bb dans leur int\u00e9grit\u00e9 et dans l\u2019adaptation ajust\u00e9e de leurs besoins. La charte \u00e9mane d\u2019une r\u00e9flexion individuelle et collective de l\u2019ensemble des acteurs du projet. Le fondement de notre action s\u2019appuie&hellip; Lire la suite de Charte d&rsquo;entente de 13 OR DE VIE\" \/>\n<meta property=\"og:url\" content=\"https:\/\/artherapievirtus.org\/vda\/pele-mele-de-13-or-de-vie\/charte-dentente-de-13-or-de-vie\/\" \/>\n<meta property=\"og:site_name\" content=\"13 OR DE VIE \u2013 Victimes des attentats\" \/>\n<meta property=\"article:publisher\" content=\"https:\/\/www.facebook.com\/artherapievirtus.org\/\" \/>\n<meta property=\"article:modified_time\" content=\"2017-02-01T06:12:56+00:00\" \/>\n<meta property=\"og:image\" content=\"https:\/\/artherapievirtus.org\/vda\/wp-content\/uploads\/2016\/09\/Logo-13-Or-de-vie-72-dpi-e1485928857528.jpg\" \/>\n\t<meta property=\"og:image:width\" content=\"85\" \/>\n\t<meta property=\"og:image:height\" content=\"150\" \/>\n<meta name=\"twitter:card\" content=\"summary\" \/>\n<meta name=\"twitter:site\" content=\"@artherapie75\" \/>\n<meta name=\"twitter:label1\" content=\"Dur\u00e9e de lecture estim\u00e9e\" \/>\n\t<meta name=\"twitter:data1\" content=\"3 minutes\" \/>\n<script type=\"application\/ld+json\" class=\"yoast-schema-graph\">{\"@context\":\"https:\/\/schema.org\",\"@graph\":[{\"@type\":\"WebSite\",\"@id\":\"https:\/\/artherapievirtus.org\/vda\/#website\",\"url\":\"https:\/\/artherapievirtus.org\/vda\/\",\"name\":\"13 OR DE VIE \\u2013 Victimes des attentats\",\"description\":\"Ce blogue  13 OR DE VIE est un outil collaboratif pour les ateliers d\\u2019Art-Th\\u00e9rapie  \\u00e0 l\\u2019intention des victimes du terrorisme\",\"potentialAction\":[{\"@type\":\"SearchAction\",\"target\":{\"@type\":\"EntryPoint\",\"urlTemplate\":\"https:\/\/artherapievirtus.org\/vda\/?s={search_term_string}\"},\"query-input\":\"required name=search_term_string\"}],\"inLanguage\":\"fr-FR\"},{\"@type\":\"ImageObject\",\"@id\":\"https:\/\/artherapievirtus.org\/vda\/pele-mele-de-13-or-de-vie\/charte-dentente-de-13-or-de-vie\/#primaryimage\",\"inLanguage\":\"fr-FR\",\"url\":\"https:\/\/artherapievirtus.org\/vda\/wp-content\/uploads\/2016\/09\/Logo-13-Or-de-vie-72-dpi-e1485928857528.jpg\",\"contentUrl\":\"https:\/\/artherapievirtus.org\/vda\/wp-content\/uploads\/2016\/09\/Logo-13-Or-de-vie-72-dpi-e1485928857528.jpg\",\"width\":85,\"height\":150},{\"@type\":\"WebPage\",\"@id\":\"https:\/\/artherapievirtus.org\/vda\/pele-mele-de-13-or-de-vie\/charte-dentente-de-13-or-de-vie\/#webpage\",\"url\":\"https:\/\/artherapievirtus.org\/vda\/pele-mele-de-13-or-de-vie\/charte-dentente-de-13-or-de-vie\/\",\"name\":\"Charte d'entente de 13 OR DE VIE - 13 OR DE VIE \\u2013 Victimes des attentats\",\"isPartOf\":{\"@id\":\"https:\/\/artherapievirtus.org\/vda\/#website\"},\"primaryImageOfPage\":{\"@id\":\"https:\/\/artherapievirtus.org\/vda\/pele-mele-de-13-or-de-vie\/charte-dentente-de-13-or-de-vie\/#primaryimage\"},\"datePublished\":\"2016-09-22T03:08:15+00:00\",\"dateModified\":\"2017-02-01T06:12:56+00:00\",\"breadcrumb\":{\"@id\":\"https:\/\/artherapievirtus.org\/vda\/pele-mele-de-13-or-de-vie\/charte-dentente-de-13-or-de-vie\/#breadcrumb\"},\"inLanguage\":\"fr-FR\",\"potentialAction\":[{\"@type\":\"ReadAction\",\"target\":[\"https:\/\/artherapievirtus.org\/vda\/pele-mele-de-13-or-de-vie\/charte-dentente-de-13-or-de-vie\/\"]}]},{\"@type\":\"BreadcrumbList\",\"@id\":\"https:\/\/artherapievirtus.org\/vda\/pele-mele-de-13-or-de-vie\/charte-dentente-de-13-or-de-vie\/#breadcrumb\",\"itemListElement\":[{\"@type\":\"ListItem\",\"position\":1,\"name\":\"Accueil\",\"item\":\"https:\/\/artherapievirtus.org\/vda\/\"},{\"@type\":\"ListItem\",\"position\":2,\"name\":\"P\\u00eale-m\\u00eale de 13 OR DE VIE\",\"item\":\"https:\/\/artherapievirtus.org\/vda\/pele-mele-de-13-or-de-vie\/\"},{\"@type\":\"ListItem\",\"position\":3,\"name\":\"Charte d&rsquo;entente de 13 OR DE VIE\"}]}]}<\/script>\n<!-- \/ Yoast SEO plugin. -->","yoast_head_json":{"title":"Charte d'entente de 13 OR DE VIE - 13 OR DE VIE \u2013 Victimes des attentats","robots":{"index":"index","follow":"follow","max-snippet":"max-snippet:-1","max-image-preview":"max-image-preview:large","max-video-preview":"max-video-preview:-1"},"canonical":"https:\/\/artherapievirtus.org\/vda\/pele-mele-de-13-or-de-vie\/charte-dentente-de-13-or-de-vie\/","og_locale":"fr_FR","og_type":"article","og_title":"Charte d'entente de 13 OR DE VIE - 13 OR DE VIE \u2013 Victimes des attentats","og_description":"Notre Charte d\u2019entente du projet 13 r de vie Cette charte est une d\u00e9marche collective dans l\u2019intention d\u2019accompagner les personnes \u00ab victimes des attentats \u00bb dans leur int\u00e9grit\u00e9 et dans l\u2019adaptation ajust\u00e9e de leurs besoins. La charte \u00e9mane d\u2019une r\u00e9flexion individuelle et collective de l\u2019ensemble des acteurs du projet. Le fondement de notre action s\u2019appuie&hellip; Lire la suite de Charte d&rsquo;entente de 13 OR DE VIE","og_url":"https:\/\/artherapievirtus.org\/vda\/pele-mele-de-13-or-de-vie\/charte-dentente-de-13-or-de-vie\/","og_site_name":"13 OR DE VIE \u2013 Victimes des attentats","article_publisher":"https:\/\/www.facebook.com\/artherapievirtus.org\/","article_modified_time":"2017-02-01T06:12:56+00:00","og_image":[{"width":85,"height":150,"url":"https:\/\/artherapievirtus.org\/vda\/wp-content\/uploads\/2016\/09\/Logo-13-Or-de-vie-72-dpi-e1485928857528.jpg","path":"\/home\/artherapq\/www\/vda\/wp-content\/uploads\/2016\/09\/Logo-13-Or-de-vie-72-dpi-e1485928857528.jpg","size":"full","id":6644,"alt":"","pixels":12750,"type":"image\/jpeg"}],"twitter_card":"summary","twitter_site":"@artherapie75","twitter_misc":{"Dur\u00e9e de lecture estim\u00e9e":"3 minutes"},"schema":{"@context":"https:\/\/schema.org","@graph":[{"@type":"WebSite","@id":"https:\/\/artherapievirtus.org\/vda\/#website","url":"https:\/\/artherapievirtus.org\/vda\/","name":"13 OR DE VIE \u2013 Victimes des attentats","description":"Ce blogue  13 OR DE VIE est un outil collaboratif pour les ateliers d\u2019Art-Th\u00e9rapie  \u00e0 l\u2019intention des victimes du terrorisme","potentialAction":[{"@type":"SearchAction","target":{"@type":"EntryPoint","urlTemplate":"https:\/\/artherapievirtus.org\/vda\/?s={search_term_string}"},"query-input":"required name=search_term_string"}],"inLanguage":"fr-FR"},{"@type":"ImageObject","@id":"https:\/\/artherapievirtus.org\/vda\/pele-mele-de-13-or-de-vie\/charte-dentente-de-13-or-de-vie\/#primaryimage","inLanguage":"fr-FR","url":"https:\/\/artherapievirtus.org\/vda\/wp-content\/uploads\/2016\/09\/Logo-13-Or-de-vie-72-dpi-e1485928857528.jpg","contentUrl":"https:\/\/artherapievirtus.org\/vda\/wp-content\/uploads\/2016\/09\/Logo-13-Or-de-vie-72-dpi-e1485928857528.jpg","width":85,"height":150},{"@type":"WebPage","@id":"https:\/\/artherapievirtus.org\/vda\/pele-mele-de-13-or-de-vie\/charte-dentente-de-13-or-de-vie\/#webpage","url":"https:\/\/artherapievirtus.org\/vda\/pele-mele-de-13-or-de-vie\/charte-dentente-de-13-or-de-vie\/","name":"Charte d'entente de 13 OR DE VIE - 13 OR DE VIE \u2013 Victimes des attentats","isPartOf":{"@id":"https:\/\/artherapievirtus.org\/vda\/#website"},"primaryImageOfPage":{"@id":"https:\/\/artherapievirtus.org\/vda\/pele-mele-de-13-or-de-vie\/charte-dentente-de-13-or-de-vie\/#primaryimage"},"datePublished":"2016-09-22T03:08:15+00:00","dateModified":"2017-02-01T06:12:56+00:00","breadcrumb":{"@id":"https:\/\/artherapievirtus.org\/vda\/pele-mele-de-13-or-de-vie\/charte-dentente-de-13-or-de-vie\/#breadcrumb"},"inLanguage":"fr-FR","potentialAction":[{"@type":"ReadAction","target":["https:\/\/artherapievirtus.org\/vda\/pele-mele-de-13-or-de-vie\/charte-dentente-de-13-or-de-vie\/"]}]},{"@type":"BreadcrumbList","@id":"https:\/\/artherapievirtus.org\/vda\/pele-mele-de-13-or-de-vie\/charte-dentente-de-13-or-de-vie\/#breadcrumb","itemListElement":[{"@type":"ListItem","position":1,"name":"Accueil","item":"https:\/\/artherapievirtus.org\/vda\/"},{"@type":"ListItem","position":2,"name":"P\u00eale-m\u00eale de 13 OR DE VIE","item":"https:\/\/artherapievirtus.org\/vda\/pele-mele-de-13-or-de-vie\/"},{"@type":"ListItem","position":3,"name":"Charte d&rsquo;entente de 13 OR DE VIE"}]}]}},"jetpack_sharing_enabled":true,"jetpack_likes_enabled":true,"_links":{"self":[{"href":"https:\/\/artherapievirtus.org\/vda\/wp-json\/wp\/v2\/pages\/3695"}],"collection":[{"href":"https:\/\/artherapievirtus.org\/vda\/wp-json\/wp\/v2\/pages"}],"about":[{"href":"https:\/\/artherapievirtus.org\/vda\/wp-json\/wp\/v2\/types\/page"}],"author":[{"embeddable":true,"href":"https:\/\/artherapievirtus.org\/vda\/wp-json\/wp\/v2\/users\/69"}],"replies":[{"embeddable":true,"href":"https:\/\/artherapievirtus.org\/vda\/wp-json\/wp\/v2\/comments?post=3695"}],"version-history":[{"count":18,"href":"https:\/\/artherapievirtus.org\/vda\/wp-json\/wp\/v2\/pages\/3695\/revisions"}],"predecessor-version":[{"id":6647,"href":"https:\/\/artherapievirtus.org\/vda\/wp-json\/wp\/v2\/pages\/3695\/revisions\/6647"}],"up":[{"embeddable":true,"href":"https:\/\/artherapievirtus.org\/vda\/wp-json\/wp\/v2\/pages\/3687"}],"wp:featuredmedia":[{"embeddable":true,"href":"https:\/\/artherapievirtus.org\/vda\/wp-json\/wp\/v2\/media\/6644"}],"wp:attachment":[{"href":"https:\/\/artherapievirtus.org\/vda\/wp-json\/wp\/v2\/media?parent=3695"}],"curies":[{"name":"wp","href":"https:\/\/api.w.org\/{rel}","templated":true}]}}