{"id":3687,"date":"2016-09-22T02:50:09","date_gmt":"2016-09-22T02:50:09","guid":{"rendered":"http:\/\/artherapievirtus.org\/vda\/?page_id=3687"},"modified":"2017-02-01T08:25:06","modified_gmt":"2017-02-01T06:25:06","slug":"pele-mele-de-13-or-de-vie","status":"publish","type":"page","link":"https:\/\/artherapievirtus.org\/vda\/pele-mele-de-13-or-de-vie\/","title":{"rendered":"P\u00eale-m\u00eale de 13 OR DE VIE"},"content":{"rendered":"<p><span style=\"color: #ffcc00;\"><strong>\u2022 <\/strong><\/span><a href=\"http:\/\/artherapievirtus.org\/vda\/pele-mele-de-13-or-de-vie\/audience-secretariat-etat-aide-victimes\/\" target=\"_blank\">Audience au secr\u00e9tariat d\u2019\u00c9tat \u00e0 l&rsquo;aide aux victimes \u2013 24 juin 2016<\/a><br \/>\n<span style=\"color: #ffffff;\">&#8212;&#8212;&#8212;&#8211;<\/span>\u2022 <a href=\"http:\/\/artherapievirtus.org\/vda\/table-ronde-consacree-aux-methodes-de-prise-charge-traumatismes-victimes-lurgence-duree\/\" target=\"_blank\">Table-ronde consacr\u00e9e aux \u00ab m\u00e9thodes de prise en charge des traumatismes des victimes, dans l\u2019urgence et dans la dur\u00e9e \u00bb \u2013 5 d\u00e9cembre 2017<\/a><br \/>\n<span style=\"color: #ffffff;\">&#8212;&#8212;&#8212;&#8211;<\/span>\u2022 <a href=\"http:\/\/artherapievirtus.org\/vda\/pele-mele-de-13-or-de-vie\/audience-secretariat-etat-aide-victimes\/civic-paris-conference-internationale-laide-aux-victimes-9-janvier-2017\/\" target=\"_blank\">CIVIC Paris \u2013 Conf\u00e9rence internationale pour l&rsquo;aide aux victimes \u2013 9 janvier 2017<\/a><br \/>\n<span style=\"color: #ffffff;\">&#8212;&#8212;&#8212;&#8211;<\/span>\u2022 <a href=\"http:\/\/artherapievirtus.org\/vda\/table-ronde-laccompagnement-psychologique-enfants-adolescents-victimes\/\" target=\"_blank\">Table-ronde sur l\u2019accompagnement psychologique des enfants et adolescents victimes \u2013 24 janvier 2017<\/a><\/p>\n<hr \/>\n<p><strong><span style=\"color: #ffcc00;\">\u2022<\/span> <\/strong><a href=\"http:\/\/artherapievirtus.org\/vda\/pele-mele-de-13-or-de-vie\/charte-dentente-de-13-or-de-vie\/\" target=\"_blank\">Charte d&rsquo;entente <\/a><span style=\"color: #993300;\">du projet 13 <img loading=\"lazy\" class=\"wp-image-3130 alignnone\" src=\"http:\/\/artherapievirtus.org\/vda\/wp-content\/uploads\/2016\/08\/O-brut-150x150.jpg\" alt=\"O brut\" width=\"20\" height=\"21\" srcset=\"https:\/\/artherapievirtus.org\/vda\/wp-content\/uploads\/2016\/08\/O-brut-150x150.jpg 150w, https:\/\/artherapievirtus.org\/vda\/wp-content\/uploads\/2016\/08\/O-brut-140x140.jpg 140w, https:\/\/artherapievirtus.org\/vda\/wp-content\/uploads\/2016\/08\/O-brut.jpg 152w\" sizes=\"(max-width: 20px) 100vw, 20px\" \/>r de vie<br \/>\n<strong><span style=\"color: #ffcc00;\">\u2022<\/span> <\/strong><a href=\"http:\/\/artherapievirtus.org\/vda\/pele-mele-de-13-or-de-vie\/code-deontologie-ffat\/\" target=\"_blank\">Code de d\u00e9ontologie de la f\u00e9d\u00e9ration fran\u00e7aise des art-th\u00e9rapeutes \u2013 FFAT<\/a><br \/>\n<strong><span style=\"color: #ffcc00;\">\u2022<\/span> <\/strong><a href=\"http:\/\/artherapievirtus.org\/vda\/pele-mele-de-13-or-de-vie\/financements-de-13-or-de-vie\/\" target=\"_blank\">Financements de 13 or de vie<\/a><\/span><\/p>\n<hr \/>\n<p><strong><span style=\"color: #ffcc00;\">\u2022<\/span> <\/strong><a href=\"http:\/\/artherapievirtus.org\/vda\/propositions-dateliers\/calendrier-ateliers-de-octobre-a-decembre\/\" target=\"_blank\">Calendrier des ateliers 2016<\/a><br \/>\n<strong><span style=\"color: #ffcc00;\">\u2022<\/span> <\/strong><a href=\"http:\/\/artherapievirtus.org\/vda\/atelier-issa-nyaphaga-15-octobre-2016\/\" target=\"_blank\">Atelier de Issa Nyaphaga \u2013 samedi 15 octobre 2016<\/a><br \/>\n<strong><span style=\"color: #ffcc00;\">\u2022<\/span> <\/strong><a href=\"http:\/\/artherapievirtus.org\/vda\/atelier-issa-nyaphaga-mercredi-19-octobre-2016\/\" target=\"_blank\">Atelier de Issa Nyaphaga \u2013 mercredi 19 octobre 2016<\/a><br \/>\n<strong><span style=\"color: #ffcc00;\">\u2022<\/span> <\/strong><a href=\"http:\/\/artherapievirtus.org\/vda\/atelier-patricia-padovani-mercredi-19-octobre-2016\/\" target=\"_blank\">Atelier de Patricia Padovani \u2013 mercredi 19 octobre 2016 \u2013\u00a0Danse th\u00e9rapie<\/a><br \/>\n<strong><span style=\"color: #ffcc00;\">\u2022<\/span> <\/strong><a href=\"http:\/\/artherapievirtus.org\/vda\/atelier-issa-nyaphaga-vendredi-21-octobre-2016\/\" target=\"_blank\">Atelier de Issa Nyaphaga \u2013 vendredi 21 octobre 2016<\/a><br \/>\n<strong><span style=\"color: #ffcc00;\">\u2022<\/span> <\/strong><a href=\"http:\/\/artherapievirtus.org\/vda\/atelier-de-claudia-cavicchia-dramatherapie-samedi-29-octobre-2016\/\" target=\"_blank\">Atelier de Claudia Cavicchia \u2013 samedi 29 octobre 2016 \u2013 Dramath\u00e9rapie<\/a><br \/>\n<strong><span style=\"color: #ffcc00;\">\u2022<\/span> <\/strong><a href=\"http:\/\/artherapievirtus.org\/vda\/atelier-danse-chant-2-novembre-2016\/\" target=\"_blank\">Ateliers de Patricia Padovani \u2013\u00a0mercredis 2 &amp; 9 novembre 2016 \u2013\u00a0Danse Mouvement Th\u00e9rapie &amp; chant<\/a><\/p>\n<hr \/>\n<p><strong>Fiches de r\u00e9flexion<\/strong><br \/>\n<span style=\"color: #ffcc00;\"><strong>\u2022 <\/strong><\/span><a href=\"http:\/\/artherapievirtus.org\/vda\/pele-mele-de-13-or-de-vie\/apres-10-seances\/\" target=\"_blank\">\u00ab Apr\u00e8s les 10 s\u00e9ances \u00bb<\/a><br \/>\n<span style=\"color: #ffcc00;\"><strong>\u2022 <\/strong><\/span><a href=\"http:\/\/artherapievirtus.org\/vda\/pele-mele-de-13-or-de-vie\/victimologie\/\" target=\"_blank\">Victimologie<\/a><br \/>\n<span style=\"color: #ffcc00;\"><strong>\u2022 <\/strong><\/span><a href=\"http:\/\/artherapievirtus.org\/vda\/pele-mele-de-13-or-de-vie\/transfert-contre-transfert-art-therapie\/\" target=\"_blank\">Transfert et contre-transfert en Art-Th\u00e9rapie<\/a><br \/>\n<span style=\"color: #ffcc00;\"><strong>\u2022 <\/strong><\/span><a href=\"http:\/\/artherapievirtus.org\/vda\/pele-mele-de-13-or-de-vie\/objectif-de-nos-ateliers\/\" target=\"_blank\">Objectifs de nos ateliers<\/a><\/p>\n<hr \/>\n<p><span style=\"color: #ffcc00;\"><strong>\u2022 <\/strong><\/span><a href=\"http:\/\/artherapievirtus.org\/vda\/comptes-rendus-reunions-13-novembre\/\" target=\"_blank\">Comptes-rendus des r\u00e9unions de 13 OR DE VIE \u00e0 la maison des associations de Clichy la Garenne<\/a><a href=\"http:\/\/artherapievirtus.org\/vda\/bibliographie\/\" target=\"_blank\"><br \/>\n<span style=\"color: #ffcc00;\"><strong>\u2022 <\/strong><\/span>Bibliographie sur le trauma<\/a><\/p>\n<hr \/>\n<p><span style=\"color: #ffcc00;\"><strong>\u2022 <\/strong><\/span><a href=\"http:\/\/artherapievirtus.org\/vda\/description-de-postes\/\" target=\"_blank\">Descriptions de postes<\/a><\/p>\n<div class=\"sharedaddy sd-sharing-enabled\"><div class=\"robots-nocontent sd-block sd-social sd-social-official sd-sharing\"><h3 class=\"sd-title\">Partager\u00a0:<\/h3><div class=\"sd-content\"><ul><li class=\"share-facebook\"><div class=\"fb-share-button\" data-href=\"https:\/\/artherapievirtus.org\/vda\/pele-mele-de-13-or-de-vie\/\" data-layout=\"button_count\"><\/div><\/li><li class=\"share-twitter\"><a href=\"https:\/\/twitter.com\/share\" class=\"twitter-share-button\" data-url=\"https:\/\/artherapievirtus.org\/vda\/pele-mele-de-13-or-de-vie\/\" data-text=\"P\u00eale-m\u00eale de 13 OR DE VIE\"  >Tweet<\/a><\/li><li class=\"share-linkedin\"><div class=\"linkedin_button\"><script type=\"in\/share\" data-url=\"https:\/\/artherapievirtus.org\/vda\/pele-mele-de-13-or-de-vie\/\" data-counter=\"right\"><\/script><\/div><\/li><li><a href=\"#\" class=\"sharing-anchor sd-button share-more\"><span>Plus<\/span><\/a><\/li><li class=\"share-end\"><\/li><\/ul><div class=\"sharing-hidden\"><div class=\"inner\" style=\"display: none;\"><ul><li class=\"share-print\"><a rel=\"nofollow noopener noreferrer\" data-shared=\"\" class=\"share-print sd-button\" href=\"https:\/\/artherapievirtus.org\/vda\/pele-mele-de-13-or-de-vie\/\" target=\"_blank\" title=\"Cliquer pour imprimer\"><span>Imprimer<\/span><\/a><\/li><li class=\"share-email\"><a rel=\"nofollow noopener noreferrer\" data-shared=\"\" class=\"share-email sd-button\" href=\"https:\/\/artherapievirtus.org\/vda\/pele-mele-de-13-or-de-vie\/?share=email\" target=\"_blank\" title=\"Cliquez pour envoyer par e-mail \u00e0 un ami\"><span>E-mail<\/span><\/a><\/li><li class=\"share-end\"><\/li><li class=\"share-end\"><\/li><\/ul><\/div><\/div><\/div><\/div><\/div>","protected":false},"excerpt":{"rendered":"<p>\u2022 Audience au secr\u00e9tariat d\u2019\u00c9tat \u00e0 l&rsquo;aide aux victimes \u2013 24 juin 2016 &#8212;&#8212;&#8212;&#8211;\u2022 Table-ronde consacr\u00e9e aux \u00ab m\u00e9thodes de prise en charge des traumatismes des victimes, dans l\u2019urgence et dans la dur\u00e9e \u00bb \u2013 5 d\u00e9cembre 2017 &#8212;&#8212;&#8212;&#8211;\u2022 CIVIC Paris \u2013 Conf\u00e9rence internationale pour l&rsquo;aide aux victimes \u2013 9 janvier 2017 &#8212;&#8212;&#8212;&#8211;\u2022 Table-ronde sur&hellip; <\/p>\n<p class=\"toivo-read-more\"><a href=\"https:\/\/artherapievirtus.org\/vda\/pele-mele-de-13-or-de-vie\/\" class=\"more-link\">Lire la suite <span class=\"screen-reader-text\">de<\/span> <span class=\"screen-reader-text\">P\u00eale-m\u00eale de 13 OR DE VIE<\/span><\/a><\/p>\n<div class=\"sharedaddy sd-sharing-enabled\"><div class=\"robots-nocontent sd-block sd-social sd-social-official sd-sharing\"><h3 class=\"sd-title\">Partager\u00a0:<\/h3><div class=\"sd-content\"><ul><li class=\"share-facebook\"><div class=\"fb-share-button\" data-href=\"https:\/\/artherapievirtus.org\/vda\/pele-mele-de-13-or-de-vie\/\" data-layout=\"button_count\"><\/div><\/li><li class=\"share-twitter\"><a href=\"https:\/\/twitter.com\/share\" class=\"twitter-share-button\" data-url=\"https:\/\/artherapievirtus.org\/vda\/pele-mele-de-13-or-de-vie\/\" data-text=\"P\u00eale-m\u00eale de 13 OR DE VIE\"  >Tweet<\/a><\/li><li class=\"share-linkedin\"><div class=\"linkedin_button\"><script type=\"in\/share\" data-url=\"https:\/\/artherapievirtus.org\/vda\/pele-mele-de-13-or-de-vie\/\" data-counter=\"right\"><\/script><\/div><\/li><li><a href=\"#\" class=\"sharing-anchor sd-button share-more\"><span>Plus<\/span><\/a><\/li><li class=\"share-end\"><\/li><\/ul><div class=\"sharing-hidden\"><div class=\"inner\" style=\"display: none;\"><ul><li class=\"share-print\"><a rel=\"nofollow noopener noreferrer\" data-shared=\"\" class=\"share-print sd-button\" href=\"https:\/\/artherapievirtus.org\/vda\/pele-mele-de-13-or-de-vie\/\" target=\"_blank\" title=\"Cliquer pour imprimer\"><span>Imprimer<\/span><\/a><\/li><li class=\"share-email\"><a rel=\"nofollow noopener noreferrer\" data-shared=\"\" class=\"share-email sd-button\" href=\"https:\/\/artherapievirtus.org\/vda\/pele-mele-de-13-or-de-vie\/?share=email\" target=\"_blank\" title=\"Cliquez pour envoyer par e-mail \u00e0 un ami\"><span>E-mail<\/span><\/a><\/li><li class=\"share-end\"><\/li><li class=\"share-end\"><\/li><\/ul><\/div><\/div><\/div><\/div><\/div>","protected":false},"author":2,"featured_media":0,"parent":0,"menu_order":0,"comment_status":"closed","ping_status":"closed","template":"","meta":{"spay_email":""},"yoast_head":"<!-- This site is optimized with the Yoast SEO plugin v17.2.1 - https:\/\/yoast.com\/wordpress\/plugins\/seo\/ -->\n<title>P\u00eale-m\u00eale de 13 OR DE VIE - 13 OR DE VIE \u2013 Victimes des attentats<\/title>\n<meta name=\"robots\" content=\"index, follow, max-snippet:-1, max-image-preview:large, max-video-preview:-1\" \/>\n<link rel=\"canonical\" href=\"https:\/\/artherapievirtus.org\/vda\/pele-mele-de-13-or-de-vie\/\" \/>\n<meta property=\"og:locale\" content=\"fr_FR\" \/>\n<meta property=\"og:type\" content=\"article\" \/>\n<meta property=\"og:title\" content=\"P\u00eale-m\u00eale de 13 OR DE VIE - 13 OR DE VIE \u2013 Victimes des attentats\" \/>\n<meta property=\"og:description\" content=\"\u2022 Audience au secr\u00e9tariat d\u2019\u00c9tat \u00e0 l&rsquo;aide aux victimes \u2013 24 juin 2016 &#8212;&#8212;&#8212;&#8211;\u2022 Table-ronde consacr\u00e9e aux \u00ab m\u00e9thodes de prise en charge des traumatismes des victimes, dans l\u2019urgence et dans la dur\u00e9e \u00bb \u2013 5 d\u00e9cembre 2017 &#8212;&#8212;&#8212;&#8211;\u2022 CIVIC Paris \u2013 Conf\u00e9rence internationale pour l&rsquo;aide aux victimes \u2013 9 janvier 2017 &#8212;&#8212;&#8212;&#8211;\u2022 Table-ronde sur&hellip; Lire la suite de P\u00eale-m\u00eale de 13 OR DE VIE\" \/>\n<meta property=\"og:url\" content=\"https:\/\/artherapievirtus.org\/vda\/pele-mele-de-13-or-de-vie\/\" \/>\n<meta property=\"og:site_name\" content=\"13 OR DE VIE \u2013 Victimes des attentats\" \/>\n<meta property=\"article:publisher\" content=\"https:\/\/www.facebook.com\/artherapievirtus.org\/\" \/>\n<meta property=\"article:modified_time\" content=\"2017-02-01T06:25:06+00:00\" \/>\n<meta property=\"og:image\" content=\"http:\/\/artherapievirtus.org\/vda\/wp-content\/uploads\/2016\/08\/O-brut-150x150.jpg\" \/>\n<meta name=\"twitter:card\" content=\"summary\" \/>\n<meta name=\"twitter:site\" content=\"@artherapie75\" \/>\n<meta name=\"twitter:label1\" content=\"Dur\u00e9e de lecture estim\u00e9e\" \/>\n\t<meta name=\"twitter:data1\" content=\"1 minute\" \/>\n<script type=\"application\/ld+json\" class=\"yoast-schema-graph\">{\"@context\":\"https:\/\/schema.org\",\"@graph\":[{\"@type\":\"WebSite\",\"@id\":\"https:\/\/artherapievirtus.org\/vda\/#website\",\"url\":\"https:\/\/artherapievirtus.org\/vda\/\",\"name\":\"13 OR DE VIE \\u2013 Victimes des attentats\",\"description\":\"Ce blogue  13 OR DE VIE est un outil collaboratif pour les ateliers d\\u2019Art-Th\\u00e9rapie  \\u00e0 l\\u2019intention des victimes du terrorisme\",\"potentialAction\":[{\"@type\":\"SearchAction\",\"target\":{\"@type\":\"EntryPoint\",\"urlTemplate\":\"https:\/\/artherapievirtus.org\/vda\/?s={search_term_string}\"},\"query-input\":\"required name=search_term_string\"}],\"inLanguage\":\"fr-FR\"},{\"@type\":\"ImageObject\",\"@id\":\"https:\/\/artherapievirtus.org\/vda\/pele-mele-de-13-or-de-vie\/#primaryimage\",\"inLanguage\":\"fr-FR\",\"url\":\"http:\/\/artherapievirtus.org\/vda\/wp-content\/uploads\/2016\/08\/O-brut-150x150.jpg\",\"contentUrl\":\"http:\/\/artherapievirtus.org\/vda\/wp-content\/uploads\/2016\/08\/O-brut-150x150.jpg\"},{\"@type\":\"WebPage\",\"@id\":\"https:\/\/artherapievirtus.org\/vda\/pele-mele-de-13-or-de-vie\/#webpage\",\"url\":\"https:\/\/artherapievirtus.org\/vda\/pele-mele-de-13-or-de-vie\/\",\"name\":\"P\\u00eale-m\\u00eale de 13 OR DE VIE - 13 OR DE VIE \\u2013 Victimes des attentats\",\"isPartOf\":{\"@id\":\"https:\/\/artherapievirtus.org\/vda\/#website\"},\"primaryImageOfPage\":{\"@id\":\"https:\/\/artherapievirtus.org\/vda\/pele-mele-de-13-or-de-vie\/#primaryimage\"},\"datePublished\":\"2016-09-22T02:50:09+00:00\",\"dateModified\":\"2017-02-01T06:25:06+00:00\",\"breadcrumb\":{\"@id\":\"https:\/\/artherapievirtus.org\/vda\/pele-mele-de-13-or-de-vie\/#breadcrumb\"},\"inLanguage\":\"fr-FR\",\"potentialAction\":[{\"@type\":\"ReadAction\",\"target\":[\"https:\/\/artherapievirtus.org\/vda\/pele-mele-de-13-or-de-vie\/\"]}]},{\"@type\":\"BreadcrumbList\",\"@id\":\"https:\/\/artherapievirtus.org\/vda\/pele-mele-de-13-or-de-vie\/#breadcrumb\",\"itemListElement\":[{\"@type\":\"ListItem\",\"position\":1,\"name\":\"Accueil\",\"item\":\"https:\/\/artherapievirtus.org\/vda\/\"},{\"@type\":\"ListItem\",\"position\":2,\"name\":\"P\\u00eale-m\\u00eale de 13 OR DE VIE\"}]}]}<\/script>\n<!-- \/ Yoast SEO plugin. -->","yoast_head_json":{"title":"P\u00eale-m\u00eale de 13 OR DE VIE - 13 OR DE VIE \u2013 Victimes des attentats","robots":{"index":"index","follow":"follow","max-snippet":"max-snippet:-1","max-image-preview":"max-image-preview:large","max-video-preview":"max-video-preview:-1"},"canonical":"https:\/\/artherapievirtus.org\/vda\/pele-mele-de-13-or-de-vie\/","og_locale":"fr_FR","og_type":"article","og_title":"P\u00eale-m\u00eale de 13 OR DE VIE - 13 OR DE VIE \u2013 Victimes des attentats","og_description":"\u2022 Audience au secr\u00e9tariat d\u2019\u00c9tat \u00e0 l&rsquo;aide aux victimes \u2013 24 juin 2016 &#8212;&#8212;&#8212;&#8211;\u2022 Table-ronde consacr\u00e9e aux \u00ab m\u00e9thodes de prise en charge des traumatismes des victimes, dans l\u2019urgence et dans la dur\u00e9e \u00bb \u2013 5 d\u00e9cembre 2017 &#8212;&#8212;&#8212;&#8211;\u2022 CIVIC Paris \u2013 Conf\u00e9rence internationale pour l&rsquo;aide aux victimes \u2013 9 janvier 2017 &#8212;&#8212;&#8212;&#8211;\u2022 Table-ronde sur&hellip; Lire la suite de P\u00eale-m\u00eale de 13 OR DE VIE","og_url":"https:\/\/artherapievirtus.org\/vda\/pele-mele-de-13-or-de-vie\/","og_site_name":"13 OR DE VIE \u2013 Victimes des attentats","article_publisher":"https:\/\/www.facebook.com\/artherapievirtus.org\/","article_modified_time":"2017-02-01T06:25:06+00:00","og_image":[{"url":"http:\/\/artherapievirtus.org\/vda\/wp-content\/uploads\/2016\/08\/O-brut-150x150.jpg"}],"twitter_card":"summary","twitter_site":"@artherapie75","twitter_misc":{"Dur\u00e9e de lecture estim\u00e9e":"1 minute"},"schema":{"@context":"https:\/\/schema.org","@graph":[{"@type":"WebSite","@id":"https:\/\/artherapievirtus.org\/vda\/#website","url":"https:\/\/artherapievirtus.org\/vda\/","name":"13 OR DE VIE \u2013 Victimes des attentats","description":"Ce blogue  13 OR DE VIE est un outil collaboratif pour les ateliers d\u2019Art-Th\u00e9rapie  \u00e0 l\u2019intention des victimes du terrorisme","potentialAction":[{"@type":"SearchAction","target":{"@type":"EntryPoint","urlTemplate":"https:\/\/artherapievirtus.org\/vda\/?s={search_term_string}"},"query-input":"required name=search_term_string"}],"inLanguage":"fr-FR"},{"@type":"ImageObject","@id":"https:\/\/artherapievirtus.org\/vda\/pele-mele-de-13-or-de-vie\/#primaryimage","inLanguage":"fr-FR","url":"http:\/\/artherapievirtus.org\/vda\/wp-content\/uploads\/2016\/08\/O-brut-150x150.jpg","contentUrl":"http:\/\/artherapievirtus.org\/vda\/wp-content\/uploads\/2016\/08\/O-brut-150x150.jpg"},{"@type":"WebPage","@id":"https:\/\/artherapievirtus.org\/vda\/pele-mele-de-13-or-de-vie\/#webpage","url":"https:\/\/artherapievirtus.org\/vda\/pele-mele-de-13-or-de-vie\/","name":"P\u00eale-m\u00eale de 13 OR DE VIE - 13 OR DE VIE \u2013 Victimes des attentats","isPartOf":{"@id":"https:\/\/artherapievirtus.org\/vda\/#website"},"primaryImageOfPage":{"@id":"https:\/\/artherapievirtus.org\/vda\/pele-mele-de-13-or-de-vie\/#primaryimage"},"datePublished":"2016-09-22T02:50:09+00:00","dateModified":"2017-02-01T06:25:06+00:00","breadcrumb":{"@id":"https:\/\/artherapievirtus.org\/vda\/pele-mele-de-13-or-de-vie\/#breadcrumb"},"inLanguage":"fr-FR","potentialAction":[{"@type":"ReadAction","target":["https:\/\/artherapievirtus.org\/vda\/pele-mele-de-13-or-de-vie\/"]}]},{"@type":"BreadcrumbList","@id":"https:\/\/artherapievirtus.org\/vda\/pele-mele-de-13-or-de-vie\/#breadcrumb","itemListElement":[{"@type":"ListItem","position":1,"name":"Accueil","item":"https:\/\/artherapievirtus.org\/vda\/"},{"@type":"ListItem","position":2,"name":"P\u00eale-m\u00eale de 13 OR DE VIE"}]}]}},"jetpack_sharing_enabled":true,"jetpack_likes_enabled":true,"_links":{"self":[{"href":"https:\/\/artherapievirtus.org\/vda\/wp-json\/wp\/v2\/pages\/3687"}],"collection":[{"href":"https:\/\/artherapievirtus.org\/vda\/wp-json\/wp\/v2\/pages"}],"about":[{"href":"https:\/\/artherapievirtus.org\/vda\/wp-json\/wp\/v2\/types\/page"}],"author":[{"embeddable":true,"href":"https:\/\/artherapievirtus.org\/vda\/wp-json\/wp\/v2\/users\/2"}],"replies":[{"embeddable":true,"href":"https:\/\/artherapievirtus.org\/vda\/wp-json\/wp\/v2\/comments?post=3687"}],"version-history":[{"count":46,"href":"https:\/\/artherapievirtus.org\/vda\/wp-json\/wp\/v2\/pages\/3687\/revisions"}],"predecessor-version":[{"id":6650,"href":"https:\/\/artherapievirtus.org\/vda\/wp-json\/wp\/v2\/pages\/3687\/revisions\/6650"}],"wp:attachment":[{"href":"https:\/\/artherapievirtus.org\/vda\/wp-json\/wp\/v2\/media?parent=3687"}],"curies":[{"name":"wp","href":"https:\/\/api.w.org\/{rel}","templated":true}]}}