{"id":3221,"date":"2016-08-29T07:24:09","date_gmt":"2016-08-29T07:24:09","guid":{"rendered":"http:\/\/artherapievirtus.org\/vda\/?page_id=3221"},"modified":"2017-01-21T08:04:17","modified_gmt":"2017-01-21T06:04:17","slug":"financements-de-13-or-de-vie","status":"publish","type":"page","link":"https:\/\/artherapievirtus.org\/vda\/pele-mele-de-13-or-de-vie\/financements-de-13-or-de-vie\/","title":{"rendered":"Financements de 13 or de vie"},"content":{"rendered":"<h5><a href=\"http:\/\/www.fondationdefrance.org\/ensemble-face-au-terrorisme-giveforfrance\" target=\"_blank\">Fondation de France \u2013 Ensemble face au terrorisme \u2013 GiveForFrance<\/a><\/h5>\n<p><a href=\"http:\/\/www.fondationdefrance.org\/ensemble-face-au-terrorisme-giveforfrance\" target=\"_blank\"><img loading=\"lazy\" class=\"alignleft wp-image-3478 size-thumbnail\" src=\"http:\/\/artherapievirtus.org\/vda\/wp-content\/uploads\/2016\/09\/Projet-soutenu-par-la-Fondation-de-France-150x150.jpg\" alt=\"projet-soutenu-par-la-fondation-de-france\" width=\"150\" height=\"150\" srcset=\"https:\/\/artherapievirtus.org\/vda\/wp-content\/uploads\/2016\/09\/Projet-soutenu-par-la-Fondation-de-France-150x150.jpg 150w, https:\/\/artherapievirtus.org\/vda\/wp-content\/uploads\/2016\/09\/Projet-soutenu-par-la-Fondation-de-France-300x300.jpg 300w, https:\/\/artherapievirtus.org\/vda\/wp-content\/uploads\/2016\/09\/Projet-soutenu-par-la-Fondation-de-France-140x140.jpg 140w\" sizes=\"(max-width: 150px) 100vw, 150px\" \/><\/a><strong>Un fonds sp\u00e9cial pour aider les victimes des attentats du 13 novembre 2015 et pr\u00e9venir le terrorisme.<\/strong><br \/>\nApr\u00e8s les attentats du 13 novembre 2015 \u00e0 Paris, la Fondation de France a ouvert un fonds d\u00e9di\u00e9 Ensemble face au terrorisme &#8211; GiveForFrance pour venir en aide aux victimes des attentats de Paris, et mettre en place des actions visant \u00e0 pr\u00e9venir le terrorisme.<br \/>\nIl r\u00e9pond \u00e0 la demande de nombreux donateurs fran\u00e7ais et \u00e9trangers, am\u00e9ricains notamment, qui ont manifest\u00e9, via notre fondation am\u00e9ricaine \u00ab Friends of Fondation de France \u00bb, leur souhait de venir en aide aux victimes des attentats. La Fondation de France remercie tous ses donateurs pour leur solidarit\u00e9 et cet \u00e9lan de g\u00e9n\u00e9rosit\u00e9.<br \/>\nLe fonds a pour objet de couvrir les besoins d\u2019aide et d\u2019assistance des familles des victimes et des survivants de l\u2019attaque du 13 novembre 2015 \u00e0 Paris. Il permettra \u00e9galement de financer des actions de pr\u00e9vention contre la radicalisation des jeunes, notamment par l\u2019\u00e9ducation.<br \/>\nToutes les actions que nous menons \u00e0 la Fondation de France s\u2019inscrivent dans cette volont\u00e9 de retisser du lien social, de cr\u00e9er de nouvelles formes de solidarit\u00e9 dans une soci\u00e9t\u00e9 fond\u00e9e sur le respect de l\u2019autre, la tol\u00e9rance et la libert\u00e9.<\/p>\n<hr \/>\n<p><a href=\"https:\/\/hautsdeseine.microdon.org\/\" target=\"_blank\"><img loading=\"lazy\" class=\"alignleft size-medium wp-image-2882\" src=\"http:\/\/artherapievirtus.org\/vda\/wp-content\/uploads\/2016\/08\/logoMicrodon-300x80.png\" alt=\"logoMicrodon\" width=\"300\" height=\"80\" srcset=\"https:\/\/artherapievirtus.org\/vda\/wp-content\/uploads\/2016\/08\/logoMicrodon-300x80.png 300w, https:\/\/artherapievirtus.org\/vda\/wp-content\/uploads\/2016\/08\/logoMicrodon.png 376w\" sizes=\"(max-width: 300px) 100vw, 300px\" \/><\/a><br \/>\n<span style=\"color: #339966;\"><strong>2<sup>\u00e8me <\/sup>\u00e9dition de l&rsquo;op\u00e9ration 92<\/strong><\/span><\/p>\n<h5><span style=\"color: #993300;\">Les vendredi 9, samedi 10 et dimanche 11 d\u00e9cembre 2016<\/span><\/h5>\n<p>s&rsquo;est tenue la 2<sup>\u00e8me\u00a0<\/sup>\u00e9dition de l\u2019op\u00e9ration carte microDON 92\u00a0organis\u00e9e par l\u2019entreprise solidaire microDON en partenariat avec Monoprix, Franprix ainsi que Passerelles &amp; Comp\u00e9tences !<\/p>\n<p><img loading=\"lazy\" class=\"alignleft wp-image-3225 size-thumbnail\" src=\"http:\/\/artherapievirtus.org\/vda\/wp-content\/uploads\/2016\/08\/Bernadette-Santos-150x150.jpg\" alt=\"Bernadette Santos\" width=\"150\" height=\"150\" srcset=\"https:\/\/artherapievirtus.org\/vda\/wp-content\/uploads\/2016\/08\/Bernadette-Santos-150x150.jpg 150w, https:\/\/artherapievirtus.org\/vda\/wp-content\/uploads\/2016\/08\/Bernadette-Santos-300x300.jpg 300w, https:\/\/artherapievirtus.org\/vda\/wp-content\/uploads\/2016\/08\/Bernadette-Santos-140x140.jpg 140w, https:\/\/artherapievirtus.org\/vda\/wp-content\/uploads\/2016\/08\/Bernadette-Santos.jpg 400w\" sizes=\"(max-width: 150px) 100vw, 150px\" \/>La personne b\u00e9n\u00e9vole de l&rsquo;association Art Th\u00e9rapie Virtus qui s&rsquo;en occupe est Bernadette Santos &lt;adesias7@yahoo.com&gt;<br \/>\n<img loading=\"lazy\" class=\"aligncenter size-full wp-image-6463\" src=\"http:\/\/artherapievirtus.org\/vda\/wp-content\/uploads\/2016\/11\/Remise-du-che\u0300que-2805\u20ac-p.jpg\" alt=\"\" width=\"425\" height=\"270\" \/>Nous remercions chaleureusement les Clichois qui ont donn\u00e9 2805 \u20ac en pi\u00e8ces de 2\u20ac<\/p>\n<hr \/>\n<p><img loading=\"lazy\" class=\"aligncenter size-full wp-image-3806\" src=\"http:\/\/artherapievirtus.org\/vda\/wp-content\/uploads\/2016\/08\/bouton-faire-un-don.png\" alt=\"bouton-faire-un-don\" width=\"305\" height=\"188\" \/><a href=\"https:\/\/www.helloasso.com\/utilisateurs\/cesari-emmanuelle\/collectes\/13-or-de-vie\" target=\"_blank\"><img loading=\"lazy\" class=\"aligncenter size-medium wp-image-6273\" src=\"http:\/\/artherapievirtus.org\/vda\/wp-content\/uploads\/2016\/05\/Faire-un-don-202x300.jpg\" alt=\"\" width=\"202\" height=\"300\" srcset=\"https:\/\/artherapievirtus.org\/vda\/wp-content\/uploads\/2016\/05\/Faire-un-don-202x300.jpg 202w, https:\/\/artherapievirtus.org\/vda\/wp-content\/uploads\/2016\/05\/Faire-un-don.jpg 224w\" sizes=\"(max-width: 202px) 100vw, 202px\" \/><\/a><\/p>\n<div class=\"sharedaddy sd-sharing-enabled\"><div class=\"robots-nocontent sd-block sd-social sd-social-official sd-sharing\"><h3 class=\"sd-title\">Partager\u00a0:<\/h3><div class=\"sd-content\"><ul><li class=\"share-facebook\"><div class=\"fb-share-button\" data-href=\"https:\/\/artherapievirtus.org\/vda\/pele-mele-de-13-or-de-vie\/financements-de-13-or-de-vie\/\" data-layout=\"button_count\"><\/div><\/li><li class=\"share-twitter\"><a href=\"https:\/\/twitter.com\/share\" class=\"twitter-share-button\" data-url=\"https:\/\/artherapievirtus.org\/vda\/pele-mele-de-13-or-de-vie\/financements-de-13-or-de-vie\/\" data-text=\"Financements de 13 or de vie\"  >Tweet<\/a><\/li><li class=\"share-linkedin\"><div class=\"linkedin_button\"><script type=\"in\/share\" data-url=\"https:\/\/artherapievirtus.org\/vda\/pele-mele-de-13-or-de-vie\/financements-de-13-or-de-vie\/\" data-counter=\"right\"><\/script><\/div><\/li><li><a href=\"#\" class=\"sharing-anchor sd-button share-more\"><span>Plus<\/span><\/a><\/li><li class=\"share-end\"><\/li><\/ul><div class=\"sharing-hidden\"><div class=\"inner\" style=\"display: none;\"><ul><li class=\"share-print\"><a rel=\"nofollow noopener noreferrer\" data-shared=\"\" class=\"share-print sd-button\" href=\"https:\/\/artherapievirtus.org\/vda\/pele-mele-de-13-or-de-vie\/financements-de-13-or-de-vie\/\" target=\"_blank\" title=\"Cliquer pour imprimer\"><span>Imprimer<\/span><\/a><\/li><li class=\"share-email\"><a rel=\"nofollow noopener noreferrer\" data-shared=\"\" class=\"share-email sd-button\" href=\"https:\/\/artherapievirtus.org\/vda\/pele-mele-de-13-or-de-vie\/financements-de-13-or-de-vie\/?share=email\" target=\"_blank\" title=\"Cliquez pour envoyer par e-mail \u00e0 un ami\"><span>E-mail<\/span><\/a><\/li><li class=\"share-end\"><\/li><li class=\"share-end\"><\/li><\/ul><\/div><\/div><\/div><\/div><\/div>","protected":false},"excerpt":{"rendered":"<p>Fondation de France \u2013 Ensemble face au terrorisme \u2013 GiveForFrance Un fonds sp\u00e9cial pour aider les victimes des attentats du 13 novembre 2015 et pr\u00e9venir le terrorisme. Apr\u00e8s les attentats du 13 novembre 2015 \u00e0 Paris, la Fondation de France a ouvert un fonds d\u00e9di\u00e9 Ensemble face au terrorisme &#8211; GiveForFrance pour venir en aide&hellip; <\/p>\n<p class=\"toivo-read-more\"><a href=\"https:\/\/artherapievirtus.org\/vda\/pele-mele-de-13-or-de-vie\/financements-de-13-or-de-vie\/\" class=\"more-link\">Lire la suite <span class=\"screen-reader-text\">de<\/span> <span class=\"screen-reader-text\">Financements de 13 or de vie<\/span><\/a><\/p>\n<div class=\"sharedaddy sd-sharing-enabled\"><div class=\"robots-nocontent sd-block sd-social sd-social-official sd-sharing\"><h3 class=\"sd-title\">Partager\u00a0:<\/h3><div class=\"sd-content\"><ul><li class=\"share-facebook\"><div class=\"fb-share-button\" data-href=\"https:\/\/artherapievirtus.org\/vda\/pele-mele-de-13-or-de-vie\/financements-de-13-or-de-vie\/\" data-layout=\"button_count\"><\/div><\/li><li class=\"share-twitter\"><a href=\"https:\/\/twitter.com\/share\" class=\"twitter-share-button\" data-url=\"https:\/\/artherapievirtus.org\/vda\/pele-mele-de-13-or-de-vie\/financements-de-13-or-de-vie\/\" data-text=\"Financements de 13 or de vie\"  >Tweet<\/a><\/li><li class=\"share-linkedin\"><div class=\"linkedin_button\"><script type=\"in\/share\" data-url=\"https:\/\/artherapievirtus.org\/vda\/pele-mele-de-13-or-de-vie\/financements-de-13-or-de-vie\/\" data-counter=\"right\"><\/script><\/div><\/li><li><a href=\"#\" class=\"sharing-anchor sd-button share-more\"><span>Plus<\/span><\/a><\/li><li class=\"share-end\"><\/li><\/ul><div class=\"sharing-hidden\"><div class=\"inner\" style=\"display: none;\"><ul><li class=\"share-print\"><a rel=\"nofollow noopener noreferrer\" data-shared=\"\" class=\"share-print sd-button\" href=\"https:\/\/artherapievirtus.org\/vda\/pele-mele-de-13-or-de-vie\/financements-de-13-or-de-vie\/\" target=\"_blank\" title=\"Cliquer pour imprimer\"><span>Imprimer<\/span><\/a><\/li><li class=\"share-email\"><a rel=\"nofollow noopener noreferrer\" data-shared=\"\" class=\"share-email sd-button\" href=\"https:\/\/artherapievirtus.org\/vda\/pele-mele-de-13-or-de-vie\/financements-de-13-or-de-vie\/?share=email\" target=\"_blank\" title=\"Cliquez pour envoyer par e-mail \u00e0 un ami\"><span>E-mail<\/span><\/a><\/li><li class=\"share-end\"><\/li><li class=\"share-end\"><\/li><\/ul><\/div><\/div><\/div><\/div><\/div>","protected":false},"author":3,"featured_media":0,"parent":3687,"menu_order":6,"comment_status":"closed","ping_status":"closed","template":"","meta":{"spay_email":""},"yoast_head":"<!-- This site is optimized with the Yoast SEO plugin v17.2.1 - https:\/\/yoast.com\/wordpress\/plugins\/seo\/ -->\n<title>Financements de 13 or de vie - 13 OR DE VIE \u2013 Victimes des attentats<\/title>\n<meta name=\"robots\" content=\"index, follow, max-snippet:-1, max-image-preview:large, max-video-preview:-1\" \/>\n<link rel=\"canonical\" href=\"https:\/\/artherapievirtus.org\/vda\/pele-mele-de-13-or-de-vie\/financements-de-13-or-de-vie\/\" \/>\n<meta property=\"og:locale\" content=\"fr_FR\" \/>\n<meta property=\"og:type\" content=\"article\" \/>\n<meta property=\"og:title\" content=\"Financements de 13 or de vie - 13 OR DE VIE \u2013 Victimes des attentats\" \/>\n<meta property=\"og:description\" content=\"Fondation de France \u2013 Ensemble face au terrorisme \u2013 GiveForFrance Un fonds sp\u00e9cial pour aider les victimes des attentats du 13 novembre 2015 et pr\u00e9venir le terrorisme. Apr\u00e8s les attentats du 13 novembre 2015 \u00e0 Paris, la Fondation de France a ouvert un fonds d\u00e9di\u00e9 Ensemble face au terrorisme &#8211; GiveForFrance pour venir en aide&hellip; Lire la suite de Financements de 13 or de vie\" \/>\n<meta property=\"og:url\" content=\"https:\/\/artherapievirtus.org\/vda\/pele-mele-de-13-or-de-vie\/financements-de-13-or-de-vie\/\" \/>\n<meta property=\"og:site_name\" content=\"13 OR DE VIE \u2013 Victimes des attentats\" \/>\n<meta property=\"article:publisher\" content=\"https:\/\/www.facebook.com\/artherapievirtus.org\/\" \/>\n<meta property=\"article:modified_time\" content=\"2017-01-21T06:04:17+00:00\" \/>\n<meta property=\"og:image\" content=\"http:\/\/artherapievirtus.org\/vda\/wp-content\/uploads\/2016\/09\/Projet-soutenu-par-la-Fondation-de-France-150x150.jpg\" \/>\n<meta name=\"twitter:card\" content=\"summary\" \/>\n<meta name=\"twitter:site\" content=\"@artherapie75\" \/>\n<meta name=\"twitter:label1\" content=\"Dur\u00e9e de lecture estim\u00e9e\" \/>\n\t<meta name=\"twitter:data1\" content=\"1 minute\" \/>\n<script type=\"application\/ld+json\" class=\"yoast-schema-graph\">{\"@context\":\"https:\/\/schema.org\",\"@graph\":[{\"@type\":\"WebSite\",\"@id\":\"https:\/\/artherapievirtus.org\/vda\/#website\",\"url\":\"https:\/\/artherapievirtus.org\/vda\/\",\"name\":\"13 OR DE VIE \\u2013 Victimes des attentats\",\"description\":\"Ce blogue  13 OR DE VIE est un outil collaboratif pour les ateliers d\\u2019Art-Th\\u00e9rapie  \\u00e0 l\\u2019intention des victimes du terrorisme\",\"potentialAction\":[{\"@type\":\"SearchAction\",\"target\":{\"@type\":\"EntryPoint\",\"urlTemplate\":\"https:\/\/artherapievirtus.org\/vda\/?s={search_term_string}\"},\"query-input\":\"required name=search_term_string\"}],\"inLanguage\":\"fr-FR\"},{\"@type\":\"ImageObject\",\"@id\":\"https:\/\/artherapievirtus.org\/vda\/pele-mele-de-13-or-de-vie\/financements-de-13-or-de-vie\/#primaryimage\",\"inLanguage\":\"fr-FR\",\"url\":\"http:\/\/artherapievirtus.org\/vda\/wp-content\/uploads\/2016\/09\/Projet-soutenu-par-la-Fondation-de-France-150x150.jpg\",\"contentUrl\":\"http:\/\/artherapievirtus.org\/vda\/wp-content\/uploads\/2016\/09\/Projet-soutenu-par-la-Fondation-de-France-150x150.jpg\"},{\"@type\":\"WebPage\",\"@id\":\"https:\/\/artherapievirtus.org\/vda\/pele-mele-de-13-or-de-vie\/financements-de-13-or-de-vie\/#webpage\",\"url\":\"https:\/\/artherapievirtus.org\/vda\/pele-mele-de-13-or-de-vie\/financements-de-13-or-de-vie\/\",\"name\":\"Financements de 13 or de vie - 13 OR DE VIE \\u2013 Victimes des attentats\",\"isPartOf\":{\"@id\":\"https:\/\/artherapievirtus.org\/vda\/#website\"},\"primaryImageOfPage\":{\"@id\":\"https:\/\/artherapievirtus.org\/vda\/pele-mele-de-13-or-de-vie\/financements-de-13-or-de-vie\/#primaryimage\"},\"datePublished\":\"2016-08-29T07:24:09+00:00\",\"dateModified\":\"2017-01-21T06:04:17+00:00\",\"breadcrumb\":{\"@id\":\"https:\/\/artherapievirtus.org\/vda\/pele-mele-de-13-or-de-vie\/financements-de-13-or-de-vie\/#breadcrumb\"},\"inLanguage\":\"fr-FR\",\"potentialAction\":[{\"@type\":\"ReadAction\",\"target\":[\"https:\/\/artherapievirtus.org\/vda\/pele-mele-de-13-or-de-vie\/financements-de-13-or-de-vie\/\"]}]},{\"@type\":\"BreadcrumbList\",\"@id\":\"https:\/\/artherapievirtus.org\/vda\/pele-mele-de-13-or-de-vie\/financements-de-13-or-de-vie\/#breadcrumb\",\"itemListElement\":[{\"@type\":\"ListItem\",\"position\":1,\"name\":\"Accueil\",\"item\":\"https:\/\/artherapievirtus.org\/vda\/\"},{\"@type\":\"ListItem\",\"position\":2,\"name\":\"P\\u00eale-m\\u00eale de 13 OR DE VIE\",\"item\":\"https:\/\/artherapievirtus.org\/vda\/pele-mele-de-13-or-de-vie\/\"},{\"@type\":\"ListItem\",\"position\":3,\"name\":\"Financements de 13 or de vie\"}]}]}<\/script>\n<!-- \/ Yoast SEO plugin. -->","yoast_head_json":{"title":"Financements de 13 or de vie - 13 OR DE VIE \u2013 Victimes des attentats","robots":{"index":"index","follow":"follow","max-snippet":"max-snippet:-1","max-image-preview":"max-image-preview:large","max-video-preview":"max-video-preview:-1"},"canonical":"https:\/\/artherapievirtus.org\/vda\/pele-mele-de-13-or-de-vie\/financements-de-13-or-de-vie\/","og_locale":"fr_FR","og_type":"article","og_title":"Financements de 13 or de vie - 13 OR DE VIE \u2013 Victimes des attentats","og_description":"Fondation de France \u2013 Ensemble face au terrorisme \u2013 GiveForFrance Un fonds sp\u00e9cial pour aider les victimes des attentats du 13 novembre 2015 et pr\u00e9venir le terrorisme. Apr\u00e8s les attentats du 13 novembre 2015 \u00e0 Paris, la Fondation de France a ouvert un fonds d\u00e9di\u00e9 Ensemble face au terrorisme &#8211; GiveForFrance pour venir en aide&hellip; Lire la suite de Financements de 13 or de vie","og_url":"https:\/\/artherapievirtus.org\/vda\/pele-mele-de-13-or-de-vie\/financements-de-13-or-de-vie\/","og_site_name":"13 OR DE VIE \u2013 Victimes des attentats","article_publisher":"https:\/\/www.facebook.com\/artherapievirtus.org\/","article_modified_time":"2017-01-21T06:04:17+00:00","og_image":[{"url":"http:\/\/artherapievirtus.org\/vda\/wp-content\/uploads\/2016\/09\/Projet-soutenu-par-la-Fondation-de-France-150x150.jpg"}],"twitter_card":"summary","twitter_site":"@artherapie75","twitter_misc":{"Dur\u00e9e de lecture estim\u00e9e":"1 minute"},"schema":{"@context":"https:\/\/schema.org","@graph":[{"@type":"WebSite","@id":"https:\/\/artherapievirtus.org\/vda\/#website","url":"https:\/\/artherapievirtus.org\/vda\/","name":"13 OR DE VIE \u2013 Victimes des attentats","description":"Ce blogue  13 OR DE VIE est un outil collaboratif pour les ateliers d\u2019Art-Th\u00e9rapie  \u00e0 l\u2019intention des victimes du terrorisme","potentialAction":[{"@type":"SearchAction","target":{"@type":"EntryPoint","urlTemplate":"https:\/\/artherapievirtus.org\/vda\/?s={search_term_string}"},"query-input":"required name=search_term_string"}],"inLanguage":"fr-FR"},{"@type":"ImageObject","@id":"https:\/\/artherapievirtus.org\/vda\/pele-mele-de-13-or-de-vie\/financements-de-13-or-de-vie\/#primaryimage","inLanguage":"fr-FR","url":"http:\/\/artherapievirtus.org\/vda\/wp-content\/uploads\/2016\/09\/Projet-soutenu-par-la-Fondation-de-France-150x150.jpg","contentUrl":"http:\/\/artherapievirtus.org\/vda\/wp-content\/uploads\/2016\/09\/Projet-soutenu-par-la-Fondation-de-France-150x150.jpg"},{"@type":"WebPage","@id":"https:\/\/artherapievirtus.org\/vda\/pele-mele-de-13-or-de-vie\/financements-de-13-or-de-vie\/#webpage","url":"https:\/\/artherapievirtus.org\/vda\/pele-mele-de-13-or-de-vie\/financements-de-13-or-de-vie\/","name":"Financements de 13 or de vie - 13 OR DE VIE \u2013 Victimes des attentats","isPartOf":{"@id":"https:\/\/artherapievirtus.org\/vda\/#website"},"primaryImageOfPage":{"@id":"https:\/\/artherapievirtus.org\/vda\/pele-mele-de-13-or-de-vie\/financements-de-13-or-de-vie\/#primaryimage"},"datePublished":"2016-08-29T07:24:09+00:00","dateModified":"2017-01-21T06:04:17+00:00","breadcrumb":{"@id":"https:\/\/artherapievirtus.org\/vda\/pele-mele-de-13-or-de-vie\/financements-de-13-or-de-vie\/#breadcrumb"},"inLanguage":"fr-FR","potentialAction":[{"@type":"ReadAction","target":["https:\/\/artherapievirtus.org\/vda\/pele-mele-de-13-or-de-vie\/financements-de-13-or-de-vie\/"]}]},{"@type":"BreadcrumbList","@id":"https:\/\/artherapievirtus.org\/vda\/pele-mele-de-13-or-de-vie\/financements-de-13-or-de-vie\/#breadcrumb","itemListElement":[{"@type":"ListItem","position":1,"name":"Accueil","item":"https:\/\/artherapievirtus.org\/vda\/"},{"@type":"ListItem","position":2,"name":"P\u00eale-m\u00eale de 13 OR DE VIE","item":"https:\/\/artherapievirtus.org\/vda\/pele-mele-de-13-or-de-vie\/"},{"@type":"ListItem","position":3,"name":"Financements de 13 or de vie"}]}]}},"jetpack_sharing_enabled":true,"jetpack_likes_enabled":true,"_links":{"self":[{"href":"https:\/\/artherapievirtus.org\/vda\/wp-json\/wp\/v2\/pages\/3221"}],"collection":[{"href":"https:\/\/artherapievirtus.org\/vda\/wp-json\/wp\/v2\/pages"}],"about":[{"href":"https:\/\/artherapievirtus.org\/vda\/wp-json\/wp\/v2\/types\/page"}],"author":[{"embeddable":true,"href":"https:\/\/artherapievirtus.org\/vda\/wp-json\/wp\/v2\/users\/3"}],"replies":[{"embeddable":true,"href":"https:\/\/artherapievirtus.org\/vda\/wp-json\/wp\/v2\/comments?post=3221"}],"version-history":[{"count":10,"href":"https:\/\/artherapievirtus.org\/vda\/wp-json\/wp\/v2\/pages\/3221\/revisions"}],"predecessor-version":[{"id":6531,"href":"https:\/\/artherapievirtus.org\/vda\/wp-json\/wp\/v2\/pages\/3221\/revisions\/6531"}],"up":[{"embeddable":true,"href":"https:\/\/artherapievirtus.org\/vda\/wp-json\/wp\/v2\/pages\/3687"}],"wp:attachment":[{"href":"https:\/\/artherapievirtus.org\/vda\/wp-json\/wp\/v2\/media?parent=3221"}],"curies":[{"name":"wp","href":"https:\/\/api.w.org\/{rel}","templated":true}]}}