{"id":28,"date":"2015-12-26T08:46:45","date_gmt":"2015-12-26T08:46:45","guid":{"rendered":"http:\/\/artherapievirtus.org\/vda\/?page_id=28"},"modified":"2019-04-23T18:21:03","modified_gmt":"2019-04-23T16:21:03","slug":"lieux-daide-aux-victimes","status":"publish","type":"page","link":"https:\/\/artherapievirtus.org\/vda\/lieux-daide-aux-victimes\/","title":{"rendered":"Lieux d&rsquo;aide aux victimes"},"content":{"rendered":"<p>Le num\u00e9ro d&rsquo;information et d&rsquo;assistance aux victimes et \u00e0 leurs proches <span style=\"color: #c63d44;\"><strong>0800 40 60 05 <\/strong><\/span><\/p>\n<hr \/>\n<p><b>Le num\u00e9ro 08 VICTIMES <span style=\"color: #c63d44;\">08 842 846 37<br \/>\n<\/span><\/b> <a class=\"external\" href=\"https:\/\/www.justice.gouv.fr\/aide-aux-victimes-10044\/08victimes-12126\/\" target=\"_blank\" rel=\"noopener noreferrer\">http:\/\/www.justice.gouv.fr\/aide-aux-victimes-10044\/08victimes-12126\/<\/a>de l\u2019<a class=\"external\" href=\"https:\/\/www.inavem.org\/index.php?option=com_content&amp;view=article&amp;id=191:accueil-section&amp;catid=114:accueil-section&amp;Itemid=3\" target=\"_blank\" rel=\"noopener noreferrer\"><b>INAVEM<\/b><\/a><\/p>\n<p><b>Un lieu d&rsquo;accueil destin\u00e9 \u00e0 accueillir les familles des victimes des attentats de Paris a \u00e9t\u00e9 ouvert samedi sur le site de l\u2019\u00c9cole militaire.<\/b><\/p>\n<p>Ce centre, situ\u00e9 1, place Joffre \u00e0 Paris, \u00ab\u00a0mobilise les cellules de soutien psychologique du Samu de l&rsquo;APHP (Assistance publique &#8211; h\u00f4pitaux de Paris), du service de sant\u00e9 des arm\u00e9es et de la S\u00e9curit\u00e9 civile, ainsi que les associations agr\u00e9\u00e9es de s\u00e9curit\u00e9 civile (Croix-Rouge, Protection civile)\u00a0\u00bb, a pr\u00e9cis\u00e9 le minist\u00e8re.\u00a0\u00ab\u00a0Les familles y re\u00e7oivent les informations utiles de la part des autorit\u00e9s ainsi qu&rsquo;un soutien psychologique\u00a0\u00bb, selon le minist\u00e8re qui rappelle qu&rsquo;\u00ab\u00a0un premier niveau de prise en charge pour les personnes impliqu\u00e9es est assur\u00e9 depuis vendredi soir par les mairies des 10e et 11e arrondissements de Paris\u00a0\u00bb<\/p>\n<hr \/>\n<p><a href=\"https:\/\/centrephoenix.com\/index.php\/contact\/\"><img loading=\"lazy\" class=\"aligncenter size-full wp-image-7504\" src=\"https:\/\/artherapievirtus.org\/vda\/wp-content\/uploads\/2019\/04\/Logo-CPPR-petit.jpg\" alt=\"\" width=\"283\" height=\"126\" \/><\/a><\/p>\n<blockquote><p>Le CPPR s&rsquo;appuie sur la D\u00e9claration des Nations unies.<br \/>\nIl propose un traitement th\u00e9rapeutique groupal-individuel en respectant les \u00e9tapes de gu\u00e9rison.<br \/>\nLe groupe fonctionne comme une unit\u00e9 minime sociale avec le travail de la r\u00e9silience pour rebondir, en allant chercher dans le pass\u00e9, avant l\u2019agression.<br \/>\nD&rsquo;autre part, Il s\u2019agit de construire un pont pour transmettre des paroles, des \u00e9nergies, des images oubli\u00e9es.<br \/>\nNous estimons que la r\u00e9silience, comme le propose Boris Cyrulnik, est la capacit\u00e9 de rebondir apr\u00e8s le traumatisme. Ainsi, nous allons puiser l\u00e0 o\u00f9 il avait des \u00e9nergies pour les utiliser individuellement et aussi de les partager avec le groupe.<\/p><\/blockquote>\n<p>Le centre Phoenix comprend un p\u00f4le de traitement th\u00e9rapeutique pour la reconstruction de liens individuels et sociaux et un p\u00f4le de recherche et partenariat.<br \/>\nLes deux p\u00f4les contribuent au soutien, \u00e0 l\u2019\u00e9laboration et \u00e0 l\u2019am\u00e9lioration des projets pour la prise en charge des victimes.<\/p>\n<h6><span style=\"color: #0000ff;\">Le p\u00f4le de traitement th\u00e9rapeutique<\/span><\/h6>\n<p>Tout d&rsquo;abord, le p\u00f4le est dirig\u00e9 par le directeur avec l\u2019\u00e9quipe de psychologues et art-th\u00e9rapeutes. Ensuite, ils coordonnent ensemble les activit\u00e9s, les \u00e9volutions, l\u2019\u00e9laboration des traitements.<br \/>\nFinalement, le p\u00f4le est d\u00e9di\u00e9 aux \u00e9tudes de cas, de tests, de statistiques, de partages avec d\u2019autres professionnels.<\/p>\n<h6><span style=\"color: #0000ff;\">Le\u00a0p\u00f4le de recherche et partenariat<\/span><\/h6>\n<p>Le p\u00f4le de recherche et partenariat participe \u00e0 des colloques et en organise.<br \/>\nEnfin, il met en place des partenariats aux niveaux national et international avec d\u2019autres centres de sant\u00e9 psychique ainsi que des universit\u00e9s.<\/p>\n<hr \/>\n<p><a href=\"https:\/\/centrephoenix.com\/index.php\/contact\/\" target=\"_blank\" rel=\"noopener noreferrer\">Merci de nous contacter au centre Phoenix<\/a><br \/>\n01 81 70 09 77<\/p>\n<hr \/>\n<p><a href=\"https:\/\/artherapievirtus.org\/lart-therapie-pour-venir-en-aide-aux-personnes-qui-ont-vecu-un-traumatisme-2\/\" target=\"_blank\" rel=\"noopener noreferrer\">L&rsquo;Art-th\u00e9rapie pour venir en aide aux personnes qui ont v\u00e9cu un traumatisme<\/a><\/p>\n<h6><em><span style=\"color: #993300;\">Par aller sur le site, cliquez sur le logo<\/span><\/em><\/h6>\n<p><a href=\"https:\/\/centrephoenix.com\/index.php\/a-propos\/\" target=\"_blank\" rel=\"noopener noreferrer\"><img loading=\"lazy\" class=\"wp-image-3348 alignleft\" src=\"https:\/\/artherapievirtus.org\/wp-content\/uploads\/2019\/04\/Petit-logo-CPPR.jpg\" alt=\"\" width=\"93\" height=\"70\" \/><\/a><\/p>\n<hr \/>\n<p><a href=\"https:\/\/www.afvt.org\/\" target=\"_blank\" rel=\"attachment noopener wp-att-29 noreferrer\"><img loading=\"lazy\" class=\"alignleft size-medium wp-image-29\" src=\"https:\/\/artherapievirtus.org\/vda\/wp-content\/uploads\/2015\/12\/Logo-AFVT-300x71.gif\" alt=\"Logo-AFVT\" width=\"300\" height=\"71\" \/><\/a><em>*AfVT.org : association loi 1901, enregistr\u00e9e le 14 avril 2009.<\/em><br \/>\nLa vocation de l\u2019A<em>f<\/em>VT.org est d\u2019agir au plus pr\u00e8s des victimes du\u00a0terrorisme pour accompagner le travail de gu\u00e9rison, de reconnaissance, de v\u00e9rit\u00e9, de deuil et de m\u00e9moire dans la dignit\u00e9 et le respect des droits de l\u2019Homme tout en soutenant la lutte contre la banalisation de la violence et la barbarie.<br \/>\nAux c\u00f4t\u00e9s de l\u2019ensemble des acteurs nationaux et internationaux, l\u2019A<em>f<\/em>VT.org s\u2019engage :<br \/>\n\u2022 pour l\u2019abolition du terrorisme ;<br \/>\n\u2022 pour la mise en \u0153uvre d\u2019actions visant \u00e0 informer, sensibiliser, pr\u00e9venir et prot\u00e9ger l\u2019opinion publique des dangers de la radicalisation et de l\u2019embrigadement terroriste ;<br \/>\n\u2022 pour l\u2019affirmation d\u2019une vision humaniste de l\u2019Homme et de notre soci\u00e9t\u00e9.<\/p>\n<hr \/>\n<p><b>Les CUMP cellules d\u2019urgence m\u00e9dico-psychologique<\/b> : <a class=\"external\" href=\"https:\/\/www.sante.gouv.fr\/les-cellules-d-urgence-medico-psychologique-cump.html\" target=\"_blank\" rel=\"noopener noreferrer\">https:\/\/www.sante.gouv.fr\/les-cellules-d-urgence-medico-psychologique-cump.html<\/a><\/p>\n<hr \/>\n<p><span class=\"auteur\">Cellule interminist\u00e9rielle d&rsquo;aide aux victimes (CIAV)<br \/>\n<\/span><\/p>\n<div class=\"chapo surlignable intro\">\n<p>La cellule interminist\u00e9rielle a re\u00e7u \u00e0 ce jour plus de 9000 appels sur les deux num\u00e9ros d\u00e9di\u00e9s aux familles des victimes, le 0800 40 60 05 depuis la France et le 01 45 50 34 60 depuis l\u2019\u00e9tranger.<\/p>\n<\/div>\n<div class=\"texte surlignable\">\n<p>Le minist\u00e8re des affaires \u00e9trang\u00e8res et du d\u00e9veloppement international accueille dans les locaux de son centre de crise depuis le 13 novembre la Cellule interminist\u00e9rielle d\u2019aide aux victimes (CIAV), qui assure les relations avec les familles des victimes.<\/p>\n<p>Elle se compose de plus de 110 personnes, agents des minist\u00e8res de la justice, de l\u2019int\u00e9rieur, de la sant\u00e9 et des affaires \u00e9trang\u00e8res, professionnels de sant\u00e9 comme la Croix-Rouge, l\u2019\u00e9tablissement de pr\u00e9paration et de r\u00e9ponse aux urgences sanitaires, de la cellule d\u2019urgence m\u00e9dico-psychologique et de membres des associations d\u2019aide aux victimes, l\u2019INAVEM et la FENVAC.<\/p>\n<p>La cellule interminist\u00e9rielle a re\u00e7u \u00e0 ce jour plus de 9000 appels sur les deux num\u00e9ros d\u00e9di\u00e9s aux familles des victimes, le 0800 40 60 05 depuis la France et le <strong>01 45 50 34 60 depuis l\u2019\u00e9tranger<\/strong>.<\/p>\n<p>Elle a ouvert un centre d\u2019accueil et d\u2019information \u00e0 l\u2019\u00c9cole militaire. A ce jour, une vingtaine de psychologues et de professionnels de la sant\u00e9 ainsi que 14 experts y ont accueilli plus de 800 personnes. Une cellule d\u2019accueil au b\u00e9n\u00e9fice des proches des victimes a \u00e9t\u00e9 mise en place par la CIAV \u00e0 l\u2019Institut m\u00e9dico-l\u00e9gal, afin de confirmer des identifications et de leur permettre de se recueillir devant la d\u00e9pouille de leur proche.<\/p>\n<p>La CIAV est en contact avec l\u2019ensemble des repr\u00e9sentations diplomatiques des pays dont les ressortissants ont \u00e9t\u00e9 victimes par les attentats. Un livre de condol\u00e9ances a \u00e9t\u00e9 ouvert au Quai d\u2019Orsay en r\u00e9ponse \u00e0 leur \u00e9lan de solidarit\u00e9.<\/p>\n<hr \/>\n<\/div>\n<p><strong><span style=\"color: #333399;\"><a href=\"https:\/\/www.pav75.fr\/\" target=\"_blank\" rel=\"noopener noreferrer\"><img loading=\"lazy\" class=\"alignleft size-full wp-image-425\" src=\"https:\/\/artherapievirtus.org\/vda\/wp-content\/uploads\/2015\/12\/Logo-Paris-Aide-aux-Victmes.gif\" alt=\"Logo-Paris-Aide-aux-Victmes\" width=\"204\" height=\"174\" \/><\/a>Paris Aide aux Victimes \u2013 PAV 75<\/span><\/strong><br \/>\nParis Aide aux Victimes\u00a0a \u00e9t\u00e9 d\u00e9sign\u00e9 par\u00a0le Minist\u00e8re de la Justice\u00a0pour organiser l\u2019espace informatif d\u00e9di\u00e9 aux\u00a0victimes des attentats\u00a0du 13 Novembre 2015.<br \/>\nDes permanences de soutien psychologique et d&rsquo;information sur les droits sont ouvertes :<br \/>\nAdresse : 17 boulevard Morland\u00a075004 Paris<br \/>\nT\u00e9l\u00e9phone : 01 40 28 70 00<br \/>\nContact\u00a0:\u00a0<a href=\"https:\/\/www.pav75.fr\/contact-espace-informatif\/\" target=\"_blank\" rel=\"noopener noreferrer\">espaceinformatif.pav@gmail.com<\/a><\/p>\n<hr \/>\n<p><a href=\"https:\/\/www.info-trauma.org\/splash.html\" target=\"_blank\" rel=\"noopener noreferrer\"><img loading=\"lazy\" class=\"size-full wp-image-692 alignleft\" src=\"https:\/\/artherapievirtus.org\/vda\/wp-content\/uploads\/2015\/12\/Logo-I-Trauma.gif\" alt=\"Logo-I-Trauma\" width=\"188\" height=\"73\" \/><\/a>Ce site internet a pour vocation de vous donner de l&rsquo;information sur le traumatisme psychique que vous soyez victime, proches de victimes ou professionnel.<br \/>\nSite con\u00e7u en collaboration avec l&rsquo;Institut universitaire en sant\u00e9 mentale Douglas et l\u2019Universit\u00e9 McGill.<\/p>\n<div class=\"sharedaddy sd-sharing-enabled\"><div class=\"robots-nocontent sd-block sd-social sd-social-official sd-sharing\"><h3 class=\"sd-title\">Partager\u00a0:<\/h3><div class=\"sd-content\"><ul><li class=\"share-facebook\"><div class=\"fb-share-button\" data-href=\"https:\/\/artherapievirtus.org\/vda\/lieux-daide-aux-victimes\/\" data-layout=\"button_count\"><\/div><\/li><li class=\"share-twitter\"><a href=\"https:\/\/twitter.com\/share\" class=\"twitter-share-button\" data-url=\"https:\/\/artherapievirtus.org\/vda\/lieux-daide-aux-victimes\/\" data-text=\"Lieux d&#039;aide aux victimes\"  >Tweet<\/a><\/li><li class=\"share-linkedin\"><div class=\"linkedin_button\"><script type=\"in\/share\" data-url=\"https:\/\/artherapievirtus.org\/vda\/lieux-daide-aux-victimes\/\" data-counter=\"right\"><\/script><\/div><\/li><li><a href=\"#\" class=\"sharing-anchor sd-button share-more\"><span>Plus<\/span><\/a><\/li><li class=\"share-end\"><\/li><\/ul><div class=\"sharing-hidden\"><div class=\"inner\" style=\"display: none;\"><ul><li class=\"share-print\"><a rel=\"nofollow noopener noreferrer\" data-shared=\"\" class=\"share-print sd-button\" href=\"https:\/\/artherapievirtus.org\/vda\/lieux-daide-aux-victimes\/\" target=\"_blank\" title=\"Cliquer pour imprimer\"><span>Imprimer<\/span><\/a><\/li><li class=\"share-email\"><a rel=\"nofollow noopener noreferrer\" data-shared=\"\" class=\"share-email sd-button\" href=\"https:\/\/artherapievirtus.org\/vda\/lieux-daide-aux-victimes\/?share=email\" target=\"_blank\" title=\"Cliquez pour envoyer par e-mail \u00e0 un ami\"><span>E-mail<\/span><\/a><\/li><li class=\"share-end\"><\/li><li class=\"share-end\"><\/li><\/ul><\/div><\/div><\/div><\/div><\/div>","protected":false},"excerpt":{"rendered":"<p>Le num\u00e9ro d&rsquo;information et d&rsquo;assistance aux victimes et \u00e0 leurs proches 0800 40 60 05 Le num\u00e9ro 08 VICTIMES 08 842 846 37 http:\/\/www.justice.gouv.fr\/aide-aux-victimes-10044\/08victimes-12126\/de l\u2019INAVEM Un lieu d&rsquo;accueil destin\u00e9 \u00e0 accueillir les familles des victimes des attentats de Paris a \u00e9t\u00e9 ouvert samedi sur le site de l\u2019\u00c9cole militaire. Ce centre, situ\u00e9 1, place Joffre&hellip; <\/p>\n<p class=\"toivo-read-more\"><a href=\"https:\/\/artherapievirtus.org\/vda\/lieux-daide-aux-victimes\/\" class=\"more-link\">Lire la suite <span class=\"screen-reader-text\">de<\/span> <span class=\"screen-reader-text\">Lieux d&rsquo;aide aux victimes<\/span><\/a><\/p>\n<div class=\"sharedaddy sd-sharing-enabled\"><div class=\"robots-nocontent sd-block sd-social sd-social-official sd-sharing\"><h3 class=\"sd-title\">Partager\u00a0:<\/h3><div class=\"sd-content\"><ul><li class=\"share-facebook\"><div class=\"fb-share-button\" data-href=\"https:\/\/artherapievirtus.org\/vda\/lieux-daide-aux-victimes\/\" data-layout=\"button_count\"><\/div><\/li><li class=\"share-twitter\"><a href=\"https:\/\/twitter.com\/share\" class=\"twitter-share-button\" data-url=\"https:\/\/artherapievirtus.org\/vda\/lieux-daide-aux-victimes\/\" data-text=\"Lieux d&#039;aide aux victimes\"  >Tweet<\/a><\/li><li class=\"share-linkedin\"><div class=\"linkedin_button\"><script type=\"in\/share\" data-url=\"https:\/\/artherapievirtus.org\/vda\/lieux-daide-aux-victimes\/\" data-counter=\"right\"><\/script><\/div><\/li><li><a href=\"#\" class=\"sharing-anchor sd-button share-more\"><span>Plus<\/span><\/a><\/li><li class=\"share-end\"><\/li><\/ul><div class=\"sharing-hidden\"><div class=\"inner\" style=\"display: none;\"><ul><li class=\"share-print\"><a rel=\"nofollow noopener noreferrer\" data-shared=\"\" class=\"share-print sd-button\" href=\"https:\/\/artherapievirtus.org\/vda\/lieux-daide-aux-victimes\/\" target=\"_blank\" title=\"Cliquer pour imprimer\"><span>Imprimer<\/span><\/a><\/li><li class=\"share-email\"><a rel=\"nofollow noopener noreferrer\" data-shared=\"\" class=\"share-email sd-button\" href=\"https:\/\/artherapievirtus.org\/vda\/lieux-daide-aux-victimes\/?share=email\" target=\"_blank\" title=\"Cliquez pour envoyer par e-mail \u00e0 un ami\"><span>E-mail<\/span><\/a><\/li><li class=\"share-end\"><\/li><li class=\"share-end\"><\/li><\/ul><\/div><\/div><\/div><\/div><\/div>","protected":false},"author":2,"featured_media":0,"parent":0,"menu_order":0,"comment_status":"closed","ping_status":"closed","template":"","meta":{"spay_email":""},"yoast_head":"<!-- This site is optimized with the Yoast SEO plugin v17.2.1 - https:\/\/yoast.com\/wordpress\/plugins\/seo\/ -->\n<title>Lieux d&#039;aide aux victimes - 13 OR DE VIE \u2013 Victimes des attentats<\/title>\n<meta name=\"description\" content=\"Lieux d&#039;aide aux victimes, 08 VICTIMES, AfVT, Cellule interminist\u00e9rielle d&#039;aide aux victimes (CIAV), Paris Aide aux Victimes \u2013 PAV 75\" \/>\n<meta name=\"robots\" content=\"index, follow, max-snippet:-1, max-image-preview:large, max-video-preview:-1\" \/>\n<link rel=\"canonical\" href=\"https:\/\/artherapievirtus.org\/vda\/lieux-daide-aux-victimes\/\" \/>\n<meta property=\"og:locale\" content=\"fr_FR\" \/>\n<meta property=\"og:type\" content=\"article\" \/>\n<meta property=\"og:title\" content=\"Lieux d&#039;aide aux victimes - 13 OR DE VIE \u2013 Victimes des attentats\" \/>\n<meta property=\"og:description\" content=\"Lieux d&#039;aide aux victimes, 08 VICTIMES, AfVT, Cellule interminist\u00e9rielle d&#039;aide aux victimes (CIAV), Paris Aide aux Victimes \u2013 PAV 75\" \/>\n<meta property=\"og:url\" content=\"https:\/\/artherapievirtus.org\/vda\/lieux-daide-aux-victimes\/\" \/>\n<meta property=\"og:site_name\" content=\"13 OR DE VIE \u2013 Victimes des attentats\" \/>\n<meta property=\"article:publisher\" content=\"https:\/\/www.facebook.com\/artherapievirtus.org\/\" \/>\n<meta property=\"article:modified_time\" content=\"2019-04-23T16:21:03+00:00\" \/>\n<meta property=\"og:image\" content=\"https:\/\/artherapievirtus.org\/vda\/wp-content\/uploads\/2019\/04\/Logo-CPPR-petit.jpg\" \/>\n<meta name=\"twitter:card\" content=\"summary\" \/>\n<meta name=\"twitter:site\" content=\"@artherapie75\" \/>\n<meta name=\"twitter:label1\" content=\"Dur\u00e9e de lecture estim\u00e9e\" \/>\n\t<meta name=\"twitter:data1\" content=\"5 minutes\" \/>\n<script type=\"application\/ld+json\" class=\"yoast-schema-graph\">{\"@context\":\"https:\/\/schema.org\",\"@graph\":[{\"@type\":\"WebSite\",\"@id\":\"https:\/\/artherapievirtus.org\/vda\/#website\",\"url\":\"https:\/\/artherapievirtus.org\/vda\/\",\"name\":\"13 OR DE VIE \\u2013 Victimes des attentats\",\"description\":\"Ce blogue  13 OR DE VIE est un outil collaboratif pour les ateliers d\\u2019Art-Th\\u00e9rapie  \\u00e0 l\\u2019intention des victimes du terrorisme\",\"potentialAction\":[{\"@type\":\"SearchAction\",\"target\":{\"@type\":\"EntryPoint\",\"urlTemplate\":\"https:\/\/artherapievirtus.org\/vda\/?s={search_term_string}\"},\"query-input\":\"required name=search_term_string\"}],\"inLanguage\":\"fr-FR\"},{\"@type\":\"ImageObject\",\"@id\":\"https:\/\/artherapievirtus.org\/vda\/lieux-daide-aux-victimes\/#primaryimage\",\"inLanguage\":\"fr-FR\",\"url\":\"https:\/\/artherapievirtus.org\/vda\/wp-content\/uploads\/2019\/04\/Logo-CPPR-petit.jpg\",\"contentUrl\":\"https:\/\/artherapievirtus.org\/vda\/wp-content\/uploads\/2019\/04\/Logo-CPPR-petit.jpg\",\"width\":283,\"height\":126},{\"@type\":\"WebPage\",\"@id\":\"https:\/\/artherapievirtus.org\/vda\/lieux-daide-aux-victimes\/#webpage\",\"url\":\"https:\/\/artherapievirtus.org\/vda\/lieux-daide-aux-victimes\/\",\"name\":\"Lieux d'aide aux victimes - 13 OR DE VIE \\u2013 Victimes des attentats\",\"isPartOf\":{\"@id\":\"https:\/\/artherapievirtus.org\/vda\/#website\"},\"primaryImageOfPage\":{\"@id\":\"https:\/\/artherapievirtus.org\/vda\/lieux-daide-aux-victimes\/#primaryimage\"},\"datePublished\":\"2015-12-26T08:46:45+00:00\",\"dateModified\":\"2019-04-23T16:21:03+00:00\",\"description\":\"Lieux d'aide aux victimes, 08 VICTIMES, AfVT, Cellule interminist\\u00e9rielle d'aide aux victimes (CIAV), Paris Aide aux Victimes \\u2013 PAV 75\",\"breadcrumb\":{\"@id\":\"https:\/\/artherapievirtus.org\/vda\/lieux-daide-aux-victimes\/#breadcrumb\"},\"inLanguage\":\"fr-FR\",\"potentialAction\":[{\"@type\":\"ReadAction\",\"target\":[\"https:\/\/artherapievirtus.org\/vda\/lieux-daide-aux-victimes\/\"]}]},{\"@type\":\"BreadcrumbList\",\"@id\":\"https:\/\/artherapievirtus.org\/vda\/lieux-daide-aux-victimes\/#breadcrumb\",\"itemListElement\":[{\"@type\":\"ListItem\",\"position\":1,\"name\":\"Accueil\",\"item\":\"https:\/\/artherapievirtus.org\/vda\/\"},{\"@type\":\"ListItem\",\"position\":2,\"name\":\"Lieux d&rsquo;aide aux victimes\"}]}]}<\/script>\n<!-- \/ Yoast SEO plugin. -->","yoast_head_json":{"title":"Lieux d'aide aux victimes - 13 OR DE VIE \u2013 Victimes des attentats","description":"Lieux d'aide aux victimes, 08 VICTIMES, AfVT, Cellule interminist\u00e9rielle d'aide aux victimes (CIAV), Paris Aide aux Victimes \u2013 PAV 75","robots":{"index":"index","follow":"follow","max-snippet":"max-snippet:-1","max-image-preview":"max-image-preview:large","max-video-preview":"max-video-preview:-1"},"canonical":"https:\/\/artherapievirtus.org\/vda\/lieux-daide-aux-victimes\/","og_locale":"fr_FR","og_type":"article","og_title":"Lieux d'aide aux victimes - 13 OR DE VIE \u2013 Victimes des attentats","og_description":"Lieux d'aide aux victimes, 08 VICTIMES, AfVT, Cellule interminist\u00e9rielle d'aide aux victimes (CIAV), Paris Aide aux Victimes \u2013 PAV 75","og_url":"https:\/\/artherapievirtus.org\/vda\/lieux-daide-aux-victimes\/","og_site_name":"13 OR DE VIE \u2013 Victimes des attentats","article_publisher":"https:\/\/www.facebook.com\/artherapievirtus.org\/","article_modified_time":"2019-04-23T16:21:03+00:00","og_image":[{"url":"https:\/\/artherapievirtus.org\/vda\/wp-content\/uploads\/2019\/04\/Logo-CPPR-petit.jpg"}],"twitter_card":"summary","twitter_site":"@artherapie75","twitter_misc":{"Dur\u00e9e de lecture estim\u00e9e":"5 minutes"},"schema":{"@context":"https:\/\/schema.org","@graph":[{"@type":"WebSite","@id":"https:\/\/artherapievirtus.org\/vda\/#website","url":"https:\/\/artherapievirtus.org\/vda\/","name":"13 OR DE VIE \u2013 Victimes des attentats","description":"Ce blogue  13 OR DE VIE est un outil collaboratif pour les ateliers d\u2019Art-Th\u00e9rapie  \u00e0 l\u2019intention des victimes du terrorisme","potentialAction":[{"@type":"SearchAction","target":{"@type":"EntryPoint","urlTemplate":"https:\/\/artherapievirtus.org\/vda\/?s={search_term_string}"},"query-input":"required name=search_term_string"}],"inLanguage":"fr-FR"},{"@type":"ImageObject","@id":"https:\/\/artherapievirtus.org\/vda\/lieux-daide-aux-victimes\/#primaryimage","inLanguage":"fr-FR","url":"https:\/\/artherapievirtus.org\/vda\/wp-content\/uploads\/2019\/04\/Logo-CPPR-petit.jpg","contentUrl":"https:\/\/artherapievirtus.org\/vda\/wp-content\/uploads\/2019\/04\/Logo-CPPR-petit.jpg","width":283,"height":126},{"@type":"WebPage","@id":"https:\/\/artherapievirtus.org\/vda\/lieux-daide-aux-victimes\/#webpage","url":"https:\/\/artherapievirtus.org\/vda\/lieux-daide-aux-victimes\/","name":"Lieux d'aide aux victimes - 13 OR DE VIE \u2013 Victimes des attentats","isPartOf":{"@id":"https:\/\/artherapievirtus.org\/vda\/#website"},"primaryImageOfPage":{"@id":"https:\/\/artherapievirtus.org\/vda\/lieux-daide-aux-victimes\/#primaryimage"},"datePublished":"2015-12-26T08:46:45+00:00","dateModified":"2019-04-23T16:21:03+00:00","description":"Lieux d'aide aux victimes, 08 VICTIMES, AfVT, Cellule interminist\u00e9rielle d'aide aux victimes (CIAV), Paris Aide aux Victimes \u2013 PAV 75","breadcrumb":{"@id":"https:\/\/artherapievirtus.org\/vda\/lieux-daide-aux-victimes\/#breadcrumb"},"inLanguage":"fr-FR","potentialAction":[{"@type":"ReadAction","target":["https:\/\/artherapievirtus.org\/vda\/lieux-daide-aux-victimes\/"]}]},{"@type":"BreadcrumbList","@id":"https:\/\/artherapievirtus.org\/vda\/lieux-daide-aux-victimes\/#breadcrumb","itemListElement":[{"@type":"ListItem","position":1,"name":"Accueil","item":"https:\/\/artherapievirtus.org\/vda\/"},{"@type":"ListItem","position":2,"name":"Lieux d&rsquo;aide aux victimes"}]}]}},"jetpack_sharing_enabled":true,"jetpack_likes_enabled":true,"_links":{"self":[{"href":"https:\/\/artherapievirtus.org\/vda\/wp-json\/wp\/v2\/pages\/28"}],"collection":[{"href":"https:\/\/artherapievirtus.org\/vda\/wp-json\/wp\/v2\/pages"}],"about":[{"href":"https:\/\/artherapievirtus.org\/vda\/wp-json\/wp\/v2\/types\/page"}],"author":[{"embeddable":true,"href":"https:\/\/artherapievirtus.org\/vda\/wp-json\/wp\/v2\/users\/2"}],"replies":[{"embeddable":true,"href":"https:\/\/artherapievirtus.org\/vda\/wp-json\/wp\/v2\/comments?post=28"}],"version-history":[{"count":12,"href":"https:\/\/artherapievirtus.org\/vda\/wp-json\/wp\/v2\/pages\/28\/revisions"}],"predecessor-version":[{"id":7506,"href":"https:\/\/artherapievirtus.org\/vda\/wp-json\/wp\/v2\/pages\/28\/revisions\/7506"}],"wp:attachment":[{"href":"https:\/\/artherapievirtus.org\/vda\/wp-json\/wp\/v2\/media?parent=28"}],"curies":[{"name":"wp","href":"https:\/\/api.w.org\/{rel}","templated":true}]}}