{"id":2041,"date":"2016-07-23T18:18:40","date_gmt":"2016-07-23T18:18:40","guid":{"rendered":"http:\/\/artherapievirtus.org\/vda\/?page_id=2041"},"modified":"2017-01-22T09:36:05","modified_gmt":"2017-01-22T07:36:05","slug":"bibliographie","status":"publish","type":"page","link":"https:\/\/artherapievirtus.org\/vda\/bibliographie\/","title":{"rendered":"Bibliographie"},"content":{"rendered":"<h5><span style=\"color: #993300;\"><em>Pour acqu\u00e9rir les livres, cliquez sur leur couv<\/em><\/span><\/h5>\n<h5>2016<\/h5>\n<p><a href=\"http:\/\/www.decitre.fr\/livres\/les-coulisses-du-13-novembre-9782259251044.html\" target=\"_blank\"><img loading=\"lazy\" class=\"size-medium wp-image-6546 alignleft\" src=\"http:\/\/artherapievirtus.org\/vda\/wp-content\/uploads\/2017\/01\/Livre-Les-coulisses-du-13-Novembre-196x300.gif\" alt=\"\" width=\"196\" height=\"300\" \/><\/a>Les coulisses du 13 novembre<br \/>\nJean-Michel D\u00e9cugis, Fran\u00e7ois Malye, J\u00e9r\u00f4me Vincent<\/p>\n<p>Date de parution : 10\/11\/2016<br \/>\nEditeur : Plon<br \/>\nCollection : Actualit\u00e9<br \/>\nISBN : 978-2-259-25104-4<br \/>\nEAN : 9782259251044<br \/>\nPr\u00e9sentation : Broch\u00e9<br \/>\nNb. de pages : 281 pages<br \/>\nPoids : 0.38 Kg<br \/>\nDimensions : 14,1 cm \u00d7 22,6 cm \u00d7 2,5 cm<\/p>\n<hr \/>\n<p>Il est 21 heures 17, ce 13 novembre 2015 quand un premier kamikaze se d\u00e9sint\u00e8gre avenue Jules Rimet \u00e0 Saint-Denis, face \u00e0 la porte D du stade de France, premier acte des trois heures d&rsquo;une trag\u00e9die qui va ensanglanter la capitale, causant la mort de 130 personnes et pr\u00e8s de 700 bless\u00e9s. Mobilis\u00e9s d\u00e8s les premi\u00e8res heures par leurs m\u00e9dias respectifs, les trois auteurs de ce livre n&rsquo;ont pas cess\u00e9 d&rsquo;enqu\u00eater depuis ce terrible vendredi 13, compulsant la dizaine de milliers de proc\u00e8s verbaux d&rsquo;une enqu\u00eate hors normes, la masse des t\u00e9moignages publi\u00e9s et en rencontrant les principaux protagonistes &#8211; policiers, pompiers, m\u00e9decins, victimes, ministres &#8211; afin, minute par minute, de retracer les \u00e9v\u00e9nements qui se sont d\u00e9roul\u00e9s ce soir funeste. Ce livre a un double but.<br \/>\nD&rsquo;abord rassembler tous les \u00e9l\u00e9ments disponibles pour faire comprendre, un an apr\u00e8s, et dans ses moindres d\u00e9tails l&rsquo;encha\u00eenement du premier attentat multi-sites en France, crainte de toutes les polices et des services de secours, attaques d&rsquo;une ampleur que, malgr\u00e9 son long pass\u00e9 de terrorisme int\u00e9rieur et ext\u00e9rieur, la France n&rsquo;avait jamais connues. Sans cacher les failles in\u00e9vitables dans cette bataille longue de trois heures qui se finira le 14 novembre \u00e0 0h28 quand les deux derniers terroristes retranch\u00e9s au Bataclan seront tu\u00e9s par les policiers de la BRI.<br \/>\nL&rsquo;autre est de rendre hommage aux victimes, \u00e0 leurs familles et tous ceux qui ont \u0153uvr\u00e9 pour que le bilan ne soit pas plus lourd.<\/p>\n<hr \/>\n<h4>Bibliographie sur le traumatisme<\/h4>\n<hr \/>\n<p><a href=\"http:\/\/www.decitre.fr\/livres\/psychotherapie-de-la-dissociation-et-du-trauma-9782100754106.html\" target=\"_blank\"><img loading=\"lazy\" class=\"alignleft wp-image-2652 size-full\" src=\"http:\/\/artherapievirtus.org\/vda\/wp-content\/uploads\/2016\/08\/Psychothe\u0301rapie-disso.gif\" alt=\"Psychothe\u0301rapie disso\" width=\"200\" height=\"281\" \/><\/a>psychoth\u00e9rapie dissociation trauma<br \/>\nSmith Joanna<br \/>\nDate de parution : 05\/10\/2016<br \/>\nEditeur : Dunod<br \/>\nCollection : Psychoth\u00e9rapies<br \/>\nISBN : 978-2-10-075410-6<br \/>\nEAN : 9782100754106<br \/>\nNb. de pages : 264 pages<br \/>\nDimensions : 19,0 cm \u00d7 24,0 cm \u00d7 0,0 cm<\/p>\n<hr \/>\n<h5><a href=\"http:\/\/artherapievirtus.org\/vda\/?p=2101&amp;preview=true\" target=\"_blank\">Traiter les psychotraumatismes<\/a><a href=\"http:\/\/www.decitre.fr\/ebooks\/traiter-les-psychotraumatismes-9782100750399_9782100750399_9.html\" target=\"_blank\"><img loading=\"lazy\" class=\"alignleft wp-image-2042 size-medium\" src=\"http:\/\/artherapievirtus.org\/vda\/wp-content\/uploads\/2016\/07\/Traiter-les-psychotraumatismes-237x300.gif\" alt=\"Traiter les psychotraumatismes\" width=\"237\" height=\"300\" \/><\/a><\/h5>\n<ul>\n<li class=\"information\"><span class=\"name\">Date de parution :<\/span> 20\/04\/2016<\/li>\n<li class=\"information\"><span class=\"name\">Editeur :<\/span> <a href=\"http:\/\/www.decitre.fr\/editeur\/Dunod\"> Dunod <\/a><\/li>\n<li class=\"information\"><span class=\"name\">Collection :<\/span> <a href=\"http:\/\/www.decitre.fr\/collection\/Les+ateliers+du+praticien\">Les ateliers du praticien <\/a><\/li>\n<li class=\"information\"><span class=\"name\">ISBN :<\/span> 978-2-10-075039-9<\/li>\n<li class=\"information\"><span class=\"name\">EAN :<\/span> 9782100750399<\/li>\n<li class=\"information\"><span class=\"name\">Format :<\/span> PDF<\/li>\n<li class=\"information\"><span class=\"name\">Nb. de pages :<\/span> 336 pages<\/li>\n<li class=\"format-ebook\"><span class=\"format-name\">Caract\u00e9ristiques du format PDF<\/span><\/li>\n<li class=\"information\"><span class=\"name\">Pages : <\/span> 336<\/li>\n<\/ul>\n<hr \/>\n<h5>2014<\/h5>\n<h5><a href=\"http:\/\/www.decitre.fr\/livres\/le-traumatisme-psychique-chez-l-adulte-9782804169398.html\" target=\"_blank\"><img loading=\"lazy\" class=\"alignleft size-full wp-image-2353\" src=\"http:\/\/artherapievirtus.org\/vda\/wp-content\/uploads\/2016\/07\/Psycho-du-trauma.jpg\" alt=\"Psycho du trauma\" width=\"183\" height=\"250\" \/><\/a><a href=\"http:\/\/artherapievirtus.org\/vda\/livre-traumatisme-psychique-adulte\/\" target=\"_blank\">Le traumatisme psychique chez l&rsquo;adulte<\/a><\/h5>\n<ul>\n<li class=\"information\"><span class=\"name\">Date de parution :<\/span> 16\/05\/2014<\/li>\n<li class=\"information\"><span class=\"name\">Editeur :<\/span> <a href=\"http:\/\/www.decitre.fr\/editeur\/De+Boeck\"> De Boeck <\/a><\/li>\n<li class=\"information\"><span class=\"name\">Collection :<\/span> <a href=\"http:\/\/www.decitre.fr\/collection\/Ouvertures+Psychologiques\"> Ouvertures Psychologiques <\/a><\/li>\n<li class=\"information\"><span class=\"name\">ISBN :<\/span> 978-2-8041-6939-8<\/li>\n<li class=\"information\"><span class=\"name\">EAN :<\/span> 9782804169398<\/li>\n<li class=\"information\"><span class=\"name\">Pr\u00e9sentation :<\/span> Broch\u00e9<\/li>\n<li class=\"information\"><span class=\"name\">Nb. de pages :<\/span> 304 pages<\/li>\n<li class=\"information\"><span class=\"name\">Poids :<\/span> 0.474 Kg<\/li>\n<li class=\"information\"><span class=\"name\">Dimensions :<\/span> 14,5 cm \u00d7 19,0 cm \u00d7 1,5 cm<\/li>\n<\/ul>\n<p><strong>Evelyne Josse<\/strong><\/p>\n<p>Psychologue belge agr\u00e9\u00e9<\/p>\n<hr \/>\n<h5>2013<\/h5>\n<h5><a href=\"http:\/\/www.decitre.fr\/livres\/l-aide-memoire-de-psycho-traumatologie-9782100593330.html\" target=\"_blank\"><img loading=\"lazy\" class=\"alignleft size-medium wp-image-2046\" src=\"http:\/\/artherapievirtus.org\/vda\/wp-content\/uploads\/2016\/07\/Laide-me\u0301moire-psycho-trau-215x300.gif\" alt=\"L'aide me\u0301moire psycho trau\" width=\"215\" height=\"300\" \/><\/a>L&rsquo;aide-m\u00e9moire de psycho-traumatologie<\/h5>\n<p>Date de parution : 24\/04\/2013<br \/>\nEditeur : Dunod<br \/>\nISBN : 978-2-10-059333-0<br \/>\nEAN : 9782100593330<br \/>\nPr\u00e9sentation : Broch\u00e9<br \/>\nNb. de pages : 304 pages<br \/>\nPoids : 0.54 Kg<br \/>\nDimensions : 15,0 cm \u00d7 21,0 cm \u00d7 2,2 cm<\/p>\n<h5><span style=\"color: #993366;\">Marianne K\u00e9dia<\/span><\/h5>\n<p><strong>Marianne K\u00e9dia<\/strong> docteur en psychologie clinique, psychoth\u00e9rapeute, charg\u00e9e d&rsquo;enseignement \u00e0 l&rsquo;Universit\u00e9 Paris V &#8211; Ren\u00e9 Descartes, r\u00e9f\u00e9rent stress d&rsquo;Action Contre la faim.<\/p>\n<h5><span style=\"color: #993366;\">Aurore Sabouraud-S\u00e9guin<\/span><\/h5>\n<p><strong>\u00a0Aurore Sabouraud &#8211; Seguin<\/strong> psychiatre. Enseigne \u00e0 l&rsquo;Universit\u00e9 Paris5 Psychiatre, directrice du Centre de psychotrauma de l&rsquo;Institut de victimologie (Paris).<\/p>\n<p>Cet aide-m\u00e9moire offre un panorama actualis\u00e9 et complet du psychotrauma. R\u00e9dig\u00e9 par des cliniciens exp\u00e9riment\u00e9s, chaque chapitre traite des questions th\u00e9oriques et pratiques essentielles. Fondements, Historique de la prise en charge du trauma en psychiatrie, Pierre Janet, S\u00e0ndor Ferenczi, \u00c9tat de stress post-traumatique, \u00e9tat de stress post-traumatique chez l&rsquo;enfant&#8230; Types de traumatismes, Accidents collectifs et catastrophes, Accidents de la route, Agressions sexuelles, Emprise psychologique, Harc\u00e8lement, Maltraitance infantile, Torture et violences d&rsquo;\u00e9tat, Violences conjugales, Prises d&rsquo;otages.<br \/>\nPsychopathologie, \u00c9valuation clinique, Addictions, Alexithymie, Troubles du comportement alimentaire, Comorbidit\u00e9, Suicide, Circuit limbique, M\u00e9moire traumatique, Dissociation et d\u00e9tresse p\u00e9ritraumatiques, Troubles dissociatifs, \u00c9tat limite, Probl\u00e9matique de l&rsquo;attachement, Coping, R\u00e9silience&#8230;<\/p>\n<hr \/>\n<h5>2012<\/h5>\n<p><a href=\"http:\/\/www.decitre.fr\/livres\/dissociation-et-memoire-traumatique-9782100547807.html\" target=\"_blank\"><img loading=\"lazy\" class=\"wp-image-2564 size-medium alignleft\" src=\"http:\/\/artherapievirtus.org\/vda\/wp-content\/uploads\/2016\/08\/Dissociation-me\u0301moire-traumatique-190x300.gif\" alt=\"Dissociation &amp; me\u0301moire traumatique\" width=\"190\" height=\"300\" \/><\/a><a href=\"http:\/\/artherapievirtus.org\/vda\/livre-dissociation-memoire-traumatique-marianne-kedia\/\" target=\"_blank\"><strong>Dissociation &amp; m\u00e9moire traumatique<\/strong><\/a><\/p>\n<p>par Marianne K\u00e9dia<br \/>\nJohan Vanderlinden, G\u00e9rard Lopez, Isabelle+Saillot, Daniel Brown<br \/>\nDate de parution : 02\/05\/2012<br \/>\nEditeur : Dunod<br \/>\nCollection : Psychoth\u00e9rapies<br \/>\nISBN : 978-2-10-054780-7<br \/>\nEAN : 9782100547807<br \/>\nPr\u00e9sentation : Broch\u00e9<br \/>\nNb. de pages : 237 pages<br \/>\nPoids : 0.4 Kg<br \/>\nDimensions : 15,5 cm \u00d7 24,0 cm \u00d7 1,4 cm<\/p>\n<div class=\"sharedaddy sd-sharing-enabled\"><div class=\"robots-nocontent sd-block sd-social sd-social-official sd-sharing\"><h3 class=\"sd-title\">Partager\u00a0:<\/h3><div class=\"sd-content\"><ul><li class=\"share-facebook\"><div class=\"fb-share-button\" data-href=\"https:\/\/artherapievirtus.org\/vda\/bibliographie\/\" data-layout=\"button_count\"><\/div><\/li><li class=\"share-twitter\"><a href=\"https:\/\/twitter.com\/share\" class=\"twitter-share-button\" data-url=\"https:\/\/artherapievirtus.org\/vda\/bibliographie\/\" data-text=\"Bibliographie\"  >Tweet<\/a><\/li><li class=\"share-linkedin\"><div class=\"linkedin_button\"><script type=\"in\/share\" data-url=\"https:\/\/artherapievirtus.org\/vda\/bibliographie\/\" data-counter=\"right\"><\/script><\/div><\/li><li><a href=\"#\" class=\"sharing-anchor sd-button share-more\"><span>Plus<\/span><\/a><\/li><li class=\"share-end\"><\/li><\/ul><div class=\"sharing-hidden\"><div class=\"inner\" style=\"display: none;\"><ul><li class=\"share-print\"><a rel=\"nofollow noopener noreferrer\" data-shared=\"\" class=\"share-print sd-button\" href=\"https:\/\/artherapievirtus.org\/vda\/bibliographie\/\" target=\"_blank\" title=\"Cliquer pour imprimer\"><span>Imprimer<\/span><\/a><\/li><li class=\"share-email\"><a rel=\"nofollow noopener noreferrer\" data-shared=\"\" class=\"share-email sd-button\" href=\"https:\/\/artherapievirtus.org\/vda\/bibliographie\/?share=email\" target=\"_blank\" title=\"Cliquez pour envoyer par e-mail \u00e0 un ami\"><span>E-mail<\/span><\/a><\/li><li class=\"share-end\"><\/li><li class=\"share-end\"><\/li><\/ul><\/div><\/div><\/div><\/div><\/div>","protected":false},"excerpt":{"rendered":"<p>Pour acqu\u00e9rir les livres, cliquez sur leur couv 2016 Les coulisses du 13 novembre Jean-Michel D\u00e9cugis, Fran\u00e7ois Malye, J\u00e9r\u00f4me Vincent Date de parution : 10\/11\/2016 Editeur : Plon Collection : Actualit\u00e9 ISBN : 978-2-259-25104-4 EAN : 9782259251044 Pr\u00e9sentation : Broch\u00e9 Nb. de pages : 281 pages Poids : 0.38 Kg Dimensions : 14,1 cm \u00d7&hellip; <\/p>\n<p class=\"toivo-read-more\"><a href=\"https:\/\/artherapievirtus.org\/vda\/bibliographie\/\" class=\"more-link\">Lire la suite <span class=\"screen-reader-text\">de<\/span> <span class=\"screen-reader-text\">Bibliographie<\/span><\/a><\/p>\n<div class=\"sharedaddy sd-sharing-enabled\"><div class=\"robots-nocontent sd-block sd-social sd-social-official sd-sharing\"><h3 class=\"sd-title\">Partager\u00a0:<\/h3><div class=\"sd-content\"><ul><li class=\"share-facebook\"><div class=\"fb-share-button\" data-href=\"https:\/\/artherapievirtus.org\/vda\/bibliographie\/\" data-layout=\"button_count\"><\/div><\/li><li class=\"share-twitter\"><a href=\"https:\/\/twitter.com\/share\" class=\"twitter-share-button\" data-url=\"https:\/\/artherapievirtus.org\/vda\/bibliographie\/\" data-text=\"Bibliographie\"  >Tweet<\/a><\/li><li class=\"share-linkedin\"><div class=\"linkedin_button\"><script type=\"in\/share\" data-url=\"https:\/\/artherapievirtus.org\/vda\/bibliographie\/\" data-counter=\"right\"><\/script><\/div><\/li><li><a href=\"#\" class=\"sharing-anchor sd-button share-more\"><span>Plus<\/span><\/a><\/li><li class=\"share-end\"><\/li><\/ul><div class=\"sharing-hidden\"><div class=\"inner\" style=\"display: none;\"><ul><li class=\"share-print\"><a rel=\"nofollow noopener noreferrer\" data-shared=\"\" class=\"share-print sd-button\" href=\"https:\/\/artherapievirtus.org\/vda\/bibliographie\/\" target=\"_blank\" title=\"Cliquer pour imprimer\"><span>Imprimer<\/span><\/a><\/li><li class=\"share-email\"><a rel=\"nofollow noopener noreferrer\" data-shared=\"\" class=\"share-email sd-button\" href=\"https:\/\/artherapievirtus.org\/vda\/bibliographie\/?share=email\" target=\"_blank\" title=\"Cliquez pour envoyer par e-mail \u00e0 un ami\"><span>E-mail<\/span><\/a><\/li><li class=\"share-end\"><\/li><li class=\"share-end\"><\/li><\/ul><\/div><\/div><\/div><\/div><\/div>","protected":false},"author":3,"featured_media":0,"parent":0,"menu_order":0,"comment_status":"closed","ping_status":"closed","template":"","meta":{"spay_email":""},"yoast_head":"<!-- This site is optimized with the Yoast SEO plugin v17.2.1 - https:\/\/yoast.com\/wordpress\/plugins\/seo\/ -->\n<title>Bibliographie - 13 OR DE VIE \u2013 Victimes des attentats<\/title>\n<meta name=\"description\" content=\"Bibliographie, Traiter les psychotraumatismes, L&#039;aide-m\u00e9moire de psycho-traumatologie, Aurore Sabouraud-S\u00e9guin, Marianne K\u00e9dia\" \/>\n<meta name=\"robots\" content=\"index, follow, max-snippet:-1, max-image-preview:large, max-video-preview:-1\" \/>\n<link rel=\"canonical\" href=\"https:\/\/artherapievirtus.org\/vda\/bibliographie\/\" \/>\n<meta property=\"og:locale\" content=\"fr_FR\" \/>\n<meta property=\"og:type\" content=\"article\" \/>\n<meta property=\"og:title\" content=\"Bibliographie - 13 OR DE VIE \u2013 Victimes des attentats\" \/>\n<meta property=\"og:description\" content=\"Bibliographie, Traiter les psychotraumatismes, L&#039;aide-m\u00e9moire de psycho-traumatologie, Aurore Sabouraud-S\u00e9guin, Marianne K\u00e9dia\" \/>\n<meta property=\"og:url\" content=\"https:\/\/artherapievirtus.org\/vda\/bibliographie\/\" \/>\n<meta property=\"og:site_name\" content=\"13 OR DE VIE \u2013 Victimes des attentats\" \/>\n<meta property=\"article:publisher\" content=\"https:\/\/www.facebook.com\/artherapievirtus.org\/\" \/>\n<meta property=\"article:modified_time\" content=\"2017-01-22T07:36:05+00:00\" \/>\n<meta property=\"og:image\" content=\"http:\/\/artherapievirtus.org\/vda\/wp-content\/uploads\/2017\/01\/Livre-Les-coulisses-du-13-Novembre-196x300.gif\" \/>\n<meta name=\"twitter:card\" content=\"summary\" \/>\n<meta name=\"twitter:site\" content=\"@artherapie75\" \/>\n<meta name=\"twitter:label1\" content=\"Dur\u00e9e de lecture estim\u00e9e\" \/>\n\t<meta name=\"twitter:data1\" content=\"3 minutes\" \/>\n<script type=\"application\/ld+json\" class=\"yoast-schema-graph\">{\"@context\":\"https:\/\/schema.org\",\"@graph\":[{\"@type\":\"WebSite\",\"@id\":\"https:\/\/artherapievirtus.org\/vda\/#website\",\"url\":\"https:\/\/artherapievirtus.org\/vda\/\",\"name\":\"13 OR DE VIE \\u2013 Victimes des attentats\",\"description\":\"Ce blogue  13 OR DE VIE est un outil collaboratif pour les ateliers d\\u2019Art-Th\\u00e9rapie  \\u00e0 l\\u2019intention des victimes du terrorisme\",\"potentialAction\":[{\"@type\":\"SearchAction\",\"target\":{\"@type\":\"EntryPoint\",\"urlTemplate\":\"https:\/\/artherapievirtus.org\/vda\/?s={search_term_string}\"},\"query-input\":\"required name=search_term_string\"}],\"inLanguage\":\"fr-FR\"},{\"@type\":\"ImageObject\",\"@id\":\"https:\/\/artherapievirtus.org\/vda\/bibliographie\/#primaryimage\",\"inLanguage\":\"fr-FR\",\"url\":\"http:\/\/artherapievirtus.org\/vda\/wp-content\/uploads\/2017\/01\/Livre-Les-coulisses-du-13-Novembre-196x300.gif\",\"contentUrl\":\"http:\/\/artherapievirtus.org\/vda\/wp-content\/uploads\/2017\/01\/Livre-Les-coulisses-du-13-Novembre-196x300.gif\"},{\"@type\":\"WebPage\",\"@id\":\"https:\/\/artherapievirtus.org\/vda\/bibliographie\/#webpage\",\"url\":\"https:\/\/artherapievirtus.org\/vda\/bibliographie\/\",\"name\":\"Bibliographie - 13 OR DE VIE \\u2013 Victimes des attentats\",\"isPartOf\":{\"@id\":\"https:\/\/artherapievirtus.org\/vda\/#website\"},\"primaryImageOfPage\":{\"@id\":\"https:\/\/artherapievirtus.org\/vda\/bibliographie\/#primaryimage\"},\"datePublished\":\"2016-07-23T18:18:40+00:00\",\"dateModified\":\"2017-01-22T07:36:05+00:00\",\"description\":\"Bibliographie, Traiter les psychotraumatismes, L'aide-m\\u00e9moire de psycho-traumatologie, Aurore Sabouraud-S\\u00e9guin, Marianne K\\u00e9dia\",\"breadcrumb\":{\"@id\":\"https:\/\/artherapievirtus.org\/vda\/bibliographie\/#breadcrumb\"},\"inLanguage\":\"fr-FR\",\"potentialAction\":[{\"@type\":\"ReadAction\",\"target\":[\"https:\/\/artherapievirtus.org\/vda\/bibliographie\/\"]}]},{\"@type\":\"BreadcrumbList\",\"@id\":\"https:\/\/artherapievirtus.org\/vda\/bibliographie\/#breadcrumb\",\"itemListElement\":[{\"@type\":\"ListItem\",\"position\":1,\"name\":\"Accueil\",\"item\":\"https:\/\/artherapievirtus.org\/vda\/\"},{\"@type\":\"ListItem\",\"position\":2,\"name\":\"Bibliographie\"}]}]}<\/script>\n<!-- \/ Yoast SEO plugin. -->","yoast_head_json":{"title":"Bibliographie - 13 OR DE VIE \u2013 Victimes des attentats","description":"Bibliographie, Traiter les psychotraumatismes, L'aide-m\u00e9moire de psycho-traumatologie, Aurore Sabouraud-S\u00e9guin, Marianne K\u00e9dia","robots":{"index":"index","follow":"follow","max-snippet":"max-snippet:-1","max-image-preview":"max-image-preview:large","max-video-preview":"max-video-preview:-1"},"canonical":"https:\/\/artherapievirtus.org\/vda\/bibliographie\/","og_locale":"fr_FR","og_type":"article","og_title":"Bibliographie - 13 OR DE VIE \u2013 Victimes des attentats","og_description":"Bibliographie, Traiter les psychotraumatismes, L'aide-m\u00e9moire de psycho-traumatologie, Aurore Sabouraud-S\u00e9guin, Marianne K\u00e9dia","og_url":"https:\/\/artherapievirtus.org\/vda\/bibliographie\/","og_site_name":"13 OR DE VIE \u2013 Victimes des attentats","article_publisher":"https:\/\/www.facebook.com\/artherapievirtus.org\/","article_modified_time":"2017-01-22T07:36:05+00:00","og_image":[{"url":"http:\/\/artherapievirtus.org\/vda\/wp-content\/uploads\/2017\/01\/Livre-Les-coulisses-du-13-Novembre-196x300.gif"}],"twitter_card":"summary","twitter_site":"@artherapie75","twitter_misc":{"Dur\u00e9e de lecture estim\u00e9e":"3 minutes"},"schema":{"@context":"https:\/\/schema.org","@graph":[{"@type":"WebSite","@id":"https:\/\/artherapievirtus.org\/vda\/#website","url":"https:\/\/artherapievirtus.org\/vda\/","name":"13 OR DE VIE \u2013 Victimes des attentats","description":"Ce blogue  13 OR DE VIE est un outil collaboratif pour les ateliers d\u2019Art-Th\u00e9rapie  \u00e0 l\u2019intention des victimes du terrorisme","potentialAction":[{"@type":"SearchAction","target":{"@type":"EntryPoint","urlTemplate":"https:\/\/artherapievirtus.org\/vda\/?s={search_term_string}"},"query-input":"required name=search_term_string"}],"inLanguage":"fr-FR"},{"@type":"ImageObject","@id":"https:\/\/artherapievirtus.org\/vda\/bibliographie\/#primaryimage","inLanguage":"fr-FR","url":"http:\/\/artherapievirtus.org\/vda\/wp-content\/uploads\/2017\/01\/Livre-Les-coulisses-du-13-Novembre-196x300.gif","contentUrl":"http:\/\/artherapievirtus.org\/vda\/wp-content\/uploads\/2017\/01\/Livre-Les-coulisses-du-13-Novembre-196x300.gif"},{"@type":"WebPage","@id":"https:\/\/artherapievirtus.org\/vda\/bibliographie\/#webpage","url":"https:\/\/artherapievirtus.org\/vda\/bibliographie\/","name":"Bibliographie - 13 OR DE VIE \u2013 Victimes des attentats","isPartOf":{"@id":"https:\/\/artherapievirtus.org\/vda\/#website"},"primaryImageOfPage":{"@id":"https:\/\/artherapievirtus.org\/vda\/bibliographie\/#primaryimage"},"datePublished":"2016-07-23T18:18:40+00:00","dateModified":"2017-01-22T07:36:05+00:00","description":"Bibliographie, Traiter les psychotraumatismes, L'aide-m\u00e9moire de psycho-traumatologie, Aurore Sabouraud-S\u00e9guin, Marianne K\u00e9dia","breadcrumb":{"@id":"https:\/\/artherapievirtus.org\/vda\/bibliographie\/#breadcrumb"},"inLanguage":"fr-FR","potentialAction":[{"@type":"ReadAction","target":["https:\/\/artherapievirtus.org\/vda\/bibliographie\/"]}]},{"@type":"BreadcrumbList","@id":"https:\/\/artherapievirtus.org\/vda\/bibliographie\/#breadcrumb","itemListElement":[{"@type":"ListItem","position":1,"name":"Accueil","item":"https:\/\/artherapievirtus.org\/vda\/"},{"@type":"ListItem","position":2,"name":"Bibliographie"}]}]}},"jetpack_sharing_enabled":true,"jetpack_likes_enabled":true,"_links":{"self":[{"href":"https:\/\/artherapievirtus.org\/vda\/wp-json\/wp\/v2\/pages\/2041"}],"collection":[{"href":"https:\/\/artherapievirtus.org\/vda\/wp-json\/wp\/v2\/pages"}],"about":[{"href":"https:\/\/artherapievirtus.org\/vda\/wp-json\/wp\/v2\/types\/page"}],"author":[{"embeddable":true,"href":"https:\/\/artherapievirtus.org\/vda\/wp-json\/wp\/v2\/users\/3"}],"replies":[{"embeddable":true,"href":"https:\/\/artherapievirtus.org\/vda\/wp-json\/wp\/v2\/comments?post=2041"}],"version-history":[{"count":13,"href":"https:\/\/artherapievirtus.org\/vda\/wp-json\/wp\/v2\/pages\/2041\/revisions"}],"predecessor-version":[{"id":6549,"href":"https:\/\/artherapievirtus.org\/vda\/wp-json\/wp\/v2\/pages\/2041\/revisions\/6549"}],"wp:attachment":[{"href":"https:\/\/artherapievirtus.org\/vda\/wp-json\/wp\/v2\/media?parent=2041"}],"curies":[{"name":"wp","href":"https:\/\/api.w.org\/{rel}","templated":true}]}}