{"id":91,"date":"2013-07-06T11:14:18","date_gmt":"2013-07-06T09:14:18","guid":{"rendered":"http:\/\/artherapievirtus.org\/marionnette\/?page_id=91"},"modified":"2013-07-06T11:51:50","modified_gmt":"2013-07-06T09:51:50","slug":"marionnettes-et-psychopedagogie","status":"publish","type":"page","link":"https:\/\/artherapievirtus.org\/marionnette\/marionnettes-et-psychopedagogie\/","title":{"rendered":"Marionnettes et psychop\u00e9dagogie \u2013 atelier \u00e0 Clichy 2013-2014"},"content":{"rendered":"<p>La marionnette est une m\u00e9diation riche et surprenante dans le domaine de la psychop\u00e9dagogie comme de la th\u00e9rapie \u00e0 proprement dit.<\/p>\n<p>\u00ab\u00a0Le psycho-p\u00e9dagogue, (celui qui montre le chemin), am\u00e8ne l&rsquo;enfant vers l&rsquo;autonomie, et prend en consid\u00e9ration pas seulement les facteurs cognitifs mais aussi les facteurs conatifs qui sont affectifs et sociaux. Travailler sur l&rsquo;image de soi engage une dimension narcissique et sociale. Il s\u2019agit d\u2019\u00e9veiller, de r\u00e9activer le savoir que chaque sujet a en lui. Pas seulement\u00a0 un savoir-faire mais aussi\u00a0 un savoir \u00eatre.\u00a0\u00bb<\/p>\n<p>La marionnette peut \u00eatre utilis\u00e9e pour \u00e9duquer ou r\u00e9\u00e9duquer, pour l&rsquo;apprentissage d&rsquo;une langue, pour la pr\u00e9vention\u00a0; elle peut aider \u00e0 contenir, exprimer et purger des \u00e9motions, issues des drames de la vie. On peut travailler sur des th\u00e8mes comme le deuil ou la violence. L&rsquo;objectif recherch\u00e9 change chaque fois recherch\u00e9 par rapport au besoin du public.<\/p>\n<p>La marionnette est l&rsquo;art de la convergence et de la synth\u00e8se de tous les arts. En s&rsquo;appuyant sur une cr\u00e9ation plastique, elle convoque le modelage, la peinture, la couture, l&rsquo;\u00e9criture aussi bien que des techniques dites cin\u00e9tiques tels que la danse, la musique, le th\u00e9\u00e2tre.<\/p>\n<p>La marionnette est le simulacre d\u2019un \u00eatre vivant, un double, permettant au sujet de symboliser \u00e0 travers le jeu, de d\u00e9velopper sa capacit\u00e9 expressive et imaginaire. Elle utilise plusieurs langages\u00a0: parl\u00e9, gestuel et visuel.<\/p>\n<p>Pour cause de blessures narcissiques ou autres raisons (probl\u00e8mes sociaux, familiaux, de sant\u00e9, etc.), une personne peut rester \u00ab\u00a0bloqu\u00e9e\u00a0\u00bb et\u00a0 ne pas utiliser toutes ses capacit\u00e9s. L&rsquo;objectif est de mobiliser ces comp\u00e9tences, de cr\u00e9er le besoin qui n&rsquo;a pas pu \u00eatre suffisamment d\u00e9velopp\u00e9, d\u2019ouvrir \u00e0 la nouveaut\u00e9 et \u00e0 l\u2019exp\u00e9rimentation, et de donner du sens dans l\u2019histoire personnelle, sociale ou culturelle de chaque personne, de l\u2019amener \u00e0 s\u2019interroger sur des questions plus philosophiques et existentielles.<\/p>\n<p>Cette m\u00e9diation permet \u00e0 la fois un travail individuel et collectif\u00a0: oser parler, apprendre \u00e0 communiquer, \u00e9couter, n\u00e9gocier et partager, cr\u00e9er tout en respectant l&rsquo;autre et en valorisant la diff\u00e9rence de chacun.<\/p>\n<p>Cette aire de jeu vise \u00e0 restaurer l&rsquo;estime de soi, r\u00e9tablir la confiance en l\u2019autre et soi-m\u00eame, favoriser la communication. Le sujet peut ainsi construire du \u00ab\u00a0je\u00a0\u00bb narcissique et du \u00ab\u00a0je\u00a0\u00bb social, instaurer un lien social, une sorte de communion qui cr\u00e9e du sens.<\/p>\n<p><a href=\"http:\/\/artherapievirtus.org\/marionnette\/wp-content\/uploads\/2013\/07\/ELENI-ANWARjul07-7-web.gif\"><img data-attachment-id=\"92\" data-permalink=\"https:\/\/artherapievirtus.org\/marionnette\/marionnettes-et-psychopedagogie\/eleni-anwarjul07-7-web\/\" data-orig-file=\"https:\/\/artherapievirtus.org\/marionnette\/wp-content\/uploads\/2013\/07\/ELENI-ANWARjul07-7-web.gif\" data-orig-size=\"886,709\" data-comments-opened=\"1\" data-image-meta=\"{&quot;aperture&quot;:&quot;0&quot;,&quot;credit&quot;:&quot;&quot;,&quot;camera&quot;:&quot;&quot;,&quot;caption&quot;:&quot;&quot;,&quot;created_timestamp&quot;:&quot;0&quot;,&quot;copyright&quot;:&quot;&quot;,&quot;focal_length&quot;:&quot;0&quot;,&quot;iso&quot;:&quot;0&quot;,&quot;shutter_speed&quot;:&quot;0&quot;,&quot;title&quot;:&quot;&quot;}\" data-image-title=\"ELENI-ANWARjul07-(7) web\" data-image-description=\"\" data-image-caption=\"\" data-medium-file=\"https:\/\/artherapievirtus.org\/marionnette\/wp-content\/uploads\/2013\/07\/ELENI-ANWARjul07-7-web-300x240.gif\" data-large-file=\"https:\/\/artherapievirtus.org\/marionnette\/wp-content\/uploads\/2013\/07\/ELENI-ANWARjul07-7-web.gif\" loading=\"lazy\" class=\"aligncenter size-full wp-image-92\" alt=\"ELENI-ANWARjul07-(7) web\" src=\"http:\/\/artherapievirtus.org\/marionnette\/wp-content\/uploads\/2013\/07\/ELENI-ANWARjul07-7-web.gif\" width=\"886\" height=\"709\" \/><\/a><\/p>\n<div class=\"sharedaddy sd-sharing-enabled\"><div class=\"robots-nocontent sd-block sd-social sd-social-official sd-sharing\"><h3 class=\"sd-title\">Partager:<\/h3><div class=\"sd-content\"><ul><li class=\"share-facebook\"><div class=\"fb-share-button\" data-href=\"https:\/\/artherapievirtus.org\/marionnette\/marionnettes-et-psychopedagogie\/\" data-layout=\"button_count\"><\/div><\/li><li class=\"share-linkedin\"><div class=\"linkedin_button\"><script type=\"in\/share\" data-url=\"https:\/\/artherapievirtus.org\/marionnette\/marionnettes-et-psychopedagogie\/\" data-counter=\"right\"><\/script><\/div><\/li><li class=\"share-twitter\"><a href=\"https:\/\/twitter.com\/share\" class=\"twitter-share-button\" data-url=\"https:\/\/artherapievirtus.org\/marionnette\/marionnettes-et-psychopedagogie\/\" data-text=\"Marionnettes et psychop\u00e9dagogie \u2013 atelier \u00e0 Clichy 2013-2014\"  >Tweet<\/a><\/li><li><a href=\"#\" class=\"sharing-anchor sd-button share-more\"><span>Plus<\/span><\/a><\/li><li class=\"share-end\"><\/li><\/ul><div class=\"sharing-hidden\"><div class=\"inner\" style=\"display: none;\"><ul><li class=\"share-email\"><a rel=\"nofollow noopener noreferrer\" data-shared=\"\" class=\"share-email sd-button\" href=\"https:\/\/artherapievirtus.org\/marionnette\/marionnettes-et-psychopedagogie\/?share=email\" target=\"_blank\" title=\"Cliquez pour envoyer par e-mail \u00e0 un ami\"><span>E-mail<\/span><\/a><\/li><li class=\"share-print\"><a rel=\"nofollow noopener noreferrer\" data-shared=\"\" class=\"share-print sd-button\" href=\"https:\/\/artherapievirtus.org\/marionnette\/marionnettes-et-psychopedagogie\/\" target=\"_blank\" title=\"Cliquer pour imprimer\"><span>Imprimer<\/span><\/a><\/li><li class=\"share-end\"><\/li><li class=\"share-end\"><\/li><\/ul><\/div><\/div><\/div><\/div><\/div>","protected":false},"excerpt":{"rendered":"<p>La marionnette est une m\u00e9diation riche et surprenante dans le domaine de la psychop\u00e9dagogie comme de la th\u00e9rapie \u00e0 proprement dit. \u00ab\u00a0Le psycho-p\u00e9dagogue, (celui qui montre le chemin), am\u00e8ne l&rsquo;enfant vers l&rsquo;autonomie, et prend en consid\u00e9ration pas seulement les facteurs cognitifs mais aussi les facteurs conatifs qui sont affectifs et sociaux. Travailler sur l&rsquo;image de&hellip; <\/p>\n<p class=\"toivo-read-more\"><a href=\"https:\/\/artherapievirtus.org\/marionnette\/marionnettes-et-psychopedagogie\/\" class=\"more-link\">Lire la suite <span class=\"screen-reader-text\">Marionnettes et psychop\u00e9dagogie \u2013 atelier \u00e0 Clichy 2013-2014<\/span><\/a><\/p>\n<div class=\"sharedaddy sd-sharing-enabled\"><div class=\"robots-nocontent sd-block sd-social sd-social-official sd-sharing\"><h3 class=\"sd-title\">Partager:<\/h3><div class=\"sd-content\"><ul><li class=\"share-facebook\"><div class=\"fb-share-button\" data-href=\"https:\/\/artherapievirtus.org\/marionnette\/marionnettes-et-psychopedagogie\/\" data-layout=\"button_count\"><\/div><\/li><li class=\"share-linkedin\"><div class=\"linkedin_button\"><script type=\"in\/share\" data-url=\"https:\/\/artherapievirtus.org\/marionnette\/marionnettes-et-psychopedagogie\/\" data-counter=\"right\"><\/script><\/div><\/li><li class=\"share-twitter\"><a href=\"https:\/\/twitter.com\/share\" class=\"twitter-share-button\" data-url=\"https:\/\/artherapievirtus.org\/marionnette\/marionnettes-et-psychopedagogie\/\" data-text=\"Marionnettes et psychop\u00e9dagogie \u2013 atelier \u00e0 Clichy 2013-2014\"  >Tweet<\/a><\/li><li><a href=\"#\" class=\"sharing-anchor sd-button share-more\"><span>Plus<\/span><\/a><\/li><li class=\"share-end\"><\/li><\/ul><div class=\"sharing-hidden\"><div class=\"inner\" style=\"display: none;\"><ul><li class=\"share-email\"><a rel=\"nofollow noopener noreferrer\" data-shared=\"\" class=\"share-email sd-button\" href=\"https:\/\/artherapievirtus.org\/marionnette\/marionnettes-et-psychopedagogie\/?share=email\" target=\"_blank\" title=\"Cliquez pour envoyer par e-mail \u00e0 un ami\"><span>E-mail<\/span><\/a><\/li><li class=\"share-print\"><a rel=\"nofollow noopener noreferrer\" data-shared=\"\" class=\"share-print sd-button\" href=\"https:\/\/artherapievirtus.org\/marionnette\/marionnettes-et-psychopedagogie\/\" target=\"_blank\" title=\"Cliquer pour imprimer\"><span>Imprimer<\/span><\/a><\/li><li class=\"share-end\"><\/li><li class=\"share-end\"><\/li><\/ul><\/div><\/div><\/div><\/div><\/div>","protected":false},"author":3,"featured_media":0,"parent":0,"menu_order":0,"comment_status":"open","ping_status":"closed","template":"","meta":{"spay_email":"","_links_to":"","_links_to_target":""},"jetpack_sharing_enabled":true,"jetpack_shortlink":"https:\/\/wp.me\/P3CNWo-1t","jetpack_likes_enabled":true,"_links":{"self":[{"href":"https:\/\/artherapievirtus.org\/marionnette\/wp-json\/wp\/v2\/pages\/91"}],"collection":[{"href":"https:\/\/artherapievirtus.org\/marionnette\/wp-json\/wp\/v2\/pages"}],"about":[{"href":"https:\/\/artherapievirtus.org\/marionnette\/wp-json\/wp\/v2\/types\/page"}],"author":[{"embeddable":true,"href":"https:\/\/artherapievirtus.org\/marionnette\/wp-json\/wp\/v2\/users\/3"}],"replies":[{"embeddable":true,"href":"https:\/\/artherapievirtus.org\/marionnette\/wp-json\/wp\/v2\/comments?post=91"}],"version-history":[{"count":4,"href":"https:\/\/artherapievirtus.org\/marionnette\/wp-json\/wp\/v2\/pages\/91\/revisions"}],"predecessor-version":[{"id":143,"href":"https:\/\/artherapievirtus.org\/marionnette\/wp-json\/wp\/v2\/pages\/91\/revisions\/143"}],"wp:attachment":[{"href":"https:\/\/artherapievirtus.org\/marionnette\/wp-json\/wp\/v2\/media?parent=91"}],"curies":[{"name":"wp","href":"https:\/\/api.w.org\/{rel}","templated":true}]}}