{"id":59,"date":"2012-02-03T12:04:35","date_gmt":"2012-02-03T11:04:35","guid":{"rendered":"http:\/\/artherapievirtus.org\/marionnette\/?page_id=59"},"modified":"2013-06-09T18:56:27","modified_gmt":"2013-06-09T16:56:27","slug":"3-et-4-fevrier-2012-journees-professionnelles-de-la-marionnette-a-clichy","status":"publish","type":"page","link":"https:\/\/artherapievirtus.org\/marionnette\/3-et-4-fevrier-2012-journees-professionnelles-de-la-marionnette-a-clichy\/","title":{"rendered":"3 et 4 f\u00e9vrier 2012 \u2013 Journ\u00e9es professionnelles de la marionnette \u00e0 Clichy"},"content":{"rendered":"<p><strong>Propos\u00e9es par le\u00a0<em>Clastic th\u00e9\u00e2tre et Themaa.<\/em><\/strong><\/p>\n<p>La marionnette a souvent \u00e9t\u00e9 l&rsquo;objet d&rsquo;une surveillance \u00e9troite de la part des pouvoirs politiques et religieux. Les repr\u00e9sentations ont pu \u00eatre interdites, les \u0153uvres mutil\u00e9es, les artistes pourchass\u00e9s, emprisonn\u00e9s et parfois ex\u00e9cut\u00e9s. L&rsquo;art de la marionnette rencontre aussi la censure sur un autre terrain, celui de la confrontation aux tabous : parce qu&rsquo;elle n&rsquo;est qu&rsquo;une figure artificielle, il lui est plus facile de repr\u00e9senter l&rsquo;irrepr\u00e9sentable, les puissances du fantasme ou plus simplement les territoires de l&rsquo;intime. A ce titre la marionnette joue avec nos propres censures, elle les d\u00e9joue et nous invite \u00e0 poser un autre regard sur l&rsquo;humain et ses fronti\u00e8res. L\u00e0 aussi, elle est un puissant r\u00e9v\u00e9lateur de ce qui est permis ou non de dire et de montrer, dans l&rsquo;espace public.<\/p>\n<p>La censure est la sanction, l&rsquo;interdiction d&rsquo;une pi\u00e8ce th\u00e9\u00e2trale. Normalement il y a abolition de la censure au th\u00e9\u00e2tre en Europe, mais quand il y a \u00ab\u00a0trouble \u00e0 l&rsquo;ordre public\u00a0\u00bb, un pr\u00e9fet peut toujours interdire une pi\u00e8ce. La censure qui ne dit pas son nom, c&rsquo;est un pr\u00e9texte pour arr\u00eater les pi\u00e8ces qui d\u00e9rangent, c&rsquo;est plaire au pouvoir, ou ne pas plaire&#8230;<\/p>\n<p>En\u00a0<em><strong>Chine<\/strong><\/em>, avec la r\u00e9volution culturelle, les marionnettes sont brul\u00e9es et les mains des marionnettistes deviennent abim\u00e9es en cassant des cailloux dans les mines.<\/p>\n<p>La marionnette est li\u00e9e \u00e0 la structure religieuse et la pens\u00e9e magique.<\/p>\n<p>C&rsquo;est un vrai coup aux arts traditionnels. Un effort violent de couper le lien avec le pass\u00e9, avec cette id\u00e9e de \u00ab\u00a0toute puissance\u00a0\u00bb de l&rsquo;humain.<\/p>\n<p>Actuellement tous les arts sont durement surveill\u00e9s. La censure am\u00e8ne \u00e0 l&rsquo;absence de la cr\u00e9ativit\u00e9 qui est remplac\u00e9e par une vraie virtuosit\u00e9, un perfectionnement au niveau technique. Le respect absolu du ma\u00eetre conduit le marionnettiste \u00e0 une auto-censure qui ne lui donne pas le droit de d\u00e9passer son ma\u00eetre. Les pi\u00e8ces sont une r\u00e9p\u00e9tition de l&rsquo;\u0153uvre du ma\u00eetre, qui fonctionne comme mod\u00e8le. Cet attachement, ce respect absolu au ma\u00eetre fait bloquer la cr\u00e9ativit\u00e9, l&rsquo;invention du nouveau.<\/p>\n<p>Au\u00a0<em><strong>Tibet<\/strong><\/em>, les spectacles jou\u00e9s disparaissent avec l&rsquo;arriv\u00e9e du communisme chinois.<\/p>\n<p>En\u00a0<em><strong>Moldavie<\/strong><\/em>, pendant la dictature,\u00a0<em>(1920-40)<\/em>, la marionnette, les habits, les textes sont censur\u00e9s. Il est interdit d&rsquo;exprimer une \u00e9motion. Les marionnettes sont utilis\u00e9es comme propagande par le parti, le th\u00e9\u00e2tre devient p\u00e9dagogique et politique. De\u00a0<em>1945<\/em>\u00a0jusqu&rsquo;\u00e0<em>1990<\/em>, il n&rsquo;y a que deux genres de spectacles, les contes et les l\u00e9gendes h\u00e9ro\u00efques, avec une dramaturgie m\u00e9diocre. L&rsquo;objectif est de garder un public ignorant avec un langage sp\u00e9cifique qui contient un message : dire aux enfants o\u00f9 est la v\u00e9rit\u00e9 et o\u00f9 le mensonge. Le h\u00e9ros, bon, fort et moral est un exemple \u00e0 imiter&#8230; Il provoque le clivage dans le psychisme et il donne un mod\u00e8le montr\u00e9 comme la seule possibilit\u00e9 \u00e0 suivre.<\/p>\n<p>Dans les \u00e9coles, l&rsquo;accent est mis sur la perfection du geste et leur philosophie est celle du parti communiste. Les \u00e9l\u00e8ves deviennent l&rsquo;instrument de cette id\u00e9ologie. Les acteurs sont d\u00e9munis de toute improvisation et souvent le texte est enregistr\u00e9, sinon, il y a danger \u00e0 l&rsquo;intonation ironique, aux expressions&#8230; Tous les risques sont pris en compte et contr\u00f4l\u00e9s. Seulement \u00e0 la fin du\u00a0<em>XIXe<\/em>\u00a0si\u00e8cle, la prononciation du texte est permise en\u00a0<em><strong>Russie<\/strong><\/em>. Les artistes \u00e9taient des fonctionnaires pay\u00e9s par l&rsquo;\u00e9tat. Moscou imposait les pi\u00e8ces et le personnage de Petrouska dispara\u00eet pour r\u00e9apparaitre en<em><strong>Moldavie<\/strong><\/em>, apr\u00e8s son ind\u00e9pendance en\u00a0<em>1991<\/em>, (au d\u00e9but la<em><strong>Moldavie<\/strong><\/em>\u00a0appartient \u00e0 la\u00a0<em><strong>Roumanie<\/strong><\/em>\u00a0ensuite \u00e0 la\u00a0<em><strong>Russie<\/strong><\/em>).<\/p>\n<p>En\u00a0<em><strong>France<\/strong><\/em>\u00a0apr\u00e8s la\u00a0<em>2\u00e8me<\/em>\u00a0guerre mondiale, les spectacles scolaires sont censur\u00e9s. L&rsquo;objectif demand\u00e9 est le calme des enfants, la dramaturgie et les th\u00e8mes sont impos\u00e9s parce qu&rsquo;ils devaient servir aux ma\u00eetres et \u00e0 l&rsquo;enseignement p\u00e9dagogique.<\/p>\n<p>D&rsquo;ailleurs l&rsquo;\u00e9glise auparavant utilise la petite Marie, (marionnette), en jouant au sein de l&rsquo;\u00e9glise les contes bibliques. Si la marionnette ne vise leurs objectifs c&rsquo;est bien l&rsquo;\u0153uvre du diable et elle est interdite.<\/p>\n<p>A\u00a0<em><strong>Cuba<\/strong><\/em>, \u00eele cl\u00e9 au plein milieu de\u00a0<em><strong>Cara\u00efbes<\/strong><\/em>, le\u00a0<em>1959<\/em>\u00a0la r\u00e9volution gagne; le statut donn\u00e9 aux artistes est celui du fonctionnaire qui travaille pour l&rsquo;\u00e9tat. Aux ann\u00e9es\u00a0<em>1971-75<\/em>, (d\u00e9cennies noirs), appara\u00eet le concept de \u00ab<em>\u00a0param\u00e9tration\u00a0<\/em>\u00bb. Les artistes qui ne suivent pas les param\u00e8tres ils sont recard\u00e9s. Ils recevaient alors un t\u00e9l\u00e9gramme qui les convoquaient \u00e0 une r\u00e9union o\u00f9 le parti d\u00e9cidait leur futur m\u00e9tier, c&rsquo;est \u00e0 dire: \u00e9boueurs, fossoyeurs, chasseurs de crocodiles&#8230;<\/p>\n<p><em>1960-70\u00a0<\/em>: (les ann\u00e9es de silence)<\/p>\n<p><em>1970\u00a0<\/em>: L&rsquo;art de la marionnette fleurit.<\/p>\n<p>En\u00a0<em>1973\u00a0<\/em>: P\u00e9p\u00e9 vir\u00e9 il est intern\u00e9 dans un h\u00f4pital psychiatrique. Il r\u00e9ussit \u00e0 faire du th\u00e9\u00e2tre pour les fou. Plusieurs artistes sont intern\u00e9s en structure psychiatrique, d&rsquo;autres tombent dans la d\u00e9pression. Les chemins de l&rsquo;art et de la folie encore une fois s&rsquo;entrem\u00ealent.<\/p>\n<p>Les marionnettes sont brul\u00e9es et jet\u00e9es dans les poubelles. Les enfants les r\u00e9cup\u00e8rent, ils m\u00e9langent les mat\u00e9riaux et les marionnettes peuvent rejou\u00e9.<\/p>\n<p>Il y interdiction des rencontres avec d&rsquo;autres marionnettistes, argentins,&#8230;<\/p>\n<p>La marionnette est utilis\u00e9e pour la propagande, didactique, les spectacles sont une le\u00e7on de morale pour apprendre aux enfants de n&rsquo;est pas voler, ne pas mentir&#8230;<\/p>\n<p>Maintenant il y a quelques troupes de marionnette mais l&rsquo;art manque d&rsquo;oxyg\u00e8ne. Ils en parlent mais le trauma est l\u00e0 et la souffrance se fait sentir. Les spectacles sont peu vari\u00e9s, o\u00f9 la valeur la plus importante est la ma\u00eetrise du jeu.<\/p>\n<p>En\u00a0<em><strong>Iran<\/strong><\/em>\u00a0la censure est toujours l\u00e0. C&rsquo;est difficile d&rsquo;avoir un discours contre les armes. C&rsquo;est difficile de d\u00e9passer les clich\u00e9s (pourquoi le personnage n&rsquo;a pas de barbe) et le clivage (tous ceux qui ont un chapelet sont des bons). C&rsquo;est une honte de toucher une femme marionnettiste en plein jeu. Elle doit \u00eatre voil\u00e9e. Faut \u00eatre d&rsquo;accord avec eux et dire que la guerre est bonne, une merveilleuse technologie, faute d&rsquo;arr\u00eater le travail, qui n&rsquo;aboutit jamais. Les artistes ne r\u00e9p\u00e8tent pas la pi\u00e8ce avant d&rsquo;avoir l&rsquo;autorisation officielle. Tous ces textes, les th\u00e9\u00e2tres, les lieux de r\u00e9p\u00e9tition appartiennent au parti, ils sont partout dans les lieux publics et chacun a un r\u00f4le sp\u00e9cial.<\/p>\n<p>Les artistes n&rsquo;ont pas le droit de r\u00eaver de l&rsquo;humanit\u00e9, de l&rsquo;exprimer, ils doivent se conformer aux \u00ab\u00a0normes\u00a0\u00bb d&rsquo;une r\u00e9alit\u00e9 horrible, si non, ils risquent leur vie.<\/p>\n<p>A\u00a0<em><strong>Togo<\/strong><\/em>, (<em><strong>Afrique de l&rsquo;ouest<\/strong><\/em><strong>)<\/strong>, les marionnettes sacr\u00e9es s&rsquo;appellent \u00ab\u00a0<em><strong>tsitsili<\/strong><\/em><em>\u00a0<\/em>\u00bb. Les masques et les marionnettes doivent rester en conformit\u00e9 avec le mythe. La marionnette repr\u00e9sente un f\u00e9tiche qui symbolise l&rsquo;esprit des anc\u00eatres, afin de prot\u00e9ger la communaut\u00e9. Dans les c\u00e9r\u00e9monies de danse ce sont les dieux, les revenants qui cr\u00e9ent \u00e0 travers les hommes qui r\u00eavent. Les marionnettes repr\u00e9sentent les anc\u00eatres mythiques qui reviennent et prot\u00e8gent de la maladie.<\/p>\n<p>L&rsquo;art agit sur la vie collectif et ce n&rsquo;est pas un jeu individuel. Il y a deux sources d&rsquo;inspiration l&rsquo;esth\u00e9tique et l&rsquo;inconscience.<\/p>\n<p>Au\u00a0<em><strong>Nigeria<\/strong><\/em>, l&rsquo;intol\u00e9rance religieuse met tout en p\u00e9ril. Les gens croient que le jeu des marionnettes est satanique. Cet ignorance devient une vraie menace pour l&rsquo; artiste qui pour pr\u00e9server son int\u00e9grit\u00e9 s&rsquo;autocensure. L&rsquo;artiste a le choix ou d&rsquo;abandonner ou de r\u00e9sister contre les interdits et les intol\u00e9rances religieuses. L&rsquo;\u00e9tat ne donne plus les fonds pour cr\u00e9er des marionnettes et une p\u00e9riode m\u00eame elles \u00e9taient interdites.<\/p>\n<p>Au\u00a0<em><strong>S\u00e9n\u00e9gal<\/strong><\/em>\u00a0les marionnettes n&rsquo;existent pas traditionnellement.<em>Patricia Gomis (cr\u00e9ation )\u00a0<\/em>et\u00a0<em>Marcia De Castro<\/em>\u00a0<em>(mise en sc\u00e8ne)<\/em>, nous montre le spectacle,\u00a0<em>\u00ab\u00a0Moi&#8230; Messieurs, Moi&#8230;\u00a0\u00bb<\/em>, dans un objectif qui n&rsquo;est pas de changer des choses mais de prendre la parole et se poser des questions. Les gens ont peur de parler, ils n&rsquo;osent pas critiquer de peur de la punition divine. Dans une ambiance l\u00e9g\u00e8re avec beaucoup de l&rsquo;humour, sous le support de la danse, mime, marionnette, chant, la com\u00e9dienne raconte le sort des enfants en Afrique, en passant par l&rsquo;excision qui est interdite au\u00a0<em><strong>S\u00e9n\u00e9gal<\/strong><\/em>, mais elle se pratique encore aux alentours. C&rsquo;est une coutume ancestrale, pratiqu\u00e9e par les grandes m\u00e8res, qui cache la croyance que la femme est \u00ab\u00a0<em>sale<\/em>\u00a0\u00bb et que le seule moyen de la purifier c&rsquo;est de se mutiler et d&rsquo;an\u00e9antir le plaisir f\u00e9minin, afin de devenir pure et apte de faire des bons enfants&#8230;<\/p>\n<p>Le spectacle fait d\u00e9couvrir la position des enfants\u00a0<em><strong>Africains<\/strong><\/em>, (comme un colis changent des parents, des maisons et des pays et nous prenons conscience que l&rsquo;esclavage existe encore en\u00a0<em><strong>France<\/strong><\/em>.<\/p>\n<p>Tout \u00e7a nous ram\u00e8ne violemment \u00e0 nous qui, d&rsquo;une part, nous essayons de mesurer notre responsabilit\u00e9 comme marionnettistes et d&rsquo;autre part expliquer l&rsquo;autocensure faite sur nous m\u00eames.<\/p>\n<p>Il faut dire que les \u0153uvres en Afrique sont collectives (\u0153uvres des esprits), et pas d&rsquo;un particulier.<\/p>\n<p>Au\u00a0<em><strong>S\u00e9n\u00e9gal<\/strong><\/em>\u00a0les masques et les marionnettes sont disparues, (sauf les masques au sud).<\/p>\n<p>Au\u00a0<em><strong>Nigeria<\/strong><\/em>\u00a0les marionnettes ont surv\u00e9cues, au\u00a0<em><strong>Mali<\/strong><\/em>\u00a0et au<em><strong>Burkina<\/strong><\/em>\u00a0les marionnettes servent \u00e0 des rites bien sp\u00e9cifiques li\u00e9s au sacr\u00e9.<\/p>\n<p>En\u00a0<em><strong>Mauritanie<\/strong><\/em>\u00a0le spectacle va surement \u00eatre censur\u00e9 parce que l&rsquo;excision se pratique encore et l&rsquo;islamisme gouverne.<\/p>\n<p>&nbsp;<\/p>\n<p><strong>Conclusion<\/strong><\/p>\n<p>Le spectacle est un langage th\u00e9\u00e2tral qui fait sens. On doit avoir des strat\u00e9gies d&rsquo;adaptation et de retournement et continuer \u00e0 exp\u00e9rimenter le th\u00e9\u00e2tre de r\u00e9sistance.<\/p>\n<p>On voit bien que les limites se posent par des pouvoirs politiques et sociales. Qui d\u00e9cide de ces limites?<\/p>\n<p>On doit \u00eatre vigilants \u00e0 cette notion de fragilit\u00e9 de la d\u00e9mocratie, ce qu&rsquo;on observe se passer aujourd&rsquo;hui.<\/p>\n<p>Il faut pas d\u00e9placer syst\u00e9matiquement le probl\u00e8me chez l&rsquo;autre, on doit pratiquer l&rsquo;introspection.<\/p>\n<p>Parce que la censure est le pouvoir de l&rsquo;autre sur moi. \u00c7a peut \u00eatre un pouvoir financier, (subventions), esth\u00e9tique, (codes, cases et habitudes), ou celui de la sup\u00e9riorit\u00e9 des personnes qui sont suppos\u00e9es savoir, aptes \u00e0 commander leur pont de vue. Et l\u00e0 o\u00f9 ces pouvoirs peut devenir conscients, on se penche sur le ph\u00e9nom\u00e8ne de l&rsquo;autocensure. L\u00e0 les limites se posent par nous m\u00eames, par notre \u00e9ducation, nos tabous, nos propres limites.<\/p>\n<p>Le marionnettiste se met des limites sur son propre corps, il se cache derri\u00e8re le castelet, il se cache derri\u00e8re l&rsquo;anonymat, afin de mieux symboliser et ainsi d\u00e9voiler son humanit\u00e9 \u00e0 travers le langage th\u00e9\u00e2trale.<\/p>\n<p>La marionnette permet la transgression des interdits. Ce pour cela qui est surveill\u00e9e de pr\u00e8s et censur\u00e9e \u00e0 plusieurs reprises.<\/p>\n<p>R\u00e9fl\u00e9chissons ensemble sur ces questions et continuons \u00e0 r\u00e9sister en conscience.<\/p>\n<div class=\"sharedaddy sd-sharing-enabled\"><div class=\"robots-nocontent sd-block sd-social sd-social-official sd-sharing\"><h3 class=\"sd-title\">Partager:<\/h3><div class=\"sd-content\"><ul><li class=\"share-facebook\"><div class=\"fb-share-button\" data-href=\"https:\/\/artherapievirtus.org\/marionnette\/3-et-4-fevrier-2012-journees-professionnelles-de-la-marionnette-a-clichy\/\" data-layout=\"button_count\"><\/div><\/li><li class=\"share-linkedin\"><div class=\"linkedin_button\"><script type=\"in\/share\" data-url=\"https:\/\/artherapievirtus.org\/marionnette\/3-et-4-fevrier-2012-journees-professionnelles-de-la-marionnette-a-clichy\/\" data-counter=\"right\"><\/script><\/div><\/li><li class=\"share-twitter\"><a href=\"https:\/\/twitter.com\/share\" class=\"twitter-share-button\" data-url=\"https:\/\/artherapievirtus.org\/marionnette\/3-et-4-fevrier-2012-journees-professionnelles-de-la-marionnette-a-clichy\/\" data-text=\"3 et 4 f\u00e9vrier 2012 \u2013 Journ\u00e9es professionnelles de la marionnette \u00e0 Clichy\"  >Tweet<\/a><\/li><li><a href=\"#\" class=\"sharing-anchor sd-button share-more\"><span>Plus<\/span><\/a><\/li><li class=\"share-end\"><\/li><\/ul><div class=\"sharing-hidden\"><div class=\"inner\" style=\"display: none;\"><ul><li class=\"share-email\"><a rel=\"nofollow noopener noreferrer\" data-shared=\"\" class=\"share-email sd-button\" href=\"https:\/\/artherapievirtus.org\/marionnette\/3-et-4-fevrier-2012-journees-professionnelles-de-la-marionnette-a-clichy\/?share=email\" target=\"_blank\" title=\"Cliquez pour envoyer par e-mail \u00e0 un ami\"><span>E-mail<\/span><\/a><\/li><li class=\"share-print\"><a rel=\"nofollow noopener noreferrer\" data-shared=\"\" class=\"share-print sd-button\" href=\"https:\/\/artherapievirtus.org\/marionnette\/3-et-4-fevrier-2012-journees-professionnelles-de-la-marionnette-a-clichy\/\" target=\"_blank\" title=\"Cliquer pour imprimer\"><span>Imprimer<\/span><\/a><\/li><li class=\"share-end\"><\/li><li class=\"share-end\"><\/li><\/ul><\/div><\/div><\/div><\/div><\/div>","protected":false},"excerpt":{"rendered":"<p>Propos\u00e9es par le\u00a0Clastic th\u00e9\u00e2tre et Themaa. La marionnette a souvent \u00e9t\u00e9 l&rsquo;objet d&rsquo;une surveillance \u00e9troite de la part des pouvoirs politiques et religieux. Les repr\u00e9sentations ont pu \u00eatre interdites, les \u0153uvres mutil\u00e9es, les artistes pourchass\u00e9s, emprisonn\u00e9s et parfois ex\u00e9cut\u00e9s. L&rsquo;art de la marionnette rencontre aussi la censure sur un autre terrain, celui de la confrontation&hellip; <\/p>\n<p class=\"toivo-read-more\"><a href=\"https:\/\/artherapievirtus.org\/marionnette\/3-et-4-fevrier-2012-journees-professionnelles-de-la-marionnette-a-clichy\/\" class=\"more-link\">Lire la suite <span class=\"screen-reader-text\">3 et 4 f\u00e9vrier 2012 \u2013 Journ\u00e9es professionnelles de la marionnette \u00e0 Clichy<\/span><\/a><\/p>\n<div class=\"sharedaddy sd-sharing-enabled\"><div class=\"robots-nocontent sd-block sd-social sd-social-official sd-sharing\"><h3 class=\"sd-title\">Partager:<\/h3><div class=\"sd-content\"><ul><li class=\"share-facebook\"><div class=\"fb-share-button\" data-href=\"https:\/\/artherapievirtus.org\/marionnette\/3-et-4-fevrier-2012-journees-professionnelles-de-la-marionnette-a-clichy\/\" data-layout=\"button_count\"><\/div><\/li><li class=\"share-linkedin\"><div class=\"linkedin_button\"><script type=\"in\/share\" data-url=\"https:\/\/artherapievirtus.org\/marionnette\/3-et-4-fevrier-2012-journees-professionnelles-de-la-marionnette-a-clichy\/\" data-counter=\"right\"><\/script><\/div><\/li><li class=\"share-twitter\"><a href=\"https:\/\/twitter.com\/share\" class=\"twitter-share-button\" data-url=\"https:\/\/artherapievirtus.org\/marionnette\/3-et-4-fevrier-2012-journees-professionnelles-de-la-marionnette-a-clichy\/\" data-text=\"3 et 4 f\u00e9vrier 2012 \u2013 Journ\u00e9es professionnelles de la marionnette \u00e0 Clichy\"  >Tweet<\/a><\/li><li><a href=\"#\" class=\"sharing-anchor sd-button share-more\"><span>Plus<\/span><\/a><\/li><li class=\"share-end\"><\/li><\/ul><div class=\"sharing-hidden\"><div class=\"inner\" style=\"display: none;\"><ul><li class=\"share-email\"><a rel=\"nofollow noopener noreferrer\" data-shared=\"\" class=\"share-email sd-button\" href=\"https:\/\/artherapievirtus.org\/marionnette\/3-et-4-fevrier-2012-journees-professionnelles-de-la-marionnette-a-clichy\/?share=email\" target=\"_blank\" title=\"Cliquez pour envoyer par e-mail \u00e0 un ami\"><span>E-mail<\/span><\/a><\/li><li class=\"share-print\"><a rel=\"nofollow noopener noreferrer\" data-shared=\"\" class=\"share-print sd-button\" href=\"https:\/\/artherapievirtus.org\/marionnette\/3-et-4-fevrier-2012-journees-professionnelles-de-la-marionnette-a-clichy\/\" target=\"_blank\" title=\"Cliquer pour imprimer\"><span>Imprimer<\/span><\/a><\/li><li class=\"share-end\"><\/li><li class=\"share-end\"><\/li><\/ul><\/div><\/div><\/div><\/div><\/div>","protected":false},"author":3,"featured_media":0,"parent":0,"menu_order":0,"comment_status":"open","ping_status":"closed","template":"","meta":{"spay_email":"","_links_to":"","_links_to_target":""},"jetpack_sharing_enabled":true,"jetpack_shortlink":"https:\/\/wp.me\/P3CNWo-X","jetpack_likes_enabled":true,"_links":{"self":[{"href":"https:\/\/artherapievirtus.org\/marionnette\/wp-json\/wp\/v2\/pages\/59"}],"collection":[{"href":"https:\/\/artherapievirtus.org\/marionnette\/wp-json\/wp\/v2\/pages"}],"about":[{"href":"https:\/\/artherapievirtus.org\/marionnette\/wp-json\/wp\/v2\/types\/page"}],"author":[{"embeddable":true,"href":"https:\/\/artherapievirtus.org\/marionnette\/wp-json\/wp\/v2\/users\/3"}],"replies":[{"embeddable":true,"href":"https:\/\/artherapievirtus.org\/marionnette\/wp-json\/wp\/v2\/comments?post=59"}],"version-history":[{"count":4,"href":"https:\/\/artherapievirtus.org\/marionnette\/wp-json\/wp\/v2\/pages\/59\/revisions"}],"predecessor-version":[{"id":134,"href":"https:\/\/artherapievirtus.org\/marionnette\/wp-json\/wp\/v2\/pages\/59\/revisions\/134"}],"wp:attachment":[{"href":"https:\/\/artherapievirtus.org\/marionnette\/wp-json\/wp\/v2\/media?parent=59"}],"curies":[{"name":"wp","href":"https:\/\/api.w.org\/{rel}","templated":true}]}}