{"id":272,"date":"2019-11-15T11:58:46","date_gmt":"2019-11-15T10:58:46","guid":{"rendered":"https:\/\/artherapievirtus.org\/art-f\/?page_id=272"},"modified":"2019-11-15T11:58:46","modified_gmt":"2019-11-15T10:58:46","slug":"soutenir-art-therapie-virtus","status":"publish","type":"page","link":"https:\/\/artherapievirtus.org\/art-f\/index.php\/soutenir-art-therapie-virtus\/","title":{"rendered":"Soutenir Art-Th\u00e9rapie Virtus"},"content":{"rendered":"<p>Devenez membre ou faites un don \u00e0 l&rsquo;association Art-Th\u00e9rapie Virtus<\/p>\n<p><iframe loading=\"lazy\" id=\"haWidget\" style=\"border: currentColor; width: 1000px; height: 950px;\" src=\"https:\/\/www.helloasso.com\/widgets\/adhesion.aspx?beneficiaire=art-therapie-virtus&amp;campagne=adherer-a-la-diffusion-de-la-necessite-de-l-art-therapie&amp;color=%23c7703e\" width=\"550\" height=\"450\"><\/iframe><\/p>\n<hr \/>\n<p><iframe loading=\"lazy\" id=\"haWidget\" style=\"width: 800px; height: 750px; border: none;\" src=\"\/\/www.helloasso.com\/associations\/art-therapie-virtus\/formulaires\/1\/widget?color=%2370c24a\" width=\"300\" height=\"150\"><\/iframe><\/p>\n<div>Propuls\u00e9 par <a href=\"&quot;@host&quot;\" rel=\"&quot;nofollow&quot;\">HelloAsso<\/a><\/div>\n<div class=\"sharedaddy sd-sharing-enabled\"><div class=\"robots-nocontent sd-block sd-social sd-social-official sd-sharing\"><h3 class=\"sd-title\">Partager\u00a0:<\/h3><div class=\"sd-content\"><ul><li class=\"share-facebook\"><div class=\"fb-share-button\" data-href=\"https:\/\/artherapievirtus.org\/art-f\/index.php\/soutenir-art-therapie-virtus\/\" data-layout=\"button_count\"><\/div><\/li><li class=\"share-linkedin\"><div class=\"linkedin_button\"><script type=\"in\/share\" data-url=\"https:\/\/artherapievirtus.org\/art-f\/index.php\/soutenir-art-therapie-virtus\/\" data-counter=\"right\"><\/script><\/div><\/li><li class=\"share-twitter\"><a href=\"https:\/\/twitter.com\/share\" class=\"twitter-share-button\" data-url=\"https:\/\/artherapievirtus.org\/art-f\/index.php\/soutenir-art-therapie-virtus\/\" data-text=\"Soutenir Art-Th\u00e9rapie Virtus\"  >Tweet<\/a><\/li><li><a href=\"#\" class=\"sharing-anchor sd-button share-more\"><span>Plus<\/span><\/a><\/li><li class=\"share-end\"><\/li><\/ul><div class=\"sharing-hidden\"><div class=\"inner\" style=\"display: none;\"><ul><li class=\"share-email\"><a rel=\"nofollow noopener noreferrer\" data-shared=\"\" class=\"share-email sd-button\" href=\"https:\/\/artherapievirtus.org\/art-f\/index.php\/soutenir-art-therapie-virtus\/?share=email\" target=\"_blank\" title=\"Cliquez pour envoyer par e-mail \u00e0 un ami\"><span>E-mail<\/span><\/a><\/li><li class=\"share-print\"><a rel=\"nofollow noopener noreferrer\" data-shared=\"\" class=\"share-print sd-button\" href=\"https:\/\/artherapievirtus.org\/art-f\/index.php\/soutenir-art-therapie-virtus\/\" target=\"_blank\" title=\"Cliquer pour imprimer\"><span>Imprimer<\/span><\/a><\/li><li class=\"share-end\"><\/li><li class=\"share-end\"><\/li><\/ul><\/div><\/div><\/div><\/div><\/div>","protected":false},"excerpt":{"rendered":"<p>Devenez membre ou faites un don \u00e0 l&rsquo;association Art-Th\u00e9rapie Virtus Propuls\u00e9 par HelloAsso<\/p>\n<div class=\"sharedaddy sd-sharing-enabled\"><div class=\"robots-nocontent sd-block sd-social sd-social-official sd-sharing\"><h3 class=\"sd-title\">Partager\u00a0:<\/h3><div class=\"sd-content\"><ul><li class=\"share-facebook\"><div class=\"fb-share-button\" data-href=\"https:\/\/artherapievirtus.org\/art-f\/index.php\/soutenir-art-therapie-virtus\/\" data-layout=\"button_count\"><\/div><\/li><li class=\"share-linkedin\"><div class=\"linkedin_button\"><script type=\"in\/share\" data-url=\"https:\/\/artherapievirtus.org\/art-f\/index.php\/soutenir-art-therapie-virtus\/\" data-counter=\"right\"><\/script><\/div><\/li><li class=\"share-twitter\"><a href=\"https:\/\/twitter.com\/share\" class=\"twitter-share-button\" data-url=\"https:\/\/artherapievirtus.org\/art-f\/index.php\/soutenir-art-therapie-virtus\/\" data-text=\"Soutenir Art-Th\u00e9rapie Virtus\"  >Tweet<\/a><\/li><li><a href=\"#\" class=\"sharing-anchor sd-button share-more\"><span>Plus<\/span><\/a><\/li><li class=\"share-end\"><\/li><\/ul><div class=\"sharing-hidden\"><div class=\"inner\" style=\"display: none;\"><ul><li class=\"share-email\"><a rel=\"nofollow noopener noreferrer\" data-shared=\"\" class=\"share-email sd-button\" href=\"https:\/\/artherapievirtus.org\/art-f\/index.php\/soutenir-art-therapie-virtus\/?share=email\" target=\"_blank\" title=\"Cliquez pour envoyer par e-mail \u00e0 un ami\"><span>E-mail<\/span><\/a><\/li><li class=\"share-print\"><a rel=\"nofollow noopener noreferrer\" data-shared=\"\" class=\"share-print sd-button\" href=\"https:\/\/artherapievirtus.org\/art-f\/index.php\/soutenir-art-therapie-virtus\/\" target=\"_blank\" title=\"Cliquer pour imprimer\"><span>Imprimer<\/span><\/a><\/li><li class=\"share-end\"><\/li><li class=\"share-end\"><\/li><\/ul><\/div><\/div><\/div><\/div><\/div>","protected":false},"author":2,"featured_media":0,"parent":0,"menu_order":0,"comment_status":"closed","ping_status":"closed","template":"","meta":{"spay_email":""},"jetpack_sharing_enabled":true,"jetpack_shortlink":"https:\/\/wp.me\/Pa8Sok-4o","jetpack-related-posts":[{"id":2,"url":"https:\/\/artherapievirtus.org\/art-f\/index.php\/page-d-exemple\/","url_meta":{"origin":272,"position":0},"title":"Page d\u2019exemple","date":"15 juillet 2018","format":false,"excerpt":"Voici un exemple de page. Elle est diff\u00e9rente d\u2019un article de blog, en cela qu\u2019elle restera \u00e0 la m\u00eame place, et s\u2019affichera dans le menu de navigation de votre site (en fonction de votre th\u00e8me). La plupart des gens commencent par \u00e9crire une page \u00ab\u00a0\u00c0 Propos\u00a0\u00bb qui les pr\u00e9sente aux\u2026","rel":"","context":"Article similaire","img":{"alt_text":"","src":"","width":0,"height":0},"classes":[]}],"_links":{"self":[{"href":"https:\/\/artherapievirtus.org\/art-f\/index.php\/wp-json\/wp\/v2\/pages\/272"}],"collection":[{"href":"https:\/\/artherapievirtus.org\/art-f\/index.php\/wp-json\/wp\/v2\/pages"}],"about":[{"href":"https:\/\/artherapievirtus.org\/art-f\/index.php\/wp-json\/wp\/v2\/types\/page"}],"author":[{"embeddable":true,"href":"https:\/\/artherapievirtus.org\/art-f\/index.php\/wp-json\/wp\/v2\/users\/2"}],"replies":[{"embeddable":true,"href":"https:\/\/artherapievirtus.org\/art-f\/index.php\/wp-json\/wp\/v2\/comments?post=272"}],"version-history":[{"count":1,"href":"https:\/\/artherapievirtus.org\/art-f\/index.php\/wp-json\/wp\/v2\/pages\/272\/revisions"}],"predecessor-version":[{"id":273,"href":"https:\/\/artherapievirtus.org\/art-f\/index.php\/wp-json\/wp\/v2\/pages\/272\/revisions\/273"}],"wp:attachment":[{"href":"https:\/\/artherapievirtus.org\/art-f\/index.php\/wp-json\/wp\/v2\/media?parent=272"}],"curies":[{"name":"wp","href":"https:\/\/api.w.org\/{rel}","templated":true}]}}