{"id":152,"date":"2016-05-15T16:19:48","date_gmt":"2016-05-15T16:19:48","guid":{"rendered":"http:\/\/artherapievirtus.org\/ap\/?page_id=152"},"modified":"2020-04-13T15:10:21","modified_gmt":"2020-04-13T15:10:21","slug":"faire-un-don","status":"publish","type":"page","link":"https:\/\/artherapievirtus.org\/ap\/?page_id=152","title":{"rendered":"Soutenez Art-Th\u00e9rapie Virtus"},"content":{"rendered":"<p>Devenez membre ou faites un don \u00e0 l&rsquo;association Art-Th\u00e9rapie Virtus<\/p>\n<p><iframe loading=\"lazy\" id=\"haWidget\" style=\"border: currentColor; width: 1000px; height: 950px;\" src=\"https:\/\/www.helloasso.com\/widgets\/adhesion.aspx?beneficiaire=art-therapie-virtus&amp;campagne=adherer-a-la-diffusion-de-la-necessite-de-l-art-therapie&amp;color=%23c7703e\" width=\"550\" height=\"450\"><\/iframe><\/p>\n<div class=\"sharedaddy sd-sharing-enabled\"><div class=\"robots-nocontent sd-block sd-social sd-social-official sd-sharing\"><h3 class=\"sd-title\">Partager\u00a0:<\/h3><div class=\"sd-content\"><ul><li class=\"share-facebook\"><div class=\"fb-share-button\" data-href=\"https:\/\/artherapievirtus.org\/ap\/?page_id=152\" data-layout=\"button_count\"><\/div><\/li><li class=\"share-twitter\"><a href=\"https:\/\/twitter.com\/share\" class=\"twitter-share-button\" data-url=\"https:\/\/artherapievirtus.org\/ap\/?page_id=152\" data-text=\"Soutenez Art-Th\u00e9rapie Virtus\"  >Tweet<\/a><\/li><li class=\"share-linkedin\"><div class=\"linkedin_button\"><script type=\"in\/share\" data-url=\"https:\/\/artherapievirtus.org\/ap\/?page_id=152\" data-counter=\"right\"><\/script><\/div><\/li><li class=\"share-email\"><a rel=\"nofollow noopener noreferrer\" data-shared=\"\" class=\"share-email sd-button\" href=\"https:\/\/artherapievirtus.org\/ap\/?page_id=152&amp;share=email\" target=\"_blank\" title=\"Cliquez pour envoyer par e-mail \u00e0 un ami\"><span>E-mail<\/span><\/a><\/li><li><a href=\"#\" class=\"sharing-anchor sd-button share-more\"><span>Plus<\/span><\/a><\/li><li class=\"share-end\"><\/li><\/ul><div class=\"sharing-hidden\"><div class=\"inner\" style=\"display: none;\"><ul><li class=\"share-tumblr\"><a class=\"tumblr-share-button\" target=\"_blank\" href=\"https:\/\/www.tumblr.com\/share\" data-title=\"Soutenez Art-Th\u00e9rapie Virtus\" data-content=\"https:\/\/artherapievirtus.org\/ap\/?page_id=152\" title=\"Partager sur Tumblr\"data-posttype=\"link\">Partager sur Tumblr<\/a><\/li><li class=\"share-print\"><a rel=\"nofollow noopener noreferrer\" data-shared=\"\" class=\"share-print sd-button\" href=\"https:\/\/artherapievirtus.org\/ap\/?page_id=152\" target=\"_blank\" title=\"Cliquer pour imprimer\"><span>Imprimer<\/span><\/a><\/li><li class=\"share-end\"><\/li><li class=\"share-end\"><\/li><\/ul><\/div><\/div><\/div><\/div><\/div>","protected":false},"excerpt":{"rendered":"<p>Devenez membre ou faites un don \u00e0 l&rsquo;association Art-Th\u00e9rapie Virtus<\/p>\n<div class=\"sharedaddy sd-sharing-enabled\"><div class=\"robots-nocontent sd-block sd-social sd-social-official sd-sharing\"><h3 class=\"sd-title\">Partager\u00a0:<\/h3><div class=\"sd-content\"><ul><li class=\"share-facebook\"><div class=\"fb-share-button\" data-href=\"https:\/\/artherapievirtus.org\/ap\/?page_id=152\" data-layout=\"button_count\"><\/div><\/li><li class=\"share-twitter\"><a href=\"https:\/\/twitter.com\/share\" class=\"twitter-share-button\" data-url=\"https:\/\/artherapievirtus.org\/ap\/?page_id=152\" data-text=\"Soutenez Art-Th\u00e9rapie Virtus\"  >Tweet<\/a><\/li><li class=\"share-linkedin\"><div class=\"linkedin_button\"><script type=\"in\/share\" data-url=\"https:\/\/artherapievirtus.org\/ap\/?page_id=152\" data-counter=\"right\"><\/script><\/div><\/li><li class=\"share-email\"><a rel=\"nofollow noopener noreferrer\" data-shared=\"\" class=\"share-email sd-button\" href=\"https:\/\/artherapievirtus.org\/ap\/?page_id=152&amp;share=email\" target=\"_blank\" title=\"Cliquez pour envoyer par e-mail \u00e0 un ami\"><span>E-mail<\/span><\/a><\/li><li><a href=\"#\" class=\"sharing-anchor sd-button share-more\"><span>Plus<\/span><\/a><\/li><li class=\"share-end\"><\/li><\/ul><div class=\"sharing-hidden\"><div class=\"inner\" style=\"display: none;\"><ul><li class=\"share-tumblr\"><a class=\"tumblr-share-button\" target=\"_blank\" href=\"https:\/\/www.tumblr.com\/share\" data-title=\"Soutenez Art-Th\u00e9rapie Virtus\" data-content=\"https:\/\/artherapievirtus.org\/ap\/?page_id=152\" title=\"Partager sur Tumblr\"data-posttype=\"link\">Partager sur Tumblr<\/a><\/li><li class=\"share-print\"><a rel=\"nofollow noopener noreferrer\" data-shared=\"\" class=\"share-print sd-button\" href=\"https:\/\/artherapievirtus.org\/ap\/?page_id=152\" target=\"_blank\" title=\"Cliquer pour imprimer\"><span>Imprimer<\/span><\/a><\/li><li class=\"share-end\"><\/li><li class=\"share-end\"><\/li><\/ul><\/div><\/div><\/div><\/div><\/div>","protected":false},"author":1,"featured_media":0,"parent":0,"menu_order":0,"comment_status":"closed","ping_status":"closed","template":"","meta":{"spay_email":""},"jetpack_shortlink":"https:\/\/wp.me\/P4Qh4S-2s","jetpack_sharing_enabled":true,"_links":{"self":[{"href":"https:\/\/artherapievirtus.org\/ap\/index.php?rest_route=\/wp\/v2\/pages\/152"}],"collection":[{"href":"https:\/\/artherapievirtus.org\/ap\/index.php?rest_route=\/wp\/v2\/pages"}],"about":[{"href":"https:\/\/artherapievirtus.org\/ap\/index.php?rest_route=\/wp\/v2\/types\/page"}],"author":[{"embeddable":true,"href":"https:\/\/artherapievirtus.org\/ap\/index.php?rest_route=\/wp\/v2\/users\/1"}],"replies":[{"embeddable":true,"href":"https:\/\/artherapievirtus.org\/ap\/index.php?rest_route=%2Fwp%2Fv2%2Fcomments&post=152"}],"version-history":[{"count":3,"href":"https:\/\/artherapievirtus.org\/ap\/index.php?rest_route=\/wp\/v2\/pages\/152\/revisions"}],"predecessor-version":[{"id":646,"href":"https:\/\/artherapievirtus.org\/ap\/index.php?rest_route=\/wp\/v2\/pages\/152\/revisions\/646"}],"wp:attachment":[{"href":"https:\/\/artherapievirtus.org\/ap\/index.php?rest_route=%2Fwp%2Fv2%2Fmedia&parent=152"}],"curies":[{"name":"wp","href":"https:\/\/api.w.org\/{rel}","templated":true}]}}