{"id":988,"date":"2013-12-21T08:24:03","date_gmt":"2013-12-21T07:24:03","guid":{"rendered":"http:\/\/artherapievirtus.org\/Victimes-et-Auteurs\/?page_id=988"},"modified":"2013-12-21T15:55:48","modified_gmt":"2013-12-21T14:55:48","slug":"lue-engagement-etudiant","status":"publish","type":"page","link":"https:\/\/artherapievirtus.org\/Victimes-et-Auteurs\/about\/lue-engagement-etudiant\/","title":{"rendered":"L&rsquo;UE engagement \u00e9tudiant"},"content":{"rendered":"<p><a href=\"http:\/\/www.parisdescartes.fr\/VIE-ETUDIANTE\/Vie-associative-et-engagement-etudiant\/L-UE-engagement-etudiant\"><img data-attachment-id=\"992\" data-permalink=\"https:\/\/artherapievirtus.org\/Victimes-et-Auteurs\/about\/lue-engagement-etudiant\/logo-descartes\/\" data-orig-file=\"https:\/\/artherapievirtus.org\/Victimes-et-Auteurs\/wp-content\/uploads\/2013\/12\/Logo-Descartes.jpg\" data-orig-size=\"591,126\" data-comments-opened=\"1\" data-image-meta=\"{&quot;aperture&quot;:&quot;0&quot;,&quot;credit&quot;:&quot;&quot;,&quot;camera&quot;:&quot;&quot;,&quot;caption&quot;:&quot;&quot;,&quot;created_timestamp&quot;:&quot;0&quot;,&quot;copyright&quot;:&quot;&quot;,&quot;focal_length&quot;:&quot;0&quot;,&quot;iso&quot;:&quot;0&quot;,&quot;shutter_speed&quot;:&quot;0&quot;,&quot;title&quot;:&quot;&quot;}\" data-image-title=\"Logo Descartes\" data-image-description=\"\" data-image-caption=\"\" data-medium-file=\"https:\/\/artherapievirtus.org\/Victimes-et-Auteurs\/wp-content\/uploads\/2013\/12\/Logo-Descartes-300x63.jpg\" data-large-file=\"https:\/\/artherapievirtus.org\/Victimes-et-Auteurs\/wp-content\/uploads\/2013\/12\/Logo-Descartes.jpg\" decoding=\"async\" loading=\"lazy\" class=\"aligncenter size-medium wp-image-992\" alt=\"Logo Descartes\" src=\"http:\/\/artherapievirtus.org\/Victimes-et-Auteurs\/wp-content\/uploads\/2013\/12\/Logo-Descartes-300x63.jpg\" width=\"300\" height=\"63\" srcset=\"https:\/\/artherapievirtus.org\/Victimes-et-Auteurs\/wp-content\/uploads\/2013\/12\/Logo-Descartes-300x63.jpg 300w, https:\/\/artherapievirtus.org\/Victimes-et-Auteurs\/wp-content\/uploads\/2013\/12\/Logo-Descartes.jpg 591w\" sizes=\"(max-width: 300px) 100vw, 300px\" \/><\/a><\/p>\n<ul>\n<ul>\n<li>Vous \u00eates\u00a0<strong>membre actif d\u2019une association<\/strong>, \u00e0 l\u2019int\u00e9rieur ou \u00e0 l\u2019ext\u00e9rieur de l\u2019universit\u00e9 (\u00e0 l\u2019exclusion de tout engagement \u00e0 vis\u00e9e politique ou id\u00e9ologique) ?<\/li>\n<li>Vous souhaitez\u00a0<strong>r\u00e9diger des actualit\u00e9s<\/strong>\u00a0dans la\u00a0<strong>newsletter \u00e9tudiante<\/strong>\u00a0?<\/li>\n<li>Vous souhaitez participer \u00e0 l&rsquo;am\u00e9lioration les\u00a0<strong>services num\u00e9riques<\/strong>\u00a0de l&rsquo;Universit\u00e9 ?<\/li>\n<li>Vous pratiquez une activit\u00e9 sportive ou culturelle \u00e0\u00a0<strong>vocation \u00e9ducative<\/strong>\u00a0?<\/li>\n<li>Vous accordez plusieurs heures de\u00a0<strong>tutorat<\/strong>\u00a0de fa\u00e7on b\u00e9n\u00e9vole \u00e0 des \u00e9tudiants de licence ?<\/li>\n<li>Vous \u00eates\u00a0<strong>\u00e9lu\u00a0<\/strong>dans votre conseil d\u2019UFR ou dans l\u2019un des 3 conseils centraux de l\u2019universit\u00e9<br \/>\n<h2><strong>Faites valider votre action dans le cadre de l&rsquo;UE engagement !<\/strong><\/h2>\n<p>Votre engagement est imp\u00e9rativement\u00a0<strong>b\u00e9n\u00e9vole<\/strong>\u00a0et doit se d\u00e9rouler sur toute l\u2019ann\u00e9e universitaire. Le volume horaire attendu est de\u00a0<strong>30 heures par semestre<\/strong>.<\/p>\n<p>Renseignez vous aupr\u00e8s de votre scolarit\u00e9 pour savoir si cette UE est compatible avec votre cursus.\u00a0<strong>L&rsquo;UE Engagement \u00e9tudiant n&rsquo;est pas compatible avec le cursus de PAES.<\/strong>\u00a0Elle peut \u00eatre choisie dans la majorit\u00e9 des cursus de licence et de master.<\/p>\n<p><strong>D\u00e9marche :\u00a0<\/strong><br \/>\nIl est n\u00e9cessaire de<strong>\u00a0s&rsquo;inscrire avant le mercredi 6 novembre 2013<\/strong>\u00a0aupr\u00e8s du Service de la Vie \u00e9tudiante, en compl\u00e9tant le formulaire de d\u00e9claration pr\u00e9alable (au choix en fonction de votre engagement : engagement associatif ou mission \u00e0 l&rsquo;universit\u00e9) , puis le r\u00e9-envoyer en ligne en cliquant ici. Votre formulaire et la lettre de motivation doivent \u00eatre tap\u00e9s \u00e0 l&rsquo;ordinateur.\u00a0Vous serez pr\u00e9venu d\u00e9but d\u00e9cembre de la suite donn\u00e9e \u00e0 votre demande. Si votre engagement est retenu, vous r\u00e9digerez un rapport de 8 pages sur les modalit\u00e9s de votre engagement et les comp\u00e9tences que vous aurez acquises, \u00e0 faire parvenir au Service de la Vie \u00e9tudiante pour\u00a0<strong>d\u00e9but avril 2014<\/strong>.<\/p>\n<p><strong>Quelques conseils\u00a0pour candidater :<\/strong><\/p>\n<p>Une grande attention doit \u00eatre port\u00e9e \u00e0 l\u2019<strong>orthographe<\/strong>. Toute demande (formulaire et lettre de motivation) contenant un grand nombre de fautes d\u2019orthographe sera d\u00e9clar\u00e9e irrecevable, elle ne sera pas \u00e9tudi\u00e9e par le jury.<\/p>\n<p>Il n\u2019est pas possible de pr\u00e9senter deux ann\u00e9es de suite le m\u00eame engagement. Vous pouvez vous r\u00e9engager au sein de la m\u00eame association, mais vos responsabilit\u00e9s et vos activit\u00e9s doivent \u00e9voluer.<\/p>\n<p>Il est imp\u00e9ratif de bien distinguer l\u2019UE Engagement \u00e9tudiant et les travaux \u00e0 effectuer dans le cadre de votre cursus\u00a0: m\u00e9moire de stage ou de recherche, en particulier en master.<\/p>\n<p><strong>Pour plus de conseils pour r\u00e9diger votre rapport<\/strong>, t\u00e9l\u00e9charger le portfolio \u00ab\u00a0B\u00e9n\u00e9volat et comp\u00e9tences\u00a0\u00bb<\/p>\n<p>Vous pouvez \u00e9galement consulter le r\u00e9f\u00e9rentiel de comp\u00e9tences contenu dans le passeport b\u00e9n\u00e9vole \u00e9dit\u00e9 par France B\u00e9n\u00e9volat et le Minist\u00e8re de la jeunesse et de la vie associative<\/li>\n<\/ul>\n<\/ul>\n<p><em><strong>Pour plus d&rsquo;informations, cliquez sur le logo de Paris Descartes<\/strong><\/em><\/p>\n","protected":false},"excerpt":{"rendered":"<p>Vous \u00eates\u00a0membre actif d\u2019une association, \u00e0 l\u2019int\u00e9rieur ou \u00e0 l\u2019ext\u00e9rieur de l\u2019universit\u00e9 (\u00e0 l\u2019exclusion de tout engagement \u00e0 vis\u00e9e politique ou id\u00e9ologique) ? Vous souhaitez\u00a0r\u00e9diger des actualit\u00e9s\u00a0dans la\u00a0newsletter \u00e9tudiante\u00a0? Vous souhaitez participer \u00e0 l&rsquo;am\u00e9lioration les\u00a0services num\u00e9riques\u00a0de l&rsquo;Universit\u00e9 ? Vous pratiquez une activit\u00e9 sportive ou culturelle \u00e0\u00a0vocation \u00e9ducative\u00a0? Vous accordez plusieurs heures de\u00a0tutorat\u00a0de fa\u00e7on b\u00e9n\u00e9vole \u00e0&hellip; <\/p>\n<p class=\"toivo-read-more\"><a href=\"https:\/\/artherapievirtus.org\/Victimes-et-Auteurs\/about\/lue-engagement-etudiant\/\" class=\"more-link\">Lire la suite <span class=\"screen-reader-text\">L&rsquo;UE engagement \u00e9tudiant<\/span><\/a><\/p>\n","protected":false},"author":2,"featured_media":0,"parent":2,"menu_order":0,"comment_status":"open","ping_status":"open","template":"","meta":{"jetpack_post_was_ever_published":false,"footnotes":""},"jetpack_sharing_enabled":true,"jetpack_shortlink":"https:\/\/wp.me\/P3KRkv-fW","jetpack_likes_enabled":true,"_links":{"self":[{"href":"https:\/\/artherapievirtus.org\/Victimes-et-Auteurs\/wp-json\/wp\/v2\/pages\/988"}],"collection":[{"href":"https:\/\/artherapievirtus.org\/Victimes-et-Auteurs\/wp-json\/wp\/v2\/pages"}],"about":[{"href":"https:\/\/artherapievirtus.org\/Victimes-et-Auteurs\/wp-json\/wp\/v2\/types\/page"}],"author":[{"embeddable":true,"href":"https:\/\/artherapievirtus.org\/Victimes-et-Auteurs\/wp-json\/wp\/v2\/users\/2"}],"replies":[{"embeddable":true,"href":"https:\/\/artherapievirtus.org\/Victimes-et-Auteurs\/wp-json\/wp\/v2\/comments?post=988"}],"version-history":[{"count":5,"href":"https:\/\/artherapievirtus.org\/Victimes-et-Auteurs\/wp-json\/wp\/v2\/pages\/988\/revisions"}],"predecessor-version":[{"id":994,"href":"https:\/\/artherapievirtus.org\/Victimes-et-Auteurs\/wp-json\/wp\/v2\/pages\/988\/revisions\/994"}],"up":[{"embeddable":true,"href":"https:\/\/artherapievirtus.org\/Victimes-et-Auteurs\/wp-json\/wp\/v2\/pages\/2"}],"wp:attachment":[{"href":"https:\/\/artherapievirtus.org\/Victimes-et-Auteurs\/wp-json\/wp\/v2\/media?parent=988"}],"curies":[{"name":"wp","href":"https:\/\/api.w.org\/{rel}","templated":true}]}}