{"id":962,"date":"2013-12-19T12:07:36","date_gmt":"2013-12-19T11:07:36","guid":{"rendered":"http:\/\/artherapievirtus.org\/Victimes-et-Auteurs\/?page_id=962"},"modified":"2014-05-12T18:49:37","modified_gmt":"2014-05-12T16:49:37","slug":"emploi-du-temps-du-de-criminalistique-ue-6-6-au-10-janvier","status":"publish","type":"page","link":"https:\/\/artherapievirtus.org\/Victimes-et-Auteurs\/about\/emploi-du-temps-du-de-criminalistique-ue-6-6-au-10-janvier\/","title":{"rendered":"Emploi du temps \u2013 UE6 \u2013 DU de criminalistique \u2013 6 au 10 janvier \u2013 3 au 7 f\u00e9vrier 2014"},"content":{"rendered":"<p>UE 6 \u2013 DIPLOME D&rsquo;UNIVERSITE DE CRIMINALISTIQUE<\/p>\n<h3><strong>Lundi 6 janvier 2014<\/strong><\/h3>\n<p><em><strong>9 heures \u2013 9h15<\/strong><\/em>\u00a0\u2013 Pr\u00e9sentation du Dipl\u00f4me d&rsquo;universit\u00e9. Organisation des cours\u00a0\u2013<b><i>\u00a0Dr Yves Schuliar<\/i><\/b><br \/>\n<em><strong>9h15 \u2013 10h30\u00a0<\/strong><\/em>\u2013 D\u00e9finition et historique de la criminalistique\u00a0\u2013<b><i>\u00a0Dr Yves Schuliar<\/i><\/b><br \/>\n<em><strong>10<\/strong><\/em><strong style=\"font-style: italic;\">h30 \u2013 12 heures\u00a0<\/strong>\u2013 Organisation de la police technique et scientifique en France\u00a0\u2013<b><i>\u00a0G\u00e9n\u00e9ral Jacques H\u00e9brard<\/i><\/b><br \/>\n<em><strong>14 heures \u2013 16 heures<\/strong><\/em>\u00a0\u2013 La lev\u00e9e de corps \u2013<b><i>\u00a0Charles Agostini<\/i><\/b><br \/>\n<a href=\"http:\/\/www.cejpcar.org\/index.php?page=fiche&amp;id=193\">Charles\u00a0<em>AGOSTINI<\/em>\u00a0&#8211; Site de la CEJPCAR,\u00a0<\/a><br \/>\n<em><strong>16\u00a0heures \u2013 18 heures<\/strong><\/em>\u00a0\u2013 La sc\u00e8ne de crime et sa gestion \u2013<b><i>\u00a0Colonel Paris<\/i><\/b><br \/>\n_________________________________________________<\/p>\n<h3><strong>Mardi 7 janvier 2014<\/strong><\/h3>\n<p><em><strong>9 heures \u2013 11 heures<\/strong><\/em>\u00a0\u2013 Enqu\u00eate judiciaire. Renseignement judiciaire et documentation \u2013<b><i>\u00a0Dr Baudoin<\/i><\/b><br \/>\n<em><strong>11 heures \u2013 12h30<\/strong><\/em>\u00a0\u2013 M\u00e9decine l\u00e9gale clinique \u2013<b><i>\u00a0Dr Aurore Petit<\/i><\/b><br \/>\n<em><strong>13h30 \u2013 14h30<\/strong><\/em>\u00a0\u2013 L&rsquo;anthropologie m\u00e9dico-l\u00e9gale \u2013<b><i>\u00a0Dr \u00a0Coulombeix<\/i><\/b><br \/>\n<em><strong>14h30 \u2013 16h30<\/strong><\/em>\u00a0\u2013 Autopsie est examens compl\u00e9mentaires\u00a0\u2013\u00a0<strong><em>Dr\u00a0Isabelle Fortel<\/em><\/strong><br \/>\n<em><strong>16h30 \u2013 17h30<\/strong><\/em>\u00a0\u2013 Neuropathologie \u2013\u00a0<strong><em>Dr\u00a0Isabelle Fortel<\/em><\/strong><br \/>\n<strong>Mercredi 9\u00a0octobre 2013 \u2013\u00a0<\/strong><em><strong>9h30 \u2013 12 heures<\/strong><\/em>\u00a0\u2013 Examen m\u00e9dico-l\u00e9gal et lev\u00e9e de corps\u00a0\u2013\u00a0<strong><em>Dr\u00a0Isabelle Fortel<\/em><\/strong><br \/>\n<strong>Mercredi\u00a027 novembre 2013 \u2013\u00a0<\/strong><em><strong>9 heures \u2013 12 heures\u00a0<\/strong><\/em>\u2013 L\u2019autopsie m\u00e9dico-l\u00e9gale : film et commentaires\u00a0\u2013\u00a0<em><strong>Dr \u00a0Isabelle Fortel\u00a0<\/strong><\/em><\/p>\n<div>\n<p>_________________________________________________<\/p>\n<h3><strong>Mercredi 8 janvier 2014<\/strong><\/h3>\n<p><em><strong>9 heures \u2013 10 heures<\/strong><\/em>\u00a0\u2013 La datation de la mort \u2013<b><i>\u00a0<b><i>\u00a0Dr Yves Schuliar<\/i><\/b><\/i><\/b><br \/>\n<strong>10 heures\u00a0\u2013 11 heures\u00a0<\/strong>\u00a0\u2013 L&rsquo;identification m\u00e9dico-l\u00e9gale \u2013 Les catastrophes de masse \u2013<b><i>\u00a0<b><i>\u00a0Dr Yves Schuliar<\/i><\/b><br \/>\n<em><strong>11 heures\u00a0\u2013 12h30 <\/strong><\/em>\u00a0\u2013 <\/i><\/b>Entomologie m\u00e9dico-l\u00e9gale, Palynologie<b> <i>\u2013<b><i>\u00a0Capitaine Laurent Dourel<\/i><\/b><br \/>\n<strong><em><em><strong>13h30 \u2013 15 heures<\/strong><\/em>\u00a0\u2013 \u00a0<\/em><\/strong><\/i><\/b>Identification des v\u00e9hicules <b><i><strong><em>\u2013<b><i>\u00a0Chef d&rsquo;escadron\u00a0St\u00e9phane Milet<\/i><\/b><\/em><\/strong><br \/>\ninvestigation-vehicule@gendarmerie.interieur.gouv.fr<br \/>\n01 58 66 54 15<br \/>\n<strong>15 heures<\/strong><strong>\u00a0\u2013 16 heures\u00a0<\/strong>\u2013 <\/i><\/b>Accidentologie<b><i><strong><em> \u2013<b><i>\u00a0Capitaine Marc Sinaeve<\/i><\/b><\/em><\/strong><br \/>\n<em><strong>16 heures \u2013 18 heures<\/strong><\/em>\u00a0\u2013 <\/i><\/b>Les s\u00e9vices \u00e0 enfants<i><\/i><b><i> \u2013<b><i>\u00a0<b><i>\u00a0Dr Caroline Rey-Salmon<\/i><\/b><\/i><\/b><br \/>\n<a href=\"http:\/\/forensic-france.com\/actualite-colloque-sevices-aux-enfants--16\">COLLOQUE \u00ab SEVICES AUX ENFANTS \u00bb &#8211; Forensic &#8211; Formations\u00a0<b>&#8230;<\/b><\/a><\/i><\/b><\/p>\n<\/div>\n<div>UE 3 \u2013 EXPERTISE M\u00c9DICALE, PSYCHIATRIQUE ET M\u00c9DICO-SOCIALE : PRINCIPES DU DROIT ET DE L&rsquo;EXPERTISE, RAPPORTS ENTRE M\u00c9DECINE ET JUSTICE<br \/>\n<strong><em>18 heures\u00a0\u2013\u00a021 heures\u00a0\u00a0\u2013<\/em><\/strong>\u00a0Discussion sur des cas pratiques d\u2019expertises m\u00e9dicales\u00a0<strong><em>\u2013\u00a0Werson P. et Boussaingault C.<\/em><\/strong><\/p>\n<div>\n<p>_________________________________________________<\/p>\n<h3><strong>Jeudi 9 janvier 2014<\/strong><\/h3>\n<p><em><strong>9 heures \u2013 10h30<\/strong><\/em>\u00a0\u2013 Historique des armes \u2013 r\u00e9glementation des armes \u2013<b><i>\u00a0Officier Thierry Subercazes<\/i><\/b><br \/>\nhttp:\/\/www.cejc.eu\/Membres%20actifs\/SUBERCAZES.htm<br \/>\n<em><strong>10h30 \u2013 12h30<\/strong><\/em>\u00a0\u2013 L&rsquo;odontologie m\u00e9dico-l\u00e9gale \u2013<b><i>\u00a0<b><i>\u00a0Dr Henry-Philippe Rateau<\/i><\/b><\/i><\/b><br \/>\n<em><strong>13h30 \u2013 15 heures<\/strong><\/em>\u00a0\u2013 Les contusions. Introduction \u00e0 la Virtopsie \u00a0\u2013<b><i>\u00a0<b><i>\u00a0Dr Yves Schuliar<\/i><\/b><\/i><\/b><br \/>\n<em><strong>15 heures \u2013 16 heures<\/strong><\/em>\u00a0\u2013 Les blessures par armes \u00e0 feu \u00a0\u2013<b><i>\u00a0<b><i>\u00a0Dr Yves Schuliar<\/i><\/b><\/i><\/b><br \/>\n_________________________________________________<\/p>\n<h3><strong>Vendredi 10 janvier 2014<\/strong><\/h3>\n<p><em><strong>9 heures \u2013 10h30<\/strong><\/em>\u00a0\u2013 Datation de la mort par la faune aquatique, les diatom\u00e9es \u2013<b><i>\u00a0Major Jean-Bernard Myskowiak<\/i><\/b><br \/>\n<a href=\"http:\/\/www.cepaa.fr\/annuaire\/liste\/mysckowiak.html\">CEPAA &#8211; Jean-Bernard MYSCKOWIAK<\/a><br \/>\n<em><strong>10h30 \u2013 11h30<\/strong><\/em>\u00a0\u2013 Les blessures par armes blanches \u2013\u00a0<strong><em>Dr\u00a0Isabelle Fortel<\/em><\/strong><br \/>\n<em><strong>11h30 \u2013 12h30<\/strong><\/em>\u00a0\u2013 Les asphyxies \u2013\u00a0<strong><em>Dr\u00a0Isabelle Fortel<\/em><\/strong><br \/>\n<em><strong>14 heures \u2013 17 heures<\/strong><\/em>\u00a0\u2013 Balistique g\u00e9n\u00e9rale \u2013<b><i>\u00a0Officier Thierry Subercazes<\/i><\/b><\/p>\n<p>_________________________________________________<\/p>\n<h3><strong>Lundi 3 f\u00e9vrier 2014<\/strong><\/h3>\n<p><em><strong>9 heures \u2013 12 heures<\/strong><\/em>\u00a0\u2013 Le preuve num\u00e9rique \u2013<b><i>\u00a0Capitaine Cyril Debard<\/i><\/b><br \/>\nhttp:\/\/blogs.ionis-group.com\/cgi-bin\/MT\/mt-search.cgi?IncludeBlogs=247&#038;search=Debard<\/p>\n<p><em><strong>14 heures \u2013 17 heures<\/strong><\/em>\u00a0\u2013 Les incendies, les explosions \u2013<b><i>\u00a0Guillaume Cognon<\/i><\/b><br \/>\nguillaume.<strong>cognon<\/strong>@gendarmerie.interieur.gouv.fr<br \/>\nhttp:\/\/www.cejc.eu\/Membres%20actifs\/COGNON.htm<\/p>\n<p>_________________________________________________<\/p>\n<h3><strong>Mardi 4 f\u00e9vrier 2014<\/strong><\/h3>\n<p><em><strong>9 heures \u2013 12 heures<\/strong><\/em>\u00a0\u2013 Le traitement du signal \u2013<b><i>\u00a0Christophe Lambert<\/i><\/b><br \/>\n<i>christophe.lambert@gendarmerie.interieur.gouv.fr<\/i><\/p>\n<p><em><strong>14 heures \u2013 16 heures<\/strong><\/em>\u00a0\u2013 Toxicologie \u2013<b><i>\u00a0Olivier Roussel<\/i><\/b><br \/>\nolivier.roussel@gendarmerie.interieur.gouv.fr<\/p>\n<p><em><strong>16 heures \u2013 18 heures<\/strong><\/em>\u00a0\u2013 Les traces de sang \u2013<b><i>\u00a0Philippe Cloux<\/i><\/b><br \/>\nphilippe.cloux@gendarmerie.interieur.gouv.fr<\/p>\n<p>_________________________________________________<\/p>\n<h3><strong>Mercredi 5 f\u00e9vrier 2014<\/strong><\/h3>\n<p><em><strong>9 heures \u2013 12 heures<\/strong><\/em>\u00a0\u2013 Les documents \u2013<b><i>\u00a0Franck Patouche<\/i><\/b><br \/>\nhttp:\/\/www.pourlascience.fr\/ewb_pages\/e\/espace-numerique-detail.php?art_id=26361<\/p>\n<p><em><strong>14 heures \u2013 16 heures<\/strong><\/em>\u00a0\u2013 Le faux en art \u2013<b><i>\u00a0Lechanu<\/i><\/b><\/p>\n<p><em><strong>16 heures \u2013 17h30<\/strong><\/em>\u00a0\u2013 Assurance qualit\u00e9 en criminalistique, Accr\u00e9ditation, certification, m\u00e9trologie \u2013<b><i>\u00a0Nicolas<\/i><\/b><\/p>\n<p>_________________________________________________<\/p>\n<h3><strong>Jeudi 6 f\u00e9vrier 2014<\/strong><\/h3>\n<p><em><strong>9 heures \u2013 12 heures<\/strong><\/em>\u00a0\u2013 Expertise en \u00e9criture \u2013<b><i>\u00a0Romuald Vallarcher<\/i><\/b><br \/>\nhttp:\/\/criminalistique.fr\/services\/expertise-en-critures.html<\/p>\n<p><em><strong>14 heures \u2013 17 heures<\/strong><\/em>\u00a0\u2013 Les traces, les microtraces \u2013<b><i>\u00a0Thierry Dodier<\/i><\/b><br \/>\nthierry.dodier@gendarmerie.interieur.gouv.fr<\/p>\n<p>_________________________________________________<\/p>\n<h3><strong>Vendredi 7 f\u00e9vrier 2014<\/strong><\/h3>\n<p><em><strong>9 heures \u2013 11 heures<\/strong><\/em>\u00a0\u2013 Technique analytique \u2013<b><i>\u00a0Olivier Roussel<\/i><\/b><br \/>\nolivier.roussel@gendarmerie.interieur.gouv.fr<\/p>\n<p><em><strong>11 heures \u2013 12 heures<\/strong><\/em>\u00a0\u2013 Dopage \u2013<b><i>\u00a0Olivier Roussel<\/i><\/b><br \/>\nolivier.roussel@gendarmerie.interieur.gouv.fr<\/p>\n<p><em><strong>14 heures \u2013 17 heures<\/strong><\/em>\u00a0\u2013 Balistique l\u00e9sionnelle \u2013<b><i>\u00a0<b><i>Dr Aurore Petit<\/i><\/b><\/i><\/b><\/p>\n<\/div>\n<\/div>\n","protected":false},"excerpt":{"rendered":"<p>UE 6 \u2013 DIPLOME D&rsquo;UNIVERSITE DE CRIMINALISTIQUE Lundi 6 janvier 2014 9 heures \u2013 9h15\u00a0\u2013 Pr\u00e9sentation du Dipl\u00f4me d&rsquo;universit\u00e9. Organisation des cours\u00a0\u2013\u00a0Dr Yves Schuliar 9h15 \u2013 10h30\u00a0\u2013 D\u00e9finition et historique de la criminalistique\u00a0\u2013\u00a0Dr Yves Schuliar 10h30 \u2013 12 heures\u00a0\u2013 Organisation de la police technique et scientifique en France\u00a0\u2013\u00a0G\u00e9n\u00e9ral Jacques H\u00e9brard 14 heures \u2013 16 heures\u00a0\u2013&hellip; <\/p>\n<p class=\"toivo-read-more\"><a href=\"https:\/\/artherapievirtus.org\/Victimes-et-Auteurs\/about\/emploi-du-temps-du-de-criminalistique-ue-6-6-au-10-janvier\/\" class=\"more-link\">Lire la suite <span class=\"screen-reader-text\">Emploi du temps \u2013 UE6 \u2013 DU de criminalistique \u2013 6 au 10 janvier \u2013 3 au 7 f\u00e9vrier 2014<\/span><\/a><\/p>\n","protected":false},"author":2,"featured_media":0,"parent":2,"menu_order":0,"comment_status":"open","ping_status":"open","template":"","meta":{"jetpack_post_was_ever_published":false,"footnotes":""},"jetpack_sharing_enabled":true,"jetpack_shortlink":"https:\/\/wp.me\/P3KRkv-fw","jetpack_likes_enabled":true,"_links":{"self":[{"href":"https:\/\/artherapievirtus.org\/Victimes-et-Auteurs\/wp-json\/wp\/v2\/pages\/962"}],"collection":[{"href":"https:\/\/artherapievirtus.org\/Victimes-et-Auteurs\/wp-json\/wp\/v2\/pages"}],"about":[{"href":"https:\/\/artherapievirtus.org\/Victimes-et-Auteurs\/wp-json\/wp\/v2\/types\/page"}],"author":[{"embeddable":true,"href":"https:\/\/artherapievirtus.org\/Victimes-et-Auteurs\/wp-json\/wp\/v2\/users\/2"}],"replies":[{"embeddable":true,"href":"https:\/\/artherapievirtus.org\/Victimes-et-Auteurs\/wp-json\/wp\/v2\/comments?post=962"}],"version-history":[{"count":50,"href":"https:\/\/artherapievirtus.org\/Victimes-et-Auteurs\/wp-json\/wp\/v2\/pages\/962\/revisions"}],"predecessor-version":[{"id":2460,"href":"https:\/\/artherapievirtus.org\/Victimes-et-Auteurs\/wp-json\/wp\/v2\/pages\/962\/revisions\/2460"}],"up":[{"embeddable":true,"href":"https:\/\/artherapievirtus.org\/Victimes-et-Auteurs\/wp-json\/wp\/v2\/pages\/2"}],"wp:attachment":[{"href":"https:\/\/artherapievirtus.org\/Victimes-et-Auteurs\/wp-json\/wp\/v2\/media?parent=962"}],"curies":[{"name":"wp","href":"https:\/\/api.w.org\/{rel}","templated":true}]}}