{"id":890,"date":"2013-11-27T20:48:58","date_gmt":"2013-11-27T19:48:58","guid":{"rendered":"http:\/\/artherapievirtus.org\/Victimes-et-Auteurs\/?page_id=890"},"modified":"2014-01-28T13:03:00","modified_gmt":"2014-01-28T12:03:00","slug":"890-2","status":"publish","type":"page","link":"https:\/\/artherapievirtus.org\/Victimes-et-Auteurs\/centres-ressources\/890-2\/","title":{"rendered":"ESPERER 95"},"content":{"rendered":"<div id=\"content\">\n<div id=\"colDroite\">\n<h6><a href=\"http:\/\/www.esperer-95.org\/repertoires\/Entree.php\"><img data-attachment-id=\"891\" data-permalink=\"https:\/\/artherapievirtus.org\/Victimes-et-Auteurs\/centres-ressources\/890-2\/logo-esperer-95\/\" data-orig-file=\"https:\/\/artherapievirtus.org\/Victimes-et-Auteurs\/wp-content\/uploads\/2013\/11\/Logo-Esperer-95.gif\" data-orig-size=\"295,185\" data-comments-opened=\"1\" data-image-meta=\"{&quot;aperture&quot;:&quot;0&quot;,&quot;credit&quot;:&quot;&quot;,&quot;camera&quot;:&quot;&quot;,&quot;caption&quot;:&quot;&quot;,&quot;created_timestamp&quot;:&quot;0&quot;,&quot;copyright&quot;:&quot;&quot;,&quot;focal_length&quot;:&quot;0&quot;,&quot;iso&quot;:&quot;0&quot;,&quot;shutter_speed&quot;:&quot;0&quot;,&quot;title&quot;:&quot;&quot;}\" data-image-title=\"Logo-Esperer-95\" data-image-description=\"\" data-image-caption=\"\" data-medium-file=\"https:\/\/artherapievirtus.org\/Victimes-et-Auteurs\/wp-content\/uploads\/2013\/11\/Logo-Esperer-95.gif\" data-large-file=\"https:\/\/artherapievirtus.org\/Victimes-et-Auteurs\/wp-content\/uploads\/2013\/11\/Logo-Esperer-95.gif\" decoding=\"async\" loading=\"lazy\" class=\"alignleft size-full wp-image-891\" alt=\"Logo-Esperer-95\" src=\"http:\/\/artherapievirtus.org\/Victimes-et-Auteurs\/wp-content\/uploads\/2013\/11\/Logo-Esperer-95.gif\" width=\"295\" height=\"185\" \/><\/a>accueil du site<\/h6>\n<p><a href=\"http:\/\/www.esperer-95.org\/assoc.php\">Objet et but de l&rsquo;association<\/a><br \/>\n<a href=\"http:\/\/www.esperer-95.org\/presentation-3.php\">Les charact\u00e9ristiques du projet associatif<\/a><br \/>\n<a href=\"http:\/\/www.esperer-95.org\/presentation.php\">Pr\u00e9sentation de l&rsquo;association\u00a0<\/a><br \/>\n<a href=\"http:\/\/www.esperer-95.org\/historique.php\">Historique<\/a><br \/>\n<a href=\"http:\/\/www.esperer-95.org\/actu.php\">Actualit\u00e9s<\/a><br \/>\n<a href=\"http:\/\/www.esperer-95.org\/conseil-administration.php\">Conseil d&rsquo;administration<\/a><br \/>\n<a href=\"http:\/\/www.esperer-95.org\/direction-generale.php\">Si\u00e8ge social et Direction g\u00e9n\u00e9rale<\/a><br \/>\n<a href=\"http:\/\/www.esperer-95.org\/organigramme.php\">Organigramme de l&rsquo;association<\/a><br \/>\n<a href=\"http:\/\/www.esperer-95.org\/financement-asso.php\">Financements<\/a><br \/>\n<a href=\"http:\/\/www.esperer-95.org\/rattachement-adhesion.php\">Rattachement et adh\u00e9sion \u00e0 des t\u00eates de r\u00e9seau<\/a><\/p>\n<h6>Nos activit\u00e9s<\/h6>\n<p><a href=\"http:\/\/www.esperer-95.org\/plan-site.php#\">SIAO d&rsquo;urgence<\/a><\/p>\n<p><a href=\"http:\/\/www.esperer-95.org\/plan-site.php#\">P\u00f4le h\u00e9bergement<\/a><br \/>\n<a href=\"http:\/\/www.esperer-95.org\/plan-site.php#\">La maison MILADA<\/a><br \/>\n<a href=\"http:\/\/www.esperer-95.org\/plan-site.php#\">L&rsquo;h\u00f4tel social des carri\u00e8res<\/a><br \/>\n<a href=\"http:\/\/www.esperer-95.org\/plan-site.php#\">Le dispositif d&rsquo;H\u00e9bergement d&rsquo;Urgence de Maison Rouge<\/a><br \/>\n<a href=\"http:\/\/www.esperer-95.org\/plan-site.php#\">Le Centre d&rsquo;H\u00e9bergement et de R\u00e9insertion Sociale (CHRS) de l&rsquo;Oasis<\/a><br \/>\n<a href=\"http:\/\/www.esperer-95.org\/plan-site.php#\">Le Centre d&rsquo;Accueil d&rsquo;Urgence d&rsquo;Orientation et d&rsquo;H\u00e9bergement(CAUOH)<\/a><\/p>\n<p><a href=\"http:\/\/www.esperer-95.org\/plan-site.php#\">P\u00f4le Justice(Socio-judiciaire)<\/a><br \/>\n<a href=\"http:\/\/www.esperer-95.org\/plan-site.php#\">Le service post sentenciel du 95<\/a><br \/>\n<a href=\"http:\/\/www.esperer-95.org\/plan-site.php#\">Le service post sentenciel du 78<\/a><br \/>\n<a href=\"http:\/\/www.esperer-95.org\/plan-site.php#\">Le service pr\u00e9sentenciel &#8211; enqu\u00eates<\/a><br \/>\n<a href=\"http:\/\/www.esperer-95.org\/plan-site.php#\">Le groupe de parole<\/a><br \/>\n<a href=\"http:\/\/www.esperer-95.org\/plan-site.php#\">Le Centre d&rsquo;Accueil d&rsquo;Urgence d&rsquo;Orientation et d&rsquo;H\u00e9bergement(CAUOH)<\/a><\/p>\n<h6>Administrateurs &amp; salari\u00e9s<\/h6>\n<h6>Contact<\/h6>\n<h6>Mentions l\u00e9gales<\/h6>\n<\/div>\n<\/div>\n","protected":false},"excerpt":{"rendered":"<p>accueil du site Objet et but de l&rsquo;association Les charact\u00e9ristiques du projet associatif Pr\u00e9sentation de l&rsquo;association\u00a0 Historique Actualit\u00e9s Conseil d&rsquo;administration Si\u00e8ge social et Direction g\u00e9n\u00e9rale Organigramme de l&rsquo;association Financements Rattachement et adh\u00e9sion \u00e0 des t\u00eates de r\u00e9seau Nos activit\u00e9s SIAO d&rsquo;urgence P\u00f4le h\u00e9bergement La maison MILADA L&rsquo;h\u00f4tel social des carri\u00e8res Le dispositif d&rsquo;H\u00e9bergement d&rsquo;Urgence de&hellip; <\/p>\n<p class=\"toivo-read-more\"><a href=\"https:\/\/artherapievirtus.org\/Victimes-et-Auteurs\/centres-ressources\/890-2\/\" class=\"more-link\">Lire la suite <span class=\"screen-reader-text\">ESPERER 95<\/span><\/a><\/p>\n","protected":false},"author":2,"featured_media":0,"parent":354,"menu_order":0,"comment_status":"open","ping_status":"open","template":"","meta":{"jetpack_post_was_ever_published":false,"footnotes":""},"jetpack_sharing_enabled":true,"jetpack_shortlink":"https:\/\/wp.me\/P3KRkv-em","jetpack_likes_enabled":true,"_links":{"self":[{"href":"https:\/\/artherapievirtus.org\/Victimes-et-Auteurs\/wp-json\/wp\/v2\/pages\/890"}],"collection":[{"href":"https:\/\/artherapievirtus.org\/Victimes-et-Auteurs\/wp-json\/wp\/v2\/pages"}],"about":[{"href":"https:\/\/artherapievirtus.org\/Victimes-et-Auteurs\/wp-json\/wp\/v2\/types\/page"}],"author":[{"embeddable":true,"href":"https:\/\/artherapievirtus.org\/Victimes-et-Auteurs\/wp-json\/wp\/v2\/users\/2"}],"replies":[{"embeddable":true,"href":"https:\/\/artherapievirtus.org\/Victimes-et-Auteurs\/wp-json\/wp\/v2\/comments?post=890"}],"version-history":[{"count":3,"href":"https:\/\/artherapievirtus.org\/Victimes-et-Auteurs\/wp-json\/wp\/v2\/pages\/890\/revisions"}],"predecessor-version":[{"id":1574,"href":"https:\/\/artherapievirtus.org\/Victimes-et-Auteurs\/wp-json\/wp\/v2\/pages\/890\/revisions\/1574"}],"up":[{"embeddable":true,"href":"https:\/\/artherapievirtus.org\/Victimes-et-Auteurs\/wp-json\/wp\/v2\/pages\/354"}],"wp:attachment":[{"href":"https:\/\/artherapievirtus.org\/Victimes-et-Auteurs\/wp-json\/wp\/v2\/media?parent=890"}],"curies":[{"name":"wp","href":"https:\/\/api.w.org\/{rel}","templated":true}]}}