{"id":651,"date":"2013-11-11T08:14:43","date_gmt":"2013-11-11T07:14:43","guid":{"rendered":"http:\/\/artherapievirtus.org\/Victimes-et-Auteurs\/?page_id=651"},"modified":"2013-11-18T06:43:28","modified_gmt":"2013-11-18T05:43:28","slug":"a-r-p-e-g-e-actions-reparatrices-prestations-et-guidances-educatives-belgique","status":"publish","type":"page","link":"https:\/\/artherapievirtus.org\/Victimes-et-Auteurs\/centres-ressources\/a-r-p-e-g-e-actions-reparatrices-prestations-et-guidances-educatives-belgique\/","title":{"rendered":"A.R.P.E.G.E. \u2013 Actions R\u00e9paratrices Prestations et Guidances Educatives \u2013 Belgique"},"content":{"rendered":"<p><a href=\"http:\/\/www.arpegeasbl.be\/site\/\"><img data-attachment-id=\"652\" data-permalink=\"https:\/\/artherapievirtus.org\/Victimes-et-Auteurs\/centres-ressources\/a-r-p-e-g-e-actions-reparatrices-prestations-et-guidances-educatives-belgique\/logo-a-r-p-e-g-e\/\" data-orig-file=\"https:\/\/artherapievirtus.org\/Victimes-et-Auteurs\/wp-content\/uploads\/2013\/11\/Logo-A.R.P.E.G.E.gif\" data-orig-size=\"591,125\" data-comments-opened=\"1\" data-image-meta=\"{&quot;aperture&quot;:&quot;0&quot;,&quot;credit&quot;:&quot;&quot;,&quot;camera&quot;:&quot;&quot;,&quot;caption&quot;:&quot;&quot;,&quot;created_timestamp&quot;:&quot;0&quot;,&quot;copyright&quot;:&quot;&quot;,&quot;focal_length&quot;:&quot;0&quot;,&quot;iso&quot;:&quot;0&quot;,&quot;shutter_speed&quot;:&quot;0&quot;,&quot;title&quot;:&quot;&quot;}\" data-image-title=\"Logo-A.R.P.E.G.E\" data-image-description=\"\" data-image-caption=\"\" data-medium-file=\"https:\/\/artherapievirtus.org\/Victimes-et-Auteurs\/wp-content\/uploads\/2013\/11\/Logo-A.R.P.E.G.E-300x63.gif\" data-large-file=\"https:\/\/artherapievirtus.org\/Victimes-et-Auteurs\/wp-content\/uploads\/2013\/11\/Logo-A.R.P.E.G.E.gif\" decoding=\"async\" loading=\"lazy\" class=\"aligncenter size-full wp-image-652\" alt=\"Logo-A.R.P.E.G.E\" src=\"http:\/\/artherapievirtus.org\/Victimes-et-Auteurs\/wp-content\/uploads\/2013\/11\/Logo-A.R.P.E.G.E.gif\" width=\"591\" height=\"125\" \/><\/a><\/p>\n<p><span style=\"font-size: small;\">A.R.P.E.G.E. est un service dont l&rsquo;activit\u00e9 est centr\u00e9e sur l&rsquo;organisation de \u00ab mesures alternatives\u00a0\u00bb et\u00a0 d&rsquo;\u00ab offres restauratrices \u00bb.<\/span><\/p>\n<div>\n<div><span style=\"color: #1fa08a;\"><strong><span style=\"font-size: small;\">A.R.P.E.G.E. est agr\u00e9\u00e9 et subventionn\u00e9 par la Communaut\u00e9 fran\u00e7aise pour offrir au tribunal de la jeunesse sa collaboration dans la mise sur pied des\u00a0<\/span><span style=\"font-size: small;\"><a href=\"http:\/\/www.arpegeasbl.be\/site\/index.php?id_surf=&amp;idcat=10&amp;quellePage=999&amp;surf_lang=fr&amp;id_menu=19\">prestations<\/a>\u00a0<\/span><span style=\"font-size: small;\">\u00e9ducatives et d&rsquo;int\u00e9r\u00eat g\u00e9n\u00e9ral ainsi que\u00a0l&rsquo;organisation de\u00a0<\/span><a href=\"http:\/\/www.arpegeasbl.be\/site\/index.php?id_surf=&amp;idcat=11&amp;quellePage=999&amp;surf_lang=fr&amp;id_menu=19\"><span style=\"font-size: small;\">m\u00e9diations<\/span><\/a><span style=\"font-size: small;\">\u00a0et de\u00a0<\/span><a href=\"http:\/\/www.arpegeasbl.be\/site\/index.php?id_surf=&amp;idcat=32&amp;quellePage=999&amp;surf_lang=fr&amp;id_menu=19\"><span style=\"font-size: small;\">concertations<\/span><\/a><span style=\"font-size: small;\">\u00a0restauratrices en groupe.\u00a0<\/span><\/strong><\/span><br \/>\n<span style=\"color: #1fa08a;\"><strong><span style=\"font-size: small;\">Il encadre, en outre,\u00a0des groupes de sensibilisation \u00e0 la victime (programme \u00ab<\/span><a href=\"http:\/\/www.arpegeasbl.be\/site\/index.php?id_surf=&amp;idcat=12&amp;quellePage=999&amp;surf_lang=fr&amp;id_menu=19\"><span style=\"font-size: small;\">\u00a0Recto-Verso<\/span><\/a><span style=\"font-size: small;\">\u00a0\u00bb).<\/span><\/strong><\/span><\/div>\n<\/div>\n","protected":false},"excerpt":{"rendered":"<p>A.R.P.E.G.E. est un service dont l&rsquo;activit\u00e9 est centr\u00e9e sur l&rsquo;organisation de \u00ab mesures alternatives\u00a0\u00bb et\u00a0 d&rsquo;\u00ab offres restauratrices \u00bb. A.R.P.E.G.E. est agr\u00e9\u00e9 et subventionn\u00e9 par la Communaut\u00e9 fran\u00e7aise pour offrir au tribunal de la jeunesse sa collaboration dans la mise sur pied des\u00a0prestations\u00a0\u00e9ducatives et d&rsquo;int\u00e9r\u00eat g\u00e9n\u00e9ral ainsi que\u00a0l&rsquo;organisation de\u00a0m\u00e9diations\u00a0et de\u00a0concertations\u00a0restauratrices en groupe.\u00a0 Il encadre, en&hellip; <\/p>\n<p class=\"toivo-read-more\"><a href=\"https:\/\/artherapievirtus.org\/Victimes-et-Auteurs\/centres-ressources\/a-r-p-e-g-e-actions-reparatrices-prestations-et-guidances-educatives-belgique\/\" class=\"more-link\">Lire la suite <span class=\"screen-reader-text\">A.R.P.E.G.E. \u2013 Actions R\u00e9paratrices Prestations et Guidances Educatives \u2013 Belgique<\/span><\/a><\/p>\n","protected":false},"author":18,"featured_media":0,"parent":354,"menu_order":0,"comment_status":"open","ping_status":"closed","template":"","meta":{"jetpack_post_was_ever_published":false,"footnotes":""},"jetpack_sharing_enabled":true,"jetpack_shortlink":"https:\/\/wp.me\/P3KRkv-av","jetpack_likes_enabled":true,"_links":{"self":[{"href":"https:\/\/artherapievirtus.org\/Victimes-et-Auteurs\/wp-json\/wp\/v2\/pages\/651"}],"collection":[{"href":"https:\/\/artherapievirtus.org\/Victimes-et-Auteurs\/wp-json\/wp\/v2\/pages"}],"about":[{"href":"https:\/\/artherapievirtus.org\/Victimes-et-Auteurs\/wp-json\/wp\/v2\/types\/page"}],"author":[{"embeddable":true,"href":"https:\/\/artherapievirtus.org\/Victimes-et-Auteurs\/wp-json\/wp\/v2\/users\/18"}],"replies":[{"embeddable":true,"href":"https:\/\/artherapievirtus.org\/Victimes-et-Auteurs\/wp-json\/wp\/v2\/comments?post=651"}],"version-history":[{"count":1,"href":"https:\/\/artherapievirtus.org\/Victimes-et-Auteurs\/wp-json\/wp\/v2\/pages\/651\/revisions"}],"predecessor-version":[{"id":653,"href":"https:\/\/artherapievirtus.org\/Victimes-et-Auteurs\/wp-json\/wp\/v2\/pages\/651\/revisions\/653"}],"up":[{"embeddable":true,"href":"https:\/\/artherapievirtus.org\/Victimes-et-Auteurs\/wp-json\/wp\/v2\/pages\/354"}],"wp:attachment":[{"href":"https:\/\/artherapievirtus.org\/Victimes-et-Auteurs\/wp-json\/wp\/v2\/media?parent=651"}],"curies":[{"name":"wp","href":"https:\/\/api.w.org\/{rel}","templated":true}]}}