{"id":644,"date":"2013-11-09T11:56:41","date_gmt":"2013-11-09T10:56:41","guid":{"rendered":"http:\/\/artherapievirtus.org\/Victimes-et-Auteurs\/?page_id=644"},"modified":"2013-11-18T06:42:42","modified_gmt":"2013-11-18T05:42:42","slug":"assas-maison-du-droit-informations-juridiques-gratuites","status":"publish","type":"page","link":"https:\/\/artherapievirtus.org\/Victimes-et-Auteurs\/centres-ressources\/assas-maison-du-droit-informations-juridiques-gratuites\/","title":{"rendered":"ASSAS \u2013 Maison du droit \u2013 informations juridiques gratuites"},"content":{"rendered":"<p style=\"text-align: center;\"><a href=\"http:\/\/www.u-paris2.fr\/63247158\/0\/fiche___pagelibre\/\"><img data-attachment-id=\"645\" data-permalink=\"https:\/\/artherapievirtus.org\/Victimes-et-Auteurs\/centres-ressources\/assas-maison-du-droit-informations-juridiques-gratuites\/logo-universite-pantheon-assas\/\" data-orig-file=\"https:\/\/artherapievirtus.org\/Victimes-et-Auteurs\/wp-content\/uploads\/2013\/11\/Logo-Universit\u00e9-Panth\u00e9on-Assas.gif\" data-orig-size=\"295,185\" data-comments-opened=\"1\" data-image-meta=\"{&quot;aperture&quot;:&quot;0&quot;,&quot;credit&quot;:&quot;&quot;,&quot;camera&quot;:&quot;&quot;,&quot;caption&quot;:&quot;&quot;,&quot;created_timestamp&quot;:&quot;0&quot;,&quot;copyright&quot;:&quot;&quot;,&quot;focal_length&quot;:&quot;0&quot;,&quot;iso&quot;:&quot;0&quot;,&quot;shutter_speed&quot;:&quot;0&quot;,&quot;title&quot;:&quot;&quot;}\" data-image-title=\"Logo-Universit\u00e9-Panth\u00e9on-Assas\" data-image-description=\"\" data-image-caption=\"\" data-medium-file=\"https:\/\/artherapievirtus.org\/Victimes-et-Auteurs\/wp-content\/uploads\/2013\/11\/Logo-Universit\u00e9-Panth\u00e9on-Assas.gif\" data-large-file=\"https:\/\/artherapievirtus.org\/Victimes-et-Auteurs\/wp-content\/uploads\/2013\/11\/Logo-Universit\u00e9-Panth\u00e9on-Assas.gif\" decoding=\"async\" loading=\"lazy\" class=\"aligncenter size-full wp-image-645\" alt=\"Logo-Universit\u00e9-Panth\u00e9on-Assas\" src=\"http:\/\/artherapievirtus.org\/Victimes-et-Auteurs\/wp-content\/uploads\/2013\/11\/Logo-Universit\u00e9-Panth\u00e9on-Assas.gif\" width=\"295\" height=\"185\" \/><\/a><\/p>\n<p style=\"text-align: center;\">Maison\u00a0du droit<br \/>\nINFORMATIONS JURIDIQUES<br \/>\nGRATUITES<br \/>\nVous avez besoin de conseils juridiques ?<br \/>\nadressez-vous \u00e0 la<br \/>\nMaison du droit.<br \/>\nmaisondudroit@u-paris2.fr<br \/>\nRencontrez \u00e0 Paris 6e arr. des avocats du barreau de Paris<br \/>\nAssist\u00e9s par des \u00e9tudiants de licence et de master en droit,<br \/>\nils r\u00e9pondront \u00e0 toutes vos questions.<br \/>\nPrise de rendez-vous obligatoire<\/p>\n<h2 style=\"text-align: center;\">Les lundi, mardi, jeudi et vendredi<\/h2>\n<h2 style=\"text-align: center;\">de 10h \u00e0 12h30 et de 14h \u00e0 17h30<\/h2>\n<p style=\"text-align: center;\">au<\/p>\n<h1 style=\"text-align: center;\">01 44 41 59 55<\/h1>\n<p style=\"text-align: center;\">A<br \/>\n&#8211; PARIS Il &#8211;<br \/>\nUNIVERSIT\u00c9<br \/>\nPANTH\u00c9ON-ASSAS<br \/>\n92 rue d&rsquo;Assas 75006 Paris<br \/>\n<a href=\"http:\/\/www.u.paris2.fr\">www.u.paris2.fr<\/a><\/p>\n<p style=\"text-align: center;\">Rubrique Vie \u00e9tudiante \u2013 Organisation des \u00e9tudes<\/p>\n","protected":false},"excerpt":{"rendered":"<p>Maison\u00a0du droit INFORMATIONS JURIDIQUES GRATUITES Vous avez besoin de conseils juridiques ? adressez-vous \u00e0 la Maison du droit. maisondudroit@u-paris2.fr Rencontrez \u00e0 Paris 6e arr. des avocats du barreau de Paris Assist\u00e9s par des \u00e9tudiants de licence et de master en droit, ils r\u00e9pondront \u00e0 toutes vos questions. Prise de rendez-vous obligatoire Les lundi, mardi, jeudi&hellip; <\/p>\n<p class=\"toivo-read-more\"><a href=\"https:\/\/artherapievirtus.org\/Victimes-et-Auteurs\/centres-ressources\/assas-maison-du-droit-informations-juridiques-gratuites\/\" class=\"more-link\">Lire la suite <span class=\"screen-reader-text\">ASSAS \u2013 Maison du droit \u2013 informations juridiques gratuites<\/span><\/a><\/p>\n","protected":false},"author":19,"featured_media":0,"parent":354,"menu_order":0,"comment_status":"open","ping_status":"closed","template":"","meta":{"jetpack_post_was_ever_published":false,"footnotes":""},"jetpack_sharing_enabled":true,"jetpack_shortlink":"https:\/\/wp.me\/P3KRkv-ao","jetpack_likes_enabled":true,"_links":{"self":[{"href":"https:\/\/artherapievirtus.org\/Victimes-et-Auteurs\/wp-json\/wp\/v2\/pages\/644"}],"collection":[{"href":"https:\/\/artherapievirtus.org\/Victimes-et-Auteurs\/wp-json\/wp\/v2\/pages"}],"about":[{"href":"https:\/\/artherapievirtus.org\/Victimes-et-Auteurs\/wp-json\/wp\/v2\/types\/page"}],"author":[{"embeddable":true,"href":"https:\/\/artherapievirtus.org\/Victimes-et-Auteurs\/wp-json\/wp\/v2\/users\/19"}],"replies":[{"embeddable":true,"href":"https:\/\/artherapievirtus.org\/Victimes-et-Auteurs\/wp-json\/wp\/v2\/comments?post=644"}],"version-history":[{"count":1,"href":"https:\/\/artherapievirtus.org\/Victimes-et-Auteurs\/wp-json\/wp\/v2\/pages\/644\/revisions"}],"predecessor-version":[{"id":646,"href":"https:\/\/artherapievirtus.org\/Victimes-et-Auteurs\/wp-json\/wp\/v2\/pages\/644\/revisions\/646"}],"up":[{"embeddable":true,"href":"https:\/\/artherapievirtus.org\/Victimes-et-Auteurs\/wp-json\/wp\/v2\/pages\/354"}],"wp:attachment":[{"href":"https:\/\/artherapievirtus.org\/Victimes-et-Auteurs\/wp-json\/wp\/v2\/media?parent=644"}],"curies":[{"name":"wp","href":"https:\/\/api.w.org\/{rel}","templated":true}]}}