{"id":633,"date":"2013-11-06T09:34:26","date_gmt":"2013-11-06T08:34:26","guid":{"rendered":"http:\/\/artherapievirtus.org\/Victimes-et-Auteurs\/?page_id=633"},"modified":"2013-11-06T09:42:07","modified_gmt":"2013-11-06T08:42:07","slug":"avft-association-europeenne-contre-les-violences-faites-aux-femmes-au-travail","status":"publish","type":"page","link":"https:\/\/artherapievirtus.org\/Victimes-et-Auteurs\/centres-ressources\/avft-association-europeenne-contre-les-violences-faites-aux-femmes-au-travail\/","title":{"rendered":"AVFT &#8211;  Association europ\u00e9enne contre les Violences faites aux Femmes au Travail"},"content":{"rendered":"<h2>Permanence t\u00e9l\u00e9phonique : 01 45 84 24 24<\/h2>\n<p>Du lundi au vendredi de 9h30 \u00e0 15 heures<\/p>\n<p>Association dot\u00e9e du statut consultatif sp\u00e9cial aupr\u00e8s du Conseil Economique et Social de l\u00b4ONU.<\/p>\n<p>L&rsquo;AVFT est une association f\u00e9ministe autonome qui d\u00e9fend les droits au travail et \u00e0 l&rsquo;int\u00e9grit\u00e9 de la personne. Elle a pour champ d&rsquo;action et de r\u00e9flexion toutes les formes de violences contre les femmes, bien qu&rsquo;elle se soit sp\u00e9cialis\u00e9e dans la d\u00e9nonciation des violences sexistes et sexuelles au travail.<\/p>\n<p>Volet formation<br \/>\nVeille jurisprudentielle constante<br \/>\nCompte rendu analytique de notre activit\u00e9 juridique<\/p>\n<p><strong><em>Pour aller sur le site de l&rsquo;AVFT, cliquez sur le logo<\/em><\/strong><\/p>\n","protected":false},"excerpt":{"rendered":"<p>Permanence t\u00e9l\u00e9phonique : 01 45 84 24 24 Du lundi au vendredi de 9h30 \u00e0 15 heures Association dot\u00e9e du statut consultatif sp\u00e9cial aupr\u00e8s du Conseil Economique et Social de l\u00b4ONU. L&rsquo;AVFT est une association f\u00e9ministe autonome qui d\u00e9fend les droits au travail et \u00e0 l&rsquo;int\u00e9grit\u00e9 de la personne. Elle a pour champ d&rsquo;action et&hellip; <\/p>\n<p class=\"toivo-read-more\"><a href=\"https:\/\/artherapievirtus.org\/Victimes-et-Auteurs\/centres-ressources\/avft-association-europeenne-contre-les-violences-faites-aux-femmes-au-travail\/\" class=\"more-link\">Lire la suite <span class=\"screen-reader-text\">AVFT &#8211;  Association europ\u00e9enne contre les Violences faites aux Femmes au Travail<\/span><\/a><\/p>\n","protected":false},"author":2,"featured_media":0,"parent":354,"menu_order":0,"comment_status":"open","ping_status":"open","template":"","meta":{"jetpack_post_was_ever_published":false,"footnotes":""},"jetpack_sharing_enabled":true,"jetpack_shortlink":"https:\/\/wp.me\/P3KRkv-ad","jetpack_likes_enabled":true,"_links":{"self":[{"href":"https:\/\/artherapievirtus.org\/Victimes-et-Auteurs\/wp-json\/wp\/v2\/pages\/633"}],"collection":[{"href":"https:\/\/artherapievirtus.org\/Victimes-et-Auteurs\/wp-json\/wp\/v2\/pages"}],"about":[{"href":"https:\/\/artherapievirtus.org\/Victimes-et-Auteurs\/wp-json\/wp\/v2\/types\/page"}],"author":[{"embeddable":true,"href":"https:\/\/artherapievirtus.org\/Victimes-et-Auteurs\/wp-json\/wp\/v2\/users\/2"}],"replies":[{"embeddable":true,"href":"https:\/\/artherapievirtus.org\/Victimes-et-Auteurs\/wp-json\/wp\/v2\/comments?post=633"}],"version-history":[{"count":3,"href":"https:\/\/artherapievirtus.org\/Victimes-et-Auteurs\/wp-json\/wp\/v2\/pages\/633\/revisions"}],"predecessor-version":[{"id":636,"href":"https:\/\/artherapievirtus.org\/Victimes-et-Auteurs\/wp-json\/wp\/v2\/pages\/633\/revisions\/636"}],"up":[{"embeddable":true,"href":"https:\/\/artherapievirtus.org\/Victimes-et-Auteurs\/wp-json\/wp\/v2\/pages\/354"}],"wp:attachment":[{"href":"https:\/\/artherapievirtus.org\/Victimes-et-Auteurs\/wp-json\/wp\/v2\/media?parent=633"}],"curies":[{"name":"wp","href":"https:\/\/api.w.org\/{rel}","templated":true}]}}