{"id":573,"date":"2013-11-03T09:28:16","date_gmt":"2013-11-03T08:28:16","guid":{"rendered":"http:\/\/artherapievirtus.org\/Victimes-et-Auteurs\/?page_id=573"},"modified":"2013-11-18T06:42:55","modified_gmt":"2013-11-18T05:42:55","slug":"119-service-national-daccueil-telephonique-de-lenfance-en-danger","status":"publish","type":"page","link":"https:\/\/artherapievirtus.org\/Victimes-et-Auteurs\/centres-ressources\/119-service-national-daccueil-telephonique-de-lenfance-en-danger\/","title":{"rendered":"119 \u2013\u00a0Service National d&rsquo;Accueil T\u00e9l\u00e9phonique de l&rsquo;Enfance en Danger"},"content":{"rendered":"<p><a href=\"http:\/\/www.allo119.gouv.fr\/\"><img data-attachment-id=\"574\" data-permalink=\"https:\/\/artherapievirtus.org\/Victimes-et-Auteurs\/centres-ressources\/119-service-national-daccueil-telephonique-de-lenfance-en-danger\/logo-119\/\" data-orig-file=\"https:\/\/artherapievirtus.org\/Victimes-et-Auteurs\/wp-content\/uploads\/2013\/11\/Logo-119.gif\" data-orig-size=\"591,167\" data-comments-opened=\"1\" data-image-meta=\"{&quot;aperture&quot;:&quot;0&quot;,&quot;credit&quot;:&quot;&quot;,&quot;camera&quot;:&quot;&quot;,&quot;caption&quot;:&quot;&quot;,&quot;created_timestamp&quot;:&quot;0&quot;,&quot;copyright&quot;:&quot;&quot;,&quot;focal_length&quot;:&quot;0&quot;,&quot;iso&quot;:&quot;0&quot;,&quot;shutter_speed&quot;:&quot;0&quot;,&quot;title&quot;:&quot;&quot;}\" data-image-title=\"Logo-119\" data-image-description=\"\" data-image-caption=\"\" data-medium-file=\"https:\/\/artherapievirtus.org\/Victimes-et-Auteurs\/wp-content\/uploads\/2013\/11\/Logo-119-300x84.gif\" data-large-file=\"https:\/\/artherapievirtus.org\/Victimes-et-Auteurs\/wp-content\/uploads\/2013\/11\/Logo-119.gif\" decoding=\"async\" loading=\"lazy\" class=\"aligncenter size-full wp-image-574\" alt=\"Logo-119\" src=\"http:\/\/artherapievirtus.org\/Victimes-et-Auteurs\/wp-content\/uploads\/2013\/11\/Logo-119.gif\" width=\"591\" height=\"167\" \/><\/a><\/p>\n<h3>Qui peut appeler le 119 ?<\/h3>\n<p>LES ENFANTS ET LES ADOLESCENTS<br \/>\nLes enfants confront\u00e9s \u00e0 une situation de risque et de danger, pour eux-m\u00eame ou pour un autre enfant qu&rsquo;ils connaissent.<br \/>\nLES ADULTES<br \/>\nLes adultes confront\u00e9s ou pr\u00e9occup\u00e9s par une situation d\u2019enfant en danger ou en risque de l\u2019\u00eatre : famille proche, famille \u00e9largie, voisins, communaut\u00e9 \u00e9ducative&#8230;<\/p>\n<h3>Dans quels cas appeler le 119 ?<\/h3>\n<p>Les probl\u00e9matiques de dangers g\u00e9r\u00e9es quotidiennement par les \u00e9coutants du 119 sont multiples\u00a0: une majorit\u00e9 des appels concerne des violences subies par les enfants (violences psychologiques, physiques et sexuelles), notamment au sein de la famille ou en institution. Le 119 est \u00e9galement contact\u00e9 pour d\u2019autres probl\u00e9matiques de dangers&#8230;<\/p>\n<p><em><strong>Pour joindre le site, cliquez sur le logo<\/strong><\/em><\/p>\n","protected":false},"excerpt":{"rendered":"<p>Qui peut appeler le 119 ? LES ENFANTS ET LES ADOLESCENTS Les enfants confront\u00e9s \u00e0 une situation de risque et de danger, pour eux-m\u00eame ou pour un autre enfant qu&rsquo;ils connaissent. LES ADULTES Les adultes confront\u00e9s ou pr\u00e9occup\u00e9s par une situation d\u2019enfant en danger ou en risque de l\u2019\u00eatre : famille proche, famille \u00e9largie, voisins,&hellip; <\/p>\n<p class=\"toivo-read-more\"><a href=\"https:\/\/artherapievirtus.org\/Victimes-et-Auteurs\/centres-ressources\/119-service-national-daccueil-telephonique-de-lenfance-en-danger\/\" class=\"more-link\">Lire la suite <span class=\"screen-reader-text\">119 \u2013\u00a0Service National d&rsquo;Accueil T\u00e9l\u00e9phonique de l&rsquo;Enfance en Danger<\/span><\/a><\/p>\n","protected":false},"author":23,"featured_media":0,"parent":354,"menu_order":0,"comment_status":"open","ping_status":"closed","template":"","meta":{"jetpack_post_was_ever_published":false,"footnotes":""},"jetpack_sharing_enabled":true,"jetpack_shortlink":"https:\/\/wp.me\/P3KRkv-9f","jetpack_likes_enabled":true,"_links":{"self":[{"href":"https:\/\/artherapievirtus.org\/Victimes-et-Auteurs\/wp-json\/wp\/v2\/pages\/573"}],"collection":[{"href":"https:\/\/artherapievirtus.org\/Victimes-et-Auteurs\/wp-json\/wp\/v2\/pages"}],"about":[{"href":"https:\/\/artherapievirtus.org\/Victimes-et-Auteurs\/wp-json\/wp\/v2\/types\/page"}],"author":[{"embeddable":true,"href":"https:\/\/artherapievirtus.org\/Victimes-et-Auteurs\/wp-json\/wp\/v2\/users\/23"}],"replies":[{"embeddable":true,"href":"https:\/\/artherapievirtus.org\/Victimes-et-Auteurs\/wp-json\/wp\/v2\/comments?post=573"}],"version-history":[{"count":1,"href":"https:\/\/artherapievirtus.org\/Victimes-et-Auteurs\/wp-json\/wp\/v2\/pages\/573\/revisions"}],"predecessor-version":[{"id":575,"href":"https:\/\/artherapievirtus.org\/Victimes-et-Auteurs\/wp-json\/wp\/v2\/pages\/573\/revisions\/575"}],"up":[{"embeddable":true,"href":"https:\/\/artherapievirtus.org\/Victimes-et-Auteurs\/wp-json\/wp\/v2\/pages\/354"}],"wp:attachment":[{"href":"https:\/\/artherapievirtus.org\/Victimes-et-Auteurs\/wp-json\/wp\/v2\/media?parent=573"}],"curies":[{"name":"wp","href":"https:\/\/api.w.org\/{rel}","templated":true}]}}