{"id":452,"date":"2013-10-24T13:07:50","date_gmt":"2013-10-24T11:07:50","guid":{"rendered":"http:\/\/artherapievirtus.org\/Victimes-et-Auteurs\/?page_id=452"},"modified":"2013-11-18T06:43:54","modified_gmt":"2013-11-18T05:43:54","slug":"cravs-bretagne-centre-de-ressources-regional-sur-les-auteurs-de-violences-sexuelles","status":"publish","type":"page","link":"https:\/\/artherapievirtus.org\/Victimes-et-Auteurs\/centres-ressources\/cravs-bretagne-centre-de-ressources-regional-sur-les-auteurs-de-violences-sexuelles\/","title":{"rendered":"CRAVS Bretagne : Centre de ressources r\u00e9gional sur les auteurs de violences sexuelles"},"content":{"rendered":"<p><a href=\"http:\/\/documentationcravs.chu-rennes.fr\/pmb\/opac_css\/index.php?lvl=infopages&amp;pagesid=4\"><img data-attachment-id=\"453\" data-permalink=\"https:\/\/artherapievirtus.org\/Victimes-et-Auteurs\/centres-ressources\/cravs-bretagne-centre-de-ressources-regional-sur-les-auteurs-de-violences-sexuelles\/logo-cravs-bretagne\/\" data-orig-file=\"https:\/\/artherapievirtus.org\/Victimes-et-Auteurs\/wp-content\/uploads\/2013\/10\/Logo-CRAVS-Bretagne.gif\" data-orig-size=\"295,143\" data-comments-opened=\"1\" data-image-meta=\"{&quot;aperture&quot;:&quot;0&quot;,&quot;credit&quot;:&quot;&quot;,&quot;camera&quot;:&quot;&quot;,&quot;caption&quot;:&quot;&quot;,&quot;created_timestamp&quot;:&quot;0&quot;,&quot;copyright&quot;:&quot;&quot;,&quot;focal_length&quot;:&quot;0&quot;,&quot;iso&quot;:&quot;0&quot;,&quot;shutter_speed&quot;:&quot;0&quot;,&quot;title&quot;:&quot;&quot;}\" data-image-title=\"Logo-CRAVS-Bretagne\" data-image-description=\"\" data-image-caption=\"\" data-medium-file=\"https:\/\/artherapievirtus.org\/Victimes-et-Auteurs\/wp-content\/uploads\/2013\/10\/Logo-CRAVS-Bretagne.gif\" data-large-file=\"https:\/\/artherapievirtus.org\/Victimes-et-Auteurs\/wp-content\/uploads\/2013\/10\/Logo-CRAVS-Bretagne.gif\" decoding=\"async\" loading=\"lazy\" class=\"alignleft size-full wp-image-453\" alt=\"Logo-CRAVS-Bretagne\" src=\"http:\/\/artherapievirtus.org\/Victimes-et-Auteurs\/wp-content\/uploads\/2013\/10\/Logo-CRAVS-Bretagne.gif\" width=\"295\" height=\"143\" \/><\/a>Le CRAVS Bretagne a \u00e9t\u00e9 cr\u00e9\u00e9 en 2009. Ses objectifs et missions sont fond\u00e9s par la\u00a0<strong><a href=\"http:\/\/documentationcravs.chu-rennes.fr\/pmb\/opac_css\/index.php?lvl=notice_display&amp;id=259\" target=\"_blank\">circulaire DHOS\/DGS\/O2\/6C no 2006-168 du 13 avril 2006<\/a><\/strong>, comme pour tous les centres de ce type.<\/p>\n<p><span style=\"font-size: small;\"><strong><a href=\"http:\/\/documentationcravs.chu-rennes.fr\/pmb\/opac_css\/doc_num.php?explnum_id=410\" target=\"_blank\">T\u00e9l\u00e9charger la plaquette de pr\u00e9sentation du CRAVS Bretagne<\/a><\/strong><\/span><\/p>\n<p><strong><a href=\"http:\/\/documentationcravs.chu-rennes.fr\/pmb\/opac_css\/index.php?lvl=etagere_see&amp;id=20\"><span style=\"font-size: small;\">Consulter les textes de r\u00e9f\u00e9rences \u00e0 l&rsquo;origine des CRAVS<\/span><\/a><\/strong><\/p>\n<p>En tant que professionnel oeuvrant dans le champ des violences sexuelles (sant\u00e9, justice, socio-\u00e9ducatif&#8230;), vous trouverez au CRAVS :<\/p>\n<ul>\n<li>Un soutien personnalis\u00e9 pour des situations complexes, pour des \u00e9valuations ;<\/li>\n<li>Un r\u00e9seau formalis\u00e9 de professionnels que vous pouvez int\u00e9grer ;<\/li>\n<li>Des \u00e9changes entre professionnels<strong>\u00a0<\/strong>: journ\u00e9es cliniques (Rennes), journ\u00e9es d&rsquo;\u00e9tudes (Brest) ;<\/li>\n<li>\u00a0Des\u00a0<strong><a href=\"http:\/\/documentationcravs.chu-rennes.fr\/pmb\/opac_css\/index.php?lvl=infopages&amp;pagesid=10\">formations<\/a><\/strong>\u00a0;<\/li>\n<li>Une\u00a0<a href=\"http:\/\/documentationcravs.chu-rennes.fr\/pmb\/opac_css\/index.php?lvl=notice_display&amp;id=254\"><strong>lettre d&rsquo;information<\/strong><\/a>\u00a0et une\u00a0<a href=\"http:\/\/documentationcravs.chu-rennes.fr\/pmb\/opac_css\/index.php?lvl=notice_display&amp;id=320\"><strong>veille documentaire<\/strong><\/a>\u00a0auxquelles vous pouvez\u00a0<a href=\"http:\/\/documentationcravs.chu-rennes.fr\/pmb\/opac_css\/index.php?lvl=notice_display&amp;id=907\" target=\"_blank\">vous abonner<\/a>\u00a0;<\/li>\n<li>Un\u00a0<a href=\"http:\/\/documentationcravs.chu-rennes.fr\/pmb\/opac_css\/index.php?lvl=infopages&amp;pagesid=3\"><strong>service\u00a0<\/strong><\/a><a href=\"http:\/\/documentationcravs.chu-rennes.fr\/pmb\/opac_css\/index.php?lvl=infopages&amp;pagesid=3\"><strong>documentaire<\/strong><\/a>\u00a0sp\u00e9cialis\u00e9 ;<\/li>\n<li>&#8230;et bien d&rsquo;autres interventions que le CRAVS peut r\u00e9aliser.<\/li>\n<\/ul>\n<p><strong><em>Pour rejoindre le site, cliquez sur le logo de CRAVS Bretagne\u00a0<\/em><\/strong><\/p>\n","protected":false},"excerpt":{"rendered":"<p>Le CRAVS Bretagne a \u00e9t\u00e9 cr\u00e9\u00e9 en 2009. Ses objectifs et missions sont fond\u00e9s par la\u00a0circulaire DHOS\/DGS\/O2\/6C no 2006-168 du 13 avril 2006, comme pour tous les centres de ce type. T\u00e9l\u00e9charger la plaquette de pr\u00e9sentation du CRAVS Bretagne Consulter les textes de r\u00e9f\u00e9rences \u00e0 l&rsquo;origine des CRAVS En tant que professionnel oeuvrant dans le&hellip; <\/p>\n<p class=\"toivo-read-more\"><a href=\"https:\/\/artherapievirtus.org\/Victimes-et-Auteurs\/centres-ressources\/cravs-bretagne-centre-de-ressources-regional-sur-les-auteurs-de-violences-sexuelles\/\" class=\"more-link\">Lire la suite <span class=\"screen-reader-text\">CRAVS Bretagne : Centre de ressources r\u00e9gional sur les auteurs de violences sexuelles<\/span><\/a><\/p>\n","protected":false},"author":18,"featured_media":0,"parent":354,"menu_order":0,"comment_status":"open","ping_status":"closed","template":"","meta":{"jetpack_post_was_ever_published":false,"footnotes":""},"jetpack_sharing_enabled":true,"jetpack_shortlink":"https:\/\/wp.me\/P3KRkv-7i","jetpack_likes_enabled":true,"_links":{"self":[{"href":"https:\/\/artherapievirtus.org\/Victimes-et-Auteurs\/wp-json\/wp\/v2\/pages\/452"}],"collection":[{"href":"https:\/\/artherapievirtus.org\/Victimes-et-Auteurs\/wp-json\/wp\/v2\/pages"}],"about":[{"href":"https:\/\/artherapievirtus.org\/Victimes-et-Auteurs\/wp-json\/wp\/v2\/types\/page"}],"author":[{"embeddable":true,"href":"https:\/\/artherapievirtus.org\/Victimes-et-Auteurs\/wp-json\/wp\/v2\/users\/18"}],"replies":[{"embeddable":true,"href":"https:\/\/artherapievirtus.org\/Victimes-et-Auteurs\/wp-json\/wp\/v2\/comments?post=452"}],"version-history":[{"count":1,"href":"https:\/\/artherapievirtus.org\/Victimes-et-Auteurs\/wp-json\/wp\/v2\/pages\/452\/revisions"}],"predecessor-version":[{"id":454,"href":"https:\/\/artherapievirtus.org\/Victimes-et-Auteurs\/wp-json\/wp\/v2\/pages\/452\/revisions\/454"}],"up":[{"embeddable":true,"href":"https:\/\/artherapievirtus.org\/Victimes-et-Auteurs\/wp-json\/wp\/v2\/pages\/354"}],"wp:attachment":[{"href":"https:\/\/artherapievirtus.org\/Victimes-et-Auteurs\/wp-json\/wp\/v2\/media?parent=452"}],"curies":[{"name":"wp","href":"https:\/\/api.w.org\/{rel}","templated":true}]}}