{"id":388,"date":"2013-10-21T19:26:05","date_gmt":"2013-10-21T17:26:05","guid":{"rendered":"http:\/\/artherapievirtus.org\/Victimes-et-Auteurs\/?page_id=388"},"modified":"2013-10-21T19:26:05","modified_gmt":"2013-10-21T17:26:05","slug":"alma-france-allo-maltraitance-des-personnes-agees-etou-des-personnes-handicapees","status":"publish","type":"page","link":"https:\/\/artherapievirtus.org\/Victimes-et-Auteurs\/centres-ressources\/alma-france-allo-maltraitance-des-personnes-agees-etou-des-personnes-handicapees\/","title":{"rendered":"ALMA FRANCE \u2013 All\u00f4 maltraitance des personnes \u00e2g\u00e9es et\/ou des personnes handicap\u00e9es"},"content":{"rendered":"<p><a href=\"http:\/\/www.alma-france.org\/\"><img data-attachment-id=\"385\" data-permalink=\"https:\/\/artherapievirtus.org\/Victimes-et-Auteurs\/alma-france-allo-maltraitance-des-personnes-agees-etou-des-personnes-handicapees\/logo-alma-france\/\" data-orig-file=\"https:\/\/artherapievirtus.org\/Victimes-et-Auteurs\/wp-content\/uploads\/2013\/10\/Logo-ALMA-France.gif\" data-orig-size=\"886,177\" data-comments-opened=\"1\" data-image-meta=\"{&quot;aperture&quot;:&quot;0&quot;,&quot;credit&quot;:&quot;&quot;,&quot;camera&quot;:&quot;&quot;,&quot;caption&quot;:&quot;&quot;,&quot;created_timestamp&quot;:&quot;0&quot;,&quot;copyright&quot;:&quot;&quot;,&quot;focal_length&quot;:&quot;0&quot;,&quot;iso&quot;:&quot;0&quot;,&quot;shutter_speed&quot;:&quot;0&quot;,&quot;title&quot;:&quot;&quot;}\" data-image-title=\"Logo-ALMA-France\" data-image-description=\"\" data-image-caption=\"\" data-medium-file=\"https:\/\/artherapievirtus.org\/Victimes-et-Auteurs\/wp-content\/uploads\/2013\/10\/Logo-ALMA-France-300x59.gif\" data-large-file=\"https:\/\/artherapievirtus.org\/Victimes-et-Auteurs\/wp-content\/uploads\/2013\/10\/Logo-ALMA-France.gif\" decoding=\"async\" loading=\"lazy\" class=\"aligncenter size-full wp-image-385\" alt=\"Logo-ALMA-France\" src=\"http:\/\/artherapievirtus.org\/Victimes-et-Auteurs\/wp-content\/uploads\/2013\/10\/Logo-ALMA-France.gif\" width=\"886\" height=\"177\" \/><\/a><\/p>\n<p>Chaque cas de maltraitance est toujours unique par la personnalit\u00e9 de la victime, les motivations du t\u00e9moin signaleur, les circonstances et l\u2019environnement, la personnalit\u00e9 de l\u2019auteur ou les caract\u00e9ristiques de la structure en cause. L\u2019immense exp\u00e9rience acquise par les antennes ALMA en France (et par les syst\u00e8mes inspir\u00e9s d\u2019ALMA existant \u00e0 l\u2019\u00e9tranger) et de nombreuses enqu\u00eates d\u00e9montrent cependant qu\u2019il existe des situations types qui se reproduisent r\u00e9guli\u00e8rement. Il serait important de faire conna\u00eetre ces situations, leurs facteurs favorisants, mais aussi comment la situation a pu \u00eatre accompagn\u00e9e, comment l\u2019abus, la violence ou la n\u00e9gligence ont pu \u00eatre amen\u00e9s \u00e0 dispara\u00eetre, gr\u00e2ce \u00e0 quelles analyses et quelles interventions, aussi quelles ont \u00e9t\u00e9 les cons\u00e9quences. D\u00e9crire ces situations et leur \u00e9volution, succ\u00e8s ou \u00e9chec, pourrait apporter un progr\u00e8s au savoir disponible sur ce sujet si longtemps tenu cach\u00e9. Ce peut \u00eatre un guide vers des actions de pr\u00e9vention plus efficaces.<\/p>\n<p><strong><em>Pour rejoindre le site, cliquez sur le logo<\/em><\/strong><\/p>\n","protected":false},"excerpt":{"rendered":"<p>Chaque cas de maltraitance est toujours unique par la personnalit\u00e9 de la victime, les motivations du t\u00e9moin signaleur, les circonstances et l\u2019environnement, la personnalit\u00e9 de l\u2019auteur ou les caract\u00e9ristiques de la structure en cause. L\u2019immense exp\u00e9rience acquise par les antennes ALMA en France (et par les syst\u00e8mes inspir\u00e9s d\u2019ALMA existant \u00e0 l\u2019\u00e9tranger) et de nombreuses&hellip; <\/p>\n<p class=\"toivo-read-more\"><a href=\"https:\/\/artherapievirtus.org\/Victimes-et-Auteurs\/centres-ressources\/alma-france-allo-maltraitance-des-personnes-agees-etou-des-personnes-handicapees\/\" class=\"more-link\">Lire la suite <span class=\"screen-reader-text\">ALMA FRANCE \u2013 All\u00f4 maltraitance des personnes \u00e2g\u00e9es et\/ou des personnes handicap\u00e9es<\/span><\/a><\/p>\n","protected":false},"author":2,"featured_media":0,"parent":354,"menu_order":0,"comment_status":"open","ping_status":"open","template":"","meta":{"jetpack_post_was_ever_published":false,"footnotes":""},"jetpack_sharing_enabled":true,"jetpack_shortlink":"https:\/\/wp.me\/P3KRkv-6g","jetpack_likes_enabled":true,"_links":{"self":[{"href":"https:\/\/artherapievirtus.org\/Victimes-et-Auteurs\/wp-json\/wp\/v2\/pages\/388"}],"collection":[{"href":"https:\/\/artherapievirtus.org\/Victimes-et-Auteurs\/wp-json\/wp\/v2\/pages"}],"about":[{"href":"https:\/\/artherapievirtus.org\/Victimes-et-Auteurs\/wp-json\/wp\/v2\/types\/page"}],"author":[{"embeddable":true,"href":"https:\/\/artherapievirtus.org\/Victimes-et-Auteurs\/wp-json\/wp\/v2\/users\/2"}],"replies":[{"embeddable":true,"href":"https:\/\/artherapievirtus.org\/Victimes-et-Auteurs\/wp-json\/wp\/v2\/comments?post=388"}],"version-history":[{"count":1,"href":"https:\/\/artherapievirtus.org\/Victimes-et-Auteurs\/wp-json\/wp\/v2\/pages\/388\/revisions"}],"predecessor-version":[{"id":389,"href":"https:\/\/artherapievirtus.org\/Victimes-et-Auteurs\/wp-json\/wp\/v2\/pages\/388\/revisions\/389"}],"up":[{"embeddable":true,"href":"https:\/\/artherapievirtus.org\/Victimes-et-Auteurs\/wp-json\/wp\/v2\/pages\/354"}],"wp:attachment":[{"href":"https:\/\/artherapievirtus.org\/Victimes-et-Auteurs\/wp-json\/wp\/v2\/media?parent=388"}],"curies":[{"name":"wp","href":"https:\/\/api.w.org\/{rel}","templated":true}]}}