{"id":211,"date":"2013-10-21T19:26:05","date_gmt":"2013-10-21T17:26:05","guid":{"rendered":"http:\/\/artherapievirtus.org\/Victimes-et-Auteurs\/?page_id=211"},"modified":"2014-03-05T16:11:39","modified_gmt":"2014-03-05T15:11:39","slug":"211-2","status":"publish","type":"page","link":"https:\/\/artherapievirtus.org\/Victimes-et-Auteurs\/about\/211-2\/","title":{"rendered":"Emploi du temps \u2013 Master 2 Pro \u2013 Prise en charge des victimes et auteurs d&rsquo;agression \u2013 1er trimestre 2013-2014"},"content":{"rendered":"<p>voici les dates et intitul\u00e9s des UE du 2\u00b0 semestre :<\/p>\n<p>pour tous : s\u00e9minaire de criminologie : 20 au 24 janvier 2014<\/p>\n<p><strong><em>parcours victimes :<\/em> \u00a0<\/strong><\/p>\n<p>UE4 : r\u00e9paration juridique du dommage corporel \u2013<strong><em> Mr Benayoun<\/em> <\/strong>\u2013 les mardi de 14h \u00e0 18h.<\/p>\n<p>UE5 : psychotraumatisme : du 3 au 7 f\u00e9vrier<\/p>\n<p>victimologie : du 31 mars au 4 avril 2014<\/p>\n<p><strong><em>parcours agresseur :<\/em><\/strong><\/p>\n<p>UE6 : criminalistique \u2013 <strong><em>Dr Schuliard<\/em><\/strong> \u2013 6 au 10 janvier; 3 au 7 f\u00e9vrier; 7 au 12 avril 2014<\/p>\n<p>UE7 : clinique et th\u00e9rapeutique des auteurs d&rsquo;infractions \u00e0 caract\u00e8re sexuel \u2013 <em><strong>Pr Ir\u00e8ne Fran\u00e7ois Purssell<\/strong><\/em> \u2013\u00a010 au 14 f\u00e9vrier 2014 et 31 mars au 4\u00a0 avril 2014<\/p>\n<p>_________________________________________________<\/p>\n<p><strong>Lundi 7 octobre 2013<\/strong><\/p>\n<p>UE 2 \u2013 RESPONSABILIT\u00c9 M\u00c9DICO-SOCIALE FACE \u00c0 LA VIOLENCE : APPROCHE SOCIOLOGIQUE, PHILOSOPHIQUE ET M\u00c9DICALE<\/p>\n<p><strong><em>9h \u2013 10h30<\/em><\/strong> \u2013 Garde \u00e0 vue, violence &amp; m\u00e9decine \u2013 <strong><em>Pr. Patrick Chariot<\/em><\/strong><\/p>\n<p><em><strong>14h \u2013 15h30<\/strong><\/em> \u2013 M\u00e9thodologie g\u00e9n\u00e9ralit\u00e9s et conseils \u2013 <strong><em>Pr. Jean-Christophe Coffin<\/em><\/strong><\/p>\n<p>_________________________________________________<\/p>\n<p><strong>Mardi 8 octobre 2013<\/strong><\/p>\n<p>UE 1 \u2013 PRINCIPE DE DROIT, R\u00c8GLE DE M\u00c9DECINE L\u00c9GALE ET \u00c9THIQUE DES PRATIQUES<\/p>\n<p><em><strong>9h30 \u2013 12 heures<\/strong><\/em> \u2013 Violences institutionnelles ?\u00a0\u2013<strong><em> Pr. Jean-Christophe Coffin<\/em><\/strong><\/p>\n<p>Par qui les textes ont-ils \u00e9t\u00e9 \u00e9crit ?<\/p>\n<p><em><strong>14 heures \u2013 16 heures <\/strong><\/em>\u2013 Les sources du droit \u00a0\u2013\u00a0<strong><em>Aminata Tour\u00e9<\/em><\/strong><\/p>\n<p>Sch\u00e9ma<\/p>\n<p>_________________________________________________<\/p>\n<p><strong>Mercredi 9\u00a0octobre 2013<\/strong><\/p>\n<p>UE 3 \u2013 EXPERTISE M\u00c9DICALE, PSYCHIATRIQUE ET M\u00c9DICO-SOCIALE : PRINCIPES DU DROIT ET DE L&rsquo;EXPERTISE, RAPPORTS ENTRE M\u00c9DECINE ET JUSTICE<\/p>\n<p><em><strong>9h30 \u2013 12 heures<\/strong><\/em>\u00a0\u2013 Examen m\u00e9dico-l\u00e9gal et lev\u00e9e de corps\u00a0\u2013 <strong><em>Dr\u00a0Isabelle Fortel<\/em><\/strong><\/p>\n<p>_________________________________________________<\/p>\n<p><strong>Lundi\u00a014 octobre 2013<\/strong><\/p>\n<p>UE 2 \u2013 RESPONSABILIT\u00c9 M\u00c9DICO-SOCIALE FACE \u00c0 LA VIOLENCE : APPROCHE SOCIOLOGIQUE, PHILOSOPHIQUE ET M\u00c9DICALE<\/p>\n<p><strong><em>10 heures \u2013 13 heures<\/em><\/strong> \u2013 Philosophie et r\u00e9ponse p\u00e9nale face \u00e0 la violence\u00a0\u2013 <em><strong>Pr. Stamatios Tzitzis<\/strong><\/em><\/p>\n<p><strong><em>14 heures\u00a0\u2013 16 heures<\/em><\/strong> \u2013 Maltraitance \u00e0 enfants \u00a0\u2013<em><strong> Dr. Pierre Vazquez<\/strong><\/em><\/p>\n<p><a href=\"http:\/\/www.ile-de-france.gouv.fr\/content\/download\/5226\/37376\/file\/Actes%20MSF%203%2002%202012.pdf\">Actes MSF 3 02 2012 &#8211; Pr\u00e9fecture de Paris et d&rsquo;Ile-de-France<\/a><\/p>\n<p><strong><em>16 heures\u00a0\u2013 18 heures<\/em><\/strong> \u2013 Vuln\u00e9rabilit\u00e9 \u2013\u00a0<em><\/em><strong><em>Me Laurent Delprat<\/em><\/strong><\/p>\n<p>_________________________________________________<\/p>\n<p><strong>Mardi\u00a015 octobre 2013<\/strong><\/p>\n<p>UE 1 \u2013 PRINCIPE DE DROIT, R\u00c8GLE DE M\u00c9DECINE L\u00c9GALE ET \u00c9THIQUE DES PRATIQUES<\/p>\n<p><strong><em>9\u00a0heures \u2013 12h30<\/em><\/strong> \u2013\u00a0Ethique sant\u00e9 publique et vuln\u00e9rabilit\u00e9\u00a0\u2013<strong><em> Dr Sophie Emery<\/em><\/strong><\/p>\n<p><em><strong><em>14\u00a0heures \u2013 12h30<\/em><\/strong> \u2013 <\/em>M\u00e9decine pr\u00e9dictive et personnalis\u00e9e<em>\u00a0\u2013 <strong>Dr Marie-France Mamzer-Bruneel <\/strong><\/em><\/p>\n<p>_________________________________________________<\/p>\n<p><strong>Mercredi\u00a016 octobre 2013<\/strong><\/p>\n<p>UE 3 \u2013 EXPERTISE M\u00c9DICALE, PSYCHIATRIQUE ET M\u00c9DICO-SOCIALE : PRINCIPES DU DROIT ET DE L&rsquo;EXPERTISE, RAPPORTS ENTRE M\u00c9DECINE ET JUSTICE<\/p>\n<p><strong><em>9\u00a0heures \u2013 12 heures \u00a0\u2013<\/em><\/strong>\u00a0La parole de l&rsquo;enfant\u00a0<em><\/em><strong><em>\u2013 Martine Druenne<\/em><\/strong><br \/>\n<a href=\"http:\/\/books.google.fr\/books?id=zgyElpI4e_EC&amp;pg=PA47&amp;lpg=PA47&amp;dq=Martine+Druenne&amp;source=bl&amp;ots=nPX5GBaJsH&amp;sig=p_xei1FHUeecL2Dv5fr_Hd8jSAQ&amp;hl=fr&amp;sa=X&amp;ei=VDteUsWcC-md0QXQ1IGoDQ&amp;ved=0CDAQ6AEwAA\">L&rsquo;enfance maltrait\u00e9e: du silence \u00e0 la communication : actes du &#8230;<\/a><\/p>\n<p><a href=\"http:\/\/books.google.fr\/books?id=aBbyRxJGvXgC&amp;pg=PA231&amp;lpg=PA231&amp;dq=Martine+Druenne&amp;source=bl&amp;ots=b4ELDsYPhV&amp;sig=xgvJMC9NBCTJP1KUWlf-iPHfOsI&amp;hl=fr&amp;sa=X&amp;ei=bT5eUsG0KIrP0QW6qoHgAg&amp;ved=0CC8Q6AEwADgK\">Etats des savoirs sur la maltraitance: Etats g\u00e9n\u00e9raux de l&rsquo;Afirem, &#8230;<\/a><\/p>\n<p><strong><em>14\u00a0heures \u2013 17 heures \u00a0\u2013<\/em><\/strong>\u00a0L&rsquo;expertise psychiatrique civile et p\u00e9nale \u2013 <em><strong>Dr Pascal Forissier<\/strong><\/em><\/p>\n<p>_________________________________________________<\/p>\n<p><strong>Lundi\u00a021 octobre 2013<\/strong><\/p>\n<p>UE 2 \u2013 RESPONSABILIT\u00c9 M\u00c9DICO-SOCIALE FACE \u00c0 LA VIOLENCE : APPROCHE SOCIOLOGIQUE, PHILOSOPHIQUE ET M\u00c9DICALE<\/p>\n<p><strong><em>9\u00a0heures \u2013 11 heures<\/em><\/strong> \u2013\u00a0La Maltraitance qu&rsquo;est-ce que c&rsquo;est\u00a0\u2013 <em><strong>Dr<\/strong> <strong>Robert Moulias<\/strong><\/em><\/p>\n<p><a href=\"http:\/\/www.larecherche.fr\/savoirs\/dossier\/robert-moulias-plaidoyer-meilleure-prevention-01-07-1999-69649\"><em>Robert Moulias<\/em> : plaidoyer pour une meilleure pr\u00e9vention | La <b>&#8230;<\/b><\/a><\/p>\n<p><strong><em>11<strong>\u00a0<\/strong>heures \u2013 14 heures<\/em><\/strong> \u2013 La violence et l\u2019int\u00e9gration\u00a0\u00a0\u2013 <em><strong>Dr\u00a0<\/strong><strong><\/strong><strong>Rachid Mendjeli<\/strong><\/em><\/p>\n<p>Sociopolitique, EHESS<\/p>\n<p><a href=\"http:\/\/www.cairn.info\/publications-de-Mendjeli-Rachid--78373.htm\">Publications de <em>Rachid Mendjeli<\/em> sur Cairn.info<\/a><\/p>\n<p><strong><em>15<strong>\u00a0<\/strong>heures \u2013 17 heures<\/em><\/strong> \u2013\u00a0Souci\u00a0de soi\u00a0\u00a0\u00a0\u2013 <em><strong>Dr\u00a0<\/strong><strong><\/strong><strong>Rachid Mendjeli<\/strong><\/em><\/p>\n<p>La cancer comme souci de soi<\/p>\n<p>_________________________________________________<\/p>\n<p><strong>Mardi\u00a022 octobre 2013<\/strong><\/p>\n<p>UE 1 \u2013 PRINCIPE DE DROIT, R\u00c8GLE DE M\u00c9DECINE L\u00c9GALE ET \u00c9THIQUE DES PRATIQUES<\/p>\n<p><strong><em>10\u00a0heures \u2013 13 heures<\/em><\/strong> \u2013\u00a0L&rsquo;organisation judiciaire\u00a0\u2013<strong><em> Me Denis Berthiau<\/em><\/strong><\/p>\n<p><strong><em>14\u00a0heures \u2013 18 heures<\/em><\/strong> \u2013\u00a0Les sources du Droit\u00a0\u2013 dimension formelle\u00a0\u00a0\u2013<strong><em> Me Denis Berthiau<\/em><\/strong><\/p>\n<p>_________________________________________________<\/p>\n<p><strong>Mercredi\u00a023 octobre 2013<\/strong><\/p>\n<p>UE 3 \u2013 EXPERTISE M\u00c9DICALE, PSYCHIATRIQUE ET M\u00c9DICO-SOCIALE : PRINCIPES DU DROIT ET DE L&rsquo;EXPERTISE, RAPPORTS ENTRE M\u00c9DECINE ET JUSTICE<\/p>\n<p><strong><em>9\u00a0heures \u2013 12 heures \u00a0\u2013<\/em><\/strong>\u00a0Les soins contraints et le droit\u00a0<em><\/em><strong><em>\u2013 Dr Marl\u00e8ne Abando \u2013\u00a0<\/em><\/strong>Psychiatre et M\u00e9decin l\u00e9giste<\/p>\n<p>http:\/documentationcravs.chu-rennes.fr<\/p>\n<p><strong><em>14 heures \u2013 17 heures \u00a0\u2013<\/em><\/strong>\u00a0Principes juridiques fondamentaux de l\u2019expertise m\u00e9dicale\u00a0<em><\/em><strong><em>\u2013 Me Carole Boussaingault, Dr Philippe Werson<\/em><\/strong><\/p>\n<p>_________________________________________________<\/p>\n<p><strong>Lundi\u00a028 octobre 2013<\/strong><\/p>\n<p>UE 2 \u2013 RESPONSABILIT\u00c9 M\u00c9DICO-SOCIALE FACE \u00c0 LA VIOLENCE : APPROCHE SOCIOLOGIQUE, PHILOSOPHIQUE ET M\u00c9DICALE<\/p>\n<p><strong><em>9\u00a0heures \u2013 12 heures<\/em><\/strong> \u2013 \u00a0La violence\u00a0urbaine\u00a0\u00a0\u2013 <em><strong>Dr\u00a0<\/strong><strong><\/strong><strong>Rachid Mendjeli<\/strong><\/em><\/p>\n<p>Sociopolitique, EHESS<\/p>\n<p><a href=\"http:\/\/www.cairn.info\/publications-de-Mendjeli-Rachid--78373.htm\">Publications de <em>Rachid Mendjeli<\/em> sur Cairn.info<\/a><\/p>\n<p><strong><em>14\u00a0heures \u2013 17 heures<\/em><\/strong> \u2013\u00a0\u00a0Prise en charge des victimes et des proches en situation de catastrophe \u2013 <em><strong>P<\/strong><strong>r\u00a0<\/strong><strong><\/strong><strong>Louis Crocq<\/strong><\/em><\/p>\n<p>_________________________________________________<\/p>\n<p><strong>Mardi\u00a029 octobre 2013<\/strong><\/p>\n<p>UE 1 \u2013 PRINCIPE DE DROIT, R\u00c8GLE DE M\u00c9DECINE L\u00c9GALE ET \u00c9THIQUE DES PRATIQUES<\/p>\n<p><strong><em>9\u00a0heures \u2013 12 heures \u00a0\u2013<\/em><\/strong>\u00a0La recherche bibliographique\u00a0<em><\/em><strong><em>\u2013 Catherine Pousset, Tiphaine Zirmi <strong><em>\u2013 <\/em><\/strong><\/em><\/strong>Biblioth\u00e9caires<\/p>\n<p><strong><em>14\u00a0heures \u2013 16 heures<\/em><\/strong> \u2013\u00a0Les grands principes de la responsabilit\u00e9 civile\/p\u00e9nale\u00a0\u00a0\u2013<strong><em> Me Denis Berthiau<\/em><\/strong><\/p>\n<p><strong><em>16h30 \u2013 18h30<\/em><\/strong> \u2013\u00a0Le dommage r\u00e9parable \u2013<strong><em> Me Denis Berthiau<\/em><\/strong><\/p>\n<p>_________________________________________________<\/p>\n<p><strong>Mercredi\u00a030\u00a0octobre 2013<\/strong><\/p>\n<p>UE 3 \u2013 EXPERTISE M\u00c9DICALE, PSYCHIATRIQUE ET M\u00c9DICO-SOCIALE : PRINCIPES DU DROIT ET DE L&rsquo;EXPERTISE, RAPPORTS ENTRE M\u00c9DECINE ET JUSTICE<\/p>\n<p><em><strong>9 heures \u2013 12h30<\/strong><\/em>\u2013\u00a0La notion de secret professionnel en Droit\u00a0\u2013 <strong><em>Me Aminata Tour\u00e9<\/em><\/strong><\/p>\n<p><em><strong>14\u00a0heures \u2013 15h30<\/strong><\/em>\u2013\u00a0La notion de secret professionnel en Droit\u00a0\u2013 <strong><em>Me Aminata Tour\u00e9<\/em><\/strong><\/p>\n<p>_________________________________________________<\/p>\n<p><strong>Lundi\u00a04 novembre 2013<\/strong><\/p>\n<p>UE 2 \u2013 RESPONSABILIT\u00c9 M\u00c9DICO-SOCIALE FACE \u00c0 LA VIOLENCE : APPROCHE SOCIOLOGIQUE, PHILOSOPHIQUE ET M\u00c9DICALE<\/p>\n<p><strong><em>9\u00a0heures \u2013 12 heures<\/em><\/strong>\u00a0\u2013\u00a0Violence et guerre \u00a0\u2013 <b><i>B\u00e9atrice et Laurent De Nardis<\/i><\/b><\/p>\n<p><strong><em>14 heures \u2013 16 heures<\/em><\/strong>\u00a0\u2013 La violence vis-\u00e0-vis des soignants \u00a0\u2013\u00a0<b><i>Marie-France L\u00e9onet<\/i><\/b><\/p>\n<p>_________________________________________________<\/p>\n<p><strong>Mardi\u00a05 novembre 2013<\/strong><\/p>\n<p>UE 1 \u2013 PRINCIPE DE DROIT, R\u00c8GLE DE M\u00c9DECINE L\u00c9GALE ET \u00c9THIQUE DES PRATIQUES<\/p>\n<p><strong><em>TD \u2013 9h30 \u2013 12h30 \u00a0\u2013<\/em><\/strong>\u00a0Discussion et analyse et d&rsquo;articles sur les victimes\u00a0<em><\/em><strong><em>\u2013 Pr Ir\u00e8ne Fran\u00e7ois<\/em><\/strong><\/p>\n<p><strong><em>TD \u2013 14\u00a0heures \u2013 16 heures<\/em><\/strong>\u00a0\u2013 Le secret professionnel\u00a0 \u2013<strong><em>\u00a0<strong><em>Pr Ir\u00e8ne Fran\u00e7ois<\/em><\/strong><\/em><\/strong><\/p>\n<p>________________________________________________<\/p>\n<p><strong>Mercredi\u00a06 novembre 2013<\/strong><\/p>\n<p>UE 3 \u2013 EXPERTISE M\u00c9DICALE, PSYCHIATRIQUE ET M\u00c9DICO-SOCIALE : PRINCIPES DU DROIT ET DE L&rsquo;EXPERTISE, RAPPORTS ENTRE M\u00c9DECINE ET JUSTICE<\/p>\n<p><em><strong>9 heures \u2013 12 heures\u00a0<\/strong><\/em>\u2013\u00a0Violences sexistes et sexuelles au travail : Quelles r\u00e9alit\u00e9s ? Quelles formes d&rsquo;interventions aux c\u00f4t\u00e9s des victimes ?\u00a0\u2013\u00a0<strong><em>AVFT : Marilyn Baldeck<\/em><\/strong><\/p>\n<p><b><i><strong><em>TD \u2013 14\u00a0heures \u2013 16 heures<\/em><\/strong>\u00a0\u2013\u00a0<\/i><\/b>Le secret professionnel<b> <i>\u00a0\u2013<strong><em>\u00a0<strong><em>Pr Ir\u00e8ne Fran\u00e7ois<\/em><\/strong><\/em><\/strong><\/i><\/b><\/p>\n<p>_________________________________________________<\/p>\n<p><strong>Mardi\u00a012 novembre 2013<\/strong><\/p>\n<p>UE 1 \u2013 PRINCIPE DE DROIT, R\u00c8GLE DE M\u00c9DECINE L\u00c9GALE ET \u00c9THIQUE DES PRATIQUES<\/p>\n<p><strong><em>TD \u2013 9h30 \u2013 12 heures \u00a0\u2013 <\/em><\/strong>Maniement des outils juridiques\u00a0<em><\/em><strong><em>\u2013 Me Laurent Delprat (Avocat)<br \/>\n<\/em><\/strong><\/p>\n<p><b><i><strong><em>TD \u2013 14\u00a0heures \u2013 16 heures<\/em><\/strong>\u00a0\u2013\u00a0<\/i><\/b>La prise en charge des vicitmes<b>\u00a0<i>\u00a0\u2013<strong><em>\u00a0<strong><em>Pr Ir\u00e8ne Fran\u00e7ois<\/em><\/strong><\/em><\/strong><\/i><\/b><\/p>\n<p><b><i><strong><em>TD \u2013 16\u00a0heures \u2013 18 heures<\/em><\/strong>\u00a0\u2013 <\/i><\/b>Le droit des patients et l\u2019exercice m\u00e9dical\u00a0: le secret et le partage de l\u2019information\u00a0<b>\u00a0<i>\u00a0\u2013<strong><em>\u00a0<strong><em>Pr Ir\u00e8ne Fran\u00e7ois<\/em><\/strong><\/em><\/strong><\/i><\/b><\/p>\n<p>________________________________________________<\/p>\n<p><strong>Mercredi\u00a013 novembre 2013<\/strong><\/p>\n<p>UE 3 \u2013 EXPERTISE M\u00c9DICALE, PSYCHIATRIQUE ET M\u00c9DICO-SOCIALE : PRINCIPES DU DROIT ET DE L&rsquo;EXPERTISE, RAPPORTS ENTRE M\u00c9DECINE ET JUSTICE<\/p>\n<p><strong><em>9 heures\u00a0\u2013 11 heures \u00a0\u2013 <\/em><\/strong>Les grands principes d&rsquo;identification des personnes \u2013<strong><em> Pr. Bertrand Ludes<\/em><\/strong><\/p>\n<p><a href=\"http:\/\/www.dna.fr\/dossiers\/2013\/02\/06\/conference-du-pr-bertrand-ludes-(quatrieme-partie)\">Nos enregistrements audio | Conf\u00e9rence du <em>Pr Bertrand Ludes<\/em> <b>&#8230;<\/b><\/a><\/p>\n<p><b><i><strong><em>TD \u2013 14\u00a0heures \u2013 17 heures<\/em><\/strong>\u00a0\u2013 <\/i><\/b>L&rsquo;articulation des \u00e9valuations du somatique et du psychique\u00a0\u2013 <strong><em>Dr. Jacques Reverberi<\/em> <\/strong>&amp; <strong><em>Mme Sylvie Lefort<\/em><\/strong><\/p>\n<p>_________________________________________________<\/p>\n<p><strong>Lundi\u00a018 novembre 2013<\/strong><\/p>\n<p>UE 2 \u2013 RESPONSABILIT\u00c9 M\u00c9DICO-SOCIALE FACE \u00c0 LA VIOLENCE : APPROCHE SOCIOLOGIQUE, PHILOSOPHIQUE ET M\u00c9DICALE<\/p>\n<p><strong><em>TD \u2013 9 heures \u2013 12 heures<\/em><\/strong>\u00a0\u2013 Harc\u00e8lement et Violence au travail\u00a0\u2013\u00a0<em><strong>Dr Marie-France Hirigoyen\u00a0<\/strong><\/em><\/p>\n<p><em><strong>TD \u2013 14 heures\u00a0\u2013 17 heures\u00a0\u2013\u00a0<\/strong><\/em>Droit et psychanalyse\u00a0\u2013<em><strong>\u00a0Dr.\u00a0Mme Vassiliki-Piyi Christopoulou <\/strong><\/em>(Dr en psychanalyse)<\/p>\n<p>_________________________________________________<\/p>\n<p><strong>Lundi\u00a025 novembre 2013<\/strong><\/p>\n<p>UE 2 \u2013 RESPONSABILIT\u00c9 M\u00c9DICO-SOCIALE FACE \u00c0 LA VIOLENCE : APPROCHE SOCIOLOGIQUE, PHILOSOPHIQUE ET M\u00c9DICALE<\/p>\n<p><strong><em>TD \u2013 9 heures \u2013 11 heures<\/em><\/strong>\u00a0\u2013\u00a0Fonctions symboliques et structurantes du Droit\u00a0\u2013\u00a0<strong><em>Aminata Tour\u00e9 (ATER)<\/em><\/strong><\/p>\n<p><em><strong>TD \u2013 11 heures\u00a0\u2013 13 heures\u00a0\u2013\u00a0<\/strong><\/em>Histoire, de la position m\u00e9dicale dans la violence m\u00e9dicale\u00a0\u2013<em><strong>\u00a0Dr Ir\u00e8ne Fran\u00e7ois\u00a0<\/strong><\/em><\/p>\n<p><em><strong>TD \u2013 14 heures\u00a0\u2013 16 heures\u00a0\u2013\u00a0<\/strong><\/em>Violences conjugales\u00a0\u2013<em><strong>\u00a0Annie Guilberteau\u00a0<\/strong><\/em><\/p>\n<div>\n<p>________________________________________________<\/p>\n<p><strong>Mercredi\u00a027 novembre 2013<\/strong><\/p>\n<p>UE 3 \u2013 EXPERTISE M\u00c9DICALE, PSYCHIATRIQUE ET M\u00c9DICO-SOCIALE : PRINCIPES DU DROIT ET DE L&rsquo;EXPERTISE, RAPPORTS ENTRE M\u00c9DECINE ET JUSTICE<\/p>\n<p><em><strong>9 heures \u2013 12 heures\u00a0<\/strong><\/em>\u2013 L\u2019autopsie m\u00e9dico-l\u00e9gale : film et commentaires\u00a0\u2013\u00a0<em><strong>Dr Isabelle Fortel\u00a0<\/strong><\/em><\/p>\n<p><em><strong>TD \u2013 14 heures\u00a0\u2013 17 heures\u00a0\u2013\u00a0<\/strong><\/em>Discussion sur des cas pratiques d\u2019expertises psychiatriques p\u00e9nales et civiles\u00a0\u2013<em><strong>\u00a0Dr. Pascal Forissier<\/strong><\/em><\/p>\n<p>_________________________________________________<\/p>\n<p><strong>Lundi\u00a02 d\u00e9cembre 2013<\/strong><\/p>\n<p>UE 2 \u2013 RESPONSABILIT\u00c9 M\u00c9DICO-SOCIALE FACE \u00c0 LA VIOLENCE : APPROCHE SOCIOLOGIQUE, PHILOSOPHIQUE ET M\u00c9DICALE<\/p>\n<p><strong><em>TD \u2013 9 heures \u2013 13 heures<\/em><\/strong>\u00a0\u2013\u00a0La police \u00e0 l\u2019\u00e9preuve des incivilit\u00e9s \u2013\u00a0Le ph\u00e9nom\u00e8ne criminel\u00a0\u2013\u00a0<em><strong>M. Julien Piednoir \u2013 Dr en criminologie, PhD en criminologie.<\/strong><\/em><\/p>\n<div>\n<p>_________________________________________________<\/p>\n<p><strong>Lundi\u00a09 d\u00e9cembre 2013<\/strong><\/p>\n<p>UE 2 \u2013 RESPONSABILIT\u00c9 M\u00c9DICO-SOCIALE FACE \u00c0 LA VIOLENCE : APPROCHE SOCIOLOGIQUE, PHILOSOPHIQUE ET M\u00c9DICALE<\/p>\n<p><strong><em>TD \u2013 9 heures \u2013 11 heures<\/em><\/strong>\u00a0\u2013\u00a0table ronde ; Les accidents m\u00e9dicaux, responsabilit\u00e9 m\u00e9dicale<em><strong>\u00a0\u2013\u00a0<em><strong>Herv\u00e9 Segalen<\/strong><\/em><\/strong><\/em><\/p>\n<p>_________________________________________________<\/p>\n<p><strong>Mercredi\u00a011 d\u00e9cembre 2013<\/strong><\/p>\n<p>UE 3 \u2013 EXPERTISE M\u00c9DICALE, PSYCHIATRIQUE ET M\u00c9DICO-SOCIALE : PRINCIPES DU DROIT ET DE L&rsquo;EXPERTISE, RAPPORTS ENTRE M\u00c9DECINE ET JUSTICE<\/p>\n<p><strong><em>9h30 \u2013 12h30 \u00a0\u2013<\/em><\/strong>\u00a0Discussion sur des cas pratiques d\u2019expertises psychiatriques p\u00e9nales et civiles\u00a0\u2013<em><strong>\u00a0Dr. Pascal Forissier<\/strong><\/em><\/p>\n<p><strong><em>14h30 \u2013 17h30 \u00a0\u2013<\/em><\/strong>\u00a0Discussion sur des cas pratiques d\u2019expertises m\u00e9dicales\u00a0<strong><em>\u2013\u00a0Werson P. et Boussaingault C.<\/em><\/strong><\/p>\n<p>_________________________________________________<\/p>\n<p><strong>Mercredi\u00a08\u00a0janvier 2014<\/strong><\/p>\n<p>UE 3 \u2013 EXPERTISE M\u00c9DICALE, PSYCHIATRIQUE ET M\u00c9DICO-SOCIALE : PRINCIPES DU DROIT ET DE L&rsquo;EXPERTISE, RAPPORTS ENTRE M\u00c9DECINE ET JUSTICE<\/p>\n<p><strong><em>18 heures\u00a0\u2013\u00a021 heures\u00a0\u00a0\u2013<\/em><\/strong>\u00a0Discussion sur des cas pratiques d\u2019expertises m\u00e9dicales\u00a0<strong><em>\u2013\u00a0Werson P. et Boussaingault C.<\/em><\/strong><\/p>\n<p>_________________________________________________<\/p>\n<p><strong>DU de criminalistique \u2013 UE 6 \u2013\u00a06 au 10 janvier<\/strong><br \/>\nVoir la page qui d\u00e9taille l&#8217;emploi du temps<\/p>\n<\/div>\n<\/div>\n","protected":false},"excerpt":{"rendered":"<p>voici les dates et intitul\u00e9s des UE du 2\u00b0 semestre : pour tous : s\u00e9minaire de criminologie : 20 au 24 janvier 2014 parcours victimes : \u00a0 UE4 : r\u00e9paration juridique du dommage corporel \u2013 Mr Benayoun \u2013 les mardi de 14h \u00e0 18h. UE5 : psychotraumatisme : du 3 au 7 f\u00e9vrier victimologie :&hellip; <\/p>\n<p class=\"toivo-read-more\"><a href=\"https:\/\/artherapievirtus.org\/Victimes-et-Auteurs\/about\/211-2\/\" class=\"more-link\">Lire la suite <span class=\"screen-reader-text\">Emploi du temps \u2013 Master 2 Pro \u2013 Prise en charge des victimes et auteurs d&rsquo;agression \u2013 1er trimestre 2013-2014<\/span><\/a><\/p>\n","protected":false},"author":1,"featured_media":0,"parent":2,"menu_order":0,"comment_status":"open","ping_status":"closed","template":"","meta":{"jetpack_post_was_ever_published":false,"footnotes":""},"jetpack_sharing_enabled":true,"jetpack_shortlink":"https:\/\/wp.me\/P3KRkv-3p","jetpack_likes_enabled":true,"_links":{"self":[{"href":"https:\/\/artherapievirtus.org\/Victimes-et-Auteurs\/wp-json\/wp\/v2\/pages\/211"}],"collection":[{"href":"https:\/\/artherapievirtus.org\/Victimes-et-Auteurs\/wp-json\/wp\/v2\/pages"}],"about":[{"href":"https:\/\/artherapievirtus.org\/Victimes-et-Auteurs\/wp-json\/wp\/v2\/types\/page"}],"author":[{"embeddable":true,"href":"https:\/\/artherapievirtus.org\/Victimes-et-Auteurs\/wp-json\/wp\/v2\/users\/1"}],"replies":[{"embeddable":true,"href":"https:\/\/artherapievirtus.org\/Victimes-et-Auteurs\/wp-json\/wp\/v2\/comments?post=211"}],"version-history":[{"count":61,"href":"https:\/\/artherapievirtus.org\/Victimes-et-Auteurs\/wp-json\/wp\/v2\/pages\/211\/revisions"}],"predecessor-version":[{"id":1227,"href":"https:\/\/artherapievirtus.org\/Victimes-et-Auteurs\/wp-json\/wp\/v2\/pages\/211\/revisions\/1227"}],"up":[{"embeddable":true,"href":"https:\/\/artherapievirtus.org\/Victimes-et-Auteurs\/wp-json\/wp\/v2\/pages\/2"}],"wp:attachment":[{"href":"https:\/\/artherapievirtus.org\/Victimes-et-Auteurs\/wp-json\/wp\/v2\/media?parent=211"}],"curies":[{"name":"wp","href":"https:\/\/api.w.org\/{rel}","templated":true}]}}