{"id":201,"date":"2013-10-05T12:51:08","date_gmt":"2013-10-05T10:51:08","guid":{"rendered":"http:\/\/artherapievirtus.org\/Victimes-et-Auteurs\/?page_id=201"},"modified":"2013-10-30T12:32:41","modified_gmt":"2013-10-30T11:32:41","slug":"emploi-du-temps","status":"publish","type":"page","link":"https:\/\/artherapievirtus.org\/Victimes-et-Auteurs\/about\/emploi-du-temps\/","title":{"rendered":"Emploi du temps \u2013\u00a0Tronc commun Masters 2 R et Pro"},"content":{"rendered":"<p><span class=\"Apple-style-span\" style=\"font-family: sans-serif; color: #000000; line-height: normal; font-size: medium;\">Lundi 30 septembre 2013<\/span><\/p>\n<ul>\n<li>9h-12 heures<\/li>\n<\/ul>\n<p><em>Pr. Christian<strong> Herv\u00e9 :<\/strong><\/em><br \/>\n<a href=\"http:\/\/www.greof78.fr\/christian-herve.php\"><b>Christian HERVE<\/b> \u2039 Greof78<\/a><\/p>\n<p><em>Dr Marie-France, <strong>Mamzer-Bruneel :<\/strong><\/em><br \/>\n<a href=\"http:\/\/www.ethique.sorbonne-paris-cite.fr\/?q=node\/1029\">Int\u00e9grit\u00e9 scientifique: le r\u00f4le des comit\u00e9s<\/a><\/p>\n<p>Pr. Ir\u00e8ne, <strong>Fran\u00e7ois-Purssell :<\/strong><br \/>\n<a href=\"http:\/\/www.cairn.info\/publications-de-Purssell-Fran%C3%A7ois-Ir%C3%A8ne--39196.htm\">Publications de <b><span style=\"text-decoration: underline;\">Ir\u00e8ne Purssell<\/span><\/b>&#8211;<b><span style=\"text-decoration: underline;\">Fran\u00e7ois<\/span><\/b> sur Cairn.info<\/a><\/p>\n<p><em>Dr. Jean-Christophe <strong>Coffin<\/strong> :<\/em><br \/>\n<a href=\"http:\/\/www.koyre.cnrs.fr\/IMG\/pdf\/cv4JCCwebCAK.pdf\">curriculum vitae <b><span style=\"text-decoration: underline;\">jean<\/span><\/b>&#8211;<b><span style=\"text-decoration: underline;\">christophe coffin<\/span><\/b> &#8211; Centre Alexandre Koyr\u00e9<\/a><\/p>\n<p>Accueil des \u00e9tudiants<\/p>\n<p><span class=\"Apple-style-span\" style=\"font-family: sans-serif; color: #000000; line-height: normal; font-size: medium;\">De la n\u00e9cessit\u00e9 d&rsquo;une approche multidisciplinaire de l&rsquo;\u00e9thique et des m\u00e9thodes employ\u00e9es<\/span><\/p>\n<ul>\n<li>14h &#8211; 17h<\/li>\n<\/ul>\n<p><em>Pr. Christian<strong>\u00a0Herv\u00e9 :<\/strong><\/em><\/p>\n<p><span class=\"Apple-style-span\" style=\"font-family: sans-serif; color: #000000; line-height: normal; font-size: medium;\">Ethique m\u00e9dicale, Bio\u00e9thique, personne humaine et bien commun<\/span><\/p>\n<p>____________________________________________________________________________<\/p>\n<p><span class=\"Apple-style-span\" style=\"font-family: sans-serif; color: #000000; line-height: normal; font-size: medium;\">Mardi 1er octobre 2013<\/span><\/p>\n<p style=\"text-align: center;\"><strong><span class=\"Apple-style-span\" style=\"font-family: sans-serif; color: #000000; line-height: normal; font-size: medium;\">M\u00e9decine l\u00e9gale et droit de la sant\u00e9<\/span><\/strong><\/p>\n<ul>\n<li>9h &#8211; 11h<\/li>\n<\/ul>\n<p>Pr. Ir\u00e8ne,\u00a0<strong>Fran\u00e7ois-Purssell<\/strong><br \/>\n<span class=\"Apple-style-span\" style=\"font-family: sans-serif; color: #000000; line-height: normal; font-size: medium;\">El\u00e9ments de m\u00e9decine l\u00e9gale et de droit de la sant\u00e9<\/span><\/p>\n<ul>\n<li>11h &#8211; 13h<\/li>\n<\/ul>\n<p><em>Dr Marie-France,\u00a0<strong>Mamzer-Bruneel<\/strong><\/em><br \/>\n<span class=\"Apple-style-span\" style=\"font-family: sans-serif; color: #000000; line-height: normal; font-size: medium;\">Qu\u2019est-ce que la m\u00e9decine l\u00e9gale\u00a0?<\/span><\/p>\n<ul>\n<li>\u00a014h &#8211; 17h<\/li>\n<\/ul>\n<p><em>Gilles <strong>Poutout<\/strong><\/em><\/p>\n<p><span class=\"Apple-style-span\" style=\"font-family: sans-serif; color: #000000; line-height: normal; font-size: medium;\">Visions de sant\u00e9 publique<\/span><\/p>\n<p>____________________________________________________________________________<\/p>\n<p><span class=\"Apple-style-span\" style=\"font-family: sans-serif; color: #000000; line-height: normal; font-size: medium;\">Mercredi 2 octobre 2013<\/span><\/p>\n<p style=\"text-align: center;\"><span class=\"Apple-style-span\" style=\"font-family: sans-serif; color: #000000; line-height: normal; font-size: medium;\"><strong>Sciences du langage<\/strong><\/span><\/p>\n<ul>\n<li>9h &#8211; 13h<\/li>\n<\/ul>\n<p><em>Dominique\u00a0<strong>Desmarchelier<\/strong><\/em><br \/>\n<a href=\"http:\/\/ceditec.u-pec.fr\/membres\/enseignants-chercheurs\/desmarchelier-dominique-341900.kjsp\"><b>DESMARCHELIER Dominique<\/b> &#8211; CEDITEC &#8211; UPEC<\/a><\/p>\n<ul>\n<li>\u00a014h &#8211; 18h<\/li>\n<\/ul>\n<p><em>Dr Jean-Pierre <strong>Thierry<\/strong><\/em><br \/>\nElu au Governing Council de HIMSS Europe<br \/>\n<a href=\"http:\/\/www.dsih.fr\/article\/255\/le-docteur-jean-pierre-thierry-elu-au-governing-council-de-himss-europe.html\">Le <span style=\"text-decoration: underline;\">Docteur Jean-Pierre Thierry<\/span> \u00e9lu au Governing Council de HIMSS <span style=\"text-decoration: underline;\">&#8230;<\/span><\/a><br \/>\n<a href=\"http:\/\/georges.dolisi.free.fr\/Terminologie\/T\/tele.htm\">t\u00e9l(\u00e9) &#8211; BioTop<\/a><br \/>\n<a href=\"http:\/\/ccsd11.ccsd.cnrs.fr\/sites\/default\/files\/programme_colloque_carpem_0.pdf\">PROGRAMME DU COLLOQUE <b><span style=\"text-decoration: underline;\">CARPEM<\/span><\/b> &#8211; Ethique et sant\u00e9 <b><span style=\"text-decoration: underline;\">&#8230;<\/span><\/b><\/a><\/p>\n<p>____________________________________________________________________________<\/p>\n<p><span class=\"Apple-style-span\" style=\"font-family: sans-serif; color: #000000; line-height: normal; font-size: medium;\">Jeudi 3 octobre 2013<\/span><\/p>\n<p><span class=\"Apple-style-span\" style=\"font-family: sans-serif; color: #000000; line-height: normal; font-size: medium;\"><strong>Que fait l&rsquo;histoire, que fait l&rsquo;historien ?<\/strong><\/span><\/p>\n<ul>\n<li>9h &#8211; 12h<\/li>\n<\/ul>\n<p><i>Jean-Christophe <strong>Coffin<\/strong><\/i><br \/>\n<a href=\"http:\/\/www.koyre.cnrs.fr\/spip.php?article118\"><b>Coffin<\/b>, <b>Jean<\/b>&#8211;<b>Christophe<\/b> &#8211; Centre Alexandre Koyr\u00e9 &#8211; CNRS<\/a><b><\/b><\/p>\n<ul>\n<li>14h &#8211; 15h<\/li>\n<\/ul>\n<p><i><em>Dr Marie-France,\u00a0<strong>Mamzer-Bruneel<\/strong><\/em><\/i><\/p>\n<p style=\"text-align: center;\"><strong><span class=\"Apple-style-span\" style=\"font-family: sans-serif; color: #000000; line-height: normal; font-size: medium;\">Ethique de la recherche<\/span><\/strong><\/p>\n<ul>\n<li>15h &#8211; 17h<\/li>\n<\/ul>\n<p><i><em>Dr Philppe,\u00a0<strong>Charlier<\/strong><\/em><\/i><\/p>\n<p style=\"text-align: center;\"><span class=\"Apple-style-span\" style=\"font-family: sans-serif; color: #000000; line-height: normal; font-size: medium;\"><strong>Principes d&rsquo;identification en m\u00e9decine l\u00e9gale<\/strong><\/span><\/p>\n<div>\n<p><a href=\"http:\/\/fr.wikipedia.org\/wiki\/Philippe_Charlier\"><b>Philippe Charlier<\/b> &#8211; Wikip\u00e9dia<\/a><\/p>\n<\/div>\n<div style=\"text-align: left;\">\n<p>____________________________________________________________________________<\/p>\n<p>Vendredi 4 octobre 2013<\/p>\n<p><strong>M\u00e9decine l\u00e9gale et droit de la sant\u00e9<\/strong><\/p>\n<ul>\n<li>9h &#8211; 13h<\/li>\n<\/ul>\n<ol style=\"display: inline !important;\">\n<li style=\"display: inline !important; text-align: center;\"><span class=\"Apple-style-span\" style=\"color: #666a76; font-family: 'Open Sans', 'Helvetica Neue', Helvetica, Arial, 'Lucida Grande', sans-serif; font-size: 14px; line-height: 21px;\"><strong><span class=\"Apple-style-span\" style=\"font-family: sans-serif; color: #000000; line-height: normal; font-size: medium;\">M\u00e9decine, Droit et Ethique<\/span><\/strong><\/span><\/li>\n<\/ol>\n<p><i><em>Dr Denis Berthiau<\/em><\/i><\/p>\n<p><a href=\"http:\/\/www.google.fr\/url?sa=t&amp;rct=j&amp;q=Denis+Berthiau&amp;source=web&amp;cd=13&amp;cad=rja&amp;ved=0CHYQFjAM&amp;url=http%3A%2F%2Fcerses.shs.univ-paris5.fr%2Fspip.php%3Frubrique6&amp;ei=HalRUpTaIoSs0QWl-YDoDQ&amp;usg=AFQjCNEEUndBGTEnay-aq9X1iHNp8pHbcA&amp;sig2=KXNtFEVtaeDbxgVs4uGf3A&amp;bvm=bv.53537100,d.d2k\">CERSES &#8211; Membres du CERSES<\/a><\/p>\n<p><strong><span class=\"Apple-style-span\" style=\"font-family: sans-serif; color: #000000; line-height: normal; font-size: medium;\">Rapport entre droit \u00e9thique et sant\u00e9<\/span><\/strong><\/p>\n<\/div>\n<div>\n<ul>\n<li><span class=\"Apple-style-span\" style=\"color: #666a76; font-family: 'Open Sans', 'Helvetica Neue', Helvetica, Arial, 'Lucida Grande', sans-serif; font-size: 14px; line-height: 21px;\">14h &#8211; 17h<\/span><\/li>\n<\/ul>\n<p><i><em>Dr Marie-France,\u00a0<strong>Mamzer-Bruneel<\/strong><\/em><\/i><\/p>\n<p><strong><span class=\"Apple-style-span\" style=\"font-family: sans-serif; color: #000000; line-height: normal; font-size: medium;\">M\u00e9decine droit et \u00e9thique \u2013 Apport de la m\u00e9decine \u00e0 l&rsquo;\u00e9thique m\u00e9dicale<\/span><\/strong><\/p>\n<\/div>\n","protected":false},"excerpt":{"rendered":"<p>Lundi 30 septembre 2013 9h-12 heures Pr. Christian Herv\u00e9 : Christian HERVE \u2039 Greof78 Dr Marie-France, Mamzer-Bruneel : Int\u00e9grit\u00e9 scientifique: le r\u00f4le des comit\u00e9s Pr. Ir\u00e8ne, Fran\u00e7ois-Purssell : Publications de Ir\u00e8ne Purssell&#8211;Fran\u00e7ois sur Cairn.info Dr. Jean-Christophe Coffin : curriculum vitae jean&#8211;christophe coffin &#8211; Centre Alexandre Koyr\u00e9 Accueil des \u00e9tudiants De la n\u00e9cessit\u00e9 d&rsquo;une approche multidisciplinaire&hellip; <\/p>\n<p class=\"toivo-read-more\"><a href=\"https:\/\/artherapievirtus.org\/Victimes-et-Auteurs\/about\/emploi-du-temps\/\" class=\"more-link\">Lire la suite <span class=\"screen-reader-text\">Emploi du temps \u2013\u00a0Tronc commun Masters 2 R et Pro<\/span><\/a><\/p>\n","protected":false},"author":20,"featured_media":0,"parent":2,"menu_order":0,"comment_status":"open","ping_status":"closed","template":"","meta":{"jetpack_post_was_ever_published":false,"footnotes":""},"jetpack_sharing_enabled":true,"jetpack_shortlink":"https:\/\/wp.me\/P3KRkv-3f","jetpack_likes_enabled":true,"_links":{"self":[{"href":"https:\/\/artherapievirtus.org\/Victimes-et-Auteurs\/wp-json\/wp\/v2\/pages\/201"}],"collection":[{"href":"https:\/\/artherapievirtus.org\/Victimes-et-Auteurs\/wp-json\/wp\/v2\/pages"}],"about":[{"href":"https:\/\/artherapievirtus.org\/Victimes-et-Auteurs\/wp-json\/wp\/v2\/types\/page"}],"author":[{"embeddable":true,"href":"https:\/\/artherapievirtus.org\/Victimes-et-Auteurs\/wp-json\/wp\/v2\/users\/20"}],"replies":[{"embeddable":true,"href":"https:\/\/artherapievirtus.org\/Victimes-et-Auteurs\/wp-json\/wp\/v2\/comments?post=201"}],"version-history":[{"count":8,"href":"https:\/\/artherapievirtus.org\/Victimes-et-Auteurs\/wp-json\/wp\/v2\/pages\/201\/revisions"}],"predecessor-version":[{"id":218,"href":"https:\/\/artherapievirtus.org\/Victimes-et-Auteurs\/wp-json\/wp\/v2\/pages\/201\/revisions\/218"}],"up":[{"embeddable":true,"href":"https:\/\/artherapievirtus.org\/Victimes-et-Auteurs\/wp-json\/wp\/v2\/pages\/2"}],"wp:attachment":[{"href":"https:\/\/artherapievirtus.org\/Victimes-et-Auteurs\/wp-json\/wp\/v2\/media?parent=201"}],"curies":[{"name":"wp","href":"https:\/\/api.w.org\/{rel}","templated":true}]}}