{"id":2,"date":"2013-07-14T18:56:19","date_gmt":"2013-07-14T18:56:19","guid":{"rendered":"http:\/\/artherapievirtus.org\/Victimes-et-Auteurs\/\/?page_id=2"},"modified":"2014-01-11T20:32:35","modified_gmt":"2014-01-11T19:32:35","slug":"about","status":"publish","type":"page","link":"https:\/\/artherapievirtus.org\/Victimes-et-Auteurs\/about\/","title":{"rendered":"Master 2 \u2013 Prise en charge des victimes &#038; auteurs d&rsquo;agression"},"content":{"rendered":"<p style=\"text-align: center;\"><b>MASTER 2 PROFESSIONNEL :<\/b><br \/>\n<b><i>PRISE EN CHARGE DES VICTIMES ET AUTEURS D\u2019AGRESSION<\/i><\/b><br \/>\n<b>Programme des UE propos\u00e9es par Paris Descartes (Laboratoire d\u2019\u00e9thique m\u00e9dicale et de<\/b><br \/>\n<b>m\u00e9decine l\u00e9gale de la Facult\u00e9 de M\u00e9decine,<\/b><\/p>\n<p style=\"text-align: center;\"><b>Centre Universitaire des St P\u00e8res, 45 rue des St P\u00e8res, 75006<\/b><\/p>\n<p>Une formation innovante qui devrait permettre aux m\u00e9tiers \u00e9mergents autant en victimologie (et psychotraumatologie) qu\u2019en criminologie (et notamment en m\u00e9decine l\u00e9gale) et en criminalistique (notamment des personnes qui interviennent dans la \u00ab sc\u00e8ne de crime \u00bb).<\/p>\n<p>Puisqu\u2019il ne s\u2019agit que d\u2019une formation de deuxi\u00e8me ann\u00e9e de master, la participation des \u00e9tudiants au tronc commun leur permettra quelle que soit leur origine disciplinaire (psychologues, m\u00e9decins, biologistes, juristes, philosophes etc\u2026) de compl\u00e9ter l\u2019approche multidisciplinaire de cette sp\u00e9cialit\u00e9.<\/p>\n<p>Ce Master comporte 2 parcours : un parcours \u00ab victimologie \u00bb, et un parcours \u00ab prise en charge des auteurs d\u2019agression \u00bb. Il se compose d\u2019une partie th\u00e9orique commune au 2 parcours. Les cours et les ED sont r\u00e9partis sur une ann\u00e9e. Les \u00e9tudiants de M2 doivent valider 60 ECTS, selon le parcours choisi.<\/p>\n<p>Chaque \u00e9tudiant doit effectuer un stage, quelque soit le parcours choisi, en victimologie et en prise en charge des auteurs d\u2019agression.<\/p>\n<p># TRONC COMMUN<br \/>\n&#8211; <strong>UE 1<\/strong>\u00a0\u2013 Principe de droit, r\u00e8gle de m\u00e9decine l\u00e9gale et \u00e9thiques des pratiques \u2013 14 ECTS \u2013 obligatoire<br \/>\n&#8211; <strong>UE 2<\/strong>\u00a0\u2013 Responsabilit\u00e9 m\u00e9dico-sociale face \u00e0 la violence :<br \/>\napproche sociologique, philosophique et m\u00e9dicale \u2013 8 ECTS \u2013 obligatoire<br \/>\n&#8211; <strong>UE 3<\/strong> \u2013 Expertise m\u00e9dicale, psychiatrique et m\u00e9dico-sociale :<br \/>\nprincipes du droit et de l&rsquo;expertise, rapports entre m\u00e9decine et justice\u00a0\u2013 8 ECTS \u2013 obligatoire<\/p>\n<p>&#8211;\u00a0<strong>UE 4<\/strong>\u00a0\u2013 Criminologie \u2013 <strong>31 heures<\/strong><\/p>\n<p># UE SPECIALISEES<\/p>\n<p>&#8211; <strong>UE 6<\/strong> \u2013 Criminalistique<br \/>\n&#8211; <strong>UE 7<\/strong>\u00a0\u2013 Clinique et th\u00e9rapeutique des auteurs d&rsquo;infractions \u00e0 caract\u00e8re sexuel<br \/>\n&#8211; <strong>UE 8<\/strong> \u2013 Approfondissement en psychotraumatologie et victimologie<br \/>\n&#8211; <strong>UE 9<\/strong> \u2013 Approfondissement en criminalistique (police scientifique) et thanatologie<br \/>\n&#8211; <strong>UE 10<\/strong> \u2013 Prise en charge des auteurs d&rsquo;agression et droits p\u00e9nitentiaire<br \/>\n&#8211; <strong>UE 11<\/strong> \u2013 Nouvelles violences, terrorisme et proc\u00e9dure p\u00e9nale.<\/p>\n<p><strong><em>parcours victimes :<\/em>\u00a0\u00a0<\/strong><\/p>\n<p>UE6 : R\u00e9paration juridique du dommage corporel<br \/>\nUE7 : Psychotraumatisme &amp;\u00a0victimologie<\/p>\n<p><strong><em>parcours agresseur :<\/em><\/strong><\/p>\n<p>UE6 : Criminalistique<br \/>\nUE7 : Clinique et th\u00e9rapeutique des auteurs d&rsquo;infractions \u00e0 caract\u00e8re sexuel<\/p>\n","protected":false},"excerpt":{"rendered":"<p>MASTER 2 PROFESSIONNEL : PRISE EN CHARGE DES VICTIMES ET AUTEURS D\u2019AGRESSION Programme des UE propos\u00e9es par Paris Descartes (Laboratoire d\u2019\u00e9thique m\u00e9dicale et de m\u00e9decine l\u00e9gale de la Facult\u00e9 de M\u00e9decine, Centre Universitaire des St P\u00e8res, 45 rue des St P\u00e8res, 75006 Une formation innovante qui devrait permettre aux m\u00e9tiers \u00e9mergents autant en victimologie (et&hellip; <\/p>\n<p class=\"toivo-read-more\"><a href=\"https:\/\/artherapievirtus.org\/Victimes-et-Auteurs\/about\/\" class=\"more-link\">Lire la suite <span class=\"screen-reader-text\">Master 2 \u2013 Prise en charge des victimes &#038; auteurs d&rsquo;agression<\/span><\/a><\/p>\n","protected":false},"author":1,"featured_media":0,"parent":0,"menu_order":1,"comment_status":"open","ping_status":"open","template":"","meta":{"jetpack_post_was_ever_published":false,"footnotes":""},"jetpack_sharing_enabled":true,"jetpack_shortlink":"https:\/\/wp.me\/P3KRkv-2","jetpack_likes_enabled":true,"_links":{"self":[{"href":"https:\/\/artherapievirtus.org\/Victimes-et-Auteurs\/wp-json\/wp\/v2\/pages\/2"}],"collection":[{"href":"https:\/\/artherapievirtus.org\/Victimes-et-Auteurs\/wp-json\/wp\/v2\/pages"}],"about":[{"href":"https:\/\/artherapievirtus.org\/Victimes-et-Auteurs\/wp-json\/wp\/v2\/types\/page"}],"author":[{"embeddable":true,"href":"https:\/\/artherapievirtus.org\/Victimes-et-Auteurs\/wp-json\/wp\/v2\/users\/1"}],"replies":[{"embeddable":true,"href":"https:\/\/artherapievirtus.org\/Victimes-et-Auteurs\/wp-json\/wp\/v2\/comments?post=2"}],"version-history":[{"count":8,"href":"https:\/\/artherapievirtus.org\/Victimes-et-Auteurs\/wp-json\/wp\/v2\/pages\/2\/revisions"}],"predecessor-version":[{"id":1251,"href":"https:\/\/artherapievirtus.org\/Victimes-et-Auteurs\/wp-json\/wp\/v2\/pages\/2\/revisions\/1251"}],"wp:attachment":[{"href":"https:\/\/artherapievirtus.org\/Victimes-et-Auteurs\/wp-json\/wp\/v2\/media?parent=2"}],"curies":[{"name":"wp","href":"https:\/\/api.w.org\/{rel}","templated":true}]}}