{"id":196,"date":"2013-10-05T11:49:11","date_gmt":"2013-10-05T09:49:11","guid":{"rendered":"http:\/\/artherapievirtus.org\/Victimes-et-Auteurs\/?page_id=196"},"modified":"2013-10-05T14:53:30","modified_gmt":"2013-10-05T12:53:30","slug":"bibliographie-ethique-medicale","status":"publish","type":"page","link":"https:\/\/artherapievirtus.org\/Victimes-et-Auteurs\/bibliographie-ethique-medicale\/","title":{"rendered":"Bibliographie Ethique m\u00e9dicale"},"content":{"rendered":"<ul>\n<li><a href=\"http:\/\/artherapievirtus.org\/Victimes-et-Auteurs\/livre-e-grand-c-herve-g-moutel-les-elements-du-corps-humain-la-personne-et-la-medecine\/\"><strong>Grand<\/strong>, Emmanuelle, <strong>Herv\u00e9,<\/strong> Christian, <strong>Moutel,<\/strong> Gr\u00e9goire (2005). <em>Les \u00e9l\u00e9ments du corps humain, la personne et la m\u00e9decine,<\/em>\u00a0dossiers, coll. L&rsquo;\u00e9thique en mouvement, Paris, l&rsquo;Harmattan.<\/a><\/li>\n<li><strong>Moutel,<\/strong> Gr\u00e9goire (2003). <em>Le consentement dans les pratiques de soins et de recherche en m\u00e9decine : entre id\u00e9alismes et r\u00e9alit\u00e9s cliniques,<\/em>\u00a0dossiers, coll. L&rsquo;\u00e9thique en mouvement, Paris, l&rsquo;Harmattan.<\/li>\n<\/ul>\n","protected":false},"excerpt":{"rendered":"<p>Grand, Emmanuelle, Herv\u00e9, Christian, Moutel, Gr\u00e9goire (2005). Les \u00e9l\u00e9ments du corps humain, la personne et la m\u00e9decine,\u00a0dossiers, coll. L&rsquo;\u00e9thique en mouvement, Paris, l&rsquo;Harmattan. Moutel, Gr\u00e9goire (2003). Le consentement dans les pratiques de soins et de recherche en m\u00e9decine : entre id\u00e9alismes et r\u00e9alit\u00e9s cliniques,\u00a0dossiers, coll. L&rsquo;\u00e9thique en mouvement, Paris, l&rsquo;Harmattan.<\/p>\n","protected":false},"author":20,"featured_media":0,"parent":0,"menu_order":0,"comment_status":"open","ping_status":"closed","template":"","meta":{"jetpack_post_was_ever_published":false,"footnotes":""},"jetpack_sharing_enabled":true,"jetpack_shortlink":"https:\/\/wp.me\/P3KRkv-3a","jetpack_likes_enabled":true,"_links":{"self":[{"href":"https:\/\/artherapievirtus.org\/Victimes-et-Auteurs\/wp-json\/wp\/v2\/pages\/196"}],"collection":[{"href":"https:\/\/artherapievirtus.org\/Victimes-et-Auteurs\/wp-json\/wp\/v2\/pages"}],"about":[{"href":"https:\/\/artherapievirtus.org\/Victimes-et-Auteurs\/wp-json\/wp\/v2\/types\/page"}],"author":[{"embeddable":true,"href":"https:\/\/artherapievirtus.org\/Victimes-et-Auteurs\/wp-json\/wp\/v2\/users\/20"}],"replies":[{"embeddable":true,"href":"https:\/\/artherapievirtus.org\/Victimes-et-Auteurs\/wp-json\/wp\/v2\/comments?post=196"}],"version-history":[{"count":4,"href":"https:\/\/artherapievirtus.org\/Victimes-et-Auteurs\/wp-json\/wp\/v2\/pages\/196\/revisions"}],"predecessor-version":[{"id":200,"href":"https:\/\/artherapievirtus.org\/Victimes-et-Auteurs\/wp-json\/wp\/v2\/pages\/196\/revisions\/200"}],"wp:attachment":[{"href":"https:\/\/artherapievirtus.org\/Victimes-et-Auteurs\/wp-json\/wp\/v2\/media?parent=196"}],"curies":[{"name":"wp","href":"https:\/\/api.w.org\/{rel}","templated":true}]}}