{"id":1831,"date":"2014-02-11T12:17:24","date_gmt":"2014-02-11T11:17:24","guid":{"rendered":"http:\/\/artherapievirtus.org\/Victimes-et-Auteurs\/?page_id=1831"},"modified":"2014-02-11T12:17:24","modified_gmt":"2014-02-11T11:17:24","slug":"ville-evrard-etablissement-public-de-sante-mentale","status":"publish","type":"page","link":"https:\/\/artherapievirtus.org\/Victimes-et-Auteurs\/centres-ressources\/ville-evrard-etablissement-public-de-sante-mentale\/","title":{"rendered":"Ville-\u00c9vrard \u2013 Etablissement public de sant\u00e9 mentale"},"content":{"rendered":"<p><a href=\"http:\/\/www.eps-ville-evrard.fr\/?linkpid=1#3\"><img data-attachment-id=\"1832\" data-permalink=\"https:\/\/artherapievirtus.org\/Victimes-et-Auteurs\/centres-ressources\/ville-evrard-etablissement-public-de-sante-mentale\/csm_aubervilliers_d29ddccdc81\/\" data-orig-file=\"https:\/\/artherapievirtus.org\/Victimes-et-Auteurs\/wp-content\/uploads\/2014\/02\/csm_Aubervilliers_d29ddccdc81.gif\" data-orig-size=\"486,254\" data-comments-opened=\"1\" data-image-meta=\"{&quot;aperture&quot;:&quot;0&quot;,&quot;credit&quot;:&quot;&quot;,&quot;camera&quot;:&quot;&quot;,&quot;caption&quot;:&quot;&quot;,&quot;created_timestamp&quot;:&quot;0&quot;,&quot;copyright&quot;:&quot;&quot;,&quot;focal_length&quot;:&quot;0&quot;,&quot;iso&quot;:&quot;0&quot;,&quot;shutter_speed&quot;:&quot;0&quot;,&quot;title&quot;:&quot;&quot;}\" data-image-title=\"csm_Aubervilliers_d29ddccdc8[1]\" data-image-description=\"\" data-image-caption=\"\" data-medium-file=\"https:\/\/artherapievirtus.org\/Victimes-et-Auteurs\/wp-content\/uploads\/2014\/02\/csm_Aubervilliers_d29ddccdc81-300x156.gif\" data-large-file=\"https:\/\/artherapievirtus.org\/Victimes-et-Auteurs\/wp-content\/uploads\/2014\/02\/csm_Aubervilliers_d29ddccdc81.gif\" decoding=\"async\" loading=\"lazy\" class=\"aligncenter size-full wp-image-1832\" alt=\"csm_Aubervilliers_d29ddccdc8[1]\" src=\"http:\/\/artherapievirtus.org\/Victimes-et-Auteurs\/wp-content\/uploads\/2014\/02\/csm_Aubervilliers_d29ddccdc81.gif\" width=\"486\" height=\"254\" \/><\/a>\u00c9TABLISSEMENT PUBLIC DE SANTE MENTALE DE VILLE-\u00c9VRARD<br \/>\n202, AVENUE JEAN-JAURES 93332 NEUILLY-SUR-MARNE CEDEX<br \/>\nPour plus d&rsquo;informations<br \/>\n<a href=\"http:\/\/www.platines.sante.gouv.fr\">www.platines.sante.gouv.fr<\/a><br \/>\n<a href=\"http:\/\/www.hopital.fr\">www.hopital.fr<\/a><br \/>\nStatut : Public<br \/>\nType d&rsquo;\u00e9tablissement : CENTRE HOSPITALIER SPECIALISE<\/p>\n<h3>Nombre de lits et places<\/h3>\n<p>M\u00e9decine, chirurgie, Obst\u00e9trique<br \/>\nPsychiatrie = 402 lits<br \/>\nSecteurs faisant l\u2019objet d\u2019une reconnaissance externe de la qualit\u00e9<br \/>\nSoins de suite et de r\u00e9adaptation<br \/>\nSoins de longue dur\u00e9e<br \/>\nPostes de dialyse<br \/>\nPlaces en ambulatoire 366<\/p>\n<h3>Nombre de sites<\/h3>\n<p>Psychiatrie<br \/>\nhospitalisation Denis, Bondy, Aubervilliers)<\/p>\n<p>\u2013 C16 h\u00f4pitaux de jour<br \/>\n\u2013 1 Hospitalisation A Domicile<br \/>\n\u2013 41 Centre m\u00e9dicopsychologique<br \/>\n\u2013 des Centres d\u2019accueil th\u00e9rapeutique \u00e0 temps partiel<br \/>\n\u2013 5 structures d\u2019urgence<br \/>\n\u2013 31 Centres d\u2019accueil th\u00e9rapeutique \u00e0 temps partiel<br \/>\n\u2013 un centre de ressources<br \/>\n\u2013 5 centres de th\u00e9rapie familiale<br \/>\nHospitalisation \u00e0 domicile<\/p>\n<h3>Activit\u00e9s<\/h3>\n<p>Prise en charge de la sant\u00e9 mentale de l\u2019enfant, de l\u2019adolescent et de l\u2019adulte en milieu ouvert et ferm\u00e9.<br \/>\nConsultations en centre m\u00e9dico-psychologique, hospitalisation d&rsquo;office-hospitalisation sur demande d&rsquo;un tiers<br \/>\n\u2013 Un centre de ressource pour la prise en charge des d\u00e9linquants sexuels, Service de soins somatiques (consultations multidisciplinaires, kin\u00e9sith\u00e9rapie)<br \/>\n\u2013 Une unit\u00e9 de recherche clinique<br \/>\n\u2013 un Institut de formation en soins infirmiers.<\/p>\n<h3>Secteurs faisant l\u2019objet d\u2019une reconnaissance externe de la qualit\u00e9<\/h3>\n<p>L\u2019activit\u00e9 de traitement du linge est assur\u00e9e par une blanchisserie interhospitali\u00e8re en cours de certification.<br \/>\n<em>Certification avec suivi juin 2009<\/em><\/p>\n","protected":false},"excerpt":{"rendered":"<p>\u00c9TABLISSEMENT PUBLIC DE SANTE MENTALE DE VILLE-\u00c9VRARD 202, AVENUE JEAN-JAURES 93332 NEUILLY-SUR-MARNE CEDEX Pour plus d&rsquo;informations www.platines.sante.gouv.fr www.hopital.fr Statut : Public Type d&rsquo;\u00e9tablissement : CENTRE HOSPITALIER SPECIALISE Nombre de lits et places M\u00e9decine, chirurgie, Obst\u00e9trique Psychiatrie = 402 lits Secteurs faisant l\u2019objet d\u2019une reconnaissance externe de la qualit\u00e9 Soins de suite et de r\u00e9adaptation Soins&hellip; <\/p>\n<p class=\"toivo-read-more\"><a href=\"https:\/\/artherapievirtus.org\/Victimes-et-Auteurs\/centres-ressources\/ville-evrard-etablissement-public-de-sante-mentale\/\" class=\"more-link\">Lire la suite <span class=\"screen-reader-text\">Ville-\u00c9vrard \u2013 Etablissement public de sant\u00e9 mentale<\/span><\/a><\/p>\n","protected":false},"author":2,"featured_media":0,"parent":354,"menu_order":0,"comment_status":"open","ping_status":"open","template":"","meta":{"jetpack_post_was_ever_published":false,"footnotes":""},"jetpack_sharing_enabled":true,"jetpack_shortlink":"https:\/\/wp.me\/P3KRkv-tx","jetpack_likes_enabled":true,"_links":{"self":[{"href":"https:\/\/artherapievirtus.org\/Victimes-et-Auteurs\/wp-json\/wp\/v2\/pages\/1831"}],"collection":[{"href":"https:\/\/artherapievirtus.org\/Victimes-et-Auteurs\/wp-json\/wp\/v2\/pages"}],"about":[{"href":"https:\/\/artherapievirtus.org\/Victimes-et-Auteurs\/wp-json\/wp\/v2\/types\/page"}],"author":[{"embeddable":true,"href":"https:\/\/artherapievirtus.org\/Victimes-et-Auteurs\/wp-json\/wp\/v2\/users\/2"}],"replies":[{"embeddable":true,"href":"https:\/\/artherapievirtus.org\/Victimes-et-Auteurs\/wp-json\/wp\/v2\/comments?post=1831"}],"version-history":[{"count":1,"href":"https:\/\/artherapievirtus.org\/Victimes-et-Auteurs\/wp-json\/wp\/v2\/pages\/1831\/revisions"}],"predecessor-version":[{"id":1833,"href":"https:\/\/artherapievirtus.org\/Victimes-et-Auteurs\/wp-json\/wp\/v2\/pages\/1831\/revisions\/1833"}],"up":[{"embeddable":true,"href":"https:\/\/artherapievirtus.org\/Victimes-et-Auteurs\/wp-json\/wp\/v2\/pages\/354"}],"wp:attachment":[{"href":"https:\/\/artherapievirtus.org\/Victimes-et-Auteurs\/wp-json\/wp\/v2\/media?parent=1831"}],"curies":[{"name":"wp","href":"https:\/\/api.w.org\/{rel}","templated":true}]}}