{"id":1810,"date":"2014-02-07T20:13:55","date_gmt":"2014-02-07T19:13:55","guid":{"rendered":"http:\/\/artherapievirtus.org\/Victimes-et-Auteurs\/?page_id=1810"},"modified":"2014-05-14T16:45:20","modified_gmt":"2014-05-14T14:45:20","slug":"emploi-du-temps-clinique-et-therapeutique-des-auteurs-dinfraction-a-caractere-sexuel","status":"publish","type":"page","link":"https:\/\/artherapievirtus.org\/Victimes-et-Auteurs\/about\/emploi-du-temps-clinique-et-therapeutique-des-auteurs-dinfraction-a-caractere-sexuel\/","title":{"rendered":"Emploi du temps \u2013 UE7 \u2013\u00a0Clinique et th\u00e9rapeutique des auteurs d&rsquo;infraction \u00e0 caract\u00e8re sexuel  \u2013 10-14 f\u00e9vrier \u2013 31 mars-4 avril 2014"},"content":{"rendered":"<h2>UE7 &#8211; Clinique et th\u00e9rapeutiques des auteurs d&rsquo;infraction \u00e0 caract\u00e8re sexuel<\/h2>\n<h2>Lundi 10 f\u00e9vrier 2014<\/h2>\n<h4>14 heures &#8211; 18 heures<\/h4>\n<p><b>Pr Ir\u00e8ne FRANCOIS<\/b><br \/>\nInstitution et cadre l\u00e9gislatif dans la prise en charge des auteurs d&rsquo;agression<\/p>\n<p><strong>Anne-Rachel Van der Horst<\/strong> &#8211; Criminologue<br \/>\nDipl\u00f4me au Pays-Bas. Psychiatre<\/p>\n<h4>18 heures &#8211; 19 heures<\/h4>\n<p>Travail sur les m\u00e9moires des \u00e9tudiants<\/p>\n<h2>Mardi 11 f\u00e9vrier 2014<\/h2>\n<h4>9 heures &#8211; 12 heures<\/h4>\n<p><b>Mme<\/b> <b>Samira BELLOUNI<\/b><b> <\/b>(SPIP)<br \/>\nLa peine : les modalit\u00e9s, le syst\u00e8me p\u00e9nitentiaire,<br \/>\nLes\u00a0 diff\u00e9rents \u00e9tablissements p\u00e9nitentiaires, la gestion de la peine, les affectations, Les diff\u00e9rents r\u00e9gimes et les am\u00e9nagements.<br \/>\nLe S.P.I.P. Service p\u00e9nitentiaire d&rsquo;Insertion et de probation. Fonctions, et articulations.<\/p>\n<h4>14 heures &#8211; 17 heures<\/h4>\n<p><b>Aminata TOURE<\/b><br \/>\nLe secret professionnel, le signalement, le partage d\u2019informations, acc\u00e8s aux dossiers.<\/p>\n<h4>18 heures &#8211; 19 heures<\/h4>\n<p>Travail sur les m\u00e9moires des \u00e9tudiants<\/p>\n<h2>Mercredi 12 f\u00e9vrier\u00a02014<\/h2>\n<h4>9h30 &#8211; 12h30<\/h4>\n<p><b>Mme Annie KENSEY<\/b><br \/>\nLa r\u00e9cidive p\u00e9nale et les AVS\u00a0: chiffres, \u00e9tudes, rep\u00e8res et discussion. (administration p\u00e9nitentiaire)<\/p>\n<h4>14 heures &#8211; 15 heures<\/h4>\n<p><b>Pr I. FRANCOIS PURSELL<\/b><br \/>\nL\u2019expertise en GAV et pr\u00e9-sentencielle.<\/p>\n<h4>15 heures &#8211; 17 heures<\/h4>\n<p><b>Dr Michelle HABERKORN<\/b><br \/>\nLe m\u00e9decin coordonnateur<\/p>\n<h4>17 heures &#8211; 18 heures<\/h4>\n<p>Travail sur les m\u00e9moires des \u00e9tudiants<\/p>\n<h2>Jeudi 13 f\u00e9vrier<\/h2>\n<h4>9h30 &#8211; 12 heures<\/h4>\n<p><strong>Anne-Rachel Van der Horst<\/strong> &#8211; Criminologue &#8211; dipl\u00f4me au Pays-Bas. Psychiatre<br \/>\n<strong><em>P\u00e9dopornographie sur internet les risques d\u2019internet<\/em><\/strong><br \/>\nVid\u00e9o du proc\u00e8s d&rsquo;un p\u00e9dophile<\/p>\n<h4>14 heures &#8211; 17 heures<\/h4>\n<p><b>Dr Olivier Boitard<\/b> <b><\/b><br \/>\nClinique des auteurs de violences sexuelles. La violence et la sexualit\u00e9. Rep\u00e8res psychopathologiques, typologies.<\/p>\n<h2>Vendredi 14 f\u00e9vrier<\/h2>\n<h4>9 heures &#8211; 12 heures<\/h4>\n<p><b>Dr Daniel PINEDE<\/b><br \/>\nLes exhibitionnistes<\/p>\n<h4>14 heures &#8211; 17 heures<\/h4>\n<p><b>Dr BODON BRUZEL<\/b>, SMPR Fresne<br \/>\nTraitements inhibiteurs de la libido<\/p>\n<h2><\/h2>\n<p>&nbsp;<\/p>\n<p><b><span style=\"text-decoration: underline;\">Session du lundi 31 mars 2014 (14h) au vendredi 04 avril 2014 (17h)\u00a0:<\/span><\/b><\/p>\n<p>Session centr\u00e9e sur les suivis et les traitements pour les auteurs de violence sexuelle.<\/p>\n<p>Les psychoth\u00e9rapies\u00a0: bases, r\u00e9f\u00e9rences th\u00e9oriques, objectifs. Les th\u00e9rapies de groupe\u00a0: groupes de parole, groupes familiaux. Les traitements hormonaux\u00a0: modes d\u2019action, recherche en neuro-imagerie.<\/p>\n<h2>Lundi 31 mars<\/h2>\n<h4>10 heures &#8211; 12 heures<\/h4>\n<p><strong>Anne-Rachel Van der Horst<\/strong> &#8211; Criminologue &#8211; dipl\u00f4me au Pays-Bas. Psychiatre <strong><em>P\u00e9dopornographie sur internet les risques d\u2019internet<\/em><\/strong><\/p>\n<h4>14 heures &#8211; 17 heures<\/h4>\n<p><strong>Dr Serge STOLERU<\/strong> \u2013 Corr\u00e9lats neuraux et p\u00e9dophilie<\/p>\n<h2>Mardi 1<sup>er<\/sup> avril 2014<\/h2>\n<h4>9h30 &#8211; 11 heures<\/h4>\n<p><strong>Anne-Rachel Van der Horst<\/strong> &#8211; Criminologue &#8211; dipl\u00f4me au Pays-Bas. Psychiatre<br \/>\nEvaluation pluridisciplinaire, travail avec les JAP, plateforme d\u2019\u00e9valuation, (rapport Blanc 2011) rencontre et traitements. Le QICPAAS<\/p>\n<h4>11 heures &#8211; 13 heures<\/h4>\n<p><strong>Mme Fadwa CAZALA<\/strong> \u2013 Hypoth\u00e8ses et recherche en neuro imagerie fonctionnelle<\/p>\n<h4>14 heures-17 heures<\/h4>\n<p><strong>Dr St\u00e9phane SENECHAL<\/strong> \u2013\u00a0L\u2019exploration du v\u00e9cu de la fonction sexuelle<\/p>\n<h2>Mercredi 2 avril 2014<\/h2>\n<h4>10 heures-13 heures<\/h4>\n<p><b>Olivier VAN DERSTUKKEN<\/b> &#8211; Le d\u00e9ni, les troubles cognitifs<\/p>\n<h4>14h30- 17h30<\/h4>\n<p><b>Massil BENBOURICHE<\/b> &#8211; Les outils d\u2019\u00e9valuation, les \u00e9chelles (PCL, HCR, Molest scale,\u2026)<\/p>\n<h2>Jeudi 3 avril 2014<\/h2>\n<h4>10 heures &#8211;\u00a012 heures<\/h4>\n<p><b>Dr Patrick. ALECIAN<\/b> &#8211; Les mineurs<br \/>\n<a href=\"http:\/\/lesfrancasenidf.asso.fr\/sites\/lesfrancasenidf.asso.fr\/files\/reseau_parents_annexe_mda_pdf_16861.pdf\">Pr\u00e9sentation de la <em>maison<\/em> des parents<\/a><\/p>\n<h4>14 heures &#8211; 17 heures<\/h4>\n<p><b> C. VERDEJO<\/b> &#8211; PJJ &#8211; Protection judiciaire de la jeunesse<\/p>\n<h2>Vendredi 4 avril 2014<\/h2>\n<h4>9 heures -11 heures<\/h4>\n<p><b>Pr I. FRAN\u00c7OIS-PURSSELL<\/b> &#8211; Ethique des soins contraints<\/p>\n<h4>11 heures -13 heures<\/h4>\n<p><b>Aminata TOURE<\/b> &#8211; Cour europ\u00e9enne, les droits de l\u2019homme et la fronti\u00e8re de la libert\u00e9 sexuelle.<\/p>\n<h4>14 heures &#8211; 17 heures<\/h4>\n<p>Conclusion de l\u2019enseignement th\u00e9orique<\/p>\n","protected":false},"excerpt":{"rendered":"<p>UE7 &#8211; Clinique et th\u00e9rapeutiques des auteurs d&rsquo;infraction \u00e0 caract\u00e8re sexuel Lundi 10 f\u00e9vrier 2014 14 heures &#8211; 18 heures Pr Ir\u00e8ne FRANCOIS Institution et cadre l\u00e9gislatif dans la prise en charge des auteurs d&rsquo;agression Anne-Rachel Van der Horst &#8211; Criminologue Dipl\u00f4me au Pays-Bas. Psychiatre 18 heures &#8211; 19 heures Travail sur les m\u00e9moires des&hellip; <\/p>\n<p class=\"toivo-read-more\"><a href=\"https:\/\/artherapievirtus.org\/Victimes-et-Auteurs\/about\/emploi-du-temps-clinique-et-therapeutique-des-auteurs-dinfraction-a-caractere-sexuel\/\" class=\"more-link\">Lire la suite <span class=\"screen-reader-text\">Emploi du temps \u2013 UE7 \u2013\u00a0Clinique et th\u00e9rapeutique des auteurs d&rsquo;infraction \u00e0 caract\u00e8re sexuel  \u2013 10-14 f\u00e9vrier \u2013 31 mars-4 avril 2014<\/span><\/a><\/p>\n","protected":false},"author":2,"featured_media":0,"parent":2,"menu_order":0,"comment_status":"open","ping_status":"open","template":"","meta":{"jetpack_post_was_ever_published":false,"footnotes":""},"jetpack_sharing_enabled":true,"jetpack_shortlink":"https:\/\/wp.me\/P3KRkv-tc","jetpack_likes_enabled":true,"_links":{"self":[{"href":"https:\/\/artherapievirtus.org\/Victimes-et-Auteurs\/wp-json\/wp\/v2\/pages\/1810"}],"collection":[{"href":"https:\/\/artherapievirtus.org\/Victimes-et-Auteurs\/wp-json\/wp\/v2\/pages"}],"about":[{"href":"https:\/\/artherapievirtus.org\/Victimes-et-Auteurs\/wp-json\/wp\/v2\/types\/page"}],"author":[{"embeddable":true,"href":"https:\/\/artherapievirtus.org\/Victimes-et-Auteurs\/wp-json\/wp\/v2\/users\/2"}],"replies":[{"embeddable":true,"href":"https:\/\/artherapievirtus.org\/Victimes-et-Auteurs\/wp-json\/wp\/v2\/comments?post=1810"}],"version-history":[{"count":26,"href":"https:\/\/artherapievirtus.org\/Victimes-et-Auteurs\/wp-json\/wp\/v2\/pages\/1810\/revisions"}],"predecessor-version":[{"id":2464,"href":"https:\/\/artherapievirtus.org\/Victimes-et-Auteurs\/wp-json\/wp\/v2\/pages\/1810\/revisions\/2464"}],"up":[{"embeddable":true,"href":"https:\/\/artherapievirtus.org\/Victimes-et-Auteurs\/wp-json\/wp\/v2\/pages\/2"}],"wp:attachment":[{"href":"https:\/\/artherapievirtus.org\/Victimes-et-Auteurs\/wp-json\/wp\/v2\/media?parent=1810"}],"curies":[{"name":"wp","href":"https:\/\/api.w.org\/{rel}","templated":true}]}}