{"id":1577,"date":"2014-01-30T20:17:18","date_gmt":"2014-01-30T19:17:18","guid":{"rendered":"http:\/\/artherapievirtus.org\/Victimes-et-Auteurs\/?page_id=1577"},"modified":"2014-02-10T13:13:06","modified_gmt":"2014-02-10T12:13:06","slug":"emploi-du-temps-du-de-psychotraumatologie-3-au-7-fevrier-2014","status":"publish","type":"page","link":"https:\/\/artherapievirtus.org\/Victimes-et-Auteurs\/about\/emploi-du-temps-du-de-psychotraumatologie-3-au-7-fevrier-2014\/","title":{"rendered":"Emploi du temps \u2013\u00a0DU de psychotraumatologie \u2013 3 au 7 f\u00e9vrier 2014"},"content":{"rendered":"<h3>Lundi 3 f\u00e9vrier 2014<\/h3>\n<p><em><strong>9h30 \u2013 14 heures<\/strong><\/em>\u00a0\u2013 Introduction \u00e0 la victimologie \u2013<strong><em>\u00a0<strong><em>Dr. G\u00e9rard Lopez<\/em><\/strong><\/em><\/strong><br \/>\n<strong><strong><em><em><strong>14 heures \u2013 17h30<\/strong><\/em>\u00a0\u2013\u00a0<\/em><\/strong><\/strong>De la nevrose traumatique au PTSD : \u00e9pid\u00e9miologie et nosographies\u00a0<strong><em>\u2013<strong><em>\u00a0Pr.\u00a0Fran\u00e7ois Ducrocq<\/em><\/strong><\/em><\/strong><br \/>\nSalle Sabatier<br \/>\n_______________________________________________<\/p>\n<h3>Mardi 4 f\u00e9vrier 2014<\/h3>\n<p><em><strong>8h30\u00a0\u2013\u00a011 heures<\/strong><\/em>\u00a0\u2013 Processus pervers \u2013<strong><em>\u00a0<strong><em>Dr Marie-France Hirigoyen<\/em><\/strong><\/em><\/strong><br \/>\n<strong><em><strong><em><em><strong>11\u00a0heures \u2013 13 heures<\/strong><\/em>\u00a0\u2013 Ev\u00e9nements traumatiques : de l&rsquo;agression interindividuelle \u00e0 la catastrophe collective\u00a0\u2013<strong><em>\u00a0<strong><em>Pr Louis Crocq<\/em><\/strong><\/em><\/strong><\/em><\/strong><\/em><\/strong><br \/>\n<em><strong>14h30 \u2013 18h30<\/strong><\/em>\u00a0\u2013 Troubles de personnalit\u00e9 apr\u00e8s un \u00e9v\u00e9nement traumatique &#8211; Les traumatismes vicariants\u00a0\u2013<strong><em>\u00a0<strong><em>Dr Marianne Kedia<\/em><\/strong><\/em><\/strong><br \/>\nSalle Lavoisier A<br \/>\n_______________________________________________<\/p>\n<h3>Mercredi\u00a05 f\u00e9vrier 2014<\/h3>\n<p><em><strong>9h30\u2013\u00a013 heures<\/strong><\/em>\u00a0\u2013 Evolution des troubles post-traumatiques. Facteurs pr\u00e9dictifs, facteurs de maintien, troubles psychiques associ\u00e9s \u2013<strong><em>\u00a0<strong><em>Pr Jean-Louis Jehel<\/em><\/strong><\/em><\/strong><br \/>\n<em><strong>14 heures\u00a0\u2013 17h30<\/strong><\/em>\u00a0\u2013 Crise suicidaire, \u00e9valuer et intervenir\u00a0\u2013<strong><em>\u00a0<strong><em>Pr Jean-Louis Jehel<\/em><\/strong><strong><em><\/em><\/strong><\/em><\/strong><br \/>\nAmphi Claude Bernard<br \/>\n_______________________________________________<\/p>\n<h3>Jeudi\u00a06 f\u00e9vrier 2014<\/h3>\n<p><em><strong>9 heures\u00a0\u2013\u00a012 heures<\/strong><\/em>\u00a0\u2013 Les agressions sexuelles intrafamiliales \u2013<strong><em>\u00a0 <strong><em>Dr G\u00e9rard Lopez<\/em><\/strong><\/em><\/strong><br \/>\n<em><strong>14\u00a0heures\u00a0\u2013\u00a017 heures<\/strong><\/em>\u00a0\u2013 Clinique du syndrome psychotraumatique chez l\u2019enfant \u2013<strong><em>\u00a0 <strong><em>Pr Gilbert Vila<\/em><\/strong><\/em><\/strong><br \/>\nSalle Vieussens A<\/p>\n<p>_______________________________________________<\/p>\n<h3>Vendredi\u00a07 f\u00e9vrier 2014<\/h3>\n<p><em><strong>13h30\u00a0\u2013\u00a016h30<\/strong><\/em>\u00a0\u2013 Le stress des sauveteurs en mission a l\u2019\u00e9tranger \u2013<strong><em>\u00a0 Dr\u00a0Passamar<strong><em><\/em><\/strong><\/em><\/strong><br \/>\nSalle Vieussens A<\/p>\n","protected":false},"excerpt":{"rendered":"<p>Lundi 3 f\u00e9vrier 2014 9h30 \u2013 14 heures\u00a0\u2013 Introduction \u00e0 la victimologie \u2013\u00a0Dr. G\u00e9rard Lopez 14 heures \u2013 17h30\u00a0\u2013\u00a0De la nevrose traumatique au PTSD : \u00e9pid\u00e9miologie et nosographies\u00a0\u2013\u00a0Pr.\u00a0Fran\u00e7ois Ducrocq Salle Sabatier _______________________________________________ Mardi 4 f\u00e9vrier 2014 8h30\u00a0\u2013\u00a011 heures\u00a0\u2013 Processus pervers \u2013\u00a0Dr Marie-France Hirigoyen 11\u00a0heures \u2013 13 heures\u00a0\u2013 Ev\u00e9nements traumatiques : de l&rsquo;agression interindividuelle \u00e0 la&hellip; <\/p>\n<p class=\"toivo-read-more\"><a href=\"https:\/\/artherapievirtus.org\/Victimes-et-Auteurs\/about\/emploi-du-temps-du-de-psychotraumatologie-3-au-7-fevrier-2014\/\" class=\"more-link\">Lire la suite <span class=\"screen-reader-text\">Emploi du temps \u2013\u00a0DU de psychotraumatologie \u2013 3 au 7 f\u00e9vrier 2014<\/span><\/a><\/p>\n","protected":false},"author":2,"featured_media":0,"parent":2,"menu_order":0,"comment_status":"open","ping_status":"open","template":"","meta":{"jetpack_post_was_ever_published":false,"footnotes":""},"jetpack_sharing_enabled":true,"jetpack_shortlink":"https:\/\/wp.me\/P3KRkv-pr","jetpack_likes_enabled":true,"_links":{"self":[{"href":"https:\/\/artherapievirtus.org\/Victimes-et-Auteurs\/wp-json\/wp\/v2\/pages\/1577"}],"collection":[{"href":"https:\/\/artherapievirtus.org\/Victimes-et-Auteurs\/wp-json\/wp\/v2\/pages"}],"about":[{"href":"https:\/\/artherapievirtus.org\/Victimes-et-Auteurs\/wp-json\/wp\/v2\/types\/page"}],"author":[{"embeddable":true,"href":"https:\/\/artherapievirtus.org\/Victimes-et-Auteurs\/wp-json\/wp\/v2\/users\/2"}],"replies":[{"embeddable":true,"href":"https:\/\/artherapievirtus.org\/Victimes-et-Auteurs\/wp-json\/wp\/v2\/comments?post=1577"}],"version-history":[{"count":15,"href":"https:\/\/artherapievirtus.org\/Victimes-et-Auteurs\/wp-json\/wp\/v2\/pages\/1577\/revisions"}],"predecessor-version":[{"id":1823,"href":"https:\/\/artherapievirtus.org\/Victimes-et-Auteurs\/wp-json\/wp\/v2\/pages\/1577\/revisions\/1823"}],"up":[{"embeddable":true,"href":"https:\/\/artherapievirtus.org\/Victimes-et-Auteurs\/wp-json\/wp\/v2\/pages\/2"}],"wp:attachment":[{"href":"https:\/\/artherapievirtus.org\/Victimes-et-Auteurs\/wp-json\/wp\/v2\/media?parent=1577"}],"curies":[{"name":"wp","href":"https:\/\/api.w.org\/{rel}","templated":true}]}}