{"id":1237,"date":"2014-01-11T19:50:38","date_gmt":"2014-01-11T18:50:38","guid":{"rendered":"http:\/\/artherapievirtus.org\/Victimes-et-Auteurs\/?page_id=1237"},"modified":"2014-05-31T09:57:54","modified_gmt":"2014-05-31T07:57:54","slug":"seminaire-de-criminologie","status":"publish","type":"page","link":"https:\/\/artherapievirtus.org\/Victimes-et-Auteurs\/about\/seminaire-de-criminologie\/","title":{"rendered":"Emploi du temps \u2013\u00a0UE4 \u2013 S\u00e9minaire de Criminologie \u2013 20 au 24 janvier 2014"},"content":{"rendered":"<h3>Lundi 20 janvier 2014<\/h3>\n<p><em><strong>9 heures \u2013 10 heures<\/strong><\/em>\u00a0\u2013 Pr\u00e9sentation du s\u00e9minaire\u00a0\u2013<strong><em>\u00a0Pr. Christian Herv\u00e9<\/em><\/strong><br \/>\nQuelques probl\u00e8mes d\u2019\u00e9thique en criminologie\u00a0\u2013<strong><em>\u00a0Dr. G\u00e9rard Lopez<\/em><\/strong><br \/>\n<em><strong>10 heures \u2013 13 heures<\/strong><\/em>\u00a0\u2013 Br\u00e8ve histoire de la criminologie\u00a0\u2013<strong><em>\u00a0Pr. Patrick Morvan<\/em><\/strong><br \/>\n<strong><em><a href=\"http:\/\/patrickmorvan.over-blog.com\/\">http:\/\/patrickmorvan.over-blog.com\/<\/a><\/em><\/strong><br \/>\n<strong><strong><em><em><strong>14 heures \u2013 17 heures<\/strong><\/em>\u00a0\u2013\u00a0<\/em><\/strong><\/strong>Pourquoi un enseignement universitaire de criminologie en France ?<br \/>\nAnalyse de la situation fran\u00e7aise, propositions<strong><em>\u00a0\u2013<strong><em>\u00a0Pr. Patrick Morvan<\/em><\/strong><\/em><\/strong><br \/>\n_______________________________________________<\/p>\n<h3>Mardi 21 janvier 2014<\/h3>\n<p><em><strong>9 heures \u2013 12 heures<\/strong><\/em>\u00a0\u2013 Interface sant\u00e9-justice : donn\u00e9es historiques et contextuelles \u2013<strong><em>\u00a0Pr <b>Jean-Louis Senon\u00a0<\/b><\/em><\/strong><\/p>\n<p><em><strong>14 heures \u2013 17 heures<\/strong><\/em>\u00a0\u2013 Interface sant\u00e9-justice : applications institutionnelles et questionnements <strong><em>\u00a0Pr <b>Jean-Louis Senon\u00a0<\/b><\/em><\/strong><br \/>\n_________________________________________________<\/p>\n<h3>Mercredi 22 janvier 2014<\/h3>\n<p><em><strong>9 heures \u2013 12 heures<\/strong><\/em>\u00a0\u2013 Diversit\u00e9 des profils chez les enfants sexuellement agress\u00e9s et \u00e9valuation \u2013<strong><em>\u00a0Dr. Martine H\u00e9bert<\/em><\/strong><br \/>\n<em><strong>14 heures \u2013 17 heures<\/strong><\/em>\u00a0\u2013 Pratiques d&rsquo;intervention aupr\u00e8s des enfants sexuellement agress\u00e9s\u00a0\u2013<strong><em>\u00a0<strong><em>Dr. Martine H\u00e9bert<\/em><\/strong><\/em><\/strong><br \/>\n_________________________________________________<\/p>\n<h3>Jeudi 23 janvier 2014<\/h3>\n<p><em><strong>9 heures \u2013 12 heures<\/strong><\/em>\u00a0\u2013 Enjeux li\u00e9s \u00e0 la pr\u00e9vention des agressions sexuelles\u00a0\u2013<strong><em>\u00a0Dr. Martine H\u00e9bert<\/em><\/strong><br \/>\n<em><strong>14 heures \u2013 17 heures<\/strong><\/em>\u00a0\u2013 La violence dans les relations amoureuses des adolescents\u00a0\u2013<strong><em>\u00a0<strong><em>Dr. Martine H\u00e9bert<\/em><\/strong><\/em><\/strong><br \/>\n_________________________________________________<\/p>\n<h3>Vendredi 24 janvier 2014<\/h3>\n<p><em><strong>9 heures \u2013 12 heures<\/strong><\/em>\u00a0\u2013 Psychopathologie des auteurs de violences sexuelles sur les enfants\u00a0\u2013<strong><em>\u00a0Pr.\u00a0<b>Jean-Louis Senon\u00a0<\/b><\/em><\/strong><br \/>\n<em><strong>14 heures \u2013 17 heures<\/strong><\/em>\u00a0\u2013 Prise en charge des auteurs de violences sexuelles\u00a0\u2013<strong><em>\u00a0<\/em><\/strong><strong><em>\u00a0Pr.\u00a0<b>Jean-Louis Senon\u00a0<\/b><\/em><\/strong><\/p>\n","protected":false},"excerpt":{"rendered":"<p>Lundi 20 janvier 2014 9 heures \u2013 10 heures\u00a0\u2013 Pr\u00e9sentation du s\u00e9minaire\u00a0\u2013\u00a0Pr. Christian Herv\u00e9 Quelques probl\u00e8mes d\u2019\u00e9thique en criminologie\u00a0\u2013\u00a0Dr. G\u00e9rard Lopez 10 heures \u2013 13 heures\u00a0\u2013 Br\u00e8ve histoire de la criminologie\u00a0\u2013\u00a0Pr. Patrick Morvan http:\/\/patrickmorvan.over-blog.com\/ 14 heures \u2013 17 heures\u00a0\u2013\u00a0Pourquoi un enseignement universitaire de criminologie en France ? Analyse de la situation fran\u00e7aise, propositions\u00a0\u2013\u00a0Pr. Patrick Morvan&hellip; <\/p>\n<p class=\"toivo-read-more\"><a href=\"https:\/\/artherapievirtus.org\/Victimes-et-Auteurs\/about\/seminaire-de-criminologie\/\" class=\"more-link\">Lire la suite <span class=\"screen-reader-text\">Emploi du temps \u2013\u00a0UE4 \u2013 S\u00e9minaire de Criminologie \u2013 20 au 24 janvier 2014<\/span><\/a><\/p>\n","protected":false},"author":2,"featured_media":0,"parent":2,"menu_order":0,"comment_status":"open","ping_status":"open","template":"","meta":{"jetpack_post_was_ever_published":false,"footnotes":""},"jetpack_sharing_enabled":true,"jetpack_shortlink":"https:\/\/wp.me\/P3KRkv-jX","jetpack_likes_enabled":true,"_links":{"self":[{"href":"https:\/\/artherapievirtus.org\/Victimes-et-Auteurs\/wp-json\/wp\/v2\/pages\/1237"}],"collection":[{"href":"https:\/\/artherapievirtus.org\/Victimes-et-Auteurs\/wp-json\/wp\/v2\/pages"}],"about":[{"href":"https:\/\/artherapievirtus.org\/Victimes-et-Auteurs\/wp-json\/wp\/v2\/types\/page"}],"author":[{"embeddable":true,"href":"https:\/\/artherapievirtus.org\/Victimes-et-Auteurs\/wp-json\/wp\/v2\/users\/2"}],"replies":[{"embeddable":true,"href":"https:\/\/artherapievirtus.org\/Victimes-et-Auteurs\/wp-json\/wp\/v2\/comments?post=1237"}],"version-history":[{"count":17,"href":"https:\/\/artherapievirtus.org\/Victimes-et-Auteurs\/wp-json\/wp\/v2\/pages\/1237\/revisions"}],"predecessor-version":[{"id":2459,"href":"https:\/\/artherapievirtus.org\/Victimes-et-Auteurs\/wp-json\/wp\/v2\/pages\/1237\/revisions\/2459"}],"up":[{"embeddable":true,"href":"https:\/\/artherapievirtus.org\/Victimes-et-Auteurs\/wp-json\/wp\/v2\/pages\/2"}],"wp:attachment":[{"href":"https:\/\/artherapievirtus.org\/Victimes-et-Auteurs\/wp-json\/wp\/v2\/media?parent=1237"}],"curies":[{"name":"wp","href":"https:\/\/api.w.org\/{rel}","templated":true}]}}