{"id":3525,"date":"2017-12-23T09:12:14","date_gmt":"2017-12-23T08:12:14","guid":{"rendered":"http:\/\/artherapievirtus.org\/VPI\/?page_id=3525"},"modified":"2017-12-23T09:12:14","modified_gmt":"2017-12-23T08:12:14","slug":"auteure-obligatoirement-anonyme-viols-inceste","status":"publish","type":"page","link":"https:\/\/artherapievirtus.org\/VPI\/auteure-obligatoirement-anonyme-viols-inceste\/","title":{"rendered":"Auteure obligatoirement anonyme \u2013\u00a0Viols par inceste"},"content":{"rendered":"<p><a href=\"http:\/\/artherapievirtus.org\/VPI\/wp-content\/uploads\/2017\/12\/Auteure-obligatoirement-anonyme.pdf\">Auteure obligatoirement anonyme<\/a>\u00a0pdf<\/p>\n<h6><span style=\"color: #33cccc;\">Parole<\/span><\/h6>\n<p>Plus j\u2019avance dans mon histoire, plus j\u2019en parle, moins j\u2019\u00e9prouve le besoin d\u2019en parler, mieux je vis. Cette histoire fait peur \u00e0 chacun d\u2019entre nous, \u00e0 vous comme \u00e0 moi. Voici maintenant sept ans que, pour la premi\u00e8re fois, j\u2019en ai parl\u00e9 et depuis la longue et lente marche que j\u2019ai entreprise ne cesse d\u2019\u00e9carter les t\u00e9n\u00e8bres de l\u2019angoisse dans lesquelles je vivais.<\/p>\n<p>J\u2019ai l\u2019impression d\u2019avoir \u00e9t\u00e9 actrice dans une pi\u00e8ce dont je ne connaissais pas le r\u00f4le, et maintenant je veux apprendre et comprendre ce r\u00f4le qui ne touche pas encore \u00e0 sa fin. C\u2019est tout au long de ces trois derni\u00e8res ann\u00e9es que j\u2019ai pris conscience de l\u2019importance de parler, de chercher \u00e0 expliquer, de trouver des r\u00e9ponses \u00e0 mes questions. J\u2019apporte ici mon t\u00e9moignage, non seulement sur les faits, mais surtout sur mon cheminement pour que d\u2019autres s\u2019en servent. Je suis persuad\u00e9e que<\/p>\n<p>\u201csi un individu s\u2019expose avec sinc\u00e9rit\u00e9 tout le monde, plus ou moins, se trouve mis en jeu. Impossible de faire la lumi\u00e8re sur sa vie sans \u00e9clairer, ici ou l\u00e0, celles des autres\u201d <a href=\"#_ftn1\" name=\"_ftnref1\">[1]<\/a><\/p>\n<p>C\u2019\u00e9tait pour No\u00ebl 1986 que ma grand-m\u00e8re m\u2019avait offert le livre d\u2019Eva Thomas<a href=\"#_ftn2\" name=\"_ftnref2\">[2]<\/a>, et c\u2019est alors que j\u2019ai compris que mon histoire ne m\u2019appartenait pas et que le silence avait quelque part \u00e9t\u00e9 bris\u00e9 par ce livre. Pourquoi ce cadeau\u00a0? La grand-m\u00e8re offrant \u00e0 sa petite fille, en cadeau de No\u00ebl, un livre sur les viols par inceste. Avec l\u2019auteure, par ses \u00e9crits, sans quelle le sache, j\u2019ai chemin\u00e9, lentement. Elle a \u00e9t\u00e9 ma compagne de souffrance et maintenant je suis assez forte pour r\u00e9ussir \u00e0 \u00e9crire les diff\u00e9rences de nos histoires. Elles sont cependant toutes semblables et pourtant toutes diff\u00e9rentes, c\u2019est pourquoi il faut toutes les \u00e9crire.<\/p>\n<p>Un journal<a href=\"#_ftn3\" name=\"_ftnref3\">[3]<\/a>, dans un article, a accus\u00e9 ma m\u00e8re. La journaliste a gard\u00e9 de mes propos ce quelle avait \u00e9t\u00e9 capable de comprendre, c\u2019est-\u00e0-dire pas grand-chose d\u2019autant plus qu\u2019elle s\u2019est situ\u00e9e du c\u00f4t\u00e9 de l\u2019opinion publique qui tient \u00e0 condamner les m\u00e8res<a href=\"#_ftn4\" name=\"_ftnref4\">[4]<\/a>. Je ne veux pas d\u00e9tourner le probl\u00e8me et culpabiliser ma m\u00e8re. La premi\u00e8re r\u00e9action est toujours celle de vouloir savoir pourquoi certaines m\u00e8res ne sont pas intervenues. Attitude pertinente, si l\u2019on respecte la proportion des fautes et que l\u2019on n\u2019oublie surtout pas que le viol a \u00e9t\u00e9 commis par le p\u00e8re et que la m\u00e8re ne doit pas porter, une fois de plus, la responsabilit\u00e9 de tout. Depuis la publication de cet article, elle n\u2019a pas voulu me revoir. Je ne l\u2019accuserai jamais. Je constate chaque jour un peu plus qu\u2019elle m\u2019a donn\u00e9 les moyens de d\u00e9velopper mes facult\u00e9s intellectuelles.<\/p>\n<p>Je voudrais, par respect, qu\u2019elle parle elle-m\u00eame, mais comme elle ne l\u2019a jamais fait, je d\u00e9sesp\u00e8re qu\u2019elle le fasse un jour, je tends \u00e0 croire qu\u2019elle se sent aussi coupable que je me le suis cru. J\u2019aurais aim\u00e9 qu\u2019elle me soutienne\u2026<\/p>\n<p><a href=\"#_ftnref1\" name=\"_ftn1\">[1]<\/a>\u00a0\u00a0\u00a0\u00a0\u00a0 Simone de Beauvoir, <em>La force de l\u2019\u00e2ge. p. <\/em>10.<\/p>\n<p><a href=\"#_ftnref2\" name=\"_ftn2\">[2]<\/a>\u00a0\u00a0\u00a0\u00a0\u00a0 Eva Thomas. <em>Le viol du silence.<\/em><\/p>\n<p><a href=\"#_ftnref3\" name=\"_ftn3\">[3]<\/a>\u00a0\u00a0\u00a0\u00a0\u00a0 Pr\u00e9cision <strong>obligatoirement interdite.<\/strong><\/p>\n<p><a href=\"#_ftnref4\" name=\"_ftn4\">[4]<\/a>\u00a0\u00a0\u00a0\u00a0\u00a0 Ce qui n\u2019a pas toujours lieu d\u2019\u00eatre. Il y a, par exemple, des m\u00e8res qui sont condamn\u00e9es pour non pr\u00e9sentation de l\u2019enfant au p\u00e8re lors d\u2019une proc\u00e9dure de divorce, alors quelles veulent rompre leur mariage parce que le p\u00e8re viole l\u2019enfant (voir bilan du \u00ab\u00a0Collectif f\u00e9ministe contre le viol. 1990. p. 20-21\u00a0\u00bb.<\/p>\n","protected":false},"excerpt":{"rendered":"<p>Auteure obligatoirement anonyme\u00a0pdf Parole Plus j\u2019avance dans mon histoire, plus j\u2019en parle, moins j\u2019\u00e9prouve le besoin d\u2019en parler, mieux je vis. Cette histoire fait peur \u00e0 chacun d\u2019entre nous, \u00e0 vous comme \u00e0 moi. Voici maintenant sept ans que, pour la premi\u00e8re fois, j\u2019en ai parl\u00e9 et depuis la longue et lente marche que j\u2019ai&hellip; <\/p>\n<p class=\"toivo-read-more\"><a href=\"https:\/\/artherapievirtus.org\/VPI\/auteure-obligatoirement-anonyme-viols-inceste\/\" class=\"more-link\">Lire la suite <span class=\"screen-reader-text\">Auteure obligatoirement anonyme \u2013\u00a0Viols par inceste<\/span><\/a><\/p>\n","protected":false},"author":3,"featured_media":3526,"parent":0,"menu_order":0,"comment_status":"closed","ping_status":"closed","template":"","meta":{"spay_email":""},"yoast_head":"<!-- This site is optimized with the Yoast SEO plugin v18.1 - https:\/\/yoast.com\/wordpress\/plugins\/seo\/ -->\n<title>Auteure obligatoirement anonyme \u2013\u00a0Viols par inceste - Blog documentaire - VPI<\/title>\n<meta name=\"robots\" content=\"index, follow, max-snippet:-1, max-image-preview:large, max-video-preview:-1\" \/>\n<link rel=\"canonical\" href=\"https:\/\/artherapievirtus.org\/VPI\/auteure-obligatoirement-anonyme-viols-inceste\/\" \/>\n<meta property=\"og:locale\" content=\"fr_FR\" \/>\n<meta property=\"og:type\" content=\"article\" \/>\n<meta property=\"og:title\" content=\"Auteure obligatoirement anonyme \u2013\u00a0Viols par inceste - Blog documentaire - VPI\" \/>\n<meta property=\"og:description\" content=\"Auteure obligatoirement anonyme\u00a0pdf Parole Plus j\u2019avance dans mon histoire, plus j\u2019en parle, moins j\u2019\u00e9prouve le besoin d\u2019en parler, mieux je vis. Cette histoire fait peur \u00e0 chacun d\u2019entre nous, \u00e0 vous comme \u00e0 moi. Voici maintenant sept ans que, pour la premi\u00e8re fois, j\u2019en ai parl\u00e9 et depuis la longue et lente marche que j\u2019ai&hellip; Lire la suite Auteure obligatoirement anonyme \u2013\u00a0Viols par inceste\" \/>\n<meta property=\"og:url\" content=\"https:\/\/artherapievirtus.org\/VPI\/auteure-obligatoirement-anonyme-viols-inceste\/\" \/>\n<meta property=\"og:site_name\" content=\"Blog documentaire - VPI\" \/>\n<meta property=\"article:publisher\" content=\"https:\/\/www.facebook.com\/art.therapie.virtus\/\" \/>\n<meta property=\"og:image\" content=\"https:\/\/artherapievirtus.org\/VPI\/wp-content\/uploads\/2017\/12\/Couv-Viols-par-inceste.jpg\" \/>\n\t<meta property=\"og:image:width\" content=\"142\" \/>\n\t<meta property=\"og:image:height\" content=\"224\" \/>\n\t<meta property=\"og:image:type\" content=\"image\/jpeg\" \/>\n<meta name=\"twitter:card\" content=\"summary\" \/>\n<meta name=\"twitter:site\" content=\"@artherapie75\" \/>\n<meta name=\"twitter:label1\" content=\"Dur\u00e9e de lecture estim\u00e9e\" \/>\n\t<meta name=\"twitter:data1\" content=\"3 minutes\" \/>\n<script type=\"application\/ld+json\" class=\"yoast-schema-graph\">{\"@context\":\"https:\/\/schema.org\",\"@graph\":[{\"@type\":\"WebSite\",\"@id\":\"https:\/\/artherapievirtus.org\/VPI\/#website\",\"url\":\"https:\/\/artherapievirtus.org\/VPI\/\",\"name\":\"Blog documentaire - VPI\",\"description\":\"\u00ab L\u2019information est le seul bien qu\u2019on puisse donner \u00e0 quelqu\u2019un sans s&#039;en d\u00e9poss\u00e9der. \u00bb Thomas Jefferson,\",\"potentialAction\":[{\"@type\":\"SearchAction\",\"target\":{\"@type\":\"EntryPoint\",\"urlTemplate\":\"https:\/\/artherapievirtus.org\/VPI\/?s={search_term_string}\"},\"query-input\":\"required name=search_term_string\"}],\"inLanguage\":\"fr-FR\"},{\"@type\":\"ImageObject\",\"@id\":\"https:\/\/artherapievirtus.org\/VPI\/auteure-obligatoirement-anonyme-viols-inceste\/#primaryimage\",\"inLanguage\":\"fr-FR\",\"url\":\"https:\/\/artherapievirtus.org\/VPI\/wp-content\/uploads\/2017\/12\/Couv-Viols-par-inceste.jpg\",\"contentUrl\":\"https:\/\/artherapievirtus.org\/VPI\/wp-content\/uploads\/2017\/12\/Couv-Viols-par-inceste.jpg\",\"width\":142,\"height\":224},{\"@type\":\"WebPage\",\"@id\":\"https:\/\/artherapievirtus.org\/VPI\/auteure-obligatoirement-anonyme-viols-inceste\/#webpage\",\"url\":\"https:\/\/artherapievirtus.org\/VPI\/auteure-obligatoirement-anonyme-viols-inceste\/\",\"name\":\"Auteure obligatoirement anonyme \u2013\u00a0Viols par inceste - Blog documentaire - VPI\",\"isPartOf\":{\"@id\":\"https:\/\/artherapievirtus.org\/VPI\/#website\"},\"primaryImageOfPage\":{\"@id\":\"https:\/\/artherapievirtus.org\/VPI\/auteure-obligatoirement-anonyme-viols-inceste\/#primaryimage\"},\"datePublished\":\"2017-12-23T08:12:14+00:00\",\"dateModified\":\"2017-12-23T08:12:14+00:00\",\"breadcrumb\":{\"@id\":\"https:\/\/artherapievirtus.org\/VPI\/auteure-obligatoirement-anonyme-viols-inceste\/#breadcrumb\"},\"inLanguage\":\"fr-FR\",\"potentialAction\":[{\"@type\":\"ReadAction\",\"target\":[\"https:\/\/artherapievirtus.org\/VPI\/auteure-obligatoirement-anonyme-viols-inceste\/\"]}]},{\"@type\":\"BreadcrumbList\",\"@id\":\"https:\/\/artherapievirtus.org\/VPI\/auteure-obligatoirement-anonyme-viols-inceste\/#breadcrumb\",\"itemListElement\":[{\"@type\":\"ListItem\",\"position\":1,\"name\":\"Accueil\",\"item\":\"https:\/\/artherapievirtus.org\/VPI\/\"},{\"@type\":\"ListItem\",\"position\":2,\"name\":\"Auteure obligatoirement anonyme \u2013\u00a0Viols par inceste\"}]}]}<\/script>\n<!-- \/ Yoast SEO plugin. -->","yoast_head_json":{"title":"Auteure obligatoirement anonyme \u2013\u00a0Viols par inceste - Blog documentaire - VPI","robots":{"index":"index","follow":"follow","max-snippet":"max-snippet:-1","max-image-preview":"max-image-preview:large","max-video-preview":"max-video-preview:-1"},"canonical":"https:\/\/artherapievirtus.org\/VPI\/auteure-obligatoirement-anonyme-viols-inceste\/","og_locale":"fr_FR","og_type":"article","og_title":"Auteure obligatoirement anonyme \u2013\u00a0Viols par inceste - Blog documentaire - VPI","og_description":"Auteure obligatoirement anonyme\u00a0pdf Parole Plus j\u2019avance dans mon histoire, plus j\u2019en parle, moins j\u2019\u00e9prouve le besoin d\u2019en parler, mieux je vis. Cette histoire fait peur \u00e0 chacun d\u2019entre nous, \u00e0 vous comme \u00e0 moi. Voici maintenant sept ans que, pour la premi\u00e8re fois, j\u2019en ai parl\u00e9 et depuis la longue et lente marche que j\u2019ai&hellip; Lire la suite Auteure obligatoirement anonyme \u2013\u00a0Viols par inceste","og_url":"https:\/\/artherapievirtus.org\/VPI\/auteure-obligatoirement-anonyme-viols-inceste\/","og_site_name":"Blog documentaire - VPI","article_publisher":"https:\/\/www.facebook.com\/art.therapie.virtus\/","og_image":[{"width":142,"height":224,"url":"https:\/\/artherapievirtus.org\/VPI\/wp-content\/uploads\/2017\/12\/Couv-Viols-par-inceste.jpg","type":"image\/jpeg"}],"twitter_card":"summary","twitter_site":"@artherapie75","twitter_misc":{"Dur\u00e9e de lecture estim\u00e9e":"3 minutes"},"schema":{"@context":"https:\/\/schema.org","@graph":[{"@type":"WebSite","@id":"https:\/\/artherapievirtus.org\/VPI\/#website","url":"https:\/\/artherapievirtus.org\/VPI\/","name":"Blog documentaire - VPI","description":"\u00ab L\u2019information est le seul bien qu\u2019on puisse donner \u00e0 quelqu\u2019un sans s&#039;en d\u00e9poss\u00e9der. \u00bb Thomas Jefferson,","potentialAction":[{"@type":"SearchAction","target":{"@type":"EntryPoint","urlTemplate":"https:\/\/artherapievirtus.org\/VPI\/?s={search_term_string}"},"query-input":"required name=search_term_string"}],"inLanguage":"fr-FR"},{"@type":"ImageObject","@id":"https:\/\/artherapievirtus.org\/VPI\/auteure-obligatoirement-anonyme-viols-inceste\/#primaryimage","inLanguage":"fr-FR","url":"https:\/\/artherapievirtus.org\/VPI\/wp-content\/uploads\/2017\/12\/Couv-Viols-par-inceste.jpg","contentUrl":"https:\/\/artherapievirtus.org\/VPI\/wp-content\/uploads\/2017\/12\/Couv-Viols-par-inceste.jpg","width":142,"height":224},{"@type":"WebPage","@id":"https:\/\/artherapievirtus.org\/VPI\/auteure-obligatoirement-anonyme-viols-inceste\/#webpage","url":"https:\/\/artherapievirtus.org\/VPI\/auteure-obligatoirement-anonyme-viols-inceste\/","name":"Auteure obligatoirement anonyme \u2013\u00a0Viols par inceste - Blog documentaire - VPI","isPartOf":{"@id":"https:\/\/artherapievirtus.org\/VPI\/#website"},"primaryImageOfPage":{"@id":"https:\/\/artherapievirtus.org\/VPI\/auteure-obligatoirement-anonyme-viols-inceste\/#primaryimage"},"datePublished":"2017-12-23T08:12:14+00:00","dateModified":"2017-12-23T08:12:14+00:00","breadcrumb":{"@id":"https:\/\/artherapievirtus.org\/VPI\/auteure-obligatoirement-anonyme-viols-inceste\/#breadcrumb"},"inLanguage":"fr-FR","potentialAction":[{"@type":"ReadAction","target":["https:\/\/artherapievirtus.org\/VPI\/auteure-obligatoirement-anonyme-viols-inceste\/"]}]},{"@type":"BreadcrumbList","@id":"https:\/\/artherapievirtus.org\/VPI\/auteure-obligatoirement-anonyme-viols-inceste\/#breadcrumb","itemListElement":[{"@type":"ListItem","position":1,"name":"Accueil","item":"https:\/\/artherapievirtus.org\/VPI\/"},{"@type":"ListItem","position":2,"name":"Auteure obligatoirement anonyme \u2013\u00a0Viols par inceste"}]}]}},"jetpack_sharing_enabled":true,"jetpack_shortlink":"https:\/\/wp.me\/P43pF9-UR","_links":{"self":[{"href":"https:\/\/artherapievirtus.org\/VPI\/wp-json\/wp\/v2\/pages\/3525"}],"collection":[{"href":"https:\/\/artherapievirtus.org\/VPI\/wp-json\/wp\/v2\/pages"}],"about":[{"href":"https:\/\/artherapievirtus.org\/VPI\/wp-json\/wp\/v2\/types\/page"}],"author":[{"embeddable":true,"href":"https:\/\/artherapievirtus.org\/VPI\/wp-json\/wp\/v2\/users\/3"}],"replies":[{"embeddable":true,"href":"https:\/\/artherapievirtus.org\/VPI\/wp-json\/wp\/v2\/comments?post=3525"}],"version-history":[{"count":1,"href":"https:\/\/artherapievirtus.org\/VPI\/wp-json\/wp\/v2\/pages\/3525\/revisions"}],"predecessor-version":[{"id":3528,"href":"https:\/\/artherapievirtus.org\/VPI\/wp-json\/wp\/v2\/pages\/3525\/revisions\/3528"}],"wp:featuredmedia":[{"embeddable":true,"href":"https:\/\/artherapievirtus.org\/VPI\/wp-json\/wp\/v2\/media\/3526"}],"wp:attachment":[{"href":"https:\/\/artherapievirtus.org\/VPI\/wp-json\/wp\/v2\/media?parent=3525"}],"curies":[{"name":"wp","href":"https:\/\/api.w.org\/{rel}","templated":true}]}}