{"id":2325,"date":"2013-05-17T13:37:57","date_gmt":"2013-05-17T11:37:57","guid":{"rendered":"http:\/\/artherapievirtus.org\/RAIVVI\/?page_id=2325"},"modified":"2022-05-08T09:55:51","modified_gmt":"2022-05-08T07:55:51","slug":"les-participants-a-ce-blogue-collaboratif","status":"publish","type":"page","link":"https:\/\/artherapievirtus.org\/RAIVVI\/les-participants-a-ce-blogue-collaboratif\/","title":{"rendered":"Les participants \u00e0 ce blogue collaboratif"},"content":{"rendered":"<p><span style=\"color: #800080;\"><b><i><a href=\"https:\/\/artherapievirtus.org\/RAIVVI\/les-participants-a-ce-blogue-collaboratif\/aaeaaqaaaaaaaa2raaaajdq2zjlkody5ltkxnmitndgzmc04y2e5lwe2mjc3ndu2mdmzzg\/\" rel=\"attachment wp-att-21795\"><img loading=\"lazy\" decoding=\"async\" class=\"alignleft wp-image-21795 size-thumbnail\" src=\"https:\/\/i0.wp.com\/artherapievirtus.org\/RAIVVI\/wp-content\/uploads\/AAEAAQAAAAAAAA2RAAAAJDQ2ZjlkODY5LTkxNmItNDgzMC04Y2E5LWE2Mjc3NDU2MDMzZg.jpg?resize=150%2C150&#038;ssl=1\" alt=\"\" width=\"150\" height=\"150\" srcset=\"https:\/\/i0.wp.com\/artherapievirtus.org\/RAIVVI\/wp-content\/uploads\/AAEAAQAAAAAAAA2RAAAAJDQ2ZjlkODY5LTkxNmItNDgzMC04Y2E5LWE2Mjc3NDU2MDMzZg.jpg?resize=150%2C150&amp;ssl=1 150w, https:\/\/i0.wp.com\/artherapievirtus.org\/RAIVVI\/wp-content\/uploads\/AAEAAQAAAAAAAA2RAAAAJDQ2ZjlkODY5LTkxNmItNDgzMC04Y2E5LWE2Mjc3NDU2MDMzZg.jpg?resize=300%2C300&amp;ssl=1 300w, https:\/\/i0.wp.com\/artherapievirtus.org\/RAIVVI\/wp-content\/uploads\/AAEAAQAAAAAAAA2RAAAAJDQ2ZjlkODY5LTkxNmItNDgzMC04Y2E5LWE2Mjc3NDU2MDMzZg.jpg?resize=140%2C140&amp;ssl=1 140w, https:\/\/i0.wp.com\/artherapievirtus.org\/RAIVVI\/wp-content\/uploads\/AAEAAQAAAAAAAA2RAAAAJDQ2ZjlkODY5LTkxNmItNDgzMC04Y2E5LWE2Mjc3NDU2MDMzZg.jpg?w=450&amp;ssl=1 450w\" sizes=\"(max-width: 150px) 100vw, 150px\" data-recalc-dims=\"1\" \/><\/a>Sabrina Obeo N\u00fa\u00f1ez<\/i><\/b><\/span><br \/>\n<span style=\"color: #b45f06;\">Contributeur \u2013 \u00c9ditrice<\/span><br \/>\nDe nationalit\u00e9 espagnole, je n&rsquo;ai trouv\u00e9 ma v\u00e9ritable vocation, l&rsquo;Art-th\u00e9rapie, qu&rsquo;\u00e0 l&rsquo;\u00e2ge de 33 ans et en France !<br \/>\nBien qu&rsquo;issue d&rsquo;un milieu ouvert sur l&rsquo;Art mais ferm\u00e9 sur l&rsquo;expression des \u00e9motions et la communication verbale, je suis attir\u00e9e depuis toute petite par toute manifestation artistique : de la musique \u00e0 la sculpture, en passant par la peinture ou le cin\u00e9ma. J&rsquo;ai toujours \u00e9t\u00e9 une personne curieuse, passionn\u00e9e, avide d&rsquo;apprendre, d&rsquo;explorer de nouveaux horizons et de d\u00e9couvrir des nouvelles cultures. Toujours en qu\u00eate d&rsquo;inspirations et des influences.<\/p>\n<p>Titulaire d&rsquo;une Licence de Professeur des \u00e9coles (anglais-fran\u00e7ais) et en possession des comp\u00e9tences artistiques reconnues officiellement en th\u00e9\u00e2tre et en musique, j&rsquo;ai travaill\u00e9 comme enseignante des \u00e9tablissements publics pendant neuf ans. Bien que j&rsquo;ai acquis, au fils des ann\u00e9s, un bon niveau de connaissances et de comp\u00e9tences p\u00e9dagogiques qui sont d\u2019une valeur fondamentale dans l\u2019enseignement, cette exp\u00e9rience professionnelle m&rsquo;a permis pourtant de voir les limites d&rsquo;un syst\u00e8me \u00e9ducatif qui ne permet pas toujours un d\u00e9veloppement ad\u00e9quat des comp\u00e9tences communicatives et socio-affectives chez l&rsquo;individu. Surtout pour ceux qui pr\u00e9sentent des d\u00e9ficiences intellectuelles (concernant le langage et l&rsquo;expression, d\u00e9ficiences psychiques, etc.) ou des d\u00e9ficiences physiques (handicaps moteurs, l\u00e9sions de la moelle \u00e9pini\u00e8res, myopathies, handicaps sensoriels, etc.)<\/p>\n<p>C&rsquo;est pour cela que j&rsquo;ai entrepris un cycle d&rsquo;\u00e9tudes en Art-th\u00e9rapie dans le domaine des Arts plastiques \u00e0 l&rsquo;\u00c9cole d&rsquo;Art-th\u00e9rapie de Tours (AFRATAPEM). J&rsquo;essaie de trouver d&rsquo;autres possibilit\u00e9s de d\u00e9veloppement personnel \u00e0 des fins communicatives et expressives par l&rsquo;interm\u00e9diaire de l&rsquo;Art. L&rsquo;art-th\u00e9rapie est une discipline qui prend en compte la personne dans sa globalit\u00e9 et qui peut favoriser le d\u00e9veloppement des capacit\u00e9s existantes pour exprimer nos besoins, nos souhaits, nos sentiments, etc. L&rsquo;art-th\u00e9rapie peut donc contribuer \u00e0 l&rsquo;am\u00e9lioration de la qualit\u00e9 de vie des personnes, notamment les enfants.<\/p>\n<p>Actuellement j&rsquo;essaie d&rsquo;exercer mon m\u00e9tier d&rsquo;art-th\u00e9rapeute en Espagne et je continue \u00e0 me former dans d&rsquo;autres m\u00e9thodes art-th\u00e9rapeutiques pour completer ma formation dans cette discipline, notamment la m\u00e9thode LOM (L\u00f6sungsorientiertes Malen, expression allemande qui signifie \u00ab\u00a0la peinture orient\u00e9e vers la solution\u00a0\u00bb).<\/p>\n<hr \/>\n<p><span style=\"color: #800080;\"><b><i><a href=\"https:\/\/i0.wp.com\/artherapievirtus.org\/RAIVVI\/wp-content\/uploads\/Giboul\u00e9e.jpg?ssl=1\"><img loading=\"lazy\" decoding=\"async\" class=\"alignleft size-thumbnail wp-image-2326\" src=\"https:\/\/i0.wp.com\/artherapievirtus.org\/RAIVVI\/wp-content\/uploads\/Giboul\u00e9e.jpg?resize=150%2C150&#038;ssl=1\" alt=\"Giboul\u00e9e\" width=\"150\" height=\"150\" data-recalc-dims=\"1\" \/><\/a>Catherine Lestang<\/i><\/b><\/span><br \/>\n<span style=\"color: #b45f06;\">Contributeur \u2013 \u00c9ditrice<\/span><br \/>\nPsychologue clinicienne, ayant travaill\u00e9 essentiellement en milieu hospitalier, avec de tr\u00e8s nombreux enfants et adolescents porteurs de pathologie lourdes. Mon blog principal retrace par mes \u00e9crits ce que fut cette activit\u00e9 professionnelle de \u00ab\u00a0porteuse d&rsquo;eau\u00a0\u00bb comme le dit la chanson d&rsquo;Anne Sylvestre. Depuis la cessation de mon activit\u00e9, outre la psychologie et la relation d&rsquo;aide, je m&rsquo;int\u00e9resse au christianisme comme une recherche permettant \u00e0 l&rsquo;homme de devenir plus \u00ab\u00a0humain et cr\u00e9ateur.\u00a0\u00bb<\/p>\n<ul>\n<li>Th\u00e8se de 3\u00b0 Cycle de Chimie<\/li>\n<li>D.E.S.S. de Psychologie Clinique. Paris V<\/li>\n<li>D.E.S.S de Psychologue Conseil.\u00a0 Paris V<\/li>\n<li>D.E.A. de Psychologie Appliqu\u00e9e.\u00a0 Paris V<\/li>\n<li>Doctorat de Psychologie.<\/li>\n<li>Formation au Conseil Familial et Conjugal.\u00a0 A.F.C.C.C.<\/li>\n<li>Formation \u00e0 la relaxation analytique (Dr Sapir).<\/li>\n<li>Formation analytique.\u00a0<span style=\"font-family: Times; font-size: medium;\">Formations r\u00e9guli\u00e8res \u00e0 la pratique des tests projectifs (Institut de Psychologie).<br \/>\n<\/span><span class=\"Apple-style-span\" style=\"color: #38761d; font-family: Times, 'Times New Roman', serif;\">____________________<\/span><\/li>\n<\/ul>\n<p><a href=\"http:\/\/etude-relation-aide-victime-inceste.blogspot.fr\/2012\/06\/reflexions-sur-une-possible.html\" target=\"_blank\" rel=\"noopener noreferrer\">R\u00e9flexions sur une possible communication \u00ab\u00a0non verbale\u00a0\u00bb dans les \u00e9changes par internet<\/a><\/p>\n<div dir=\"ltr\" data-blogger-escaped-trbidi=\"on\">\n<div dir=\"ltr\" data-blogger-escaped-trbidi=\"on\">\n<div class=\"copains_career__date jCareerDate\" dir=\"ltr\" data-blogger-escaped-trbidi=\"on\">\n<hr \/>\n<p><span style=\"color: #800080;\"><b><i><a href=\"https:\/\/i0.wp.com\/artherapievirtus.org\/RAIVVI\/wp-content\/uploads\/Emmanuelle-Cesari.jpg?ssl=1\"><img loading=\"lazy\" decoding=\"async\" class=\"alignleft size-thumbnail wp-image-2327\" src=\"https:\/\/i0.wp.com\/artherapievirtus.org\/RAIVVI\/wp-content\/uploads\/Emmanuelle-Cesari.jpg?resize=150%2C150&#038;ssl=1\" alt=\"Emmanuelle Cesari\" width=\"150\" height=\"150\" data-recalc-dims=\"1\" \/><\/a>Emmanuelle Cesari<\/i><\/b><\/span><br \/>\n<span style=\"color: #b45f06;\">Administratrice<\/span><br \/>\nFormation<br \/>\n<b data-blogger-escaped-style=\"mso-bidi-font-weight: normal;\"><span style=\"color: #800080; font-family: 'Times New Roman'; font-size: medium;\">Master 2 \u2013 Art-Th\u00e9rapie, mention arts plastiques\u00a0<\/span><\/b><br \/>\n<span style=\"color: #008000; font-family: 'Times New Roman';\">Universit\u00e9\u00a0<\/span><span style=\"color: #38761d; font-family: 'Times New Roman'; font-size: medium;\">pres\u00a0<\/span><span style=\"color: #008000; font-family: 'Times New Roman';\">Sorbonne Paris Cit\u00e9<\/span><br \/>\n\u00ab\u00a0Master\u00a0pres\u00a0(p\u00f4le de recherche et d&rsquo;enseignement sup\u00e9rieur) Sorbonne Paris Cit\u00e9, mention Arts Th\u00e9rapies\u00a0\u00bb. \u00ab\u00a0ECARTE\u00a0\u00bb (Consortium Europ\u00e9en pour l\u2019\u00c9ducation \u00e0 l\u2019Art Th\u00e9rapie)<br \/>\nSciences humaines et sociales<br \/>\nLes objectifs sont\u00a0: la facilitation de la relation, le d\u00e9veloppement des capacit\u00e9s d\u2019expression, de repr\u00e9sentation, de symbolisation, de cr\u00e9ativit\u00e9, et de socialisation. Les activit\u00e9s artistiques sont aussi utilis\u00e9es comme soutien et accompagnement d\u2019activit\u00e9s de r\u00e9\u00e9ducation physique, psychomotrice, de relaxation, d\u2019analg\u00e9sie, ou encore de psychop\u00e9dagogie.<br \/>\n<b><i>M\u00e9moire \u00a0M1 \u2013 mention bien\u00a0:\u00a0\u00ab\u00a0Incestes\u00a0\u00bb\u00a0<\/i><\/b><br \/>\n<em><strong>M\u00e9moire M2 professionnel<\/strong><\/em>\u00a0\u2013 <a href=\"https:\/\/www.iquesta.com\/Recherche-sur-La-Relation-Daide-En-Art-therapie-A-Travers-Linternet-Reseaux-Sociaux-Sites-Et-Blogues-Pour-Les-Victimes-De-Viols-Par-Inceste-219.html\" target=\"_blank\" rel=\"noopener noreferrer\">La relation d\u2019aide en Art-th\u00e9rapie, \u00e0 travers l\u2019Internet, r\u00e9seaux sociaux sites et blogues,\u00a0pour les victimes de viols par inceste<\/a><br \/>\n<em><strong>M\u00e9moire M2 recherche<\/strong><\/em>\u00a0\u2013 <a href=\"https:\/\/www.iquesta.com\/Recherche-sur-Viols-Par-Inceste-En-Art-therapie-Ce-Qui-Est-Dit-Dans-Le-Texte-Et-Ce-Qui-Est-Dit-A-Travers-Limage-218.html\" target=\"_blank\" rel=\"noopener noreferrer\">Viols par Inceste \u2013\u00a0En art-th\u00e9rapie ce qui est dit dans le texte et ce qui est dit \u00e0 travers l&rsquo;image.<\/a><br \/>\n<b data-blogger-escaped-style=\"mso-bidi-font-weight: normal;\"><span style=\"color: #800080; font-family: 'Times New Roman'; font-size: medium;\">Dipl\u00f4me universitaire \u2013 DU de victimologie<\/span><\/b><br \/>\n<span style=\"color: #008000; font-family: 'Times New Roman';\">Universit\u00e9 Paris V Descartes<\/span><br \/>\n<a href=\"https:\/\/www.scfc.parisdescartes.fr\/index.php\/descartes\/formations\/biomedicale\/du-victimologie\" target=\"_blank\" rel=\"noopener noreferrer\">https:\/\/www.scfc.parisdescartes.fr\/index.php\/descartes\/formations\/biomedicale\/du-victimologie<\/a><br \/>\nCe dipl\u00f4me a pour objectif l\u2019enseignement scientifique de la victimologie, le d\u00e9veloppement de la recherche dans ce domaine et la promotion de cette nouvelle discipline.<br \/>\n<a href=\"https:\/\/www.iquesta.com\/Recherche-sur-Un-Trou-Dans-La-Tete-Fonctionnement-Altere-De-La-Memoire-Apres-Un-Vecu-De-Viols-Par-Inceste-Ayant-Dure-Plusieurs-Annees-167.html\" target=\"_blank\" rel=\"noopener noreferrer\"><b><i>M\u00e9moire\u00a0: \u00ab\u00a0Un trou dans la t\u00eate\u00a0\u00bb<\/i><\/b><\/a><br \/>\nFonctionnement alt\u00e9r\u00e9 de la m\u00e9moire apr\u00e8s un v\u00e9cu de viols par inceste ayant dur\u00e9 plusieurs ann\u00e9es.<br \/>\n<b data-blogger-escaped-style=\"mso-bidi-font-weight: normal;\"><span style=\"color: #800080;\">Licence m\u00e9tiers de l\u2019\u00e9dition et des ressources documentaires<\/span><\/b><br \/>\n<span style=\"color: #008000; font-family: 'Times New Roman';\">Universit\u00e9 Paris X \u2013 IUT Paris X Saint-Cloud \u2013 UXP<\/span><br \/>\n<span style=\"color: #008000; font-family: 'Times New Roman';\">LP Infocom<\/span><span style=\"font-family: 'Times New Roman';\">\u00a0\u2013<\/span>www.scl.u-paris10.fr<br \/>\n<span style=\"color: #800080;\">\u2022\u00a0<\/span>Connaissance approfondie des logiciels sp\u00e9cialis\u00e9s ;<br \/>\n<span style=\"color: #800080;\">\u2022\u00a0<\/span>Comp\u00e9tences en mati\u00e8re de techniques multim\u00e9dias appliqu\u00e9es \u00e0 chacun des secteurs professionnels concern\u00e9s ;<br \/>\n<span style=\"color: #800080;\">\u2022\u00a0<\/span>Ma\u00eetriser des outils et savoir-faire pour une meilleure gestion \u00e9conomique, humaine et financi\u00e8re ;<br \/>\n<span style=\"color: #800080;\">\u2022\u00a0<\/span>Connaissance des relations organisationnelles ; Aptitude \u00e0 d\u00e9finir une politique d&rsquo;entreprise ;<br \/>\n<span style=\"color: #800080;\">\u2022\u00a0<\/span>Aptitude \u00e0 communiquer dans une ou plusieurs langues \u00e9trang\u00e8res.<br \/>\n____________________________________________________________<\/p>\n<h6>Publications<\/h6>\n<p><a href=\"https:\/\/www.canadianarttherapy.org\/wp-content\/uploads\/2019\/11\/CATA-Envisage-2.3-fall-2019_final.pdf\" target=\"_blank\" rel=\"noopener noreferrer\"><span style=\"color: #800080;\">\u2022 <\/span>Cesari, Emmanuelle (2019). Le blogue, moyen de r\u00e9introduction de l\u2019\u00e9crit dans le cas de traumatismes et de dissociations, <em>The Canadian Art Therapy Association Online <\/em>Magazine Volume 2, \u2013 ENVISAGE 2.3 FALL 2019 \u2013 page 21<\/a><br \/>\n<a href=\"https:\/\/www.sciencedirect.com\/science\/article\/abs\/pii\/S2468749919300626\" target=\"_blank\" rel=\"noopener noreferrer\"><span style=\"color: #800080;\">\u2022 <\/span>Cesari, Emmanuelle (2019). L\u2019utilisation de l&rsquo;art-th\u00e9rapie dans le cadre d&rsquo;une fugue dissociative, <em>European Journal of Trauma &amp; Dissociation<\/em><\/a><br \/>\n<span style=\"color: #800080;\">\u2022 <\/span><a href=\"http:\/\/www.thyma.fr\/laide-par-lart-therapie-au-processus-post-traumatique-sur-la-chronologie-des-evenements\/\" target=\"_blank\" rel=\"noopener noreferrer\">Cesari, Emmanuelle (2018). L&rsquo;aide, par l&rsquo;art-th\u00e9rapie, au processus post-traumatique sur la chronologie des \u00e9v\u00e9nements, <em>Thyma \u2013 La revue francophone de victimologie.<\/em><\/a><br \/>\n<span style=\"color: #800080;\">\u2022 <\/span><a href=\"https:\/\/www.ffat-federation.org\/publications\">Cesari, Emmanuelle (2016). D\u00e9composer pour survivre, recomposer pour vivre, <em>Revue Ffat, n\u00b0 16, De la m\u00e9moire, l\u2019art-th\u00e9rapie, un levier,<\/em> issn\u00a0: 2430-9214<\/a><a href=\"https:\/\/www.sciencedirect.com\/science\/article\/abs\/pii\/S2468749918300188\" target=\"_blank\" rel=\"noopener\"><br \/>\n<span style=\"color: #800080;\">\u2022 <\/span>Cesari, Emmanuelle (2018). \u00ab\u00a0Distorsion spatio-temporelle post-traumatique dans un suivi de blogue art-th\u00e9rapeutique\u00a0\u00bb, <em>European Journal of Trauma &amp; Dissociation<\/em>, <\/a><a title=\"Go to table of contents for this volume\/issue\" href=\"https:\/\/www.sciencedirect.com\/science\/journal\/24687499\/2\/4\">Volume 2, Issue 4<\/a><a href=\"&quot;https:\/\/www.iquesta.com\/Recherche-sur-Viols-Par-Inceste-En-Art-therapie-Ce-Qui-Est-Dit-Dans-Le-Texte-Et-Ce-Qui-Est-Dit-A-Travers-Limage-218.html\">, October\u2013December 2018, Pages 215-224.<\/a><\/p>\n<div><a style=\"vertical-align: top;\" href=\"https:\/\/orcid.org\/0000-0002-6504-8983\" target=\"orcid.widget\" rel=\"noopener noreferrer\"><img decoding=\"async\" style=\"width: 1em; margin-right: .5em;\" src=\"https:\/\/i0.wp.com\/orcid.org\/sites\/default\/files\/images\/orcid_16x16.png?w=1260&#038;ssl=1\" alt=\"ORCID iD icon\" data-recalc-dims=\"1\" \/>https:\/\/orcid.org\/0000-0002-6504-8983<\/a><\/div>\n<p><a style=\"text-decoration: none;\" href=\"https:\/\/fr.linkedin.com\/pub\/emmanuelle-cesari\/110\/a9\/648\"><span style=\"font: 80% Arial,sans-serif; color: #0783b6;\"><img loading=\"lazy\" decoding=\"async\" style=\"vertical-align: middle;\" src=\"https:\/\/i0.wp.com\/static.licdn.com\/scds\/common\/u\/img\/webpromo\/btn_in_20x15.png?resize=20%2C15&#038;ssl=1\" alt=\"Voir le profil LinkedIn de Emmanuelle Cesari\" width=\"20\" height=\"15\" border=\"0\" data-recalc-dims=\"1\" \/>\u00a0Voir le profil de Emmanuelle Cesari<\/span><\/a><\/p>\n<div class=\"LI-profile-badge\" data-version=\"v1\" data-size=\"medium\" data-locale=\"fr_FR\" data-type=\"horizontal\" data-theme=\"light\" data-vanity=\"emmanuellecesari\"><a class=\"LI-simple-link\" href=\"https:\/\/fr.linkedin.com\/in\/emmanuellecesari?trk=profile-badge\">Emmanuelle Cesari<\/a><\/div>\n<hr \/>\n<h1>Les diff\u00e9rents r\u00f4les dans Word Press<\/h1>\n<p><a href=\"https:\/\/artherapievirtus.org\/RAIVVI\/les-participants-a-ce-blogue-collaboratif\/participants-au-blog-passagers\/?preview_id=8844&amp;preview_nonce=df1274a70b&amp;preview=true\" target=\"_blank\" rel=\"noopener noreferrer\"><img loading=\"lazy\" decoding=\"async\" class=\"aligncenter size-full wp-image-5560\" src=\"https:\/\/i0.wp.com\/artherapievirtus.org\/RAIVVI\/wp-content\/uploads\/tableau-roles-permissions-wordpress.png?resize=620%2C599&#038;ssl=1\" alt=\"tableau-roles-permissions-wordpress\" width=\"620\" height=\"599\" srcset=\"https:\/\/i0.wp.com\/artherapievirtus.org\/RAIVVI\/wp-content\/uploads\/tableau-roles-permissions-wordpress.png?w=620&amp;ssl=1 620w, https:\/\/i0.wp.com\/artherapievirtus.org\/RAIVVI\/wp-content\/uploads\/tableau-roles-permissions-wordpress.png?resize=300%2C289&amp;ssl=1 300w\" sizes=\"(max-width: 620px) 100vw, 620px\" data-recalc-dims=\"1\" \/>Les personnes qui sont pass\u00e9es<\/a><\/p>\n<\/div>\n<\/div>\n<\/div>\n","protected":false},"excerpt":{"rendered":"<p>Sabrina Obeo N\u00fa\u00f1ez Contributeur \u2013 \u00c9ditrice De nationalit\u00e9 espagnole, je n&rsquo;ai trouv\u00e9 ma v\u00e9ritable vocation, l&rsquo;Art-th\u00e9rapie, qu&rsquo;\u00e0 l&rsquo;\u00e2ge de 33 ans et en France ! Bien qu&rsquo;issue d&rsquo;un milieu ouvert sur l&rsquo;Art mais ferm\u00e9 sur l&rsquo;expression des \u00e9motions et la communication verbale, je suis attir\u00e9e depuis toute petite par toute manifestation artistique : de la&hellip; <\/p>\n<p class=\"toivo-read-more\"><a href=\"https:\/\/artherapievirtus.org\/RAIVVI\/les-participants-a-ce-blogue-collaboratif\/\" class=\"more-link\">Lire la suite <span class=\"screen-reader-text\">Les participants \u00e0 ce blogue collaboratif<\/span><\/a><\/p>\n","protected":false},"author":1,"featured_media":0,"parent":0,"menu_order":2,"comment_status":"open","ping_status":"closed","template":"","meta":{"jetpack_post_was_ever_published":false,"footnotes":""},"jetpack_sharing_enabled":true,"jetpack_likes_enabled":true,"_links":{"self":[{"href":"https:\/\/artherapievirtus.org\/RAIVVI\/wp-json\/wp\/v2\/pages\/2325"}],"collection":[{"href":"https:\/\/artherapievirtus.org\/RAIVVI\/wp-json\/wp\/v2\/pages"}],"about":[{"href":"https:\/\/artherapievirtus.org\/RAIVVI\/wp-json\/wp\/v2\/types\/page"}],"author":[{"embeddable":true,"href":"https:\/\/artherapievirtus.org\/RAIVVI\/wp-json\/wp\/v2\/users\/1"}],"replies":[{"embeddable":true,"href":"https:\/\/artherapievirtus.org\/RAIVVI\/wp-json\/wp\/v2\/comments?post=2325"}],"version-history":[{"count":40,"href":"https:\/\/artherapievirtus.org\/RAIVVI\/wp-json\/wp\/v2\/pages\/2325\/revisions"}],"predecessor-version":[{"id":65650,"href":"https:\/\/artherapievirtus.org\/RAIVVI\/wp-json\/wp\/v2\/pages\/2325\/revisions\/65650"}],"wp:attachment":[{"href":"https:\/\/artherapievirtus.org\/RAIVVI\/wp-json\/wp\/v2\/media?parent=2325"}],"curies":[{"name":"wp","href":"https:\/\/api.w.org\/{rel}","templated":true}]}}