{"id":11595,"date":"2016-05-11T08:39:19","date_gmt":"2016-05-11T06:39:19","guid":{"rendered":"http:\/\/artherapievirtus.org\/RAIVVI\/?page_id=11595"},"modified":"2016-11-14T10:26:59","modified_gmt":"2016-11-14T09:26:59","slug":"lobjet-de-ce-blogue-collaboratif","status":"publish","type":"page","link":"https:\/\/artherapievirtus.org\/RAIVVI\/lobjet-de-ce-blogue-collaboratif\/","title":{"rendered":"L&rsquo;objet de ce blogue collaboratif"},"content":{"rendered":"<p>Les interventions\/ateliers \u2013 \u00e9criture des lettres \u2013 Exercices pratiques par l&rsquo;Art-Th\u00e9rapie \u2013 sont compl\u00e9mentaires \u00e0 tout parcours m\u00e9dical obligatoire et ne peuvent pas le remplacer. Les interventions peuvent \u00eatre r\u00e9alis\u00e9es en collaboration avec les psychologues ou psychiatres, h\u00f4pitaux, centres de soins ou pr\u00e9ventions&#8230;<br \/>\nNos services accompagnent les praticiens et professionnels de sant\u00e9 dans leur compr\u00e9hension de la dissociation p\u00e9ri-traumatique.<br \/>\n_______________________<br \/>\n<b><a href=\"http:\/\/blogs.mediapart.fr\/blog\/muriel-salmona\/250813\/le-viol-crime-absolu\">Soigner la m\u00e9moire traumatique<\/a><\/b><br \/>\npar la docteure Muriel Salmona<br \/>\nLe traitement de la m\u00e9moire traumatique consiste \u00e0 faire comprendre aux patients les m\u00e9canismes psychotraumatiques, dans le but d\u2019\u00e9viter les conduites dissociantes et de faire en sorte qu&rsquo;ils ne soient plus p\u00e9trifi\u00e9s par le non-sens apparent des violences.<br \/>\n<span style=\"color: #008000;\"><b>Le traitement consiste en m\u00eame temps \u00e0 faire identifier au patient sa m\u00e9moire traumatique qui prend la forme de v\u00e9ritables mines qu&rsquo;il s&rsquo;agit de localiser, puis de d\u00e9samorcer et de d\u00e9miner patiemment, en r\u00e9tablissant des connexions neurologiques, en lui faisant faire des liens, en identifiant les violences et en r\u00e9introduisant des repr\u00e9sentations mentales pour chaque manifestation de la m\u00e9moire traumatique.<\/b><\/span><br \/>\nIl s&rsquo;agit de \u00ab\u00a0r\u00e9parer\u00a0\u00bb l&rsquo;effraction psychique initiale, la sid\u00e9ration psychique li\u00e9e \u00e0 l&rsquo;irrepr\u00e9sentabilit\u00e9 des violences.<br \/>\n_______________________<br \/>\nRespect, pas de propos x\u00e9nophobes ou homophobes, pas d&rsquo;insultes ni de flood.<br \/>\n_______________________<br \/>\n<em>La plupart des billets, post\u00e9s par les victimes qui b\u00e9n\u00e9ficient d&rsquo;un suivi th\u00e9rapeutique en ligne, sont publi\u00e9s en priv\u00e9. Pour y avoir acc\u00e8s, il est n\u00e9cessaire de demander un statut de contributeur.<\/em><\/p>\n","protected":false},"excerpt":{"rendered":"<p>Les interventions\/ateliers \u2013 \u00e9criture des lettres \u2013 Exercices pratiques par l&rsquo;Art-Th\u00e9rapie \u2013 sont compl\u00e9mentaires \u00e0 tout parcours m\u00e9dical obligatoire et ne peuvent pas le remplacer. Les interventions peuvent \u00eatre r\u00e9alis\u00e9es en collaboration avec les psychologues ou psychiatres, h\u00f4pitaux, centres de soins ou pr\u00e9ventions&#8230; Nos services accompagnent les praticiens et professionnels de sant\u00e9 dans leur compr\u00e9hension&hellip; <\/p>\n<p class=\"toivo-read-more\"><a href=\"https:\/\/artherapievirtus.org\/RAIVVI\/lobjet-de-ce-blogue-collaboratif\/\" class=\"more-link\">Lire la suite <span class=\"screen-reader-text\">L&rsquo;objet de ce blogue collaboratif<\/span><\/a><\/p>\n","protected":false},"author":3,"featured_media":0,"parent":0,"menu_order":1,"comment_status":"closed","ping_status":"closed","template":"","meta":{"jetpack_post_was_ever_published":false,"footnotes":""},"jetpack_sharing_enabled":true,"jetpack_likes_enabled":true,"_links":{"self":[{"href":"https:\/\/artherapievirtus.org\/RAIVVI\/wp-json\/wp\/v2\/pages\/11595"}],"collection":[{"href":"https:\/\/artherapievirtus.org\/RAIVVI\/wp-json\/wp\/v2\/pages"}],"about":[{"href":"https:\/\/artherapievirtus.org\/RAIVVI\/wp-json\/wp\/v2\/types\/page"}],"author":[{"embeddable":true,"href":"https:\/\/artherapievirtus.org\/RAIVVI\/wp-json\/wp\/v2\/users\/3"}],"replies":[{"embeddable":true,"href":"https:\/\/artherapievirtus.org\/RAIVVI\/wp-json\/wp\/v2\/comments?post=11595"}],"version-history":[{"count":3,"href":"https:\/\/artherapievirtus.org\/RAIVVI\/wp-json\/wp\/v2\/pages\/11595\/revisions"}],"predecessor-version":[{"id":11602,"href":"https:\/\/artherapievirtus.org\/RAIVVI\/wp-json\/wp\/v2\/pages\/11595\/revisions\/11602"}],"wp:attachment":[{"href":"https:\/\/artherapievirtus.org\/RAIVVI\/wp-json\/wp\/v2\/media?parent=11595"}],"curies":[{"name":"wp","href":"https:\/\/api.w.org\/{rel}","templated":true}]}}