{"id":10769,"date":"2016-03-25T09:17:49","date_gmt":"2016-03-25T08:17:49","guid":{"rendered":"http:\/\/artherapievirtus.org\/RAIVVI\/?page_id=10769"},"modified":"2017-09-25T17:19:09","modified_gmt":"2017-09-25T15:19:09","slug":"bibliographie","status":"publish","type":"page","link":"https:\/\/artherapievirtus.org\/RAIVVI\/bibliographie\/","title":{"rendered":"Bibliographie"},"content":{"rendered":"<h4><span style=\"color: #993300;\">Crises non \u00e9pileptiques<\/span><\/h4>\n<p><strong>Josien<\/strong>, E. (2005).\u00a0Crises non \u00e9pileptiques, <em>EMC-Neurologie<\/em> 2 (2005) 81\u201392<\/p>\n<h4><span style=\"color: #800000;\">Dissociation<\/span><\/h4>\n<p><strong>Salmona,<\/strong> Muriel (2013). <a href=\"http:\/\/www.memoiretraumatique.org\/assets\/files\/Documents-pdf\/La-dissociation-traumatique-et-les-troubles-de-la-personnalit-Dunod-2013.pdf\" target=\"_blank\" rel=\"noopener\">La dissociation traumatique et les troubles de la personnalit\u00e9 : ou comment devient-on \u00e9tranger \u00e0 soi-m\u00eame<\/a>, in <em>Les troubles de la personnalit\u00e9 en criminologie et en victimologie,<\/em> Dunod en juin 2013 et dirig\u00e9 par R. Coutanceau et J. Smit.<\/p>\n","protected":false},"excerpt":{"rendered":"<p>Crises non \u00e9pileptiques Josien, E. (2005).\u00a0Crises non \u00e9pileptiques, EMC-Neurologie 2 (2005) 81\u201392 Dissociation Salmona, Muriel (2013). La dissociation traumatique et les troubles de la personnalit\u00e9 : ou comment devient-on \u00e9tranger \u00e0 soi-m\u00eame, in Les troubles de la personnalit\u00e9 en criminologie et en victimologie, Dunod en juin 2013 et dirig\u00e9 par R. Coutanceau et J. Smit.<\/p>\n","protected":false},"author":3,"featured_media":0,"parent":0,"menu_order":0,"comment_status":"closed","ping_status":"closed","template":"","meta":{"jetpack_post_was_ever_published":false,"footnotes":""},"jetpack_sharing_enabled":true,"jetpack_likes_enabled":true,"_links":{"self":[{"href":"https:\/\/artherapievirtus.org\/RAIVVI\/wp-json\/wp\/v2\/pages\/10769"}],"collection":[{"href":"https:\/\/artherapievirtus.org\/RAIVVI\/wp-json\/wp\/v2\/pages"}],"about":[{"href":"https:\/\/artherapievirtus.org\/RAIVVI\/wp-json\/wp\/v2\/types\/page"}],"author":[{"embeddable":true,"href":"https:\/\/artherapievirtus.org\/RAIVVI\/wp-json\/wp\/v2\/users\/3"}],"replies":[{"embeddable":true,"href":"https:\/\/artherapievirtus.org\/RAIVVI\/wp-json\/wp\/v2\/comments?post=10769"}],"version-history":[{"count":5,"href":"https:\/\/artherapievirtus.org\/RAIVVI\/wp-json\/wp\/v2\/pages\/10769\/revisions"}],"predecessor-version":[{"id":20224,"href":"https:\/\/artherapievirtus.org\/RAIVVI\/wp-json\/wp\/v2\/pages\/10769\/revisions\/20224"}],"wp:attachment":[{"href":"https:\/\/artherapievirtus.org\/RAIVVI\/wp-json\/wp\/v2\/media?parent=10769"}],"curies":[{"name":"wp","href":"https:\/\/api.w.org\/{rel}","templated":true}]}}