{"id":4069,"date":"2019-11-15T11:50:46","date_gmt":"2019-11-15T10:50:46","guid":{"rendered":"https:\/\/artherapievirtus.org\/R-A-I-V-I\/?page_id=4069"},"modified":"2019-11-15T11:50:46","modified_gmt":"2019-11-15T10:50:46","slug":"soutenir-art-therapie-virtus","status":"publish","type":"page","link":"https:\/\/artherapievirtus.org\/R-A-I-V-I\/index.php\/soutenir-art-therapie-virtus\/","title":{"rendered":"Soutenir Art-Th\u00e9rapie Virtus"},"content":{"rendered":"<p>Devenez membre ou faites un don \u00e0 l&rsquo;association Art-Th\u00e9rapie Virtus<\/p>\n<p><iframe loading=\"lazy\" id=\"haWidget\" style=\"border: currentColor; width: 1000px; height: 950px;\" src=\"https:\/\/www.helloasso.com\/widgets\/adhesion.aspx?beneficiaire=art-therapie-virtus&amp;campagne=adherer-a-la-diffusion-de-la-necessite-de-l-art-therapie&amp;color=%23c7703e\" width=\"550\" height=\"450\"><\/iframe><\/p>\n<hr \/>\n<p><iframe loading=\"lazy\" id=\"haWidget\" style=\"width: 800px; height: 750px; border: none;\" src=\"\/\/www.helloasso.com\/associations\/art-therapie-virtus\/formulaires\/1\/widget?color=%2370c24a\" width=\"300\" height=\"150\"><\/iframe><\/p>\n<div>Propuls\u00e9 par <a href=\"&quot;@host&quot;\" rel=\"&quot;nofollow&quot;\">HelloAsso<\/a><\/div>\n<div class=\"sharedaddy sd-sharing-enabled\"><div class=\"robots-nocontent sd-block sd-social sd-social-official sd-sharing\"><h3 class=\"sd-title\">Partager\u00a0:<\/h3><div class=\"sd-content\"><ul><li class=\"share-facebook\"><div class=\"fb-share-button\" data-href=\"https:\/\/artherapievirtus.org\/R-A-I-V-I\/index.php\/soutenir-art-therapie-virtus\/\" data-layout=\"button_count\"><\/div><\/li><li class=\"share-linkedin\"><div class=\"linkedin_button\"><script type=\"in\/share\" data-url=\"https:\/\/artherapievirtus.org\/R-A-I-V-I\/index.php\/soutenir-art-therapie-virtus\/\" data-counter=\"right\"><\/script><\/div><\/li><li class=\"share-twitter\"><a href=\"https:\/\/twitter.com\/share\" class=\"twitter-share-button\" data-url=\"https:\/\/artherapievirtus.org\/R-A-I-V-I\/index.php\/soutenir-art-therapie-virtus\/\" data-text=\"Soutenir Art-Th\u00e9rapie Virtus\"  >Tweet<\/a><\/li><li class=\"share-end\"><\/li><\/ul><\/div><\/div><\/div>","protected":false},"excerpt":{"rendered":"<p>Devenez membre ou faites un don \u00e0 l&rsquo;association Art-Th\u00e9rapie Virtus Propuls\u00e9 par HelloAsso<\/p>\n<div class=\"sharedaddy sd-sharing-enabled\"><div class=\"robots-nocontent sd-block sd-social sd-social-official sd-sharing\"><h3 class=\"sd-title\">Partager\u00a0:<\/h3><div class=\"sd-content\"><ul><li class=\"share-facebook\"><div class=\"fb-share-button\" data-href=\"https:\/\/artherapievirtus.org\/R-A-I-V-I\/index.php\/soutenir-art-therapie-virtus\/\" data-layout=\"button_count\"><\/div><\/li><li class=\"share-linkedin\"><div class=\"linkedin_button\"><script type=\"in\/share\" data-url=\"https:\/\/artherapievirtus.org\/R-A-I-V-I\/index.php\/soutenir-art-therapie-virtus\/\" data-counter=\"right\"><\/script><\/div><\/li><li class=\"share-twitter\"><a href=\"https:\/\/twitter.com\/share\" class=\"twitter-share-button\" data-url=\"https:\/\/artherapievirtus.org\/R-A-I-V-I\/index.php\/soutenir-art-therapie-virtus\/\" data-text=\"Soutenir Art-Th\u00e9rapie Virtus\"  >Tweet<\/a><\/li><li class=\"share-end\"><\/li><\/ul><\/div><\/div><\/div>","protected":false},"author":2,"featured_media":0,"parent":0,"menu_order":0,"comment_status":"closed","ping_status":"closed","template":"","meta":{"spay_email":""},"jetpack_sharing_enabled":true,"jetpack_shortlink":"https:\/\/wp.me\/P86Owe-13D","jetpack_likes_enabled":true,"_links":{"self":[{"href":"https:\/\/artherapievirtus.org\/R-A-I-V-I\/index.php\/wp-json\/wp\/v2\/pages\/4069"}],"collection":[{"href":"https:\/\/artherapievirtus.org\/R-A-I-V-I\/index.php\/wp-json\/wp\/v2\/pages"}],"about":[{"href":"https:\/\/artherapievirtus.org\/R-A-I-V-I\/index.php\/wp-json\/wp\/v2\/types\/page"}],"author":[{"embeddable":true,"href":"https:\/\/artherapievirtus.org\/R-A-I-V-I\/index.php\/wp-json\/wp\/v2\/users\/2"}],"replies":[{"embeddable":true,"href":"https:\/\/artherapievirtus.org\/R-A-I-V-I\/index.php\/wp-json\/wp\/v2\/comments?post=4069"}],"version-history":[{"count":1,"href":"https:\/\/artherapievirtus.org\/R-A-I-V-I\/index.php\/wp-json\/wp\/v2\/pages\/4069\/revisions"}],"predecessor-version":[{"id":4070,"href":"https:\/\/artherapievirtus.org\/R-A-I-V-I\/index.php\/wp-json\/wp\/v2\/pages\/4069\/revisions\/4070"}],"wp:attachment":[{"href":"https:\/\/artherapievirtus.org\/R-A-I-V-I\/index.php\/wp-json\/wp\/v2\/media?parent=4069"}],"curies":[{"name":"wp","href":"https:\/\/api.w.org\/{rel}","templated":true}]}}