{"id":17,"date":"2016-11-14T10:30:37","date_gmt":"2016-11-14T09:30:37","guid":{"rendered":"http:\/\/artherapievirtus.org\/R-A-I-V-I\/?page_id=17"},"modified":"2016-11-14T10:30:50","modified_gmt":"2016-11-14T09:30:50","slug":"17-2","status":"publish","type":"page","link":"https:\/\/artherapievirtus.org\/R-A-I-V-I\/index.php\/17-2\/","title":{"rendered":"Les participants \u00e0 ce blogue collaboratif"},"content":{"rendered":"<p><span style=\"color: #800080;\"><b><i><a href=\"http:\/\/artherapievirtus.org\/RAIVVI\/wp-content\/uploads\/Emmanuelle-Cesari.jpg\"><img loading=\"lazy\" class=\"alignleft size-thumbnail wp-image-2327\" src=\"http:\/\/artherapievirtus.org\/RAIVVI\/wp-content\/uploads\/Emmanuelle-Cesari-150x150.jpg\" alt=\"Emmanuelle Cesari\" width=\"150\" height=\"150\" \/><\/a>Emmanuelle Cesari<\/i><\/b><\/span><br \/>\n<span style=\"color: #b45f06;\">Administratrice<\/span><br \/>\nFormation<br \/>\n<b data-blogger-escaped-style=\"mso-bidi-font-weight: normal;\"><span style=\"color: #800080; font-family: 'Times New Roman'; font-size: medium;\">Master 2 \u2013 Art-Th\u00e9rapie, mention arts plastiques <\/span><\/b><br \/>\n<span style=\"color: #008000; font-family: 'Times New Roman';\">Universit\u00e9 <\/span><span style=\"color: #38761d; font-family: 'Times New Roman'; font-size: medium;\">pres <\/span><span style=\"color: #008000; font-family: 'Times New Roman';\">Sorbonne Paris Cit\u00e9<\/span><br \/>\n\u00ab\u00a0Master pres (p\u00f4le de recherche et d&rsquo;enseignement sup\u00e9rieur) Sorbonne Paris Cit\u00e9, mention Arts Th\u00e9rapies\u00a0\u00bb. \u00ab ECARTE \u00bb (Consortium Europ\u00e9en pour l\u2019\u00c9ducation \u00e0 l\u2019Art Th\u00e9rapie)<br \/>\nSciences humaines et sociales<br \/>\nLes objectifs sont : la facilitation de la relation, le d\u00e9veloppement des capacit\u00e9s d\u2019expression, de repr\u00e9sentation, de symbolisation, de cr\u00e9ativit\u00e9, et de socialisation. Les activit\u00e9s artistiques sont aussi utilis\u00e9es comme soutien et accompagnement d\u2019activit\u00e9s de r\u00e9\u00e9ducation physique, psychomotrice, de relaxation, d\u2019analg\u00e9sie, ou encore de psychop\u00e9dagogie.<br \/>\n<b><i>M\u00e9moire M1 \u2013 mention bien : \u00ab Incestes \u00bb <\/i><\/b><br \/>\n<em><strong>M\u00e9moire M2 professionnel<\/strong><\/em> \u2013 <a href=\"http:\/\/www.iquesta.com\/Recherche-sur-La-Relation-Daide-En-Art-therapie-A-Travers-Linternet-Reseaux-Sociaux-Sites-Et-Blogues-Pour-Les-Victimes-De-Viols-Par-Inceste-219.html\" target=\"_blank\">La relation d\u2019aide en Art-th\u00e9rapie, \u00e0 travers l\u2019Internet, r\u00e9seaux sociaux sites et blogues, pour les victimes de viols par inceste<\/a><br \/>\n<em><strong>M\u00e9moire M2 recherche<\/strong><\/em> \u2013 <a href=\"http:\/\/www.iquesta.com\/Recherche-sur-Viols-Par-Inceste-En-Art-therapie-Ce-Qui-Est-Dit-Dans-Le-Texte-Et-Ce-Qui-Est-Dit-A-Travers-Limage-221.html\" target=\"_blank\">\u00ab Viols par inceste \u00bb, En Art-Th\u00e9rapie, ce qui est dit dans le texte et ce qui est dit \u00e0 travers l\u2019image<\/a><br \/>\n<b data-blogger-escaped-style=\"mso-bidi-font-weight: normal;\"><span style=\"color: #800080; font-family: 'Times New Roman'; font-size: medium;\">Dipl\u00f4me universitaire \u2013 DU de victimologie<\/span><\/b><br \/>\n<span style=\"color: #008000; font-family: 'Times New Roman';\">Universit\u00e9 Paris V Descartes<\/span><br \/>\n<span style=\"color: #008000; font-family: 'Times New Roman'; font-size: small;\"><a href=\"http:\/\/www.scfc.parisdescartes.fr\/index.php\/descartes\/formations\/biomedicale\/du-victimologie\" target=\"_blank\">http:\/\/www.scfc.parisdescartes.fr\/index.php\/descartes\/formations\/biomedicale\/du-victimologie<\/a><\/span><br \/>\nCe dipl\u00f4me a pour objectif l\u2019enseignement scientifique de la victimologie, le d\u00e9veloppement de la recherche dans ce domaine et la promotion de cette nouvelle discipline.<br \/>\n<b><i>M\u00e9moire : \u00ab Un trou dans la t\u00eate \u00bb<\/i><\/b><br \/>\n<a href=\"http:\/\/www.iquesta.com\/Recherche-sur-Un-Trou-Dans-La-Tete-Fonctionnement-Altere-De-La-Memoire-Apres-Un-Vecu-De-Viols-Par-Inceste-Ayant-Dure-Plusieurs-Annees-167.html\" target=\"_blank\">Fonctionnement alt\u00e9r\u00e9 de la m\u00e9moire apr\u00e8s un v\u00e9cu de viols par inceste ayant dur\u00e9 plusieurs ann\u00e9es.<\/a><br \/>\n<b data-blogger-escaped-style=\"mso-bidi-font-weight: normal;\"><span style=\"color: #800080;\">Licence m\u00e9tiers de l\u2019\u00e9dition et des ressources documentaires<\/span><\/b><br \/>\n<span style=\"color: #008000; font-family: 'Times New Roman';\">Universit\u00e9 Paris X \u2013 IUT Paris X Saint-Cloud \u2013 UXP<\/span><br \/>\n<span style=\"color: #008000; font-family: 'Times New Roman';\">LP Infocom<\/span><span style=\"font-family: 'Times New Roman';\"> \u2013<\/span>www.scl.u-paris10.fr<br \/>\n<span style=\"color: #800080;\">\u2022 <\/span>Connaissance approfondie des logiciels sp\u00e9cialis\u00e9s ;<br \/>\n<span style=\"color: #800080;\">\u2022 <\/span>Comp\u00e9tences en mati\u00e8re de techniques multim\u00e9dias appliqu\u00e9es \u00e0 chacun des secteurs professionnels concern\u00e9s ;<br \/>\n<span style=\"color: #800080;\">\u2022 <\/span>Ma\u00eetriser des outils et savoir-faire pour une meilleure gestion \u00e9conomique, humaine et financi\u00e8re ;<br \/>\n<span style=\"color: #800080; font-family: Times, 'Times New Roman', serif;\">\u2022 <\/span>Connaissance des relations organisationnelles ; Aptitude \u00e0 d\u00e9finir une politique d&rsquo;entreprise ;<br \/>\n<span style=\"font-family: Times, 'Times New Roman', serif;\"><span style=\"color: #800080;\">\u2022<\/span> <\/span>Aptitude \u00e0 communiquer dans une ou plusieurs langues \u00e9trang\u00e8res.<\/p>\n<p><a style=\"text-decoration: none;\" href=\"https:\/\/fr.linkedin.com\/pub\/emmanuelle-cesari\/110\/a9\/648\"><span style=\"font: 80% Arial,sans-serif; color: #0783b6;\"><img loading=\"lazy\" style=\"vertical-align: middle;\" src=\"https:\/\/static.licdn.com\/scds\/common\/u\/img\/webpromo\/btn_in_20x15.png\" alt=\"Voir le profil LinkedIn de Emmanuelle Cesari\" width=\"20\" height=\"15\" border=\"0\" \/> Voir le profil de Emmanuelle Cesari<\/span><\/a><br \/>\n________________________________________<\/p>\n<h1>Les diff\u00e9rents r\u00f4les dans Word Press<\/h1>\n<p><a href=\"http:\/\/artherapievirtus.org\/RAIVVI\/les-participants-a-ce-blogue-collaboratif\/participants-au-blog-passagers\/?preview_id=8844&amp;preview_nonce=df1274a70b&amp;preview=true\" target=\"_blank\"><img loading=\"lazy\" class=\"aligncenter size-full wp-image-5560\" src=\"http:\/\/artherapievirtus.org\/RAIVVI\/wp-content\/uploads\/tableau-roles-permissions-wordpress.png\" alt=\"tableau-roles-permissions-wordpress\" width=\"620\" height=\"599\" \/>Les personnes qui sont pass\u00e9es<\/a><\/p>\n<div class=\"sharedaddy sd-sharing-enabled\"><div class=\"robots-nocontent sd-block sd-social sd-social-official sd-sharing\"><h3 class=\"sd-title\">Partager\u00a0:<\/h3><div class=\"sd-content\"><ul><li class=\"share-facebook\"><div class=\"fb-share-button\" data-href=\"https:\/\/artherapievirtus.org\/R-A-I-V-I\/index.php\/17-2\/\" data-layout=\"button_count\"><\/div><\/li><li class=\"share-linkedin\"><div class=\"linkedin_button\"><script type=\"in\/share\" data-url=\"https:\/\/artherapievirtus.org\/R-A-I-V-I\/index.php\/17-2\/\" data-counter=\"right\"><\/script><\/div><\/li><li class=\"share-twitter\"><a href=\"https:\/\/twitter.com\/share\" class=\"twitter-share-button\" data-url=\"https:\/\/artherapievirtus.org\/R-A-I-V-I\/index.php\/17-2\/\" data-text=\"Les participants \u00e0 ce blogue collaboratif\"  >Tweet<\/a><\/li><li class=\"share-end\"><\/li><\/ul><\/div><\/div><\/div>","protected":false},"excerpt":{"rendered":"<p>Emmanuelle Cesari Administratrice Formation Master 2 \u2013 Art-Th\u00e9rapie, mention arts plastiques Universit\u00e9 pres Sorbonne Paris Cit\u00e9 \u00ab\u00a0Master pres (p\u00f4le de recherche et d&rsquo;enseignement sup\u00e9rieur) Sorbonne Paris Cit\u00e9, mention Arts Th\u00e9rapies\u00a0\u00bb. \u00ab ECARTE \u00bb (Consortium Europ\u00e9en pour l\u2019\u00c9ducation \u00e0 l\u2019Art Th\u00e9rapie) Sciences humaines et sociales Les objectifs sont : la facilitation de la relation, le d\u00e9veloppement&hellip; <\/p>\n<p class=\"toivo-read-more\"><a href=\"https:\/\/artherapievirtus.org\/R-A-I-V-I\/index.php\/17-2\/\" class=\"more-link\">Lire la suite <span class=\"screen-reader-text\">Les participants \u00e0 ce blogue collaboratif<\/span><\/a><\/p>\n<div class=\"sharedaddy sd-sharing-enabled\"><div class=\"robots-nocontent sd-block sd-social sd-social-official sd-sharing\"><h3 class=\"sd-title\">Partager\u00a0:<\/h3><div class=\"sd-content\"><ul><li class=\"share-facebook\"><div class=\"fb-share-button\" data-href=\"https:\/\/artherapievirtus.org\/R-A-I-V-I\/index.php\/17-2\/\" data-layout=\"button_count\"><\/div><\/li><li class=\"share-linkedin\"><div class=\"linkedin_button\"><script type=\"in\/share\" data-url=\"https:\/\/artherapievirtus.org\/R-A-I-V-I\/index.php\/17-2\/\" data-counter=\"right\"><\/script><\/div><\/li><li class=\"share-twitter\"><a href=\"https:\/\/twitter.com\/share\" class=\"twitter-share-button\" data-url=\"https:\/\/artherapievirtus.org\/R-A-I-V-I\/index.php\/17-2\/\" data-text=\"Les participants \u00e0 ce blogue collaboratif\"  >Tweet<\/a><\/li><li class=\"share-end\"><\/li><\/ul><\/div><\/div><\/div>","protected":false},"author":1,"featured_media":5,"parent":0,"menu_order":2,"comment_status":"closed","ping_status":"closed","template":"","meta":{"spay_email":""},"jetpack_sharing_enabled":true,"jetpack_shortlink":"https:\/\/wp.me\/P86Owe-h","jetpack_likes_enabled":true,"_links":{"self":[{"href":"https:\/\/artherapievirtus.org\/R-A-I-V-I\/index.php\/wp-json\/wp\/v2\/pages\/17"}],"collection":[{"href":"https:\/\/artherapievirtus.org\/R-A-I-V-I\/index.php\/wp-json\/wp\/v2\/pages"}],"about":[{"href":"https:\/\/artherapievirtus.org\/R-A-I-V-I\/index.php\/wp-json\/wp\/v2\/types\/page"}],"author":[{"embeddable":true,"href":"https:\/\/artherapievirtus.org\/R-A-I-V-I\/index.php\/wp-json\/wp\/v2\/users\/1"}],"replies":[{"embeddable":true,"href":"https:\/\/artherapievirtus.org\/R-A-I-V-I\/index.php\/wp-json\/wp\/v2\/comments?post=17"}],"version-history":[{"count":2,"href":"https:\/\/artherapievirtus.org\/R-A-I-V-I\/index.php\/wp-json\/wp\/v2\/pages\/17\/revisions"}],"predecessor-version":[{"id":19,"href":"https:\/\/artherapievirtus.org\/R-A-I-V-I\/index.php\/wp-json\/wp\/v2\/pages\/17\/revisions\/19"}],"wp:featuredmedia":[{"embeddable":true,"href":"https:\/\/artherapievirtus.org\/R-A-I-V-I\/index.php\/wp-json\/wp\/v2\/media\/5"}],"wp:attachment":[{"href":"https:\/\/artherapievirtus.org\/R-A-I-V-I\/index.php\/wp-json\/wp\/v2\/media?parent=17"}],"curies":[{"name":"wp","href":"https:\/\/api.w.org\/{rel}","templated":true}]}}