{"id":24,"date":"2014-07-21T04:17:18","date_gmt":"2014-07-21T04:17:18","guid":{"rendered":"http:\/\/artherapievirtus.org\/Mosaique\/?page_id=24"},"modified":"2019-10-21T08:18:20","modified_gmt":"2019-10-21T08:18:20","slug":"depliant-cinq-ateliers-de-preparation-pour-le-telethon","status":"publish","type":"page","link":"https:\/\/artherapievirtus.org\/Mosaique\/?page_id=24","title":{"rendered":"D\u00e9pliant six ateliers de pr\u00e9paration T\u00e9l\u00e9thon 2014"},"content":{"rendered":"<p><a href=\"https:\/\/artherapievirtus.org\/Mosaique\/wp-content\/uploads\/2014\/07\/Ateliers-Mosai\u0308que-vendredi-1.gif\"><img loading=\"lazy\" class=\"aligncenter size-full wp-image-5\" src=\"http:\/\/artherapievirtus.org\/Mosaique\/wp-content\/uploads\/2014\/07\/Ateliers-Mosai\u0308que-vendredi-1.gif\" alt=\"Ateliers-Mosai\u0308que-vendredi-1\" width=\"1721\" height=\"1154\" \/><\/a><a href=\"https:\/\/artherapievirtus.org\/Mosaique\/wp-content\/uploads\/2014\/07\/Ateliers-Mosai\u0308que-vendredi-2.gif\"><img loading=\"lazy\" class=\"aligncenter size-full wp-image-6\" src=\"http:\/\/artherapievirtus.org\/Mosaique\/wp-content\/uploads\/2014\/07\/Ateliers-Mosai\u0308que-vendredi-2.gif\" alt=\"Ateliers-Mosai\u0308que-vendredi-2\" width=\"1754\" height=\"1240\" \/><\/a><\/p>\n<div class=\"sharedaddy sd-sharing-enabled\"><div class=\"robots-nocontent sd-block sd-social sd-social-official sd-sharing\"><h3 class=\"sd-title\">Partager\u00a0:<\/h3><div class=\"sd-content\"><ul><li class=\"share-facebook\"><div class=\"fb-share-button\" data-href=\"https:\/\/artherapievirtus.org\/Mosaique\/?page_id=24\" data-layout=\"button_count\"><\/div><\/li><li class=\"share-twitter\"><a href=\"https:\/\/twitter.com\/share\" class=\"twitter-share-button\" data-url=\"https:\/\/artherapievirtus.org\/Mosaique\/?page_id=24\" data-text=\"D\u00e9pliant six ateliers de pr\u00e9paration T\u00e9l\u00e9thon 2014\"  >Tweet<\/a><\/li><li class=\"share-linkedin\"><div class=\"linkedin_button\"><script type=\"in\/share\" data-url=\"https:\/\/artherapievirtus.org\/Mosaique\/?page_id=24\" data-counter=\"right\"><\/script><\/div><\/li><li><a href=\"#\" class=\"sharing-anchor sd-button share-more\"><span>Plus<\/span><\/a><\/li><li class=\"share-end\"><\/li><\/ul><div class=\"sharing-hidden\"><div class=\"inner\" style=\"display: none;\"><ul><li class=\"share-print\"><a rel=\"nofollow noopener noreferrer\" data-shared=\"\" class=\"share-print sd-button\" href=\"https:\/\/artherapievirtus.org\/Mosaique\/?page_id=24\" target=\"_blank\" title=\"Cliquer pour imprimer\"><span>Imprimer<\/span><\/a><\/li><li class=\"share-email\"><a rel=\"nofollow noopener noreferrer\" data-shared=\"\" class=\"share-email sd-button\" href=\"https:\/\/artherapievirtus.org\/Mosaique\/?page_id=24&amp;share=email\" target=\"_blank\" title=\"Cliquez pour envoyer par e-mail \u00e0 un ami\"><span>E-mail<\/span><\/a><\/li><li class=\"share-end\"><\/li><li class=\"share-end\"><\/li><\/ul><\/div><\/div><\/div><\/div><\/div>","protected":false},"excerpt":{"rendered":"<div class=\"sharedaddy sd-sharing-enabled\"><div class=\"robots-nocontent sd-block sd-social sd-social-official sd-sharing\"><h3 class=\"sd-title\">Partager\u00a0:<\/h3><div class=\"sd-content\"><ul><li class=\"share-facebook\"><div class=\"fb-share-button\" data-href=\"https:\/\/artherapievirtus.org\/Mosaique\/?page_id=24\" data-layout=\"button_count\"><\/div><\/li><li class=\"share-twitter\"><a href=\"https:\/\/twitter.com\/share\" class=\"twitter-share-button\" data-url=\"https:\/\/artherapievirtus.org\/Mosaique\/?page_id=24\" data-text=\"D\u00e9pliant six ateliers de pr\u00e9paration T\u00e9l\u00e9thon 2014\"  >Tweet<\/a><\/li><li class=\"share-linkedin\"><div class=\"linkedin_button\"><script type=\"in\/share\" data-url=\"https:\/\/artherapievirtus.org\/Mosaique\/?page_id=24\" data-counter=\"right\"><\/script><\/div><\/li><li><a href=\"#\" class=\"sharing-anchor sd-button share-more\"><span>Plus<\/span><\/a><\/li><li class=\"share-end\"><\/li><\/ul><div class=\"sharing-hidden\"><div class=\"inner\" style=\"display: none;\"><ul><li class=\"share-print\"><a rel=\"nofollow noopener noreferrer\" data-shared=\"\" class=\"share-print sd-button\" href=\"https:\/\/artherapievirtus.org\/Mosaique\/?page_id=24\" target=\"_blank\" title=\"Cliquer pour imprimer\"><span>Imprimer<\/span><\/a><\/li><li class=\"share-email\"><a rel=\"nofollow noopener noreferrer\" data-shared=\"\" class=\"share-email sd-button\" href=\"https:\/\/artherapievirtus.org\/Mosaique\/?page_id=24&amp;share=email\" target=\"_blank\" title=\"Cliquez pour envoyer par e-mail \u00e0 un ami\"><span>E-mail<\/span><\/a><\/li><li class=\"share-end\"><\/li><li class=\"share-end\"><\/li><\/ul><\/div><\/div><\/div><\/div><\/div>","protected":false},"author":1,"featured_media":0,"parent":0,"menu_order":0,"comment_status":"open","ping_status":"closed","template":"","meta":{"spay_email":""},"jetpack_sharing_enabled":true,"jetpack_likes_enabled":true,"_links":{"self":[{"href":"https:\/\/artherapievirtus.org\/Mosaique\/index.php?rest_route=\/wp\/v2\/pages\/24"}],"collection":[{"href":"https:\/\/artherapievirtus.org\/Mosaique\/index.php?rest_route=\/wp\/v2\/pages"}],"about":[{"href":"https:\/\/artherapievirtus.org\/Mosaique\/index.php?rest_route=\/wp\/v2\/types\/page"}],"author":[{"embeddable":true,"href":"https:\/\/artherapievirtus.org\/Mosaique\/index.php?rest_route=\/wp\/v2\/users\/1"}],"replies":[{"embeddable":true,"href":"https:\/\/artherapievirtus.org\/Mosaique\/index.php?rest_route=%2Fwp%2Fv2%2Fcomments&post=24"}],"version-history":[{"count":5,"href":"https:\/\/artherapievirtus.org\/Mosaique\/index.php?rest_route=\/wp\/v2\/pages\/24\/revisions"}],"predecessor-version":[{"id":817,"href":"https:\/\/artherapievirtus.org\/Mosaique\/index.php?rest_route=\/wp\/v2\/pages\/24\/revisions\/817"}],"wp:attachment":[{"href":"https:\/\/artherapievirtus.org\/Mosaique\/index.php?rest_route=%2Fwp%2Fv2%2Fmedia&parent=24"}],"curies":[{"name":"wp","href":"https:\/\/api.w.org\/{rel}","templated":true}]}}